{"id":4113,"date":"2023-11-13T19:47:39","date_gmt":"2023-11-13T17:47:39","guid":{"rendered":"https:\/\/junctionbot.io\/getting-started\/\/integrationen\/"},"modified":"2023-12-05T12:31:38","modified_gmt":"2023-12-05T10:31:38","slug":"integrationen","status":"publish","type":"page","link":"https:\/\/old.junctionbot.io\/de\/integrationen\/","title":{"rendered":"Integrationen"},"content":{"rendered":"\n<h2 class=\"wp-block-heading\" id=\"&#x43F;&#x43B;&#x430;&#x442;&#x435;&#x436;&#x438;\"><span class=\"ez-toc-section\" id=\"Integrationen\"><\/span>Integrationen<span class=\"ez-toc-section-end\"><\/span><\/h2>\n\n<p>Der Bot kann externe Dienste nutzen, um seine Funktionalit\u00e4t zu erweitern. Die erste Integration, die wir einf\u00fchren, ist die M\u00f6glichkeit, OpenAI (ChatGPT und andere Modelle) zu nutzen, um Telegram-Nachrichten zu verarbeiten.<\/p>\n\n<h3 class=\"wp-block-heading\" id=\"&#x43F;&#x43E;&#x434;&#x434;&#x435;&#x440;&#x436;&#x438;&#x432;&#x430;&#x435;&#x43C;&#x44B;&#x435;-&#x43F;&#x43B;&#x430;&#x442;&#x435;&#x436;&#x43D;&#x44B;&#x435;-&#x441;&#x438;&#x441;&#x442;&#x435;&#x43C;&#x44B;\"><span class=\"ez-toc-section\" id=\"Integration_mit_OpenAI_%E2%80%93_allgemeine_Informationen\"><\/span>Integration mit OpenAI &#8211; allgemeine Informationen<span class=\"ez-toc-section-end\"><\/span><\/h3>\n\n<p>Mit OpenAI API k\u00f6nnen Sie in einfacher Sprache die Aktion beschreiben, die Sie mit einem Text oder einem Bild aus einer Telegram-Nachricht von einer beliebigen Telegram-Quelle durchf\u00fchren m\u00f6chten. Anschlie\u00dfend sendet der Bot die Nachricht und Ihre Anweisungen an die KI und ver\u00f6ffentlicht das Ergebnis der Verarbeitung an ein Ziel. Zu den beliebten Anwendungsf\u00e4llen geh\u00f6ren die \u00dcbersetzung in eine andere Sprache, die Analyse und Zusammenfassung langer Texte, intelligentes Filtern, das \u00c4ndern von Zahlen im Text anhand bestimmter Kriterien, die \u00dcbersetzung von Bildern in Text, die Analyse von Bildern und vieles mehr.<\/p>\n\n<p>Sie k\u00f6nnen die OpenAI-API-Integration unter <strong>Men\u00fc \u2192 Weiterleitungseinstellungen \u2192 Quelle und Ziel w\u00e4hlen \u2192 Integrationen<\/strong> aktivieren.<\/p>\n\n<p>Da OpenAI API ein kostenpflichtiges Produkt ist, bieten wir zwei Zahlungsszenarien an: von Ihrem Pro-Guthaben im Bot oder Selbstzahlung. Generell gilt: Wenn Sie nur mit KI experimentieren wollen, ist es einfacher, von Ihrem Pro-Konto zu zahlen. Wenn Sie planen, OpenAI regelm\u00e4\u00dfig zur Verarbeitung gro\u00dfer Datenmengen zu nutzen, k\u00f6nnen Sie etwas Geld sparen, indem Sie Ihr eigenes OpenAI-Konto anlegen.<\/p>\n\n<h4 class=\"wp-block-heading\">Auszahlung aus Ihrem Pro-Saldo<\/h4>\n\n<p>Diese Zahlungsart ist die einfachste. Sie wird standardm\u00e4\u00dfig verwendet und erfordert keine zus\u00e4tzlichen Aktionen von Ihnen. Aktivieren Sie einfach die OpenAI-API-Integration in den Weiterleitungseinstellungen und stellen Sie die erforderlichen Parameter ein. Nach jeder erfolgreichen Nutzung der API zusammen mit dem Ergebnis erhalten wir die Kosten des Aufrufs in OpenAI-API-Tokens und ziehen sie von Ihrem Pro-Guthaben gem\u00e4\u00df den unten stehenden S\u00e4tzen ab.<\/p>\n\t\n<div class=\"wp-block-inline-spoilers-block\"><div class=\"spoiler-wrap\"><div class=\"spoiler-head collapsed\" title=\"Erweitern Sie\">Preis der Token f\u00fcr verschiedene Modelle<\/div><div class=\"spoiler-body\" style=\"display:none\"><strong>gpt-4-1106-preview<\/strong> &#8211; 0,02 EUR pro 1000 Eingabe-Token, 0,06 EUR pro 1000 Ausgabe-Token<br><strong>gpt-4<\/strong> &#8211; 0,06 EUR pro 1000 Input-Token, 0,12 EUR pro 1000 Output-Token<br><strong>gpt-3.5-turbo<\/strong> &#8211; 0,002 EUR pro 1000 Eingabe-Token, 0,004 EUR pro 1000 Ausgabe-Token<br><br><strong>Mindestabbuchungsbetrag &#8211; 0,01 EUR<\/strong>.<br>Beispielsweise kostet die \u00dcbersetzung eines Beitrags mit 1000 Zeichen (das sind etwa 500 Eingabe- und 500 Ausgabe-Token) mit dem Modell <strong>gpt-4-1106-preview<\/strong> 0,03-0,05 EUR. Die Verwendung eines Modells <strong>gpt-3.5-turbo<\/strong> f\u00fcr dieselbe Aufgabe kostet 0,01 EUR.<\/div><noscript><div class=\"spoiler-body\"><strong>gpt-4-1106-preview<\/strong> &#8211; 0,02 EUR pro 1000 Eingabe-Token, 0,06 EUR pro 1000 Ausgabe-Token<br><strong>gpt-4<\/strong> &#8211; 0,06 EUR pro 1000 Input-Token, 0,12 EUR pro 1000 Output-Token<br><strong>gpt-3.5-turbo<\/strong> &#8211; 0,002 EUR pro 1000 Eingabe-Token, 0,004 EUR pro 1000 Ausgabe-Token<br><br><strong>Mindestabbuchungsbetrag &#8211; 0,01 EUR<\/strong>.<br>Beispielsweise kostet die \u00dcbersetzung eines Beitrags mit 1000 Zeichen (das sind etwa 500 Eingabe- und 500 Ausgabe-Token) mit dem Modell <strong>gpt-4-1106-preview<\/strong> 0,03-0,05 EUR. Die Verwendung eines Modells <strong>gpt-3.5-turbo<\/strong> f\u00fcr dieselbe Aufgabe kostet 0,01 EUR.<\/div><\/noscript><\/div><\/div>\n\n<p><\/p>\n\n<h4 class=\"wp-block-heading\">Bezahlen von Ihrem eigenen OpenAI-Konto<\/h4>\n\n<p>Sie k\u00f6nnen sich selbst auf der OpenAI-Plattform registrieren, ein kostenpflichtiges Abonnement erwerben und <a href=\"https:\/\/platform.openai.com\/account\/api-keys\">Ihren API-Schl\u00fcssel erstellen<\/a>. Dann m\u00fcssen Sie diesen Schl\u00fcssel eingeben in <strong>\n  <strong>Men\u00fc \u2192 Voreinstellungen \u2192 OpenAI.<\/strong>\n<\/strong> Wenn Sie einen API-Schl\u00fcssel in Ihren Einstellungen haben, wird der Bot Ihr OpenAI-Konto verwenden, und es werden keine zus\u00e4tzlichen Geb\u00fchren f\u00fcr Ihr Guthaben im Bot selbst berechnet.<\/p>\n\n<p>Wichtig! Damit Ihr Schl\u00fcssel funktioniert, m\u00fcssen Sie mindestens eine Zahlungsmethode mit Ihrem OpenAI-Konto verkn\u00fcpft haben. Beachten Sie auch, dass ein OpenAI-Konto und ein ChatGPT-Konto nicht dasselbe sind.<\/p>\n\n<p>Vorteile: Es ist billiger als die Zahlung mit pro-balance; au\u00dferdem haben Sie Zugang zu Nutzungsstatistiken.  <br\/>Nachteile: Sie m\u00fcssen sicherstellen, dass Ihr OpenAI-Konto bezahlt ist und \u00fcber gen\u00fcgend Guthaben verf\u00fcgt.<\/p>\n\n<h3 class=\"wp-block-heading\" id=\"&#x43F;&#x43E;&#x43A;&#x443;&#x43F;&#x43A;&#x430;-&#x441;&#x442;&#x430;&#x43D;&#x434;&#x430;&#x440;&#x442;&#x43D;&#x43E;&#x433;&#x43E;-&#x430;&#x43A;&#x43A;&#x430;&#x443;&#x43D;&#x442;&#x430;\"><span class=\"ez-toc-section\" id=\"OpenAI-Chat\"><\/span>OpenAI-Chat<span class=\"ez-toc-section-end\"><\/span><\/h3>\n\n<p>Sie k\u00f6nnen die Nachrichtenverarbeitung durch den <a href=\"https:\/\/platform.openai.com\/docs\/guides\/text-generation\/chat-completions-api\">OpenAI-Chat-Dienst<\/a> unter <strong>Men\u00fc \u2192 Weiterleitungseinstellungen \u2192 Quelle und Ziel w\u00e4hlen \u2192 Integrationen<\/strong> aktivieren. Die folgenden Einstellungen sind verf\u00fcgbar.<\/p>\n\n<h4 class=\"wp-block-heading\">Aufforderungsvorlage<\/h4>\n\n<p>Ein Prompt ist der Text, der die Anweisungen f\u00fcr die KI enth\u00e4lt. Da Ihre Eingabeaufforderung h\u00f6chstwahrscheinlich sowohl aus Ihren Anweisungen als auch aus dem Text der zu verarbeitenden Nachricht besteht, bietet eine Vorlage eine praktische M\u00f6glichkeit, beides zu kombinieren. Als Vorlage k\u00f6nnen Sie einen beliebigen Text schreiben, der Ihre Aufgabe beschreibt, und darin ein spezielles Tag <code>${body}<\/code> einf\u00fcgen. An der Stelle im Text, an der dieses Tag angegeben ist, f\u00fcgt der Bot dann den Text der zu verarbeitenden Nachricht ein. Im einfachsten Fall beschreiben Sie einfach Ihre Aufgabe und f\u00fcgen am Ende <code>${body}<\/code> hinzu. Die nachstehenden Beispiele zeigen, wie sie zu verwenden ist.<\/p>\n\n<h4 class=\"wp-block-heading\">Modell<\/h4>\n\n<p>Die Modelle unterscheiden sich in Bezug auf Kosten, Intelligenz und einige andere Merkmale. F\u00fcr die meisten Anwendungen ist das billigste Modell gpt-3-turbo ausreichend. Mehr \u00fcber die verschiedenen Modelle k\u00f6nnen Sie <a href=\"https:\/\/platform.openai.com\/docs\/guides\/text-generation\/text-generation-models\">hier<\/a> lesen.<\/p>\n\n<h4 class=\"wp-block-heading\">Kreativit\u00e4t<\/h4>\n\n<p>Dieser Parameter wird auch als &#8220;Temperatur&#8221; bezeichnet. Je h\u00f6her die Temperatur, desto k\u00fcnstlerischer ist die Antwort. Je niedriger die Temperatur, desto &#8220;wissenschaftlicher&#8221; ist die Antwort, desto genauer, desto sachlicher. In den meisten F\u00e4llen k\u00f6nnen Sie diesen Parameter auf 1 setzen.<\/p>\n\n<h3 class=\"wp-block-heading\"><span class=\"ez-toc-section\" id=\"Beispiele\"><\/span>Beispiele<span class=\"ez-toc-section-end\"><\/span><\/h3>\n\n<h4 class=\"wp-block-heading\">\u00dcbersetzung<\/h4>\n\n<p>Sie k\u00f6nnen automatische Spiegelungen Ihres Kanals in mehreren Sprachen auf einmal erstellen. Richten Sie dazu das Kopieren vom urspr\u00fcnglichen Kanal auf die Kan\u00e4le in den entsprechenden Sprachen ein und stellen Sie in den Integrationseinstellungen die entsprechenden Anweisungen f\u00fcr die KI ein.<\/p>\n\n<p><strong>Aufforderungsvorlage:<\/strong><br\/><code>Translate the following text into a German language:<br\/>${body}<\/code><\/p>\n\n<p>Sie k\u00f6nnen <strong>Modell <\/strong>und <strong>Kreativit\u00e4t <\/strong>auf den Standardeinstellungen belassen.<\/p>\n\n<figure class=\"wp-block-image size-large is-resized\"><img loading=\"lazy\" decoding=\"async\" width=\"655\" height=\"1024\" loading=\"lazy\" src=\"\/wp-content\/uploads\/2023\/11\/image-2-655x1024.png\" alt=\"\" class=\"wp-image-3528\" style=\"width:242px;height:auto\" srcset=\"https:\/\/old.junctionbot.io\/wp-content\/uploads\/2023\/11\/image-2-655x1024.png 655w, https:\/\/old.junctionbot.io\/wp-content\/uploads\/2023\/11\/image-2-192x300.png 192w, https:\/\/old.junctionbot.io\/wp-content\/uploads\/2023\/11\/image-2-768x1201.png 768w, https:\/\/old.junctionbot.io\/wp-content\/uploads\/2023\/11\/image-2.png 934w\" sizes=\"auto, (max-width: 655px) 100vw, 655px\" \/><\/figure>\n\n<h4 class=\"wp-block-heading\">Filtern<\/h4>\n\n<p>Sie k\u00f6nnen AI als intelligenten Filter verwenden. Es analysiert den Text nach Ihren Kriterien und gibt gr\u00fcnes Licht f\u00fcr die Ver\u00f6ffentlichung. Da die <a href=\"\/filtering\/\">\u00fcblichen Filter<\/a> vor der Verarbeitung durch AI angewendet werden, m\u00fcssen Sie zun\u00e4chst eine Umleitung zu einem Zwischenkanal mit den folgenden Parametern erstellen:<\/p>\n\n<p><strong>Aufforderungsvorlage:<\/strong><br\/><code>If the following text mentions a probability of a success of a deal equal or greater than 90%, reply to me with this text unchanged. If it does not occur, reply to me with the message \"<code>copying not required<\/code>\".<br\/>${body}<\/code>.<\/p>\n\n<p>Sie k\u00f6nnen <strong>Modell <\/strong>und <strong>Kreativit\u00e4t <\/strong>auf den Standardeinstellungen belassen.<\/p>\n\n<p>Konfigurieren Sie dann eine Umleitung vom Zwischen- zum Endkanal, indem Sie die \u00fcblichen Filter so einstellen, dass Nachrichten mit dem Text &#8220;<code>copying not required<\/code>&#8221; nicht durchgelassen werden.<\/p>\n","protected":false},"excerpt":{"rendered":"<p>Integrationen Der Bot kann externe Dienste nutzen, um seine Funktionalit\u00e4t zu erweitern. Die erste Integration, die wir einf\u00fchren, ist die M\u00f6glichkeit, OpenAI (ChatGPT und andere Modelle) zu nutzen, um Telegram-Nachrichten zu verarbeiten. Integration mit OpenAI &#8211; allgemeine Informationen Mit OpenAI API k\u00f6nnen Sie in einfacher Sprache die Aktion beschreiben, die Sie mit einem Text oder [&hellip;]<\/p>\n","protected":false},"author":2,"featured_media":0,"parent":0,"menu_order":0,"comment_status":"closed","ping_status":"closed","template":"","meta":{"nf_dc_page":"","_monsterinsights_skip_tracking":false,"_monsterinsights_sitenote_active":false,"_monsterinsights_sitenote_note":"","_monsterinsights_sitenote_category":0,"ocean_post_layout":"","ocean_both_sidebars_style":"","ocean_both_sidebars_content_width":0,"ocean_both_sidebars_sidebars_width":0,"ocean_sidebar":"0","ocean_second_sidebar":"0","ocean_disable_margins":"enable","ocean_add_body_class":"","ocean_shortcode_before_top_bar":"","ocean_shortcode_after_top_bar":"","ocean_shortcode_before_header":"","ocean_shortcode_after_header":"","ocean_has_shortcode":"","ocean_shortcode_after_title":"","ocean_shortcode_before_footer_widgets":"","ocean_shortcode_after_footer_widgets":"","ocean_shortcode_before_footer_bottom":"","ocean_shortcode_after_footer_bottom":"","ocean_display_top_bar":"default","ocean_display_header":"default","ocean_header_style":"","ocean_center_header_left_menu":"0","ocean_custom_header_template":"0","ocean_custom_logo":0,"ocean_custom_retina_logo":0,"ocean_custom_logo_max_width":0,"ocean_custom_logo_tablet_max_width":0,"ocean_custom_logo_mobile_max_width":0,"ocean_custom_logo_max_height":0,"ocean_custom_logo_tablet_max_height":0,"ocean_custom_logo_mobile_max_height":0,"ocean_header_custom_menu":"0","ocean_menu_typo_font_family":"0","ocean_menu_typo_font_subset":"","ocean_menu_typo_font_size":0,"ocean_menu_typo_font_size_tablet":0,"ocean_menu_typo_font_size_mobile":0,"ocean_menu_typo_font_size_unit":"px","ocean_menu_typo_font_weight":"","ocean_menu_typo_font_weight_tablet":"","ocean_menu_typo_font_weight_mobile":"","ocean_menu_typo_transform":"","ocean_menu_typo_transform_tablet":"","ocean_menu_typo_transform_mobile":"","ocean_menu_typo_line_height":0,"ocean_menu_typo_line_height_tablet":0,"ocean_menu_typo_line_height_mobile":0,"ocean_menu_typo_line_height_unit":"","ocean_menu_typo_spacing":0,"ocean_menu_typo_spacing_tablet":0,"ocean_menu_typo_spacing_mobile":0,"ocean_menu_typo_spacing_unit":"","ocean_menu_link_color":"","ocean_menu_link_color_hover":"","ocean_menu_link_color_active":"","ocean_menu_link_background":"","ocean_menu_link_hover_background":"","ocean_menu_link_active_background":"","ocean_menu_social_links_bg":"","ocean_menu_social_hover_links_bg":"","ocean_menu_social_links_color":"","ocean_menu_social_hover_links_color":"","ocean_disable_title":"default","ocean_disable_heading":"default","ocean_post_title":"","ocean_post_subheading":"","ocean_post_title_style":"","ocean_post_title_background_color":"","ocean_post_title_background":0,"ocean_post_title_bg_image_position":"","ocean_post_title_bg_image_attachment":"","ocean_post_title_bg_image_repeat":"","ocean_post_title_bg_image_size":"","ocean_post_title_height":0,"ocean_post_title_bg_overlay":0.5,"ocean_post_title_bg_overlay_color":"","ocean_disable_breadcrumbs":"default","ocean_breadcrumbs_color":"","ocean_breadcrumbs_separator_color":"","ocean_breadcrumbs_links_color":"","ocean_breadcrumbs_links_hover_color":"","ocean_display_footer_widgets":"default","ocean_display_footer_bottom":"default","ocean_custom_footer_template":"0","footnotes":""},"class_list":["post-4113","page","type-page","status-publish","hentry","entry"],"yoast_head":"<!-- This site is optimized with the Yoast SEO plugin v26.9 - https:\/\/yoast.com\/product\/yoast-seo-wordpress\/ -->\n<title>Junction Bot - Integrationen<\/title>\n<meta name=\"robots\" content=\"index, follow, max-snippet:-1, max-image-preview:large, max-video-preview:-1\" \/>\n<link rel=\"canonical\" href=\"https:\/\/old.junctionbot.io\/de\/integrationen\/\" \/>\n<meta property=\"og:locale\" content=\"de_DE\" \/>\n<meta property=\"og:type\" content=\"article\" \/>\n<meta property=\"og:title\" content=\"Junction Bot - Integrationen\" \/>\n<meta property=\"og:description\" content=\"Integrationen Der Bot kann externe Dienste nutzen, um seine Funktionalit\u00e4t zu erweitern. Die erste Integration, die wir einf\u00fchren, ist die M\u00f6glichkeit, OpenAI (ChatGPT und andere Modelle) zu nutzen, um Telegram-Nachrichten zu verarbeiten. Integration mit OpenAI &#8211; allgemeine Informationen Mit OpenAI API k\u00f6nnen Sie in einfacher Sprache die Aktion beschreiben, die Sie mit einem Text oder [&hellip;]\" \/>\n<meta property=\"og:url\" content=\"https:\/\/old.junctionbot.io\/de\/integrationen\/\" \/>\n<meta property=\"og:site_name\" content=\"Junction Bot\" \/>\n<meta property=\"article:modified_time\" content=\"2023-12-05T10:31:38+00:00\" \/>\n<meta name=\"twitter:card\" content=\"summary_large_image\" \/>\n<meta name=\"twitter:label1\" content=\"Gesch\u00e4tzte Lesezeit\" \/>\n\t<meta name=\"twitter:data1\" content=\"5\u00a0Minuten\" \/>\n<script type=\"application\/ld+json\" class=\"yoast-schema-graph\">{\"@context\":\"https:\/\/schema.org\",\"@graph\":[{\"@type\":\"WebPage\",\"@id\":\"https:\/\/old.junctionbot.io\/de\/integrationen\/\",\"url\":\"https:\/\/old.junctionbot.io\/de\/integrationen\/\",\"name\":\"Junction Bot - Integrationen\",\"isPartOf\":{\"@id\":\"https:\/\/junctionbot.io\/#website\"},\"datePublished\":\"2023-11-13T17:47:39+00:00\",\"dateModified\":\"2023-12-05T10:31:38+00:00\",\"breadcrumb\":{\"@id\":\"https:\/\/old.junctionbot.io\/de\/integrationen\/#breadcrumb\"},\"inLanguage\":\"de\",\"potentialAction\":[{\"@type\":\"ReadAction\",\"target\":[\"https:\/\/old.junctionbot.io\/de\/integrationen\/\"]}]},{\"@type\":\"BreadcrumbList\",\"@id\":\"https:\/\/old.junctionbot.io\/de\/integrationen\/#breadcrumb\",\"itemListElement\":[{\"@type\":\"ListItem\",\"position\":1,\"name\":\"Home\",\"item\":\"https:\/\/junctionbot.io\/de\/\"},{\"@type\":\"ListItem\",\"position\":2,\"name\":\"Integrationen\"}]},{\"@type\":\"WebSite\",\"@id\":\"https:\/\/junctionbot.io\/#website\",\"url\":\"https:\/\/junctionbot.io\/\",\"name\":\"Junction Bot\",\"description\":\"Auto Copy Forward Transform and Translate Telegram Channels Groups and Bots\",\"publisher\":{\"@id\":\"https:\/\/junctionbot.io\/#organization\"},\"potentialAction\":[{\"@type\":\"SearchAction\",\"target\":{\"@type\":\"EntryPoint\",\"urlTemplate\":\"https:\/\/junctionbot.io\/?s={search_term_string}\"},\"query-input\":{\"@type\":\"PropertyValueSpecification\",\"valueRequired\":true,\"valueName\":\"search_term_string\"}}],\"inLanguage\":\"de\"},{\"@type\":\"Organization\",\"@id\":\"https:\/\/junctionbot.io\/#organization\",\"name\":\"Junction Bot\",\"url\":\"https:\/\/junctionbot.io\/\",\"logo\":{\"@type\":\"ImageObject\",\"inLanguage\":\"de\",\"@id\":\"https:\/\/junctionbot.io\/#\/schema\/logo\/image\/\",\"url\":\"\/wp-content\/uploads\/2020\/06\/junc_logo-400.jpg\",\"contentUrl\":\"\/wp-content\/uploads\/2020\/06\/junc_logo-400.jpg\",\"width\":400,\"height\":400,\"caption\":\"Junction Bot\"},\"image\":{\"@id\":\"https:\/\/junctionbot.io\/#\/schema\/logo\/image\/\"}}]}<\/script>\n<!-- \/ Yoast SEO plugin. -->","yoast_head_json":{"title":"Junction Bot - Integrationen","robots":{"index":"index","follow":"follow","max-snippet":"max-snippet:-1","max-image-preview":"max-image-preview:large","max-video-preview":"max-video-preview:-1"},"canonical":"https:\/\/old.junctionbot.io\/de\/integrationen\/","og_locale":"de_DE","og_type":"article","og_title":"Junction Bot - Integrationen","og_description":"Integrationen Der Bot kann externe Dienste nutzen, um seine Funktionalit\u00e4t zu erweitern. Die erste Integration, die wir einf\u00fchren, ist die M\u00f6glichkeit, OpenAI (ChatGPT und andere Modelle) zu nutzen, um Telegram-Nachrichten zu verarbeiten. Integration mit OpenAI &#8211; allgemeine Informationen Mit OpenAI API k\u00f6nnen Sie in einfacher Sprache die Aktion beschreiben, die Sie mit einem Text oder [&hellip;]","og_url":"https:\/\/old.junctionbot.io\/de\/integrationen\/","og_site_name":"Junction Bot","article_modified_time":"2023-12-05T10:31:38+00:00","twitter_card":"summary_large_image","twitter_misc":{"Gesch\u00e4tzte Lesezeit":"5\u00a0Minuten"},"schema":{"@context":"https:\/\/schema.org","@graph":[{"@type":"WebPage","@id":"https:\/\/old.junctionbot.io\/de\/integrationen\/","url":"https:\/\/old.junctionbot.io\/de\/integrationen\/","name":"Junction Bot - Integrationen","isPartOf":{"@id":"https:\/\/junctionbot.io\/#website"},"datePublished":"2023-11-13T17:47:39+00:00","dateModified":"2023-12-05T10:31:38+00:00","breadcrumb":{"@id":"https:\/\/old.junctionbot.io\/de\/integrationen\/#breadcrumb"},"inLanguage":"de","potentialAction":[{"@type":"ReadAction","target":["https:\/\/old.junctionbot.io\/de\/integrationen\/"]}]},{"@type":"BreadcrumbList","@id":"https:\/\/old.junctionbot.io\/de\/integrationen\/#breadcrumb","itemListElement":[{"@type":"ListItem","position":1,"name":"Home","item":"https:\/\/junctionbot.io\/de\/"},{"@type":"ListItem","position":2,"name":"Integrationen"}]},{"@type":"WebSite","@id":"https:\/\/junctionbot.io\/#website","url":"https:\/\/junctionbot.io\/","name":"Junction Bot","description":"Auto Copy Forward Transform and Translate Telegram Channels Groups and Bots","publisher":{"@id":"https:\/\/junctionbot.io\/#organization"},"potentialAction":[{"@type":"SearchAction","target":{"@type":"EntryPoint","urlTemplate":"https:\/\/junctionbot.io\/?s={search_term_string}"},"query-input":{"@type":"PropertyValueSpecification","valueRequired":true,"valueName":"search_term_string"}}],"inLanguage":"de"},{"@type":"Organization","@id":"https:\/\/junctionbot.io\/#organization","name":"Junction Bot","url":"https:\/\/junctionbot.io\/","logo":{"@type":"ImageObject","inLanguage":"de","@id":"https:\/\/junctionbot.io\/#\/schema\/logo\/image\/","url":"\/wp-content\/uploads\/2020\/06\/junc_logo-400.jpg","contentUrl":"\/wp-content\/uploads\/2020\/06\/junc_logo-400.jpg","width":400,"height":400,"caption":"Junction Bot"},"image":{"@id":"https:\/\/junctionbot.io\/#\/schema\/logo\/image\/"}}]}},"_links":{"self":[{"href":"https:\/\/old.junctionbot.io\/de\/wp-json\/wp\/v2\/pages\/4113","targetHints":{"allow":["GET"]}}],"collection":[{"href":"https:\/\/old.junctionbot.io\/de\/wp-json\/wp\/v2\/pages"}],"about":[{"href":"https:\/\/old.junctionbot.io\/de\/wp-json\/wp\/v2\/types\/page"}],"author":[{"embeddable":true,"href":"https:\/\/old.junctionbot.io\/de\/wp-json\/wp\/v2\/users\/2"}],"replies":[{"embeddable":true,"href":"https:\/\/old.junctionbot.io\/de\/wp-json\/wp\/v2\/comments?post=4113"}],"version-history":[{"count":1,"href":"https:\/\/old.junctionbot.io\/de\/wp-json\/wp\/v2\/pages\/4113\/revisions"}],"predecessor-version":[{"id":4125,"href":"https:\/\/old.junctionbot.io\/de\/wp-json\/wp\/v2\/pages\/4113\/revisions\/4125"}],"wp:attachment":[{"href":"https:\/\/old.junctionbot.io\/de\/wp-json\/wp\/v2\/media?parent=4113"}],"curies":[{"name":"wp","href":"https:\/\/api.w.org\/{rel}","templated":true}]}}