{"id":4140,"date":"2022-08-14T11:12:00","date_gmt":"2022-08-14T09:12:00","guid":{"rendered":"https:\/\/junctionbot.io\/getting-started\/\/telegrammkanal-weiterleiten\/"},"modified":"2023-12-05T12:31:34","modified_gmt":"2023-12-05T10:31:34","slug":"telegrammkanal-weiterleiten","status":"publish","type":"page","link":"https:\/\/old.junctionbot.io\/de\/telegrammkanal-weiterleiten\/","title":{"rendered":"Telegrammkanal weiterleiten"},"content":{"rendered":"\n<h2 class=\"wp-block-heading\"><span class=\"ez-toc-section\" id=\"Telegrammkanal_weiterleiten\"><\/span>Telegrammkanal weiterleiten<span class=\"ez-toc-section-end\"><\/span><\/h2>\n\n<p>Verwenden Sie <a href=\"http:\/\/https\/\/t.me\/junction_bot\">Junction Bot<\/a>, um Telegram-Kan\u00e4le weiterzuleiten. Was ist der Unterschied zwischen dem Kopieren und Weiterleiten von Telegram-Kan\u00e4len? Beim Kopieren wird eine neue Nachricht erstellt, die ein Klon der bestehenden Nachricht ist. Weiterleiten leitet eine bestehende Nachricht mit Hilfe des Weiterleitungsmechanismus von Telegram weiter. In Kan\u00e4len mit Vorw\u00e4rtsbeschr\u00e4nkung ist nur das Kopieren m\u00f6glich.<\/p>\n\n<h3 class=\"wp-block-heading\"><span class=\"ez-toc-section\" id=\"Wie_kann_ich_eine_neue_automatische_Weiterleitung_in_Telegram_erstellen\"><\/span>Wie kann ich eine neue automatische Weiterleitung in Telegram erstellen?<span class=\"ez-toc-section-end\"><\/span><\/h3>\n\n<p>Um eine Weiterleitungsregel zum automatischen Kopieren neuer Telegram-Nachrichten zu erstellen, verwenden Sie <a href=\"\/forwarding\/#Creating_a_new_forward\">den Befehl <code>\/new<\/code><\/a>. Nachdem die neue Regel erstellt wurde, verwenden Sie den Befehl <a href=\"\/de\/sonstiges\/#Delivery_mode\"><code>\/settingchannel<\/code>, um den Zustellmodus f\u00fcr die Regel auf <code>forward_client<\/code><\/a> zu <a href=\"\/de\/sonstiges\/#Delivery_mode\">\u00e4ndern<\/a>.<\/p>\n\n<h3 class=\"wp-block-heading\"><span class=\"ez-toc-section\" id=\"Wie_kann_man_bestehende_Nachrichten_in_Telegram_weiterleiten_eine_Historie_der_Nachrichten\"><\/span>Wie kann man bestehende Nachrichten in Telegram weiterleiten (eine Historie der Nachrichten)?<span class=\"ez-toc-section-end\"><\/span><\/h3>\n\n<p>Mit <a href=\"https:\/\/t.me\/junction_bot\">Junction Bot<\/a> k\u00f6nnen Sie bestehende Nachrichten aus einem Telegram-Kanal oder einer Gruppe kopieren. Da der Bot standardm\u00e4\u00dfig Nachrichten kopiert, aber nicht weiterleitet, m\u00fcssen Sie zun\u00e4chst eine Weiterleitungsregel mit dem <a href=\"\/forwarding\/#Creating_a_new_forward\">Befehl <code>\/new<\/code><\/a> erstellen. Nachdem die neue Regel erstellt wurde, verwenden Sie den Befehl <a href=\"\/de\/sonstiges\/#Delivery_mode\"><code>\/settingchannel<\/code>, um den Zustellmodus f\u00fcr die Regel auf <code>forward_client<\/code><\/a> zu <a href=\"\/de\/sonstiges\/#Delivery_mode\">\u00e4ndern<\/a>. Danach verwenden Sie <a href=\"\/forwarding\/#Copying_of_the_old_Telegram_messages\">den Befehl <\/a><code><a href=\"\/forwarding\/#Copying_of_the_old_Telegram_messages\">\/history<\/a><\/code>. Die vorhandenen Nachrichten werden mit den Einstellungen einer Weiterleitungsregel weitergeleitet, die Sie zuvor erstellt haben.<\/p>\n\n<h3 class=\"wp-block-heading\"><span class=\"ez-toc-section\" id=\"Privaten_Telegram-Kanal_weiterleiten\"><\/span>Privaten Telegram-Kanal weiterleiten<span class=\"ez-toc-section-end\"><\/span><\/h3>\n\n<p><a href=\"https:\/\/t.me\/junction_bot\">Junction Bot<\/a> kann private und \u00f6ffentliche Telegram-Kan\u00e4le, pers\u00f6nliche Chats und Chats mit anderen Bots weiterleiten. Es gibt zwei Szenarien mit privaten Telegram-Kan\u00e4len: Kan\u00e4le, f\u00fcr die Sie einen funktionierenden Einladungslink haben, und Kan\u00e4le, f\u00fcr die Sie keinen Einladungslink haben, aber Mitglied in diesem Kanal sind.<\/p>\n\n<p>Wenn Sie den Standard-Account verwenden, denken Sie bitte daran, dass private Telegram-Kan\u00e4le nur solange funktionieren, bis der Einladungslink aktiv ist.<\/p>\n\n<p>Wenn Sie aus privaten Kan\u00e4len ohne Einladungslink weiterleiten oder Nachrichten von anderen Bots erhalten m\u00f6chten, m\u00fcssen Sie die <a href=\"\/de\/direkte-verbindung\/\">direkte Verbindung<\/a> verwenden.<\/p>\n","protected":false},"excerpt":{"rendered":"<p>Telegrammkanal weiterleiten Verwenden Sie Junction Bot, um Telegram-Kan\u00e4le weiterzuleiten. Was ist der Unterschied zwischen dem Kopieren und Weiterleiten von Telegram-Kan\u00e4len? Beim Kopieren wird eine neue Nachricht erstellt, die ein Klon der bestehenden Nachricht ist. Weiterleiten leitet eine bestehende Nachricht mit Hilfe des Weiterleitungsmechanismus von Telegram weiter. In Kan\u00e4len mit Vorw\u00e4rtsbeschr\u00e4nkung ist nur das Kopieren m\u00f6glich. [&hellip;]<\/p>\n","protected":false},"author":2,"featured_media":0,"parent":0,"menu_order":0,"comment_status":"closed","ping_status":"closed","template":"","meta":{"nf_dc_page":"","_monsterinsights_skip_tracking":false,"_monsterinsights_sitenote_active":false,"_monsterinsights_sitenote_note":"","_monsterinsights_sitenote_category":0,"ocean_post_layout":"","ocean_both_sidebars_style":"","ocean_both_sidebars_content_width":0,"ocean_both_sidebars_sidebars_width":0,"ocean_sidebar":"0","ocean_second_sidebar":"0","ocean_disable_margins":"enable","ocean_add_body_class":"","ocean_shortcode_before_top_bar":"","ocean_shortcode_after_top_bar":"","ocean_shortcode_before_header":"","ocean_shortcode_after_header":"","ocean_has_shortcode":"","ocean_shortcode_after_title":"","ocean_shortcode_before_footer_widgets":"","ocean_shortcode_after_footer_widgets":"","ocean_shortcode_before_footer_bottom":"","ocean_shortcode_after_footer_bottom":"","ocean_display_top_bar":"default","ocean_display_header":"default","ocean_header_style":"","ocean_center_header_left_menu":"0","ocean_custom_header_template":"0","ocean_custom_logo":0,"ocean_custom_retina_logo":0,"ocean_custom_logo_max_width":0,"ocean_custom_logo_tablet_max_width":0,"ocean_custom_logo_mobile_max_width":0,"ocean_custom_logo_max_height":0,"ocean_custom_logo_tablet_max_height":0,"ocean_custom_logo_mobile_max_height":0,"ocean_header_custom_menu":"0","ocean_menu_typo_font_family":"0","ocean_menu_typo_font_subset":"","ocean_menu_typo_font_size":0,"ocean_menu_typo_font_size_tablet":0,"ocean_menu_typo_font_size_mobile":0,"ocean_menu_typo_font_size_unit":"px","ocean_menu_typo_font_weight":"","ocean_menu_typo_font_weight_tablet":"","ocean_menu_typo_font_weight_mobile":"","ocean_menu_typo_transform":"","ocean_menu_typo_transform_tablet":"","ocean_menu_typo_transform_mobile":"","ocean_menu_typo_line_height":0,"ocean_menu_typo_line_height_tablet":0,"ocean_menu_typo_line_height_mobile":0,"ocean_menu_typo_line_height_unit":"","ocean_menu_typo_spacing":0,"ocean_menu_typo_spacing_tablet":0,"ocean_menu_typo_spacing_mobile":0,"ocean_menu_typo_spacing_unit":"","ocean_menu_link_color":"","ocean_menu_link_color_hover":"","ocean_menu_link_color_active":"","ocean_menu_link_background":"","ocean_menu_link_hover_background":"","ocean_menu_link_active_background":"","ocean_menu_social_links_bg":"","ocean_menu_social_hover_links_bg":"","ocean_menu_social_links_color":"","ocean_menu_social_hover_links_color":"","ocean_disable_title":"default","ocean_disable_heading":"default","ocean_post_title":"","ocean_post_subheading":"","ocean_post_title_style":"","ocean_post_title_background_color":"","ocean_post_title_background":0,"ocean_post_title_bg_image_position":"","ocean_post_title_bg_image_attachment":"","ocean_post_title_bg_image_repeat":"","ocean_post_title_bg_image_size":"","ocean_post_title_height":0,"ocean_post_title_bg_overlay":0.5,"ocean_post_title_bg_overlay_color":"","ocean_disable_breadcrumbs":"default","ocean_breadcrumbs_color":"","ocean_breadcrumbs_separator_color":"","ocean_breadcrumbs_links_color":"","ocean_breadcrumbs_links_hover_color":"","ocean_display_footer_widgets":"default","ocean_display_footer_bottom":"default","ocean_custom_footer_template":"0","footnotes":""},"class_list":["post-4140","page","type-page","status-publish","hentry","entry"],"yoast_head":"<!-- This site is optimized with the Yoast SEO plugin v26.9 - https:\/\/yoast.com\/product\/yoast-seo-wordpress\/ -->\n<title>Junction Bot - Telegrammkanal weiterleiten<\/title>\n<meta name=\"description\" content=\"Verwenden Sie Junction Bot, um Telegram-Nachrichten aus verschiedenen Quellen automatisch in Ihren Telegram-Kanal oder Ihre Gruppe zu kopieren oder weiterzuleiten.\" \/>\n<meta name=\"robots\" content=\"index, follow, max-snippet:-1, max-image-preview:large, max-video-preview:-1\" \/>\n<link rel=\"canonical\" href=\"https:\/\/old.junctionbot.io\/de\/telegrammkanal-weiterleiten\/\" \/>\n<meta property=\"og:locale\" content=\"de_DE\" \/>\n<meta property=\"og:type\" content=\"article\" \/>\n<meta property=\"og:title\" content=\"Junction Bot - Telegrammkanal weiterleiten\" \/>\n<meta property=\"og:description\" content=\"Verwenden Sie Junction Bot, um Telegram-Nachrichten aus verschiedenen Quellen automatisch in Ihren Telegram-Kanal oder Ihre Gruppe zu kopieren oder weiterzuleiten.\" \/>\n<meta property=\"og:url\" content=\"https:\/\/old.junctionbot.io\/de\/telegrammkanal-weiterleiten\/\" \/>\n<meta property=\"og:site_name\" content=\"Junction Bot\" \/>\n<meta property=\"article:modified_time\" content=\"2023-12-05T10:31:34+00:00\" \/>\n<meta name=\"twitter:card\" content=\"summary_large_image\" \/>\n<meta name=\"twitter:label1\" content=\"Gesch\u00e4tzte Lesezeit\" \/>\n\t<meta name=\"twitter:data1\" content=\"2\u00a0Minuten\" \/>\n<script type=\"application\/ld+json\" class=\"yoast-schema-graph\">{\"@context\":\"https:\/\/schema.org\",\"@graph\":[{\"@type\":\"WebPage\",\"@id\":\"https:\/\/old.junctionbot.io\/de\/telegrammkanal-weiterleiten\/\",\"url\":\"https:\/\/old.junctionbot.io\/de\/telegrammkanal-weiterleiten\/\",\"name\":\"Junction Bot - Telegrammkanal weiterleiten\",\"isPartOf\":{\"@id\":\"https:\/\/junctionbot.io\/#website\"},\"datePublished\":\"2022-08-14T09:12:00+00:00\",\"dateModified\":\"2023-12-05T10:31:34+00:00\",\"description\":\"Verwenden Sie Junction Bot, um Telegram-Nachrichten aus verschiedenen Quellen automatisch in Ihren Telegram-Kanal oder Ihre Gruppe zu kopieren oder weiterzuleiten.\",\"breadcrumb\":{\"@id\":\"https:\/\/old.junctionbot.io\/de\/telegrammkanal-weiterleiten\/#breadcrumb\"},\"inLanguage\":\"de\",\"potentialAction\":[{\"@type\":\"ReadAction\",\"target\":[\"https:\/\/old.junctionbot.io\/de\/telegrammkanal-weiterleiten\/\"]}]},{\"@type\":\"BreadcrumbList\",\"@id\":\"https:\/\/old.junctionbot.io\/de\/telegrammkanal-weiterleiten\/#breadcrumb\",\"itemListElement\":[{\"@type\":\"ListItem\",\"position\":1,\"name\":\"Home\",\"item\":\"https:\/\/junctionbot.io\/de\/\"},{\"@type\":\"ListItem\",\"position\":2,\"name\":\"Telegrammkanal weiterleiten\"}]},{\"@type\":\"WebSite\",\"@id\":\"https:\/\/junctionbot.io\/#website\",\"url\":\"https:\/\/junctionbot.io\/\",\"name\":\"Junction Bot\",\"description\":\"Auto Copy Forward Transform and Translate Telegram Channels Groups and Bots\",\"publisher\":{\"@id\":\"https:\/\/junctionbot.io\/#organization\"},\"potentialAction\":[{\"@type\":\"SearchAction\",\"target\":{\"@type\":\"EntryPoint\",\"urlTemplate\":\"https:\/\/junctionbot.io\/?s={search_term_string}\"},\"query-input\":{\"@type\":\"PropertyValueSpecification\",\"valueRequired\":true,\"valueName\":\"search_term_string\"}}],\"inLanguage\":\"de\"},{\"@type\":\"Organization\",\"@id\":\"https:\/\/junctionbot.io\/#organization\",\"name\":\"Junction Bot\",\"url\":\"https:\/\/junctionbot.io\/\",\"logo\":{\"@type\":\"ImageObject\",\"inLanguage\":\"de\",\"@id\":\"https:\/\/junctionbot.io\/#\/schema\/logo\/image\/\",\"url\":\"\/wp-content\/uploads\/2020\/06\/junc_logo-400.jpg\",\"contentUrl\":\"\/wp-content\/uploads\/2020\/06\/junc_logo-400.jpg\",\"width\":400,\"height\":400,\"caption\":\"Junction Bot\"},\"image\":{\"@id\":\"https:\/\/junctionbot.io\/#\/schema\/logo\/image\/\"}}]}<\/script>\n<!-- \/ Yoast SEO plugin. -->","yoast_head_json":{"title":"Junction Bot - Telegrammkanal weiterleiten","description":"Verwenden Sie Junction Bot, um Telegram-Nachrichten aus verschiedenen Quellen automatisch in Ihren Telegram-Kanal oder Ihre Gruppe zu kopieren oder weiterzuleiten.","robots":{"index":"index","follow":"follow","max-snippet":"max-snippet:-1","max-image-preview":"max-image-preview:large","max-video-preview":"max-video-preview:-1"},"canonical":"https:\/\/old.junctionbot.io\/de\/telegrammkanal-weiterleiten\/","og_locale":"de_DE","og_type":"article","og_title":"Junction Bot - Telegrammkanal weiterleiten","og_description":"Verwenden Sie Junction Bot, um Telegram-Nachrichten aus verschiedenen Quellen automatisch in Ihren Telegram-Kanal oder Ihre Gruppe zu kopieren oder weiterzuleiten.","og_url":"https:\/\/old.junctionbot.io\/de\/telegrammkanal-weiterleiten\/","og_site_name":"Junction Bot","article_modified_time":"2023-12-05T10:31:34+00:00","twitter_card":"summary_large_image","twitter_misc":{"Gesch\u00e4tzte Lesezeit":"2\u00a0Minuten"},"schema":{"@context":"https:\/\/schema.org","@graph":[{"@type":"WebPage","@id":"https:\/\/old.junctionbot.io\/de\/telegrammkanal-weiterleiten\/","url":"https:\/\/old.junctionbot.io\/de\/telegrammkanal-weiterleiten\/","name":"Junction Bot - Telegrammkanal weiterleiten","isPartOf":{"@id":"https:\/\/junctionbot.io\/#website"},"datePublished":"2022-08-14T09:12:00+00:00","dateModified":"2023-12-05T10:31:34+00:00","description":"Verwenden Sie Junction Bot, um Telegram-Nachrichten aus verschiedenen Quellen automatisch in Ihren Telegram-Kanal oder Ihre Gruppe zu kopieren oder weiterzuleiten.","breadcrumb":{"@id":"https:\/\/old.junctionbot.io\/de\/telegrammkanal-weiterleiten\/#breadcrumb"},"inLanguage":"de","potentialAction":[{"@type":"ReadAction","target":["https:\/\/old.junctionbot.io\/de\/telegrammkanal-weiterleiten\/"]}]},{"@type":"BreadcrumbList","@id":"https:\/\/old.junctionbot.io\/de\/telegrammkanal-weiterleiten\/#breadcrumb","itemListElement":[{"@type":"ListItem","position":1,"name":"Home","item":"https:\/\/junctionbot.io\/de\/"},{"@type":"ListItem","position":2,"name":"Telegrammkanal weiterleiten"}]},{"@type":"WebSite","@id":"https:\/\/junctionbot.io\/#website","url":"https:\/\/junctionbot.io\/","name":"Junction Bot","description":"Auto Copy Forward Transform and Translate Telegram Channels Groups and Bots","publisher":{"@id":"https:\/\/junctionbot.io\/#organization"},"potentialAction":[{"@type":"SearchAction","target":{"@type":"EntryPoint","urlTemplate":"https:\/\/junctionbot.io\/?s={search_term_string}"},"query-input":{"@type":"PropertyValueSpecification","valueRequired":true,"valueName":"search_term_string"}}],"inLanguage":"de"},{"@type":"Organization","@id":"https:\/\/junctionbot.io\/#organization","name":"Junction Bot","url":"https:\/\/junctionbot.io\/","logo":{"@type":"ImageObject","inLanguage":"de","@id":"https:\/\/junctionbot.io\/#\/schema\/logo\/image\/","url":"\/wp-content\/uploads\/2020\/06\/junc_logo-400.jpg","contentUrl":"\/wp-content\/uploads\/2020\/06\/junc_logo-400.jpg","width":400,"height":400,"caption":"Junction Bot"},"image":{"@id":"https:\/\/junctionbot.io\/#\/schema\/logo\/image\/"}}]}},"_links":{"self":[{"href":"https:\/\/old.junctionbot.io\/de\/wp-json\/wp\/v2\/pages\/4140","targetHints":{"allow":["GET"]}}],"collection":[{"href":"https:\/\/old.junctionbot.io\/de\/wp-json\/wp\/v2\/pages"}],"about":[{"href":"https:\/\/old.junctionbot.io\/de\/wp-json\/wp\/v2\/types\/page"}],"author":[{"embeddable":true,"href":"https:\/\/old.junctionbot.io\/de\/wp-json\/wp\/v2\/users\/2"}],"replies":[{"embeddable":true,"href":"https:\/\/old.junctionbot.io\/de\/wp-json\/wp\/v2\/comments?post=4140"}],"version-history":[{"count":1,"href":"https:\/\/old.junctionbot.io\/de\/wp-json\/wp\/v2\/pages\/4140\/revisions"}],"predecessor-version":[{"id":4150,"href":"https:\/\/old.junctionbot.io\/de\/wp-json\/wp\/v2\/pages\/4140\/revisions\/4150"}],"wp:attachment":[{"href":"https:\/\/old.junctionbot.io\/de\/wp-json\/wp\/v2\/media?parent=4140"}],"curies":[{"name":"wp","href":"https:\/\/api.w.org\/{rel}","templated":true}]}}