{"id":4151,"date":"2020-07-04T19:43:18","date_gmt":"2020-07-04T17:43:18","guid":{"rendered":"https:\/\/junctionbot.io\/getting-started\/\/einstellungen-funktionen\/"},"modified":"2023-12-05T12:31:39","modified_gmt":"2023-12-05T10:31:39","slug":"einstellungen-funktionen","status":"publish","type":"page","link":"https:\/\/old.junctionbot.io\/de\/einstellungen-funktionen\/","title":{"rendered":"Einstellungen &amp; Funktionen"},"content":{"rendered":"\n<h2 class=\"wp-block-heading\"><span class=\"ez-toc-section\" id=\"Einstellungen_Funktionen\"><\/span>Einstellungen &amp; Funktionen<span class=\"ez-toc-section-end\"><\/span><\/h2>\n\n<p>Hier finden Sie eine Liste der von Junction Bot unterst\u00fctzten Einstellungen:<\/p>\n\n<p>1. <a href=\"\/filtering\/\">Filtern<\/a><\/p>\n\n<ul class=\"wp-block-list\"><li>mit Worten<\/li><li>durch Regex<\/li><li>Empfang nur der N-ten Nachricht<\/li><li>Herausfiltern von Duplikaten<\/li><\/ul>\n\n<p>2. <a href=\"\/replace\/\">\u00c4ndern &amp; Ersetzen<\/a><\/p>\n\n<ul class=\"wp-block-list\"><li>den Titel der Nachricht \u00e4ndern<\/li><li>den Link zur urspr\u00fcnglichen Nachricht \u00e4ndern<\/li><li>Nachrichtentext mit <em>Vorher <\/em>&amp; <em>Nachher<\/em> \u00e4ndern<\/li><li>Nachrichtentext mit <em>Ersetzen<\/em> \u00e4ndern<\/li><\/ul>\n\n<p>3. <a href=\"\/styling\/\">Inhaltliche \u00c4nderungen<\/a><\/p>\n\n<ul class=\"wp-block-list\"><li>das Aussehen der Beschriftungen \u00e4ndern<\/li><li>das Aussehen des Namens des Autors \u00e4ndern<\/li><li>lange Nachrichten k\u00fcrzen<\/li><\/ul>\n\n<p>4. <a href=\"\/buttons\/\">Schaltfl\u00e4chen<\/a><\/p>\n\n<ul class=\"wp-block-list\"><li>Feedback-Schaltfl\u00e4chen hinzuf\u00fcgen<\/li><li>Originaltasten kopieren<\/li><li>Ihre eigenen Schaltfl\u00e4chen hinzuf\u00fcgen<\/li><\/ul>\n\n<p>5. <a href=\"\/de\/sonstiges\/\">Andere<\/a><\/p>\n\n<ul class=\"wp-block-list\"><li>bearbeitete Nachrichten weiterleiten<\/li><li>eine Verz\u00f6gerung festlegen<\/li><li>Pin-Nachrichten<\/li><li>Vorwahlen<\/li><li>Sprache des Bots \u00e4ndern<\/li><\/ul>\n\n<h3 class=\"wp-block-heading\"><span class=\"ez-toc-section\" id=\"Anwenden_von_Einstellungen_auf_einen_oder_alle_Kanaele\"><\/span>Anwenden von Einstellungen auf einen oder alle Kan\u00e4le<span class=\"ez-toc-section-end\"><\/span><\/h3>\n\n<p>Bitte beachten Sie, dass alle Einstellungen, die mit dem Befehl \/setting beginnen, entweder auf alle Ihre Kan\u00e4le oder auf einen bestimmten Kanal angewendet werden k\u00f6nnen.<\/p>\n\n<pre class=\"wp-block-preformatted\"><span class=\"cool-title\">\/setting<\/span> - \u00c4nderungen f\u00fcr <strong>alle<\/strong> Kan\u00e4le \u00fcbernehmen.\n<span class=\"cool-title\">\/settingchannel<\/span> - \u00c4nderungen nur auf <strong>eine<\/strong> Quelle anwenden.\n\nFormat:  \n<code>\/setting setting_name value<\/code>\n<code>\/settingchannel <a href=\"\/de\/einstellungen-funktionen\/#Referencing_a_source_channel\" data-type=\"URL\" data-id=\"\/settings-and-features\/#Referencing_a_source_channel\">source_channel_reference<\/a><\/code> <code>setting_name value<\/code><\/pre>\n\n<h3 class=\"wp-block-heading\"><span class=\"ez-toc-section\" id=\"Verweis_auf_einen_Quellkanal\"><\/span>Verweis auf einen Quellkanal<span class=\"ez-toc-section-end\"><\/span><\/h3>\n\n<p>In vielen Befehlen m\u00fcssen Sie einen Verweis auf eine Quelle (das kann ein Kanal, eine Gruppe, ein Chat oder ein Bot sein) als Argument verwenden. In Beispielen sieht das meist so aus: <code>source_channel_reference <\/code>oder einfach <code>channel_reference<\/code>. Als Referenz k\u00f6nnen Sie verwenden:<\/p>\n\n<ol class=\"wp-block-list\"><li>F\u00fcr <strong>Direktverbindungen<\/strong>: Verwenden Sie die <a href=\"\/de\/direkte-verbindung\/#Virtual_number\" data-type=\"URL\" data-id=\"\/direct-connection\/#Virtual_number\">virtuelle Nummer<\/a> eines Kanals, Chats oder Bots.<\/li><li>Name eines Kanals\/einer Gruppe (beginnt mit @) &#8211; f\u00fcr <strong>\u00f6ffentliche <\/strong>Kan\u00e4le und Gruppen.<\/li><li>Link zu einem Kanal\/einer Gruppe (wie https:\/\/t.me\/mychannel) &#8211; f\u00fcr <strong>\u00f6ffentliche <\/strong>Kan\u00e4le und Gruppen.<\/li><li>Einladungslink zu einem Kanal\/einer Gruppe &#8211; f\u00fcr <strong>private <\/strong>Kan\u00e4le und Gruppen.<\/li><\/ol>\n\n<pre id=\"block-b5fea7b1-6b2b-424d-a88c-d6bbb6eb9506\" class=\"wp-block-preformatted\"><strong>Beispiele:<\/strong>\n<code>\/settingchannel @mychannel header none<\/code>\n<code>\/settingchannel https:\/\/t.me\/mychannel header none<\/code>\n<code>\/settingchannel https:\/\/t.me\/joinchat\/AAAAAffffSSSShhhh header none<\/code>\n\nF\u00fcr Benutzer von <strong>Direct Connection<\/strong>:\n<code>\/settingchannel &amp;31612345678#78787878 header none<\/code><\/pre>\n\n<p>Wenn Sie <strong>mehrere Weiterleitungsregeln von derselben Quelle zu verschiedenen Zielen<\/strong> haben, k\u00f6nnen Sie unterschiedliche Einstellungen, Filter und Ersetzungen f\u00fcr verschiedene Ziele festlegen. Weitere Einzelheiten finden Sie <a href=\"\/forwarding\/#Forwarding_from_one_source_to_several_destinations\" data-type=\"URL\" data-id=\"\/forwarding\/#Forwarding_from_one_source_to_several_destinations\">hier<\/a>.<\/p>\n\n<h3 class=\"wp-block-heading\"><span class=\"ez-toc-section\" id=\"Ueberpruefung_der_aktuellen_Einstellungen\"><\/span>\u00dcberpr\u00fcfung der aktuellen Einstellungen  <span class=\"ez-toc-section-end\"><\/span><\/h3>\n\n<p>Um zu sehen, welche Einstellungen aktuell auf dem Quellkanal gesetzt sind, verwenden Sie den Befehl <code>\/settingchannel<\/code>.<\/p>\n\n<pre id=\"block-b98508ca-a0ea-40d4-972b-6bb8627d9ead\" class=\"wp-block-preformatted\"><code>\/settingchannel <a href=\"#Referencing_a_source_channel\" data-type=\"internal\" data-id=\"#Referencing_a_source_channel\">source_channel_reference<\/a><\/code> <code>setting_name<\/code><\/pre>\n\n<p>wobei <strong>\n  <code>setting_name<\/code>\n<\/strong> &#8211; einer der m\u00f6glichen Einstellungstypen sein sollte.<\/p>\n\n<p>Sie k\u00f6nnen alle m\u00f6glichen Einstellungstypen mit dem Befehl  <\/p>\n\n<pre id=\"block-e9aacddb-38ac-4fff-94f5-654b8ad9cf48\" class=\"wp-block-code\"><code>\/settingchannel <a href=\"\/settings-and-features\/#Referencing_a_source_channel\" data-type=\"URL\" data-id=\"\/settings-and-features\/#Referencing_a_source_channel\">source_channel_reference<\/a><\/code><\/pre>\n\n<h3 class=\"wp-block-heading\"><span class=\"ez-toc-section\" id=\"Verwendung_von_Zwischenkanaelen\"><\/span>Verwendung von Zwischenkan\u00e4len<span class=\"ez-toc-section-end\"><\/span><\/h3>\n\n<p>Wenn Sie wirklich komplexe Regeln anwenden wollen, m\u00fcssen Sie m\u00f6glicherweise einen Zwischenkanal erstellen, um alles zu ordnen.<\/p>\n\n<p>Sie m\u00f6chten z. B., dass alle Nachrichten von A nach B weitergeleitet werden. Aber f\u00fcr Nachrichten, die einen bestimmten Text enthalten, m\u00f6chten Sie eine Einstellung <code>after<\/code> anwenden.<\/p>\n\n<p>Das ist ziemlich knifflig. Die einzige M\u00f6glichkeit, dies zu tun, besteht darin, einen Zwischenkanal zu erstellen, nennen wir ihn C. Dann richten Sie die folgenden Weiterleitungen ein:<br\/>A -&gt; B f\u00fcr alle Nachrichten ohne einen bestimmten Text.<br\/>A -&gt; C f\u00fcr alle Nachrichten mit einem bestimmten Text.<br\/>C -&gt; B f\u00fcr alle Nachrichten.<\/p>\n\n<p>Als N\u00e4chstes f\u00fcgen Sie eine Einstellung <code>after <\/code>zu einem Forward C -&gt; B hinzu.<\/p>\n","protected":false},"excerpt":{"rendered":"<p>Einstellungen &amp; Funktionen Hier finden Sie eine Liste der von Junction Bot unterst\u00fctzten Einstellungen: 1. Filtern mit Worten durch Regex Empfang nur der N-ten Nachricht Herausfiltern von Duplikaten 2. \u00c4ndern &amp; Ersetzen den Titel der Nachricht \u00e4ndern den Link zur urspr\u00fcnglichen Nachricht \u00e4ndern Nachrichtentext mit Vorher &amp; Nachher \u00e4ndern Nachrichtentext mit Ersetzen \u00e4ndern 3. Inhaltliche [&hellip;]<\/p>\n","protected":false},"author":1,"featured_media":0,"parent":0,"menu_order":0,"comment_status":"closed","ping_status":"closed","template":"","meta":{"nf_dc_page":"","_monsterinsights_skip_tracking":false,"_monsterinsights_sitenote_active":false,"_monsterinsights_sitenote_note":"","_monsterinsights_sitenote_category":0,"ocean_post_layout":"","ocean_both_sidebars_style":"","ocean_both_sidebars_content_width":0,"ocean_both_sidebars_sidebars_width":0,"ocean_sidebar":"0","ocean_second_sidebar":"0","ocean_disable_margins":"enable","ocean_add_body_class":"","ocean_shortcode_before_top_bar":"","ocean_shortcode_after_top_bar":"","ocean_shortcode_before_header":"","ocean_shortcode_after_header":"","ocean_has_shortcode":"","ocean_shortcode_after_title":"","ocean_shortcode_before_footer_widgets":"","ocean_shortcode_after_footer_widgets":"","ocean_shortcode_before_footer_bottom":"","ocean_shortcode_after_footer_bottom":"","ocean_display_top_bar":"default","ocean_display_header":"default","ocean_header_style":"","ocean_center_header_left_menu":"0","ocean_custom_header_template":"0","ocean_custom_logo":0,"ocean_custom_retina_logo":0,"ocean_custom_logo_max_width":0,"ocean_custom_logo_tablet_max_width":0,"ocean_custom_logo_mobile_max_width":0,"ocean_custom_logo_max_height":0,"ocean_custom_logo_tablet_max_height":0,"ocean_custom_logo_mobile_max_height":0,"ocean_header_custom_menu":"0","ocean_menu_typo_font_family":"0","ocean_menu_typo_font_subset":"","ocean_menu_typo_font_size":0,"ocean_menu_typo_font_size_tablet":0,"ocean_menu_typo_font_size_mobile":0,"ocean_menu_typo_font_size_unit":"px","ocean_menu_typo_font_weight":"","ocean_menu_typo_font_weight_tablet":"","ocean_menu_typo_font_weight_mobile":"","ocean_menu_typo_transform":"","ocean_menu_typo_transform_tablet":"","ocean_menu_typo_transform_mobile":"","ocean_menu_typo_line_height":0,"ocean_menu_typo_line_height_tablet":0,"ocean_menu_typo_line_height_mobile":0,"ocean_menu_typo_line_height_unit":"","ocean_menu_typo_spacing":0,"ocean_menu_typo_spacing_tablet":0,"ocean_menu_typo_spacing_mobile":0,"ocean_menu_typo_spacing_unit":"","ocean_menu_link_color":"","ocean_menu_link_color_hover":"","ocean_menu_link_color_active":"","ocean_menu_link_background":"","ocean_menu_link_hover_background":"","ocean_menu_link_active_background":"","ocean_menu_social_links_bg":"","ocean_menu_social_hover_links_bg":"","ocean_menu_social_links_color":"","ocean_menu_social_hover_links_color":"","ocean_disable_title":"default","ocean_disable_heading":"default","ocean_post_title":"","ocean_post_subheading":"","ocean_post_title_style":"","ocean_post_title_background_color":"","ocean_post_title_background":0,"ocean_post_title_bg_image_position":"","ocean_post_title_bg_image_attachment":"","ocean_post_title_bg_image_repeat":"","ocean_post_title_bg_image_size":"","ocean_post_title_height":0,"ocean_post_title_bg_overlay":0.5,"ocean_post_title_bg_overlay_color":"","ocean_disable_breadcrumbs":"default","ocean_breadcrumbs_color":"","ocean_breadcrumbs_separator_color":"","ocean_breadcrumbs_links_color":"","ocean_breadcrumbs_links_hover_color":"","ocean_display_footer_widgets":"default","ocean_display_footer_bottom":"default","ocean_custom_footer_template":"0","footnotes":""},"class_list":["post-4151","page","type-page","status-publish","hentry","entry"],"yoast_head":"<!-- This site is optimized with the Yoast SEO plugin v26.9 - https:\/\/yoast.com\/product\/yoast-seo-wordpress\/ -->\n<title>Junction Bot - Einstellungen &amp; Funktionen<\/title>\n<meta name=\"robots\" content=\"index, follow, max-snippet:-1, max-image-preview:large, max-video-preview:-1\" \/>\n<link rel=\"canonical\" href=\"https:\/\/old.junctionbot.io\/de\/einstellungen-funktionen\/\" \/>\n<meta property=\"og:locale\" content=\"de_DE\" \/>\n<meta property=\"og:type\" content=\"article\" \/>\n<meta property=\"og:title\" content=\"Junction Bot - Einstellungen &amp; Funktionen\" \/>\n<meta property=\"og:description\" content=\"Einstellungen &amp; Funktionen Hier finden Sie eine Liste der von Junction Bot unterst\u00fctzten Einstellungen: 1. Filtern mit Worten durch Regex Empfang nur der N-ten Nachricht Herausfiltern von Duplikaten 2. \u00c4ndern &amp; Ersetzen den Titel der Nachricht \u00e4ndern den Link zur urspr\u00fcnglichen Nachricht \u00e4ndern Nachrichtentext mit Vorher &amp; Nachher \u00e4ndern Nachrichtentext mit Ersetzen \u00e4ndern 3. Inhaltliche [&hellip;]\" \/>\n<meta property=\"og:url\" content=\"https:\/\/old.junctionbot.io\/de\/einstellungen-funktionen\/\" \/>\n<meta property=\"og:site_name\" content=\"Junction Bot\" \/>\n<meta property=\"article:modified_time\" content=\"2023-12-05T10:31:39+00:00\" \/>\n<meta name=\"twitter:card\" content=\"summary_large_image\" \/>\n<meta name=\"twitter:label1\" content=\"Gesch\u00e4tzte Lesezeit\" \/>\n\t<meta name=\"twitter:data1\" content=\"3\u00a0Minuten\" \/>\n<script type=\"application\/ld+json\" class=\"yoast-schema-graph\">{\"@context\":\"https:\/\/schema.org\",\"@graph\":[{\"@type\":\"WebPage\",\"@id\":\"https:\/\/old.junctionbot.io\/de\/einstellungen-funktionen\/\",\"url\":\"https:\/\/old.junctionbot.io\/de\/einstellungen-funktionen\/\",\"name\":\"Junction Bot - Einstellungen &amp; Funktionen\",\"isPartOf\":{\"@id\":\"https:\/\/junctionbot.io\/#website\"},\"datePublished\":\"2020-07-04T17:43:18+00:00\",\"dateModified\":\"2023-12-05T10:31:39+00:00\",\"breadcrumb\":{\"@id\":\"https:\/\/old.junctionbot.io\/de\/einstellungen-funktionen\/#breadcrumb\"},\"inLanguage\":\"de\",\"potentialAction\":[{\"@type\":\"ReadAction\",\"target\":[\"https:\/\/old.junctionbot.io\/de\/einstellungen-funktionen\/\"]}]},{\"@type\":\"BreadcrumbList\",\"@id\":\"https:\/\/old.junctionbot.io\/de\/einstellungen-funktionen\/#breadcrumb\",\"itemListElement\":[{\"@type\":\"ListItem\",\"position\":1,\"name\":\"Home\",\"item\":\"https:\/\/junctionbot.io\/de\/\"},{\"@type\":\"ListItem\",\"position\":2,\"name\":\"Einstellungen &amp; Funktionen\"}]},{\"@type\":\"WebSite\",\"@id\":\"https:\/\/junctionbot.io\/#website\",\"url\":\"https:\/\/junctionbot.io\/\",\"name\":\"Junction Bot\",\"description\":\"Auto Copy Forward Transform and Translate Telegram Channels Groups and Bots\",\"publisher\":{\"@id\":\"https:\/\/junctionbot.io\/#organization\"},\"potentialAction\":[{\"@type\":\"SearchAction\",\"target\":{\"@type\":\"EntryPoint\",\"urlTemplate\":\"https:\/\/junctionbot.io\/?s={search_term_string}\"},\"query-input\":{\"@type\":\"PropertyValueSpecification\",\"valueRequired\":true,\"valueName\":\"search_term_string\"}}],\"inLanguage\":\"de\"},{\"@type\":\"Organization\",\"@id\":\"https:\/\/junctionbot.io\/#organization\",\"name\":\"Junction Bot\",\"url\":\"https:\/\/junctionbot.io\/\",\"logo\":{\"@type\":\"ImageObject\",\"inLanguage\":\"de\",\"@id\":\"https:\/\/junctionbot.io\/#\/schema\/logo\/image\/\",\"url\":\"\/wp-content\/uploads\/2020\/06\/junc_logo-400.jpg\",\"contentUrl\":\"\/wp-content\/uploads\/2020\/06\/junc_logo-400.jpg\",\"width\":400,\"height\":400,\"caption\":\"Junction Bot\"},\"image\":{\"@id\":\"https:\/\/junctionbot.io\/#\/schema\/logo\/image\/\"}}]}<\/script>\n<!-- \/ Yoast SEO plugin. -->","yoast_head_json":{"title":"Junction Bot - Einstellungen &amp; Funktionen","robots":{"index":"index","follow":"follow","max-snippet":"max-snippet:-1","max-image-preview":"max-image-preview:large","max-video-preview":"max-video-preview:-1"},"canonical":"https:\/\/old.junctionbot.io\/de\/einstellungen-funktionen\/","og_locale":"de_DE","og_type":"article","og_title":"Junction Bot - Einstellungen &amp; Funktionen","og_description":"Einstellungen &amp; Funktionen Hier finden Sie eine Liste der von Junction Bot unterst\u00fctzten Einstellungen: 1. Filtern mit Worten durch Regex Empfang nur der N-ten Nachricht Herausfiltern von Duplikaten 2. \u00c4ndern &amp; Ersetzen den Titel der Nachricht \u00e4ndern den Link zur urspr\u00fcnglichen Nachricht \u00e4ndern Nachrichtentext mit Vorher &amp; Nachher \u00e4ndern Nachrichtentext mit Ersetzen \u00e4ndern 3. Inhaltliche [&hellip;]","og_url":"https:\/\/old.junctionbot.io\/de\/einstellungen-funktionen\/","og_site_name":"Junction Bot","article_modified_time":"2023-12-05T10:31:39+00:00","twitter_card":"summary_large_image","twitter_misc":{"Gesch\u00e4tzte Lesezeit":"3\u00a0Minuten"},"schema":{"@context":"https:\/\/schema.org","@graph":[{"@type":"WebPage","@id":"https:\/\/old.junctionbot.io\/de\/einstellungen-funktionen\/","url":"https:\/\/old.junctionbot.io\/de\/einstellungen-funktionen\/","name":"Junction Bot - Einstellungen &amp; Funktionen","isPartOf":{"@id":"https:\/\/junctionbot.io\/#website"},"datePublished":"2020-07-04T17:43:18+00:00","dateModified":"2023-12-05T10:31:39+00:00","breadcrumb":{"@id":"https:\/\/old.junctionbot.io\/de\/einstellungen-funktionen\/#breadcrumb"},"inLanguage":"de","potentialAction":[{"@type":"ReadAction","target":["https:\/\/old.junctionbot.io\/de\/einstellungen-funktionen\/"]}]},{"@type":"BreadcrumbList","@id":"https:\/\/old.junctionbot.io\/de\/einstellungen-funktionen\/#breadcrumb","itemListElement":[{"@type":"ListItem","position":1,"name":"Home","item":"https:\/\/junctionbot.io\/de\/"},{"@type":"ListItem","position":2,"name":"Einstellungen &amp; Funktionen"}]},{"@type":"WebSite","@id":"https:\/\/junctionbot.io\/#website","url":"https:\/\/junctionbot.io\/","name":"Junction Bot","description":"Auto Copy Forward Transform and Translate Telegram Channels Groups and Bots","publisher":{"@id":"https:\/\/junctionbot.io\/#organization"},"potentialAction":[{"@type":"SearchAction","target":{"@type":"EntryPoint","urlTemplate":"https:\/\/junctionbot.io\/?s={search_term_string}"},"query-input":{"@type":"PropertyValueSpecification","valueRequired":true,"valueName":"search_term_string"}}],"inLanguage":"de"},{"@type":"Organization","@id":"https:\/\/junctionbot.io\/#organization","name":"Junction Bot","url":"https:\/\/junctionbot.io\/","logo":{"@type":"ImageObject","inLanguage":"de","@id":"https:\/\/junctionbot.io\/#\/schema\/logo\/image\/","url":"\/wp-content\/uploads\/2020\/06\/junc_logo-400.jpg","contentUrl":"\/wp-content\/uploads\/2020\/06\/junc_logo-400.jpg","width":400,"height":400,"caption":"Junction Bot"},"image":{"@id":"https:\/\/junctionbot.io\/#\/schema\/logo\/image\/"}}]}},"_links":{"self":[{"href":"https:\/\/old.junctionbot.io\/de\/wp-json\/wp\/v2\/pages\/4151","targetHints":{"allow":["GET"]}}],"collection":[{"href":"https:\/\/old.junctionbot.io\/de\/wp-json\/wp\/v2\/pages"}],"about":[{"href":"https:\/\/old.junctionbot.io\/de\/wp-json\/wp\/v2\/types\/page"}],"author":[{"embeddable":true,"href":"https:\/\/old.junctionbot.io\/de\/wp-json\/wp\/v2\/users\/1"}],"replies":[{"embeddable":true,"href":"https:\/\/old.junctionbot.io\/de\/wp-json\/wp\/v2\/comments?post=4151"}],"version-history":[{"count":1,"href":"https:\/\/old.junctionbot.io\/de\/wp-json\/wp\/v2\/pages\/4151\/revisions"}],"predecessor-version":[{"id":4165,"href":"https:\/\/old.junctionbot.io\/de\/wp-json\/wp\/v2\/pages\/4151\/revisions\/4165"}],"wp:attachment":[{"href":"https:\/\/old.junctionbot.io\/de\/wp-json\/wp\/v2\/media?parent=4151"}],"curies":[{"name":"wp","href":"https:\/\/api.w.org\/{rel}","templated":true}]}}