{"id":4158,"date":"2020-04-21T20:50:24","date_gmt":"2020-04-21T18:50:24","guid":{"rendered":"https:\/\/junctionbot.io\/getting-started\/\/inhalt\/"},"modified":"2023-12-05T12:31:36","modified_gmt":"2023-12-05T10:31:36","slug":"inhalt","status":"publish","type":"page","link":"https:\/\/old.junctionbot.io\/de\/inhalt\/","title":{"rendered":"Inhalt"},"content":{"rendered":"\n<h2 class=\"wp-block-heading\"><span class=\"ez-toc-section\" id=\"Inhalt\"><\/span>Inhalt<span class=\"ez-toc-section-end\"><\/span><\/h2>\n\n<p>Mit diesen Einstellungen k\u00f6nnen Sie das Aussehen der <strong>Medienbeschriftungen<\/strong> und die <strong>Namen der Autoren<\/strong> \u00e4ndern und die <strong>L\u00e4nge der Nachrichten festlegen<\/strong>.<\/p>\n\n<h3 class=\"wp-block-heading\"><span class=\"ez-toc-section\" id=\"Untertitel\"><\/span>Untertitel<span class=\"ez-toc-section-end\"><\/span><\/h3>\n\n<pre class=\"wp-block-preformatted\">Wo ist sie?\n<strong>Men\u00fc \u2192 Weiterleitungseinstellungen \u2192 Quelle und Ziel w\u00e4hlen \u2192 Untertitel<\/strong><\/pre>\n\n<p>Sie k\u00f6nnen w\u00e4hlen, wie Sie ein Medium (Bild, Video usw.) und seine Beschriftung empfangen\/weiterleiten m\u00f6chten.<\/p>\n\n<details class=\"wp-block-mamaduka-toggles wp-block-toggles\"><summary>\u23f5Commands<\/summary><div class=\"wp-block-toggles__content\">\n<pre class=\"wp-block-preformatted\"><span class=\"cool-title\">\/Beschriftung<\/span> + eine der folgenden Optionen:\n\n<span class=\"cool-title\">Getrennt<\/span> - ein Bild und seine Beschriftung werden als zwei separate Nachrichten gesendet\nEx.  <code>\/setting caption separate<\/code>\n\n<span class=\"cool-title\">caption_name<\/span> - Bild&amp;Bildunterschrift werden als 1 Nachricht mit dem Namen des Kanals und dem Link zum Originalkanal gesendet (bitte beachten Sie, dass der Textk\u00f6rper der Bildunterschrift bei \u00dcberl\u00e4nge abgeschnitten wird).\nEx.  <code>\/setting caption caption_name<\/code>\n\n<span class=\"cool-title\">text_only<\/span> - es werden keine Medien gesendet, sondern nur die Beschriftung.\nEx.  <code>\/setting caption text_only<\/code><\/pre>\n\n\n\n<p>Sie k\u00f6nnen diese Einstellung im Men\u00fc vornehmen, aber auch die Befehle verwenden. Wenn Sie die Befehle verwenden, um diese Einstellung nur auf einen Kanal anzuwenden, ersetzen Sie den Befehl <code>\/setting<\/code> durch <code>\/settingchannel <a href=\"\/es\/settings-and-features\/#Referencing_a_source_channel\">source_channel_reference<\/a><\/code> <a href=\"\/es\/settings-and-features\/#Applying_settings_to_one_or_all_channels\">(lesen Sie mehr<\/a>).<\/p>\n<\/div><\/details>\n\n<h3 class=\"wp-block-heading\"><span class=\"ez-toc-section\" id=\"Autor\"><\/span>Autor<span class=\"ez-toc-section-end\"><\/span><\/h3>\n\n<pre class=\"wp-block-preformatted\">Wo ist sie?\n<strong>Men\u00fc \u2192 Weiterleitungseinstellungen \u2192 Quelle und Ziel w\u00e4hlen \u2192 Autor<\/strong><\/pre>\n\n<p>Diese Einstellung gilt nur f\u00fcr Nachrichten, die bereits den Namen des Autors enthalten. Sie k\u00f6nnen w\u00e4hlen, wie der Name des Autors einer Nachricht angezeigt werden soll.<\/p>\n\n<p>Wenn Sie nur Nachrichten von einem bestimmten Benutzer erhalten m\u00f6chten, aktivieren Sie diese Einstellung und richten Sie mit dem Befehl \/filter einen Filter f\u00fcr den Namen des Benutzers ein.<\/p>\n\n<p>Bitte beachten Sie, dass der Bot die Informationen \u00fcber den Autor nicht auf magische Weise finden kann, wenn sie nicht in der Nachricht enthalten sind. Wenn Sie diese Informationen also nicht in der Nachricht in Ihrem Telegram-Client sehen, hat diese Einstellung keine Wirkung.<\/p>\n\n<details class=\"wp-block-mamaduka-toggles wp-block-toggles\"><summary>\u23f5Commands<\/summary><div class=\"wp-block-toggles__content\">\n<pre class=\"wp-block-preformatted\"><span class=\"cool-title\">\/setting author<\/span> + eine der folgenden Optionen:\n\n<span class=\"cool-title\">keine<\/span> - kein Name\nEx.  <code>\/setting author none<\/code>\n\n<span class=\"cool-title\">Name<\/span> - nur Name hinzuf\u00fcgen\nEx.  <code>\/setting author name<\/code>\n\n<span class=\"cool-title\">Benutzername<\/span> - nur @Benutzername hinzuf\u00fcgen\nEx.  <code>\/setting author username<\/code>\n\n<span class=\"cool-title\">full<\/span> - Name und @Benutzername hinzuf\u00fcgen\nEx.  <code>\/setting author full<\/code><\/pre>\n\n\n\n<p>Sie k\u00f6nnen diese Einstellung im Men\u00fc vornehmen, aber auch die Befehle verwenden. Wenn Sie die Befehle verwenden, um diese Einstellung nur auf einen Kanal anzuwenden, ersetzen Sie den Befehl <code>\/setting<\/code> durch <code>\/settingchannel <a href=\"\/es\/settings-and-features\/#Referencing_a_source_channel\">source_channel_reference<\/a><\/code> <a href=\"\/es\/settings-and-features\/#Applying_settings_to_one_or_all_channels\">(lesen Sie mehr<\/a>).<\/p>\n<\/div><\/details>\n\n<h3 class=\"wp-block-heading\"><span class=\"ez-toc-section\" id=\"Lange_Nachrichten_kuerzen\"><\/span>Lange Nachrichten k\u00fcrzen<span class=\"ez-toc-section-end\"><\/span><\/h3>\n\n<pre class=\"wp-block-preformatted\">Wo ist sie?\n<strong>Men\u00fc \u2192 Weiterleitungseinstellungen \u2192 Quelle und Ziel w\u00e4hlen \u2192 Kurz<\/strong><\/pre>\n\n<p>Lange Nachrichten werden auf eine bestimmte L\u00e4nge gek\u00fcrzt. Die empfohlenen Werte liegen zwischen 150 (twitter\u00e4hnliche Beitr\u00e4ge) und 1000 (mehrere Abs\u00e4tze). Um diese Funktion zu deaktivieren, setzen Sie diesen Wert auf 0.<\/p>\n\n<details class=\"wp-block-mamaduka-toggles wp-block-toggles\"><summary>\u23f5Commands<\/summary><div class=\"wp-block-toggles__content\">\n<pre class=\"wp-block-preformatted\"><span class=\"cool-title\">\/Einstellhinweis<\/span> + Anzahl der Symbole\n\n<span class=\"cool-title\">0<\/span> - deaktiviert\nEx.  <code>\/setting brief 0<\/code>\n\n<span class=\"cool-title\">[number]<\/span>  von Zeichen zu zeigen\nEx.  <code>\/setting brief 140<\/code>\nEx.  <code>\/setting brief 1000<\/code><\/pre>\n\n\n\n<p>Sie k\u00f6nnen diese Einstellung im Men\u00fc vornehmen, aber auch die Befehle verwenden. Wenn Sie die Befehle verwenden, um diese Einstellung nur auf einen Kanal anzuwenden, ersetzen Sie den Befehl <code>\/setting<\/code> durch <code>\/settingchannel <a href=\"\/es\/settings-and-features\/#Referencing_a_source_channel\">source_channel_reference<\/a><\/code> <a href=\"\/es\/settings-and-features\/#Applying_settings_to_one_or_all_channels\">(lesen Sie mehr<\/a>).<\/p>\n<\/div><\/details>\n\n<h3 class=\"wp-block-heading\"><span class=\"ez-toc-section\" id=\"Geschichten\"><\/span>Geschichten<span class=\"ez-toc-section-end\"><\/span><\/h3>\n\n<pre class=\"wp-block-preformatted\">Wo ist sie?\n<strong>Men\u00fc \u2192 Weiterleitungseinstellungen \u2192 Quelle und Ziel w\u00e4hlen \u2192 Geschichten<\/strong><\/pre>\n\n<p>Sie k\u00f6nnen w\u00e4hlen, auf welche Weise Sie Stories erhalten m\u00f6chten.<\/p>\n\n<p>Derzeit werden Stories nur bei Direktverbindungen unterst\u00fctzt.<\/p>\n\n<details class=\"wp-block-mamaduka-toggles wp-block-toggles\"><summary>\u23f5Commands<\/summary><div class=\"wp-block-toggles__content\">\n<pre class=\"wp-block-preformatted\"><span class=\"cool-title\">\/Setting Story<\/span> + eine der folgenden Optionen:\n\n<span class=\"cool-title\">Nachricht<\/span> - Geschichten werden als Nachrichten erscheinen\nEx.  <code>\/setting story message<\/code>\n\n<span class=\"cool-title\">ignorieren<\/span> - Geschichten werden ignoriert\nEx.  <code>\/setting story text_only<\/code><\/pre>\n\n\n\n<p>Sie k\u00f6nnen diese Einstellung im Men\u00fc vornehmen, aber auch die Befehle verwenden. Wenn Sie die Befehle verwenden, um diese Einstellung nur auf einen Kanal anzuwenden, ersetzen Sie den Befehl <code>\/setting<\/code> durch <code>\/settingchannel <a href=\"\/es\/settings-and-features\/#Referencing_a_source_channel\">source_channel_reference<\/a><\/code> <a href=\"\/es\/settings-and-features\/#Applying_settings_to_one_or_all_channels\">(lesen Sie mehr<\/a>).<\/p>\n<\/div><\/details>\n","protected":false},"excerpt":{"rendered":"<p>Inhalt Mit diesen Einstellungen k\u00f6nnen Sie das Aussehen der Medienbeschriftungen und die Namen der Autoren \u00e4ndern und die L\u00e4nge der Nachrichten festlegen. Untertitel Wo ist sie? Men\u00fc \u2192 Weiterleitungseinstellungen \u2192 Quelle und Ziel w\u00e4hlen \u2192 Untertitel Sie k\u00f6nnen w\u00e4hlen, wie Sie ein Medium (Bild, Video usw.) und seine Beschriftung empfangen\/weiterleiten m\u00f6chten. Autor Wo ist sie? [&hellip;]<\/p>\n","protected":false},"author":1,"featured_media":0,"parent":0,"menu_order":0,"comment_status":"closed","ping_status":"closed","template":"","meta":{"nf_dc_page":"","_monsterinsights_skip_tracking":false,"_monsterinsights_sitenote_active":false,"_monsterinsights_sitenote_note":"","_monsterinsights_sitenote_category":0,"ocean_post_layout":"","ocean_both_sidebars_style":"","ocean_both_sidebars_content_width":0,"ocean_both_sidebars_sidebars_width":0,"ocean_sidebar":"0","ocean_second_sidebar":"0","ocean_disable_margins":"enable","ocean_add_body_class":"","ocean_shortcode_before_top_bar":"","ocean_shortcode_after_top_bar":"","ocean_shortcode_before_header":"","ocean_shortcode_after_header":"","ocean_has_shortcode":"","ocean_shortcode_after_title":"","ocean_shortcode_before_footer_widgets":"","ocean_shortcode_after_footer_widgets":"","ocean_shortcode_before_footer_bottom":"","ocean_shortcode_after_footer_bottom":"","ocean_display_top_bar":"default","ocean_display_header":"default","ocean_header_style":"","ocean_center_header_left_menu":"0","ocean_custom_header_template":"0","ocean_custom_logo":0,"ocean_custom_retina_logo":0,"ocean_custom_logo_max_width":0,"ocean_custom_logo_tablet_max_width":0,"ocean_custom_logo_mobile_max_width":0,"ocean_custom_logo_max_height":0,"ocean_custom_logo_tablet_max_height":0,"ocean_custom_logo_mobile_max_height":0,"ocean_header_custom_menu":"0","ocean_menu_typo_font_family":"0","ocean_menu_typo_font_subset":"","ocean_menu_typo_font_size":0,"ocean_menu_typo_font_size_tablet":0,"ocean_menu_typo_font_size_mobile":0,"ocean_menu_typo_font_size_unit":"px","ocean_menu_typo_font_weight":"","ocean_menu_typo_font_weight_tablet":"","ocean_menu_typo_font_weight_mobile":"","ocean_menu_typo_transform":"","ocean_menu_typo_transform_tablet":"","ocean_menu_typo_transform_mobile":"","ocean_menu_typo_line_height":0,"ocean_menu_typo_line_height_tablet":0,"ocean_menu_typo_line_height_mobile":0,"ocean_menu_typo_line_height_unit":"","ocean_menu_typo_spacing":0,"ocean_menu_typo_spacing_tablet":0,"ocean_menu_typo_spacing_mobile":0,"ocean_menu_typo_spacing_unit":"","ocean_menu_link_color":"","ocean_menu_link_color_hover":"","ocean_menu_link_color_active":"","ocean_menu_link_background":"","ocean_menu_link_hover_background":"","ocean_menu_link_active_background":"","ocean_menu_social_links_bg":"","ocean_menu_social_hover_links_bg":"","ocean_menu_social_links_color":"","ocean_menu_social_hover_links_color":"","ocean_disable_title":"default","ocean_disable_heading":"default","ocean_post_title":"","ocean_post_subheading":"","ocean_post_title_style":"","ocean_post_title_background_color":"","ocean_post_title_background":0,"ocean_post_title_bg_image_position":"","ocean_post_title_bg_image_attachment":"","ocean_post_title_bg_image_repeat":"","ocean_post_title_bg_image_size":"","ocean_post_title_height":0,"ocean_post_title_bg_overlay":0.5,"ocean_post_title_bg_overlay_color":"","ocean_disable_breadcrumbs":"default","ocean_breadcrumbs_color":"","ocean_breadcrumbs_separator_color":"","ocean_breadcrumbs_links_color":"","ocean_breadcrumbs_links_hover_color":"","ocean_display_footer_widgets":"default","ocean_display_footer_bottom":"default","ocean_custom_footer_template":"0","footnotes":""},"class_list":["post-4158","page","type-page","status-publish","hentry","entry"],"yoast_head":"<!-- This site is optimized with the Yoast SEO plugin v26.9 - https:\/\/yoast.com\/product\/yoast-seo-wordpress\/ -->\n<title>Junction Bot - Inhalt<\/title>\n<meta name=\"robots\" content=\"index, follow, max-snippet:-1, max-image-preview:large, max-video-preview:-1\" \/>\n<link rel=\"canonical\" href=\"https:\/\/old.junctionbot.io\/de\/inhalt\/\" \/>\n<meta property=\"og:locale\" content=\"de_DE\" \/>\n<meta property=\"og:type\" content=\"article\" \/>\n<meta property=\"og:title\" content=\"Junction Bot - Inhalt\" \/>\n<meta property=\"og:description\" content=\"Inhalt Mit diesen Einstellungen k\u00f6nnen Sie das Aussehen der Medienbeschriftungen und die Namen der Autoren \u00e4ndern und die L\u00e4nge der Nachrichten festlegen. Untertitel Wo ist sie? Men\u00fc \u2192 Weiterleitungseinstellungen \u2192 Quelle und Ziel w\u00e4hlen \u2192 Untertitel Sie k\u00f6nnen w\u00e4hlen, wie Sie ein Medium (Bild, Video usw.) und seine Beschriftung empfangen\/weiterleiten m\u00f6chten. Autor Wo ist sie? [&hellip;]\" \/>\n<meta property=\"og:url\" content=\"https:\/\/old.junctionbot.io\/de\/inhalt\/\" \/>\n<meta property=\"og:site_name\" content=\"Junction Bot\" \/>\n<meta property=\"article:modified_time\" content=\"2023-12-05T10:31:36+00:00\" \/>\n<meta name=\"twitter:card\" content=\"summary_large_image\" \/>\n<meta name=\"twitter:label1\" content=\"Gesch\u00e4tzte Lesezeit\" \/>\n\t<meta name=\"twitter:data1\" content=\"2\u00a0Minuten\" \/>\n<script type=\"application\/ld+json\" class=\"yoast-schema-graph\">{\"@context\":\"https:\/\/schema.org\",\"@graph\":[{\"@type\":\"WebPage\",\"@id\":\"https:\/\/old.junctionbot.io\/de\/inhalt\/\",\"url\":\"https:\/\/old.junctionbot.io\/de\/inhalt\/\",\"name\":\"Junction Bot - Inhalt\",\"isPartOf\":{\"@id\":\"https:\/\/junctionbot.io\/#website\"},\"datePublished\":\"2020-04-21T18:50:24+00:00\",\"dateModified\":\"2023-12-05T10:31:36+00:00\",\"breadcrumb\":{\"@id\":\"https:\/\/old.junctionbot.io\/de\/inhalt\/#breadcrumb\"},\"inLanguage\":\"de\",\"potentialAction\":[{\"@type\":\"ReadAction\",\"target\":[\"https:\/\/old.junctionbot.io\/de\/inhalt\/\"]}]},{\"@type\":\"BreadcrumbList\",\"@id\":\"https:\/\/old.junctionbot.io\/de\/inhalt\/#breadcrumb\",\"itemListElement\":[{\"@type\":\"ListItem\",\"position\":1,\"name\":\"Home\",\"item\":\"https:\/\/junctionbot.io\/de\/\"},{\"@type\":\"ListItem\",\"position\":2,\"name\":\"Inhalt\"}]},{\"@type\":\"WebSite\",\"@id\":\"https:\/\/junctionbot.io\/#website\",\"url\":\"https:\/\/junctionbot.io\/\",\"name\":\"Junction Bot\",\"description\":\"Auto Copy Forward Transform and Translate Telegram Channels Groups and Bots\",\"publisher\":{\"@id\":\"https:\/\/junctionbot.io\/#organization\"},\"potentialAction\":[{\"@type\":\"SearchAction\",\"target\":{\"@type\":\"EntryPoint\",\"urlTemplate\":\"https:\/\/junctionbot.io\/?s={search_term_string}\"},\"query-input\":{\"@type\":\"PropertyValueSpecification\",\"valueRequired\":true,\"valueName\":\"search_term_string\"}}],\"inLanguage\":\"de\"},{\"@type\":\"Organization\",\"@id\":\"https:\/\/junctionbot.io\/#organization\",\"name\":\"Junction Bot\",\"url\":\"https:\/\/junctionbot.io\/\",\"logo\":{\"@type\":\"ImageObject\",\"inLanguage\":\"de\",\"@id\":\"https:\/\/junctionbot.io\/#\/schema\/logo\/image\/\",\"url\":\"\/wp-content\/uploads\/2020\/06\/junc_logo-400.jpg\",\"contentUrl\":\"\/wp-content\/uploads\/2020\/06\/junc_logo-400.jpg\",\"width\":400,\"height\":400,\"caption\":\"Junction Bot\"},\"image\":{\"@id\":\"https:\/\/junctionbot.io\/#\/schema\/logo\/image\/\"}}]}<\/script>\n<!-- \/ Yoast SEO plugin. -->","yoast_head_json":{"title":"Junction Bot - Inhalt","robots":{"index":"index","follow":"follow","max-snippet":"max-snippet:-1","max-image-preview":"max-image-preview:large","max-video-preview":"max-video-preview:-1"},"canonical":"https:\/\/old.junctionbot.io\/de\/inhalt\/","og_locale":"de_DE","og_type":"article","og_title":"Junction Bot - Inhalt","og_description":"Inhalt Mit diesen Einstellungen k\u00f6nnen Sie das Aussehen der Medienbeschriftungen und die Namen der Autoren \u00e4ndern und die L\u00e4nge der Nachrichten festlegen. Untertitel Wo ist sie? Men\u00fc \u2192 Weiterleitungseinstellungen \u2192 Quelle und Ziel w\u00e4hlen \u2192 Untertitel Sie k\u00f6nnen w\u00e4hlen, wie Sie ein Medium (Bild, Video usw.) und seine Beschriftung empfangen\/weiterleiten m\u00f6chten. Autor Wo ist sie? [&hellip;]","og_url":"https:\/\/old.junctionbot.io\/de\/inhalt\/","og_site_name":"Junction Bot","article_modified_time":"2023-12-05T10:31:36+00:00","twitter_card":"summary_large_image","twitter_misc":{"Gesch\u00e4tzte Lesezeit":"2\u00a0Minuten"},"schema":{"@context":"https:\/\/schema.org","@graph":[{"@type":"WebPage","@id":"https:\/\/old.junctionbot.io\/de\/inhalt\/","url":"https:\/\/old.junctionbot.io\/de\/inhalt\/","name":"Junction Bot - Inhalt","isPartOf":{"@id":"https:\/\/junctionbot.io\/#website"},"datePublished":"2020-04-21T18:50:24+00:00","dateModified":"2023-12-05T10:31:36+00:00","breadcrumb":{"@id":"https:\/\/old.junctionbot.io\/de\/inhalt\/#breadcrumb"},"inLanguage":"de","potentialAction":[{"@type":"ReadAction","target":["https:\/\/old.junctionbot.io\/de\/inhalt\/"]}]},{"@type":"BreadcrumbList","@id":"https:\/\/old.junctionbot.io\/de\/inhalt\/#breadcrumb","itemListElement":[{"@type":"ListItem","position":1,"name":"Home","item":"https:\/\/junctionbot.io\/de\/"},{"@type":"ListItem","position":2,"name":"Inhalt"}]},{"@type":"WebSite","@id":"https:\/\/junctionbot.io\/#website","url":"https:\/\/junctionbot.io\/","name":"Junction Bot","description":"Auto Copy Forward Transform and Translate Telegram Channels Groups and Bots","publisher":{"@id":"https:\/\/junctionbot.io\/#organization"},"potentialAction":[{"@type":"SearchAction","target":{"@type":"EntryPoint","urlTemplate":"https:\/\/junctionbot.io\/?s={search_term_string}"},"query-input":{"@type":"PropertyValueSpecification","valueRequired":true,"valueName":"search_term_string"}}],"inLanguage":"de"},{"@type":"Organization","@id":"https:\/\/junctionbot.io\/#organization","name":"Junction Bot","url":"https:\/\/junctionbot.io\/","logo":{"@type":"ImageObject","inLanguage":"de","@id":"https:\/\/junctionbot.io\/#\/schema\/logo\/image\/","url":"\/wp-content\/uploads\/2020\/06\/junc_logo-400.jpg","contentUrl":"\/wp-content\/uploads\/2020\/06\/junc_logo-400.jpg","width":400,"height":400,"caption":"Junction Bot"},"image":{"@id":"https:\/\/junctionbot.io\/#\/schema\/logo\/image\/"}}]}},"_links":{"self":[{"href":"https:\/\/old.junctionbot.io\/de\/wp-json\/wp\/v2\/pages\/4158","targetHints":{"allow":["GET"]}}],"collection":[{"href":"https:\/\/old.junctionbot.io\/de\/wp-json\/wp\/v2\/pages"}],"about":[{"href":"https:\/\/old.junctionbot.io\/de\/wp-json\/wp\/v2\/types\/page"}],"author":[{"embeddable":true,"href":"https:\/\/old.junctionbot.io\/de\/wp-json\/wp\/v2\/users\/1"}],"replies":[{"embeddable":true,"href":"https:\/\/old.junctionbot.io\/de\/wp-json\/wp\/v2\/comments?post=4158"}],"version-history":[{"count":1,"href":"https:\/\/old.junctionbot.io\/de\/wp-json\/wp\/v2\/pages\/4158\/revisions"}],"predecessor-version":[{"id":4163,"href":"https:\/\/old.junctionbot.io\/de\/wp-json\/wp\/v2\/pages\/4158\/revisions\/4163"}],"wp:attachment":[{"href":"https:\/\/old.junctionbot.io\/de\/wp-json\/wp\/v2\/media?parent=4158"}],"curies":[{"name":"wp","href":"https:\/\/api.w.org\/{rel}","templated":true}]}}