{"id":4160,"date":"2020-04-17T11:29:29","date_gmt":"2020-04-17T09:29:29","guid":{"rendered":"https:\/\/junctionbot.io\/getting-started\/\/abonnements\/"},"modified":"2023-12-05T12:31:36","modified_gmt":"2023-12-05T10:31:36","slug":"abonnements","status":"publish","type":"page","link":"https:\/\/old.junctionbot.io\/de\/abonnements\/","title":{"rendered":"Abonnements"},"content":{"rendered":"\n<h2 class=\"wp-block-heading\"><span class=\"ez-toc-section\" id=\"Abonnements\"><\/span>Abonnements<span class=\"ez-toc-section-end\"><\/span><\/h2>\n\n<p>Mit dem Junction-Bot k\u00f6nnen Sie Kan\u00e4le und Gruppen zum Lesen abonnieren &#8211; das nennen wir ein <strong>Abonnement. <\/strong>Sie k\u00f6nnen mehrere Quellen als einen Feed lesen. Es bedeutet aber nicht w\u00f6rtlich &#8220;eine&#8221;! Sie k\u00f6nnen so viele Feeds erstellen, wie Sie m\u00f6chten. Zum Beispiel, um verschiedene Quellen nach Themen zu gruppieren (Feed mit Ihren Lieblingsbloggern, Feed mit Krypto-Nachrichten, Feed mit s\u00fc\u00dfen Katzen usw.).<\/p>\n\n<p>Informationen zu Einschr\u00e4nkungen und Preisen finden Sie <a href=\"\/de\/die-wahl-des-richtigen-kontotyps\/\">hier<\/a>.<\/p>\n\n<h3 class=\"wp-block-heading\"><span class=\"ez-toc-section\" id=\"Nachrichten_in_einem_Feed_lesen\"><\/span>Nachrichten in einem Feed lesen<span class=\"ez-toc-section-end\"><\/span><\/h3>\n\n<p>Schlie\u00dfen Sie zun\u00e4chst Freundschaft mit dem Bot (finden Sie @junction_bot \u00fcber die Telegrammsuche oder klicken Sie <a href=\"https:\/\/t.me\/junction_bot\">hier<\/a>).<\/p>\n\n<ol class=\"wp-block-list\">\n<li>Senden Sie @channel_name oder einen Einladungslink des Kanals, den Sie hinzuf\u00fcgen m\u00f6chten, an den Bot.<\/li>\n\n\n\n<li>Wenn Sie sich \u00fcber den Namen des Channels nicht sicher sind, verwenden Sie den Inline-Modus: Geben Sie im Chat meinen Namen ein &#8211; @junction_bot, dann ein Leerzeichen und dann irgendetwas, wonach Sie suchen (zum Beispiel <code>@junction_bot bitcoin<\/code>). Ich zeige Ihnen alle mir bekannten Kan\u00e4le, die dieses Wort in Namen, Titel oder Beschreibung enthalten.<\/li>\n<\/ol>\n\n<p><strong>Sie m\u00fcssen nicht Mitglied in diesem Kanal sein<\/strong>!<\/p>\n\n<p>Sehen Sie <a href=\"\/de\/einstellungen-funktionen\/\">hier<\/a>, was Sie mit Ihrem Abonnement machen k\u00f6nnen.<\/p>\n\n<h3 class=\"wp-block-heading\"><span class=\"ez-toc-section\" id=\"Nachrichten_in_mehreren_Feeds_lesen\"><\/span>Nachrichten in mehreren Feeds lesen<span class=\"ez-toc-section-end\"><\/span><\/h3>\n\n<p>Manchmal ist es sinnvoller, die eingehenden Nachrichten in mehrere Feeds zu gruppieren. Sie k\u00f6nnen Ihre Feeds flexibel anpassen, indem Sie z. B. <a href=\"\/filtering\/\">Filterregeln<\/a> verwenden und ihnen verschiedene Titel und Bilder zuweisen.<\/p>\n\n<p>Um mehrere Feeds zu erstellen:<br\/><strong>1.<\/strong> Erstellen Sie einen Chat und laden Sie @junction_bot als Administrator dazu ein. Au\u00dfer Ihnen sollten keine anderen Benutzer oder Bots dort sein! Wir nennen diesen Chat einen <strong>Service-Chat<\/strong> (ein Chat, an dem nur Sie und der Bot teilnehmen).<\/p>\n\n<p>Funktioniert nicht? Einige Telegram-Clients erlauben es nicht, einen leeren Chat mit dem Bot zu erstellen. Bitte verwenden Sie die folgende Abhilfe:<br\/>a) einen Chat erstellen und eine beliebige Person dazu hinzuf\u00fcgen<br\/>b) diese Person zu entfernen<br\/>c) @junction_bot zu den Mitgliedern hinzuf\u00fcgen<br\/>Halten Sie genau diese Reihenfolge ein!<\/p>\n\n<p><strong>2.<\/strong> Jetzt k\u00f6nnen Sie Ihre Abonnements (siehe die Liste der Befehle <a href=\"#Commands\">hier<\/a>) und den Feed selbst verwalten. Sie k\u00f6nnen den Chatnamen und das Bild des Feeds \u00e4ndern, <a href=\"\/filtering\/\">Filter<\/a> anwenden usw.!<\/p>\n\n<p>Um alle Ihre Service-Chats zu sehen, verwenden Sie den Befehl \/subs (fr\u00fcher \/list).  <\/p>\n\n<p>Die Abonnements, die Sie in einem Service-Chat lesen, sollten in diesem Chat verwaltet werden (nicht im Hauptchat mit @junction_bot). Die Anzahl Ihrer aktiven Abonnements ist gleich der Summe der Abonnements im Haupt-Chat mit dem Bot und allen aktiven Abonnements aus den Service-Chats.<\/p>\n\n<p>PS: In diesen Feeds k\u00f6nnen Sie keine weitergeleiteten Nachrichten verwenden, um Kan\u00e4le zu abonnieren. Bitte verwenden Sie den Befehl \/join@junction_bot @channel_name<\/p>\n\n<h3 class=\"wp-block-heading\"><span class=\"ez-toc-section\" id=\"Kanaele_durchsuchen\"><\/span>Kan\u00e4le durchsuchen<span class=\"ez-toc-section-end\"><\/span><\/h3>\n\n<p><strong>Neue Kan\u00e4le finden <\/strong>&#8211; Der Junction-Bot verf\u00fcgt \u00fcber eine Funktion, mit der Sie \u00e4hnliche Kan\u00e4le wie in Ihrem aktuellen Abonnement finden k\u00f6nnen. Verwenden Sie dazu den Befehl <span class=\"cool-title\">\/find<\/span>.<\/p>\n\n<p><strong>Kan\u00e4le nach W\u00f6rtern durchsuchen<\/strong> &#8211; verwenden Sie den Inline-Modus: Geben Sie im Chat mit dem Junction-Bot seinen Namen ein (@junction_bot), dann ein Leerzeichen und dann alles, wonach Sie suchen.  <\/p>\n\n<pre class=\"wp-block-preformatted\">Beispiel: <code>@junction_bot bitcoin<\/code> - zeigt Ihnen eine Liste der Kan\u00e4le, die das Wort \"Bitcoin\" in ihrem Namen, Titel oder ihrer Beschreibung enthalten.<\/pre>\n\n<h3 class=\"wp-block-heading\"><span class=\"ez-toc-section\" id=\"Grenzwerte\"><\/span>Grenzwerte<span class=\"ez-toc-section-end\"><\/span><\/h3>\n\n<p>Sie starten den Junction-Bot mit einer Demo mit einem Limit von 100 Abonnements. Ein kostenloses Konto hat ein Limit von 7 Abonnements. Mehr \u00fcber die verschiedenen Arten von Konten k\u00f6nnen Sie <a href=\"\/de\/die-wahl-des-richtigen-kontotyps\/\">hier<\/a> lesen.<\/p>\n\n<pre class=\"wp-block-preformatted\"><mark style=\"background-color:rgba(0, 0, 0, 0)\" class=\"has-inline-color has-very-dark-gray-color\"><h3><span class=\"ez-toc-section\" id=\"Befehle\"><\/span>Befehle<span class=\"ez-toc-section-end\"><\/span><\/h3><\/mark><span class=\"cool-title\">\/join<\/span> - einen Kanal abonnieren.\nFormat:  <code>\/join <a data-type=\"URL\" data-id=\"\/settings-and-features\/#Referencing_a_source_channel\" href=\"\/de\/einstellungen-funktionen\/#Referencing_a_source_channel\">channel_reference<\/a><\/code>\nEx.  <code>\/join @cool_channel<\/code> \nOR  <code>\/join https:\/\/t.me\/joinchat\/BzNPNEIpr5UluNgf7ahmdw<\/code>\n\n<span class=\"cool-title\">\/leave<\/span> - Abmeldung von einem Kanal.\nFormat:  <code>\/leave <a data-type=\"URL\" data-id=\"\/settings-and-features\/#Referencing_a_source_channel\" href=\"\/de\/einstellungen-funktionen\/#Referencing_a_source_channel\">channel_reference<\/a><\/code>\nEx.  <code>\/leave <code>@cool_channel<\/code><\/code> \nOR  <code>\/leave <code>https:\/\/t.me\/joinchat\/BzNPNEIpr5UluNgf7ahmdw<\/code><\/code>\n\n<span class=\"cool-title\">\/leaveall<\/span> - alle Kan\u00e4le verlassen.\n\n<span class=\"cool-title\">\/disable<\/span> - stoppt den Empfang von Nachrichten aus einem Kanal.\nFormat:  <code>\/disable <a data-type=\"URL\" data-id=\"\/settings-and-features\/#Referencing_a_source_channel\" href=\"\/de\/einstellungen-funktionen\/#Referencing_a_source_channel\">channel_reference<\/a><\/code>\nEx.  <code>\/disable https:\/\/t.me\/cool_channel<\/code>\n\n<span class=\"cool-title\">\/enable<\/span> - startet den Empfang von Nachrichten von einem Kanal.\nFormat:  <code>\/enable <a data-type=\"URL\" data-id=\"\/settings-and-features\/#Referencing_a_source_channel\" href=\"\/de\/einstellungen-funktionen\/#Referencing_a_source_channel\">channel_reference<\/a><\/code>\nEx.  <code>\/enable https:\/\/t.me\/cool_channel<\/code>\n\n<span class=\"cool-title\">\/enableall<\/span> - startet den Empfang von Nachrichten von allen Kan\u00e4len, die Sie abonniert haben.\n\n<span class=\"cool-title\">\/disableall<\/span> - stoppt den Empfang von Nachrichten von allen Kan\u00e4len, die Sie abonniert haben.\n\n<span class=\"cool-title\">\/subs<\/span> (oder die entsprechende Men\u00fcschaltfl\u00e4che) - zeigt die aktuellen Abonnements an. Die Abonnements sind mit einem \"+\" oder \"-\" gekennzeichnet, was bedeutet, dass sie entsprechend aktiv oder deaktiviert sind.\n\n<span class=\"cool-title\">\/find<\/span> - findet Kan\u00e4le, die denen in Ihrem aktuellen Abonnement \u00e4hnlich sind.<\/pre>\n\n<p>???????? Weitere Informationen \u00fcber die Funktionen des Bots finden Sie <a href=\"\/filtering\/\">hier<\/a>.<\/p>\n\n<h3 class=\"wp-block-heading\"><span class=\"ez-toc-section\" id=\"Verringerung_von_Verzoegerungen\"><\/span>Verringerung von Verz\u00f6gerungen<span class=\"ez-toc-section-end\"><\/span><\/h3>\n\n<p>Bei \u00f6ffentlichen Kan\u00e4len mit einem Standardkonto kann die Zustellung von Nachrichten bis zu 1 Stunde dauern. Bei privaten Sendern erfolgt die Zustellung in der Regel sofort, in seltenen F\u00e4llen kann sie aber auch bis zu 10-20 Minuten dauern.<\/p>\n\n<p>Wenn Ihr Quellkanal v\u00f6llig neu im System ist und wir eine hohe Last haben, kann es eine Weile dauern, bis der Bot Nachrichten von diesem Kanal erh\u00e4lt. Bitte teilen Sie uns mit, wenn es l\u00e4nger als einen Tag dauert.<\/p>\n\n<p>Wir bieten einen Dienst zur Beschleunigung der Zustellung \u00fcber einen \u00f6ffentlichen Kanal an, so dass die Zustellung einige Sekunden dauert. Dieser Dienst kostet 1,20 \u20ac pro Kanal und Monat. Sie k\u00f6nnen die Beschleunigung jederzeit mit dem Befehl <code>\/express<\/code> aktivieren\/deaktivieren.<\/p>\n\n<p>Eine weitere M\u00f6glichkeit zur sofortigen Zustellung besteht in der Verwendung der <a href=\"\/de\/direkte-verbindung\/\">Direktverbindung<\/a>. Alle Nachrichten von Direktverbindungen kommen sofort.<\/p>\n\n<p>Wenn Sie an einem dieser Dienste interessiert sind, erfahren Sie <a href=\"\/payment\/#Buying_an_Extra_Package\">hier<\/a> mehr dar\u00fcber, wie Sie sie kaufen k\u00f6nnen.<\/p>\n\n<h3 class=\"wp-block-heading\"><span class=\"ez-toc-section\" id=\"Status_%E2%80%9CAusstehend%E2%80%9D\"><\/span>Status &#8220;Ausstehend&#8221;<span class=\"ez-toc-section-end\"><\/span><\/h3>\n\n<p>Wenn Ihr Quellkanal v\u00f6llig neu im System ist und wir eine hohe Last haben, kann es eine Weile dauern, bis der Bot Nachrichten von diesem Kanal erh\u00e4lt.<\/p>\n\n<p>Wenn Sie mit dem Befehl <span class=\"cool-title\">\/list<\/span> Kan\u00e4le sehen, die mit PENDING markiert sind, bedeutet dies, dass diese Kan\u00e4le darauf warten, mit dem Bot verbunden zu werden. Bitte warten Sie 10-30 Minuten, dann kommen die ersten Nachrichten.<\/p>\n\n<p>Bitte teilen Sie uns mit, wenn es l\u00e4nger als einen Tag dauert.<\/p>\n\n<h3 class=\"wp-block-heading\"><span class=\"ez-toc-section\" id=\"Entfernen_aller_Abonnements\"><\/span>Entfernen aller Abonnements<span class=\"ez-toc-section-end\"><\/span><\/h3>\n\n<p>Alle Abonnements des aktuellen Chats k\u00f6nnen mit dem Befehl gel\u00f6scht werden<br\/><code>\/leaveall<\/code><\/p>\n\n<p>Manchmal ist es erforderlich, Abonnements f\u00fcr einen Service-Chat zu l\u00f6schen, der nicht mehr verf\u00fcgbar ist. Verwenden Sie dann <code>\/leaveall<\/code> mit der Chatnummer als Argument. Zum Beispiel:<br\/><code>\/leaveall 123456789<\/code><\/p>\n\n<h3 class=\"wp-block-heading\"><span class=\"ez-toc-section\" id=\"Wenn_Sie_mehr_als_100_Abonnements_benoetigen\"><\/span>Wenn Sie mehr als 100 Abonnements ben\u00f6tigen<span class=\"ez-toc-section-end\"><\/span><\/h3>\n\n<p>Um mehr als 100 Abonnements zu erhalten, m\u00fcssen Sie einen Chat ohne Service mit dem Bot erstellen. Es wird als separates Konto betrachtet und hat dementsprechend unabh\u00e4ngige Limits. Wenn Sie ein Standardkonto in diesem Chat erwerben, k\u00f6nnen Sie darin weitere 100 Abonnements erstellen.  <\/p>\n\n<p>Um einen dienstfreien Chat zu erstellen, m\u00fcssen Sie nur eine andere Person als sich selbst und <a data-type=\"URL\" data-id=\"https:\/\/t.me\/junction_bot\" href=\"https:\/\/t.me\/junction_bot\">@junction_bot<\/a> zum Chat hinzuf\u00fcgen: einen anderen Benutzer oder einen Bot. Danach k\u00f6nnen Sie mit dem Befehl <code>\/account<\/code> \u00fcberpr\u00fcfen, ob der Chat zu einem Nicht-Service-Chat geworden ist. Wenn Sie sehen, dass der Chat zu einem Nicht-Service-Chat geworden ist, k\u00f6nnen Sie unn\u00f6tige Teilnehmer aus dem Chat entfernen.<\/p>\n","protected":false},"excerpt":{"rendered":"<p>Abonnements Mit dem Junction-Bot k\u00f6nnen Sie Kan\u00e4le und Gruppen zum Lesen abonnieren &#8211; das nennen wir ein Abonnement. Sie k\u00f6nnen mehrere Quellen als einen Feed lesen. Es bedeutet aber nicht w\u00f6rtlich &#8220;eine&#8221;! Sie k\u00f6nnen so viele Feeds erstellen, wie Sie m\u00f6chten. Zum Beispiel, um verschiedene Quellen nach Themen zu gruppieren (Feed mit Ihren Lieblingsbloggern, Feed [&hellip;]<\/p>\n","protected":false},"author":1,"featured_media":0,"parent":0,"menu_order":0,"comment_status":"closed","ping_status":"closed","template":"","meta":{"nf_dc_page":"","_monsterinsights_skip_tracking":false,"_monsterinsights_sitenote_active":false,"_monsterinsights_sitenote_note":"","_monsterinsights_sitenote_category":0,"ocean_post_layout":"","ocean_both_sidebars_style":"","ocean_both_sidebars_content_width":0,"ocean_both_sidebars_sidebars_width":0,"ocean_sidebar":"0","ocean_second_sidebar":"0","ocean_disable_margins":"enable","ocean_add_body_class":"","ocean_shortcode_before_top_bar":"","ocean_shortcode_after_top_bar":"","ocean_shortcode_before_header":"","ocean_shortcode_after_header":"","ocean_has_shortcode":"","ocean_shortcode_after_title":"","ocean_shortcode_before_footer_widgets":"","ocean_shortcode_after_footer_widgets":"","ocean_shortcode_before_footer_bottom":"","ocean_shortcode_after_footer_bottom":"","ocean_display_top_bar":"default","ocean_display_header":"default","ocean_header_style":"","ocean_center_header_left_menu":"0","ocean_custom_header_template":"0","ocean_custom_logo":0,"ocean_custom_retina_logo":0,"ocean_custom_logo_max_width":0,"ocean_custom_logo_tablet_max_width":0,"ocean_custom_logo_mobile_max_width":0,"ocean_custom_logo_max_height":0,"ocean_custom_logo_tablet_max_height":0,"ocean_custom_logo_mobile_max_height":0,"ocean_header_custom_menu":"0","ocean_menu_typo_font_family":"0","ocean_menu_typo_font_subset":"","ocean_menu_typo_font_size":0,"ocean_menu_typo_font_size_tablet":0,"ocean_menu_typo_font_size_mobile":0,"ocean_menu_typo_font_size_unit":"px","ocean_menu_typo_font_weight":"","ocean_menu_typo_font_weight_tablet":"","ocean_menu_typo_font_weight_mobile":"","ocean_menu_typo_transform":"","ocean_menu_typo_transform_tablet":"","ocean_menu_typo_transform_mobile":"","ocean_menu_typo_line_height":0,"ocean_menu_typo_line_height_tablet":0,"ocean_menu_typo_line_height_mobile":0,"ocean_menu_typo_line_height_unit":"","ocean_menu_typo_spacing":0,"ocean_menu_typo_spacing_tablet":0,"ocean_menu_typo_spacing_mobile":0,"ocean_menu_typo_spacing_unit":"","ocean_menu_link_color":"","ocean_menu_link_color_hover":"","ocean_menu_link_color_active":"","ocean_menu_link_background":"","ocean_menu_link_hover_background":"","ocean_menu_link_active_background":"","ocean_menu_social_links_bg":"","ocean_menu_social_hover_links_bg":"","ocean_menu_social_links_color":"","ocean_menu_social_hover_links_color":"","ocean_disable_title":"default","ocean_disable_heading":"default","ocean_post_title":"","ocean_post_subheading":"","ocean_post_title_style":"","ocean_post_title_background_color":"","ocean_post_title_background":0,"ocean_post_title_bg_image_position":"","ocean_post_title_bg_image_attachment":"","ocean_post_title_bg_image_repeat":"","ocean_post_title_bg_image_size":"","ocean_post_title_height":0,"ocean_post_title_bg_overlay":0.5,"ocean_post_title_bg_overlay_color":"","ocean_disable_breadcrumbs":"default","ocean_breadcrumbs_color":"","ocean_breadcrumbs_separator_color":"","ocean_breadcrumbs_links_color":"","ocean_breadcrumbs_links_hover_color":"","ocean_display_footer_widgets":"default","ocean_display_footer_bottom":"default","ocean_custom_footer_template":"0","footnotes":""},"class_list":["post-4160","page","type-page","status-publish","hentry","entry"],"yoast_head":"<!-- This site is optimized with the Yoast SEO plugin v26.9 - https:\/\/yoast.com\/product\/yoast-seo-wordpress\/ -->\n<title>Junction Bot - Abonnements<\/title>\n<meta name=\"description\" content=\"Lesen Sie Ihre Lieblings-Telegram-Kan\u00e4le und -Gruppen in einem Feed (oder erstellen Sie mehrere benutzerdefinierte Feeds).\" \/>\n<meta name=\"robots\" content=\"index, follow, max-snippet:-1, max-image-preview:large, max-video-preview:-1\" \/>\n<link rel=\"canonical\" href=\"https:\/\/old.junctionbot.io\/de\/abonnements\/\" \/>\n<meta property=\"og:locale\" content=\"de_DE\" \/>\n<meta property=\"og:type\" content=\"article\" \/>\n<meta property=\"og:title\" content=\"Junction Bot - Abonnements\" \/>\n<meta property=\"og:description\" content=\"Lesen Sie Ihre Lieblings-Telegram-Kan\u00e4le und -Gruppen in einem Feed (oder erstellen Sie mehrere benutzerdefinierte Feeds).\" \/>\n<meta property=\"og:url\" content=\"https:\/\/old.junctionbot.io\/de\/abonnements\/\" \/>\n<meta property=\"og:site_name\" content=\"Junction Bot\" \/>\n<meta property=\"article:modified_time\" content=\"2023-12-05T10:31:36+00:00\" \/>\n<meta name=\"twitter:card\" content=\"summary_large_image\" \/>\n<meta name=\"twitter:label1\" content=\"Gesch\u00e4tzte Lesezeit\" \/>\n\t<meta name=\"twitter:data1\" content=\"6\u00a0Minuten\" \/>\n<script type=\"application\/ld+json\" class=\"yoast-schema-graph\">{\"@context\":\"https:\/\/schema.org\",\"@graph\":[{\"@type\":\"WebPage\",\"@id\":\"https:\/\/old.junctionbot.io\/de\/abonnements\/\",\"url\":\"https:\/\/old.junctionbot.io\/de\/abonnements\/\",\"name\":\"Junction Bot - Abonnements\",\"isPartOf\":{\"@id\":\"https:\/\/junctionbot.io\/#website\"},\"datePublished\":\"2020-04-17T09:29:29+00:00\",\"dateModified\":\"2023-12-05T10:31:36+00:00\",\"description\":\"Lesen Sie Ihre Lieblings-Telegram-Kan\u00e4le und -Gruppen in einem Feed (oder erstellen Sie mehrere benutzerdefinierte Feeds).\",\"breadcrumb\":{\"@id\":\"https:\/\/old.junctionbot.io\/de\/abonnements\/#breadcrumb\"},\"inLanguage\":\"de\",\"potentialAction\":[{\"@type\":\"ReadAction\",\"target\":[\"https:\/\/old.junctionbot.io\/de\/abonnements\/\"]}]},{\"@type\":\"BreadcrumbList\",\"@id\":\"https:\/\/old.junctionbot.io\/de\/abonnements\/#breadcrumb\",\"itemListElement\":[{\"@type\":\"ListItem\",\"position\":1,\"name\":\"Home\",\"item\":\"https:\/\/junctionbot.io\/de\/\"},{\"@type\":\"ListItem\",\"position\":2,\"name\":\"Abonnements\"}]},{\"@type\":\"WebSite\",\"@id\":\"https:\/\/junctionbot.io\/#website\",\"url\":\"https:\/\/junctionbot.io\/\",\"name\":\"Junction Bot\",\"description\":\"Auto Copy Forward Transform and Translate Telegram Channels Groups and Bots\",\"publisher\":{\"@id\":\"https:\/\/junctionbot.io\/#organization\"},\"potentialAction\":[{\"@type\":\"SearchAction\",\"target\":{\"@type\":\"EntryPoint\",\"urlTemplate\":\"https:\/\/junctionbot.io\/?s={search_term_string}\"},\"query-input\":{\"@type\":\"PropertyValueSpecification\",\"valueRequired\":true,\"valueName\":\"search_term_string\"}}],\"inLanguage\":\"de\"},{\"@type\":\"Organization\",\"@id\":\"https:\/\/junctionbot.io\/#organization\",\"name\":\"Junction Bot\",\"url\":\"https:\/\/junctionbot.io\/\",\"logo\":{\"@type\":\"ImageObject\",\"inLanguage\":\"de\",\"@id\":\"https:\/\/junctionbot.io\/#\/schema\/logo\/image\/\",\"url\":\"\/wp-content\/uploads\/2020\/06\/junc_logo-400.jpg\",\"contentUrl\":\"\/wp-content\/uploads\/2020\/06\/junc_logo-400.jpg\",\"width\":400,\"height\":400,\"caption\":\"Junction Bot\"},\"image\":{\"@id\":\"https:\/\/junctionbot.io\/#\/schema\/logo\/image\/\"}}]}<\/script>\n<!-- \/ Yoast SEO plugin. -->","yoast_head_json":{"title":"Junction Bot - Abonnements","description":"Lesen Sie Ihre Lieblings-Telegram-Kan\u00e4le und -Gruppen in einem Feed (oder erstellen Sie mehrere benutzerdefinierte Feeds).","robots":{"index":"index","follow":"follow","max-snippet":"max-snippet:-1","max-image-preview":"max-image-preview:large","max-video-preview":"max-video-preview:-1"},"canonical":"https:\/\/old.junctionbot.io\/de\/abonnements\/","og_locale":"de_DE","og_type":"article","og_title":"Junction Bot - Abonnements","og_description":"Lesen Sie Ihre Lieblings-Telegram-Kan\u00e4le und -Gruppen in einem Feed (oder erstellen Sie mehrere benutzerdefinierte Feeds).","og_url":"https:\/\/old.junctionbot.io\/de\/abonnements\/","og_site_name":"Junction Bot","article_modified_time":"2023-12-05T10:31:36+00:00","twitter_card":"summary_large_image","twitter_misc":{"Gesch\u00e4tzte Lesezeit":"6\u00a0Minuten"},"schema":{"@context":"https:\/\/schema.org","@graph":[{"@type":"WebPage","@id":"https:\/\/old.junctionbot.io\/de\/abonnements\/","url":"https:\/\/old.junctionbot.io\/de\/abonnements\/","name":"Junction Bot - Abonnements","isPartOf":{"@id":"https:\/\/junctionbot.io\/#website"},"datePublished":"2020-04-17T09:29:29+00:00","dateModified":"2023-12-05T10:31:36+00:00","description":"Lesen Sie Ihre Lieblings-Telegram-Kan\u00e4le und -Gruppen in einem Feed (oder erstellen Sie mehrere benutzerdefinierte Feeds).","breadcrumb":{"@id":"https:\/\/old.junctionbot.io\/de\/abonnements\/#breadcrumb"},"inLanguage":"de","potentialAction":[{"@type":"ReadAction","target":["https:\/\/old.junctionbot.io\/de\/abonnements\/"]}]},{"@type":"BreadcrumbList","@id":"https:\/\/old.junctionbot.io\/de\/abonnements\/#breadcrumb","itemListElement":[{"@type":"ListItem","position":1,"name":"Home","item":"https:\/\/junctionbot.io\/de\/"},{"@type":"ListItem","position":2,"name":"Abonnements"}]},{"@type":"WebSite","@id":"https:\/\/junctionbot.io\/#website","url":"https:\/\/junctionbot.io\/","name":"Junction Bot","description":"Auto Copy Forward Transform and Translate Telegram Channels Groups and Bots","publisher":{"@id":"https:\/\/junctionbot.io\/#organization"},"potentialAction":[{"@type":"SearchAction","target":{"@type":"EntryPoint","urlTemplate":"https:\/\/junctionbot.io\/?s={search_term_string}"},"query-input":{"@type":"PropertyValueSpecification","valueRequired":true,"valueName":"search_term_string"}}],"inLanguage":"de"},{"@type":"Organization","@id":"https:\/\/junctionbot.io\/#organization","name":"Junction Bot","url":"https:\/\/junctionbot.io\/","logo":{"@type":"ImageObject","inLanguage":"de","@id":"https:\/\/junctionbot.io\/#\/schema\/logo\/image\/","url":"\/wp-content\/uploads\/2020\/06\/junc_logo-400.jpg","contentUrl":"\/wp-content\/uploads\/2020\/06\/junc_logo-400.jpg","width":400,"height":400,"caption":"Junction Bot"},"image":{"@id":"https:\/\/junctionbot.io\/#\/schema\/logo\/image\/"}}]}},"_links":{"self":[{"href":"https:\/\/old.junctionbot.io\/de\/wp-json\/wp\/v2\/pages\/4160","targetHints":{"allow":["GET"]}}],"collection":[{"href":"https:\/\/old.junctionbot.io\/de\/wp-json\/wp\/v2\/pages"}],"about":[{"href":"https:\/\/old.junctionbot.io\/de\/wp-json\/wp\/v2\/types\/page"}],"author":[{"embeddable":true,"href":"https:\/\/old.junctionbot.io\/de\/wp-json\/wp\/v2\/users\/1"}],"replies":[{"embeddable":true,"href":"https:\/\/old.junctionbot.io\/de\/wp-json\/wp\/v2\/comments?post=4160"}],"version-history":[{"count":1,"href":"https:\/\/old.junctionbot.io\/de\/wp-json\/wp\/v2\/pages\/4160\/revisions"}],"predecessor-version":[{"id":4173,"href":"https:\/\/old.junctionbot.io\/de\/wp-json\/wp\/v2\/pages\/4160\/revisions\/4173"}],"wp:attachment":[{"href":"https:\/\/old.junctionbot.io\/de\/wp-json\/wp\/v2\/media?parent=4160"}],"curies":[{"name":"wp","href":"https:\/\/api.w.org\/{rel}","templated":true}]}}