{"id":4178,"date":"2023-06-25T14:41:53","date_gmt":"2023-06-25T12:41:53","guid":{"rendered":"https:\/\/junctionbot.io\/getting-started\/\/ueberpruefungsmodus\/"},"modified":"2023-12-05T12:31:39","modified_gmt":"2023-12-05T10:31:39","slug":"ueberpruefungsmodus","status":"publish","type":"page","link":"https:\/\/old.junctionbot.io\/de\/ueberpruefungsmodus\/","title":{"rendered":"\u00dcberpr\u00fcfungsmodus"},"content":{"rendered":"\n<h2 class=\"wp-block-heading\"><span class=\"ez-toc-section\" id=\"Ueberpruefungsmodus\"><\/span>\u00dcberpr\u00fcfungsmodus<span class=\"ez-toc-section-end\"><\/span><\/h2>\n\n<p>@Junction_Bot verf\u00fcgt \u00fcber eine Funktion, mit der Sie Beitr\u00e4ge in der Quelle manuell bearbeiten k\u00f6nnen, bevor Sie sie im Ziel ver\u00f6ffentlichen. Au\u00dferdem k\u00f6nnen Sie Beitr\u00e4ge manuell zur Ver\u00f6ffentlichung freigeben oder auslassen. Wir nennen das den <strong>\u00dcberpr\u00fcfungsmodus<\/strong>. Wie funktioniert das?<\/p>\n\n<ol class=\"wp-block-list\">\n<li><a href=\"\/forwarding\/#Creating_a_new_forward\">Erstellen Sie eine neue Weiterleitungsregel mit dem Befehl \/new<\/a>. Beachten Sie, dass der \u00dcberpr\u00fcfungsmodus nur bei einer direkten Verbindung funktioniert.<\/li>\n\n\n\n<li>\u00dcbernehmen Sie die Einstellung <code>review on<\/code> f\u00fcr die Quelle unter <strong>Men\u00fc \u2192 Weiterleitungseinstellungen \u2192 Quelle und Ziel w\u00e4hlen \u2192 \u00dcberpr\u00fcfungsmodus<\/strong>. Dazu k\u00f6nnen Sie auch einen Befehl verwenden  <br\/><code>\/settingchannel <a href=\"\/de\/einstellungen-funktionen\/#Referencing_a_source_channel\"><\/a><a href=\"\/de\/einstellungen-funktionen\/#Referencing_a_source_channel\">source_channel_reference<\/a> review on<\/code><\/li>\n\n\n\n<li>Bei jedem neuen Beitrag in der Quelle sendet <strong>Ihr verbundenes Konto<\/strong> nun automatisch eine Kopie dieses Beitrags an den speziellen Bot @Junction_Review_Bot. Unter jedem Beitrag finden Sie Informationen \u00fcber die Quelle und das Ziel sowie die Schaltfl\u00e4chen &#8220;Ver\u00f6ffentlichen&#8221; und &#8220;\u00dcberspringen&#8221;.<\/li>\n\n\n\n<li>Da der Beitrag im Namen Ihres Kontos ver\u00f6ffentlicht wird, k\u00f6nnen Sie ihn direkt im Chat mit @Junction_Review_Bot bearbeiten.<\/li>\n\n\n\n<li>Wenn Sie den erstellten Beitrag am Zielort ver\u00f6ffentlichen m\u00f6chten, klicken Sie auf die Schaltfl\u00e4che &#8220;Ver\u00f6ffentlichen&#8221;.<\/li>\n<\/ol>\n\n<p>Um den \u00dcberpr\u00fcfungsmodus zu deaktivieren, verwenden Sie Men\u00fc oder den Befehl<br\/><code>\/settingchannel <a href=\"\/de\/einstellungen-funktionen\/#Referencing_a_source_channel\"><\/a><code><a href=\"\/settings-and-features-ru\/#%D0%A1%D1%81%D1%8B%D0%BB%D0%BA%D0%B0_%D0%BD%D0%B0_%D0%B8%D1%81%D1%82%D0%BE%D1%87%D0%BD%D0%B8%D0%BA\"><\/a><a href=\"\/de\/einstellungen-funktionen\/#Referencing_a_source_channel\">source_channel_reference<\/a><\/code> review off<\/code><\/p>\n\n<p>Ein paar wichtige Punkte zu diesem Modus:<\/p>\n\n<ul class=\"wp-block-list\">\n<li>Sie k\u00f6nnen weiterhin beliebige Ersetzungen und Filter f\u00fcr Ihre Weiterleitungsregeln verwenden. Sie werden angewendet, bevor die Nachricht zur \u00dcberpr\u00fcfung ver\u00f6ffentlicht wird.<\/li>\n\n\n\n<li>Sie k\u00f6nnen die Schaltfl\u00e4che &#8220;Ver\u00f6ffentlichen&#8221; so oft verwenden, wie Sie m\u00f6chten. Das System wird jedes Mal die aktuelle Version des Beitrags in der Datenbank ver\u00f6ffentlichen.<\/li>\n\n\n\n<li>Wenn Sie einen \u00dcberpr\u00fcfungsmodus aktivieren, aktivieren Sie automatisch die <a href=\"\/de\/direkte-verbindung\/#Forwarding_messages_on_behalf_of_your_account\">Zustellung im Namen Ihres Kontos<\/a> (<code>delivery copy_client<\/code>). Das bedeutet, dass das verbundene Konto \u00fcber Ver\u00f6ffentlichungsrechte im Zielland verf\u00fcgen muss. Das bedeutet auch, dass die Schaltfl\u00e4chen des urspr\u00fcnglichen Beitrags nicht \u00fcbertragen werden.<\/li>\n\n\n\n<li>Die Bearbeitungen werden nicht automatisch von der Quelle zum Ziel \u00fcbertragen.<\/li>\n<\/ul>\n","protected":false},"excerpt":{"rendered":"<p>\u00dcberpr\u00fcfungsmodus @Junction_Bot verf\u00fcgt \u00fcber eine Funktion, mit der Sie Beitr\u00e4ge in der Quelle manuell bearbeiten k\u00f6nnen, bevor Sie sie im Ziel ver\u00f6ffentlichen. Au\u00dferdem k\u00f6nnen Sie Beitr\u00e4ge manuell zur Ver\u00f6ffentlichung freigeben oder auslassen. Wir nennen das den \u00dcberpr\u00fcfungsmodus. Wie funktioniert das? Um den \u00dcberpr\u00fcfungsmodus zu deaktivieren, verwenden Sie Men\u00fc oder den Befehl\/settingchannel source_channel_reference review off Ein [&hellip;]<\/p>\n","protected":false},"author":2,"featured_media":0,"parent":0,"menu_order":0,"comment_status":"closed","ping_status":"closed","template":"","meta":{"nf_dc_page":"","_monsterinsights_skip_tracking":false,"_monsterinsights_sitenote_active":false,"_monsterinsights_sitenote_note":"","_monsterinsights_sitenote_category":0,"ocean_post_layout":"left-sidebar","ocean_both_sidebars_style":"","ocean_both_sidebars_content_width":0,"ocean_both_sidebars_sidebars_width":0,"ocean_sidebar":"0","ocean_second_sidebar":"0","ocean_disable_margins":"enable","ocean_add_body_class":"","ocean_shortcode_before_top_bar":"","ocean_shortcode_after_top_bar":"","ocean_shortcode_before_header":"","ocean_shortcode_after_header":"","ocean_has_shortcode":"","ocean_shortcode_after_title":"","ocean_shortcode_before_footer_widgets":"","ocean_shortcode_after_footer_widgets":"","ocean_shortcode_before_footer_bottom":"","ocean_shortcode_after_footer_bottom":"","ocean_display_top_bar":"default","ocean_display_header":"default","ocean_header_style":"","ocean_center_header_left_menu":"0","ocean_custom_header_template":"0","ocean_custom_logo":0,"ocean_custom_retina_logo":0,"ocean_custom_logo_max_width":0,"ocean_custom_logo_tablet_max_width":0,"ocean_custom_logo_mobile_max_width":0,"ocean_custom_logo_max_height":0,"ocean_custom_logo_tablet_max_height":0,"ocean_custom_logo_mobile_max_height":0,"ocean_header_custom_menu":"0","ocean_menu_typo_font_family":"0","ocean_menu_typo_font_subset":"","ocean_menu_typo_font_size":0,"ocean_menu_typo_font_size_tablet":0,"ocean_menu_typo_font_size_mobile":0,"ocean_menu_typo_font_size_unit":"px","ocean_menu_typo_font_weight":"","ocean_menu_typo_font_weight_tablet":"","ocean_menu_typo_font_weight_mobile":"","ocean_menu_typo_transform":"","ocean_menu_typo_transform_tablet":"","ocean_menu_typo_transform_mobile":"","ocean_menu_typo_line_height":0,"ocean_menu_typo_line_height_tablet":0,"ocean_menu_typo_line_height_mobile":0,"ocean_menu_typo_line_height_unit":"","ocean_menu_typo_spacing":0,"ocean_menu_typo_spacing_tablet":0,"ocean_menu_typo_spacing_mobile":0,"ocean_menu_typo_spacing_unit":"","ocean_menu_link_color":"","ocean_menu_link_color_hover":"","ocean_menu_link_color_active":"","ocean_menu_link_background":"","ocean_menu_link_hover_background":"","ocean_menu_link_active_background":"","ocean_menu_social_links_bg":"","ocean_menu_social_hover_links_bg":"","ocean_menu_social_links_color":"","ocean_menu_social_hover_links_color":"","ocean_disable_title":"default","ocean_disable_heading":"default","ocean_post_title":"","ocean_post_subheading":"","ocean_post_title_style":"","ocean_post_title_background_color":"","ocean_post_title_background":0,"ocean_post_title_bg_image_position":"","ocean_post_title_bg_image_attachment":"","ocean_post_title_bg_image_repeat":"","ocean_post_title_bg_image_size":"","ocean_post_title_height":0,"ocean_post_title_bg_overlay":0.5,"ocean_post_title_bg_overlay_color":"","ocean_disable_breadcrumbs":"default","ocean_breadcrumbs_color":"","ocean_breadcrumbs_separator_color":"","ocean_breadcrumbs_links_color":"","ocean_breadcrumbs_links_hover_color":"","ocean_display_footer_widgets":"default","ocean_display_footer_bottom":"default","ocean_custom_footer_template":"0","footnotes":""},"class_list":["post-4178","page","type-page","status-publish","hentry","entry"],"yoast_head":"<!-- This site is optimized with the Yoast SEO plugin v26.9 - https:\/\/yoast.com\/product\/yoast-seo-wordpress\/ -->\n<title>Junction Bot - \u00dcberpr\u00fcfungsmodus<\/title>\n<meta name=\"robots\" content=\"index, follow, max-snippet:-1, max-image-preview:large, max-video-preview:-1\" \/>\n<link rel=\"canonical\" href=\"https:\/\/old.junctionbot.io\/de\/ueberpruefungsmodus\/\" \/>\n<meta property=\"og:locale\" content=\"de_DE\" \/>\n<meta property=\"og:type\" content=\"article\" \/>\n<meta property=\"og:title\" content=\"Junction Bot - \u00dcberpr\u00fcfungsmodus\" \/>\n<meta property=\"og:description\" content=\"\u00dcberpr\u00fcfungsmodus @Junction_Bot verf\u00fcgt \u00fcber eine Funktion, mit der Sie Beitr\u00e4ge in der Quelle manuell bearbeiten k\u00f6nnen, bevor Sie sie im Ziel ver\u00f6ffentlichen. Au\u00dferdem k\u00f6nnen Sie Beitr\u00e4ge manuell zur Ver\u00f6ffentlichung freigeben oder auslassen. Wir nennen das den \u00dcberpr\u00fcfungsmodus. Wie funktioniert das? Um den \u00dcberpr\u00fcfungsmodus zu deaktivieren, verwenden Sie Men\u00fc oder den Befehl\/settingchannel source_channel_reference review off Ein [&hellip;]\" \/>\n<meta property=\"og:url\" content=\"https:\/\/old.junctionbot.io\/de\/ueberpruefungsmodus\/\" \/>\n<meta property=\"og:site_name\" content=\"Junction Bot\" \/>\n<meta property=\"article:modified_time\" content=\"2023-12-05T10:31:39+00:00\" \/>\n<meta name=\"twitter:card\" content=\"summary_large_image\" \/>\n<meta name=\"twitter:label1\" content=\"Gesch\u00e4tzte Lesezeit\" \/>\n\t<meta name=\"twitter:data1\" content=\"2\u00a0Minuten\" \/>\n<script type=\"application\/ld+json\" class=\"yoast-schema-graph\">{\"@context\":\"https:\/\/schema.org\",\"@graph\":[{\"@type\":\"WebPage\",\"@id\":\"https:\/\/old.junctionbot.io\/de\/ueberpruefungsmodus\/\",\"url\":\"https:\/\/old.junctionbot.io\/de\/ueberpruefungsmodus\/\",\"name\":\"Junction Bot - \u00dcberpr\u00fcfungsmodus\",\"isPartOf\":{\"@id\":\"https:\/\/junctionbot.io\/#website\"},\"datePublished\":\"2023-06-25T12:41:53+00:00\",\"dateModified\":\"2023-12-05T10:31:39+00:00\",\"breadcrumb\":{\"@id\":\"https:\/\/old.junctionbot.io\/de\/ueberpruefungsmodus\/#breadcrumb\"},\"inLanguage\":\"de\",\"potentialAction\":[{\"@type\":\"ReadAction\",\"target\":[\"https:\/\/old.junctionbot.io\/de\/ueberpruefungsmodus\/\"]}]},{\"@type\":\"BreadcrumbList\",\"@id\":\"https:\/\/old.junctionbot.io\/de\/ueberpruefungsmodus\/#breadcrumb\",\"itemListElement\":[{\"@type\":\"ListItem\",\"position\":1,\"name\":\"Home\",\"item\":\"https:\/\/junctionbot.io\/de\/\"},{\"@type\":\"ListItem\",\"position\":2,\"name\":\"\u00dcberpr\u00fcfungsmodus\"}]},{\"@type\":\"WebSite\",\"@id\":\"https:\/\/junctionbot.io\/#website\",\"url\":\"https:\/\/junctionbot.io\/\",\"name\":\"Junction Bot\",\"description\":\"Auto Copy Forward Transform and Translate Telegram Channels Groups and Bots\",\"publisher\":{\"@id\":\"https:\/\/junctionbot.io\/#organization\"},\"potentialAction\":[{\"@type\":\"SearchAction\",\"target\":{\"@type\":\"EntryPoint\",\"urlTemplate\":\"https:\/\/junctionbot.io\/?s={search_term_string}\"},\"query-input\":{\"@type\":\"PropertyValueSpecification\",\"valueRequired\":true,\"valueName\":\"search_term_string\"}}],\"inLanguage\":\"de\"},{\"@type\":\"Organization\",\"@id\":\"https:\/\/junctionbot.io\/#organization\",\"name\":\"Junction Bot\",\"url\":\"https:\/\/junctionbot.io\/\",\"logo\":{\"@type\":\"ImageObject\",\"inLanguage\":\"de\",\"@id\":\"https:\/\/junctionbot.io\/#\/schema\/logo\/image\/\",\"url\":\"\/wp-content\/uploads\/2020\/06\/junc_logo-400.jpg\",\"contentUrl\":\"\/wp-content\/uploads\/2020\/06\/junc_logo-400.jpg\",\"width\":400,\"height\":400,\"caption\":\"Junction Bot\"},\"image\":{\"@id\":\"https:\/\/junctionbot.io\/#\/schema\/logo\/image\/\"}}]}<\/script>\n<!-- \/ Yoast SEO plugin. -->","yoast_head_json":{"title":"Junction Bot - \u00dcberpr\u00fcfungsmodus","robots":{"index":"index","follow":"follow","max-snippet":"max-snippet:-1","max-image-preview":"max-image-preview:large","max-video-preview":"max-video-preview:-1"},"canonical":"https:\/\/old.junctionbot.io\/de\/ueberpruefungsmodus\/","og_locale":"de_DE","og_type":"article","og_title":"Junction Bot - \u00dcberpr\u00fcfungsmodus","og_description":"\u00dcberpr\u00fcfungsmodus @Junction_Bot verf\u00fcgt \u00fcber eine Funktion, mit der Sie Beitr\u00e4ge in der Quelle manuell bearbeiten k\u00f6nnen, bevor Sie sie im Ziel ver\u00f6ffentlichen. Au\u00dferdem k\u00f6nnen Sie Beitr\u00e4ge manuell zur Ver\u00f6ffentlichung freigeben oder auslassen. Wir nennen das den \u00dcberpr\u00fcfungsmodus. Wie funktioniert das? Um den \u00dcberpr\u00fcfungsmodus zu deaktivieren, verwenden Sie Men\u00fc oder den Befehl\/settingchannel source_channel_reference review off Ein [&hellip;]","og_url":"https:\/\/old.junctionbot.io\/de\/ueberpruefungsmodus\/","og_site_name":"Junction Bot","article_modified_time":"2023-12-05T10:31:39+00:00","twitter_card":"summary_large_image","twitter_misc":{"Gesch\u00e4tzte Lesezeit":"2\u00a0Minuten"},"schema":{"@context":"https:\/\/schema.org","@graph":[{"@type":"WebPage","@id":"https:\/\/old.junctionbot.io\/de\/ueberpruefungsmodus\/","url":"https:\/\/old.junctionbot.io\/de\/ueberpruefungsmodus\/","name":"Junction Bot - \u00dcberpr\u00fcfungsmodus","isPartOf":{"@id":"https:\/\/junctionbot.io\/#website"},"datePublished":"2023-06-25T12:41:53+00:00","dateModified":"2023-12-05T10:31:39+00:00","breadcrumb":{"@id":"https:\/\/old.junctionbot.io\/de\/ueberpruefungsmodus\/#breadcrumb"},"inLanguage":"de","potentialAction":[{"@type":"ReadAction","target":["https:\/\/old.junctionbot.io\/de\/ueberpruefungsmodus\/"]}]},{"@type":"BreadcrumbList","@id":"https:\/\/old.junctionbot.io\/de\/ueberpruefungsmodus\/#breadcrumb","itemListElement":[{"@type":"ListItem","position":1,"name":"Home","item":"https:\/\/junctionbot.io\/de\/"},{"@type":"ListItem","position":2,"name":"\u00dcberpr\u00fcfungsmodus"}]},{"@type":"WebSite","@id":"https:\/\/junctionbot.io\/#website","url":"https:\/\/junctionbot.io\/","name":"Junction Bot","description":"Auto Copy Forward Transform and Translate Telegram Channels Groups and Bots","publisher":{"@id":"https:\/\/junctionbot.io\/#organization"},"potentialAction":[{"@type":"SearchAction","target":{"@type":"EntryPoint","urlTemplate":"https:\/\/junctionbot.io\/?s={search_term_string}"},"query-input":{"@type":"PropertyValueSpecification","valueRequired":true,"valueName":"search_term_string"}}],"inLanguage":"de"},{"@type":"Organization","@id":"https:\/\/junctionbot.io\/#organization","name":"Junction Bot","url":"https:\/\/junctionbot.io\/","logo":{"@type":"ImageObject","inLanguage":"de","@id":"https:\/\/junctionbot.io\/#\/schema\/logo\/image\/","url":"\/wp-content\/uploads\/2020\/06\/junc_logo-400.jpg","contentUrl":"\/wp-content\/uploads\/2020\/06\/junc_logo-400.jpg","width":400,"height":400,"caption":"Junction Bot"},"image":{"@id":"https:\/\/junctionbot.io\/#\/schema\/logo\/image\/"}}]}},"_links":{"self":[{"href":"https:\/\/old.junctionbot.io\/de\/wp-json\/wp\/v2\/pages\/4178","targetHints":{"allow":["GET"]}}],"collection":[{"href":"https:\/\/old.junctionbot.io\/de\/wp-json\/wp\/v2\/pages"}],"about":[{"href":"https:\/\/old.junctionbot.io\/de\/wp-json\/wp\/v2\/types\/page"}],"author":[{"embeddable":true,"href":"https:\/\/old.junctionbot.io\/de\/wp-json\/wp\/v2\/users\/2"}],"replies":[{"embeddable":true,"href":"https:\/\/old.junctionbot.io\/de\/wp-json\/wp\/v2\/comments?post=4178"}],"version-history":[{"count":1,"href":"https:\/\/old.junctionbot.io\/de\/wp-json\/wp\/v2\/pages\/4178\/revisions"}],"predecessor-version":[{"id":4192,"href":"https:\/\/old.junctionbot.io\/de\/wp-json\/wp\/v2\/pages\/4178\/revisions\/4192"}],"wp:attachment":[{"href":"https:\/\/old.junctionbot.io\/de\/wp-json\/wp\/v2\/media?parent=4178"}],"curies":[{"name":"wp","href":"https:\/\/api.w.org\/{rel}","templated":true}]}}