{"id":4210,"date":"2020-05-01T15:29:24","date_gmt":"2020-05-01T13:29:24","guid":{"rendered":"https:\/\/junctionbot.io\/getting-started\/\/buttons\/"},"modified":"2023-12-05T12:31:40","modified_gmt":"2023-12-05T10:31:40","slug":"buttons","status":"publish","type":"page","link":"https:\/\/old.junctionbot.io\/de\/buttons\/","title":{"rendered":"Buttons"},"content":{"rendered":"\n<h2 class=\"wp-block-heading\"><span class=\"ez-toc-section\" id=\"Buttons\"><\/span>Buttons<span class=\"ez-toc-section-end\"><\/span><\/h2>\n\n<p>Sie k\u00f6nnen die Schaltfl\u00e4chen der resultierenden Nachrichten leicht anpassen.<\/p>\n\n<h3 class=\"wp-block-heading\"><span class=\"ez-toc-section\" id=\"Feedback-Tasten\"><\/span>Feedback-Tasten<span class=\"ez-toc-section-end\"><\/span><\/h3>\n\n<pre class=\"wp-block-preformatted\">Wo ist sie?  \n<strong>Men\u00fc \u2192 Weiterleitungseinstellungen \u2192 Quelle und Ziel w\u00e4hlen \u2192 R\u00fcckmeldetasten<\/strong><\/pre>\n\n<p>F\u00fcgen Sie einer Nachricht Feedback-Schaltfl\u00e4chen hinzu, z. B. <strong>wie<\/strong>.<\/p>\n\n<details class=\"wp-block-mamaduka-toggles wp-block-toggles\"><summary>\u23f5Commands<\/summary><div class=\"wp-block-toggles__content\">\n<pre class=\"wp-block-preformatted\"><span class=\"cool-title\">\/Einstellung wie<\/span> + eine der folgenden Optionen:\n\n<span class=\"cool-title\">keine<\/span> - keine Schaltfl\u00e4chen\nEx.  <code>\/setting like none<\/code>\n\n<span class=\"cool-title\">1<\/span> - Taste ????\nEx.  <code>\/setting like 1<\/code>\n\n<span class=\"cool-title\">2<\/span> - zwei Tasten: ???? und ????\nEx.  <code>\/setting like 2<\/code>\n\nWenn Sie eine andere Zeichenkette hinzuf\u00fcgen, wird jedes Wort dieser Zeichenkette eine Schaltfl\u00e4che sein, d. h. die Zeichenkette \"???? ????\" ist dasselbe wie die vorherige Option 2\nEx.  <code>\/setting like ???? ????<\/code>\nEx.  <code>\/setting like yes no maybe<\/code>  - f\u00fcgt 3 Schaltfl\u00e4chen 'ja', 'nein', 'vielleicht' hinzu<\/pre>\n\n\n\n<p>Sie k\u00f6nnen diese Einstellung im Men\u00fc vornehmen, aber auch die Befehle verwenden. Wenn Sie die Befehle verwenden, um diese Einstellung nur auf einen Kanal anzuwenden, ersetzen Sie den Befehl <code>\/setting<\/code> durch <code>\/settingchannel <a href=\"\/es\/settings-and-features\/#Referencing_a_source_channel\">source_channel_reference<\/a><\/code> <a href=\"\/es\/settings-and-features\/#Applying_settings_to_one_or_all_channels\">(lesen Sie mehr<\/a>).<\/p>\n<\/div><\/details>\n\n<h3 class=\"wp-block-heading\"><span class=\"ez-toc-section\" id=\"Schaltflaechen_kopieren\"><\/span>Schaltfl\u00e4chen kopieren<span class=\"ez-toc-section-end\"><\/span><\/h3>\n\n<pre class=\"wp-block-preformatted\">Wo ist sie?  \n<strong>Men\u00fc \u2192 Weiterleitungseinstellungen \u2192 Quelle und Ziel w\u00e4hlen \u2192 Originaltasten<\/strong><\/pre>\n\n<p>Mit dieser Einstellung k\u00f6nnen Sie ausw\u00e4hlen, welche Schaltfl\u00e4chen der urspr\u00fcnglichen Nachricht Sie beibehalten m\u00f6chten. Denken Sie daran, dass aufgrund der Funktionsweise von Telegram nur URL-Buttons tats\u00e4chlich funktionieren, wenn sie angeklickt werden.<\/p>\n\n<details class=\"wp-block-mamaduka-toggles wp-block-toggles\"><summary>\u23f5Commands<\/summary><div class=\"wp-block-toggles__content\">\n<pre class=\"wp-block-preformatted\"><span class=\"cool-title\">\/Einstelltasten<\/span> + eine der folgenden Optionen:\n\n<span class=\"cool-title\">keine<\/span> - keine Schaltfl\u00e4chen kopieren\nEx.  <code>\/setting buttons none<\/code>\n\n<span class=\"cool-title\">url<\/span> - nur URL-Schaltfl\u00e4chen\nEx.  <code>\/setting buttons url<\/code>\n\n<span class=\"cool-title\">Spezial<\/span> - nur Nicht-URL-Schaltfl\u00e4chen\nEx.  <code>\/setting buttons special<\/code>\n\n<span class=\"cool-title\">alle<\/span> - alle Schaltfl\u00e4chen kopieren\nEx.  <code>\/setting buttons all<\/code><\/pre>\n\n\n\n<p>Sie k\u00f6nnen diese Einstellung im Men\u00fc vornehmen, aber auch die Befehle verwenden. Wenn Sie die Befehle verwenden, um diese Einstellung nur auf einen Kanal anzuwenden, ersetzen Sie den Befehl <code>\/setting<\/code> durch <code>\/settingchannel <a href=\"\/es\/settings-and-features\/#Referencing_a_source_channel\">source_channel_reference<\/a><\/code> <a href=\"\/es\/settings-and-features\/#Applying_settings_to_one_or_all_channels\">(lesen Sie mehr<\/a>).<\/p>\n<\/div><\/details>\n\n<h3 class=\"wp-block-heading\"><span class=\"ez-toc-section\" id=\"Fuegen_Sie_Ihre_eigenen_Schaltflaechen_hinzu\"><\/span>F\u00fcgen Sie Ihre eigenen Schaltfl\u00e4chen hinzu<span class=\"ez-toc-section-end\"><\/span><\/h3>\n\n<pre class=\"wp-block-preformatted\">Wo ist sie?  \n<strong>Men\u00fc \u2192 Weiterleitungseinstellungen \u2192 Quelle und Ziel w\u00e4hlen \u2192 Benutzerdefinierte Tasten<\/strong><\/pre>\n\n<p>Sie k\u00f6nnen den Nachrichten, die Sie weiterleiten, benutzerdefinierte URL-Schaltfl\u00e4chen hinzuf\u00fcgen.<\/p>\n\n<details class=\"wp-block-mamaduka-toggles wp-block-toggles\"><summary>\u23f5Commands<\/summary><div class=\"wp-block-toggles__content\">\n<pre class=\"wp-block-preformatted\"><span class=\"cool-title\">\/setting mybuttons<\/span> + eine der folgenden Optionen:\n\n<span class=\"cool-title\">keine<\/span> - keine eigenen Schaltfl\u00e4chen hinzuf\u00fcgen\nEx.  <code>\/setting mybuttons none<\/code>\n\n<span class=\"cool-title\">[button1] [button2]<\/span>  - um eine Liste Ihrer Schaltfl\u00e4chen zu erstellen\nFormat:  \n<code>\/setting mybuttons\nURL text-of-the-button<\/code>\nBeispiel:\n<code>\/setting mybuttons\nhttps:\/\/junction.space About us\nhttps:\/\/tgchannels.org All channels<\/code><\/pre>\n\n\n\n<p>Sie k\u00f6nnen diese Einstellung im Men\u00fc vornehmen, aber auch die Befehle verwenden. Wenn Sie die Befehle verwenden, um diese Einstellung nur auf einen Kanal anzuwenden, ersetzen Sie den Befehl <code>\/setting<\/code> durch <code>\/settingchannel <a href=\"\/es\/settings-and-features\/#Referencing_a_source_channel\">source_channel_reference<\/a><\/code> <a href=\"\/es\/settings-and-features\/#Applying_settings_to_one_or_all_channels\">(lesen Sie mehr<\/a>).<\/p>\n<\/div><\/details>\n\n<h3 class=\"wp-block-heading\"><span class=\"ez-toc-section\" id=\"Schaltflaechen_fuer_Warnmeldungen_kopieren\"><\/span>Schaltfl\u00e4chen f\u00fcr Warnmeldungen kopieren<span class=\"ez-toc-section-end\"><\/span><\/h3>\n\n<pre class=\"wp-block-preformatted\">Wo ist sie?  \n<strong>Men\u00fc \u2192 Weiterleitungseinstellungen \u2192 Quelle und Ziel ausw\u00e4hlen \u2192 Klicken Sie auf die Schaltfl\u00e4che<\/strong><\/pre>\n\n<p>Mit dieser Einstellung k\u00f6nnen Sie das Kopieren der Schaltfl\u00e4chen, die beim Anklicken Warnungen anzeigen, aktivieren. Die einfache Vervielf\u00e4ltigung des Beitrags vermittelt nicht die Reaktion von Telegram auf diese Art von Schaltfl\u00e4che. F\u00fcr diesen Fall implementiert unser Bot einen tieferen Kopiermechanismus.<\/p>\n\n<details class=\"wp-block-mamaduka-toggles wp-block-toggles\"><summary>\u23f5Commands<\/summary><div class=\"wp-block-toggles__content\">\n<pre class=\"wp-block-preformatted\"><span class=\"cool-title\">\/settingchannel <a href=\"\/de\/einstellungen-funktionen\/#Referencing_a_source_channel\">source_channel_reference<\/a> klicken<\/span> + eine der folgenden Optionen:\n\n<span class=\"cool-title\">keine<\/span> - Warnschaltfl\u00e4chen nicht kopieren\nBeispiel:  <code>\/settingchannel <code><a href=\"\/de\/einstellungen-funktionen\/#Referencing_a_source_channel\">source_channel_reference<\/a><\/code> click none<\/code>\n\n<span class=\"cool-title\">.*<\/span> - alle Schaltfl\u00e4chen f\u00fcr Warnmeldungen kopieren\nBeispiel:  <code>\/settingchannel <code><a href=\"\/de\/einstellungen-funktionen\/#Referencing_a_source_channel\">source_channel_reference<\/a><\/code> click .*<\/code>\n\n<span class=\"cool-title\">beliebiger regul\u00e4rer Ausdruck<\/span> - Kopieren von Warnschaltfl\u00e4chen, deren Text diesem Ausdruck entspricht\nBeispiel:  <code>\/settingchannel <code><a href=\"\/de\/einstellungen-funktionen\/#Referencing_a_source_channel\">source_channel_reference<\/a><\/code> click Show<\/code><\/pre>\n\n\n\n<p>Sie k\u00f6nnen diese Einstellung im Men\u00fc vornehmen, aber auch die Befehle verwenden. Wenn Sie die Befehle verwenden, um diese Einstellung nur auf einen Kanal anzuwenden, ersetzen Sie den Befehl <code>\/setting<\/code> durch <code>\/settingchannel <a href=\"\/es\/settings-and-features\/#Referencing_a_source_channel\">source_channel_reference<\/a><\/code> <a href=\"\/es\/settings-and-features\/#Applying_settings_to_one_or_all_channels\">(lesen Sie mehr<\/a>).<\/p>\n<\/div><\/details>\n\n<p>Bitte beachten Sie, dass diese Einstellung nur f\u00fcr <a href=\"\/de\/direkte-verbindung\/\" data-type=\"URL\" data-id=\"\/direct-connection\/\">Direct Connection<\/a>, private und <a href=\"\/de\/die-wahl-des-richtigen-kontotyps\/#Extra_packages\">Express-Kan\u00e4le<\/a> und Gruppen funktioniert. Diese Einstellung funktioniert auch nicht, wenn Sie <a href=\"\/de\/direkte-verbindung\/#Forwarding_messages_on_behalf_of_your_account\">Nachrichten im Namen Ihres Kontos weiterleiten<\/a>.<\/p>\n\n<p>Sobald eine Nachricht mit einer Schaltfl\u00e4che in der Quelle erscheint, klickt der Bot sofort auf diese Schaltfl\u00e4che, um die Benachrichtigung zu lesen. Es ist klar, dass eine Person den Knopf nicht sofort dr\u00fccken wird. Um das Verhalten des Bots dem menschlichen Verhalten anzun\u00e4hern, k\u00f6nnen Sie eine zuf\u00e4llige Verz\u00f6gerung vor dem Klicken einstellen. Wahrscheinlich m\u00f6chten Sie den unteren Rand nicht zu klein machen, damit er nicht unnat\u00fcrlich aussieht. Aber man sollte sie auch nicht zu gro\u00df machen, weil die Nachrichten mit genau dieser Verz\u00f6gerung am Ziel ankommen.<\/p>\n\n<p>Um die Verz\u00f6gerung einzustellen, f\u00fcgen Sie also einen weiteren Parameter hinzu &#8211; den Bereich in Sekunden. Zum Beispiel, wenn Sie die Befehle verwenden:<\/p>\n\n<p><code>\/settingchannel source_reference click. * 15-300<\/code><\/p>\n\n<p>Kopiert alle Warnschaltfl\u00e4chen, die angeklickt werden, mit einer zuf\u00e4lligen Verz\u00f6gerung von 15 bis 300 Sekunden.<br\/>Diese Einstellung funktioniert nur bei einer <a href=\"\/de\/direkte-verbindung\/\">Direktverbindung<\/a>.<\/p>\n\n<p>Es ist auch m\u00f6glich, den Text der Warnung in den Textk\u00f6rper der Nachricht zu setzen und die Schaltfl\u00e4che selbst nicht zu kopieren. F\u00fcgen Sie dazu ein weiteres Argument <code>body<\/code> hinzu:<\/p>\n\n<p> <code>\/settingchannel source_reference click. * 15-300<\/code> <code>body<\/code><\/p>\n","protected":false},"excerpt":{"rendered":"<p>Buttons Sie k\u00f6nnen die Schaltfl\u00e4chen der resultierenden Nachrichten leicht anpassen. Feedback-Tasten Wo ist sie? Men\u00fc \u2192 Weiterleitungseinstellungen \u2192 Quelle und Ziel w\u00e4hlen \u2192 R\u00fcckmeldetasten F\u00fcgen Sie einer Nachricht Feedback-Schaltfl\u00e4chen hinzu, z. B. wie. Schaltfl\u00e4chen kopieren Wo ist sie? Men\u00fc \u2192 Weiterleitungseinstellungen \u2192 Quelle und Ziel w\u00e4hlen \u2192 Originaltasten Mit dieser Einstellung k\u00f6nnen Sie ausw\u00e4hlen, welche [&hellip;]<\/p>\n","protected":false},"author":1,"featured_media":0,"parent":0,"menu_order":0,"comment_status":"closed","ping_status":"closed","template":"","meta":{"nf_dc_page":"","_monsterinsights_skip_tracking":false,"_monsterinsights_sitenote_active":false,"_monsterinsights_sitenote_note":"","_monsterinsights_sitenote_category":0,"ocean_post_layout":"","ocean_both_sidebars_style":"","ocean_both_sidebars_content_width":0,"ocean_both_sidebars_sidebars_width":0,"ocean_sidebar":"0","ocean_second_sidebar":"0","ocean_disable_margins":"enable","ocean_add_body_class":"","ocean_shortcode_before_top_bar":"","ocean_shortcode_after_top_bar":"","ocean_shortcode_before_header":"","ocean_shortcode_after_header":"","ocean_has_shortcode":"","ocean_shortcode_after_title":"","ocean_shortcode_before_footer_widgets":"","ocean_shortcode_after_footer_widgets":"","ocean_shortcode_before_footer_bottom":"","ocean_shortcode_after_footer_bottom":"","ocean_display_top_bar":"default","ocean_display_header":"default","ocean_header_style":"","ocean_center_header_left_menu":"0","ocean_custom_header_template":"0","ocean_custom_logo":0,"ocean_custom_retina_logo":0,"ocean_custom_logo_max_width":0,"ocean_custom_logo_tablet_max_width":0,"ocean_custom_logo_mobile_max_width":0,"ocean_custom_logo_max_height":0,"ocean_custom_logo_tablet_max_height":0,"ocean_custom_logo_mobile_max_height":0,"ocean_header_custom_menu":"0","ocean_menu_typo_font_family":"0","ocean_menu_typo_font_subset":"","ocean_menu_typo_font_size":0,"ocean_menu_typo_font_size_tablet":0,"ocean_menu_typo_font_size_mobile":0,"ocean_menu_typo_font_size_unit":"px","ocean_menu_typo_font_weight":"","ocean_menu_typo_font_weight_tablet":"","ocean_menu_typo_font_weight_mobile":"","ocean_menu_typo_transform":"","ocean_menu_typo_transform_tablet":"","ocean_menu_typo_transform_mobile":"","ocean_menu_typo_line_height":0,"ocean_menu_typo_line_height_tablet":0,"ocean_menu_typo_line_height_mobile":0,"ocean_menu_typo_line_height_unit":"","ocean_menu_typo_spacing":0,"ocean_menu_typo_spacing_tablet":0,"ocean_menu_typo_spacing_mobile":0,"ocean_menu_typo_spacing_unit":"","ocean_menu_link_color":"","ocean_menu_link_color_hover":"","ocean_menu_link_color_active":"","ocean_menu_link_background":"","ocean_menu_link_hover_background":"","ocean_menu_link_active_background":"","ocean_menu_social_links_bg":"","ocean_menu_social_hover_links_bg":"","ocean_menu_social_links_color":"","ocean_menu_social_hover_links_color":"","ocean_disable_title":"default","ocean_disable_heading":"default","ocean_post_title":"","ocean_post_subheading":"","ocean_post_title_style":"","ocean_post_title_background_color":"","ocean_post_title_background":0,"ocean_post_title_bg_image_position":"","ocean_post_title_bg_image_attachment":"","ocean_post_title_bg_image_repeat":"","ocean_post_title_bg_image_size":"","ocean_post_title_height":0,"ocean_post_title_bg_overlay":0.5,"ocean_post_title_bg_overlay_color":"","ocean_disable_breadcrumbs":"default","ocean_breadcrumbs_color":"","ocean_breadcrumbs_separator_color":"","ocean_breadcrumbs_links_color":"","ocean_breadcrumbs_links_hover_color":"","ocean_display_footer_widgets":"default","ocean_display_footer_bottom":"default","ocean_custom_footer_template":"0","footnotes":""},"class_list":["post-4210","page","type-page","status-publish","hentry","entry"],"yoast_head":"<!-- This site is optimized with the Yoast SEO plugin v26.9 - https:\/\/yoast.com\/product\/yoast-seo-wordpress\/ -->\n<title>Junction Bot - Buttons<\/title>\n<meta name=\"robots\" content=\"index, follow, max-snippet:-1, max-image-preview:large, max-video-preview:-1\" \/>\n<link rel=\"canonical\" href=\"https:\/\/old.junctionbot.io\/de\/buttons\/\" \/>\n<meta property=\"og:locale\" content=\"de_DE\" \/>\n<meta property=\"og:type\" content=\"article\" \/>\n<meta property=\"og:title\" content=\"Junction Bot - Buttons\" \/>\n<meta property=\"og:description\" content=\"Buttons Sie k\u00f6nnen die Schaltfl\u00e4chen der resultierenden Nachrichten leicht anpassen. Feedback-Tasten Wo ist sie? Men\u00fc \u2192 Weiterleitungseinstellungen \u2192 Quelle und Ziel w\u00e4hlen \u2192 R\u00fcckmeldetasten F\u00fcgen Sie einer Nachricht Feedback-Schaltfl\u00e4chen hinzu, z. B. wie. Schaltfl\u00e4chen kopieren Wo ist sie? Men\u00fc \u2192 Weiterleitungseinstellungen \u2192 Quelle und Ziel w\u00e4hlen \u2192 Originaltasten Mit dieser Einstellung k\u00f6nnen Sie ausw\u00e4hlen, welche [&hellip;]\" \/>\n<meta property=\"og:url\" content=\"https:\/\/old.junctionbot.io\/de\/buttons\/\" \/>\n<meta property=\"og:site_name\" content=\"Junction Bot\" \/>\n<meta property=\"article:modified_time\" content=\"2023-12-05T10:31:40+00:00\" \/>\n<meta name=\"twitter:card\" content=\"summary_large_image\" \/>\n<meta name=\"twitter:label1\" content=\"Gesch\u00e4tzte Lesezeit\" \/>\n\t<meta name=\"twitter:data1\" content=\"3\u00a0Minuten\" \/>\n<script type=\"application\/ld+json\" class=\"yoast-schema-graph\">{\"@context\":\"https:\/\/schema.org\",\"@graph\":[{\"@type\":\"WebPage\",\"@id\":\"https:\/\/old.junctionbot.io\/de\/buttons\/\",\"url\":\"https:\/\/old.junctionbot.io\/de\/buttons\/\",\"name\":\"Junction Bot - Buttons\",\"isPartOf\":{\"@id\":\"https:\/\/junctionbot.io\/#website\"},\"datePublished\":\"2020-05-01T13:29:24+00:00\",\"dateModified\":\"2023-12-05T10:31:40+00:00\",\"breadcrumb\":{\"@id\":\"https:\/\/old.junctionbot.io\/de\/buttons\/#breadcrumb\"},\"inLanguage\":\"de\",\"potentialAction\":[{\"@type\":\"ReadAction\",\"target\":[\"https:\/\/old.junctionbot.io\/de\/buttons\/\"]}]},{\"@type\":\"BreadcrumbList\",\"@id\":\"https:\/\/old.junctionbot.io\/de\/buttons\/#breadcrumb\",\"itemListElement\":[{\"@type\":\"ListItem\",\"position\":1,\"name\":\"Home\",\"item\":\"https:\/\/junctionbot.io\/de\/\"},{\"@type\":\"ListItem\",\"position\":2,\"name\":\"Buttons\"}]},{\"@type\":\"WebSite\",\"@id\":\"https:\/\/junctionbot.io\/#website\",\"url\":\"https:\/\/junctionbot.io\/\",\"name\":\"Junction Bot\",\"description\":\"Auto Copy Forward Transform and Translate Telegram Channels Groups and Bots\",\"publisher\":{\"@id\":\"https:\/\/junctionbot.io\/#organization\"},\"potentialAction\":[{\"@type\":\"SearchAction\",\"target\":{\"@type\":\"EntryPoint\",\"urlTemplate\":\"https:\/\/junctionbot.io\/?s={search_term_string}\"},\"query-input\":{\"@type\":\"PropertyValueSpecification\",\"valueRequired\":true,\"valueName\":\"search_term_string\"}}],\"inLanguage\":\"de\"},{\"@type\":\"Organization\",\"@id\":\"https:\/\/junctionbot.io\/#organization\",\"name\":\"Junction Bot\",\"url\":\"https:\/\/junctionbot.io\/\",\"logo\":{\"@type\":\"ImageObject\",\"inLanguage\":\"de\",\"@id\":\"https:\/\/junctionbot.io\/#\/schema\/logo\/image\/\",\"url\":\"\/wp-content\/uploads\/2020\/06\/junc_logo-400.jpg\",\"contentUrl\":\"\/wp-content\/uploads\/2020\/06\/junc_logo-400.jpg\",\"width\":400,\"height\":400,\"caption\":\"Junction Bot\"},\"image\":{\"@id\":\"https:\/\/junctionbot.io\/#\/schema\/logo\/image\/\"}}]}<\/script>\n<!-- \/ Yoast SEO plugin. -->","yoast_head_json":{"title":"Junction Bot - Buttons","robots":{"index":"index","follow":"follow","max-snippet":"max-snippet:-1","max-image-preview":"max-image-preview:large","max-video-preview":"max-video-preview:-1"},"canonical":"https:\/\/old.junctionbot.io\/de\/buttons\/","og_locale":"de_DE","og_type":"article","og_title":"Junction Bot - Buttons","og_description":"Buttons Sie k\u00f6nnen die Schaltfl\u00e4chen der resultierenden Nachrichten leicht anpassen. Feedback-Tasten Wo ist sie? Men\u00fc \u2192 Weiterleitungseinstellungen \u2192 Quelle und Ziel w\u00e4hlen \u2192 R\u00fcckmeldetasten F\u00fcgen Sie einer Nachricht Feedback-Schaltfl\u00e4chen hinzu, z. B. wie. Schaltfl\u00e4chen kopieren Wo ist sie? Men\u00fc \u2192 Weiterleitungseinstellungen \u2192 Quelle und Ziel w\u00e4hlen \u2192 Originaltasten Mit dieser Einstellung k\u00f6nnen Sie ausw\u00e4hlen, welche [&hellip;]","og_url":"https:\/\/old.junctionbot.io\/de\/buttons\/","og_site_name":"Junction Bot","article_modified_time":"2023-12-05T10:31:40+00:00","twitter_card":"summary_large_image","twitter_misc":{"Gesch\u00e4tzte Lesezeit":"3\u00a0Minuten"},"schema":{"@context":"https:\/\/schema.org","@graph":[{"@type":"WebPage","@id":"https:\/\/old.junctionbot.io\/de\/buttons\/","url":"https:\/\/old.junctionbot.io\/de\/buttons\/","name":"Junction Bot - Buttons","isPartOf":{"@id":"https:\/\/junctionbot.io\/#website"},"datePublished":"2020-05-01T13:29:24+00:00","dateModified":"2023-12-05T10:31:40+00:00","breadcrumb":{"@id":"https:\/\/old.junctionbot.io\/de\/buttons\/#breadcrumb"},"inLanguage":"de","potentialAction":[{"@type":"ReadAction","target":["https:\/\/old.junctionbot.io\/de\/buttons\/"]}]},{"@type":"BreadcrumbList","@id":"https:\/\/old.junctionbot.io\/de\/buttons\/#breadcrumb","itemListElement":[{"@type":"ListItem","position":1,"name":"Home","item":"https:\/\/junctionbot.io\/de\/"},{"@type":"ListItem","position":2,"name":"Buttons"}]},{"@type":"WebSite","@id":"https:\/\/junctionbot.io\/#website","url":"https:\/\/junctionbot.io\/","name":"Junction Bot","description":"Auto Copy Forward Transform and Translate Telegram Channels Groups and Bots","publisher":{"@id":"https:\/\/junctionbot.io\/#organization"},"potentialAction":[{"@type":"SearchAction","target":{"@type":"EntryPoint","urlTemplate":"https:\/\/junctionbot.io\/?s={search_term_string}"},"query-input":{"@type":"PropertyValueSpecification","valueRequired":true,"valueName":"search_term_string"}}],"inLanguage":"de"},{"@type":"Organization","@id":"https:\/\/junctionbot.io\/#organization","name":"Junction Bot","url":"https:\/\/junctionbot.io\/","logo":{"@type":"ImageObject","inLanguage":"de","@id":"https:\/\/junctionbot.io\/#\/schema\/logo\/image\/","url":"\/wp-content\/uploads\/2020\/06\/junc_logo-400.jpg","contentUrl":"\/wp-content\/uploads\/2020\/06\/junc_logo-400.jpg","width":400,"height":400,"caption":"Junction Bot"},"image":{"@id":"https:\/\/junctionbot.io\/#\/schema\/logo\/image\/"}}]}},"_links":{"self":[{"href":"https:\/\/old.junctionbot.io\/de\/wp-json\/wp\/v2\/pages\/4210","targetHints":{"allow":["GET"]}}],"collection":[{"href":"https:\/\/old.junctionbot.io\/de\/wp-json\/wp\/v2\/pages"}],"about":[{"href":"https:\/\/old.junctionbot.io\/de\/wp-json\/wp\/v2\/types\/page"}],"author":[{"embeddable":true,"href":"https:\/\/old.junctionbot.io\/de\/wp-json\/wp\/v2\/users\/1"}],"replies":[{"embeddable":true,"href":"https:\/\/old.junctionbot.io\/de\/wp-json\/wp\/v2\/comments?post=4210"}],"version-history":[{"count":1,"href":"https:\/\/old.junctionbot.io\/de\/wp-json\/wp\/v2\/pages\/4210\/revisions"}],"predecessor-version":[{"id":4217,"href":"https:\/\/old.junctionbot.io\/de\/wp-json\/wp\/v2\/pages\/4210\/revisions\/4217"}],"wp:attachment":[{"href":"https:\/\/old.junctionbot.io\/de\/wp-json\/wp\/v2\/media?parent=4210"}],"curies":[{"name":"wp","href":"https:\/\/api.w.org\/{rel}","templated":true}]}}