{"id":3777,"date":"2023-11-13T19:47:39","date_gmt":"2023-11-13T17:47:39","guid":{"rendered":"https:\/\/docs.junction.space\/integraciones\/"},"modified":"2023-11-28T17:58:26","modified_gmt":"2023-11-28T15:58:26","slug":"integraciones","status":"publish","type":"page","link":"https:\/\/old.junctionbot.io\/es\/integraciones\/","title":{"rendered":"Integraciones"},"content":{"rendered":"\n<h2 class=\"wp-block-heading\" id=\"&#x43F;&#x43B;&#x430;&#x442;&#x435;&#x436;&#x438;\"><span class=\"ez-toc-section\" id=\"Integraciones\"><\/span>Integraciones<span class=\"ez-toc-section-end\"><\/span><\/h2>\n\n<p>El bot puede utilizar servicios externos para enriquecer su funcionalidad. La primera integraci\u00f3n que lanzamos es la capacidad de usar OpenAI (ChatGPT y otros modelos) para procesar mensajes de Telegram.<\/p>\n\n<h3 class=\"wp-block-heading\" id=\"&#x43F;&#x43E;&#x434;&#x434;&#x435;&#x440;&#x436;&#x438;&#x432;&#x430;&#x435;&#x43C;&#x44B;&#x435;-&#x43F;&#x43B;&#x430;&#x442;&#x435;&#x436;&#x43D;&#x44B;&#x435;-&#x441;&#x438;&#x441;&#x442;&#x435;&#x43C;&#x44B;\"><span class=\"ez-toc-section\" id=\"Integracion_con_OpenAI_%E2%80%93_informacion_general\"><\/span>Integraci\u00f3n con OpenAI &#8211; informaci\u00f3n general<span class=\"ez-toc-section-end\"><\/span><\/h3>\n\n<p>La API de OpenAI te permite describir en lenguaje llano la acci\u00f3n que quieres realizar con un texto o imagen de un mensaje de Telegram procedente de cualquier fuente de Telegram. A continuaci\u00f3n, el bot env\u00eda a la IA el mensaje y tus instrucciones y publica el resultado del procesamiento en un destino. Entre los casos de uso m\u00e1s populares se encuentran la traducci\u00f3n a otro idioma, el an\u00e1lisis y resumen de textos largos, el filtrado inteligente, el cambio de n\u00fameros en el texto en funci\u00f3n de criterios especificados, la traducci\u00f3n de im\u00e1genes a texto, el an\u00e1lisis de im\u00e1genes, etc.<\/p>\n\n<p>Puede activar la integraci\u00f3n de la API de OpenAI en <strong>Men\u00fa \u2192 Configuraci\u00f3n de reenv\u00edo \u2192 Elegir origen y destino \u2192 Integraciones<\/strong>.<\/p>\n\n<p>Dado que la API OpenAI es un producto de pago, proporcionamos dos escenarios de pago: desde su pro-balance en el bot o auto-pago. El consejo general es el siguiente: si s\u00f3lo piensas experimentar con la IA, es m\u00e1s f\u00e1cil pagar con tu saldo a favor. Si piensas utilizar OpenAI de forma habitual para procesar grandes cantidades de datos, puedes ahorrar algo de dinero creando tu propia cuenta OpenAI.<\/p>\n\n<h4 class=\"wp-block-heading\">Pagar con su saldo a favor<\/h4>\n\n<p>Este modo de pago es el m\u00e1s sencillo. Se utiliza por defecto y no requiere ninguna acci\u00f3n adicional por su parte. Solo tienes que activar la integraci\u00f3n de la API OpenAI en los ajustes de reenv\u00edo y establecer los par\u00e1metros necesarios. Despu\u00e9s de cada uso exitoso de la API junto con el resultado, recibimos el coste de la llamada en tokens de API OpenAI y lo deduciremos de su saldo a favor de acuerdo con las tarifas que se indican a continuaci\u00f3n.<\/p>\n\t\n<div class=\"wp-block-inline-spoilers-block\"><div class=\"spoiler-wrap\"><div class=\"spoiler-head collapsed\" title=\"Ampliar\">Precio de las fichas de los distintos modelos<\/div><div class=\"spoiler-body\" style=\"display:none\"><strong>gpt-4-1106-preview<\/strong> &#8211; 0,02 EUR por 1000 fichas de entrada, 0,06 EUR por 1000 fichas de salida<br><strong>gpt-4<\/strong> &#8211; 0,06 EUR por 1000 fichas de entrada, 0,12 EUR por 1000 fichas de salida<br><strong>gpt-3.5-turbo<\/strong> &#8211; 0,002 EUR por 1000 fichas de entrada, 0,004 EUR por 1000 fichas de salida<br><br><strong>Importe m\u00ednimo de d\u00e9bito &#8211; 0,01 EUR<\/strong>.<br>Por ejemplo, traducir un post de 1000 caracteres (es decir, unos 500 tokens de entrada y 500 de salida) con el modelo <strong>gpt-4-1106-preview<\/strong> costar\u00e1 entre 0,03 y 0,05 EUR. Utilizar un modelo <strong>gpt-3.5-turbo<\/strong> para la misma tarea costar\u00e1 0,01 EUR.<\/div><noscript><div class=\"spoiler-body\"><strong>gpt-4-1106-preview<\/strong> &#8211; 0,02 EUR por 1000 fichas de entrada, 0,06 EUR por 1000 fichas de salida<br><strong>gpt-4<\/strong> &#8211; 0,06 EUR por 1000 fichas de entrada, 0,12 EUR por 1000 fichas de salida<br><strong>gpt-3.5-turbo<\/strong> &#8211; 0,002 EUR por 1000 fichas de entrada, 0,004 EUR por 1000 fichas de salida<br><br><strong>Importe m\u00ednimo de d\u00e9bito &#8211; 0,01 EUR<\/strong>.<br>Por ejemplo, traducir un post de 1000 caracteres (es decir, unos 500 tokens de entrada y 500 de salida) con el modelo <strong>gpt-4-1106-preview<\/strong> costar\u00e1 entre 0,03 y 0,05 EUR. Utilizar un modelo <strong>gpt-3.5-turbo<\/strong> para la misma tarea costar\u00e1 0,01 EUR.<\/div><\/noscript><\/div><\/div>\n\n<p><\/p>\n\n<h4 class=\"wp-block-heading\">Pagar desde su propia cuenta OpenAI<\/h4>\n\n<p>Usted mismo puede registrarse en la plataforma OpenAI, adquirir una suscripci\u00f3n de pago y <a href=\"https:\/\/platform.openai.com\/account\/api-keys\">crear su clave API<\/a>. A continuaci\u00f3n, deber\u00e1 introducir esta clave en <strong>\n  <strong>Men\u00fa \u2192 Preferencias \u2192 OpenAI.<\/strong>\n<\/strong> Si tienes una clave API en tus preferencias, el bot utilizar\u00e1 tu cuenta de OpenAI y no se cargar\u00e1n tarifas adicionales a tu saldo en el propio bot.<\/p>\n\n<p>Importante: Para que tu clave funcione, debes tener al menos un m\u00e9todo de pago conectado a tu cuenta de OpenAI. Adem\u00e1s, ten en cuenta que una cuenta OpenAI y una cuenta ChatGPT no son lo mismo.<\/p>\n\n<p>Ventajas: es m\u00e1s barato que pagar con pro-balance; adem\u00e1s, tienes acceso a las estad\u00edsticas de uso.  <br\/>Desventajas: necesitas asegurarte de que tu cuenta OpenAI est\u00e1 pagada y tiene suficientes cr\u00e9ditos.<\/p>\n\n<h3 class=\"wp-block-heading\" id=\"&#x43F;&#x43E;&#x43A;&#x443;&#x43F;&#x43A;&#x430;-&#x441;&#x442;&#x430;&#x43D;&#x434;&#x430;&#x440;&#x442;&#x43D;&#x43E;&#x433;&#x43E;-&#x430;&#x43A;&#x43A;&#x430;&#x443;&#x43D;&#x442;&#x430;\"><span class=\"ez-toc-section\" id=\"Chat_de_OpenAI\"><\/span>Chat de OpenAI<span class=\"ez-toc-section-end\"><\/span><\/h3>\n\n<p>Puede habilitar el procesamiento de mensajes a trav\u00e9s del servicio <a href=\"https:\/\/platform.openai.com\/docs\/guides\/text-generation\/chat-completions-api\">OpenAI Chat<\/a> en <strong>Men\u00fa \u2192 Configuraci\u00f3n de reenv\u00edo \u2192 Elegir origen y destino \u2192 Integraciones<\/strong>. Est\u00e1n disponibles los siguientes ajustes.<\/p>\n\n<h4 class=\"wp-block-heading\">Plantilla<\/h4>\n\n<p>Un prompt es el texto que contiene las instrucciones para la IA. Dado que lo m\u00e1s probable es que la consulta consista tanto en las instrucciones como en el texto del mensaje que se va a procesar, una plantilla ofrece una forma c\u00f3moda de combinarlos. Como plantilla puede escribir cualquier texto que describa su tarea y poner dentro una etiqueta especial <code>${body}<\/code>. A continuaci\u00f3n, en el lugar del texto donde se especifique esta etiqueta, el bot a\u00f1adir\u00e1 el texto del mensaje a procesar. En el caso m\u00e1s sencillo, basta con describir la tarea y a\u00f1adir <code>${body}<\/code> al final. Vea los ejemplos siguientes sobre c\u00f3mo utilizarlo.<\/p>\n\n<h4 class=\"wp-block-heading\">Modelo<\/h4>\n\n<p>Los modelos difieren en coste, inteligencia y algunas otras caracter\u00edsticas. Para la mayor\u00eda de las aplicaciones, el modelo m\u00e1s barato gpt-3-turbo har\u00e1 el trabajo. Puede obtener m\u00e1s informaci\u00f3n sobre los distintos modelos <a href=\"https:\/\/platform.openai.com\/docs\/guides\/text-generation\/text-generation-models\">aqu\u00ed<\/a>.<\/p>\n\n<h4 class=\"wp-block-heading\">Creatividad<\/h4>\n\n<p>Este par\u00e1metro tambi\u00e9n se denomina &#8220;temperatura&#8221;. Cuanto mayor sea la temperatura, m\u00e1s art\u00edstica ser\u00e1 la respuesta. Cuanto m\u00e1s baja sea la temperatura, m\u00e1s &#8220;cient\u00edfica&#8221; ser\u00e1 la respuesta, m\u00e1s exacta, m\u00e1s objetiva. En la mayor\u00eda de los casos, puede dejar este par\u00e1metro igual a 1.<\/p>\n\n<h3 class=\"wp-block-heading\"><span class=\"ez-toc-section\" id=\"Ejemplos\"><\/span>Ejemplos<span class=\"ez-toc-section-end\"><\/span><\/h3>\n\n<h4 class=\"wp-block-heading\">Traducci\u00f3n<\/h4>\n\n<p>Puede crear r\u00e9plicas autom\u00e1ticas de su canal en varios idiomas a la vez. Para ello, configure la copia del canal original a los canales en los idiomas correspondientes y establezca las instrucciones adecuadas para la IA en los ajustes de integraci\u00f3n.<\/p>\n\n<p><strong>Plantilla:<\/strong><br\/><code>Translate the following text into a German language:<br\/>${body}<\/code><\/p>\n\n<p>Puedes mantener <strong>Modelo <\/strong>y <strong>Creatividad <\/strong>en sus valores por defecto.<\/p>\n\n<figure class=\"wp-block-image size-large is-resized\"><img loading=\"lazy\" decoding=\"async\" width=\"655\" height=\"1024\" loading=\"lazy\" src=\"\/wp-content\/uploads\/2023\/11\/image-2-655x1024.png\" alt=\"\" class=\"wp-image-3528\" style=\"width:242px;height:auto\" srcset=\"https:\/\/old.junctionbot.io\/wp-content\/uploads\/2023\/11\/image-2-655x1024.png 655w, https:\/\/old.junctionbot.io\/wp-content\/uploads\/2023\/11\/image-2-192x300.png 192w, https:\/\/old.junctionbot.io\/wp-content\/uploads\/2023\/11\/image-2-768x1201.png 768w, https:\/\/old.junctionbot.io\/wp-content\/uploads\/2023\/11\/image-2.png 934w\" sizes=\"auto, (max-width: 655px) 100vw, 655px\" \/><\/figure>\n\n<h4 class=\"wp-block-heading\">Filtrado<\/h4>\n\n<p>Puedes utilizar la IA como un filtro inteligente. Analizar\u00e1 el texto seg\u00fan sus criterios y le dar\u00e1 luz verde para publicarlo. Dado que los <a href=\"\/filtering\/\">filtros habituales<\/a> se aplican antes del procesamiento a trav\u00e9s de AI, primero debe crear una redirecci\u00f3n a un canal intermedio con los siguientes par\u00e1metros:<\/p>\n\n<p><strong>Plantilla:<\/strong><br\/><code>If the following text mentions a probability of a success of a deal equal or greater than 90%, reply to me with this text unchanged. If it does not occur, reply to me with the message \"<code>copying not required<\/code>\".<br\/>${body}<\/code>.<\/p>\n\n<p>Puedes mantener <strong>Modelo <\/strong>y <strong>Creatividad <\/strong>en sus valores por defecto.<\/p>\n\n<p>A continuaci\u00f3n, configure una redirecci\u00f3n del canal intermedio al canal final estableciendo los filtros habituales para no permitir el paso de mensajes con el texto &#8220;<code>copying not required<\/code>&#8220;.<\/p>\n","protected":false},"excerpt":{"rendered":"<p>Integraciones El bot puede utilizar servicios externos para enriquecer su funcionalidad. La primera integraci\u00f3n que lanzamos es la capacidad de usar OpenAI (ChatGPT y otros modelos) para procesar mensajes de Telegram. Integraci\u00f3n con OpenAI &#8211; informaci\u00f3n general La API de OpenAI te permite describir en lenguaje llano la acci\u00f3n que quieres realizar con un texto [&hellip;]<\/p>\n","protected":false},"author":2,"featured_media":0,"parent":0,"menu_order":0,"comment_status":"closed","ping_status":"closed","template":"","meta":{"nf_dc_page":"","_monsterinsights_skip_tracking":false,"_monsterinsights_sitenote_active":false,"_monsterinsights_sitenote_note":"","_monsterinsights_sitenote_category":0,"ocean_post_layout":"","ocean_both_sidebars_style":"","ocean_both_sidebars_content_width":0,"ocean_both_sidebars_sidebars_width":0,"ocean_sidebar":"0","ocean_second_sidebar":"0","ocean_disable_margins":"enable","ocean_add_body_class":"","ocean_shortcode_before_top_bar":"","ocean_shortcode_after_top_bar":"","ocean_shortcode_before_header":"","ocean_shortcode_after_header":"","ocean_has_shortcode":"","ocean_shortcode_after_title":"","ocean_shortcode_before_footer_widgets":"","ocean_shortcode_after_footer_widgets":"","ocean_shortcode_before_footer_bottom":"","ocean_shortcode_after_footer_bottom":"","ocean_display_top_bar":"default","ocean_display_header":"default","ocean_header_style":"","ocean_center_header_left_menu":"0","ocean_custom_header_template":"0","ocean_custom_logo":0,"ocean_custom_retina_logo":0,"ocean_custom_logo_max_width":0,"ocean_custom_logo_tablet_max_width":0,"ocean_custom_logo_mobile_max_width":0,"ocean_custom_logo_max_height":0,"ocean_custom_logo_tablet_max_height":0,"ocean_custom_logo_mobile_max_height":0,"ocean_header_custom_menu":"0","ocean_menu_typo_font_family":"0","ocean_menu_typo_font_subset":"","ocean_menu_typo_font_size":0,"ocean_menu_typo_font_size_tablet":0,"ocean_menu_typo_font_size_mobile":0,"ocean_menu_typo_font_size_unit":"px","ocean_menu_typo_font_weight":"","ocean_menu_typo_font_weight_tablet":"","ocean_menu_typo_font_weight_mobile":"","ocean_menu_typo_transform":"","ocean_menu_typo_transform_tablet":"","ocean_menu_typo_transform_mobile":"","ocean_menu_typo_line_height":0,"ocean_menu_typo_line_height_tablet":0,"ocean_menu_typo_line_height_mobile":0,"ocean_menu_typo_line_height_unit":"","ocean_menu_typo_spacing":0,"ocean_menu_typo_spacing_tablet":0,"ocean_menu_typo_spacing_mobile":0,"ocean_menu_typo_spacing_unit":"","ocean_menu_link_color":"","ocean_menu_link_color_hover":"","ocean_menu_link_color_active":"","ocean_menu_link_background":"","ocean_menu_link_hover_background":"","ocean_menu_link_active_background":"","ocean_menu_social_links_bg":"","ocean_menu_social_hover_links_bg":"","ocean_menu_social_links_color":"","ocean_menu_social_hover_links_color":"","ocean_disable_title":"default","ocean_disable_heading":"default","ocean_post_title":"","ocean_post_subheading":"","ocean_post_title_style":"","ocean_post_title_background_color":"","ocean_post_title_background":0,"ocean_post_title_bg_image_position":"","ocean_post_title_bg_image_attachment":"","ocean_post_title_bg_image_repeat":"","ocean_post_title_bg_image_size":"","ocean_post_title_height":0,"ocean_post_title_bg_overlay":0.5,"ocean_post_title_bg_overlay_color":"","ocean_disable_breadcrumbs":"default","ocean_breadcrumbs_color":"","ocean_breadcrumbs_separator_color":"","ocean_breadcrumbs_links_color":"","ocean_breadcrumbs_links_hover_color":"","ocean_display_footer_widgets":"default","ocean_display_footer_bottom":"default","ocean_custom_footer_template":"0","footnotes":""},"class_list":["post-3777","page","type-page","status-publish","hentry","entry"],"yoast_head":"<!-- This site is optimized with the Yoast SEO plugin v26.9 - https:\/\/yoast.com\/product\/yoast-seo-wordpress\/ -->\n<title>Junction Bot - Integraciones<\/title>\n<meta name=\"robots\" content=\"index, follow, max-snippet:-1, max-image-preview:large, max-video-preview:-1\" \/>\n<link rel=\"canonical\" href=\"https:\/\/old.junctionbot.io\/es\/integraciones\/\" \/>\n<meta property=\"og:locale\" content=\"es_ES\" \/>\n<meta property=\"og:type\" content=\"article\" \/>\n<meta property=\"og:title\" content=\"Junction Bot - Integraciones\" \/>\n<meta property=\"og:description\" content=\"Integraciones El bot puede utilizar servicios externos para enriquecer su funcionalidad. La primera integraci\u00f3n que lanzamos es la capacidad de usar OpenAI (ChatGPT y otros modelos) para procesar mensajes de Telegram. Integraci\u00f3n con OpenAI &#8211; informaci\u00f3n general La API de OpenAI te permite describir en lenguaje llano la acci\u00f3n que quieres realizar con un texto [&hellip;]\" \/>\n<meta property=\"og:url\" content=\"https:\/\/old.junctionbot.io\/es\/integraciones\/\" \/>\n<meta property=\"og:site_name\" content=\"Junction Bot\" \/>\n<meta property=\"article:modified_time\" content=\"2023-11-28T15:58:26+00:00\" \/>\n<meta name=\"twitter:card\" content=\"summary_large_image\" \/>\n<meta name=\"twitter:label1\" content=\"Tiempo de lectura\" \/>\n\t<meta name=\"twitter:data1\" content=\"5 minutos\" \/>\n<script type=\"application\/ld+json\" class=\"yoast-schema-graph\">{\"@context\":\"https:\/\/schema.org\",\"@graph\":[{\"@type\":\"WebPage\",\"@id\":\"https:\/\/old.junctionbot.io\/es\/integraciones\/\",\"url\":\"https:\/\/old.junctionbot.io\/es\/integraciones\/\",\"name\":\"Junction Bot - Integraciones\",\"isPartOf\":{\"@id\":\"https:\/\/junctionbot.io\/#website\"},\"datePublished\":\"2023-11-13T17:47:39+00:00\",\"dateModified\":\"2023-11-28T15:58:26+00:00\",\"breadcrumb\":{\"@id\":\"https:\/\/old.junctionbot.io\/es\/integraciones\/#breadcrumb\"},\"inLanguage\":\"es\",\"potentialAction\":[{\"@type\":\"ReadAction\",\"target\":[\"https:\/\/old.junctionbot.io\/es\/integraciones\/\"]}]},{\"@type\":\"BreadcrumbList\",\"@id\":\"https:\/\/old.junctionbot.io\/es\/integraciones\/#breadcrumb\",\"itemListElement\":[{\"@type\":\"ListItem\",\"position\":1,\"name\":\"Home\",\"item\":\"https:\/\/junctionbot.io\/es\/\"},{\"@type\":\"ListItem\",\"position\":2,\"name\":\"Integraciones\"}]},{\"@type\":\"WebSite\",\"@id\":\"https:\/\/junctionbot.io\/#website\",\"url\":\"https:\/\/junctionbot.io\/\",\"name\":\"Junction Bot\",\"description\":\"Copia autom\u00e1tica hacia adelante, transformaci\u00f3n y traducci\u00f3n de canales de Telegram, grupos y bots\",\"publisher\":{\"@id\":\"https:\/\/junctionbot.io\/#organization\"},\"potentialAction\":[{\"@type\":\"SearchAction\",\"target\":{\"@type\":\"EntryPoint\",\"urlTemplate\":\"https:\/\/junctionbot.io\/?s={search_term_string}\"},\"query-input\":{\"@type\":\"PropertyValueSpecification\",\"valueRequired\":true,\"valueName\":\"search_term_string\"}}],\"inLanguage\":\"es\"},{\"@type\":\"Organization\",\"@id\":\"https:\/\/junctionbot.io\/#organization\",\"name\":\"Junction Bot\",\"url\":\"https:\/\/junctionbot.io\/\",\"logo\":{\"@type\":\"ImageObject\",\"inLanguage\":\"es\",\"@id\":\"https:\/\/junctionbot.io\/#\/schema\/logo\/image\/\",\"url\":\"\/wp-content\/uploads\/2020\/06\/junc_logo-400.jpg\",\"contentUrl\":\"\/wp-content\/uploads\/2020\/06\/junc_logo-400.jpg\",\"width\":400,\"height\":400,\"caption\":\"Junction Bot\"},\"image\":{\"@id\":\"https:\/\/junctionbot.io\/#\/schema\/logo\/image\/\"}}]}<\/script>\n<!-- \/ Yoast SEO plugin. -->","yoast_head_json":{"title":"Junction Bot - Integraciones","robots":{"index":"index","follow":"follow","max-snippet":"max-snippet:-1","max-image-preview":"max-image-preview:large","max-video-preview":"max-video-preview:-1"},"canonical":"https:\/\/old.junctionbot.io\/es\/integraciones\/","og_locale":"es_ES","og_type":"article","og_title":"Junction Bot - Integraciones","og_description":"Integraciones El bot puede utilizar servicios externos para enriquecer su funcionalidad. La primera integraci\u00f3n que lanzamos es la capacidad de usar OpenAI (ChatGPT y otros modelos) para procesar mensajes de Telegram. Integraci\u00f3n con OpenAI &#8211; informaci\u00f3n general La API de OpenAI te permite describir en lenguaje llano la acci\u00f3n que quieres realizar con un texto [&hellip;]","og_url":"https:\/\/old.junctionbot.io\/es\/integraciones\/","og_site_name":"Junction Bot","article_modified_time":"2023-11-28T15:58:26+00:00","twitter_card":"summary_large_image","twitter_misc":{"Tiempo de lectura":"5 minutos"},"schema":{"@context":"https:\/\/schema.org","@graph":[{"@type":"WebPage","@id":"https:\/\/old.junctionbot.io\/es\/integraciones\/","url":"https:\/\/old.junctionbot.io\/es\/integraciones\/","name":"Junction Bot - Integraciones","isPartOf":{"@id":"https:\/\/junctionbot.io\/#website"},"datePublished":"2023-11-13T17:47:39+00:00","dateModified":"2023-11-28T15:58:26+00:00","breadcrumb":{"@id":"https:\/\/old.junctionbot.io\/es\/integraciones\/#breadcrumb"},"inLanguage":"es","potentialAction":[{"@type":"ReadAction","target":["https:\/\/old.junctionbot.io\/es\/integraciones\/"]}]},{"@type":"BreadcrumbList","@id":"https:\/\/old.junctionbot.io\/es\/integraciones\/#breadcrumb","itemListElement":[{"@type":"ListItem","position":1,"name":"Home","item":"https:\/\/junctionbot.io\/es\/"},{"@type":"ListItem","position":2,"name":"Integraciones"}]},{"@type":"WebSite","@id":"https:\/\/junctionbot.io\/#website","url":"https:\/\/junctionbot.io\/","name":"Junction Bot","description":"Copia autom\u00e1tica hacia adelante, transformaci\u00f3n y traducci\u00f3n de canales de Telegram, grupos y bots","publisher":{"@id":"https:\/\/junctionbot.io\/#organization"},"potentialAction":[{"@type":"SearchAction","target":{"@type":"EntryPoint","urlTemplate":"https:\/\/junctionbot.io\/?s={search_term_string}"},"query-input":{"@type":"PropertyValueSpecification","valueRequired":true,"valueName":"search_term_string"}}],"inLanguage":"es"},{"@type":"Organization","@id":"https:\/\/junctionbot.io\/#organization","name":"Junction Bot","url":"https:\/\/junctionbot.io\/","logo":{"@type":"ImageObject","inLanguage":"es","@id":"https:\/\/junctionbot.io\/#\/schema\/logo\/image\/","url":"\/wp-content\/uploads\/2020\/06\/junc_logo-400.jpg","contentUrl":"\/wp-content\/uploads\/2020\/06\/junc_logo-400.jpg","width":400,"height":400,"caption":"Junction Bot"},"image":{"@id":"https:\/\/junctionbot.io\/#\/schema\/logo\/image\/"}}]}},"_links":{"self":[{"href":"https:\/\/old.junctionbot.io\/es\/wp-json\/wp\/v2\/pages\/3777","targetHints":{"allow":["GET"]}}],"collection":[{"href":"https:\/\/old.junctionbot.io\/es\/wp-json\/wp\/v2\/pages"}],"about":[{"href":"https:\/\/old.junctionbot.io\/es\/wp-json\/wp\/v2\/types\/page"}],"author":[{"embeddable":true,"href":"https:\/\/old.junctionbot.io\/es\/wp-json\/wp\/v2\/users\/2"}],"replies":[{"embeddable":true,"href":"https:\/\/old.junctionbot.io\/es\/wp-json\/wp\/v2\/comments?post=3777"}],"version-history":[{"count":1,"href":"https:\/\/old.junctionbot.io\/es\/wp-json\/wp\/v2\/pages\/3777\/revisions"}],"predecessor-version":[{"id":3781,"href":"https:\/\/old.junctionbot.io\/es\/wp-json\/wp\/v2\/pages\/3777\/revisions\/3781"}],"wp:attachment":[{"href":"https:\/\/old.junctionbot.io\/es\/wp-json\/wp\/v2\/media?parent=3777"}],"curies":[{"name":"wp","href":"https:\/\/api.w.org\/{rel}","templated":true}]}}