{"id":3782,"date":"2023-06-25T14:41:53","date_gmt":"2023-06-25T12:41:53","guid":{"rendered":"https:\/\/docs.junction.space\/modo-de-revision\/"},"modified":"2023-11-28T17:58:26","modified_gmt":"2023-11-28T15:58:26","slug":"modo-de-revision","status":"publish","type":"page","link":"https:\/\/old.junctionbot.io\/es\/modo-de-revision\/","title":{"rendered":"Modo de revisi\u00f3n"},"content":{"rendered":"\n<h2 class=\"wp-block-heading\"><span class=\"ez-toc-section\" id=\"Modo_de_revision\"><\/span>Modo de revisi\u00f3n<span class=\"ez-toc-section-end\"><\/span><\/h2>\n\n<p>@Junction_Bot tiene una funci\u00f3n que le permite editar manualmente los mensajes de la fuente antes de publicarlos en el destino. Tambi\u00e9n te permite aprobar u omitir manualmente las entradas para su publicaci\u00f3n. Lo llamamos <strong>modo revisi\u00f3n<\/strong>. \u00bfC\u00f3mo funciona?<\/p>\n\n<ol class=\"wp-block-list\">\n<li><a href=\"\/forwarding\/#Creating_a_new_forward\">Cree una nueva regla de reenv\u00edo con el comando \/new<\/a>. Tenga en cuenta que el modo de revisi\u00f3n s\u00f3lo funciona con una conexi\u00f3n directa.<\/li>\n\n\n\n<li>Aplique el ajuste <code>review on<\/code> al origen en <strong>Men\u00fa \u2192 Ajustes de reenv\u00edo \u2192 Elegir origen y destino \u2192 Modo revisi\u00f3n<\/strong>. Adem\u00e1s, para ello puede utilizar un comando  <br\/><code>\/settingchannel <a href=\"\/settings-and-features\/#Referencing_a_source_channel\"><\/a><a href=\"\/settings-and-features\/#Referencing_a_source_channel\">source_channel_reference<\/a> review on<\/code><\/li>\n\n\n\n<li>Ahora por cada nuevo post en la fuente <strong>tu cuenta conectada<\/strong> enviar\u00e1 autom\u00e1ticamente una copia de ese post al bot especial @Junction_Review_Bot. Debajo de cada entrada habr\u00e1 informaci\u00f3n sobre la fuente y el destino y los botones &#8220;Publicar&#8221; y &#8220;Saltar&#8221;.<\/li>\n\n\n\n<li>Como el post se publica en nombre de tu cuenta, puedes editarlo directamente en el chat con @Junction_Review_Bot.<\/li>\n\n\n\n<li>Si desea publicar la entrada resultante en el destino, haga clic en el bot\u00f3n &#8220;Publicar&#8221;.<\/li>\n<\/ol>\n\n<p>Para desactivar el modo revisi\u00f3n, utilice Men\u00fa o el comando<br\/><code>\/settingchannel <a href=\"\/settings-and-features\/#Referencing_a_source_channel\"><\/a><code><a href=\"\/settings-and-features-ru\/#%D0%A1%D1%81%D1%8B%D0%BB%D0%BA%D0%B0_%D0%BD%D0%B0_%D0%B8%D1%81%D1%82%D0%BE%D1%87%D0%BD%D0%B8%D0%BA\"><\/a><a href=\"\/settings-and-features\/#Referencing_a_source_channel\">source_channel_reference<\/a><\/code> review off<\/code><\/p>\n\n<p>Algunos puntos importantes sobre este modo:<\/p>\n\n<ul class=\"wp-block-list\">\n<li>Puede seguir utilizando cualquier reemplazo y filtro en sus reglas de reenv\u00edo. Se aplicar\u00e1n antes de que el mensaje se publique para su revisi\u00f3n.<\/li>\n\n\n\n<li>Puede utilizar el bot\u00f3n &#8220;Publicar&#8221; tantas veces como desee. Cada vez, el sistema publicar\u00e1 la versi\u00f3n actual del post en el desti.<\/li>\n\n\n\n<li>Al activar un modo de revisi\u00f3n, se activa autom\u00e1ticamente la <a href=\"\/direct-connection\/#Forwarding_messages_on_behalf_of_your_account\">entrega en nombre de su cuenta<\/a> (<code>delivery copy_client<\/code>). Esto significa que la cuenta conectada debe tener derechos de publicaci\u00f3n en el destino. Adem\u00e1s, significa que los botones del puesto original no se transferir\u00e1n.<\/li>\n\n\n\n<li>La edici\u00f3n no se transfiere autom\u00e1ticamente del origen al destino.<\/li>\n<\/ul>\n","protected":false},"excerpt":{"rendered":"<p>Modo de revisi\u00f3n @Junction_Bot tiene una funci\u00f3n que le permite editar manualmente los mensajes de la fuente antes de publicarlos en el destino. Tambi\u00e9n te permite aprobar u omitir manualmente las entradas para su publicaci\u00f3n. Lo llamamos modo revisi\u00f3n. \u00bfC\u00f3mo funciona? Para desactivar el modo revisi\u00f3n, utilice Men\u00fa o el comando\/settingchannel source_channel_reference review off Algunos [&hellip;]<\/p>\n","protected":false},"author":2,"featured_media":0,"parent":0,"menu_order":0,"comment_status":"closed","ping_status":"closed","template":"","meta":{"nf_dc_page":"","_monsterinsights_skip_tracking":false,"_monsterinsights_sitenote_active":false,"_monsterinsights_sitenote_note":"","_monsterinsights_sitenote_category":0,"ocean_post_layout":"left-sidebar","ocean_both_sidebars_style":"","ocean_both_sidebars_content_width":0,"ocean_both_sidebars_sidebars_width":0,"ocean_sidebar":"0","ocean_second_sidebar":"0","ocean_disable_margins":"enable","ocean_add_body_class":"","ocean_shortcode_before_top_bar":"","ocean_shortcode_after_top_bar":"","ocean_shortcode_before_header":"","ocean_shortcode_after_header":"","ocean_has_shortcode":"","ocean_shortcode_after_title":"","ocean_shortcode_before_footer_widgets":"","ocean_shortcode_after_footer_widgets":"","ocean_shortcode_before_footer_bottom":"","ocean_shortcode_after_footer_bottom":"","ocean_display_top_bar":"default","ocean_display_header":"default","ocean_header_style":"","ocean_center_header_left_menu":"0","ocean_custom_header_template":"0","ocean_custom_logo":0,"ocean_custom_retina_logo":0,"ocean_custom_logo_max_width":0,"ocean_custom_logo_tablet_max_width":0,"ocean_custom_logo_mobile_max_width":0,"ocean_custom_logo_max_height":0,"ocean_custom_logo_tablet_max_height":0,"ocean_custom_logo_mobile_max_height":0,"ocean_header_custom_menu":"0","ocean_menu_typo_font_family":"0","ocean_menu_typo_font_subset":"","ocean_menu_typo_font_size":0,"ocean_menu_typo_font_size_tablet":0,"ocean_menu_typo_font_size_mobile":0,"ocean_menu_typo_font_size_unit":"px","ocean_menu_typo_font_weight":"","ocean_menu_typo_font_weight_tablet":"","ocean_menu_typo_font_weight_mobile":"","ocean_menu_typo_transform":"","ocean_menu_typo_transform_tablet":"","ocean_menu_typo_transform_mobile":"","ocean_menu_typo_line_height":0,"ocean_menu_typo_line_height_tablet":0,"ocean_menu_typo_line_height_mobile":0,"ocean_menu_typo_line_height_unit":"","ocean_menu_typo_spacing":0,"ocean_menu_typo_spacing_tablet":0,"ocean_menu_typo_spacing_mobile":0,"ocean_menu_typo_spacing_unit":"","ocean_menu_link_color":"","ocean_menu_link_color_hover":"","ocean_menu_link_color_active":"","ocean_menu_link_background":"","ocean_menu_link_hover_background":"","ocean_menu_link_active_background":"","ocean_menu_social_links_bg":"","ocean_menu_social_hover_links_bg":"","ocean_menu_social_links_color":"","ocean_menu_social_hover_links_color":"","ocean_disable_title":"default","ocean_disable_heading":"default","ocean_post_title":"","ocean_post_subheading":"","ocean_post_title_style":"","ocean_post_title_background_color":"","ocean_post_title_background":0,"ocean_post_title_bg_image_position":"","ocean_post_title_bg_image_attachment":"","ocean_post_title_bg_image_repeat":"","ocean_post_title_bg_image_size":"","ocean_post_title_height":0,"ocean_post_title_bg_overlay":0.5,"ocean_post_title_bg_overlay_color":"","ocean_disable_breadcrumbs":"default","ocean_breadcrumbs_color":"","ocean_breadcrumbs_separator_color":"","ocean_breadcrumbs_links_color":"","ocean_breadcrumbs_links_hover_color":"","ocean_display_footer_widgets":"default","ocean_display_footer_bottom":"default","ocean_custom_footer_template":"0","footnotes":""},"class_list":["post-3782","page","type-page","status-publish","hentry","entry"],"yoast_head":"<!-- This site is optimized with the Yoast SEO plugin v26.9 - https:\/\/yoast.com\/product\/yoast-seo-wordpress\/ -->\n<title>Junction Bot - Modo de revisi\u00f3n<\/title>\n<meta name=\"robots\" content=\"index, follow, max-snippet:-1, max-image-preview:large, max-video-preview:-1\" \/>\n<link rel=\"canonical\" href=\"https:\/\/old.junctionbot.io\/es\/modo-de-revision\/\" \/>\n<meta property=\"og:locale\" content=\"es_ES\" \/>\n<meta property=\"og:type\" content=\"article\" \/>\n<meta property=\"og:title\" content=\"Junction Bot - Modo de revisi\u00f3n\" \/>\n<meta property=\"og:description\" content=\"Modo de revisi\u00f3n @Junction_Bot tiene una funci\u00f3n que le permite editar manualmente los mensajes de la fuente antes de publicarlos en el destino. Tambi\u00e9n te permite aprobar u omitir manualmente las entradas para su publicaci\u00f3n. Lo llamamos modo revisi\u00f3n. \u00bfC\u00f3mo funciona? Para desactivar el modo revisi\u00f3n, utilice Men\u00fa o el comando\/settingchannel source_channel_reference review off Algunos [&hellip;]\" \/>\n<meta property=\"og:url\" content=\"https:\/\/old.junctionbot.io\/es\/modo-de-revision\/\" \/>\n<meta property=\"og:site_name\" content=\"Junction Bot\" \/>\n<meta property=\"article:modified_time\" content=\"2023-11-28T15:58:26+00:00\" \/>\n<meta name=\"twitter:card\" content=\"summary_large_image\" \/>\n<meta name=\"twitter:label1\" content=\"Tiempo de lectura\" \/>\n\t<meta name=\"twitter:data1\" content=\"2 minutos\" \/>\n<script type=\"application\/ld+json\" class=\"yoast-schema-graph\">{\"@context\":\"https:\/\/schema.org\",\"@graph\":[{\"@type\":\"WebPage\",\"@id\":\"https:\/\/old.junctionbot.io\/es\/modo-de-revision\/\",\"url\":\"https:\/\/old.junctionbot.io\/es\/modo-de-revision\/\",\"name\":\"Junction Bot - Modo de revisi\u00f3n\",\"isPartOf\":{\"@id\":\"https:\/\/junctionbot.io\/#website\"},\"datePublished\":\"2023-06-25T12:41:53+00:00\",\"dateModified\":\"2023-11-28T15:58:26+00:00\",\"breadcrumb\":{\"@id\":\"https:\/\/old.junctionbot.io\/es\/modo-de-revision\/#breadcrumb\"},\"inLanguage\":\"es\",\"potentialAction\":[{\"@type\":\"ReadAction\",\"target\":[\"https:\/\/old.junctionbot.io\/es\/modo-de-revision\/\"]}]},{\"@type\":\"BreadcrumbList\",\"@id\":\"https:\/\/old.junctionbot.io\/es\/modo-de-revision\/#breadcrumb\",\"itemListElement\":[{\"@type\":\"ListItem\",\"position\":1,\"name\":\"Home\",\"item\":\"https:\/\/junctionbot.io\/es\/\"},{\"@type\":\"ListItem\",\"position\":2,\"name\":\"Modo de revisi\u00f3n\"}]},{\"@type\":\"WebSite\",\"@id\":\"https:\/\/junctionbot.io\/#website\",\"url\":\"https:\/\/junctionbot.io\/\",\"name\":\"Junction Bot\",\"description\":\"Copia autom\u00e1tica hacia adelante, transformaci\u00f3n y traducci\u00f3n de canales de Telegram, grupos y bots\",\"publisher\":{\"@id\":\"https:\/\/junctionbot.io\/#organization\"},\"potentialAction\":[{\"@type\":\"SearchAction\",\"target\":{\"@type\":\"EntryPoint\",\"urlTemplate\":\"https:\/\/junctionbot.io\/?s={search_term_string}\"},\"query-input\":{\"@type\":\"PropertyValueSpecification\",\"valueRequired\":true,\"valueName\":\"search_term_string\"}}],\"inLanguage\":\"es\"},{\"@type\":\"Organization\",\"@id\":\"https:\/\/junctionbot.io\/#organization\",\"name\":\"Junction Bot\",\"url\":\"https:\/\/junctionbot.io\/\",\"logo\":{\"@type\":\"ImageObject\",\"inLanguage\":\"es\",\"@id\":\"https:\/\/junctionbot.io\/#\/schema\/logo\/image\/\",\"url\":\"\/wp-content\/uploads\/2020\/06\/junc_logo-400.jpg\",\"contentUrl\":\"\/wp-content\/uploads\/2020\/06\/junc_logo-400.jpg\",\"width\":400,\"height\":400,\"caption\":\"Junction Bot\"},\"image\":{\"@id\":\"https:\/\/junctionbot.io\/#\/schema\/logo\/image\/\"}}]}<\/script>\n<!-- \/ Yoast SEO plugin. -->","yoast_head_json":{"title":"Junction Bot - Modo de revisi\u00f3n","robots":{"index":"index","follow":"follow","max-snippet":"max-snippet:-1","max-image-preview":"max-image-preview:large","max-video-preview":"max-video-preview:-1"},"canonical":"https:\/\/old.junctionbot.io\/es\/modo-de-revision\/","og_locale":"es_ES","og_type":"article","og_title":"Junction Bot - Modo de revisi\u00f3n","og_description":"Modo de revisi\u00f3n @Junction_Bot tiene una funci\u00f3n que le permite editar manualmente los mensajes de la fuente antes de publicarlos en el destino. Tambi\u00e9n te permite aprobar u omitir manualmente las entradas para su publicaci\u00f3n. Lo llamamos modo revisi\u00f3n. \u00bfC\u00f3mo funciona? Para desactivar el modo revisi\u00f3n, utilice Men\u00fa o el comando\/settingchannel source_channel_reference review off Algunos [&hellip;]","og_url":"https:\/\/old.junctionbot.io\/es\/modo-de-revision\/","og_site_name":"Junction Bot","article_modified_time":"2023-11-28T15:58:26+00:00","twitter_card":"summary_large_image","twitter_misc":{"Tiempo de lectura":"2 minutos"},"schema":{"@context":"https:\/\/schema.org","@graph":[{"@type":"WebPage","@id":"https:\/\/old.junctionbot.io\/es\/modo-de-revision\/","url":"https:\/\/old.junctionbot.io\/es\/modo-de-revision\/","name":"Junction Bot - Modo de revisi\u00f3n","isPartOf":{"@id":"https:\/\/junctionbot.io\/#website"},"datePublished":"2023-06-25T12:41:53+00:00","dateModified":"2023-11-28T15:58:26+00:00","breadcrumb":{"@id":"https:\/\/old.junctionbot.io\/es\/modo-de-revision\/#breadcrumb"},"inLanguage":"es","potentialAction":[{"@type":"ReadAction","target":["https:\/\/old.junctionbot.io\/es\/modo-de-revision\/"]}]},{"@type":"BreadcrumbList","@id":"https:\/\/old.junctionbot.io\/es\/modo-de-revision\/#breadcrumb","itemListElement":[{"@type":"ListItem","position":1,"name":"Home","item":"https:\/\/junctionbot.io\/es\/"},{"@type":"ListItem","position":2,"name":"Modo de revisi\u00f3n"}]},{"@type":"WebSite","@id":"https:\/\/junctionbot.io\/#website","url":"https:\/\/junctionbot.io\/","name":"Junction Bot","description":"Copia autom\u00e1tica hacia adelante, transformaci\u00f3n y traducci\u00f3n de canales de Telegram, grupos y bots","publisher":{"@id":"https:\/\/junctionbot.io\/#organization"},"potentialAction":[{"@type":"SearchAction","target":{"@type":"EntryPoint","urlTemplate":"https:\/\/junctionbot.io\/?s={search_term_string}"},"query-input":{"@type":"PropertyValueSpecification","valueRequired":true,"valueName":"search_term_string"}}],"inLanguage":"es"},{"@type":"Organization","@id":"https:\/\/junctionbot.io\/#organization","name":"Junction Bot","url":"https:\/\/junctionbot.io\/","logo":{"@type":"ImageObject","inLanguage":"es","@id":"https:\/\/junctionbot.io\/#\/schema\/logo\/image\/","url":"\/wp-content\/uploads\/2020\/06\/junc_logo-400.jpg","contentUrl":"\/wp-content\/uploads\/2020\/06\/junc_logo-400.jpg","width":400,"height":400,"caption":"Junction Bot"},"image":{"@id":"https:\/\/junctionbot.io\/#\/schema\/logo\/image\/"}}]}},"_links":{"self":[{"href":"https:\/\/old.junctionbot.io\/es\/wp-json\/wp\/v2\/pages\/3782","targetHints":{"allow":["GET"]}}],"collection":[{"href":"https:\/\/old.junctionbot.io\/es\/wp-json\/wp\/v2\/pages"}],"about":[{"href":"https:\/\/old.junctionbot.io\/es\/wp-json\/wp\/v2\/types\/page"}],"author":[{"embeddable":true,"href":"https:\/\/old.junctionbot.io\/es\/wp-json\/wp\/v2\/users\/2"}],"replies":[{"embeddable":true,"href":"https:\/\/old.junctionbot.io\/es\/wp-json\/wp\/v2\/comments?post=3782"}],"version-history":[{"count":1,"href":"https:\/\/old.junctionbot.io\/es\/wp-json\/wp\/v2\/pages\/3782\/revisions"}],"predecessor-version":[{"id":3784,"href":"https:\/\/old.junctionbot.io\/es\/wp-json\/wp\/v2\/pages\/3782\/revisions\/3784"}],"wp:attachment":[{"href":"https:\/\/old.junctionbot.io\/es\/wp-json\/wp\/v2\/media?parent=3782"}],"curies":[{"name":"wp","href":"https:\/\/api.w.org\/{rel}","templated":true}]}}