{"id":3785,"date":"2020-05-01T15:29:24","date_gmt":"2020-05-01T13:29:24","guid":{"rendered":"https:\/\/docs.junction.space\/botones\/"},"modified":"2023-11-28T17:58:28","modified_gmt":"2023-11-28T15:58:28","slug":"botones","status":"publish","type":"page","link":"https:\/\/old.junctionbot.io\/es\/botones\/","title":{"rendered":"Botones"},"content":{"rendered":"\n<h2 class=\"wp-block-heading\"><span class=\"ez-toc-section\" id=\"Botones\"><\/span>Botones<span class=\"ez-toc-section-end\"><\/span><\/h2>\n\n<p>Puede personalizar f\u00e1cilmente los botones de los mensajes resultantes.<\/p>\n\n<h3 class=\"wp-block-heading\"><span class=\"ez-toc-section\" id=\"Botones_de_respuesta\"><\/span>Botones de respuesta<span class=\"ez-toc-section-end\"><\/span><\/h3>\n\n<pre class=\"wp-block-preformatted\">\u00bfD\u00f3nde est\u00e1?  \n<strong>Men\u00fa \u2192 Ajustes de reenv\u00edo \u2192 Elegir origen y destino \u2192 Botones de respuesta.<\/strong><\/pre>\n\n<p>A\u00f1ade botones de respuesta a un mensaje, por ejemplo <strong>como<\/strong>.<\/p>\n\n<details class=\"wp-block-mamaduka-toggles wp-block-toggles\"><summary>\u23f5Commands<\/summary><div class=\"wp-block-toggles__content\">\n<pre class=\"wp-block-preformatted\"><span class=\"cool-title\">\/setting like<\/span> + una de las siguientes opciones:\n\n<span class=\"cool-title\">ninguno<\/span> - sin botones\nEx.  <code>\/setting like none<\/code>\n\n<span class=\"cool-title\">1<\/span> - bot\u00f3n ????\nEx.  <code>\/setting like 1<\/code>\n\n<span class=\"cool-title\">2<\/span> - dos botones: ???? y ????\nEx.  <code>\/setting like 2<\/code>\n\nSi a\u00f1ades cualquier otra cadena - cada palabra de esta cadena ser\u00e1 un bot\u00f3n, es decir, una cadena \"????????\" es lo mismo que la opci\u00f3n anterior 2\nEx.  <code>\/setting like ???? ????<\/code>\nEx.  <code>\/setting like yes no maybe<\/code>  - a\u00f1adir\u00e1 3 botones 's\u00ed', 'no', 'tal vez'<\/pre>\n\n\n\n<p>Puede ajustar esta configuraci\u00f3n en el men\u00fa, pero tambi\u00e9n puede utilizar los comandos. Si utiliza los comandos, para aplicar este ajuste a un solo canal, sustituya el comando <code>\/setting<\/code> por <code>\/settingchannel <a href=\"\/es\/ajustes-y-funciones\/#Referencing_a_source_channel\">source_channel_reference<\/a><\/code> <a href=\"\/es\/ajustes-y-funciones\/#Applying_settings_to_one_or_all_channels\">(m\u00e1s informaci\u00f3n<\/a>).<\/p>\n<\/div><\/details>\n\n<h3 class=\"wp-block-heading\"><span class=\"ez-toc-section\" id=\"Botones_de_copia\"><\/span>Botones de copia<span class=\"ez-toc-section-end\"><\/span><\/h3>\n\n<pre class=\"wp-block-preformatted\">\u00bfD\u00f3nde est\u00e1?  \n<strong>Men\u00fa \u2192 Ajustes de reenv\u00edo \u2192 Elegir origen y destino \u2192 Botones de originales.<\/strong><\/pre>\n\n<p>Con este ajuste, puedes elegir qu\u00e9 botones del mensaje original quieres conservar. Recuerda que, debido a la forma en que Telegram funciona, s\u00f3lo los botones URL funcionar\u00e1n si se hace clic en ellos.<\/p>\n\n<details class=\"wp-block-mamaduka-toggles wp-block-toggles\"><summary>\u23f5Commands<\/summary><div class=\"wp-block-toggles__content\">\n<pre class=\"wp-block-preformatted\"><span class=\"cool-title\">\/botones de configuraci\u00f3n<\/span> + una de las siguientes opciones:\n\n<span class=\"cool-title\">ninguno<\/span> - no copiar ning\u00fan bot\u00f3n\nEx.  <code>\/setting buttons none<\/code>\n\n<span class=\"cool-title\">url<\/span> - s\u00f3lo botones URL\nEx.  <code>\/setting buttons url<\/code>\n\n<span class=\"cool-title\">especial<\/span> - s\u00f3lo botones no URL\nEx.  <code>\/setting buttons special<\/code>\n\n<span class=\"cool-title\">all<\/span> - copiar todos los botones\nEx.  <code>\/setting buttons all<\/code><\/pre>\n\n\n\n<p>Puede ajustar esta configuraci\u00f3n en el men\u00fa, pero tambi\u00e9n puede utilizar los comandos. Si utiliza los comandos, para aplicar este ajuste a un solo canal, sustituya el comando <code>\/setting<\/code> por <code>\/settingchannel <a href=\"\/es\/ajustes-y-funciones\/#Referencing_a_source_channel\">source_channel_reference<\/a><\/code> <a href=\"\/es\/ajustes-y-funciones\/#Applying_settings_to_one_or_all_channels\">(m\u00e1s informaci\u00f3n<\/a>).<\/p>\n<\/div><\/details>\n\n<h3 class=\"wp-block-heading\"><span class=\"ez-toc-section\" id=\"Anade_tus_botones_personalizados\"><\/span>A\u00f1ade tus botones personalizados<span class=\"ez-toc-section-end\"><\/span><\/h3>\n\n<pre class=\"wp-block-preformatted\">\u00bfD\u00f3nde est\u00e1?  \n<strong>Men\u00fa \u2192 Ajustes de reenv\u00edo \u2192 Elegir origen y destino \u2192 Botones personalizados.<\/strong><\/pre>\n\n<p>Puedes a\u00f1adir botones URL personalizados a los mensajes que reenv\u00edes.<\/p>\n\n<details class=\"wp-block-mamaduka-toggles wp-block-toggles\"><summary>\u23f5Commands<\/summary><div class=\"wp-block-toggles__content\">\n<pre class=\"wp-block-preformatted\"><span class=\"cool-title\">\/setting mybuttons<\/span> + una de las siguientes opciones:\n\n<span class=\"cool-title\">none<\/span> - no a\u00f1ada sus botones personalizados\nEx.  <code>\/setting mybuttons none<\/code>\n\n<span class=\"cool-title\">[button1] [button2]<\/span>  - para establecer una lista de sus botones\nFormato:  \n<code>\/setting mybuttons\nURL text-of-the-button<\/code>\nEjemplo:\n<code>\/setting mybuttons\nhttps:\/\/junction.space About us\nhttps:\/\/tgchannels.org All channels<\/code><\/pre>\n\n\n\n<p>Puede ajustar esta configuraci\u00f3n en el men\u00fa, pero tambi\u00e9n puede utilizar los comandos. Si utiliza los comandos, para aplicar este ajuste a un solo canal, sustituya el comando <code>\/setting<\/code> por <code>\/settingchannel <a href=\"\/es\/ajustes-y-funciones\/#Referencing_a_source_channel\">source_channel_reference<\/a><\/code> <a href=\"\/es\/ajustes-y-funciones\/#Applying_settings_to_one_or_all_channels\">(m\u00e1s informaci\u00f3n<\/a>).<\/p>\n<\/div><\/details>\n\n<h3 class=\"wp-block-heading\"><span class=\"ez-toc-section\" id=\"Copiar_botones_de_alerta\"><\/span>Copiar botones de alerta<span class=\"ez-toc-section-end\"><\/span><\/h3>\n\n<pre class=\"wp-block-preformatted\">\u00bfD\u00f3nde est\u00e1?  \n<strong>Men\u00fa \u2192 Ajustes de reenv\u00edo \u2192 Elegir origen y destino \u2192 Pulse el bot\u00f3n<\/strong><\/pre>\n\n<p>Con este ajuste puede activar la copia de los botones, que muestran alertas cuando se hace clic en ellos. La simple duplicaci\u00f3n del post no transmite la reacci\u00f3n de Telegram ante este tipo de botones. Para este caso, nuestro bot implementa un mecanismo de copia m\u00e1s profundo.<\/p>\n\n<details class=\"wp-block-mamaduka-toggles wp-block-toggles\"><summary>\u23f5Commands<\/summary><div class=\"wp-block-toggles__content\">\n<pre class=\"wp-block-preformatted\"><span class=\"cool-title\">\/settingchannel <a href=\"\/settings-and-features\/#Referencing_a_source_channel\">source_channel_reference<\/a> pulse<\/span> + una de las siguientes opciones:\n\n<span class=\"cool-title\">none<\/span> - no copiar botones de alerta\nEjemplo:  <code>\/settingchannel <code><a href=\"\/settings-and-features\/#Referencing_a_source_channel\">source_channel_reference<\/a><\/code> click none<\/code>\n\n<span class=\"cool-title\">.*<\/span> - copiar todos los botones de alerta\nEjemplo:  <code>\/settingchannel <code><a href=\"\/settings-and-features\/#Referencing_a_source_channel\">source_channel_reference<\/a><\/code> click .*<\/code>\n\n<span class=\"cool-title\">cualquier expresi\u00f3n regular<\/span> - copiar botones de alerta que tengan un texto que coincida con esta expresi\u00f3n\nEjemplo:  <code>\/settingchannel <code><a href=\"\/settings-and-features\/#Referencing_a_source_channel\">source_channel_reference<\/a><\/code> click Show<\/code><\/pre>\n\n\n\n<p>Puede ajustar esta configuraci\u00f3n en el men\u00fa, pero tambi\u00e9n puede utilizar los comandos. Si utiliza los comandos, para aplicar este ajuste a un solo canal, sustituya el comando <code>\/setting<\/code> por <code>\/settingchannel <a href=\"\/es\/ajustes-y-funciones\/#Referencing_a_source_channel\">source_channel_reference<\/a><\/code> <a href=\"\/es\/ajustes-y-funciones\/#Applying_settings_to_one_or_all_channels\">(m\u00e1s informaci\u00f3n<\/a>).<\/p>\n<\/div><\/details>\n\n<p>Ten en cuenta que este ajuste s\u00f3lo funciona para la <a href=\"\/direct-connection\/\" data-type=\"URL\" data-id=\"\/direct-connection\/\">Conexi\u00f3n Directa<\/a>, los canales privados y <a href=\"\/choosing-the-right-account-type\/#Extra_packages\">expr\u00e9s<\/a> y los grupos. Adem\u00e1s, esta configuraci\u00f3n no funcionar\u00e1 si est\u00e1 <a href=\"\/direct-connection\/#Forwarding_messages_on_behalf_of_your_account\">reenviando mensajes en nombre de su cuenta<\/a>.<\/p>\n\n<p>En cuanto aparezca un mensaje con un bot\u00f3n en la fuente, el bot har\u00e1 clic inmediatamente en este bot\u00f3n para leer la notificaci\u00f3n. Est\u00e1 claro que una persona no pulsar\u00e1 el bot\u00f3n al instante. Para que el comportamiento del bot sea m\u00e1s parecido al humano, puedes establecer un retardo aleatorio antes de hacer clic. Probablemente no quieras hacer el borde inferior demasiado peque\u00f1o para que no parezca poco natural. Pero tampoco hay que hacerlo demasiado grande, porque los mensajes llegar\u00e1n al destino con este mismo retraso.<\/p>\n\n<p>Por tanto, para establecer el retardo, a\u00f1ada un par\u00e1metro m\u00e1s: el intervalo en segundos. Por ejemplo, si utiliza los comandos:<\/p>\n\n<p><code>\/settingchannel source_reference click. * 15-300<\/code><\/p>\n\n<p>Copiar\u00e1 cualquier bot\u00f3n de alerta puls\u00e1ndolo con un retardo aleatorio de 15 a 300 segundos.<br\/>Este ajuste s\u00f3lo funciona en una <a href=\"\/direct-connection\/\">Conexi\u00f3n Directa<\/a>.<\/p>\n\n<p>Adem\u00e1s, es posible colocar el texto de la alerta en el cuerpo del mensaje y no copiar el propio bot\u00f3n. Para ello a\u00f1ade un argumento m\u00e1s <code>body<\/code>:<\/p>\n\n<p> <code>\/settingchannel source_reference click. * 15-300<\/code> <code>body<\/code><\/p>\n","protected":false},"excerpt":{"rendered":"<p>Botones Puede personalizar f\u00e1cilmente los botones de los mensajes resultantes. Botones de respuesta \u00bfD\u00f3nde est\u00e1? Men\u00fa \u2192 Ajustes de reenv\u00edo \u2192 Elegir origen y destino \u2192 Botones de respuesta. A\u00f1ade botones de respuesta a un mensaje, por ejemplo como. Botones de copia \u00bfD\u00f3nde est\u00e1? Men\u00fa \u2192 Ajustes de reenv\u00edo \u2192 Elegir origen y destino \u2192 [&hellip;]<\/p>\n","protected":false},"author":1,"featured_media":0,"parent":0,"menu_order":0,"comment_status":"closed","ping_status":"closed","template":"","meta":{"nf_dc_page":"","_monsterinsights_skip_tracking":false,"_monsterinsights_sitenote_active":false,"_monsterinsights_sitenote_note":"","_monsterinsights_sitenote_category":0,"ocean_post_layout":"","ocean_both_sidebars_style":"","ocean_both_sidebars_content_width":0,"ocean_both_sidebars_sidebars_width":0,"ocean_sidebar":"0","ocean_second_sidebar":"0","ocean_disable_margins":"enable","ocean_add_body_class":"","ocean_shortcode_before_top_bar":"","ocean_shortcode_after_top_bar":"","ocean_shortcode_before_header":"","ocean_shortcode_after_header":"","ocean_has_shortcode":"","ocean_shortcode_after_title":"","ocean_shortcode_before_footer_widgets":"","ocean_shortcode_after_footer_widgets":"","ocean_shortcode_before_footer_bottom":"","ocean_shortcode_after_footer_bottom":"","ocean_display_top_bar":"default","ocean_display_header":"default","ocean_header_style":"","ocean_center_header_left_menu":"0","ocean_custom_header_template":"0","ocean_custom_logo":0,"ocean_custom_retina_logo":0,"ocean_custom_logo_max_width":0,"ocean_custom_logo_tablet_max_width":0,"ocean_custom_logo_mobile_max_width":0,"ocean_custom_logo_max_height":0,"ocean_custom_logo_tablet_max_height":0,"ocean_custom_logo_mobile_max_height":0,"ocean_header_custom_menu":"0","ocean_menu_typo_font_family":"0","ocean_menu_typo_font_subset":"","ocean_menu_typo_font_size":0,"ocean_menu_typo_font_size_tablet":0,"ocean_menu_typo_font_size_mobile":0,"ocean_menu_typo_font_size_unit":"px","ocean_menu_typo_font_weight":"","ocean_menu_typo_font_weight_tablet":"","ocean_menu_typo_font_weight_mobile":"","ocean_menu_typo_transform":"","ocean_menu_typo_transform_tablet":"","ocean_menu_typo_transform_mobile":"","ocean_menu_typo_line_height":0,"ocean_menu_typo_line_height_tablet":0,"ocean_menu_typo_line_height_mobile":0,"ocean_menu_typo_line_height_unit":"","ocean_menu_typo_spacing":0,"ocean_menu_typo_spacing_tablet":0,"ocean_menu_typo_spacing_mobile":0,"ocean_menu_typo_spacing_unit":"","ocean_menu_link_color":"","ocean_menu_link_color_hover":"","ocean_menu_link_color_active":"","ocean_menu_link_background":"","ocean_menu_link_hover_background":"","ocean_menu_link_active_background":"","ocean_menu_social_links_bg":"","ocean_menu_social_hover_links_bg":"","ocean_menu_social_links_color":"","ocean_menu_social_hover_links_color":"","ocean_disable_title":"default","ocean_disable_heading":"default","ocean_post_title":"","ocean_post_subheading":"","ocean_post_title_style":"","ocean_post_title_background_color":"","ocean_post_title_background":0,"ocean_post_title_bg_image_position":"","ocean_post_title_bg_image_attachment":"","ocean_post_title_bg_image_repeat":"","ocean_post_title_bg_image_size":"","ocean_post_title_height":0,"ocean_post_title_bg_overlay":0.5,"ocean_post_title_bg_overlay_color":"","ocean_disable_breadcrumbs":"default","ocean_breadcrumbs_color":"","ocean_breadcrumbs_separator_color":"","ocean_breadcrumbs_links_color":"","ocean_breadcrumbs_links_hover_color":"","ocean_display_footer_widgets":"default","ocean_display_footer_bottom":"default","ocean_custom_footer_template":"0","footnotes":""},"class_list":["post-3785","page","type-page","status-publish","hentry","entry"],"yoast_head":"<!-- This site is optimized with the Yoast SEO plugin v26.9 - https:\/\/yoast.com\/product\/yoast-seo-wordpress\/ -->\n<title>Junction Bot - Botones<\/title>\n<meta name=\"robots\" content=\"index, follow, max-snippet:-1, max-image-preview:large, max-video-preview:-1\" \/>\n<link rel=\"canonical\" href=\"https:\/\/old.junctionbot.io\/es\/botones\/\" \/>\n<meta property=\"og:locale\" content=\"es_ES\" \/>\n<meta property=\"og:type\" content=\"article\" \/>\n<meta property=\"og:title\" content=\"Junction Bot - Botones\" \/>\n<meta property=\"og:description\" content=\"Botones Puede personalizar f\u00e1cilmente los botones de los mensajes resultantes. Botones de respuesta \u00bfD\u00f3nde est\u00e1? Men\u00fa \u2192 Ajustes de reenv\u00edo \u2192 Elegir origen y destino \u2192 Botones de respuesta. A\u00f1ade botones de respuesta a un mensaje, por ejemplo como. Botones de copia \u00bfD\u00f3nde est\u00e1? Men\u00fa \u2192 Ajustes de reenv\u00edo \u2192 Elegir origen y destino \u2192 [&hellip;]\" \/>\n<meta property=\"og:url\" content=\"https:\/\/old.junctionbot.io\/es\/botones\/\" \/>\n<meta property=\"og:site_name\" content=\"Junction Bot\" \/>\n<meta property=\"article:modified_time\" content=\"2023-11-28T15:58:28+00:00\" \/>\n<meta name=\"twitter:card\" content=\"summary_large_image\" \/>\n<meta name=\"twitter:label1\" content=\"Tiempo de lectura\" \/>\n\t<meta name=\"twitter:data1\" content=\"3 minutos\" \/>\n<script type=\"application\/ld+json\" class=\"yoast-schema-graph\">{\"@context\":\"https:\/\/schema.org\",\"@graph\":[{\"@type\":\"WebPage\",\"@id\":\"https:\/\/old.junctionbot.io\/es\/botones\/\",\"url\":\"https:\/\/old.junctionbot.io\/es\/botones\/\",\"name\":\"Junction Bot - Botones\",\"isPartOf\":{\"@id\":\"https:\/\/junctionbot.io\/#website\"},\"datePublished\":\"2020-05-01T13:29:24+00:00\",\"dateModified\":\"2023-11-28T15:58:28+00:00\",\"breadcrumb\":{\"@id\":\"https:\/\/old.junctionbot.io\/es\/botones\/#breadcrumb\"},\"inLanguage\":\"es\",\"potentialAction\":[{\"@type\":\"ReadAction\",\"target\":[\"https:\/\/old.junctionbot.io\/es\/botones\/\"]}]},{\"@type\":\"BreadcrumbList\",\"@id\":\"https:\/\/old.junctionbot.io\/es\/botones\/#breadcrumb\",\"itemListElement\":[{\"@type\":\"ListItem\",\"position\":1,\"name\":\"Home\",\"item\":\"https:\/\/junctionbot.io\/es\/\"},{\"@type\":\"ListItem\",\"position\":2,\"name\":\"Botones\"}]},{\"@type\":\"WebSite\",\"@id\":\"https:\/\/junctionbot.io\/#website\",\"url\":\"https:\/\/junctionbot.io\/\",\"name\":\"Junction Bot\",\"description\":\"Copia autom\u00e1tica hacia adelante, transformaci\u00f3n y traducci\u00f3n de canales de Telegram, grupos y bots\",\"publisher\":{\"@id\":\"https:\/\/junctionbot.io\/#organization\"},\"potentialAction\":[{\"@type\":\"SearchAction\",\"target\":{\"@type\":\"EntryPoint\",\"urlTemplate\":\"https:\/\/junctionbot.io\/?s={search_term_string}\"},\"query-input\":{\"@type\":\"PropertyValueSpecification\",\"valueRequired\":true,\"valueName\":\"search_term_string\"}}],\"inLanguage\":\"es\"},{\"@type\":\"Organization\",\"@id\":\"https:\/\/junctionbot.io\/#organization\",\"name\":\"Junction Bot\",\"url\":\"https:\/\/junctionbot.io\/\",\"logo\":{\"@type\":\"ImageObject\",\"inLanguage\":\"es\",\"@id\":\"https:\/\/junctionbot.io\/#\/schema\/logo\/image\/\",\"url\":\"\/wp-content\/uploads\/2020\/06\/junc_logo-400.jpg\",\"contentUrl\":\"\/wp-content\/uploads\/2020\/06\/junc_logo-400.jpg\",\"width\":400,\"height\":400,\"caption\":\"Junction Bot\"},\"image\":{\"@id\":\"https:\/\/junctionbot.io\/#\/schema\/logo\/image\/\"}}]}<\/script>\n<!-- \/ Yoast SEO plugin. -->","yoast_head_json":{"title":"Junction Bot - Botones","robots":{"index":"index","follow":"follow","max-snippet":"max-snippet:-1","max-image-preview":"max-image-preview:large","max-video-preview":"max-video-preview:-1"},"canonical":"https:\/\/old.junctionbot.io\/es\/botones\/","og_locale":"es_ES","og_type":"article","og_title":"Junction Bot - Botones","og_description":"Botones Puede personalizar f\u00e1cilmente los botones de los mensajes resultantes. Botones de respuesta \u00bfD\u00f3nde est\u00e1? Men\u00fa \u2192 Ajustes de reenv\u00edo \u2192 Elegir origen y destino \u2192 Botones de respuesta. A\u00f1ade botones de respuesta a un mensaje, por ejemplo como. Botones de copia \u00bfD\u00f3nde est\u00e1? Men\u00fa \u2192 Ajustes de reenv\u00edo \u2192 Elegir origen y destino \u2192 [&hellip;]","og_url":"https:\/\/old.junctionbot.io\/es\/botones\/","og_site_name":"Junction Bot","article_modified_time":"2023-11-28T15:58:28+00:00","twitter_card":"summary_large_image","twitter_misc":{"Tiempo de lectura":"3 minutos"},"schema":{"@context":"https:\/\/schema.org","@graph":[{"@type":"WebPage","@id":"https:\/\/old.junctionbot.io\/es\/botones\/","url":"https:\/\/old.junctionbot.io\/es\/botones\/","name":"Junction Bot - Botones","isPartOf":{"@id":"https:\/\/junctionbot.io\/#website"},"datePublished":"2020-05-01T13:29:24+00:00","dateModified":"2023-11-28T15:58:28+00:00","breadcrumb":{"@id":"https:\/\/old.junctionbot.io\/es\/botones\/#breadcrumb"},"inLanguage":"es","potentialAction":[{"@type":"ReadAction","target":["https:\/\/old.junctionbot.io\/es\/botones\/"]}]},{"@type":"BreadcrumbList","@id":"https:\/\/old.junctionbot.io\/es\/botones\/#breadcrumb","itemListElement":[{"@type":"ListItem","position":1,"name":"Home","item":"https:\/\/junctionbot.io\/es\/"},{"@type":"ListItem","position":2,"name":"Botones"}]},{"@type":"WebSite","@id":"https:\/\/junctionbot.io\/#website","url":"https:\/\/junctionbot.io\/","name":"Junction Bot","description":"Copia autom\u00e1tica hacia adelante, transformaci\u00f3n y traducci\u00f3n de canales de Telegram, grupos y bots","publisher":{"@id":"https:\/\/junctionbot.io\/#organization"},"potentialAction":[{"@type":"SearchAction","target":{"@type":"EntryPoint","urlTemplate":"https:\/\/junctionbot.io\/?s={search_term_string}"},"query-input":{"@type":"PropertyValueSpecification","valueRequired":true,"valueName":"search_term_string"}}],"inLanguage":"es"},{"@type":"Organization","@id":"https:\/\/junctionbot.io\/#organization","name":"Junction Bot","url":"https:\/\/junctionbot.io\/","logo":{"@type":"ImageObject","inLanguage":"es","@id":"https:\/\/junctionbot.io\/#\/schema\/logo\/image\/","url":"\/wp-content\/uploads\/2020\/06\/junc_logo-400.jpg","contentUrl":"\/wp-content\/uploads\/2020\/06\/junc_logo-400.jpg","width":400,"height":400,"caption":"Junction Bot"},"image":{"@id":"https:\/\/junctionbot.io\/#\/schema\/logo\/image\/"}}]}},"_links":{"self":[{"href":"https:\/\/old.junctionbot.io\/es\/wp-json\/wp\/v2\/pages\/3785","targetHints":{"allow":["GET"]}}],"collection":[{"href":"https:\/\/old.junctionbot.io\/es\/wp-json\/wp\/v2\/pages"}],"about":[{"href":"https:\/\/old.junctionbot.io\/es\/wp-json\/wp\/v2\/types\/page"}],"author":[{"embeddable":true,"href":"https:\/\/old.junctionbot.io\/es\/wp-json\/wp\/v2\/users\/1"}],"replies":[{"embeddable":true,"href":"https:\/\/old.junctionbot.io\/es\/wp-json\/wp\/v2\/comments?post=3785"}],"version-history":[{"count":1,"href":"https:\/\/old.junctionbot.io\/es\/wp-json\/wp\/v2\/pages\/3785\/revisions"}],"predecessor-version":[{"id":3788,"href":"https:\/\/old.junctionbot.io\/es\/wp-json\/wp\/v2\/pages\/3785\/revisions\/3788"}],"wp:attachment":[{"href":"https:\/\/old.junctionbot.io\/es\/wp-json\/wp\/v2\/media?parent=3785"}],"curies":[{"name":"wp","href":"https:\/\/api.w.org\/{rel}","templated":true}]}}