{"id":3786,"date":"2022-08-14T11:12:00","date_gmt":"2022-08-14T09:12:00","guid":{"rendered":"https:\/\/docs.junction.space\/reenviar-canal-de-telegram\/"},"modified":"2023-11-28T17:58:27","modified_gmt":"2023-11-28T15:58:27","slug":"reenviar-canal-de-telegram","status":"publish","type":"page","link":"https:\/\/old.junctionbot.io\/es\/reenviar-canal-de-telegram\/","title":{"rendered":"Reenviar canal de Telegram"},"content":{"rendered":"\n<h2 class=\"wp-block-heading\"><span class=\"ez-toc-section\" id=\"Reenviar_canal_de_Telegram\"><\/span>Reenviar canal de Telegram<span class=\"ez-toc-section-end\"><\/span><\/h2>\n\n<p>Utiliza <a href=\"http:\/\/https\/\/t.me\/junction_bot\">Junction Bot<\/a> para reenviar canales de Telegram. \u00bfCu\u00e1l es la diferencia entre copiar y reenviar canales de Telegram? Al copiar se crea un nuevo mensaje, que es un clon del existente. Reenviar reenv\u00eda un mensaje existente utilizando el mecanismo de reenv\u00edo de Telegram. En los canales restringidos s\u00f3lo es posible la copia.<\/p>\n\n<h3 class=\"wp-block-heading\"><span class=\"ez-toc-section\" id=\"%C2%BFComo_crear_un_nuevo_reenvio_automatico_en_Telegram\"><\/span>\u00bfC\u00f3mo crear un nuevo reenv\u00edo autom\u00e1tico en Telegram?<span class=\"ez-toc-section-end\"><\/span><\/h3>\n\n<p>Para crear una regla de reenv\u00edo para copiar autom\u00e1ticamente nuevos mensajes de Telegram utiliza <a href=\"\/forwarding\/#Creating_a_new_forward\">el comando <code>\/new<\/code><\/a>. Una vez creada la nueva regla, utilice el comando <a href=\"\/es\/varios\/#Delivery_mode\"><code>\/settingchannel<\/code> para cambiar el modo de entrega de la regla a <code>forward_client<\/code><\/a>.<\/p>\n\n<h3 class=\"wp-block-heading\"><span class=\"ez-toc-section\" id=\"%C2%BFComo_reenviar_mensajes_existentes_en_Telegram_un_historial_de_mensajes\"><\/span>\u00bfC\u00f3mo reenviar mensajes existentes en Telegram (un historial de mensajes)?<span class=\"ez-toc-section-end\"><\/span><\/h3>\n\n<p>Usando <a href=\"https:\/\/t.me\/junction_bot\">Junction Bot<\/a> puedes copiar mensajes existentes de un canal o grupo de Telegram. Dado que el bot copia, pero no reenv\u00eda los mensajes por defecto, es necesario crear primero una regla de reenv\u00edo mediante <a href=\"\/forwarding\/#Creating_a_new_forward\">el comando <code>\/new<\/code><\/a>. Una vez creada la nueva regla, utilice el comando <a href=\"\/es\/varios\/#Delivery_mode\"><code>\/settingchannel<\/code> para cambiar el modo de entrega de la regla a <code>forward_client<\/code><\/a>. A continuaci\u00f3n, utilice <a href=\"\/forwarding\/#Copying_of_the_old_Telegram_messages\">el comando <\/a><code><a href=\"\/forwarding\/#Copying_of_the_old_Telegram_messages\">\/history<\/a><\/code>. Reenviar\u00e1 los mensajes existentes utilizando la configuraci\u00f3n de una regla de reenv\u00edo que haya creado anteriormente.<\/p>\n\n<h3 class=\"wp-block-heading\"><span class=\"ez-toc-section\" id=\"Reenviar_canal_privado_de_Telegram\"><\/span>Reenviar canal privado de Telegram<span class=\"ez-toc-section-end\"><\/span><\/h3>\n\n<p><a href=\"https:\/\/t.me\/junction_bot\">Junction Bot<\/a> puede reenviar canales de Telegram privados y p\u00fablicos, chats personales y chats con otros bots. Hay dos escenarios con los canales privados de Telegram: canales en los que tienes un enlace de invitaci\u00f3n que funciona y canales en los que no tienes un enlace de invitaci\u00f3n pero eres miembro de este canal.<\/p>\n\n<p>Si utilizas la cuenta Est\u00e1ndar, recuerda que los canales privados de Telegram s\u00f3lo funcionan hasta que el enlace de invitaci\u00f3n est\u00e1 activo.<\/p>\n\n<p>Si necesitas reenviar desde canales privados sin enlace de invitaci\u00f3n o quieres recibir mensajes de otros bots, debes utilizar la <a href=\"\/direct-connection\/\">conexi\u00f3n directa<\/a>.<\/p>\n","protected":false},"excerpt":{"rendered":"<p>Reenviar canal de Telegram Utiliza Junction Bot para reenviar canales de Telegram. \u00bfCu\u00e1l es la diferencia entre copiar y reenviar canales de Telegram? Al copiar se crea un nuevo mensaje, que es un clon del existente. Reenviar reenv\u00eda un mensaje existente utilizando el mecanismo de reenv\u00edo de Telegram. En los canales restringidos s\u00f3lo es posible [&hellip;]<\/p>\n","protected":false},"author":2,"featured_media":0,"parent":0,"menu_order":0,"comment_status":"closed","ping_status":"closed","template":"","meta":{"nf_dc_page":"","_monsterinsights_skip_tracking":false,"_monsterinsights_sitenote_active":false,"_monsterinsights_sitenote_note":"","_monsterinsights_sitenote_category":0,"ocean_post_layout":"","ocean_both_sidebars_style":"","ocean_both_sidebars_content_width":0,"ocean_both_sidebars_sidebars_width":0,"ocean_sidebar":"0","ocean_second_sidebar":"0","ocean_disable_margins":"enable","ocean_add_body_class":"","ocean_shortcode_before_top_bar":"","ocean_shortcode_after_top_bar":"","ocean_shortcode_before_header":"","ocean_shortcode_after_header":"","ocean_has_shortcode":"","ocean_shortcode_after_title":"","ocean_shortcode_before_footer_widgets":"","ocean_shortcode_after_footer_widgets":"","ocean_shortcode_before_footer_bottom":"","ocean_shortcode_after_footer_bottom":"","ocean_display_top_bar":"default","ocean_display_header":"default","ocean_header_style":"","ocean_center_header_left_menu":"0","ocean_custom_header_template":"0","ocean_custom_logo":0,"ocean_custom_retina_logo":0,"ocean_custom_logo_max_width":0,"ocean_custom_logo_tablet_max_width":0,"ocean_custom_logo_mobile_max_width":0,"ocean_custom_logo_max_height":0,"ocean_custom_logo_tablet_max_height":0,"ocean_custom_logo_mobile_max_height":0,"ocean_header_custom_menu":"0","ocean_menu_typo_font_family":"0","ocean_menu_typo_font_subset":"","ocean_menu_typo_font_size":0,"ocean_menu_typo_font_size_tablet":0,"ocean_menu_typo_font_size_mobile":0,"ocean_menu_typo_font_size_unit":"px","ocean_menu_typo_font_weight":"","ocean_menu_typo_font_weight_tablet":"","ocean_menu_typo_font_weight_mobile":"","ocean_menu_typo_transform":"","ocean_menu_typo_transform_tablet":"","ocean_menu_typo_transform_mobile":"","ocean_menu_typo_line_height":0,"ocean_menu_typo_line_height_tablet":0,"ocean_menu_typo_line_height_mobile":0,"ocean_menu_typo_line_height_unit":"","ocean_menu_typo_spacing":0,"ocean_menu_typo_spacing_tablet":0,"ocean_menu_typo_spacing_mobile":0,"ocean_menu_typo_spacing_unit":"","ocean_menu_link_color":"","ocean_menu_link_color_hover":"","ocean_menu_link_color_active":"","ocean_menu_link_background":"","ocean_menu_link_hover_background":"","ocean_menu_link_active_background":"","ocean_menu_social_links_bg":"","ocean_menu_social_hover_links_bg":"","ocean_menu_social_links_color":"","ocean_menu_social_hover_links_color":"","ocean_disable_title":"default","ocean_disable_heading":"default","ocean_post_title":"","ocean_post_subheading":"","ocean_post_title_style":"","ocean_post_title_background_color":"","ocean_post_title_background":0,"ocean_post_title_bg_image_position":"","ocean_post_title_bg_image_attachment":"","ocean_post_title_bg_image_repeat":"","ocean_post_title_bg_image_size":"","ocean_post_title_height":0,"ocean_post_title_bg_overlay":0.5,"ocean_post_title_bg_overlay_color":"","ocean_disable_breadcrumbs":"default","ocean_breadcrumbs_color":"","ocean_breadcrumbs_separator_color":"","ocean_breadcrumbs_links_color":"","ocean_breadcrumbs_links_hover_color":"","ocean_display_footer_widgets":"default","ocean_display_footer_bottom":"default","ocean_custom_footer_template":"0","footnotes":""},"class_list":["post-3786","page","type-page","status-publish","hentry","entry"],"yoast_head":"<!-- This site is optimized with the Yoast SEO plugin v26.9 - https:\/\/yoast.com\/product\/yoast-seo-wordpress\/ -->\n<title>Junction Bot - Reenviar canal de Telegram<\/title>\n<meta name=\"description\" content=\"Utiliza Junction Bot para copiar o reenviar autom\u00e1ticamente mensajes de Telegram de diferentes fuentes a tu canal o grupo de Telegram.\" \/>\n<meta name=\"robots\" content=\"index, follow, max-snippet:-1, max-image-preview:large, max-video-preview:-1\" \/>\n<link rel=\"canonical\" href=\"https:\/\/old.junctionbot.io\/es\/reenviar-canal-de-telegram\/\" \/>\n<meta property=\"og:locale\" content=\"es_ES\" \/>\n<meta property=\"og:type\" content=\"article\" \/>\n<meta property=\"og:title\" content=\"Junction Bot - Reenviar canal de Telegram\" \/>\n<meta property=\"og:description\" content=\"Utiliza Junction Bot para copiar o reenviar autom\u00e1ticamente mensajes de Telegram de diferentes fuentes a tu canal o grupo de Telegram.\" \/>\n<meta property=\"og:url\" content=\"https:\/\/old.junctionbot.io\/es\/reenviar-canal-de-telegram\/\" \/>\n<meta property=\"og:site_name\" content=\"Junction Bot\" \/>\n<meta property=\"article:modified_time\" content=\"2023-11-28T15:58:27+00:00\" \/>\n<meta name=\"twitter:card\" content=\"summary_large_image\" \/>\n<meta name=\"twitter:label1\" content=\"Tiempo de lectura\" \/>\n\t<meta name=\"twitter:data1\" content=\"2 minutos\" \/>\n<script type=\"application\/ld+json\" class=\"yoast-schema-graph\">{\"@context\":\"https:\/\/schema.org\",\"@graph\":[{\"@type\":\"WebPage\",\"@id\":\"https:\/\/old.junctionbot.io\/es\/reenviar-canal-de-telegram\/\",\"url\":\"https:\/\/old.junctionbot.io\/es\/reenviar-canal-de-telegram\/\",\"name\":\"Junction Bot - Reenviar canal de Telegram\",\"isPartOf\":{\"@id\":\"https:\/\/junctionbot.io\/#website\"},\"datePublished\":\"2022-08-14T09:12:00+00:00\",\"dateModified\":\"2023-11-28T15:58:27+00:00\",\"description\":\"Utiliza Junction Bot para copiar o reenviar autom\u00e1ticamente mensajes de Telegram de diferentes fuentes a tu canal o grupo de Telegram.\",\"breadcrumb\":{\"@id\":\"https:\/\/old.junctionbot.io\/es\/reenviar-canal-de-telegram\/#breadcrumb\"},\"inLanguage\":\"es\",\"potentialAction\":[{\"@type\":\"ReadAction\",\"target\":[\"https:\/\/old.junctionbot.io\/es\/reenviar-canal-de-telegram\/\"]}]},{\"@type\":\"BreadcrumbList\",\"@id\":\"https:\/\/old.junctionbot.io\/es\/reenviar-canal-de-telegram\/#breadcrumb\",\"itemListElement\":[{\"@type\":\"ListItem\",\"position\":1,\"name\":\"Home\",\"item\":\"https:\/\/junctionbot.io\/es\/\"},{\"@type\":\"ListItem\",\"position\":2,\"name\":\"Reenviar canal de Telegram\"}]},{\"@type\":\"WebSite\",\"@id\":\"https:\/\/junctionbot.io\/#website\",\"url\":\"https:\/\/junctionbot.io\/\",\"name\":\"Junction Bot\",\"description\":\"Copia autom\u00e1tica hacia adelante, transformaci\u00f3n y traducci\u00f3n de canales de Telegram, grupos y bots\",\"publisher\":{\"@id\":\"https:\/\/junctionbot.io\/#organization\"},\"potentialAction\":[{\"@type\":\"SearchAction\",\"target\":{\"@type\":\"EntryPoint\",\"urlTemplate\":\"https:\/\/junctionbot.io\/?s={search_term_string}\"},\"query-input\":{\"@type\":\"PropertyValueSpecification\",\"valueRequired\":true,\"valueName\":\"search_term_string\"}}],\"inLanguage\":\"es\"},{\"@type\":\"Organization\",\"@id\":\"https:\/\/junctionbot.io\/#organization\",\"name\":\"Junction Bot\",\"url\":\"https:\/\/junctionbot.io\/\",\"logo\":{\"@type\":\"ImageObject\",\"inLanguage\":\"es\",\"@id\":\"https:\/\/junctionbot.io\/#\/schema\/logo\/image\/\",\"url\":\"\/wp-content\/uploads\/2020\/06\/junc_logo-400.jpg\",\"contentUrl\":\"\/wp-content\/uploads\/2020\/06\/junc_logo-400.jpg\",\"width\":400,\"height\":400,\"caption\":\"Junction Bot\"},\"image\":{\"@id\":\"https:\/\/junctionbot.io\/#\/schema\/logo\/image\/\"}}]}<\/script>\n<!-- \/ Yoast SEO plugin. -->","yoast_head_json":{"title":"Junction Bot - Reenviar canal de Telegram","description":"Utiliza Junction Bot para copiar o reenviar autom\u00e1ticamente mensajes de Telegram de diferentes fuentes a tu canal o grupo de Telegram.","robots":{"index":"index","follow":"follow","max-snippet":"max-snippet:-1","max-image-preview":"max-image-preview:large","max-video-preview":"max-video-preview:-1"},"canonical":"https:\/\/old.junctionbot.io\/es\/reenviar-canal-de-telegram\/","og_locale":"es_ES","og_type":"article","og_title":"Junction Bot - Reenviar canal de Telegram","og_description":"Utiliza Junction Bot para copiar o reenviar autom\u00e1ticamente mensajes de Telegram de diferentes fuentes a tu canal o grupo de Telegram.","og_url":"https:\/\/old.junctionbot.io\/es\/reenviar-canal-de-telegram\/","og_site_name":"Junction Bot","article_modified_time":"2023-11-28T15:58:27+00:00","twitter_card":"summary_large_image","twitter_misc":{"Tiempo de lectura":"2 minutos"},"schema":{"@context":"https:\/\/schema.org","@graph":[{"@type":"WebPage","@id":"https:\/\/old.junctionbot.io\/es\/reenviar-canal-de-telegram\/","url":"https:\/\/old.junctionbot.io\/es\/reenviar-canal-de-telegram\/","name":"Junction Bot - Reenviar canal de Telegram","isPartOf":{"@id":"https:\/\/junctionbot.io\/#website"},"datePublished":"2022-08-14T09:12:00+00:00","dateModified":"2023-11-28T15:58:27+00:00","description":"Utiliza Junction Bot para copiar o reenviar autom\u00e1ticamente mensajes de Telegram de diferentes fuentes a tu canal o grupo de Telegram.","breadcrumb":{"@id":"https:\/\/old.junctionbot.io\/es\/reenviar-canal-de-telegram\/#breadcrumb"},"inLanguage":"es","potentialAction":[{"@type":"ReadAction","target":["https:\/\/old.junctionbot.io\/es\/reenviar-canal-de-telegram\/"]}]},{"@type":"BreadcrumbList","@id":"https:\/\/old.junctionbot.io\/es\/reenviar-canal-de-telegram\/#breadcrumb","itemListElement":[{"@type":"ListItem","position":1,"name":"Home","item":"https:\/\/junctionbot.io\/es\/"},{"@type":"ListItem","position":2,"name":"Reenviar canal de Telegram"}]},{"@type":"WebSite","@id":"https:\/\/junctionbot.io\/#website","url":"https:\/\/junctionbot.io\/","name":"Junction Bot","description":"Copia autom\u00e1tica hacia adelante, transformaci\u00f3n y traducci\u00f3n de canales de Telegram, grupos y bots","publisher":{"@id":"https:\/\/junctionbot.io\/#organization"},"potentialAction":[{"@type":"SearchAction","target":{"@type":"EntryPoint","urlTemplate":"https:\/\/junctionbot.io\/?s={search_term_string}"},"query-input":{"@type":"PropertyValueSpecification","valueRequired":true,"valueName":"search_term_string"}}],"inLanguage":"es"},{"@type":"Organization","@id":"https:\/\/junctionbot.io\/#organization","name":"Junction Bot","url":"https:\/\/junctionbot.io\/","logo":{"@type":"ImageObject","inLanguage":"es","@id":"https:\/\/junctionbot.io\/#\/schema\/logo\/image\/","url":"\/wp-content\/uploads\/2020\/06\/junc_logo-400.jpg","contentUrl":"\/wp-content\/uploads\/2020\/06\/junc_logo-400.jpg","width":400,"height":400,"caption":"Junction Bot"},"image":{"@id":"https:\/\/junctionbot.io\/#\/schema\/logo\/image\/"}}]}},"_links":{"self":[{"href":"https:\/\/old.junctionbot.io\/es\/wp-json\/wp\/v2\/pages\/3786","targetHints":{"allow":["GET"]}}],"collection":[{"href":"https:\/\/old.junctionbot.io\/es\/wp-json\/wp\/v2\/pages"}],"about":[{"href":"https:\/\/old.junctionbot.io\/es\/wp-json\/wp\/v2\/types\/page"}],"author":[{"embeddable":true,"href":"https:\/\/old.junctionbot.io\/es\/wp-json\/wp\/v2\/users\/2"}],"replies":[{"embeddable":true,"href":"https:\/\/old.junctionbot.io\/es\/wp-json\/wp\/v2\/comments?post=3786"}],"version-history":[{"count":1,"href":"https:\/\/old.junctionbot.io\/es\/wp-json\/wp\/v2\/pages\/3786\/revisions"}],"predecessor-version":[{"id":3789,"href":"https:\/\/old.junctionbot.io\/es\/wp-json\/wp\/v2\/pages\/3786\/revisions\/3789"}],"wp:attachment":[{"href":"https:\/\/old.junctionbot.io\/es\/wp-json\/wp\/v2\/media?parent=3786"}],"curies":[{"name":"wp","href":"https:\/\/api.w.org\/{rel}","templated":true}]}}