{"id":3791,"date":"2020-04-21T20:50:24","date_gmt":"2020-04-21T18:50:24","guid":{"rendered":"https:\/\/docs.junction.space\/contenido\/"},"modified":"2023-11-28T17:58:28","modified_gmt":"2023-11-28T15:58:28","slug":"contenido","status":"publish","type":"page","link":"https:\/\/old.junctionbot.io\/es\/contenido\/","title":{"rendered":"Contenido"},"content":{"rendered":"\n<h2 class=\"wp-block-heading\"><span class=\"ez-toc-section\" id=\"Contenido\"><\/span>Contenido<span class=\"ez-toc-section-end\"><\/span><\/h2>\n\n<p>Con estos ajustes puedes cambiar el aspecto de los <strong>pies de foto multimedia<\/strong>, <strong>los nombres de los autores<\/strong> y <strong>establecer la longitud de los mensajes<\/strong>.<\/p>\n\n<h3 class=\"wp-block-heading\"><span class=\"ez-toc-section\" id=\"Leyendas\"><\/span>Leyendas<span class=\"ez-toc-section-end\"><\/span><\/h3>\n\n<pre class=\"wp-block-preformatted\">\u00bfD\u00f3nde est\u00e1?\n<strong>Men\u00fa \u2192 Ajustes de reenv\u00edo \u2192 Elegir origen y destino \u2192 Subt\u00edtulos.<\/strong><\/pre>\n\n<p>Puede elegir la forma en que desea recibir \/ reenviar un medio de comunicaci\u00f3n (imagen, v\u00eddeo, etc) y su leyenda.<\/p>\n\n<details class=\"wp-block-mamaduka-toggles wp-block-toggles\"><summary>\u23f5Commands<\/summary><div class=\"wp-block-toggles__content\">\n<pre class=\"wp-block-preformatted\"><span class=\"cool-title\">\/setting caption<\/span> + una de las siguientes opciones:\n\n<span class=\"cool-title\">Separar<\/span>: una imagen y su pie de foto aparecer\u00e1n como dos mensajes separados.\nEx.  <code>\/setting caption separate<\/code>\n\n<span class=\"cool-title\">caption_name<\/span> - image&amp;caption vendr\u00e1 como 1 mensaje con el nombre del canal y el enlace al canal original (por favor, ten en cuenta que el cuerpo del caption se truncar\u00e1 en caso de exceder la longitud).\nEx.  <code>\/setting caption caption_name<\/code>\n\n<span class=\"cool-title\">text_only<\/span> - no se enviar\u00e1 ning\u00fan medio, s\u00f3lo su pie de foto.\nEx.  <code>\/setting caption text_only<\/code><\/pre>\n\n\n\n<p>Puede ajustar esta configuraci\u00f3n en el men\u00fa, pero tambi\u00e9n puede utilizar los comandos. Si utiliza los comandos, para aplicar este ajuste a un solo canal, sustituya el comando <code>\/setting<\/code> por <code>\/settingchannel <a href=\"\/es\/ajustes-y-funciones\/#Referencing_a_source_channel\">source_channel_reference<\/a><\/code> <a href=\"\/es\/ajustes-y-funciones\/#Applying_settings_to_one_or_all_channels\">(m\u00e1s informaci\u00f3n<\/a>).<\/p>\n<\/div><\/details>\n\n<h3 class=\"wp-block-heading\"><span class=\"ez-toc-section\" id=\"Autor\"><\/span>Autor<span class=\"ez-toc-section-end\"><\/span><\/h3>\n\n<pre class=\"wp-block-preformatted\">\u00bfD\u00f3nde est\u00e1?\n<strong>Men\u00fa \u2192 Ajustes de reenv\u00edo \u2192 Elegir origen y destino \u2192 Autor.<\/strong><\/pre>\n\n<p>Este ajuste s\u00f3lo se aplica a los mensajes que ya contienen el nombre del autor. Puedes elegir c\u00f3mo se mostrar\u00e1 el nombre del autor de un mensaje.<\/p>\n\n<p>Si desea recibir s\u00f3lo mensajes de un determinado usuario, active esta opci\u00f3n y configure un filtro para el nombre del usuario con el comando \/filtro.<\/p>\n\n<p>Ten en cuenta que el bot no puede encontrar m\u00e1gicamente la informaci\u00f3n sobre el autor si no est\u00e1 presente en el mensaje. As\u00ed que si no ves esta informaci\u00f3n en el mensaje en tu cliente de Telegram, entonces este ajuste no tendr\u00e1 ning\u00fan efecto.<\/p>\n\n<details class=\"wp-block-mamaduka-toggles wp-block-toggles\"><summary>\u23f5Commands<\/summary><div class=\"wp-block-toggles__content\">\n<pre class=\"wp-block-preformatted\"><span class=\"cool-title\">\/setting author<\/span> + una de las siguientes opciones:\n\n<span class=\"cool-title\">ninguno<\/span> - sin nombre\nEx.  <code>\/setting author none<\/code>\n\n<span class=\"cool-title\">nombre<\/span> - a\u00f1adir s\u00f3lo el nombre\nEx.  <code>\/setting author name<\/code>\n\n<span class=\"cool-title\">nombredeusuario<\/span> - a\u00f1adir s\u00f3lo @nombredeusuario\nEx.  <code>\/setting author username<\/code>\n\n<span class=\"cool-title\">completo<\/span> - a\u00f1adir nombre y @nombredeusuario\nEx.  <code>\/setting author full<\/code><\/pre>\n\n\n\n<p>Puede ajustar esta configuraci\u00f3n en el men\u00fa, pero tambi\u00e9n puede utilizar los comandos. Si utiliza los comandos, para aplicar este ajuste a un solo canal, sustituya el comando <code>\/setting<\/code> por <code>\/settingchannel <a href=\"\/es\/ajustes-y-funciones\/#Referencing_a_source_channel\">source_channel_reference<\/a><\/code> <a href=\"\/es\/ajustes-y-funciones\/#Applying_settings_to_one_or_all_channels\">(m\u00e1s informaci\u00f3n<\/a>).<\/p>\n<\/div><\/details>\n\n<h3 class=\"wp-block-heading\"><span class=\"ez-toc-section\" id=\"Acortar_mensajes_largos\"><\/span>Acortar mensajes largos<span class=\"ez-toc-section-end\"><\/span><\/h3>\n\n<pre class=\"wp-block-preformatted\">\u00bfD\u00f3nde est\u00e1?\n<strong>Men\u00fa \u2192 Ajustes de reenv\u00edo \u2192 Elegir origen y destino \u2192 Breve.<\/strong><\/pre>\n\n<p>Los mensajes largos se acortar\u00e1n a una longitud determinada. Los valores recomendados est\u00e1n entre 150 (posts tipo twitter) y 1000 (varios p\u00e1rrafos). Para desactivar esta funci\u00f3n, ajuste este valor a 0.<\/p>\n\n<details class=\"wp-block-mamaduka-toggles wp-block-toggles\"><summary>\u23f5Commands<\/summary><div class=\"wp-block-toggles__content\">\n<pre class=\"wp-block-preformatted\"><span class=\"cool-title\">\/resumen de configuraci\u00f3n<\/span> + n\u00famero de s\u00edmbolos\n\n<span class=\"cool-title\">0<\/span> - desactivado\nEx.  <code>\/setting brief 0<\/code>\n\n<span class=\"cool-title\">[number]<\/span>  de caracteres para mostrar\nEx.  <code>\/setting brief 140<\/code>\nEx.  <code>\/setting brief 1000<\/code><\/pre>\n\n\n\n<p>Puede ajustar esta configuraci\u00f3n en el men\u00fa, pero tambi\u00e9n puede utilizar los comandos. Si utiliza los comandos, para aplicar este ajuste a un solo canal, sustituya el comando <code>\/setting<\/code> por <code>\/settingchannel <a href=\"\/es\/ajustes-y-funciones\/#Referencing_a_source_channel\">source_channel_reference<\/a><\/code> <a href=\"\/es\/ajustes-y-funciones\/#Applying_settings_to_one_or_all_channels\">(m\u00e1s informaci\u00f3n<\/a>).<\/p>\n<\/div><\/details>\n\n<h3 class=\"wp-block-heading\"><span class=\"ez-toc-section\" id=\"Historias\"><\/span>Historias<span class=\"ez-toc-section-end\"><\/span><\/h3>\n\n<pre class=\"wp-block-preformatted\">\u00bfD\u00f3nde est\u00e1?\n<strong>Men\u00fa \u2192 Ajustes de reenv\u00edo \u2192 Elegir origen y destino \u2192 Historias.<\/strong><\/pre>\n\n<p>Puedes elegir la forma en que quieres recibir las Historias.<\/p>\n\n<p>Actualmente, las Historias s\u00f3lo se admiten en Conexiones Directas.<\/p>\n\n<details class=\"wp-block-mamaduka-toggles wp-block-toggles\"><summary>\u23f5Commands<\/summary><div class=\"wp-block-toggles__content\">\n<pre class=\"wp-block-preformatted\"><span class=\"cool-title\">\/setting story<\/span> + una de las siguientes opciones:\n\n<span class=\"cool-title\">mensaje<\/span> - las historias vendr\u00e1n como mensajes\nEx.  <code>\/setting story message<\/code>\n\n<span class=\"cool-title\">ignorar<\/span> - las historias ser\u00e1n ignoradas\nEx.  <code>\/setting story text_only<\/code><\/pre>\n\n\n\n<p>Puede ajustar esta configuraci\u00f3n en el men\u00fa, pero tambi\u00e9n puede utilizar los comandos. Si utiliza los comandos, para aplicar este ajuste a un solo canal, sustituya el comando <code>\/setting<\/code> por <code>\/settingchannel <a href=\"\/es\/ajustes-y-funciones\/#Referencing_a_source_channel\">source_channel_reference<\/a><\/code> <a href=\"\/es\/ajustes-y-funciones\/#Applying_settings_to_one_or_all_channels\">(m\u00e1s informaci\u00f3n<\/a>).<\/p>\n<\/div><\/details>\n","protected":false},"excerpt":{"rendered":"<p>Contenido Con estos ajustes puedes cambiar el aspecto de los pies de foto multimedia, los nombres de los autores y establecer la longitud de los mensajes. Leyendas \u00bfD\u00f3nde est\u00e1? Men\u00fa \u2192 Ajustes de reenv\u00edo \u2192 Elegir origen y destino \u2192 Subt\u00edtulos. Puede elegir la forma en que desea recibir \/ reenviar un medio de comunicaci\u00f3n [&hellip;]<\/p>\n","protected":false},"author":1,"featured_media":0,"parent":0,"menu_order":0,"comment_status":"closed","ping_status":"closed","template":"","meta":{"nf_dc_page":"","_monsterinsights_skip_tracking":false,"_monsterinsights_sitenote_active":false,"_monsterinsights_sitenote_note":"","_monsterinsights_sitenote_category":0,"ocean_post_layout":"","ocean_both_sidebars_style":"","ocean_both_sidebars_content_width":0,"ocean_both_sidebars_sidebars_width":0,"ocean_sidebar":"0","ocean_second_sidebar":"0","ocean_disable_margins":"enable","ocean_add_body_class":"","ocean_shortcode_before_top_bar":"","ocean_shortcode_after_top_bar":"","ocean_shortcode_before_header":"","ocean_shortcode_after_header":"","ocean_has_shortcode":"","ocean_shortcode_after_title":"","ocean_shortcode_before_footer_widgets":"","ocean_shortcode_after_footer_widgets":"","ocean_shortcode_before_footer_bottom":"","ocean_shortcode_after_footer_bottom":"","ocean_display_top_bar":"default","ocean_display_header":"default","ocean_header_style":"","ocean_center_header_left_menu":"0","ocean_custom_header_template":"0","ocean_custom_logo":0,"ocean_custom_retina_logo":0,"ocean_custom_logo_max_width":0,"ocean_custom_logo_tablet_max_width":0,"ocean_custom_logo_mobile_max_width":0,"ocean_custom_logo_max_height":0,"ocean_custom_logo_tablet_max_height":0,"ocean_custom_logo_mobile_max_height":0,"ocean_header_custom_menu":"0","ocean_menu_typo_font_family":"0","ocean_menu_typo_font_subset":"","ocean_menu_typo_font_size":0,"ocean_menu_typo_font_size_tablet":0,"ocean_menu_typo_font_size_mobile":0,"ocean_menu_typo_font_size_unit":"px","ocean_menu_typo_font_weight":"","ocean_menu_typo_font_weight_tablet":"","ocean_menu_typo_font_weight_mobile":"","ocean_menu_typo_transform":"","ocean_menu_typo_transform_tablet":"","ocean_menu_typo_transform_mobile":"","ocean_menu_typo_line_height":0,"ocean_menu_typo_line_height_tablet":0,"ocean_menu_typo_line_height_mobile":0,"ocean_menu_typo_line_height_unit":"","ocean_menu_typo_spacing":0,"ocean_menu_typo_spacing_tablet":0,"ocean_menu_typo_spacing_mobile":0,"ocean_menu_typo_spacing_unit":"","ocean_menu_link_color":"","ocean_menu_link_color_hover":"","ocean_menu_link_color_active":"","ocean_menu_link_background":"","ocean_menu_link_hover_background":"","ocean_menu_link_active_background":"","ocean_menu_social_links_bg":"","ocean_menu_social_hover_links_bg":"","ocean_menu_social_links_color":"","ocean_menu_social_hover_links_color":"","ocean_disable_title":"default","ocean_disable_heading":"default","ocean_post_title":"","ocean_post_subheading":"","ocean_post_title_style":"","ocean_post_title_background_color":"","ocean_post_title_background":0,"ocean_post_title_bg_image_position":"","ocean_post_title_bg_image_attachment":"","ocean_post_title_bg_image_repeat":"","ocean_post_title_bg_image_size":"","ocean_post_title_height":0,"ocean_post_title_bg_overlay":0.5,"ocean_post_title_bg_overlay_color":"","ocean_disable_breadcrumbs":"default","ocean_breadcrumbs_color":"","ocean_breadcrumbs_separator_color":"","ocean_breadcrumbs_links_color":"","ocean_breadcrumbs_links_hover_color":"","ocean_display_footer_widgets":"default","ocean_display_footer_bottom":"default","ocean_custom_footer_template":"0","footnotes":""},"class_list":["post-3791","page","type-page","status-publish","hentry","entry"],"yoast_head":"<!-- This site is optimized with the Yoast SEO plugin v26.9 - https:\/\/yoast.com\/product\/yoast-seo-wordpress\/ -->\n<title>Junction Bot - Contenido<\/title>\n<meta name=\"robots\" content=\"index, follow, max-snippet:-1, max-image-preview:large, max-video-preview:-1\" \/>\n<link rel=\"canonical\" href=\"https:\/\/old.junctionbot.io\/es\/contenido\/\" \/>\n<meta property=\"og:locale\" content=\"es_ES\" \/>\n<meta property=\"og:type\" content=\"article\" \/>\n<meta property=\"og:title\" content=\"Junction Bot - Contenido\" \/>\n<meta property=\"og:description\" content=\"Contenido Con estos ajustes puedes cambiar el aspecto de los pies de foto multimedia, los nombres de los autores y establecer la longitud de los mensajes. Leyendas \u00bfD\u00f3nde est\u00e1? Men\u00fa \u2192 Ajustes de reenv\u00edo \u2192 Elegir origen y destino \u2192 Subt\u00edtulos. Puede elegir la forma en que desea recibir \/ reenviar un medio de comunicaci\u00f3n [&hellip;]\" \/>\n<meta property=\"og:url\" content=\"https:\/\/old.junctionbot.io\/es\/contenido\/\" \/>\n<meta property=\"og:site_name\" content=\"Junction Bot\" \/>\n<meta property=\"article:modified_time\" content=\"2023-11-28T15:58:28+00:00\" \/>\n<meta name=\"twitter:card\" content=\"summary_large_image\" \/>\n<meta name=\"twitter:label1\" content=\"Tiempo de lectura\" \/>\n\t<meta name=\"twitter:data1\" content=\"2 minutos\" \/>\n<script type=\"application\/ld+json\" class=\"yoast-schema-graph\">{\"@context\":\"https:\/\/schema.org\",\"@graph\":[{\"@type\":\"WebPage\",\"@id\":\"https:\/\/old.junctionbot.io\/es\/contenido\/\",\"url\":\"https:\/\/old.junctionbot.io\/es\/contenido\/\",\"name\":\"Junction Bot - Contenido\",\"isPartOf\":{\"@id\":\"https:\/\/junctionbot.io\/#website\"},\"datePublished\":\"2020-04-21T18:50:24+00:00\",\"dateModified\":\"2023-11-28T15:58:28+00:00\",\"breadcrumb\":{\"@id\":\"https:\/\/old.junctionbot.io\/es\/contenido\/#breadcrumb\"},\"inLanguage\":\"es\",\"potentialAction\":[{\"@type\":\"ReadAction\",\"target\":[\"https:\/\/old.junctionbot.io\/es\/contenido\/\"]}]},{\"@type\":\"BreadcrumbList\",\"@id\":\"https:\/\/old.junctionbot.io\/es\/contenido\/#breadcrumb\",\"itemListElement\":[{\"@type\":\"ListItem\",\"position\":1,\"name\":\"Home\",\"item\":\"https:\/\/junctionbot.io\/es\/\"},{\"@type\":\"ListItem\",\"position\":2,\"name\":\"Contenido\"}]},{\"@type\":\"WebSite\",\"@id\":\"https:\/\/junctionbot.io\/#website\",\"url\":\"https:\/\/junctionbot.io\/\",\"name\":\"Junction Bot\",\"description\":\"Copia autom\u00e1tica hacia adelante, transformaci\u00f3n y traducci\u00f3n de canales de Telegram, grupos y bots\",\"publisher\":{\"@id\":\"https:\/\/junctionbot.io\/#organization\"},\"potentialAction\":[{\"@type\":\"SearchAction\",\"target\":{\"@type\":\"EntryPoint\",\"urlTemplate\":\"https:\/\/junctionbot.io\/?s={search_term_string}\"},\"query-input\":{\"@type\":\"PropertyValueSpecification\",\"valueRequired\":true,\"valueName\":\"search_term_string\"}}],\"inLanguage\":\"es\"},{\"@type\":\"Organization\",\"@id\":\"https:\/\/junctionbot.io\/#organization\",\"name\":\"Junction Bot\",\"url\":\"https:\/\/junctionbot.io\/\",\"logo\":{\"@type\":\"ImageObject\",\"inLanguage\":\"es\",\"@id\":\"https:\/\/junctionbot.io\/#\/schema\/logo\/image\/\",\"url\":\"\/wp-content\/uploads\/2020\/06\/junc_logo-400.jpg\",\"contentUrl\":\"\/wp-content\/uploads\/2020\/06\/junc_logo-400.jpg\",\"width\":400,\"height\":400,\"caption\":\"Junction Bot\"},\"image\":{\"@id\":\"https:\/\/junctionbot.io\/#\/schema\/logo\/image\/\"}}]}<\/script>\n<!-- \/ Yoast SEO plugin. -->","yoast_head_json":{"title":"Junction Bot - Contenido","robots":{"index":"index","follow":"follow","max-snippet":"max-snippet:-1","max-image-preview":"max-image-preview:large","max-video-preview":"max-video-preview:-1"},"canonical":"https:\/\/old.junctionbot.io\/es\/contenido\/","og_locale":"es_ES","og_type":"article","og_title":"Junction Bot - Contenido","og_description":"Contenido Con estos ajustes puedes cambiar el aspecto de los pies de foto multimedia, los nombres de los autores y establecer la longitud de los mensajes. Leyendas \u00bfD\u00f3nde est\u00e1? Men\u00fa \u2192 Ajustes de reenv\u00edo \u2192 Elegir origen y destino \u2192 Subt\u00edtulos. Puede elegir la forma en que desea recibir \/ reenviar un medio de comunicaci\u00f3n [&hellip;]","og_url":"https:\/\/old.junctionbot.io\/es\/contenido\/","og_site_name":"Junction Bot","article_modified_time":"2023-11-28T15:58:28+00:00","twitter_card":"summary_large_image","twitter_misc":{"Tiempo de lectura":"2 minutos"},"schema":{"@context":"https:\/\/schema.org","@graph":[{"@type":"WebPage","@id":"https:\/\/old.junctionbot.io\/es\/contenido\/","url":"https:\/\/old.junctionbot.io\/es\/contenido\/","name":"Junction Bot - Contenido","isPartOf":{"@id":"https:\/\/junctionbot.io\/#website"},"datePublished":"2020-04-21T18:50:24+00:00","dateModified":"2023-11-28T15:58:28+00:00","breadcrumb":{"@id":"https:\/\/old.junctionbot.io\/es\/contenido\/#breadcrumb"},"inLanguage":"es","potentialAction":[{"@type":"ReadAction","target":["https:\/\/old.junctionbot.io\/es\/contenido\/"]}]},{"@type":"BreadcrumbList","@id":"https:\/\/old.junctionbot.io\/es\/contenido\/#breadcrumb","itemListElement":[{"@type":"ListItem","position":1,"name":"Home","item":"https:\/\/junctionbot.io\/es\/"},{"@type":"ListItem","position":2,"name":"Contenido"}]},{"@type":"WebSite","@id":"https:\/\/junctionbot.io\/#website","url":"https:\/\/junctionbot.io\/","name":"Junction Bot","description":"Copia autom\u00e1tica hacia adelante, transformaci\u00f3n y traducci\u00f3n de canales de Telegram, grupos y bots","publisher":{"@id":"https:\/\/junctionbot.io\/#organization"},"potentialAction":[{"@type":"SearchAction","target":{"@type":"EntryPoint","urlTemplate":"https:\/\/junctionbot.io\/?s={search_term_string}"},"query-input":{"@type":"PropertyValueSpecification","valueRequired":true,"valueName":"search_term_string"}}],"inLanguage":"es"},{"@type":"Organization","@id":"https:\/\/junctionbot.io\/#organization","name":"Junction Bot","url":"https:\/\/junctionbot.io\/","logo":{"@type":"ImageObject","inLanguage":"es","@id":"https:\/\/junctionbot.io\/#\/schema\/logo\/image\/","url":"\/wp-content\/uploads\/2020\/06\/junc_logo-400.jpg","contentUrl":"\/wp-content\/uploads\/2020\/06\/junc_logo-400.jpg","width":400,"height":400,"caption":"Junction Bot"},"image":{"@id":"https:\/\/junctionbot.io\/#\/schema\/logo\/image\/"}}]}},"_links":{"self":[{"href":"https:\/\/old.junctionbot.io\/es\/wp-json\/wp\/v2\/pages\/3791","targetHints":{"allow":["GET"]}}],"collection":[{"href":"https:\/\/old.junctionbot.io\/es\/wp-json\/wp\/v2\/pages"}],"about":[{"href":"https:\/\/old.junctionbot.io\/es\/wp-json\/wp\/v2\/types\/page"}],"author":[{"embeddable":true,"href":"https:\/\/old.junctionbot.io\/es\/wp-json\/wp\/v2\/users\/1"}],"replies":[{"embeddable":true,"href":"https:\/\/old.junctionbot.io\/es\/wp-json\/wp\/v2\/comments?post=3791"}],"version-history":[{"count":1,"href":"https:\/\/old.junctionbot.io\/es\/wp-json\/wp\/v2\/pages\/3791\/revisions"}],"predecessor-version":[{"id":3794,"href":"https:\/\/old.junctionbot.io\/es\/wp-json\/wp\/v2\/pages\/3791\/revisions\/3794"}],"wp:attachment":[{"href":"https:\/\/old.junctionbot.io\/es\/wp-json\/wp\/v2\/media?parent=3791"}],"curies":[{"name":"wp","href":"https:\/\/api.w.org\/{rel}","templated":true}]}}