{"id":3795,"date":"2020-04-17T12:48:48","date_gmt":"2020-04-17T10:48:48","guid":{"rendered":"https:\/\/docs.junction.space\/asociacion\/"},"modified":"2023-11-28T17:58:28","modified_gmt":"2023-11-28T15:58:28","slug":"asociacion","status":"publish","type":"page","link":"https:\/\/old.junctionbot.io\/es\/asociacion\/","title":{"rendered":"Asociaci\u00f3n"},"content":{"rendered":"\n<h2 class=\"wp-block-heading\"><span class=\"ez-toc-section\" id=\"Asociacion\"><\/span>Asociaci\u00f3n<span class=\"ez-toc-section-end\"><\/span><\/h2>\n\n<h3 class=\"wp-block-heading\"><span class=\"ez-toc-section\" id=\"Sistema_de_remision\"><\/span>Sistema de remisi\u00f3n<span class=\"ez-toc-section-end\"><\/span><\/h3>\n\n<p>Si mencionas el bot donde lo ver\u00e1n los usuarios potenciales, utiliza el enlace de referencia.  <\/p>\n\n<p>Obtendr\u00e1s +1 semana de cuenta Est\u00e1ndar (si tienes una cuenta Est\u00e1ndar) o +1 semana de la demo por cada nuevo usuario que haya llegado al Junction Bot con este enlace. Si el usuario invitado compra una cuenta Est\u00e1ndar, obtendr\u00e1 +30 d\u00edas de cuenta Est\u00e1ndar (si tiene una cuenta Est\u00e1ndar) o +30 d\u00edas de la demo. De esta forma, algunos usuarios llevan a\u00f1os disfrutando de todas las funcionalidades de @junction_bot de forma gratuita.  <\/p>\n\n<p>Si el usuario invitado compra una Conexi\u00f3n Directa, recibir\u00e1s 6 euros en tu cuenta Pro. Al mismo tiempo, el usuario recibir\u00e1 un descuento del 50% durante el primer mes, por lo que s\u00f3lo tendr\u00e1 que pagar 6 euros para activarlo.<\/p>\n\n<p>Puede obtener su enlace de recomendaci\u00f3n personal con el comando<code> \/referral<\/code>.<\/p>\n\n<h3 class=\"wp-block-heading\"><span class=\"ez-toc-section\" id=\"Publicidad\"><\/span>Publicidad<span class=\"ez-toc-section-end\"><\/span><\/h3>\n\n<p>P\u00f3ngase en contacto con nosotros <a href=\"https:\/\/t.me\/astuteficus\">directamente<\/a> sobre la publicidad.<\/p>\n\n<h3 class=\"wp-block-heading\"><span class=\"ez-toc-section\" id=\"Empleo\"><\/span>Empleo<span class=\"ez-toc-section-end\"><\/span><\/h3>\n\n<p>Buscamos un <strong>gestor de adquisiciones<\/strong> para encontrar clientes para pro-servicios. Ofrecemos un generoso trozo de tarta.<\/p>\n\n<h3 class=\"wp-block-heading\"><span class=\"ez-toc-section\" id=\"Intercambio\"><\/span>Intercambio<span class=\"ez-toc-section-end\"><\/span><\/h3>\n\n<p>Si tienes un canal con m\u00e1s de 10k usuarios, podemos intercambiar las promociones. Usted habla a sus lectores de nosotros, nosotros hablamos a nuestros lectores de usted.<\/p>\n","protected":false},"excerpt":{"rendered":"<p>Asociaci\u00f3n Sistema de remisi\u00f3n Si mencionas el bot donde lo ver\u00e1n los usuarios potenciales, utiliza el enlace de referencia. Obtendr\u00e1s +1 semana de cuenta Est\u00e1ndar (si tienes una cuenta Est\u00e1ndar) o +1 semana de la demo por cada nuevo usuario que haya llegado al Junction Bot con este enlace. Si el usuario invitado compra una [&hellip;]<\/p>\n","protected":false},"author":1,"featured_media":0,"parent":0,"menu_order":0,"comment_status":"closed","ping_status":"closed","template":"","meta":{"nf_dc_page":"","_monsterinsights_skip_tracking":false,"_monsterinsights_sitenote_active":false,"_monsterinsights_sitenote_note":"","_monsterinsights_sitenote_category":0,"ocean_post_layout":"","ocean_both_sidebars_style":"","ocean_both_sidebars_content_width":0,"ocean_both_sidebars_sidebars_width":0,"ocean_sidebar":"0","ocean_second_sidebar":"0","ocean_disable_margins":"enable","ocean_add_body_class":"","ocean_shortcode_before_top_bar":"","ocean_shortcode_after_top_bar":"","ocean_shortcode_before_header":"","ocean_shortcode_after_header":"","ocean_has_shortcode":"","ocean_shortcode_after_title":"","ocean_shortcode_before_footer_widgets":"","ocean_shortcode_after_footer_widgets":"","ocean_shortcode_before_footer_bottom":"","ocean_shortcode_after_footer_bottom":"","ocean_display_top_bar":"default","ocean_display_header":"default","ocean_header_style":"","ocean_center_header_left_menu":"0","ocean_custom_header_template":"0","ocean_custom_logo":0,"ocean_custom_retina_logo":0,"ocean_custom_logo_max_width":0,"ocean_custom_logo_tablet_max_width":0,"ocean_custom_logo_mobile_max_width":0,"ocean_custom_logo_max_height":0,"ocean_custom_logo_tablet_max_height":0,"ocean_custom_logo_mobile_max_height":0,"ocean_header_custom_menu":"0","ocean_menu_typo_font_family":"0","ocean_menu_typo_font_subset":"","ocean_menu_typo_font_size":0,"ocean_menu_typo_font_size_tablet":0,"ocean_menu_typo_font_size_mobile":0,"ocean_menu_typo_font_size_unit":"px","ocean_menu_typo_font_weight":"","ocean_menu_typo_font_weight_tablet":"","ocean_menu_typo_font_weight_mobile":"","ocean_menu_typo_transform":"","ocean_menu_typo_transform_tablet":"","ocean_menu_typo_transform_mobile":"","ocean_menu_typo_line_height":0,"ocean_menu_typo_line_height_tablet":0,"ocean_menu_typo_line_height_mobile":0,"ocean_menu_typo_line_height_unit":"","ocean_menu_typo_spacing":0,"ocean_menu_typo_spacing_tablet":0,"ocean_menu_typo_spacing_mobile":0,"ocean_menu_typo_spacing_unit":"","ocean_menu_link_color":"","ocean_menu_link_color_hover":"","ocean_menu_link_color_active":"","ocean_menu_link_background":"","ocean_menu_link_hover_background":"","ocean_menu_link_active_background":"","ocean_menu_social_links_bg":"","ocean_menu_social_hover_links_bg":"","ocean_menu_social_links_color":"","ocean_menu_social_hover_links_color":"","ocean_disable_title":"default","ocean_disable_heading":"default","ocean_post_title":"","ocean_post_subheading":"","ocean_post_title_style":"","ocean_post_title_background_color":"","ocean_post_title_background":0,"ocean_post_title_bg_image_position":"","ocean_post_title_bg_image_attachment":"","ocean_post_title_bg_image_repeat":"","ocean_post_title_bg_image_size":"","ocean_post_title_height":0,"ocean_post_title_bg_overlay":0.5,"ocean_post_title_bg_overlay_color":"","ocean_disable_breadcrumbs":"default","ocean_breadcrumbs_color":"","ocean_breadcrumbs_separator_color":"","ocean_breadcrumbs_links_color":"","ocean_breadcrumbs_links_hover_color":"","ocean_display_footer_widgets":"default","ocean_display_footer_bottom":"default","ocean_custom_footer_template":"0","footnotes":""},"class_list":["post-3795","page","type-page","status-publish","hentry","entry"],"yoast_head":"<!-- This site is optimized with the Yoast SEO plugin v26.9 - https:\/\/yoast.com\/product\/yoast-seo-wordpress\/ -->\n<title>Junction Bot - Asociaci\u00f3n<\/title>\n<meta name=\"robots\" content=\"index, follow, max-snippet:-1, max-image-preview:large, max-video-preview:-1\" \/>\n<link rel=\"canonical\" href=\"https:\/\/old.junctionbot.io\/es\/asociacion\/\" \/>\n<meta property=\"og:locale\" content=\"es_ES\" \/>\n<meta property=\"og:type\" content=\"article\" \/>\n<meta property=\"og:title\" content=\"Junction Bot - Asociaci\u00f3n\" \/>\n<meta property=\"og:description\" content=\"Asociaci\u00f3n Sistema de remisi\u00f3n Si mencionas el bot donde lo ver\u00e1n los usuarios potenciales, utiliza el enlace de referencia. Obtendr\u00e1s +1 semana de cuenta Est\u00e1ndar (si tienes una cuenta Est\u00e1ndar) o +1 semana de la demo por cada nuevo usuario que haya llegado al Junction Bot con este enlace. Si el usuario invitado compra una [&hellip;]\" \/>\n<meta property=\"og:url\" content=\"https:\/\/old.junctionbot.io\/es\/asociacion\/\" \/>\n<meta property=\"og:site_name\" content=\"Junction Bot\" \/>\n<meta property=\"article:modified_time\" content=\"2023-11-28T15:58:28+00:00\" \/>\n<meta name=\"twitter:card\" content=\"summary_large_image\" \/>\n<meta name=\"twitter:label1\" content=\"Tiempo de lectura\" \/>\n\t<meta name=\"twitter:data1\" content=\"1 minuto\" \/>\n<script type=\"application\/ld+json\" class=\"yoast-schema-graph\">{\"@context\":\"https:\/\/schema.org\",\"@graph\":[{\"@type\":\"WebPage\",\"@id\":\"https:\/\/old.junctionbot.io\/es\/asociacion\/\",\"url\":\"https:\/\/old.junctionbot.io\/es\/asociacion\/\",\"name\":\"Junction Bot - Asociaci\u00f3n\",\"isPartOf\":{\"@id\":\"https:\/\/junctionbot.io\/#website\"},\"datePublished\":\"2020-04-17T10:48:48+00:00\",\"dateModified\":\"2023-11-28T15:58:28+00:00\",\"breadcrumb\":{\"@id\":\"https:\/\/old.junctionbot.io\/es\/asociacion\/#breadcrumb\"},\"inLanguage\":\"es\",\"potentialAction\":[{\"@type\":\"ReadAction\",\"target\":[\"https:\/\/old.junctionbot.io\/es\/asociacion\/\"]}]},{\"@type\":\"BreadcrumbList\",\"@id\":\"https:\/\/old.junctionbot.io\/es\/asociacion\/#breadcrumb\",\"itemListElement\":[{\"@type\":\"ListItem\",\"position\":1,\"name\":\"Home\",\"item\":\"https:\/\/junctionbot.io\/es\/\"},{\"@type\":\"ListItem\",\"position\":2,\"name\":\"Asociaci\u00f3n\"}]},{\"@type\":\"WebSite\",\"@id\":\"https:\/\/junctionbot.io\/#website\",\"url\":\"https:\/\/junctionbot.io\/\",\"name\":\"Junction Bot\",\"description\":\"Copia autom\u00e1tica hacia adelante, transformaci\u00f3n y traducci\u00f3n de canales de Telegram, grupos y bots\",\"publisher\":{\"@id\":\"https:\/\/junctionbot.io\/#organization\"},\"potentialAction\":[{\"@type\":\"SearchAction\",\"target\":{\"@type\":\"EntryPoint\",\"urlTemplate\":\"https:\/\/junctionbot.io\/?s={search_term_string}\"},\"query-input\":{\"@type\":\"PropertyValueSpecification\",\"valueRequired\":true,\"valueName\":\"search_term_string\"}}],\"inLanguage\":\"es\"},{\"@type\":\"Organization\",\"@id\":\"https:\/\/junctionbot.io\/#organization\",\"name\":\"Junction Bot\",\"url\":\"https:\/\/junctionbot.io\/\",\"logo\":{\"@type\":\"ImageObject\",\"inLanguage\":\"es\",\"@id\":\"https:\/\/junctionbot.io\/#\/schema\/logo\/image\/\",\"url\":\"\/wp-content\/uploads\/2020\/06\/junc_logo-400.jpg\",\"contentUrl\":\"\/wp-content\/uploads\/2020\/06\/junc_logo-400.jpg\",\"width\":400,\"height\":400,\"caption\":\"Junction Bot\"},\"image\":{\"@id\":\"https:\/\/junctionbot.io\/#\/schema\/logo\/image\/\"}}]}<\/script>\n<!-- \/ Yoast SEO plugin. -->","yoast_head_json":{"title":"Junction Bot - Asociaci\u00f3n","robots":{"index":"index","follow":"follow","max-snippet":"max-snippet:-1","max-image-preview":"max-image-preview:large","max-video-preview":"max-video-preview:-1"},"canonical":"https:\/\/old.junctionbot.io\/es\/asociacion\/","og_locale":"es_ES","og_type":"article","og_title":"Junction Bot - Asociaci\u00f3n","og_description":"Asociaci\u00f3n Sistema de remisi\u00f3n Si mencionas el bot donde lo ver\u00e1n los usuarios potenciales, utiliza el enlace de referencia. Obtendr\u00e1s +1 semana de cuenta Est\u00e1ndar (si tienes una cuenta Est\u00e1ndar) o +1 semana de la demo por cada nuevo usuario que haya llegado al Junction Bot con este enlace. Si el usuario invitado compra una [&hellip;]","og_url":"https:\/\/old.junctionbot.io\/es\/asociacion\/","og_site_name":"Junction Bot","article_modified_time":"2023-11-28T15:58:28+00:00","twitter_card":"summary_large_image","twitter_misc":{"Tiempo de lectura":"1 minuto"},"schema":{"@context":"https:\/\/schema.org","@graph":[{"@type":"WebPage","@id":"https:\/\/old.junctionbot.io\/es\/asociacion\/","url":"https:\/\/old.junctionbot.io\/es\/asociacion\/","name":"Junction Bot - Asociaci\u00f3n","isPartOf":{"@id":"https:\/\/junctionbot.io\/#website"},"datePublished":"2020-04-17T10:48:48+00:00","dateModified":"2023-11-28T15:58:28+00:00","breadcrumb":{"@id":"https:\/\/old.junctionbot.io\/es\/asociacion\/#breadcrumb"},"inLanguage":"es","potentialAction":[{"@type":"ReadAction","target":["https:\/\/old.junctionbot.io\/es\/asociacion\/"]}]},{"@type":"BreadcrumbList","@id":"https:\/\/old.junctionbot.io\/es\/asociacion\/#breadcrumb","itemListElement":[{"@type":"ListItem","position":1,"name":"Home","item":"https:\/\/junctionbot.io\/es\/"},{"@type":"ListItem","position":2,"name":"Asociaci\u00f3n"}]},{"@type":"WebSite","@id":"https:\/\/junctionbot.io\/#website","url":"https:\/\/junctionbot.io\/","name":"Junction Bot","description":"Copia autom\u00e1tica hacia adelante, transformaci\u00f3n y traducci\u00f3n de canales de Telegram, grupos y bots","publisher":{"@id":"https:\/\/junctionbot.io\/#organization"},"potentialAction":[{"@type":"SearchAction","target":{"@type":"EntryPoint","urlTemplate":"https:\/\/junctionbot.io\/?s={search_term_string}"},"query-input":{"@type":"PropertyValueSpecification","valueRequired":true,"valueName":"search_term_string"}}],"inLanguage":"es"},{"@type":"Organization","@id":"https:\/\/junctionbot.io\/#organization","name":"Junction Bot","url":"https:\/\/junctionbot.io\/","logo":{"@type":"ImageObject","inLanguage":"es","@id":"https:\/\/junctionbot.io\/#\/schema\/logo\/image\/","url":"\/wp-content\/uploads\/2020\/06\/junc_logo-400.jpg","contentUrl":"\/wp-content\/uploads\/2020\/06\/junc_logo-400.jpg","width":400,"height":400,"caption":"Junction Bot"},"image":{"@id":"https:\/\/junctionbot.io\/#\/schema\/logo\/image\/"}}]}},"_links":{"self":[{"href":"https:\/\/old.junctionbot.io\/es\/wp-json\/wp\/v2\/pages\/3795","targetHints":{"allow":["GET"]}}],"collection":[{"href":"https:\/\/old.junctionbot.io\/es\/wp-json\/wp\/v2\/pages"}],"about":[{"href":"https:\/\/old.junctionbot.io\/es\/wp-json\/wp\/v2\/types\/page"}],"author":[{"embeddable":true,"href":"https:\/\/old.junctionbot.io\/es\/wp-json\/wp\/v2\/users\/1"}],"replies":[{"embeddable":true,"href":"https:\/\/old.junctionbot.io\/es\/wp-json\/wp\/v2\/comments?post=3795"}],"version-history":[{"count":1,"href":"https:\/\/old.junctionbot.io\/es\/wp-json\/wp\/v2\/pages\/3795\/revisions"}],"predecessor-version":[{"id":3797,"href":"https:\/\/old.junctionbot.io\/es\/wp-json\/wp\/v2\/pages\/3795\/revisions\/3797"}],"wp:attachment":[{"href":"https:\/\/old.junctionbot.io\/es\/wp-json\/wp\/v2\/media?parent=3795"}],"curies":[{"name":"wp","href":"https:\/\/api.w.org\/{rel}","templated":true}]}}