{"id":3796,"date":"2020-07-04T19:43:18","date_gmt":"2020-07-04T17:43:18","guid":{"rendered":"https:\/\/docs.junction.space\/ajustes-y-funciones\/"},"modified":"2023-11-28T17:58:27","modified_gmt":"2023-11-28T15:58:27","slug":"ajustes-y-funciones","status":"publish","type":"page","link":"https:\/\/old.junctionbot.io\/es\/ajustes-y-funciones\/","title":{"rendered":"Ajustes y funciones"},"content":{"rendered":"\n<h2 class=\"wp-block-heading\"><span class=\"ez-toc-section\" id=\"Ajustes_y_funciones\"><\/span>Ajustes y funciones<span class=\"ez-toc-section-end\"><\/span><\/h2>\n\n<p>Esta es una lista de las configuraciones soportadas por Junction Bot:<\/p>\n\n<p>1. <a href=\"\/filtering\/\">Filtrado<\/a><\/p>\n\n<ul class=\"wp-block-list\"><li>por palabra<\/li><li>por regex<\/li><li>recibir s\u00f3lo el N-\u00e9simo mensaje<\/li><li>filtrado de duplicados<\/li><\/ul>\n\n<p>2. <a href=\"\/replace\/\">Modificaci\u00f3n y sustituci\u00f3n<\/a><\/p>\n\n<ul class=\"wp-block-list\"><li>cambiar el t\u00edtulo del mensaje<\/li><li>cambiar el enlace al mensaje original<\/li><li>cambiar el cuerpo del mensaje con <em>Antes <\/em> y <em>Despu\u00e9s<\/em><\/li><li>cambiar el cuerpo del mensaje con <em>Reemplazar<\/em><\/li><\/ul>\n\n<p>3. <a href=\"\/es\/contenido\/\">Cambios en el contenido<\/a><\/p>\n\n<ul class=\"wp-block-list\"><li>cambiar el aspecto de los subt\u00edtulos<\/li><li>cambiar el aspecto del nombre del autor<\/li><li>acortar mensajes largos<\/li><\/ul>\n\n<p>4. <a href=\"\/es\/botones\/\">Botones<\/a><\/p>\n\n<ul class=\"wp-block-list\"><li>a\u00f1adir botones de respuesta<\/li><li>copiar botones originales<\/li><li>a\u00f1ade tus botones personalizados<\/li><\/ul>\n\n<p>5. <a href=\"\/es\/varios\/\">Otros<\/a><\/p>\n\n<ul class=\"wp-block-list\"><li>reenviar mensajes editados<\/li><li>establecer un retraso<\/li><li>mensajes de pin<\/li><li>encuestas adelantadas<\/li><li>cambiar el idioma del bot<\/li><\/ul>\n\n<h3 class=\"wp-block-heading\"><span class=\"ez-toc-section\" id=\"Aplicacion_de_ajustes_a_uno_o_todos_los_canales\"><\/span>Aplicaci\u00f3n de ajustes a uno o todos los canales<span class=\"ez-toc-section-end\"><\/span><\/h3>\n\n<p>Ten en cuenta que todos los ajustes que empiezan por el comando \/setting pueden aplicarse a todos tus canales o a un canal concreto.<\/p>\n\n<pre class=\"wp-block-preformatted\"><span class=\"cool-title\">\/configuraci\u00f3n<\/span> - aplica los cambios a <strong>todos los<\/strong> canales.\n<span class=\"cool-title\">\/settingchannel<\/span> - aplica los cambios a <strong>una sola<\/strong> fuente.\n\nFormato:  \n<code>\/setting setting_name value<\/code>\n<code>\/settingchannel <a href=\"\/es\/ajustes-y-funciones\/#Referencing_a_source_channel\" data-type=\"URL\" data-id=\"\/settings-and-features\/#Referencing_a_source_channel\">source_channel_reference<\/a><\/code> <code>setting_name value<\/code><\/pre>\n\n<h3 class=\"wp-block-heading\"><span class=\"ez-toc-section\" id=\"Referenciar_un_canal_fuente\"><\/span>Referenciar un canal fuente<span class=\"ez-toc-section-end\"><\/span><\/h3>\n\n<p>En muchos comandos necesitas utilizar como argumento una referencia a una fuente (que puede ser: un canal, un grupo, un chat o un bot). En los ejemplos suele aparecer como <code>source_channel_reference <\/code>o simplemente <code>channel_reference<\/code>. Como referencia puedes utilizar:<\/p>\n\n<ol class=\"wp-block-list\"><li>Para <strong>Conexi\u00f3n Directa<\/strong>: utilice el <a href=\"\/direct-connection\/#Virtual_number\" data-type=\"URL\" data-id=\"\/direct-connection\/#Virtual_number\">n\u00famero virtual<\/a> de un canal, chat o bot.<\/li><li>Nombre de un canal\/grupo (empieza por @) &#8211; para canales y grupos <strong>p\u00fablicos <\/strong>.<\/li><li>Enlace a un canal\/grupo (como https:\/\/t.me\/mychannel) &#8211; para canales y grupos <strong>p\u00fablicos <\/strong>.<\/li><li>Enlace de invitaci\u00f3n a un canal\/grupo &#8211; para canales y grupos <strong>privados <\/strong>.<\/li><\/ol>\n\n<pre id=\"block-b5fea7b1-6b2b-424d-a88c-d6bbb6eb9506\" class=\"wp-block-preformatted\"><strong>Ejemplos:<\/strong>\n<code>\/settingchannel @mychannel header none<\/code>\n<code>\/settingchannel https:\/\/t.me\/mychannel header none<\/code>\n<code>\/settingchannel https:\/\/t.me\/joinchat\/AAAAAffffSSSShhhh header none<\/code>\n\nPara usuarios de <strong>Conexi\u00f3n Directa<\/strong>:\n<code>\/settingchannel &amp;31612345678#78787878 header none<\/code><\/pre>\n\n<p>Si tiene <strong>varias reglas de reenv\u00edo desde el mismo origen a diferentes destinos<\/strong>, puede establecer diferentes configuraciones, filtros y sustituciones para los distintos destinos. M\u00e1s informaci\u00f3n <a href=\"\/forwarding\/#Forwarding_from_one_source_to_several_destinations\" data-type=\"URL\" data-id=\"\/forwarding\/#Forwarding_from_one_source_to_several_destinations\">aqu\u00ed<\/a>.<\/p>\n\n<h3 class=\"wp-block-heading\"><span class=\"ez-toc-section\" id=\"Comprobar_la_configuracion_actual\"><\/span>Comprobar la configuraci\u00f3n actual  <span class=\"ez-toc-section-end\"><\/span><\/h3>\n\n<p>Para ver qu\u00e9 ajustes est\u00e1n actualmente configurados en el canal de origen utilice el comando <code>\/settingchannel<\/code>.<\/p>\n\n<pre id=\"block-b98508ca-a0ea-40d4-972b-6bb8627d9ead\" class=\"wp-block-preformatted\"><code>\/settingchannel <a href=\"#Referencing_a_source_channel\" data-type=\"internal\" data-id=\"#Referencing_a_source_channel\">source_channel_reference<\/a><\/code> <code>setting_name<\/code><\/pre>\n\n<p>donde <strong>\n  <code>setting_name<\/code>\n<\/strong> &#8211; debe ser uno de los posibles tipos de ajuste.<\/p>\n\n<p>Puede ver todos los tipos de configuraci\u00f3n posibles con el comando  <\/p>\n\n<pre id=\"block-e9aacddb-38ac-4fff-94f5-654b8ad9cf48\" class=\"wp-block-code\"><code>\/settingchannel <a href=\"\/settings-and-features\/#Referencing_a_source_channel\" data-type=\"URL\" data-id=\"\/settings-and-features\/#Referencing_a_source_channel\">source_channel_reference<\/a><\/code><\/pre>\n\n<h3 class=\"wp-block-heading\"><span class=\"ez-toc-section\" id=\"Utilizacion_de_canales_intermedios\"><\/span>Utilizaci\u00f3n de canales intermedios<span class=\"ez-toc-section-end\"><\/span><\/h3>\n\n<p>Si necesitas aplicar algunas reglas realmente complejas, puede que necesites crear un canal intermedio para organizarlo todo.<\/p>\n\n<p>Por ejemplo, quieres que todos los mensajes se reenv\u00eden de A a B. Pero para los mensajes que incluyen un texto determinado quieres aplicar una configuraci\u00f3n <code>after<\/code>.<\/p>\n\n<p>Es bastante complicado. La \u00fanica manera de hacerlo es crear un canal intermedio, llam\u00e9moslo C. A continuaci\u00f3n, configura los siguientes forwards:<br\/>A -&gt; B para todos los mensajes sin un texto determinado.<br\/>A -&gt; C para todos los mensajes con un texto determinado.<br\/>C -&gt; B para todos los mensajes.<\/p>\n\n<p>A continuaci\u00f3n, se a\u00f1ade un ajuste <code>after <\/code>a un avance C -&gt; B.<\/p>\n","protected":false},"excerpt":{"rendered":"<p>Ajustes y funciones Esta es una lista de las configuraciones soportadas por Junction Bot: 1. Filtrado por palabra por regex recibir s\u00f3lo el N-\u00e9simo mensaje filtrado de duplicados 2. Modificaci\u00f3n y sustituci\u00f3n cambiar el t\u00edtulo del mensaje cambiar el enlace al mensaje original cambiar el cuerpo del mensaje con Antes y Despu\u00e9s cambiar el cuerpo [&hellip;]<\/p>\n","protected":false},"author":1,"featured_media":0,"parent":0,"menu_order":0,"comment_status":"closed","ping_status":"closed","template":"","meta":{"nf_dc_page":"","_monsterinsights_skip_tracking":false,"_monsterinsights_sitenote_active":false,"_monsterinsights_sitenote_note":"","_monsterinsights_sitenote_category":0,"ocean_post_layout":"","ocean_both_sidebars_style":"","ocean_both_sidebars_content_width":0,"ocean_both_sidebars_sidebars_width":0,"ocean_sidebar":"0","ocean_second_sidebar":"0","ocean_disable_margins":"enable","ocean_add_body_class":"","ocean_shortcode_before_top_bar":"","ocean_shortcode_after_top_bar":"","ocean_shortcode_before_header":"","ocean_shortcode_after_header":"","ocean_has_shortcode":"","ocean_shortcode_after_title":"","ocean_shortcode_before_footer_widgets":"","ocean_shortcode_after_footer_widgets":"","ocean_shortcode_before_footer_bottom":"","ocean_shortcode_after_footer_bottom":"","ocean_display_top_bar":"default","ocean_display_header":"default","ocean_header_style":"","ocean_center_header_left_menu":"0","ocean_custom_header_template":"0","ocean_custom_logo":0,"ocean_custom_retina_logo":0,"ocean_custom_logo_max_width":0,"ocean_custom_logo_tablet_max_width":0,"ocean_custom_logo_mobile_max_width":0,"ocean_custom_logo_max_height":0,"ocean_custom_logo_tablet_max_height":0,"ocean_custom_logo_mobile_max_height":0,"ocean_header_custom_menu":"0","ocean_menu_typo_font_family":"0","ocean_menu_typo_font_subset":"","ocean_menu_typo_font_size":0,"ocean_menu_typo_font_size_tablet":0,"ocean_menu_typo_font_size_mobile":0,"ocean_menu_typo_font_size_unit":"px","ocean_menu_typo_font_weight":"","ocean_menu_typo_font_weight_tablet":"","ocean_menu_typo_font_weight_mobile":"","ocean_menu_typo_transform":"","ocean_menu_typo_transform_tablet":"","ocean_menu_typo_transform_mobile":"","ocean_menu_typo_line_height":0,"ocean_menu_typo_line_height_tablet":0,"ocean_menu_typo_line_height_mobile":0,"ocean_menu_typo_line_height_unit":"","ocean_menu_typo_spacing":0,"ocean_menu_typo_spacing_tablet":0,"ocean_menu_typo_spacing_mobile":0,"ocean_menu_typo_spacing_unit":"","ocean_menu_link_color":"","ocean_menu_link_color_hover":"","ocean_menu_link_color_active":"","ocean_menu_link_background":"","ocean_menu_link_hover_background":"","ocean_menu_link_active_background":"","ocean_menu_social_links_bg":"","ocean_menu_social_hover_links_bg":"","ocean_menu_social_links_color":"","ocean_menu_social_hover_links_color":"","ocean_disable_title":"default","ocean_disable_heading":"default","ocean_post_title":"","ocean_post_subheading":"","ocean_post_title_style":"","ocean_post_title_background_color":"","ocean_post_title_background":0,"ocean_post_title_bg_image_position":"","ocean_post_title_bg_image_attachment":"","ocean_post_title_bg_image_repeat":"","ocean_post_title_bg_image_size":"","ocean_post_title_height":0,"ocean_post_title_bg_overlay":0.5,"ocean_post_title_bg_overlay_color":"","ocean_disable_breadcrumbs":"default","ocean_breadcrumbs_color":"","ocean_breadcrumbs_separator_color":"","ocean_breadcrumbs_links_color":"","ocean_breadcrumbs_links_hover_color":"","ocean_display_footer_widgets":"default","ocean_display_footer_bottom":"default","ocean_custom_footer_template":"0","footnotes":""},"class_list":["post-3796","page","type-page","status-publish","hentry","entry"],"yoast_head":"<!-- This site is optimized with the Yoast SEO plugin v26.9 - https:\/\/yoast.com\/product\/yoast-seo-wordpress\/ -->\n<title>Junction Bot - Ajustes y funciones<\/title>\n<meta name=\"robots\" content=\"index, follow, max-snippet:-1, max-image-preview:large, max-video-preview:-1\" \/>\n<link rel=\"canonical\" href=\"https:\/\/old.junctionbot.io\/es\/ajustes-y-funciones\/\" \/>\n<meta property=\"og:locale\" content=\"es_ES\" \/>\n<meta property=\"og:type\" content=\"article\" \/>\n<meta property=\"og:title\" content=\"Junction Bot - Ajustes y funciones\" \/>\n<meta property=\"og:description\" content=\"Ajustes y funciones Esta es una lista de las configuraciones soportadas por Junction Bot: 1. Filtrado por palabra por regex recibir s\u00f3lo el N-\u00e9simo mensaje filtrado de duplicados 2. Modificaci\u00f3n y sustituci\u00f3n cambiar el t\u00edtulo del mensaje cambiar el enlace al mensaje original cambiar el cuerpo del mensaje con Antes y Despu\u00e9s cambiar el cuerpo [&hellip;]\" \/>\n<meta property=\"og:url\" content=\"https:\/\/old.junctionbot.io\/es\/ajustes-y-funciones\/\" \/>\n<meta property=\"og:site_name\" content=\"Junction Bot\" \/>\n<meta property=\"article:modified_time\" content=\"2023-11-28T15:58:27+00:00\" \/>\n<meta name=\"twitter:card\" content=\"summary_large_image\" \/>\n<meta name=\"twitter:label1\" content=\"Tiempo de lectura\" \/>\n\t<meta name=\"twitter:data1\" content=\"3 minutos\" \/>\n<script type=\"application\/ld+json\" class=\"yoast-schema-graph\">{\"@context\":\"https:\/\/schema.org\",\"@graph\":[{\"@type\":\"WebPage\",\"@id\":\"https:\/\/old.junctionbot.io\/es\/ajustes-y-funciones\/\",\"url\":\"https:\/\/old.junctionbot.io\/es\/ajustes-y-funciones\/\",\"name\":\"Junction Bot - Ajustes y funciones\",\"isPartOf\":{\"@id\":\"https:\/\/junctionbot.io\/#website\"},\"datePublished\":\"2020-07-04T17:43:18+00:00\",\"dateModified\":\"2023-11-28T15:58:27+00:00\",\"breadcrumb\":{\"@id\":\"https:\/\/old.junctionbot.io\/es\/ajustes-y-funciones\/#breadcrumb\"},\"inLanguage\":\"es\",\"potentialAction\":[{\"@type\":\"ReadAction\",\"target\":[\"https:\/\/old.junctionbot.io\/es\/ajustes-y-funciones\/\"]}]},{\"@type\":\"BreadcrumbList\",\"@id\":\"https:\/\/old.junctionbot.io\/es\/ajustes-y-funciones\/#breadcrumb\",\"itemListElement\":[{\"@type\":\"ListItem\",\"position\":1,\"name\":\"Home\",\"item\":\"https:\/\/junctionbot.io\/es\/\"},{\"@type\":\"ListItem\",\"position\":2,\"name\":\"Ajustes y funciones\"}]},{\"@type\":\"WebSite\",\"@id\":\"https:\/\/junctionbot.io\/#website\",\"url\":\"https:\/\/junctionbot.io\/\",\"name\":\"Junction Bot\",\"description\":\"Copia autom\u00e1tica hacia adelante, transformaci\u00f3n y traducci\u00f3n de canales de Telegram, grupos y bots\",\"publisher\":{\"@id\":\"https:\/\/junctionbot.io\/#organization\"},\"potentialAction\":[{\"@type\":\"SearchAction\",\"target\":{\"@type\":\"EntryPoint\",\"urlTemplate\":\"https:\/\/junctionbot.io\/?s={search_term_string}\"},\"query-input\":{\"@type\":\"PropertyValueSpecification\",\"valueRequired\":true,\"valueName\":\"search_term_string\"}}],\"inLanguage\":\"es\"},{\"@type\":\"Organization\",\"@id\":\"https:\/\/junctionbot.io\/#organization\",\"name\":\"Junction Bot\",\"url\":\"https:\/\/junctionbot.io\/\",\"logo\":{\"@type\":\"ImageObject\",\"inLanguage\":\"es\",\"@id\":\"https:\/\/junctionbot.io\/#\/schema\/logo\/image\/\",\"url\":\"\/wp-content\/uploads\/2020\/06\/junc_logo-400.jpg\",\"contentUrl\":\"\/wp-content\/uploads\/2020\/06\/junc_logo-400.jpg\",\"width\":400,\"height\":400,\"caption\":\"Junction Bot\"},\"image\":{\"@id\":\"https:\/\/junctionbot.io\/#\/schema\/logo\/image\/\"}}]}<\/script>\n<!-- \/ Yoast SEO plugin. -->","yoast_head_json":{"title":"Junction Bot - Ajustes y funciones","robots":{"index":"index","follow":"follow","max-snippet":"max-snippet:-1","max-image-preview":"max-image-preview:large","max-video-preview":"max-video-preview:-1"},"canonical":"https:\/\/old.junctionbot.io\/es\/ajustes-y-funciones\/","og_locale":"es_ES","og_type":"article","og_title":"Junction Bot - Ajustes y funciones","og_description":"Ajustes y funciones Esta es una lista de las configuraciones soportadas por Junction Bot: 1. Filtrado por palabra por regex recibir s\u00f3lo el N-\u00e9simo mensaje filtrado de duplicados 2. Modificaci\u00f3n y sustituci\u00f3n cambiar el t\u00edtulo del mensaje cambiar el enlace al mensaje original cambiar el cuerpo del mensaje con Antes y Despu\u00e9s cambiar el cuerpo [&hellip;]","og_url":"https:\/\/old.junctionbot.io\/es\/ajustes-y-funciones\/","og_site_name":"Junction Bot","article_modified_time":"2023-11-28T15:58:27+00:00","twitter_card":"summary_large_image","twitter_misc":{"Tiempo de lectura":"3 minutos"},"schema":{"@context":"https:\/\/schema.org","@graph":[{"@type":"WebPage","@id":"https:\/\/old.junctionbot.io\/es\/ajustes-y-funciones\/","url":"https:\/\/old.junctionbot.io\/es\/ajustes-y-funciones\/","name":"Junction Bot - Ajustes y funciones","isPartOf":{"@id":"https:\/\/junctionbot.io\/#website"},"datePublished":"2020-07-04T17:43:18+00:00","dateModified":"2023-11-28T15:58:27+00:00","breadcrumb":{"@id":"https:\/\/old.junctionbot.io\/es\/ajustes-y-funciones\/#breadcrumb"},"inLanguage":"es","potentialAction":[{"@type":"ReadAction","target":["https:\/\/old.junctionbot.io\/es\/ajustes-y-funciones\/"]}]},{"@type":"BreadcrumbList","@id":"https:\/\/old.junctionbot.io\/es\/ajustes-y-funciones\/#breadcrumb","itemListElement":[{"@type":"ListItem","position":1,"name":"Home","item":"https:\/\/junctionbot.io\/es\/"},{"@type":"ListItem","position":2,"name":"Ajustes y funciones"}]},{"@type":"WebSite","@id":"https:\/\/junctionbot.io\/#website","url":"https:\/\/junctionbot.io\/","name":"Junction Bot","description":"Copia autom\u00e1tica hacia adelante, transformaci\u00f3n y traducci\u00f3n de canales de Telegram, grupos y bots","publisher":{"@id":"https:\/\/junctionbot.io\/#organization"},"potentialAction":[{"@type":"SearchAction","target":{"@type":"EntryPoint","urlTemplate":"https:\/\/junctionbot.io\/?s={search_term_string}"},"query-input":{"@type":"PropertyValueSpecification","valueRequired":true,"valueName":"search_term_string"}}],"inLanguage":"es"},{"@type":"Organization","@id":"https:\/\/junctionbot.io\/#organization","name":"Junction Bot","url":"https:\/\/junctionbot.io\/","logo":{"@type":"ImageObject","inLanguage":"es","@id":"https:\/\/junctionbot.io\/#\/schema\/logo\/image\/","url":"\/wp-content\/uploads\/2020\/06\/junc_logo-400.jpg","contentUrl":"\/wp-content\/uploads\/2020\/06\/junc_logo-400.jpg","width":400,"height":400,"caption":"Junction Bot"},"image":{"@id":"https:\/\/junctionbot.io\/#\/schema\/logo\/image\/"}}]}},"_links":{"self":[{"href":"https:\/\/old.junctionbot.io\/es\/wp-json\/wp\/v2\/pages\/3796","targetHints":{"allow":["GET"]}}],"collection":[{"href":"https:\/\/old.junctionbot.io\/es\/wp-json\/wp\/v2\/pages"}],"about":[{"href":"https:\/\/old.junctionbot.io\/es\/wp-json\/wp\/v2\/types\/page"}],"author":[{"embeddable":true,"href":"https:\/\/old.junctionbot.io\/es\/wp-json\/wp\/v2\/users\/1"}],"replies":[{"embeddable":true,"href":"https:\/\/old.junctionbot.io\/es\/wp-json\/wp\/v2\/comments?post=3796"}],"version-history":[{"count":1,"href":"https:\/\/old.junctionbot.io\/es\/wp-json\/wp\/v2\/pages\/3796\/revisions"}],"predecessor-version":[{"id":3799,"href":"https:\/\/old.junctionbot.io\/es\/wp-json\/wp\/v2\/pages\/3796\/revisions\/3799"}],"wp:attachment":[{"href":"https:\/\/old.junctionbot.io\/es\/wp-json\/wp\/v2\/media?parent=3796"}],"curies":[{"name":"wp","href":"https:\/\/api.w.org\/{rel}","templated":true}]}}