{"id":3800,"date":"2020-04-17T11:29:29","date_gmt":"2020-04-17T09:29:29","guid":{"rendered":"https:\/\/docs.junction.space\/suscripciones\/"},"modified":"2023-11-30T12:34:08","modified_gmt":"2023-11-30T10:34:08","slug":"suscripciones","status":"publish","type":"page","link":"https:\/\/old.junctionbot.io\/es\/suscripciones\/","title":{"rendered":"Suscripciones"},"content":{"rendered":"\n<h2 class=\"wp-block-heading\"><span class=\"ez-toc-section\" id=\"Suscripciones\"><\/span>Suscripciones<span class=\"ez-toc-section-end\"><\/span><\/h2>\n\n\n\n<p>Con Junction bot puedes suscribirte para leer canales y grupos &#8211; esto es lo que llamamos una <strong>suscripci\u00f3n. <\/strong>Puede leer varias fuentes como un solo feed. Pero no significa &#8220;uno&#8221; literalmente. Puede crear tantos feeds como desee. Por ejemplo, para agrupar distintas fuentes por temas (feed con tus blogueros favoritos, feed con noticias sobre criptomonedas, feed con gatos bonitos, etc.).<\/p>\n\n\n\n<p>Para conocer las limitaciones y los precios, consulte <a href=\"\/es\/elegir-el-tipo-de-cuenta-adecuado\/\">aqu\u00ed<\/a>.<\/p>\n\n\n\n<h3 class=\"wp-block-heading\"><span class=\"ez-toc-section\" id=\"Leer_mensajes_de_una_sola_vez\"><\/span>Leer mensajes de una sola vez<span class=\"ez-toc-section-end\"><\/span><\/h3>\n\n\n\n<p>Primero, hazte amigo del bot (encuentra @junction_bot a trav\u00e9s de la b\u00fasqueda de Telegram o haz clic <a href=\"https:\/\/t.me\/junction_bot\">aqu\u00ed<\/a>).<\/p>\n\n\n\n<ol class=\"wp-block-list\">\n<li>Env\u00eda @nombre_canal o un enlace de invitaci\u00f3n del canal que quieres a\u00f1adir, al bot.<\/li>\n\n\n\n<li>Si no est\u00e1s seguro del nombre del canal, utiliza el modo inline: introduce mi nombre en el chat &#8211; @junction_bot, luego espacio y a continuaci\u00f3n cualquier cosa que est\u00e9s buscando (por ejemplo, <code>@junction_bot bitcoin<\/code>). Te mostrar\u00e9 todos los canales que conozco que contienen esta palabra en nombres, t\u00edtulos o descripciones.<\/li>\n<\/ol>\n\n\n\n<p>No es <strong>necesario ser miembro de este canal<\/strong>.<\/p>\n\n\n\n<p>Vea lo que puede hacer con su suscripci\u00f3n <a href=\"\/es\/ajustes-y-funciones\/\">aqu\u00ed<\/a>.<\/p>\n\n\n\n<h3 class=\"wp-block-heading\"><span class=\"ez-toc-section\" id=\"Leer_mensajes_en_varios_feeds\"><\/span>Leer mensajes en varios feeds<span class=\"ez-toc-section-end\"><\/span><\/h3>\n\n\n\n<p>A veces resulta m\u00e1s c\u00f3modo agrupar los mensajes entrantes en varios feeds. Puedes personalizar tus feeds de forma flexible utilizando, por ejemplo, <a href=\"\/filtering\/\">reglas de filtrado<\/a> y puedes ponerles diferentes t\u00edtulos e im\u00e1genes.<\/p>\n\n\n\n<p>Para crear varios feeds:<br><strong>1.<\/strong> Crea un chat e invita a @junction_bot al mismo como administrador. No debe haber m\u00e1s usuarios ni bots que t\u00fa. A este chat lo llamamos <strong>chat de servicio<\/strong> (un chat en el que s\u00f3lo est\u00e1is t\u00fa y el bot).<\/p>\n\n\n\n<p>\u00bfNo funciona? Algunos clientes de Telegram no te permiten crear un chat vac\u00edo con el bot. Utilice la siguiente soluci\u00f3n:<br>a) crear un chat y a\u00f1adir a \u00e9l a cualquier persona<br>b) destituir a esta persona<br>c) a\u00f1adir @junction_bot a los miembros<br>\u00a1Mantenga exactamente este orden!<\/p>\n\n\n\n<p><strong>2.<\/strong> Ahora puedes gestionar tus suscripciones (consulta la lista de comandos <a href=\"#Commands\">aqu\u00ed<\/a>) y el propio feed. Puedes cambiar el nombre y la foto del chat, aplicar <a href=\"\/filtering\/\">filtros<\/a>, etc.<\/p>\n\n\n\n<p>Para ver todos tus chats de servicio utiliza el comando \/subs (antes \/list).  <\/p>\n\n\n\n<p>Las suscripciones que se leen en un chat de servicio deben gestionarse en ese chat (no en el chat principal con @junction_bot). El n\u00famero de suscripciones activas es igual a la suma de las suscripciones en el chat principal con el bot con todas las suscripciones activas de los chats de servicio.<\/p>\n\n\n\n<p>PD: En estos feeds no puedes usar mensajes reenviados para suscribirte a canales. Utilice el comando \/join@junction_bot @nombre_canal<\/p>\n\n\n\n<h3 class=\"wp-block-heading\"><span class=\"ez-toc-section\" id=\"Buscar_canales\"><\/span>Buscar canales<span class=\"ez-toc-section-end\"><\/span><\/h3>\n\n\n\n<p><strong>Encontrar nuevos canales <\/strong>&#8211; Junction bot tiene una funci\u00f3n para encontrar canales similares a los de tu suscripci\u00f3n actual. Utilice el comando <span class=\"cool-title\">\/find<\/span> para ello.<\/p>\n\n\n\n<p><strong>Busca canales por palabra<\/strong> &#8211; utiliza el modo en l\u00ednea: en el chat con el bot Junction introduce su nombre (@junction_bot), luego espacio y a continuaci\u00f3n lo que est\u00e9s buscando.  <\/p>\n\n\n\n<pre class=\"wp-block-preformatted\">Ejemplo: <code>@junction_bot bitcoin<\/code> - te mostrar\u00e1 una lista de canales que tengan la palabra \"bitcoin\" en su nombre, t\u00edtulo o descripci\u00f3n.<\/pre>\n\n\n\n<h3 class=\"wp-block-heading\"><span class=\"ez-toc-section\" id=\"Limites\"><\/span>L\u00edmites<span class=\"ez-toc-section-end\"><\/span><\/h3>\n\n\n\n<p>Empiezas Junction bot con una demo con el l\u00edmite de 100 suscripciones. Una cuenta gratuita tiene un l\u00edmite de 7 suscripciones. <a href=\"\/es\/elegir-el-tipo-de-cuenta-adecuado\/\">Aqu\u00ed<\/a> encontrar\u00e1 m\u00e1s informaci\u00f3n sobre los distintos tipos de cuentas.<\/p>\n\n\n\n<pre class=\"wp-block-preformatted\"><mark style=\"background-color:rgba(0, 0, 0, 0)\" class=\"has-inline-color has-very-dark-gray-color\"><h3><span class=\"ez-toc-section\" id=\"Comandos\"><\/span>Comandos<span class=\"ez-toc-section-end\"><\/span><\/h3><\/mark><span class=\"cool-title\">\/join<\/span> - suscribirse a un canal.\nFormato:  <code>\/join <a data-type=\"URL\" data-id=\"\/settings-and-features\/#Referencing_a_source_channel\" href=\"\/es\/ajustes-y-funciones\/#Referencing_a_source_channel\">channel_reference<\/a><\/code>\nEx.  <code>\/join @cool_channel<\/code> \nO  <code>\/join https:\/\/t.me\/joinchat\/BzNPNEIpr5UluNgf7ahmdw<\/code>\n\n<span class=\"cool-title\">\/leave<\/span> - darse de baja de un canal.\nFormato:  <code>\/leave <a data-type=\"URL\" data-id=\"\/settings-and-features\/#Referencing_a_source_channel\" href=\"\/es\/ajustes-y-funciones\/#Referencing_a_source_channel\">channel_reference<\/a><\/code>\nEx.  <code>\/leave <code>@cool_channel<\/code><\/code> \nO  <code>\/leave <code>https:\/\/t.me\/joinchat\/BzNPNEIpr5UluNgf7ahmdw<\/code><\/code>\n\n<span class=\"cool-title\">\/leaveall<\/span> - abandona todos los canales.\n\n<span class=\"cool-title\">\/disable<\/span> - deja de recibir mensajes de un canal.\nFormato:  <code>\/disable <a data-type=\"URL\" data-id=\"\/settings-and-features\/#Referencing_a_source_channel\" href=\"\/es\/ajustes-y-funciones\/#Referencing_a_source_channel\">channel_reference<\/a><\/code>\nEx.  <code>\/disable https:\/\/t.me\/cool_channel<\/code>\n\n<span class=\"cool-title\">\/enable<\/span> - empieza a recibir mensajes de un canal.\nFormato:  <code>\/enable <a data-type=\"URL\" data-id=\"\/settings-and-features\/#Referencing_a_source_channel\" href=\"\/es\/ajustes-y-funciones\/#Referencing_a_source_channel\">channel_reference<\/a><\/code>\nEx.  <code>\/enable https:\/\/t.me\/cool_channel<\/code>\n\n<span class=\"cool-title\">\/enableall<\/span> - empieza a recibir mensajes de todos los canales a los que est\u00e1s suscrito.\n\n<span class=\"cool-title\">\/disableall<\/span> - deja de recibir mensajes de todos los canales a los que est\u00e1s suscrito.\n\n<span class=\"cool-title\">\/subs<\/span> (o el bot\u00f3n de men\u00fa correspondiente) - muestra las suscripciones actuales. Las suscripciones est\u00e1n marcadas con \"+\" o \"-\", lo que significa que est\u00e1n activas o desactivadas seg\u00fan corresponda.\n\n<span class=\"cool-title\">\/find<\/span> - encuentra canales similares a los de tu suscripci\u00f3n actual.<\/pre>\n\n\n\n<p>???????? Puedes leer m\u00e1s sobre las caracter\u00edsticas del bot <a href=\"\/filtering\/\">aqu\u00ed<\/a>.<\/p>\n\n\n\n<h3 class=\"wp-block-heading\"><span class=\"ez-toc-section\" id=\"Reducir_los_retrasos\"><\/span>Reducir los retrasos<span class=\"ez-toc-section-end\"><\/span><\/h3>\n\n\n\n<p>Para los canales p\u00fablicos en una cuenta Est\u00e1ndar, la entrega de mensajes puede tardar hasta 1 hora. La entrega desde los canales privados suele ser instant\u00e1nea, pero rara vez, de vez en cuando, puede saltar hasta los 10-20 minutos.<\/p>\n\n\n\n<p>Si tu canal de origen es completamente nuevo en el sistema y tenemos una carga elevada, el bot puede tardar un poco en empezar a recibir mensajes de \u00e9l. Por favor, av\u00edsenos si tarda m\u00e1s de un d\u00eda.<\/p>\n\n\n\n<p>Estamos proporcionando un servicio para acelerar la entrega desde un canal p\u00fablico, por lo que tardar\u00e1 varios segundos. Este servicio cuesta 1,20 euros al mes por canal. Puedes activar\/desactivar la aceleraci\u00f3n cuando quieras con el comando <code>\/express<\/code>.<\/p>\n\n\n\n<p>Otra forma de que la entrega sea instant\u00e1nea es utilizar la <a href=\"\/direct-connection\/\">Conexi\u00f3n Directa<\/a>. Todos los mensajes de la conexi\u00f3n directa llegan al instante.<\/p>\n\n\n\n<p>Si est\u00e1 interesado en uno de estos servicios, consulte <a href=\"\/es\/pago\/#Buying_an_Extra_Package\">aqu\u00ed<\/a> m\u00e1s informaci\u00f3n sobre c\u00f3mo adquirirlos.<\/p>\n\n\n\n<h3 class=\"wp-block-heading\"><span class=\"ez-toc-section\" id=\"Estado_%E2%80%9CPendiente\"><\/span>Estado &#8220;Pendiente<span class=\"ez-toc-section-end\"><\/span><\/h3>\n\n\n\n<p>Si tu canal de origen es completamente nuevo en el sistema y tenemos una carga elevada, el bot puede tardar un poco en empezar a recibir mensajes de \u00e9l.<\/p>\n\n\n\n<p>Si usando el comando <span class=\"cool-title\">\/list<\/span> ves canales marcados con PENDING, significa que estos canales est\u00e1n esperando a ser conectados al bot. Espere entre 10 y 30 minutos y empezar\u00e1n a llegar los mensajes.<\/p>\n\n\n\n<p>Por favor, av\u00edsenos si tarda m\u00e1s de un d\u00eda.<\/p>\n\n\n\n<h3 class=\"wp-block-heading\"><span class=\"ez-toc-section\" id=\"Eliminar_todas_las_suscripciones\"><\/span>Eliminar todas las suscripciones<span class=\"ez-toc-section-end\"><\/span><\/h3>\n\n\n\n<p>Todas las suscripciones al chat actual pueden eliminarse con el comando<br><code>\/leaveall<\/code><\/p>\n\n\n\n<p>A veces es necesario eliminar suscripciones a un chat de servicio que ya no est\u00e1 disponible. A continuaci\u00f3n, utilice <code>\/leaveall<\/code> con el n\u00famero de chat como argumento. Por ejemplo:<br><code>\/leaveall 123456789<\/code><\/p>\n\n\n\n<h3 class=\"wp-block-heading\"><span class=\"ez-toc-section\" id=\"Si_necesita_mas_de_100_suscripciones\"><\/span>Si necesita m\u00e1s de 100 suscripciones<span class=\"ez-toc-section-end\"><\/span><\/h3>\n\n\n\n<p>Para conseguir m\u00e1s de 100 suscripciones necesitas crear un chat sin servicio con el bot. Se considerar\u00e1 una cuenta separada y, en consecuencia, tendr\u00e1 l\u00edmites independientes. Si adquiere una cuenta est\u00e1ndar en este chat, podr\u00e1 crear otras 100 suscripciones en ella.  <\/p>\n\n\n\n<p>Para crear un chat de no-servicio, basta con a\u00f1adir a alguien m\u00e1s al chat aparte de ti mismo y <a data-type=\"URL\" data-id=\"https:\/\/t.me\/junction_bot\" href=\"https:\/\/t.me\/junction_bot\">@junction_bot<\/a>: otro usuario o un bot. Despu\u00e9s, puede comprobar que el chat se ha convertido en un chat sin servicio con el comando <code>\/account<\/code>. Cuando vea que el chat se ha convertido en un chat de no servicio, puede eliminar del mismo a los participantes innecesarios.<\/p>\n","protected":false},"excerpt":{"rendered":"<p>Suscripciones Con Junction bot puedes suscribirte para leer canales y grupos &#8211; esto es lo que llamamos una suscripci\u00f3n. Puede leer varias fuentes como un solo feed. Pero no significa &#8220;uno&#8221; literalmente. Puede crear tantos feeds como desee. Por ejemplo, para agrupar distintas fuentes por temas (feed con tus blogueros favoritos, feed con noticias sobre [&hellip;]<\/p>\n","protected":false},"author":1,"featured_media":0,"parent":0,"menu_order":0,"comment_status":"closed","ping_status":"closed","template":"","meta":{"nf_dc_page":"","_monsterinsights_skip_tracking":false,"_monsterinsights_sitenote_active":false,"_monsterinsights_sitenote_note":"","_monsterinsights_sitenote_category":0,"ocean_post_layout":"","ocean_both_sidebars_style":"","ocean_both_sidebars_content_width":0,"ocean_both_sidebars_sidebars_width":0,"ocean_sidebar":"0","ocean_second_sidebar":"0","ocean_disable_margins":"enable","ocean_add_body_class":"","ocean_shortcode_before_top_bar":"","ocean_shortcode_after_top_bar":"","ocean_shortcode_before_header":"","ocean_shortcode_after_header":"","ocean_has_shortcode":"","ocean_shortcode_after_title":"","ocean_shortcode_before_footer_widgets":"","ocean_shortcode_after_footer_widgets":"","ocean_shortcode_before_footer_bottom":"","ocean_shortcode_after_footer_bottom":"","ocean_display_top_bar":"default","ocean_display_header":"default","ocean_header_style":"","ocean_center_header_left_menu":"0","ocean_custom_header_template":"0","ocean_custom_logo":0,"ocean_custom_retina_logo":0,"ocean_custom_logo_max_width":0,"ocean_custom_logo_tablet_max_width":0,"ocean_custom_logo_mobile_max_width":0,"ocean_custom_logo_max_height":0,"ocean_custom_logo_tablet_max_height":0,"ocean_custom_logo_mobile_max_height":0,"ocean_header_custom_menu":"0","ocean_menu_typo_font_family":"0","ocean_menu_typo_font_subset":"","ocean_menu_typo_font_size":0,"ocean_menu_typo_font_size_tablet":0,"ocean_menu_typo_font_size_mobile":0,"ocean_menu_typo_font_size_unit":"px","ocean_menu_typo_font_weight":"","ocean_menu_typo_font_weight_tablet":"","ocean_menu_typo_font_weight_mobile":"","ocean_menu_typo_transform":"","ocean_menu_typo_transform_tablet":"","ocean_menu_typo_transform_mobile":"","ocean_menu_typo_line_height":0,"ocean_menu_typo_line_height_tablet":0,"ocean_menu_typo_line_height_mobile":0,"ocean_menu_typo_line_height_unit":"","ocean_menu_typo_spacing":0,"ocean_menu_typo_spacing_tablet":0,"ocean_menu_typo_spacing_mobile":0,"ocean_menu_typo_spacing_unit":"","ocean_menu_link_color":"","ocean_menu_link_color_hover":"","ocean_menu_link_color_active":"","ocean_menu_link_background":"","ocean_menu_link_hover_background":"","ocean_menu_link_active_background":"","ocean_menu_social_links_bg":"","ocean_menu_social_hover_links_bg":"","ocean_menu_social_links_color":"","ocean_menu_social_hover_links_color":"","ocean_disable_title":"default","ocean_disable_heading":"default","ocean_post_title":"","ocean_post_subheading":"","ocean_post_title_style":"","ocean_post_title_background_color":"","ocean_post_title_background":0,"ocean_post_title_bg_image_position":"","ocean_post_title_bg_image_attachment":"","ocean_post_title_bg_image_repeat":"","ocean_post_title_bg_image_size":"","ocean_post_title_height":0,"ocean_post_title_bg_overlay":0.5,"ocean_post_title_bg_overlay_color":"","ocean_disable_breadcrumbs":"default","ocean_breadcrumbs_color":"","ocean_breadcrumbs_separator_color":"","ocean_breadcrumbs_links_color":"","ocean_breadcrumbs_links_hover_color":"","ocean_display_footer_widgets":"default","ocean_display_footer_bottom":"default","ocean_custom_footer_template":"0","footnotes":""},"class_list":["post-3800","page","type-page","status-publish","hentry","entry"],"yoast_head":"<!-- This site is optimized with the Yoast SEO plugin v26.9 - https:\/\/yoast.com\/product\/yoast-seo-wordpress\/ -->\n<title>Junction Bot - Suscripciones<\/title>\n<meta name=\"description\" content=\"Lee tus canales y grupos favoritos de Telegram en un solo feed (o crea varios feeds personalizados).\" \/>\n<meta name=\"robots\" content=\"index, follow, max-snippet:-1, max-image-preview:large, max-video-preview:-1\" \/>\n<link rel=\"canonical\" href=\"https:\/\/old.junctionbot.io\/es\/suscripciones\/\" \/>\n<meta property=\"og:locale\" content=\"es_ES\" \/>\n<meta property=\"og:type\" content=\"article\" \/>\n<meta property=\"og:title\" content=\"Junction Bot - Suscripciones\" \/>\n<meta property=\"og:description\" content=\"Lee tus canales y grupos favoritos de Telegram en un solo feed (o crea varios feeds personalizados).\" \/>\n<meta property=\"og:url\" content=\"https:\/\/old.junctionbot.io\/es\/suscripciones\/\" \/>\n<meta property=\"og:site_name\" content=\"Junction Bot\" \/>\n<meta property=\"article:modified_time\" content=\"2023-11-30T10:34:08+00:00\" \/>\n<meta name=\"twitter:card\" content=\"summary_large_image\" \/>\n<meta name=\"twitter:label1\" content=\"Tiempo de lectura\" \/>\n\t<meta name=\"twitter:data1\" content=\"5 minutos\" \/>\n<script type=\"application\/ld+json\" class=\"yoast-schema-graph\">{\"@context\":\"https:\/\/schema.org\",\"@graph\":[{\"@type\":\"WebPage\",\"@id\":\"https:\/\/old.junctionbot.io\/es\/suscripciones\/\",\"url\":\"https:\/\/old.junctionbot.io\/es\/suscripciones\/\",\"name\":\"Junction Bot - Suscripciones\",\"isPartOf\":{\"@id\":\"https:\/\/junctionbot.io\/#website\"},\"datePublished\":\"2020-04-17T09:29:29+00:00\",\"dateModified\":\"2023-11-30T10:34:08+00:00\",\"description\":\"Lee tus canales y grupos favoritos de Telegram en un solo feed (o crea varios feeds personalizados).\",\"breadcrumb\":{\"@id\":\"https:\/\/old.junctionbot.io\/es\/suscripciones\/#breadcrumb\"},\"inLanguage\":\"es\",\"potentialAction\":[{\"@type\":\"ReadAction\",\"target\":[\"https:\/\/old.junctionbot.io\/es\/suscripciones\/\"]}]},{\"@type\":\"BreadcrumbList\",\"@id\":\"https:\/\/old.junctionbot.io\/es\/suscripciones\/#breadcrumb\",\"itemListElement\":[{\"@type\":\"ListItem\",\"position\":1,\"name\":\"Home\",\"item\":\"https:\/\/junctionbot.io\/es\/\"},{\"@type\":\"ListItem\",\"position\":2,\"name\":\"Suscripciones\"}]},{\"@type\":\"WebSite\",\"@id\":\"https:\/\/junctionbot.io\/#website\",\"url\":\"https:\/\/junctionbot.io\/\",\"name\":\"Junction Bot\",\"description\":\"Copia autom\u00e1tica hacia adelante, transformaci\u00f3n y traducci\u00f3n de canales de Telegram, grupos y bots\",\"publisher\":{\"@id\":\"https:\/\/junctionbot.io\/#organization\"},\"potentialAction\":[{\"@type\":\"SearchAction\",\"target\":{\"@type\":\"EntryPoint\",\"urlTemplate\":\"https:\/\/junctionbot.io\/?s={search_term_string}\"},\"query-input\":{\"@type\":\"PropertyValueSpecification\",\"valueRequired\":true,\"valueName\":\"search_term_string\"}}],\"inLanguage\":\"es\"},{\"@type\":\"Organization\",\"@id\":\"https:\/\/junctionbot.io\/#organization\",\"name\":\"Junction Bot\",\"url\":\"https:\/\/junctionbot.io\/\",\"logo\":{\"@type\":\"ImageObject\",\"inLanguage\":\"es\",\"@id\":\"https:\/\/junctionbot.io\/#\/schema\/logo\/image\/\",\"url\":\"\/wp-content\/uploads\/2020\/06\/junc_logo-400.jpg\",\"contentUrl\":\"\/wp-content\/uploads\/2020\/06\/junc_logo-400.jpg\",\"width\":400,\"height\":400,\"caption\":\"Junction Bot\"},\"image\":{\"@id\":\"https:\/\/junctionbot.io\/#\/schema\/logo\/image\/\"}}]}<\/script>\n<!-- \/ Yoast SEO plugin. -->","yoast_head_json":{"title":"Junction Bot - Suscripciones","description":"Lee tus canales y grupos favoritos de Telegram en un solo feed (o crea varios feeds personalizados).","robots":{"index":"index","follow":"follow","max-snippet":"max-snippet:-1","max-image-preview":"max-image-preview:large","max-video-preview":"max-video-preview:-1"},"canonical":"https:\/\/old.junctionbot.io\/es\/suscripciones\/","og_locale":"es_ES","og_type":"article","og_title":"Junction Bot - Suscripciones","og_description":"Lee tus canales y grupos favoritos de Telegram en un solo feed (o crea varios feeds personalizados).","og_url":"https:\/\/old.junctionbot.io\/es\/suscripciones\/","og_site_name":"Junction Bot","article_modified_time":"2023-11-30T10:34:08+00:00","twitter_card":"summary_large_image","twitter_misc":{"Tiempo de lectura":"5 minutos"},"schema":{"@context":"https:\/\/schema.org","@graph":[{"@type":"WebPage","@id":"https:\/\/old.junctionbot.io\/es\/suscripciones\/","url":"https:\/\/old.junctionbot.io\/es\/suscripciones\/","name":"Junction Bot - Suscripciones","isPartOf":{"@id":"https:\/\/junctionbot.io\/#website"},"datePublished":"2020-04-17T09:29:29+00:00","dateModified":"2023-11-30T10:34:08+00:00","description":"Lee tus canales y grupos favoritos de Telegram en un solo feed (o crea varios feeds personalizados).","breadcrumb":{"@id":"https:\/\/old.junctionbot.io\/es\/suscripciones\/#breadcrumb"},"inLanguage":"es","potentialAction":[{"@type":"ReadAction","target":["https:\/\/old.junctionbot.io\/es\/suscripciones\/"]}]},{"@type":"BreadcrumbList","@id":"https:\/\/old.junctionbot.io\/es\/suscripciones\/#breadcrumb","itemListElement":[{"@type":"ListItem","position":1,"name":"Home","item":"https:\/\/junctionbot.io\/es\/"},{"@type":"ListItem","position":2,"name":"Suscripciones"}]},{"@type":"WebSite","@id":"https:\/\/junctionbot.io\/#website","url":"https:\/\/junctionbot.io\/","name":"Junction Bot","description":"Copia autom\u00e1tica hacia adelante, transformaci\u00f3n y traducci\u00f3n de canales de Telegram, grupos y bots","publisher":{"@id":"https:\/\/junctionbot.io\/#organization"},"potentialAction":[{"@type":"SearchAction","target":{"@type":"EntryPoint","urlTemplate":"https:\/\/junctionbot.io\/?s={search_term_string}"},"query-input":{"@type":"PropertyValueSpecification","valueRequired":true,"valueName":"search_term_string"}}],"inLanguage":"es"},{"@type":"Organization","@id":"https:\/\/junctionbot.io\/#organization","name":"Junction Bot","url":"https:\/\/junctionbot.io\/","logo":{"@type":"ImageObject","inLanguage":"es","@id":"https:\/\/junctionbot.io\/#\/schema\/logo\/image\/","url":"\/wp-content\/uploads\/2020\/06\/junc_logo-400.jpg","contentUrl":"\/wp-content\/uploads\/2020\/06\/junc_logo-400.jpg","width":400,"height":400,"caption":"Junction Bot"},"image":{"@id":"https:\/\/junctionbot.io\/#\/schema\/logo\/image\/"}}]}},"_links":{"self":[{"href":"https:\/\/old.junctionbot.io\/es\/wp-json\/wp\/v2\/pages\/3800","targetHints":{"allow":["GET"]}}],"collection":[{"href":"https:\/\/old.junctionbot.io\/es\/wp-json\/wp\/v2\/pages"}],"about":[{"href":"https:\/\/old.junctionbot.io\/es\/wp-json\/wp\/v2\/types\/page"}],"author":[{"embeddable":true,"href":"https:\/\/old.junctionbot.io\/es\/wp-json\/wp\/v2\/users\/1"}],"replies":[{"embeddable":true,"href":"https:\/\/old.junctionbot.io\/es\/wp-json\/wp\/v2\/comments?post=3800"}],"version-history":[{"count":2,"href":"https:\/\/old.junctionbot.io\/es\/wp-json\/wp\/v2\/pages\/3800\/revisions"}],"predecessor-version":[{"id":3862,"href":"https:\/\/old.junctionbot.io\/es\/wp-json\/wp\/v2\/pages\/3800\/revisions\/3862"}],"wp:attachment":[{"href":"https:\/\/old.junctionbot.io\/es\/wp-json\/wp\/v2\/media?parent=3800"}],"curies":[{"name":"wp","href":"https:\/\/api.w.org\/{rel}","templated":true}]}}