{"id":3801,"date":"2020-04-16T16:31:49","date_gmt":"2020-04-16T14:31:49","guid":{"rendered":"https:\/\/docs.junction.space\/pago\/"},"modified":"2023-11-28T17:58:31","modified_gmt":"2023-11-28T15:58:31","slug":"pago","status":"publish","type":"page","link":"https:\/\/old.junctionbot.io\/es\/pago\/","title":{"rendered":"Pago"},"content":{"rendered":"\n<h2 class=\"wp-block-heading\" id=\"payment\">Pago<\/h2>\n\n<h3 class=\"wp-block-heading\" id=\"what-do-you-pay-for\">\u00bfPor qu\u00e9 pagas?<\/h3>\n\n<p>La funcionalidad b\u00e1sica del bot es gratuita. Tambi\u00e9n disponemos de 2 planes de pago (Cuenta Est\u00e1ndar y Conexi\u00f3n Directa) y Paquetes Extra. Consulte <a href=\"\/es\/elegir-el-tipo-de-cuenta-adecuado\/\">aqu\u00ed<\/a> su comparaci\u00f3n y precios.<\/p>\n\n<h3 class=\"wp-block-heading\" id=\"payment-methods\">Formas de pago<\/h3>\n\n<p>Aceptamos:<\/p>\n\n<ul class=\"wp-block-list\">\n<li>Tarjetas bancarias<\/li>\n\n\n\n<li>PayPal<\/li>\n\n\n\n<li>QIWI<\/li>\n\n\n\n<li>YooMoney<\/li>\n\n\n\n<li>GPay<\/li>\n\n\n\n<li>USDT (TRC20)<\/li>\n<\/ul>\n\n<h3 class=\"wp-block-heading\" id=\"buying-a-standard-account\">Adquirir una cuenta Standard<\/h3>\n\n<p>Para adquirir una cuenta <a href=\"\/es\/elegir-el-tipo-de-cuenta-adecuado\/\">Est\u00e1ndar<\/a> utilice el comando <span class=\"cool-title\">\/powerup<\/span>. El bot te enviar\u00e1 enlaces de pago. Cuanto m\u00e1s larga sea la suscripci\u00f3n, mayor ser\u00e1 el descuento.  <\/p>\n\n<p>Puede activar los pagos autom\u00e1ticos. El bot cargar\u00e1 autom\u00e1ticamente el dinero de tu tarjeta 3 d\u00edas antes del vencimiento del pago en curso.<\/p>\n\n<p>Siempre puede comprobar el estado de su cuenta, la fecha del siguiente pago y gestionar su pago autom\u00e1tico con el comando <code>\/account<\/code>.<\/p>\n\n<h3 class=\"wp-block-heading\">Pagar una cuenta Standard con criptomoneda<\/h3>\n\n<p>Para comprar una cuenta Est\u00e1ndar usando criptodivisas, primero necesitas reponer tu pro-balance en el bot (comando <code>\/poweruppro<\/code>) y luego activar la cuenta est\u00e1ndar con el comando <code>\/account <\/code>y el bot\u00f3n correspondiente. El precio de la cuenta est\u00e1ndar se deducir\u00e1 del saldo a favor.<\/p>\n\n<h3 class=\"wp-block-heading\" id=\"buying-a-direct-connection\">Comprar una conexi\u00f3n directa<\/h3>\n\n<p>Para comprar la cuenta de Conexi\u00f3n Directa utilice el comando <span class=\"cool-title\">\/poweruppro<\/span>. \u00a1No lo confundas con el comando <code>\/powerup<\/code>!<\/p>\n\n<p><a href=\"\/direct-connection\/#How_to_connect\">Instrucciones sobre c\u00f3mo pagar<\/a>.<\/p>\n\n<p>Siempre puede comprobar el estado de su cuenta, la fecha del pr\u00f3ximo pago y gestionar su pago autom\u00e1tico con el comando <span class=\"cool-title\">\/account<\/span>.<\/p>\n\n<h3 class=\"wp-block-heading\" id=\"buying-an-extra-package\">Comprar un paquete adicional<\/h3>\n\n<h4 class=\"wp-block-heading\" id=\"1-use-the-poweruppro-command\"><strong>1. Utilice el comando \/poweruppro<\/strong><\/h4>\n\n<p>Al pagar con <code>\/poweruppro<\/code> usted pone su dinero a su llamado saldo a favor. Cuando se active el paquete, el importe correspondiente se descontar\u00e1 de este saldo.<\/p>\n\n<p>Por favor, no lo confundas con el comando <code>\/powerup<\/code>.<\/p>\n\n<pre class=\"wp-block-preformatted\"><span class=\"cool-title\">\/poweruppro<\/span> - comprar un servicio (recargar monedero)\nFormato:  <code>\/poweruppro top up amount (in euro)<\/code>\nEjemplo: <code>\/poweruppro 12<\/code> - pague 12 euros\n         <code>\/poweruppro 1.6<\/code>  - pague 1,60 euros<\/pre>\n\n<p><a href=\"\/es\/elegir-el-tipo-de-cuenta-adecuado\/#Extra_packages\">La lista y los precios de todos los Paquetes Extra<\/a>.<\/p>\n\n<h4 class=\"wp-block-heading\" id=\"2-follow-the-link-to-the-payment-page-on-our-website\">2. Siga el enlace a la p\u00e1gina de pagos de nuestro sitio web<\/h4>\n\n<p>Elige una de las opciones:<\/p>\n\n<ul class=\"wp-block-list\">\n<li>hacer un<strong> pago \u00fanico<\/strong>.<\/li>\n\n\n\n<li>fijar un <strong>pago peri\u00f3dico<\/strong>. Posteriormente este pago se repetir\u00e1 3 d\u00edas antes del vencimiento del pago en curso. Siempre puedes desactivar el pago autom\u00e1tico en la configuraci\u00f3n de tu \/cuenta.<\/li>\n<\/ul>\n\n<h4 class=\"wp-block-heading\" id=\"3-activate-it-with-the-command-account\">3. Act\u00edvela con el comando \/account<\/h4>\n\n<p>Utilice el comando \/account y el bot\u00f3n correspondiente para activar su paquete adicional.<\/p>\n\n<p>Adem\u00e1s, con el comando \/account siempre puedes comprobar el estado de tu cuenta, la fecha del siguiente pago y gestionar tu pago autom\u00e1tico.<\/p>\n\n<h3 class=\"wp-block-heading\">Sistema de primas<\/h3>\n\n<p>Si recargas tu saldo profesional con una cantidad determinada, obtendr\u00e1s una bonificaci\u00f3n:<br\/>Si pagas 32 euros, obtienes una bonificaci\u00f3n de 4 euros, por lo que recibes 36 euros en tu cuenta.<br\/>Si pagas 98 euros, obtienes una bonificaci\u00f3n de 46 euros, por lo que recibes 144 euros en tu cuenta.<\/p>\n\n<p>Se puede decir que obtienes el siguiente sistema de descuento: si pagas 3 meses de una vez, el coste ser\u00e1 de 32 euros; si pagas 1 a\u00f1o, el coste ser\u00e1 de 98 euros. Por ejemplo, para comprar una conexi\u00f3n directa durante 12 meses basta con recargar con <code>\/poweruppro 98<\/code>. Se abonar\u00e1n 144 euros en su cuenta (= 12 meses x 12 euros).<\/p>\n\n<p>La conexi\u00f3n directa cuesta siempre 12 euros. Los descuentos s\u00f3lo se aplican a trav\u00e9s de las bonificaciones durante la recarga.<\/p>\n\n<h3 class=\"wp-block-heading\" id=\"automatic-payments\">Pagos autom\u00e1ticos<\/h3>\n\n<p>Puede activar los pagos autom\u00e1ticos. El bot cargar\u00e1 autom\u00e1ticamente el dinero de tu tarjeta 3 d\u00edas antes del vencimiento del pago en curso.<\/p>\n\n<p>Los pagos autom\u00e1ticos s\u00f3lo est\u00e1n disponibles para tarjetas bancarias.<\/p>\n\n<h3 class=\"wp-block-heading\" id=\"faq\">PREGUNTAS FRECUENTES<\/h3>\n<style>\/* Align permalink to the right, make it smaller *\/\n.ufaq-permalink {\ntext-align:right;\n}\n\n.ufaq-permalink {\nmargin:-20px 0 0;\n}\n\n.ufaq-permalink > a {\nfont-size:12px;\n}\n\n\/* ExpandAll align right and hide arrows *\/\n.ewd-ufaq-expand-collapse-div {\ntext-align:right;\n}\n\n.ewd-ufaq-toggle-all-symbol {\ndisplay:none;\n}\n\n.ufaq-faq-title .ewd-ufaq-post-margin-symbol span {\nmargin:4px auto 0;\n}<\/style><div  class=\"ewd-ufaq-faq-list ewd-ufaq-page-type-load_more ewd-ufaq-category-tabs-\" id='ewd-ufaq-faq-list'>\n\n\t<input type='hidden' name='show_on_load' value='' id='ewd-ufaq-show-on-load' \/>\n<input type='hidden' name='include_category' value='\u2019payment\u2019' id='ewd-ufaq-include-category' \/>\n<input type='hidden' name='exclude_category' value='' id='ewd-ufaq-exclude-category' \/>\n<input type='hidden' name='orderby' value='date' id='ewd-ufaq-orderby' \/>\n<input type='hidden' name='order' value='asc' id='ewd-ufaq-order' \/>\n<input type='hidden' name='post_count' value='-1' id='ewd-ufaq-post-count' \/>\n<input type='hidden' name='current_url' value='\/es\/wp-json\/wp\/v2\/pages\/3801' id='ewd-ufaq-current-url' \/>\n\t<div class='ewd-ufaq-expand-collapse-div'>\n\n\t<span class='ewd-ufaq-expand-all ' tabindex=\"0\">\n\t\t<span class='ewd-ufaq-toggle-all-symbol'>c<\/span> \n\t\tExpand All\t<\/span>\n\n\t<span class='ewd-ufaq-collapse-all ewd-ufaq-hidden' tabindex=\"0\">\n\t\t<span class='ewd-ufaq-toggle-all-symbol'>C<\/span>\n\t\tCollapse All\t<\/span>\n\n<\/div>\n\t\n\t<div class='ewd-ufaq-faqs'>\n\n\t\t<div  class=\"ewd-ufaq-faq-div ewd-ufaq-faq-column-count-one ewd-ufaq-faq-responsive-columns- ewd-ufaq-faq-display-style-default ewd-ufaq-can-be-toggled\" id='ewd-ufaq-post-918-9pqRwBN6fA' data-post_id='918'>\n\n\t\t\n\t<div class='ewd-ufaq-faq-title ewd-ufaq-faq-toggle'>\n\t\n\t<a class='ewd-ufaq-post-margin'  href='#' role=\"button\">\n\n\t\t<div class='ewd-ufaq-post-margin-symbol ewd-ufaq-square'>\n\t\t\t<span >a<\/span>\n\t\t<\/div>\n\n\t\t<div class='ewd-ufaq-faq-title-text'>\n\n\t\t\t<h4>\n\t\t\t\tPayment does not work!\t\t\t<\/h4>\n\n\t\t<\/div>\n\n\t\t<div class='ewd-ufaq-clear'><\/div>\n\n\t<\/a>\n\t\n<\/div>\n\t\n\t<div class='ewd-ufaq-faq-body ewd-ufaq-hidden' >\n\n\t\t\n\t\t\t\n\t\t\n\t\t\t<div class='ewd-ufaq-post-margin ewd-ufaq-faq-post'>\n\t\n<p>Try to use both ways: via web site (clicking on the link) and through Telegram. On a web site try both Tinkoff and Yandex gateways. If it does not help please send us a screenshot with an error.<\/p>\n<\/div>\n\t\t\n\t\t\t<div class='ewd-ufaq-faq-custom-fields'>\n\n\t\n<\/div>\n\t\t\n\t\t\t\n\t\t\n\t\t\t\n\t\t\n\t\t\t\n\t\t\n\t\t\t\n\t\t\n\t\t\t<div class='ewd-ufaq-permalink'>\n\t\n\t<a href='https:\/\/old.junctionbot.io\/es\/ufaqs\/is-there-any-discount-for-a-direct-connection-service\/?Display_FAQ=918'>\n\t\t\n\t\tPermalink\t\t\t\n\t<\/a>\n\n<\/div>\n\t\t\n\t\t\t\n\t\t\n\t\t\t\n\t\t\n\t<\/div>\n\n<\/div><div  class=\"ewd-ufaq-faq-div ewd-ufaq-faq-column-count-one ewd-ufaq-faq-responsive-columns- ewd-ufaq-faq-display-style-default ewd-ufaq-can-be-toggled\" id='ewd-ufaq-post-924-4U4QrnNCl2' data-post_id='924'>\n\n\t\t\n\t<div class='ewd-ufaq-faq-title ewd-ufaq-faq-toggle'>\n\t\n\t<a class='ewd-ufaq-post-margin'  href='#' role=\"button\">\n\n\t\t<div class='ewd-ufaq-post-margin-symbol ewd-ufaq-square'>\n\t\t\t<span >a<\/span>\n\t\t<\/div>\n\n\t\t<div class='ewd-ufaq-faq-title-text'>\n\n\t\t\t<h4>\n\t\t\t\tI don&#8217;t have a bank card or my card doesn&#8217;t work in both payment gateways on a web site. How else I can pay? Can I pay with PayPal?\t\t\t<\/h4>\n\n\t\t<\/div>\n\n\t\t<div class='ewd-ufaq-clear'><\/div>\n\n\t<\/a>\n\t\n<\/div>\n\t\n\t<div class='ewd-ufaq-faq-body ewd-ufaq-hidden' >\n\n\t\t\n\t\t\t\n\t\t\n\t\t\t<div class='ewd-ufaq-post-margin ewd-ufaq-faq-post'>\n\t\n<p>No PayPal is not supported. You can pay with bank card, QIWI and Webmoney via website. Also you can pay with cryptocurrency, contact admin for that.<\/p>\n<\/div>\n\t\t\n\t\t\t<div class='ewd-ufaq-faq-custom-fields'>\n\n\t\n<\/div>\n\t\t\n\t\t\t\n\t\t\n\t\t\t\n\t\t\n\t\t\t\n\t\t\n\t\t\t\n\t\t\n\t\t\t<div class='ewd-ufaq-permalink'>\n\t\n\t<a href='https:\/\/old.junctionbot.io\/es\/ufaqs\/is-there-any-discount-for-a-direct-connection-service\/?Display_FAQ=924'>\n\t\t\n\t\tPermalink\t\t\t\n\t<\/a>\n\n<\/div>\n\t\t\n\t\t\t\n\t\t\n\t\t\t\n\t\t\n\t<\/div>\n\n<\/div><div  class=\"ewd-ufaq-faq-div ewd-ufaq-faq-column-count-one ewd-ufaq-faq-responsive-columns- ewd-ufaq-faq-display-style-default ewd-ufaq-can-be-toggled\" id='ewd-ufaq-post-926-aZtwNhBHbp' data-post_id='926'>\n\n\t\t\n\t<div class='ewd-ufaq-faq-title ewd-ufaq-faq-toggle'>\n\t\n\t<a class='ewd-ufaq-post-margin'  href='#' role=\"button\">\n\n\t\t<div class='ewd-ufaq-post-margin-symbol ewd-ufaq-square'>\n\t\t\t<span >a<\/span>\n\t\t<\/div>\n\n\t\t<div class='ewd-ufaq-faq-title-text'>\n\n\t\t\t<h4>\n\t\t\t\tThe bot is free so what should I pay for?\t\t\t<\/h4>\n\n\t\t<\/div>\n\n\t\t<div class='ewd-ufaq-clear'><\/div>\n\n\t<\/a>\n\t\n<\/div>\n\t\n\t<div class='ewd-ufaq-faq-body ewd-ufaq-hidden' >\n\n\t\t\n\t\t\t\n\t\t\n\t\t\t<div class='ewd-ufaq-post-margin ewd-ufaq-faq-post'>\n\t\n<p>First month of usage bot is working in demo-mode with limit equal to 100 channels. After that you get 10 channels for free but for more you need a paid account.<br>So paid account gives you 100 subscriptions, allows you to forward messages from one channel to another and subscribe to up to 5 private channels.<\/p>\n<\/div>\n\t\t\n\t\t\t<div class='ewd-ufaq-faq-custom-fields'>\n\n\t\n<\/div>\n\t\t\n\t\t\t\n\t\t\n\t\t\t\n\t\t\n\t\t\t\n\t\t\n\t\t\t\n\t\t\n\t\t\t<div class='ewd-ufaq-permalink'>\n\t\n\t<a href='https:\/\/old.junctionbot.io\/es\/ufaqs\/is-there-any-discount-for-a-direct-connection-service\/?Display_FAQ=926'>\n\t\t\n\t\tPermalink\t\t\t\n\t<\/a>\n\n<\/div>\n\t\t\n\t\t\t\n\t\t\n\t\t\t\n\t\t\n\t<\/div>\n\n<\/div><div  class=\"ewd-ufaq-faq-div ewd-ufaq-faq-column-count-one ewd-ufaq-faq-responsive-columns- ewd-ufaq-faq-display-style-default ewd-ufaq-can-be-toggled\" id='ewd-ufaq-post-999-VX0VfHOp7e' data-post_id='999'>\n\n\t\t\n\t<div class='ewd-ufaq-faq-title ewd-ufaq-faq-toggle'>\n\t\n\t<a class='ewd-ufaq-post-margin'  href='#' role=\"button\">\n\n\t\t<div class='ewd-ufaq-post-margin-symbol ewd-ufaq-square'>\n\t\t\t<span >a<\/span>\n\t\t<\/div>\n\n\t\t<div class='ewd-ufaq-faq-title-text'>\n\n\t\t\t<h4>\n\t\t\t\tIs there any discount for Direct Connection service?\t\t\t<\/h4>\n\n\t\t<\/div>\n\n\t\t<div class='ewd-ufaq-clear'><\/div>\n\n\t<\/a>\n\t\n<\/div>\n\t\n\t<div class='ewd-ufaq-faq-body ewd-ufaq-hidden' >\n\n\t\t\n\t\t\t\n\t\t\n\t\t\t<div class='ewd-ufaq-post-margin ewd-ufaq-faq-post'>\n\t\n<p>Yes. Please see <a href=\"\/direct-connection\/#Direct_Connection\">here<\/a>.<\/p>\n\n\n\n<p>We also have a promo action: <strong>Invite a friend and he\/she will receive a 50% discount for the first month<\/strong> and <strong>you get \u20ac<\/strong>6<strong> to your pro-account<\/strong>. For details, see <a href=\"\/direct-connection\/#Promo\">here<\/a>. <\/p>\n<\/div>\n\t\t\n\t\t\t<div class='ewd-ufaq-faq-custom-fields'>\n\n\t\n<\/div>\n\t\t\n\t\t\t\n\t\t\n\t\t\t\n\t\t\n\t\t\t\n\t\t\n\t\t\t\n\t\t\n\t\t\t<div class='ewd-ufaq-permalink'>\n\t\n\t<a href='https:\/\/old.junctionbot.io\/es\/ufaqs\/is-there-any-discount-for-a-direct-connection-service\/?Display_FAQ=999'>\n\t\t\n\t\tPermalink\t\t\t\n\t<\/a>\n\n<\/div>\n\t\t\n\t\t\t\n\t\t\n\t\t\t\n\t\t\n\t<\/div>\n\n<\/div>\n\t<\/div>\n\n\t\n<\/div>\n","protected":false},"excerpt":{"rendered":"<p>A Is there any discount for Direct Connection service? Yes. Please see here. We also have a promo action: Invite a friend and he\/she will receive a 50% discount for the first month and you get \u20ac6 to your pro-account. For details, see here. Permalink<\/p>\n","protected":false},"author":1,"featured_media":0,"parent":0,"menu_order":0,"comment_status":"closed","ping_status":"closed","template":"","meta":{"nf_dc_page":"","_monsterinsights_skip_tracking":false,"_monsterinsights_sitenote_active":false,"_monsterinsights_sitenote_note":"","_monsterinsights_sitenote_category":0,"ocean_post_layout":"","ocean_both_sidebars_style":"","ocean_both_sidebars_content_width":0,"ocean_both_sidebars_sidebars_width":0,"ocean_sidebar":"0","ocean_second_sidebar":"0","ocean_disable_margins":"enable","ocean_add_body_class":"","ocean_shortcode_before_top_bar":"","ocean_shortcode_after_top_bar":"","ocean_shortcode_before_header":"","ocean_shortcode_after_header":"","ocean_has_shortcode":"","ocean_shortcode_after_title":"","ocean_shortcode_before_footer_widgets":"","ocean_shortcode_after_footer_widgets":"","ocean_shortcode_before_footer_bottom":"","ocean_shortcode_after_footer_bottom":"","ocean_display_top_bar":"default","ocean_display_header":"default","ocean_header_style":"","ocean_center_header_left_menu":"0","ocean_custom_header_template":"0","ocean_custom_logo":0,"ocean_custom_retina_logo":0,"ocean_custom_logo_max_width":0,"ocean_custom_logo_tablet_max_width":0,"ocean_custom_logo_mobile_max_width":0,"ocean_custom_logo_max_height":0,"ocean_custom_logo_tablet_max_height":0,"ocean_custom_logo_mobile_max_height":0,"ocean_header_custom_menu":"0","ocean_menu_typo_font_family":"0","ocean_menu_typo_font_subset":"","ocean_menu_typo_font_size":0,"ocean_menu_typo_font_size_tablet":0,"ocean_menu_typo_font_size_mobile":0,"ocean_menu_typo_font_size_unit":"px","ocean_menu_typo_font_weight":"","ocean_menu_typo_font_weight_tablet":"","ocean_menu_typo_font_weight_mobile":"","ocean_menu_typo_transform":"","ocean_menu_typo_transform_tablet":"","ocean_menu_typo_transform_mobile":"","ocean_menu_typo_line_height":0,"ocean_menu_typo_line_height_tablet":0,"ocean_menu_typo_line_height_mobile":0,"ocean_menu_typo_line_height_unit":"","ocean_menu_typo_spacing":0,"ocean_menu_typo_spacing_tablet":0,"ocean_menu_typo_spacing_mobile":0,"ocean_menu_typo_spacing_unit":"","ocean_menu_link_color":"","ocean_menu_link_color_hover":"","ocean_menu_link_color_active":"","ocean_menu_link_background":"","ocean_menu_link_hover_background":"","ocean_menu_link_active_background":"","ocean_menu_social_links_bg":"","ocean_menu_social_hover_links_bg":"","ocean_menu_social_links_color":"","ocean_menu_social_hover_links_color":"","ocean_disable_title":"default","ocean_disable_heading":"default","ocean_post_title":"","ocean_post_subheading":"","ocean_post_title_style":"","ocean_post_title_background_color":"","ocean_post_title_background":0,"ocean_post_title_bg_image_position":"","ocean_post_title_bg_image_attachment":"","ocean_post_title_bg_image_repeat":"","ocean_post_title_bg_image_size":"","ocean_post_title_height":0,"ocean_post_title_bg_overlay":0.5,"ocean_post_title_bg_overlay_color":"","ocean_disable_breadcrumbs":"default","ocean_breadcrumbs_color":"","ocean_breadcrumbs_separator_color":"","ocean_breadcrumbs_links_color":"","ocean_breadcrumbs_links_hover_color":"","ocean_display_footer_widgets":"default","ocean_display_footer_bottom":"default","ocean_custom_footer_template":"0","footnotes":""},"class_list":["post-3801","page","type-page","status-publish","hentry","entry"],"yoast_head":"<!-- This site is optimized with the Yoast SEO plugin v26.9 - https:\/\/yoast.com\/product\/yoast-seo-wordpress\/ -->\n<title>Junction Bot - Pago<\/title>\n<meta name=\"robots\" content=\"index, follow, max-snippet:-1, max-image-preview:large, max-video-preview:-1\" \/>\n<link rel=\"canonical\" href=\"https:\/\/old.junctionbot.io\/es\/pago\/\" \/>\n<meta property=\"og:locale\" content=\"es_ES\" \/>\n<meta property=\"og:type\" content=\"article\" \/>\n<meta property=\"og:title\" content=\"Junction Bot - Pago\" \/>\n<meta property=\"og:description\" content=\"A Is there any discount for Direct Connection service? Yes. Please see here. We also have a promo action: Invite a friend and he\/she will receive a 50% discount for the first month and you get \u20ac6 to your pro-account. For details, see here. Permalink\" \/>\n<meta property=\"og:url\" content=\"https:\/\/old.junctionbot.io\/es\/pago\/\" \/>\n<meta property=\"og:site_name\" content=\"Junction Bot\" \/>\n<meta property=\"article:modified_time\" content=\"2023-11-28T15:58:31+00:00\" \/>\n<meta name=\"twitter:card\" content=\"summary_large_image\" \/>\n<meta name=\"twitter:label1\" content=\"Tiempo de lectura\" \/>\n\t<meta name=\"twitter:data1\" content=\"3 minutos\" \/>\n<script type=\"application\/ld+json\" class=\"yoast-schema-graph\">{\"@context\":\"https:\/\/schema.org\",\"@graph\":[{\"@type\":\"WebPage\",\"@id\":\"https:\/\/old.junctionbot.io\/es\/pago\/\",\"url\":\"https:\/\/old.junctionbot.io\/es\/pago\/\",\"name\":\"Junction Bot - Pago\",\"isPartOf\":{\"@id\":\"https:\/\/junctionbot.io\/#website\"},\"datePublished\":\"2020-04-16T14:31:49+00:00\",\"dateModified\":\"2023-11-28T15:58:31+00:00\",\"breadcrumb\":{\"@id\":\"https:\/\/old.junctionbot.io\/es\/pago\/#breadcrumb\"},\"inLanguage\":\"es\",\"potentialAction\":[{\"@type\":\"ReadAction\",\"target\":[\"https:\/\/old.junctionbot.io\/es\/pago\/\"]}]},{\"@type\":\"BreadcrumbList\",\"@id\":\"https:\/\/old.junctionbot.io\/es\/pago\/#breadcrumb\",\"itemListElement\":[{\"@type\":\"ListItem\",\"position\":1,\"name\":\"Home\",\"item\":\"https:\/\/junctionbot.io\/es\/\"},{\"@type\":\"ListItem\",\"position\":2,\"name\":\"Pago\"}]},{\"@type\":\"WebSite\",\"@id\":\"https:\/\/junctionbot.io\/#website\",\"url\":\"https:\/\/junctionbot.io\/\",\"name\":\"Junction Bot\",\"description\":\"Copia autom\u00e1tica hacia adelante, transformaci\u00f3n y traducci\u00f3n de canales de Telegram, grupos y bots\",\"publisher\":{\"@id\":\"https:\/\/junctionbot.io\/#organization\"},\"potentialAction\":[{\"@type\":\"SearchAction\",\"target\":{\"@type\":\"EntryPoint\",\"urlTemplate\":\"https:\/\/junctionbot.io\/?s={search_term_string}\"},\"query-input\":{\"@type\":\"PropertyValueSpecification\",\"valueRequired\":true,\"valueName\":\"search_term_string\"}}],\"inLanguage\":\"es\"},{\"@type\":\"Organization\",\"@id\":\"https:\/\/junctionbot.io\/#organization\",\"name\":\"Junction Bot\",\"url\":\"https:\/\/junctionbot.io\/\",\"logo\":{\"@type\":\"ImageObject\",\"inLanguage\":\"es\",\"@id\":\"https:\/\/junctionbot.io\/#\/schema\/logo\/image\/\",\"url\":\"\/wp-content\/uploads\/2020\/06\/junc_logo-400.jpg\",\"contentUrl\":\"\/wp-content\/uploads\/2020\/06\/junc_logo-400.jpg\",\"width\":400,\"height\":400,\"caption\":\"Junction Bot\"},\"image\":{\"@id\":\"https:\/\/junctionbot.io\/#\/schema\/logo\/image\/\"}}]}<\/script>\n<!-- \/ Yoast SEO plugin. -->","yoast_head_json":{"title":"Junction Bot - Pago","robots":{"index":"index","follow":"follow","max-snippet":"max-snippet:-1","max-image-preview":"max-image-preview:large","max-video-preview":"max-video-preview:-1"},"canonical":"https:\/\/old.junctionbot.io\/es\/pago\/","og_locale":"es_ES","og_type":"article","og_title":"Junction Bot - Pago","og_description":"A Is there any discount for Direct Connection service? Yes. Please see here. We also have a promo action: Invite a friend and he\/she will receive a 50% discount for the first month and you get \u20ac6 to your pro-account. For details, see here. Permalink","og_url":"https:\/\/old.junctionbot.io\/es\/pago\/","og_site_name":"Junction Bot","article_modified_time":"2023-11-28T15:58:31+00:00","twitter_card":"summary_large_image","twitter_misc":{"Tiempo de lectura":"3 minutos"},"schema":{"@context":"https:\/\/schema.org","@graph":[{"@type":"WebPage","@id":"https:\/\/old.junctionbot.io\/es\/pago\/","url":"https:\/\/old.junctionbot.io\/es\/pago\/","name":"Junction Bot - Pago","isPartOf":{"@id":"https:\/\/junctionbot.io\/#website"},"datePublished":"2020-04-16T14:31:49+00:00","dateModified":"2023-11-28T15:58:31+00:00","breadcrumb":{"@id":"https:\/\/old.junctionbot.io\/es\/pago\/#breadcrumb"},"inLanguage":"es","potentialAction":[{"@type":"ReadAction","target":["https:\/\/old.junctionbot.io\/es\/pago\/"]}]},{"@type":"BreadcrumbList","@id":"https:\/\/old.junctionbot.io\/es\/pago\/#breadcrumb","itemListElement":[{"@type":"ListItem","position":1,"name":"Home","item":"https:\/\/junctionbot.io\/es\/"},{"@type":"ListItem","position":2,"name":"Pago"}]},{"@type":"WebSite","@id":"https:\/\/junctionbot.io\/#website","url":"https:\/\/junctionbot.io\/","name":"Junction Bot","description":"Copia autom\u00e1tica hacia adelante, transformaci\u00f3n y traducci\u00f3n de canales de Telegram, grupos y bots","publisher":{"@id":"https:\/\/junctionbot.io\/#organization"},"potentialAction":[{"@type":"SearchAction","target":{"@type":"EntryPoint","urlTemplate":"https:\/\/junctionbot.io\/?s={search_term_string}"},"query-input":{"@type":"PropertyValueSpecification","valueRequired":true,"valueName":"search_term_string"}}],"inLanguage":"es"},{"@type":"Organization","@id":"https:\/\/junctionbot.io\/#organization","name":"Junction Bot","url":"https:\/\/junctionbot.io\/","logo":{"@type":"ImageObject","inLanguage":"es","@id":"https:\/\/junctionbot.io\/#\/schema\/logo\/image\/","url":"\/wp-content\/uploads\/2020\/06\/junc_logo-400.jpg","contentUrl":"\/wp-content\/uploads\/2020\/06\/junc_logo-400.jpg","width":400,"height":400,"caption":"Junction Bot"},"image":{"@id":"https:\/\/junctionbot.io\/#\/schema\/logo\/image\/"}}]}},"_links":{"self":[{"href":"https:\/\/old.junctionbot.io\/es\/wp-json\/wp\/v2\/pages\/3801","targetHints":{"allow":["GET"]}}],"collection":[{"href":"https:\/\/old.junctionbot.io\/es\/wp-json\/wp\/v2\/pages"}],"about":[{"href":"https:\/\/old.junctionbot.io\/es\/wp-json\/wp\/v2\/types\/page"}],"author":[{"embeddable":true,"href":"https:\/\/old.junctionbot.io\/es\/wp-json\/wp\/v2\/users\/1"}],"replies":[{"embeddable":true,"href":"https:\/\/old.junctionbot.io\/es\/wp-json\/wp\/v2\/comments?post=3801"}],"version-history":[{"count":1,"href":"https:\/\/old.junctionbot.io\/es\/wp-json\/wp\/v2\/pages\/3801\/revisions"}],"predecessor-version":[{"id":3803,"href":"https:\/\/old.junctionbot.io\/es\/wp-json\/wp\/v2\/pages\/3801\/revisions\/3803"}],"wp:attachment":[{"href":"https:\/\/old.junctionbot.io\/es\/wp-json\/wp\/v2\/media?parent=3801"}],"curies":[{"name":"wp","href":"https:\/\/api.w.org\/{rel}","templated":true}]}}