{"id":3804,"date":"2020-04-16T16:26:13","date_gmt":"2020-04-16T14:26:13","guid":{"rendered":"https:\/\/docs.junction.space\/para-empezar\/"},"modified":"2023-11-28T17:58:31","modified_gmt":"2023-11-28T15:58:31","slug":"para-empezar","status":"publish","type":"page","link":"https:\/\/old.junctionbot.io\/es\/para-empezar\/","title":{"rendered":"Para empezar"},"content":{"rendered":"\n<h2 class=\"wp-block-heading\"><span class=\"ez-toc-section\" id=\"Para_empezar\"><\/span>Para empezar<span class=\"ez-toc-section-end\"><\/span><\/h2>\n\n<p><a href=\"https:\/\/t.me\/junction_bot\">Junction bot<\/a> es un bot para leer canales de Telegram en un solo feed. Adem\u00e1s, cuenta con m\u00faltiples funciones para quienes reenv\u00edan mensajes de fuentes como canales, grupos o bots a otras fuentes.<\/p>\n\n<h3 class=\"wp-block-heading\"><span class=\"ez-toc-section\" id=\"De_un_vistazo_%C2%BFque_puede_hacer_este_bot_de_Telegram\"><\/span>De un vistazo: \u00bfqu\u00e9 puede hacer este bot de Telegram?  <span class=\"ez-toc-section-end\"><\/span><\/h3>\n\n<p>Dispone de las siguientes funciones:<\/p>\n\n<p>1. <span class=\"cool-title\">\n  <a href=\"\/es\/suscripciones\/\">Suscripci\u00f3n<\/a>\n<\/span> &#8211; Lea los nuevos mensajes de varios canales en un solo feed en un chat privado o p\u00fablico con JunctionBot.<\/p>\n\n<p>2. <span class=\"cool-title\">\n  <a href=\"\/forwarding\/\">Reenv\u00edo<\/a>\n<\/span> &#8211; copia de nuevos mensajes de canales, grupos, usuarios y bots a tu canal o grupo.<\/p>\n\n<p>3. <span class=\"cool-title\">\n  <a href=\"\/filtering\/\">Filtrado<\/a>\n<\/span> &#8211; Crear reglas para describir qu\u00e9 mensajes deben copiarse o ignorarse. Incluido el filtrado de cada n-\u00e9simo mensaje y de los duplicados.<\/p>\n\n<p>4. <span class=\"cool-title\">\n  <a href=\"\/replace\/\">Modificaci\u00f3n y sustituci\u00f3n<\/a>\n<\/span> &#8211; Crear reglas para sustituir un texto del cuerpo del mensaje por otro, modificar el aspecto de los enlaces y las cabeceras.<\/p>\n\n<p>5. Flexible <span class=\"cool-title\">\n  <a href=\"\/es\/ajustes-y-funciones\/\">ajustes<\/a>\n<\/span>. Incluido el <a href=\"\/es\/contenido\/\">estilo<\/a>, la adici\u00f3n de <a href=\"\/es\/botones\/\">botones<\/a> y <a href=\"\/es\/varios\/\">mucho m\u00e1s<\/a>.  <\/p>\n\n<p class=\"has-text-align-left\">???????? Siguiente: <a href=\"\/es\/elegir-el-tipo-de-cuenta-adecuado\/\">Elegir el tipo de cuenta adecuado<\/a>.<\/p>\n","protected":false},"excerpt":{"rendered":"<p>Para empezar Junction bot es un bot para leer canales de Telegram en un solo feed. Adem\u00e1s, cuenta con m\u00faltiples funciones para quienes reenv\u00edan mensajes de fuentes como canales, grupos o bots a otras fuentes. De un vistazo: \u00bfqu\u00e9 puede hacer este bot de Telegram? Dispone de las siguientes funciones: 1. Suscripci\u00f3n &#8211; Lea los [&hellip;]<\/p>\n","protected":false},"author":1,"featured_media":0,"parent":0,"menu_order":0,"comment_status":"closed","ping_status":"closed","template":"","meta":{"nf_dc_page":"","_monsterinsights_skip_tracking":false,"_monsterinsights_sitenote_active":false,"_monsterinsights_sitenote_note":"","_monsterinsights_sitenote_category":0,"ocean_post_layout":"","ocean_both_sidebars_style":"","ocean_both_sidebars_content_width":0,"ocean_both_sidebars_sidebars_width":0,"ocean_sidebar":"0","ocean_second_sidebar":"0","ocean_disable_margins":"enable","ocean_add_body_class":"","ocean_shortcode_before_top_bar":"","ocean_shortcode_after_top_bar":"","ocean_shortcode_before_header":"","ocean_shortcode_after_header":"","ocean_has_shortcode":"","ocean_shortcode_after_title":"","ocean_shortcode_before_footer_widgets":"","ocean_shortcode_after_footer_widgets":"","ocean_shortcode_before_footer_bottom":"","ocean_shortcode_after_footer_bottom":"","ocean_display_top_bar":"default","ocean_display_header":"default","ocean_header_style":"","ocean_center_header_left_menu":"0","ocean_custom_header_template":"0","ocean_custom_logo":0,"ocean_custom_retina_logo":0,"ocean_custom_logo_max_width":0,"ocean_custom_logo_tablet_max_width":0,"ocean_custom_logo_mobile_max_width":0,"ocean_custom_logo_max_height":0,"ocean_custom_logo_tablet_max_height":0,"ocean_custom_logo_mobile_max_height":0,"ocean_header_custom_menu":"0","ocean_menu_typo_font_family":"0","ocean_menu_typo_font_subset":"","ocean_menu_typo_font_size":0,"ocean_menu_typo_font_size_tablet":0,"ocean_menu_typo_font_size_mobile":0,"ocean_menu_typo_font_size_unit":"px","ocean_menu_typo_font_weight":"","ocean_menu_typo_font_weight_tablet":"","ocean_menu_typo_font_weight_mobile":"","ocean_menu_typo_transform":"","ocean_menu_typo_transform_tablet":"","ocean_menu_typo_transform_mobile":"","ocean_menu_typo_line_height":0,"ocean_menu_typo_line_height_tablet":0,"ocean_menu_typo_line_height_mobile":0,"ocean_menu_typo_line_height_unit":"","ocean_menu_typo_spacing":0,"ocean_menu_typo_spacing_tablet":0,"ocean_menu_typo_spacing_mobile":0,"ocean_menu_typo_spacing_unit":"","ocean_menu_link_color":"","ocean_menu_link_color_hover":"","ocean_menu_link_color_active":"","ocean_menu_link_background":"","ocean_menu_link_hover_background":"","ocean_menu_link_active_background":"","ocean_menu_social_links_bg":"","ocean_menu_social_hover_links_bg":"","ocean_menu_social_links_color":"","ocean_menu_social_hover_links_color":"","ocean_disable_title":"default","ocean_disable_heading":"default","ocean_post_title":"","ocean_post_subheading":"","ocean_post_title_style":"","ocean_post_title_background_color":"","ocean_post_title_background":0,"ocean_post_title_bg_image_position":"","ocean_post_title_bg_image_attachment":"","ocean_post_title_bg_image_repeat":"","ocean_post_title_bg_image_size":"","ocean_post_title_height":0,"ocean_post_title_bg_overlay":0.5,"ocean_post_title_bg_overlay_color":"","ocean_disable_breadcrumbs":"default","ocean_breadcrumbs_color":"","ocean_breadcrumbs_separator_color":"","ocean_breadcrumbs_links_color":"","ocean_breadcrumbs_links_hover_color":"","ocean_display_footer_widgets":"default","ocean_display_footer_bottom":"default","ocean_custom_footer_template":"0","footnotes":""},"class_list":["post-3804","page","type-page","status-publish","hentry","entry"],"yoast_head":"<!-- This site is optimized with the Yoast SEO plugin v26.9 - https:\/\/yoast.com\/product\/yoast-seo-wordpress\/ -->\n<title>Junction Bot - Para empezar<\/title>\n<meta name=\"robots\" content=\"index, follow, max-snippet:-1, max-image-preview:large, max-video-preview:-1\" \/>\n<link rel=\"canonical\" href=\"https:\/\/old.junctionbot.io\/es\/para-empezar\/\" \/>\n<meta property=\"og:locale\" content=\"es_ES\" \/>\n<meta property=\"og:type\" content=\"article\" \/>\n<meta property=\"og:title\" content=\"Junction Bot - Para empezar\" \/>\n<meta property=\"og:description\" content=\"Para empezar Junction bot es un bot para leer canales de Telegram en un solo feed. Adem\u00e1s, cuenta con m\u00faltiples funciones para quienes reenv\u00edan mensajes de fuentes como canales, grupos o bots a otras fuentes. De un vistazo: \u00bfqu\u00e9 puede hacer este bot de Telegram? Dispone de las siguientes funciones: 1. Suscripci\u00f3n &#8211; Lea los [&hellip;]\" \/>\n<meta property=\"og:url\" content=\"https:\/\/old.junctionbot.io\/es\/para-empezar\/\" \/>\n<meta property=\"og:site_name\" content=\"Junction Bot\" \/>\n<meta property=\"article:modified_time\" content=\"2023-11-28T15:58:31+00:00\" \/>\n<meta name=\"twitter:card\" content=\"summary_large_image\" \/>\n<meta name=\"twitter:label1\" content=\"Tiempo de lectura\" \/>\n\t<meta name=\"twitter:data1\" content=\"1 minuto\" \/>\n<script type=\"application\/ld+json\" class=\"yoast-schema-graph\">{\"@context\":\"https:\/\/schema.org\",\"@graph\":[{\"@type\":\"WebPage\",\"@id\":\"https:\/\/old.junctionbot.io\/es\/para-empezar\/\",\"url\":\"https:\/\/old.junctionbot.io\/es\/para-empezar\/\",\"name\":\"Junction Bot - Para empezar\",\"isPartOf\":{\"@id\":\"https:\/\/junctionbot.io\/#website\"},\"datePublished\":\"2020-04-16T14:26:13+00:00\",\"dateModified\":\"2023-11-28T15:58:31+00:00\",\"breadcrumb\":{\"@id\":\"https:\/\/old.junctionbot.io\/es\/para-empezar\/#breadcrumb\"},\"inLanguage\":\"es\",\"potentialAction\":[{\"@type\":\"ReadAction\",\"target\":[\"https:\/\/old.junctionbot.io\/es\/para-empezar\/\"]}]},{\"@type\":\"BreadcrumbList\",\"@id\":\"https:\/\/old.junctionbot.io\/es\/para-empezar\/#breadcrumb\",\"itemListElement\":[{\"@type\":\"ListItem\",\"position\":1,\"name\":\"Home\",\"item\":\"https:\/\/junctionbot.io\/es\/\"},{\"@type\":\"ListItem\",\"position\":2,\"name\":\"Para empezar\"}]},{\"@type\":\"WebSite\",\"@id\":\"https:\/\/junctionbot.io\/#website\",\"url\":\"https:\/\/junctionbot.io\/\",\"name\":\"Junction Bot\",\"description\":\"Copia autom\u00e1tica hacia adelante, transformaci\u00f3n y traducci\u00f3n de canales de Telegram, grupos y bots\",\"publisher\":{\"@id\":\"https:\/\/junctionbot.io\/#organization\"},\"potentialAction\":[{\"@type\":\"SearchAction\",\"target\":{\"@type\":\"EntryPoint\",\"urlTemplate\":\"https:\/\/junctionbot.io\/?s={search_term_string}\"},\"query-input\":{\"@type\":\"PropertyValueSpecification\",\"valueRequired\":true,\"valueName\":\"search_term_string\"}}],\"inLanguage\":\"es\"},{\"@type\":\"Organization\",\"@id\":\"https:\/\/junctionbot.io\/#organization\",\"name\":\"Junction Bot\",\"url\":\"https:\/\/junctionbot.io\/\",\"logo\":{\"@type\":\"ImageObject\",\"inLanguage\":\"es\",\"@id\":\"https:\/\/junctionbot.io\/#\/schema\/logo\/image\/\",\"url\":\"\/wp-content\/uploads\/2020\/06\/junc_logo-400.jpg\",\"contentUrl\":\"\/wp-content\/uploads\/2020\/06\/junc_logo-400.jpg\",\"width\":400,\"height\":400,\"caption\":\"Junction Bot\"},\"image\":{\"@id\":\"https:\/\/junctionbot.io\/#\/schema\/logo\/image\/\"}}]}<\/script>\n<!-- \/ Yoast SEO plugin. -->","yoast_head_json":{"title":"Junction Bot - Para empezar","robots":{"index":"index","follow":"follow","max-snippet":"max-snippet:-1","max-image-preview":"max-image-preview:large","max-video-preview":"max-video-preview:-1"},"canonical":"https:\/\/old.junctionbot.io\/es\/para-empezar\/","og_locale":"es_ES","og_type":"article","og_title":"Junction Bot - Para empezar","og_description":"Para empezar Junction bot es un bot para leer canales de Telegram en un solo feed. Adem\u00e1s, cuenta con m\u00faltiples funciones para quienes reenv\u00edan mensajes de fuentes como canales, grupos o bots a otras fuentes. De un vistazo: \u00bfqu\u00e9 puede hacer este bot de Telegram? Dispone de las siguientes funciones: 1. Suscripci\u00f3n &#8211; Lea los [&hellip;]","og_url":"https:\/\/old.junctionbot.io\/es\/para-empezar\/","og_site_name":"Junction Bot","article_modified_time":"2023-11-28T15:58:31+00:00","twitter_card":"summary_large_image","twitter_misc":{"Tiempo de lectura":"1 minuto"},"schema":{"@context":"https:\/\/schema.org","@graph":[{"@type":"WebPage","@id":"https:\/\/old.junctionbot.io\/es\/para-empezar\/","url":"https:\/\/old.junctionbot.io\/es\/para-empezar\/","name":"Junction Bot - Para empezar","isPartOf":{"@id":"https:\/\/junctionbot.io\/#website"},"datePublished":"2020-04-16T14:26:13+00:00","dateModified":"2023-11-28T15:58:31+00:00","breadcrumb":{"@id":"https:\/\/old.junctionbot.io\/es\/para-empezar\/#breadcrumb"},"inLanguage":"es","potentialAction":[{"@type":"ReadAction","target":["https:\/\/old.junctionbot.io\/es\/para-empezar\/"]}]},{"@type":"BreadcrumbList","@id":"https:\/\/old.junctionbot.io\/es\/para-empezar\/#breadcrumb","itemListElement":[{"@type":"ListItem","position":1,"name":"Home","item":"https:\/\/junctionbot.io\/es\/"},{"@type":"ListItem","position":2,"name":"Para empezar"}]},{"@type":"WebSite","@id":"https:\/\/junctionbot.io\/#website","url":"https:\/\/junctionbot.io\/","name":"Junction Bot","description":"Copia autom\u00e1tica hacia adelante, transformaci\u00f3n y traducci\u00f3n de canales de Telegram, grupos y bots","publisher":{"@id":"https:\/\/junctionbot.io\/#organization"},"potentialAction":[{"@type":"SearchAction","target":{"@type":"EntryPoint","urlTemplate":"https:\/\/junctionbot.io\/?s={search_term_string}"},"query-input":{"@type":"PropertyValueSpecification","valueRequired":true,"valueName":"search_term_string"}}],"inLanguage":"es"},{"@type":"Organization","@id":"https:\/\/junctionbot.io\/#organization","name":"Junction Bot","url":"https:\/\/junctionbot.io\/","logo":{"@type":"ImageObject","inLanguage":"es","@id":"https:\/\/junctionbot.io\/#\/schema\/logo\/image\/","url":"\/wp-content\/uploads\/2020\/06\/junc_logo-400.jpg","contentUrl":"\/wp-content\/uploads\/2020\/06\/junc_logo-400.jpg","width":400,"height":400,"caption":"Junction Bot"},"image":{"@id":"https:\/\/junctionbot.io\/#\/schema\/logo\/image\/"}}]}},"_links":{"self":[{"href":"https:\/\/old.junctionbot.io\/es\/wp-json\/wp\/v2\/pages\/3804","targetHints":{"allow":["GET"]}}],"collection":[{"href":"https:\/\/old.junctionbot.io\/es\/wp-json\/wp\/v2\/pages"}],"about":[{"href":"https:\/\/old.junctionbot.io\/es\/wp-json\/wp\/v2\/types\/page"}],"author":[{"embeddable":true,"href":"https:\/\/old.junctionbot.io\/es\/wp-json\/wp\/v2\/users\/1"}],"replies":[{"embeddable":true,"href":"https:\/\/old.junctionbot.io\/es\/wp-json\/wp\/v2\/comments?post=3804"}],"version-history":[{"count":1,"href":"https:\/\/old.junctionbot.io\/es\/wp-json\/wp\/v2\/pages\/3804\/revisions"}],"predecessor-version":[{"id":3805,"href":"https:\/\/old.junctionbot.io\/es\/wp-json\/wp\/v2\/pages\/3804\/revisions\/3805"}],"wp:attachment":[{"href":"https:\/\/old.junctionbot.io\/es\/wp-json\/wp\/v2\/media?parent=3804"}],"curies":[{"name":"wp","href":"https:\/\/api.w.org\/{rel}","templated":true}]}}