{"id":4115,"date":"2020-05-01T15:29:24","date_gmt":"2020-05-01T13:29:24","guid":{"rendered":"https:\/\/junctionbot.io\/getting-started\/\/pulsanti\/"},"modified":"2023-12-05T12:31:36","modified_gmt":"2023-12-05T10:31:36","slug":"pulsanti","status":"publish","type":"page","link":"https:\/\/old.junctionbot.io\/it\/pulsanti\/","title":{"rendered":"Pulsanti"},"content":{"rendered":"\n<h2 class=\"wp-block-heading\"><span class=\"ez-toc-section\" id=\"Pulsanti\"><\/span>Pulsanti<span class=\"ez-toc-section-end\"><\/span><\/h2>\n\n<p>\u00c8 possibile personalizzare facilmente i pulsanti dei messaggi risultanti.<\/p>\n\n<h3 class=\"wp-block-heading\"><span class=\"ez-toc-section\" id=\"Pulsanti_di_feedback\"><\/span>Pulsanti di feedback<span class=\"ez-toc-section-end\"><\/span><\/h3>\n\n<pre class=\"wp-block-preformatted\">Dove si trova  \n<strong>Menu \u2192 Impostazioni di inoltro \u2192 Scegliere la sorgente e la destinazione \u2192 Pulsanti di feedback<\/strong><\/pre>\n\n<p>Aggiungere pulsanti di feedback a un messaggio, ad esempio <strong>come<\/strong>.<\/p>\n\n<details class=\"wp-block-mamaduka-toggles wp-block-toggles\"><summary>\u23f5Commands<\/summary><div class=\"wp-block-toggles__content\">\n<pre class=\"wp-block-preformatted\"><span class=\"cool-title\">\/impostazione come<\/span> + una delle seguenti opzioni:\n\n<span class=\"cool-title\">nessuno<\/span> - nessun pulsante\nEx.  <code>\/setting like none<\/code>\n\n<span class=\"cool-title\">1<\/span> - pulsante ????\nEx.  <code>\/setting like 1<\/code>\n\n<span class=\"cool-title\">2<\/span> - due pulsanti: ???? e ????\nEx.  <code>\/setting like 2<\/code>\n\nSe si aggiunge un'altra stringa, ogni parola di questa stringa sar\u00e0 un pulsante, ad esempio la stringa \"???? ????\" \u00e8 uguale all'opzione precedente 2.\nEx.  <code>\/setting like ???? ????<\/code>\nEx.  <code>\/setting like yes no maybe<\/code>  - aggiunger\u00e0 3 pulsanti \"s\u00ec\", \"no\", \"forse\".<\/pre>\n\n\n\n<p>\u00c8 possibile regolare questa impostazione nel menu, ma anche utilizzare i comandi. Se si utilizzano i comandi, per applicare questa impostazione a un solo canale, sostituire il comando <code>\/setting<\/code> con <code>\/settingchannel <a href=\"\/es\/settings-and-features\/#Referencing_a_source_channel\">source_channel_reference<\/a><\/code> <a href=\"\/es\/settings-and-features\/#Applying_settings_to_one_or_all_channels\">(per saperne di pi\u00f9<\/a>).<\/p>\n<\/div><\/details>\n\n<h3 class=\"wp-block-heading\"><span class=\"ez-toc-section\" id=\"Pulsanti_di_copia\"><\/span>Pulsanti di copia<span class=\"ez-toc-section-end\"><\/span><\/h3>\n\n<pre class=\"wp-block-preformatted\">Dove si trova  \n<strong>Menu \u2192 Impostazioni di inoltro \u2192 Scegliere la sorgente e la destinazione \u2192 Tasti originali<\/strong><\/pre>\n\n<p>Con questa impostazione \u00e8 possibile scegliere quali pulsanti del messaggio originale mantenere. Ricordate che, a causa del funzionamento di Telegram, solo i pulsanti URL funzioneranno effettivamente se cliccati.<\/p>\n\n<details class=\"wp-block-mamaduka-toggles wp-block-toggles\"><summary>\u23f5Commands<\/summary><div class=\"wp-block-toggles__content\">\n<pre class=\"wp-block-preformatted\">\/<span class=\"cool-title\">pulsanti di impostazione<\/span> + una delle seguenti opzioni:\n\n<span class=\"cool-title\">nessuno<\/span> - non copia alcun pulsante\nEx.  <code>\/setting buttons none<\/code>\n\n<span class=\"cool-title\">url<\/span> - Solo pulsanti URL\nEx.  <code>\/setting buttons url<\/code>\n\n<span class=\"cool-title\">speciale<\/span> - solo pulsanti non URL\nEx.  <code>\/setting buttons special<\/code>\n\n<span class=\"cool-title\">tutti<\/span> - copia tutti i pulsanti\nEx.  <code>\/setting buttons all<\/code><\/pre>\n\n\n\n<p>\u00c8 possibile regolare questa impostazione nel menu, ma anche utilizzare i comandi. Se si utilizzano i comandi, per applicare questa impostazione a un solo canale, sostituire il comando <code>\/setting<\/code> con <code>\/settingchannel <a href=\"\/es\/settings-and-features\/#Referencing_a_source_channel\">source_channel_reference<\/a><\/code> <a href=\"\/es\/settings-and-features\/#Applying_settings_to_one_or_all_channels\">(per saperne di pi\u00f9<\/a>).<\/p>\n<\/div><\/details>\n\n<h3 class=\"wp-block-heading\"><span class=\"ez-toc-section\" id=\"Aggiungete_i_vostri_pulsanti_personalizzati\"><\/span>Aggiungete i vostri pulsanti personalizzati<span class=\"ez-toc-section-end\"><\/span><\/h3>\n\n<pre class=\"wp-block-preformatted\">Dove si trova  \n<strong>Menu \u2192 Impostazioni di inoltro \u2192 Scegliere la sorgente e la destinazione \u2192 Tasti personalizzati<\/strong><\/pre>\n\n<p>\u00c8 possibile aggiungere pulsanti URL personalizzati ai messaggi inoltrati.<\/p>\n\n<details class=\"wp-block-mamaduka-toggles wp-block-toggles\"><summary>\u23f5Commands<\/summary><div class=\"wp-block-toggles__content\">\n<pre class=\"wp-block-preformatted\"><span class=\"cool-title\">\/setting mybuttons<\/span> + una delle seguenti opzioni:\n\n<span class=\"cool-title\">nessuno<\/span> - non aggiunge i pulsanti personalizzati\nEx.  <code>\/setting mybuttons none<\/code>\n\n<span class=\"cool-title\">[button1] [button2]<\/span>  - per impostare un elenco di pulsanti\nFormato:  \n<code>\/setting mybuttons\nURL text-of-the-button<\/code>\nEsempio:\n<code>\/setting mybuttons\nhttps:\/\/junction.space About us\nhttps:\/\/tgchannels.org All channels<\/code><\/pre>\n\n\n\n<p>\u00c8 possibile regolare questa impostazione nel menu, ma anche utilizzare i comandi. Se si utilizzano i comandi, per applicare questa impostazione a un solo canale, sostituire il comando <code>\/setting<\/code> con <code>\/settingchannel <a href=\"\/es\/settings-and-features\/#Referencing_a_source_channel\">source_channel_reference<\/a><\/code> <a href=\"\/es\/settings-and-features\/#Applying_settings_to_one_or_all_channels\">(per saperne di pi\u00f9<\/a>).<\/p>\n<\/div><\/details>\n\n<h3 class=\"wp-block-heading\"><span class=\"ez-toc-section\" id=\"Copiare_i_pulsanti_di_avviso\"><\/span>Copiare i pulsanti di avviso<span class=\"ez-toc-section-end\"><\/span><\/h3>\n\n<pre class=\"wp-block-preformatted\">Dove si trova  \n<strong>Menu \u2192 Impostazioni di inoltro \u2192 Scegliere l'origine e la destinazione \u2192 Fare clic sul pulsante<\/strong><\/pre>\n\n<p>Con questa impostazione \u00e8 possibile abilitare la copia dei pulsanti che mostrano gli avvisi quando vengono cliccati. La semplice duplicazione del post non trasmette la reazione di Telegram a questo tipo di pulsante. Per questo caso, il nostro bot implementa un meccanismo di copia pi\u00f9 profondo.<\/p>\n\n<details class=\"wp-block-mamaduka-toggles wp-block-toggles\"><summary>\u23f5Commands<\/summary><div class=\"wp-block-toggles__content\">\n<pre class=\"wp-block-preformatted\"><span class=\"cool-title\">\/settingchannel <a href=\"\/settings-and-features\/#Referencing_a_source_channel\">source_channel_reference<\/a> fare clic su<\/span> + una delle seguenti opzioni:\n\n<span class=\"cool-title\">nessuno<\/span> - non copia i pulsanti di avviso\nEsempio:  <code>\/settingchannel <code><a href=\"\/settings-and-features\/#Referencing_a_source_channel\">source_channel_reference<\/a><\/code> click none<\/code>\n\n<span class=\"cool-title\">.*<\/span> - copia tutti i pulsanti di avviso\nEsempio:  <code>\/settingchannel <code><a href=\"\/settings-and-features\/#Referencing_a_source_channel\">source_channel_reference<\/a><\/code> click .*<\/code>\n\n<span class=\"cool-title\">qualsiasi espressione regolare<\/span> - copia i pulsanti di avviso che hanno un testo che corrisponde a questa espressione\nEsempio:  <code>\/settingchannel <code><a href=\"\/settings-and-features\/#Referencing_a_source_channel\">source_channel_reference<\/a><\/code> click Show<\/code><\/pre>\n\n\n\n<p>\u00c8 possibile regolare questa impostazione nel menu, ma anche utilizzare i comandi. Se si utilizzano i comandi, per applicare questa impostazione a un solo canale, sostituire il comando <code>\/setting<\/code> con <code>\/settingchannel <a href=\"\/es\/settings-and-features\/#Referencing_a_source_channel\">source_channel_reference<\/a><\/code> <a href=\"\/es\/settings-and-features\/#Applying_settings_to_one_or_all_channels\">(per saperne di pi\u00f9<\/a>).<\/p>\n<\/div><\/details>\n\n<p>Si noti che questa impostazione funziona solo per la <a href=\"\/direct-connection\/\" data-type=\"URL\" data-id=\"\/direct-connection\/\">connessione diretta<\/a>, i canali privati ed <a href=\"\/choosing-the-right-account-type\/#Extra_packages\">espressi<\/a> e i gruppi. Inoltre, questa impostazione non funziona se si <a href=\"\/direct-connection\/#Forwarding_messages_on_behalf_of_your_account\">inoltrano messaggi per conto del proprio account<\/a>.<\/p>\n\n<p>Non appena un messaggio con un pulsante appare nell&#8217;origine, il bot far\u00e0 immediatamente clic su questo pulsante per leggere la notifica. \u00c8 chiaro che una persona non premer\u00e0 il pulsante all&#8217;istante. Per rendere il comportamento del bot pi\u00f9 simile a quello umano, \u00e8 possibile impostare un ritardo casuale prima di fare clic. Probabilmente non si vuole rendere il bordo inferiore troppo piccolo, in modo che non appaia innaturale. Ma non bisogna nemmeno renderlo troppo grande, perch\u00e9 i messaggi arriveranno a destinazione proprio con questo ritardo.<\/p>\n\n<p>Quindi, per impostare il ritardo, aggiungere un ulteriore parametro: l&#8217;intervallo in secondi. Ad esempio, se si utilizzano i comandi:<\/p>\n\n<p><code>\/settingchannel source_reference click. * 15-300<\/code><\/p>\n\n<p>Copia tutti i pulsanti di avviso facendo clic su di essi con un ritardo casuale da 15 a 300 secondi.<br\/>Questa impostazione funziona solo con una <a href=\"\/direct-connection\/\">connessione diretta<\/a>.<\/p>\n\n<p>Inoltre, \u00e8 possibile inserire il testo dell&#8217;avviso nel corpo del messaggio e non copiare il pulsante stesso. Per questo si aggiunge un altro argomento <code>body<\/code>:<\/p>\n\n<p> <code>\/settingchannel source_reference click. * 15-300<\/code> <code>body<\/code><\/p>\n","protected":false},"excerpt":{"rendered":"<p>Pulsanti \u00c8 possibile personalizzare facilmente i pulsanti dei messaggi risultanti. Pulsanti di feedback Dove si trova Menu \u2192 Impostazioni di inoltro \u2192 Scegliere la sorgente e la destinazione \u2192 Pulsanti di feedback Aggiungere pulsanti di feedback a un messaggio, ad esempio come. Pulsanti di copia Dove si trova Menu \u2192 Impostazioni di inoltro \u2192 Scegliere [&hellip;]<\/p>\n","protected":false},"author":1,"featured_media":0,"parent":0,"menu_order":0,"comment_status":"closed","ping_status":"closed","template":"","meta":{"nf_dc_page":"","_monsterinsights_skip_tracking":false,"_monsterinsights_sitenote_active":false,"_monsterinsights_sitenote_note":"","_monsterinsights_sitenote_category":0,"ocean_post_layout":"","ocean_both_sidebars_style":"","ocean_both_sidebars_content_width":0,"ocean_both_sidebars_sidebars_width":0,"ocean_sidebar":"0","ocean_second_sidebar":"0","ocean_disable_margins":"enable","ocean_add_body_class":"","ocean_shortcode_before_top_bar":"","ocean_shortcode_after_top_bar":"","ocean_shortcode_before_header":"","ocean_shortcode_after_header":"","ocean_has_shortcode":"","ocean_shortcode_after_title":"","ocean_shortcode_before_footer_widgets":"","ocean_shortcode_after_footer_widgets":"","ocean_shortcode_before_footer_bottom":"","ocean_shortcode_after_footer_bottom":"","ocean_display_top_bar":"default","ocean_display_header":"default","ocean_header_style":"","ocean_center_header_left_menu":"0","ocean_custom_header_template":"0","ocean_custom_logo":0,"ocean_custom_retina_logo":0,"ocean_custom_logo_max_width":0,"ocean_custom_logo_tablet_max_width":0,"ocean_custom_logo_mobile_max_width":0,"ocean_custom_logo_max_height":0,"ocean_custom_logo_tablet_max_height":0,"ocean_custom_logo_mobile_max_height":0,"ocean_header_custom_menu":"0","ocean_menu_typo_font_family":"0","ocean_menu_typo_font_subset":"","ocean_menu_typo_font_size":0,"ocean_menu_typo_font_size_tablet":0,"ocean_menu_typo_font_size_mobile":0,"ocean_menu_typo_font_size_unit":"px","ocean_menu_typo_font_weight":"","ocean_menu_typo_font_weight_tablet":"","ocean_menu_typo_font_weight_mobile":"","ocean_menu_typo_transform":"","ocean_menu_typo_transform_tablet":"","ocean_menu_typo_transform_mobile":"","ocean_menu_typo_line_height":0,"ocean_menu_typo_line_height_tablet":0,"ocean_menu_typo_line_height_mobile":0,"ocean_menu_typo_line_height_unit":"","ocean_menu_typo_spacing":0,"ocean_menu_typo_spacing_tablet":0,"ocean_menu_typo_spacing_mobile":0,"ocean_menu_typo_spacing_unit":"","ocean_menu_link_color":"","ocean_menu_link_color_hover":"","ocean_menu_link_color_active":"","ocean_menu_link_background":"","ocean_menu_link_hover_background":"","ocean_menu_link_active_background":"","ocean_menu_social_links_bg":"","ocean_menu_social_hover_links_bg":"","ocean_menu_social_links_color":"","ocean_menu_social_hover_links_color":"","ocean_disable_title":"default","ocean_disable_heading":"default","ocean_post_title":"","ocean_post_subheading":"","ocean_post_title_style":"","ocean_post_title_background_color":"","ocean_post_title_background":0,"ocean_post_title_bg_image_position":"","ocean_post_title_bg_image_attachment":"","ocean_post_title_bg_image_repeat":"","ocean_post_title_bg_image_size":"","ocean_post_title_height":0,"ocean_post_title_bg_overlay":0.5,"ocean_post_title_bg_overlay_color":"","ocean_disable_breadcrumbs":"default","ocean_breadcrumbs_color":"","ocean_breadcrumbs_separator_color":"","ocean_breadcrumbs_links_color":"","ocean_breadcrumbs_links_hover_color":"","ocean_display_footer_widgets":"default","ocean_display_footer_bottom":"default","ocean_custom_footer_template":"0","footnotes":""},"class_list":["post-4115","page","type-page","status-publish","hentry","entry"],"yoast_head":"<!-- This site is optimized with the Yoast SEO plugin v26.9 - https:\/\/yoast.com\/product\/yoast-seo-wordpress\/ -->\n<title>Junction Bot - Pulsanti<\/title>\n<meta name=\"robots\" content=\"index, follow, max-snippet:-1, max-image-preview:large, max-video-preview:-1\" \/>\n<link rel=\"canonical\" href=\"https:\/\/old.junctionbot.io\/it\/pulsanti\/\" \/>\n<meta property=\"og:locale\" content=\"it_IT\" \/>\n<meta property=\"og:type\" content=\"article\" \/>\n<meta property=\"og:title\" content=\"Junction Bot - Pulsanti\" \/>\n<meta property=\"og:description\" content=\"Pulsanti \u00c8 possibile personalizzare facilmente i pulsanti dei messaggi risultanti. Pulsanti di feedback Dove si trova Menu \u2192 Impostazioni di inoltro \u2192 Scegliere la sorgente e la destinazione \u2192 Pulsanti di feedback Aggiungere pulsanti di feedback a un messaggio, ad esempio come. Pulsanti di copia Dove si trova Menu \u2192 Impostazioni di inoltro \u2192 Scegliere [&hellip;]\" \/>\n<meta property=\"og:url\" content=\"https:\/\/old.junctionbot.io\/it\/pulsanti\/\" \/>\n<meta property=\"og:site_name\" content=\"Junction Bot\" \/>\n<meta property=\"article:modified_time\" content=\"2023-12-05T10:31:36+00:00\" \/>\n<meta name=\"twitter:card\" content=\"summary_large_image\" \/>\n<meta name=\"twitter:label1\" content=\"Tempo di lettura stimato\" \/>\n\t<meta name=\"twitter:data1\" content=\"3 minuti\" \/>\n<script type=\"application\/ld+json\" class=\"yoast-schema-graph\">{\"@context\":\"https:\/\/schema.org\",\"@graph\":[{\"@type\":\"WebPage\",\"@id\":\"https:\/\/old.junctionbot.io\/it\/pulsanti\/\",\"url\":\"https:\/\/old.junctionbot.io\/it\/pulsanti\/\",\"name\":\"Junction Bot - Pulsanti\",\"isPartOf\":{\"@id\":\"https:\/\/junctionbot.io\/#website\"},\"datePublished\":\"2020-05-01T13:29:24+00:00\",\"dateModified\":\"2023-12-05T10:31:36+00:00\",\"breadcrumb\":{\"@id\":\"https:\/\/old.junctionbot.io\/it\/pulsanti\/#breadcrumb\"},\"inLanguage\":\"it-IT\",\"potentialAction\":[{\"@type\":\"ReadAction\",\"target\":[\"https:\/\/old.junctionbot.io\/it\/pulsanti\/\"]}]},{\"@type\":\"BreadcrumbList\",\"@id\":\"https:\/\/old.junctionbot.io\/it\/pulsanti\/#breadcrumb\",\"itemListElement\":[{\"@type\":\"ListItem\",\"position\":1,\"name\":\"Home\",\"item\":\"https:\/\/junctionbot.io\/it\/\"},{\"@type\":\"ListItem\",\"position\":2,\"name\":\"Pulsanti\"}]},{\"@type\":\"WebSite\",\"@id\":\"https:\/\/junctionbot.io\/#website\",\"url\":\"https:\/\/junctionbot.io\/\",\"name\":\"Junction Bot\",\"description\":\"Auto Copy Forward Transform and Translate Telegram Channels Groups and Bots\",\"publisher\":{\"@id\":\"https:\/\/junctionbot.io\/#organization\"},\"potentialAction\":[{\"@type\":\"SearchAction\",\"target\":{\"@type\":\"EntryPoint\",\"urlTemplate\":\"https:\/\/junctionbot.io\/?s={search_term_string}\"},\"query-input\":{\"@type\":\"PropertyValueSpecification\",\"valueRequired\":true,\"valueName\":\"search_term_string\"}}],\"inLanguage\":\"it-IT\"},{\"@type\":\"Organization\",\"@id\":\"https:\/\/junctionbot.io\/#organization\",\"name\":\"Junction Bot\",\"url\":\"https:\/\/junctionbot.io\/\",\"logo\":{\"@type\":\"ImageObject\",\"inLanguage\":\"it-IT\",\"@id\":\"https:\/\/junctionbot.io\/#\/schema\/logo\/image\/\",\"url\":\"\/wp-content\/uploads\/2020\/06\/junc_logo-400.jpg\",\"contentUrl\":\"\/wp-content\/uploads\/2020\/06\/junc_logo-400.jpg\",\"width\":400,\"height\":400,\"caption\":\"Junction Bot\"},\"image\":{\"@id\":\"https:\/\/junctionbot.io\/#\/schema\/logo\/image\/\"}}]}<\/script>\n<!-- \/ Yoast SEO plugin. -->","yoast_head_json":{"title":"Junction Bot - Pulsanti","robots":{"index":"index","follow":"follow","max-snippet":"max-snippet:-1","max-image-preview":"max-image-preview:large","max-video-preview":"max-video-preview:-1"},"canonical":"https:\/\/old.junctionbot.io\/it\/pulsanti\/","og_locale":"it_IT","og_type":"article","og_title":"Junction Bot - Pulsanti","og_description":"Pulsanti \u00c8 possibile personalizzare facilmente i pulsanti dei messaggi risultanti. Pulsanti di feedback Dove si trova Menu \u2192 Impostazioni di inoltro \u2192 Scegliere la sorgente e la destinazione \u2192 Pulsanti di feedback Aggiungere pulsanti di feedback a un messaggio, ad esempio come. Pulsanti di copia Dove si trova Menu \u2192 Impostazioni di inoltro \u2192 Scegliere [&hellip;]","og_url":"https:\/\/old.junctionbot.io\/it\/pulsanti\/","og_site_name":"Junction Bot","article_modified_time":"2023-12-05T10:31:36+00:00","twitter_card":"summary_large_image","twitter_misc":{"Tempo di lettura stimato":"3 minuti"},"schema":{"@context":"https:\/\/schema.org","@graph":[{"@type":"WebPage","@id":"https:\/\/old.junctionbot.io\/it\/pulsanti\/","url":"https:\/\/old.junctionbot.io\/it\/pulsanti\/","name":"Junction Bot - Pulsanti","isPartOf":{"@id":"https:\/\/junctionbot.io\/#website"},"datePublished":"2020-05-01T13:29:24+00:00","dateModified":"2023-12-05T10:31:36+00:00","breadcrumb":{"@id":"https:\/\/old.junctionbot.io\/it\/pulsanti\/#breadcrumb"},"inLanguage":"it-IT","potentialAction":[{"@type":"ReadAction","target":["https:\/\/old.junctionbot.io\/it\/pulsanti\/"]}]},{"@type":"BreadcrumbList","@id":"https:\/\/old.junctionbot.io\/it\/pulsanti\/#breadcrumb","itemListElement":[{"@type":"ListItem","position":1,"name":"Home","item":"https:\/\/junctionbot.io\/it\/"},{"@type":"ListItem","position":2,"name":"Pulsanti"}]},{"@type":"WebSite","@id":"https:\/\/junctionbot.io\/#website","url":"https:\/\/junctionbot.io\/","name":"Junction Bot","description":"Auto Copy Forward Transform and Translate Telegram Channels Groups and Bots","publisher":{"@id":"https:\/\/junctionbot.io\/#organization"},"potentialAction":[{"@type":"SearchAction","target":{"@type":"EntryPoint","urlTemplate":"https:\/\/junctionbot.io\/?s={search_term_string}"},"query-input":{"@type":"PropertyValueSpecification","valueRequired":true,"valueName":"search_term_string"}}],"inLanguage":"it-IT"},{"@type":"Organization","@id":"https:\/\/junctionbot.io\/#organization","name":"Junction Bot","url":"https:\/\/junctionbot.io\/","logo":{"@type":"ImageObject","inLanguage":"it-IT","@id":"https:\/\/junctionbot.io\/#\/schema\/logo\/image\/","url":"\/wp-content\/uploads\/2020\/06\/junc_logo-400.jpg","contentUrl":"\/wp-content\/uploads\/2020\/06\/junc_logo-400.jpg","width":400,"height":400,"caption":"Junction Bot"},"image":{"@id":"https:\/\/junctionbot.io\/#\/schema\/logo\/image\/"}}]}},"_links":{"self":[{"href":"https:\/\/old.junctionbot.io\/it\/wp-json\/wp\/v2\/pages\/4115","targetHints":{"allow":["GET"]}}],"collection":[{"href":"https:\/\/old.junctionbot.io\/it\/wp-json\/wp\/v2\/pages"}],"about":[{"href":"https:\/\/old.junctionbot.io\/it\/wp-json\/wp\/v2\/types\/page"}],"author":[{"embeddable":true,"href":"https:\/\/old.junctionbot.io\/it\/wp-json\/wp\/v2\/users\/1"}],"replies":[{"embeddable":true,"href":"https:\/\/old.junctionbot.io\/it\/wp-json\/wp\/v2\/comments?post=4115"}],"version-history":[{"count":1,"href":"https:\/\/old.junctionbot.io\/it\/wp-json\/wp\/v2\/pages\/4115\/revisions"}],"predecessor-version":[{"id":4130,"href":"https:\/\/old.junctionbot.io\/it\/wp-json\/wp\/v2\/pages\/4115\/revisions\/4130"}],"wp:attachment":[{"href":"https:\/\/old.junctionbot.io\/it\/wp-json\/wp\/v2\/media?parent=4115"}],"curies":[{"name":"wp","href":"https:\/\/api.w.org\/{rel}","templated":true}]}}