{"id":4121,"date":"2020-04-16T16:31:49","date_gmt":"2020-04-16T14:31:49","guid":{"rendered":"https:\/\/junctionbot.io\/getting-started\/\/pagamento\/"},"modified":"2023-12-05T12:31:39","modified_gmt":"2023-12-05T10:31:39","slug":"pagamento","status":"publish","type":"page","link":"https:\/\/old.junctionbot.io\/it\/pagamento\/","title":{"rendered":"Pagamento"},"content":{"rendered":"\n<h2 class=\"wp-block-heading\" id=\"payment\"><span class=\"ez-toc-section\" id=\"Pagamento\"><\/span>Pagamento<span class=\"ez-toc-section-end\"><\/span><\/h2>\n\n<h3 class=\"wp-block-heading\" id=\"what-do-you-pay-for\"><span class=\"ez-toc-section\" id=\"Per_cosa_si_paga\"><\/span>Per cosa si paga?<span class=\"ez-toc-section-end\"><\/span><\/h3>\n\n<p>La funzionalit\u00e0 di base del bot \u00e8 gratuita. Abbiamo anche 2 piani a pagamento (conto standard e connessione diretta) e pacchetti extra. Consultate <a href=\"\/choosing-the-right-account-type\/\">qui<\/a> il loro confronto e i prezzi.<\/p>\n\n<h3 class=\"wp-block-heading\" id=\"payment-methods\"><span class=\"ez-toc-section\" id=\"Metodi_di_pagamento\"><\/span>Metodi di pagamento<span class=\"ez-toc-section-end\"><\/span><\/h3>\n\n<p>Accettiamo:<\/p>\n\n<ul class=\"wp-block-list\">\n<li>Carte bancarie<\/li>\n\n\n\n<li>PayPal<\/li>\n\n\n\n<li>QIWI<\/li>\n\n\n\n<li>YooMoney<\/li>\n\n\n\n<li>GPay<\/li>\n\n\n\n<li>USDT (TRC20)<\/li>\n<\/ul>\n\n<h3 class=\"wp-block-heading\" id=\"buying-a-standard-account\"><span class=\"ez-toc-section\" id=\"Acquisto_di_un_conto_Standard\"><\/span>Acquisto di un conto Standard<span class=\"ez-toc-section-end\"><\/span><\/h3>\n\n<p>Per acquistare un account <a href=\"\/choosing-the-right-account-type\/\">Standard<\/a> utilizzate il comando <span class=\"cool-title\">\/powerup<\/span>. Il bot vi invier\u00e0 i link per il pagamento. Pi\u00f9 lungo \u00e8 l&#8217;abbonamento, maggiore \u00e8 lo sconto.  <\/p>\n\n<p>\u00c8 possibile attivare i pagamenti automatici. Il bot addebiter\u00e0 automaticamente il denaro sulla vostra carta 3 giorni prima della scadenza del pagamento corrente.<\/p>\n\n<p>Potete sempre controllare lo stato del vostro conto, la data del pagamento successivo e gestire il pagamento automatico con il comando <code>\/account<\/code>.<\/p>\n\n<h3 class=\"wp-block-heading\"><span class=\"ez-toc-section\" id=\"Pagamento_di_un_conto_Standard_con_criptovaluta\"><\/span>Pagamento di un conto Standard con criptovaluta<span class=\"ez-toc-section-end\"><\/span><\/h3>\n\n<p>Per acquistare un conto Standard utilizzando le criptovalute, \u00e8 necessario prima ricaricare il pro-bilancio nel bot (comando <code>\/poweruppro<\/code>) e poi attivare il conto Standard con il comando <code>\/account <\/code>e il pulsante corrispondente. Il prezzo del conto standard sar\u00e0 detratto dal pro-bilancio.<\/p>\n\n<h3 class=\"wp-block-heading\" id=\"buying-a-direct-connection\"><span class=\"ez-toc-section\" id=\"Acquisto_di_una_connessione_diretta\"><\/span>Acquisto di una connessione diretta<span class=\"ez-toc-section-end\"><\/span><\/h3>\n\n<p>Per acquistare l&#8217;account Direct Connection utilizzate il comando <span class=\"cool-title\">\/poweruppro<\/span>. Non confondetelo con il comando <code>\/powerup<\/code>!<\/p>\n\n<p><a href=\"\/direct-connection\/#How_to_connect\">Istruzioni sulle modalit\u00e0 di pagamento<\/a>.<\/p>\n\n<p>\u00c8 sempre possibile controllare lo stato del proprio conto, la data del prossimo pagamento e gestire il pagamento automatico con il comando <span class=\"cool-title\">\/conto<\/span>.<\/p>\n\n<h3 class=\"wp-block-heading\" id=\"buying-an-extra-package\"><span class=\"ez-toc-section\" id=\"Acquisto_di_un_pacchetto_extra\"><\/span>Acquisto di un pacchetto extra<span class=\"ez-toc-section-end\"><\/span><\/h3>\n\n<h4 class=\"wp-block-heading\" id=\"1-use-the-poweruppro-command\"><strong>1. Utilizzare il comando \/poweruppro<\/strong><\/h4>\n\n<p>Pagando con <code>\/poweruppro<\/code> si mette il denaro a disposizione del cosiddetto saldo pro. Quando il pacchetto viene attivato, l&#8217;importo corrispondente viene prelevato da questo saldo.<\/p>\n\n<p>Non confondetelo con il comando <code>\/powerup<\/code>.<\/p>\n\n<pre class=\"wp-block-preformatted\"><span class=\"cool-title\">\/poweruppro<\/span> - acquistare un servizio (ricaricare il portafoglio)\nFormato:  <code>\/poweruppro top up amount (in euro)<\/code>\nEsempio: <code>\/poweruppro 12<\/code> - pagare 12 \u20ac\n         <code>\/poweruppro 1.6<\/code>  - pagare 1,60 euro<\/pre>\n\n<p><a href=\"\/direct-connection\/#Extra_packages\">L&#8217;elenco e i prezzi di tutti i Pacchetti Extra<\/a>.<\/p>\n\n<h4 class=\"wp-block-heading\" id=\"2-follow-the-link-to-the-payment-page-on-our-website\">2. Seguire il link alla pagina di pagamento sul nostro sito web<\/h4>\n\n<p>Scegliere una delle opzioni:<\/p>\n\n<ul class=\"wp-block-list\">\n<li>effettuare un<strong> pagamento unico<\/strong>.<\/li>\n\n\n\n<li>impostare un <strong>pagamento periodico<\/strong>. In seguito questo pagamento verr\u00e0 ripetuto 3 giorni prima della scadenza del pagamento corrente. \u00c8 sempre possibile disattivare il pagamento automatico nelle impostazioni di \/account.<\/li>\n<\/ul>\n\n<h4 class=\"wp-block-heading\" id=\"3-activate-it-with-the-command-account\">3. Attivarlo con il comando \/account<\/h4>\n\n<p>Usate il comando \/account e poi il pulsante corrispondente per attivare il vostro pacchetto extra.<\/p>\n\n<p>Inoltre, con il comando \/conto potete sempre controllare lo stato del vostro conto, la data del prossimo pagamento e gestire il vostro pagamento automatico.<\/p>\n\n<h3 class=\"wp-block-heading\"><span class=\"ez-toc-section\" id=\"Sistema_di_bonus\"><\/span>Sistema di bonus<span class=\"ez-toc-section-end\"><\/span><\/h3>\n\n<p>Se si ricarica il saldo pro di un determinato importo, si ottiene un bonus:<br\/>Se si versano 32 euro, si ottiene un bonus di 4 euro, quindi si ottengono 36 euro sul proprio conto.<br\/>Se si versano 98 euro, si ottiene un bonus di 46 euro, quindi si ottengono 144 euro sul proprio conto.<\/p>\n\n<p>Si pu\u00f2 dire che si ottiene il seguente sistema di sconti: se si pagano 3 mesi in una volta, il costo sar\u00e0 di 32 euro; se si paga per 1 anno, il costo sar\u00e0 di 98 euro. Ad esempio, per acquistare una connessione diretta per 12 mesi basta ricaricare con <code>\/poweruppro 98<\/code>. Sul vostro conto verranno accreditati 144 euro (= 12 mesi x 12 euro).<\/p>\n\n<p>La connessione diretta costa sempre 12 euro. Gli sconti si applicano solo attraverso i bonus durante la ricarica.<\/p>\n\n<h3 class=\"wp-block-heading\" id=\"automatic-payments\"><span class=\"ez-toc-section\" id=\"Pagamenti_automatici\"><\/span>Pagamenti automatici<span class=\"ez-toc-section-end\"><\/span><\/h3>\n\n<p>\u00c8 possibile attivare i pagamenti automatici. Il bot addebiter\u00e0 automaticamente il denaro sulla vostra carta 3 giorni prima della scadenza del pagamento corrente.<\/p>\n\n<p>I pagamenti automatici sono disponibili solo per le carte bancarie.<\/p>\n","protected":false},"excerpt":{"rendered":"<p>Pagamento Per cosa si paga? La funzionalit\u00e0 di base del bot \u00e8 gratuita. Abbiamo anche 2 piani a pagamento (conto standard e connessione diretta) e pacchetti extra. Consultate qui il loro confronto e i prezzi. Metodi di pagamento Accettiamo: Acquisto di un conto Standard Per acquistare un account Standard utilizzate il comando \/powerup. Il bot [&hellip;]<\/p>\n","protected":false},"author":1,"featured_media":0,"parent":0,"menu_order":0,"comment_status":"closed","ping_status":"closed","template":"","meta":{"nf_dc_page":"","_monsterinsights_skip_tracking":false,"_monsterinsights_sitenote_active":false,"_monsterinsights_sitenote_note":"","_monsterinsights_sitenote_category":0,"ocean_post_layout":"","ocean_both_sidebars_style":"","ocean_both_sidebars_content_width":0,"ocean_both_sidebars_sidebars_width":0,"ocean_sidebar":"0","ocean_second_sidebar":"0","ocean_disable_margins":"enable","ocean_add_body_class":"","ocean_shortcode_before_top_bar":"","ocean_shortcode_after_top_bar":"","ocean_shortcode_before_header":"","ocean_shortcode_after_header":"","ocean_has_shortcode":"","ocean_shortcode_after_title":"","ocean_shortcode_before_footer_widgets":"","ocean_shortcode_after_footer_widgets":"","ocean_shortcode_before_footer_bottom":"","ocean_shortcode_after_footer_bottom":"","ocean_display_top_bar":"default","ocean_display_header":"default","ocean_header_style":"","ocean_center_header_left_menu":"0","ocean_custom_header_template":"0","ocean_custom_logo":0,"ocean_custom_retina_logo":0,"ocean_custom_logo_max_width":0,"ocean_custom_logo_tablet_max_width":0,"ocean_custom_logo_mobile_max_width":0,"ocean_custom_logo_max_height":0,"ocean_custom_logo_tablet_max_height":0,"ocean_custom_logo_mobile_max_height":0,"ocean_header_custom_menu":"0","ocean_menu_typo_font_family":"0","ocean_menu_typo_font_subset":"","ocean_menu_typo_font_size":0,"ocean_menu_typo_font_size_tablet":0,"ocean_menu_typo_font_size_mobile":0,"ocean_menu_typo_font_size_unit":"px","ocean_menu_typo_font_weight":"","ocean_menu_typo_font_weight_tablet":"","ocean_menu_typo_font_weight_mobile":"","ocean_menu_typo_transform":"","ocean_menu_typo_transform_tablet":"","ocean_menu_typo_transform_mobile":"","ocean_menu_typo_line_height":0,"ocean_menu_typo_line_height_tablet":0,"ocean_menu_typo_line_height_mobile":0,"ocean_menu_typo_line_height_unit":"","ocean_menu_typo_spacing":0,"ocean_menu_typo_spacing_tablet":0,"ocean_menu_typo_spacing_mobile":0,"ocean_menu_typo_spacing_unit":"","ocean_menu_link_color":"","ocean_menu_link_color_hover":"","ocean_menu_link_color_active":"","ocean_menu_link_background":"","ocean_menu_link_hover_background":"","ocean_menu_link_active_background":"","ocean_menu_social_links_bg":"","ocean_menu_social_hover_links_bg":"","ocean_menu_social_links_color":"","ocean_menu_social_hover_links_color":"","ocean_disable_title":"default","ocean_disable_heading":"default","ocean_post_title":"","ocean_post_subheading":"","ocean_post_title_style":"","ocean_post_title_background_color":"","ocean_post_title_background":0,"ocean_post_title_bg_image_position":"","ocean_post_title_bg_image_attachment":"","ocean_post_title_bg_image_repeat":"","ocean_post_title_bg_image_size":"","ocean_post_title_height":0,"ocean_post_title_bg_overlay":0.5,"ocean_post_title_bg_overlay_color":"","ocean_disable_breadcrumbs":"default","ocean_breadcrumbs_color":"","ocean_breadcrumbs_separator_color":"","ocean_breadcrumbs_links_color":"","ocean_breadcrumbs_links_hover_color":"","ocean_display_footer_widgets":"default","ocean_display_footer_bottom":"default","ocean_custom_footer_template":"0","footnotes":""},"class_list":["post-4121","page","type-page","status-publish","hentry","entry"],"yoast_head":"<!-- This site is optimized with the Yoast SEO plugin v26.9 - https:\/\/yoast.com\/product\/yoast-seo-wordpress\/ -->\n<title>Junction Bot - Pagamento<\/title>\n<meta name=\"robots\" content=\"index, follow, max-snippet:-1, max-image-preview:large, max-video-preview:-1\" \/>\n<link rel=\"canonical\" href=\"https:\/\/old.junctionbot.io\/it\/pagamento\/\" \/>\n<meta property=\"og:locale\" content=\"it_IT\" \/>\n<meta property=\"og:type\" content=\"article\" \/>\n<meta property=\"og:title\" content=\"Junction Bot - Pagamento\" \/>\n<meta property=\"og:description\" content=\"Pagamento Per cosa si paga? La funzionalit\u00e0 di base del bot \u00e8 gratuita. Abbiamo anche 2 piani a pagamento (conto standard e connessione diretta) e pacchetti extra. Consultate qui il loro confronto e i prezzi. Metodi di pagamento Accettiamo: Acquisto di un conto Standard Per acquistare un account Standard utilizzate il comando \/powerup. Il bot [&hellip;]\" \/>\n<meta property=\"og:url\" content=\"https:\/\/old.junctionbot.io\/it\/pagamento\/\" \/>\n<meta property=\"og:site_name\" content=\"Junction Bot\" \/>\n<meta property=\"article:modified_time\" content=\"2023-12-05T10:31:39+00:00\" \/>\n<meta name=\"twitter:card\" content=\"summary_large_image\" \/>\n<meta name=\"twitter:label1\" content=\"Tempo di lettura stimato\" \/>\n\t<meta name=\"twitter:data1\" content=\"3 minuti\" \/>\n<script type=\"application\/ld+json\" class=\"yoast-schema-graph\">{\"@context\":\"https:\/\/schema.org\",\"@graph\":[{\"@type\":\"WebPage\",\"@id\":\"https:\/\/old.junctionbot.io\/it\/pagamento\/\",\"url\":\"https:\/\/old.junctionbot.io\/it\/pagamento\/\",\"name\":\"Junction Bot - Pagamento\",\"isPartOf\":{\"@id\":\"https:\/\/junctionbot.io\/#website\"},\"datePublished\":\"2020-04-16T14:31:49+00:00\",\"dateModified\":\"2023-12-05T10:31:39+00:00\",\"breadcrumb\":{\"@id\":\"https:\/\/old.junctionbot.io\/it\/pagamento\/#breadcrumb\"},\"inLanguage\":\"it-IT\",\"potentialAction\":[{\"@type\":\"ReadAction\",\"target\":[\"https:\/\/old.junctionbot.io\/it\/pagamento\/\"]}]},{\"@type\":\"BreadcrumbList\",\"@id\":\"https:\/\/old.junctionbot.io\/it\/pagamento\/#breadcrumb\",\"itemListElement\":[{\"@type\":\"ListItem\",\"position\":1,\"name\":\"Home\",\"item\":\"https:\/\/junctionbot.io\/it\/\"},{\"@type\":\"ListItem\",\"position\":2,\"name\":\"Pagamento\"}]},{\"@type\":\"WebSite\",\"@id\":\"https:\/\/junctionbot.io\/#website\",\"url\":\"https:\/\/junctionbot.io\/\",\"name\":\"Junction Bot\",\"description\":\"Auto Copy Forward Transform and Translate Telegram Channels Groups and Bots\",\"publisher\":{\"@id\":\"https:\/\/junctionbot.io\/#organization\"},\"potentialAction\":[{\"@type\":\"SearchAction\",\"target\":{\"@type\":\"EntryPoint\",\"urlTemplate\":\"https:\/\/junctionbot.io\/?s={search_term_string}\"},\"query-input\":{\"@type\":\"PropertyValueSpecification\",\"valueRequired\":true,\"valueName\":\"search_term_string\"}}],\"inLanguage\":\"it-IT\"},{\"@type\":\"Organization\",\"@id\":\"https:\/\/junctionbot.io\/#organization\",\"name\":\"Junction Bot\",\"url\":\"https:\/\/junctionbot.io\/\",\"logo\":{\"@type\":\"ImageObject\",\"inLanguage\":\"it-IT\",\"@id\":\"https:\/\/junctionbot.io\/#\/schema\/logo\/image\/\",\"url\":\"\/wp-content\/uploads\/2020\/06\/junc_logo-400.jpg\",\"contentUrl\":\"\/wp-content\/uploads\/2020\/06\/junc_logo-400.jpg\",\"width\":400,\"height\":400,\"caption\":\"Junction Bot\"},\"image\":{\"@id\":\"https:\/\/junctionbot.io\/#\/schema\/logo\/image\/\"}}]}<\/script>\n<!-- \/ Yoast SEO plugin. -->","yoast_head_json":{"title":"Junction Bot - Pagamento","robots":{"index":"index","follow":"follow","max-snippet":"max-snippet:-1","max-image-preview":"max-image-preview:large","max-video-preview":"max-video-preview:-1"},"canonical":"https:\/\/old.junctionbot.io\/it\/pagamento\/","og_locale":"it_IT","og_type":"article","og_title":"Junction Bot - Pagamento","og_description":"Pagamento Per cosa si paga? La funzionalit\u00e0 di base del bot \u00e8 gratuita. Abbiamo anche 2 piani a pagamento (conto standard e connessione diretta) e pacchetti extra. Consultate qui il loro confronto e i prezzi. Metodi di pagamento Accettiamo: Acquisto di un conto Standard Per acquistare un account Standard utilizzate il comando \/powerup. Il bot [&hellip;]","og_url":"https:\/\/old.junctionbot.io\/it\/pagamento\/","og_site_name":"Junction Bot","article_modified_time":"2023-12-05T10:31:39+00:00","twitter_card":"summary_large_image","twitter_misc":{"Tempo di lettura stimato":"3 minuti"},"schema":{"@context":"https:\/\/schema.org","@graph":[{"@type":"WebPage","@id":"https:\/\/old.junctionbot.io\/it\/pagamento\/","url":"https:\/\/old.junctionbot.io\/it\/pagamento\/","name":"Junction Bot - Pagamento","isPartOf":{"@id":"https:\/\/junctionbot.io\/#website"},"datePublished":"2020-04-16T14:31:49+00:00","dateModified":"2023-12-05T10:31:39+00:00","breadcrumb":{"@id":"https:\/\/old.junctionbot.io\/it\/pagamento\/#breadcrumb"},"inLanguage":"it-IT","potentialAction":[{"@type":"ReadAction","target":["https:\/\/old.junctionbot.io\/it\/pagamento\/"]}]},{"@type":"BreadcrumbList","@id":"https:\/\/old.junctionbot.io\/it\/pagamento\/#breadcrumb","itemListElement":[{"@type":"ListItem","position":1,"name":"Home","item":"https:\/\/junctionbot.io\/it\/"},{"@type":"ListItem","position":2,"name":"Pagamento"}]},{"@type":"WebSite","@id":"https:\/\/junctionbot.io\/#website","url":"https:\/\/junctionbot.io\/","name":"Junction Bot","description":"Auto Copy Forward Transform and Translate Telegram Channels Groups and Bots","publisher":{"@id":"https:\/\/junctionbot.io\/#organization"},"potentialAction":[{"@type":"SearchAction","target":{"@type":"EntryPoint","urlTemplate":"https:\/\/junctionbot.io\/?s={search_term_string}"},"query-input":{"@type":"PropertyValueSpecification","valueRequired":true,"valueName":"search_term_string"}}],"inLanguage":"it-IT"},{"@type":"Organization","@id":"https:\/\/junctionbot.io\/#organization","name":"Junction Bot","url":"https:\/\/junctionbot.io\/","logo":{"@type":"ImageObject","inLanguage":"it-IT","@id":"https:\/\/junctionbot.io\/#\/schema\/logo\/image\/","url":"\/wp-content\/uploads\/2020\/06\/junc_logo-400.jpg","contentUrl":"\/wp-content\/uploads\/2020\/06\/junc_logo-400.jpg","width":400,"height":400,"caption":"Junction Bot"},"image":{"@id":"https:\/\/junctionbot.io\/#\/schema\/logo\/image\/"}}]}},"_links":{"self":[{"href":"https:\/\/old.junctionbot.io\/it\/wp-json\/wp\/v2\/pages\/4121","targetHints":{"allow":["GET"]}}],"collection":[{"href":"https:\/\/old.junctionbot.io\/it\/wp-json\/wp\/v2\/pages"}],"about":[{"href":"https:\/\/old.junctionbot.io\/it\/wp-json\/wp\/v2\/types\/page"}],"author":[{"embeddable":true,"href":"https:\/\/old.junctionbot.io\/it\/wp-json\/wp\/v2\/users\/1"}],"replies":[{"embeddable":true,"href":"https:\/\/old.junctionbot.io\/it\/wp-json\/wp\/v2\/comments?post=4121"}],"version-history":[{"count":1,"href":"https:\/\/old.junctionbot.io\/it\/wp-json\/wp\/v2\/pages\/4121\/revisions"}],"predecessor-version":[{"id":4132,"href":"https:\/\/old.junctionbot.io\/it\/wp-json\/wp\/v2\/pages\/4121\/revisions\/4132"}],"wp:attachment":[{"href":"https:\/\/old.junctionbot.io\/it\/wp-json\/wp\/v2\/media?parent=4121"}],"curies":[{"name":"wp","href":"https:\/\/api.w.org\/{rel}","templated":true}]}}