{"id":4141,"date":"2023-11-13T19:47:39","date_gmt":"2023-11-13T17:47:39","guid":{"rendered":"https:\/\/junctionbot.io\/getting-started\/\/integrazioni\/"},"modified":"2023-12-05T12:31:38","modified_gmt":"2023-12-05T10:31:38","slug":"integrazioni","status":"publish","type":"page","link":"https:\/\/old.junctionbot.io\/it\/integrazioni\/","title":{"rendered":"Integrazioni"},"content":{"rendered":"\n<h2 class=\"wp-block-heading\" id=\"&#x43F;&#x43B;&#x430;&#x442;&#x435;&#x436;&#x438;\"><span class=\"ez-toc-section\" id=\"Integrazioni\"><\/span>Integrazioni<span class=\"ez-toc-section-end\"><\/span><\/h2>\n\n<p>Il bot pu\u00f2 utilizzare servizi esterni per arricchire le sue funzionalit\u00e0. La prima integrazione che lanciamo \u00e8 la possibilit\u00e0 di utilizzare OpenAI (ChatGPT e altri modelli) per elaborare i messaggi di Telegram.<\/p>\n\n<h3 class=\"wp-block-heading\" id=\"&#x43F;&#x43E;&#x434;&#x434;&#x435;&#x440;&#x436;&#x438;&#x432;&#x430;&#x435;&#x43C;&#x44B;&#x435;-&#x43F;&#x43B;&#x430;&#x442;&#x435;&#x436;&#x43D;&#x44B;&#x435;-&#x441;&#x438;&#x441;&#x442;&#x435;&#x43C;&#x44B;\"><span class=\"ez-toc-section\" id=\"Integrazione_con_OpenAI_%E2%80%93_informazioni_generali\"><\/span>Integrazione con OpenAI &#8211; informazioni generali<span class=\"ez-toc-section-end\"><\/span><\/h3>\n\n<p>OpenAI API consente di descrivere in linguaggio semplice l&#8217;azione che si desidera eseguire con un testo o un&#8217;immagine da un messaggio Telegram proveniente da qualsiasi fonte Telegram. Successivamente, il bot invia all&#8217;intelligenza artificiale il messaggio e le istruzioni dell&#8217;utente e pubblica il risultato dell&#8217;elaborazione a una destinazione. I casi d&#8217;uso pi\u00f9 comuni includono la traduzione in un&#8217;altra lingua, l&#8217;analisi e la sintesi di testi lunghi, il filtraggio intelligente, la modifica dei numeri nel testo in base a criteri specifici, la traduzione di immagini in testo, l&#8217;analisi di immagini e altro ancora.<\/p>\n\n<p>\u00c8 possibile attivare l&#8217;integrazione API OpenAI in <strong>Menu \u2192 Impostazioni di inoltro \u2192 Scegli origine e destinazione \u2192 Integrazioni<\/strong>.<\/p>\n\n<p>Poich\u00e9 OpenAI API \u00e8 un prodotto a pagamento, sono previsti due scenari di pagamento: dal vostro pro-bilancio nel bot o dall&#8217;auto-pagamento. Il consiglio generale \u00e8 il seguente: se avete intenzione di fare solo esperimenti con l&#8217;IA, \u00e8 pi\u00f9 facile pagare dal vostro bilancio pro. Se si prevede di utilizzare OpenAI regolarmente per elaborare grandi quantit\u00e0 di dati, \u00e8 possibile risparmiare creando un proprio account OpenAI.<\/p>\n\n<h4 class=\"wp-block-heading\">Pagare dal proprio pro-bilancio<\/h4>\n\n<p>Questa modalit\u00e0 di pagamento \u00e8 la pi\u00f9 semplice. \u00c8 utilizzato per impostazione predefinita e non richiede alcuna azione aggiuntiva da parte dell&#8217;utente. \u00c8 sufficiente attivare l&#8217;integrazione API OpenAI nelle impostazioni di inoltro e impostare i parametri richiesti. Dopo ogni utilizzo riuscito dell&#8217;API, insieme al risultato, riceviamo il costo della chiamata in token OpenAI API e lo deduciamo dal vostro pro-bilancio secondo le tariffe indicate di seguito.<\/p>\n\t\n<div class=\"wp-block-inline-spoilers-block\"><div class=\"spoiler-wrap\"><div class=\"spoiler-head collapsed\" title=\"Espandi\">Prezzo dei gettoni per i diversi modelli<\/div><div class=\"spoiler-body\" style=\"display:none\"><strong>gpt-4-1106-preview<\/strong> &#8211; 0,02 EUR per 1000 gettoni di input, 0,06 EUR per 1000 gettoni di output<br><strong>gpt-4<\/strong> &#8211; 0,06 EUR per 1000 gettoni di ingresso, 0,12 EUR per 1000 gettoni di uscita<br><strong>gpt-3.5-turbo<\/strong> &#8211; 0,002 EUR per 1000 gettoni di ingresso, 0,004 EUR per 1000 gettoni di uscita<br><br><strong>Importo minimo di addebito &#8211; 0,01 EUR<\/strong>.<br>Ad esempio, la traduzione di un post di 1000 caratteri (circa 500 token di input e 500 di output) con il modello <strong>gpt-4-1106-preview<\/strong> coster\u00e0 0,03-0,05 euro. L&#8217;utilizzo di un modello <strong>gpt-3,5-turbo<\/strong> per lo stesso compito coster\u00e0 0,01 euro.<\/div><noscript><div class=\"spoiler-body\"><strong>gpt-4-1106-preview<\/strong> &#8211; 0,02 EUR per 1000 gettoni di input, 0,06 EUR per 1000 gettoni di output<br><strong>gpt-4<\/strong> &#8211; 0,06 EUR per 1000 gettoni di ingresso, 0,12 EUR per 1000 gettoni di uscita<br><strong>gpt-3.5-turbo<\/strong> &#8211; 0,002 EUR per 1000 gettoni di ingresso, 0,004 EUR per 1000 gettoni di uscita<br><br><strong>Importo minimo di addebito &#8211; 0,01 EUR<\/strong>.<br>Ad esempio, la traduzione di un post di 1000 caratteri (circa 500 token di input e 500 di output) con il modello <strong>gpt-4-1106-preview<\/strong> coster\u00e0 0,03-0,05 euro. L&#8217;utilizzo di un modello <strong>gpt-3,5-turbo<\/strong> per lo stesso compito coster\u00e0 0,01 euro.<\/div><\/noscript><\/div><\/div>\n\n<p><\/p>\n\n<h4 class=\"wp-block-heading\">Pagare dal proprio conto OpenAI<\/h4>\n\n<p>\u00c8 possibile registrarsi sulla piattaforma OpenAI, acquistare un abbonamento a pagamento e <a href=\"https:\/\/platform.openai.com\/account\/api-keys\">creare la propria chiave API<\/a>. Quindi, \u00e8 necessario inserire questa chiave in <strong>\n  <strong>Menu \u2192 Preferenze \u2192 OpenAI.<\/strong>\n<\/strong> Se nelle preferenze \u00e8 presente una chiave API, il bot utilizzer\u00e0 il vostro account OpenAI e non verranno addebitati costi aggiuntivi al vostro saldo nel bot stesso.<\/p>\n\n<p>Importante: Affinch\u00e9 la chiave funzioni, \u00e8 necessario che almeno un metodo di pagamento sia collegato al proprio account OpenAI. Si noti inoltre che un account OpenAI e un account ChatGPT non sono la stessa cosa.<\/p>\n\n<p>Vantaggi: \u00e8 pi\u00f9 economico rispetto al pagamento con pro-balance; inoltre, si ha accesso alle statistiche di utilizzo.  <br\/>Svantaggi: \u00e8 necessario assicurarsi che il proprio account OpenAI sia pagato e abbia crediti sufficienti.<\/p>\n\n<h3 class=\"wp-block-heading\" id=\"&#x43F;&#x43E;&#x43A;&#x443;&#x43F;&#x43A;&#x430;-&#x441;&#x442;&#x430;&#x43D;&#x434;&#x430;&#x440;&#x442;&#x43D;&#x43E;&#x433;&#x43E;-&#x430;&#x43A;&#x43A;&#x430;&#x443;&#x43D;&#x442;&#x430;\"><span class=\"ez-toc-section\" id=\"Chat_OpenAI\"><\/span>Chat OpenAI<span class=\"ez-toc-section-end\"><\/span><\/h3>\n\n<p>\u00c8 possibile attivare l&#8217;elaborazione dei messaggi attraverso il servizio <a href=\"https:\/\/platform.openai.com\/docs\/guides\/text-generation\/chat-completions-api\">OpenAI Chat<\/a> in <strong>Menu \u2192 Impostazioni di inoltro \u2192 Scegli origine e destinazione \u2192 Integrazioni<\/strong>. Sono disponibili le seguenti impostazioni.<\/p>\n\n<h4 class=\"wp-block-heading\">Modello di promemoria<\/h4>\n\n<p>Un prompt \u00e8 il testo che contiene le istruzioni per l&#8217;IA. Poich\u00e9 il prompt sar\u00e0 probabilmente composto sia da istruzioni che dal testo del messaggio da elaborare, un modello offre un modo pratico per combinarli. Come modello si pu\u00f2 scrivere qualsiasi testo che descriva il compito e inserire un tag speciale <code>${body}<\/code> all&#8217;interno. Quindi, nel punto del testo in cui \u00e8 specificato questo tag, il bot aggiunger\u00e0 il testo del messaggio da elaborare. Nel caso pi\u00f9 semplice, basta descrivere il compito e aggiungere <code>${body}<\/code> alla fine. Si vedano gli esempi seguenti su come utilizzarlo.<\/p>\n\n<h4 class=\"wp-block-heading\">Modello<\/h4>\n\n<p>I modelli si differenziano per il costo, l&#8217;intelligenza e alcune altre caratteristiche. Per la maggior parte delle applicazioni, il modello pi\u00f9 economico gpt-3-turbo \u00e8 sufficiente. Per saperne di pi\u00f9 sui diversi modelli, <a href=\"https:\/\/platform.openai.com\/docs\/guides\/text-generation\/text-generation-models\">consultare il sito<\/a>.<\/p>\n\n<h4 class=\"wp-block-heading\">Creativit\u00e0<\/h4>\n\n<p>Questo parametro \u00e8 chiamato anche &#8220;temperatura&#8221;. Pi\u00f9 alta \u00e8 la temperatura, pi\u00f9 artistica sar\u00e0 la risposta. Pi\u00f9 bassa \u00e8 la temperatura, pi\u00f9 &#8220;scientifica&#8221; sar\u00e0 la risposta, pi\u00f9 accurata, pi\u00f9 fattuale. Per la maggior parte dei casi, \u00e8 possibile lasciare questo parametro uguale a 1.<\/p>\n\n<h3 class=\"wp-block-heading\"><span class=\"ez-toc-section\" id=\"Esempi\"><\/span>Esempi<span class=\"ez-toc-section-end\"><\/span><\/h3>\n\n<h4 class=\"wp-block-heading\">Traduzione<\/h4>\n\n<p>\u00c8 possibile creare dei mirror automatici del proprio canale in pi\u00f9 lingue contemporaneamente. A tal fine, impostare la copia dal canale originale ai canali nelle lingue corrispondenti e impostare le istruzioni appropriate per l&#8217;IA nelle impostazioni di integrazione.<\/p>\n\n<p><strong>Modello di prompt:<\/strong><br\/><code>Translate the following text into a German language:<br\/>${body}<\/code><\/p>\n\n<p>\u00c8 possibile mantenere le impostazioni predefinite di <strong>Modello <\/strong>e <strong>Creativit\u00e0 <\/strong>.<\/p>\n\n<figure class=\"wp-block-image size-large is-resized\"><img loading=\"lazy\" decoding=\"async\" width=\"655\" height=\"1024\" loading=\"lazy\" src=\"\/wp-content\/uploads\/2023\/11\/image-2-655x1024.png\" alt=\"\" class=\"wp-image-3528\" style=\"width:242px;height:auto\" srcset=\"https:\/\/old.junctionbot.io\/wp-content\/uploads\/2023\/11\/image-2-655x1024.png 655w, https:\/\/old.junctionbot.io\/wp-content\/uploads\/2023\/11\/image-2-192x300.png 192w, https:\/\/old.junctionbot.io\/wp-content\/uploads\/2023\/11\/image-2-768x1201.png 768w, https:\/\/old.junctionbot.io\/wp-content\/uploads\/2023\/11\/image-2.png 934w\" sizes=\"auto, (max-width: 655px) 100vw, 655px\" \/><\/figure>\n\n<h4 class=\"wp-block-heading\">Filtraggio<\/h4>\n\n<p>\u00c8 possibile utilizzare l&#8217;intelligenza artificiale come filtro intelligente. Analizzer\u00e0 il testo in base ai vostri criteri e dar\u00e0 il via libera alla pubblicazione. Poich\u00e9 <a href=\"\/filtering\/\">i filtri abituali<\/a> vengono applicati prima dell&#8217;elaborazione attraverso l&#8217;IA, \u00e8 necessario creare prima un reindirizzamento a un canale intermedio con i seguenti parametri:<\/p>\n\n<p><strong>Modello di prompt:<\/strong><br\/><code>If the following text mentions a probability of a success of a deal equal or greater than 90%, reply to me with this text unchanged. If it does not occur, reply to me with the message \"<code>copying not required<\/code>\".<br\/>${body}<\/code>.<\/p>\n\n<p>\u00c8 possibile mantenere le impostazioni predefinite di <strong>Modello <\/strong>e <strong>Creativit\u00e0 <\/strong>.<\/p>\n\n<p>Quindi, configurare un reindirizzamento dal canale intermedio a quello finale, impostando i filtri abituali per non far passare i messaggi con il testo &#8220;<code>copying not required<\/code>&#8220;.<\/p>\n","protected":false},"excerpt":{"rendered":"<p>Integrazioni Il bot pu\u00f2 utilizzare servizi esterni per arricchire le sue funzionalit\u00e0. La prima integrazione che lanciamo \u00e8 la possibilit\u00e0 di utilizzare OpenAI (ChatGPT e altri modelli) per elaborare i messaggi di Telegram. Integrazione con OpenAI &#8211; informazioni generali OpenAI API consente di descrivere in linguaggio semplice l&#8217;azione che si desidera eseguire con un testo [&hellip;]<\/p>\n","protected":false},"author":2,"featured_media":0,"parent":0,"menu_order":0,"comment_status":"closed","ping_status":"closed","template":"","meta":{"nf_dc_page":"","_monsterinsights_skip_tracking":false,"_monsterinsights_sitenote_active":false,"_monsterinsights_sitenote_note":"","_monsterinsights_sitenote_category":0,"ocean_post_layout":"","ocean_both_sidebars_style":"","ocean_both_sidebars_content_width":0,"ocean_both_sidebars_sidebars_width":0,"ocean_sidebar":"0","ocean_second_sidebar":"0","ocean_disable_margins":"enable","ocean_add_body_class":"","ocean_shortcode_before_top_bar":"","ocean_shortcode_after_top_bar":"","ocean_shortcode_before_header":"","ocean_shortcode_after_header":"","ocean_has_shortcode":"","ocean_shortcode_after_title":"","ocean_shortcode_before_footer_widgets":"","ocean_shortcode_after_footer_widgets":"","ocean_shortcode_before_footer_bottom":"","ocean_shortcode_after_footer_bottom":"","ocean_display_top_bar":"default","ocean_display_header":"default","ocean_header_style":"","ocean_center_header_left_menu":"0","ocean_custom_header_template":"0","ocean_custom_logo":0,"ocean_custom_retina_logo":0,"ocean_custom_logo_max_width":0,"ocean_custom_logo_tablet_max_width":0,"ocean_custom_logo_mobile_max_width":0,"ocean_custom_logo_max_height":0,"ocean_custom_logo_tablet_max_height":0,"ocean_custom_logo_mobile_max_height":0,"ocean_header_custom_menu":"0","ocean_menu_typo_font_family":"0","ocean_menu_typo_font_subset":"","ocean_menu_typo_font_size":0,"ocean_menu_typo_font_size_tablet":0,"ocean_menu_typo_font_size_mobile":0,"ocean_menu_typo_font_size_unit":"px","ocean_menu_typo_font_weight":"","ocean_menu_typo_font_weight_tablet":"","ocean_menu_typo_font_weight_mobile":"","ocean_menu_typo_transform":"","ocean_menu_typo_transform_tablet":"","ocean_menu_typo_transform_mobile":"","ocean_menu_typo_line_height":0,"ocean_menu_typo_line_height_tablet":0,"ocean_menu_typo_line_height_mobile":0,"ocean_menu_typo_line_height_unit":"","ocean_menu_typo_spacing":0,"ocean_menu_typo_spacing_tablet":0,"ocean_menu_typo_spacing_mobile":0,"ocean_menu_typo_spacing_unit":"","ocean_menu_link_color":"","ocean_menu_link_color_hover":"","ocean_menu_link_color_active":"","ocean_menu_link_background":"","ocean_menu_link_hover_background":"","ocean_menu_link_active_background":"","ocean_menu_social_links_bg":"","ocean_menu_social_hover_links_bg":"","ocean_menu_social_links_color":"","ocean_menu_social_hover_links_color":"","ocean_disable_title":"default","ocean_disable_heading":"default","ocean_post_title":"","ocean_post_subheading":"","ocean_post_title_style":"","ocean_post_title_background_color":"","ocean_post_title_background":0,"ocean_post_title_bg_image_position":"","ocean_post_title_bg_image_attachment":"","ocean_post_title_bg_image_repeat":"","ocean_post_title_bg_image_size":"","ocean_post_title_height":0,"ocean_post_title_bg_overlay":0.5,"ocean_post_title_bg_overlay_color":"","ocean_disable_breadcrumbs":"default","ocean_breadcrumbs_color":"","ocean_breadcrumbs_separator_color":"","ocean_breadcrumbs_links_color":"","ocean_breadcrumbs_links_hover_color":"","ocean_display_footer_widgets":"default","ocean_display_footer_bottom":"default","ocean_custom_footer_template":"0","footnotes":""},"class_list":["post-4141","page","type-page","status-publish","hentry","entry"],"yoast_head":"<!-- This site is optimized with the Yoast SEO plugin v26.9 - https:\/\/yoast.com\/product\/yoast-seo-wordpress\/ -->\n<title>Junction Bot - Integrazioni<\/title>\n<meta name=\"robots\" content=\"index, follow, max-snippet:-1, max-image-preview:large, max-video-preview:-1\" \/>\n<link rel=\"canonical\" href=\"https:\/\/old.junctionbot.io\/it\/integrazioni\/\" \/>\n<meta property=\"og:locale\" content=\"it_IT\" \/>\n<meta property=\"og:type\" content=\"article\" \/>\n<meta property=\"og:title\" content=\"Junction Bot - Integrazioni\" \/>\n<meta property=\"og:description\" content=\"Integrazioni Il bot pu\u00f2 utilizzare servizi esterni per arricchire le sue funzionalit\u00e0. La prima integrazione che lanciamo \u00e8 la possibilit\u00e0 di utilizzare OpenAI (ChatGPT e altri modelli) per elaborare i messaggi di Telegram. Integrazione con OpenAI &#8211; informazioni generali OpenAI API consente di descrivere in linguaggio semplice l&#8217;azione che si desidera eseguire con un testo [&hellip;]\" \/>\n<meta property=\"og:url\" content=\"https:\/\/old.junctionbot.io\/it\/integrazioni\/\" \/>\n<meta property=\"og:site_name\" content=\"Junction Bot\" \/>\n<meta property=\"article:modified_time\" content=\"2023-12-05T10:31:38+00:00\" \/>\n<meta name=\"twitter:card\" content=\"summary_large_image\" \/>\n<meta name=\"twitter:label1\" content=\"Tempo di lettura stimato\" \/>\n\t<meta name=\"twitter:data1\" content=\"5 minuti\" \/>\n<script type=\"application\/ld+json\" class=\"yoast-schema-graph\">{\"@context\":\"https:\/\/schema.org\",\"@graph\":[{\"@type\":\"WebPage\",\"@id\":\"https:\/\/old.junctionbot.io\/it\/integrazioni\/\",\"url\":\"https:\/\/old.junctionbot.io\/it\/integrazioni\/\",\"name\":\"Junction Bot - Integrazioni\",\"isPartOf\":{\"@id\":\"https:\/\/junctionbot.io\/#website\"},\"datePublished\":\"2023-11-13T17:47:39+00:00\",\"dateModified\":\"2023-12-05T10:31:38+00:00\",\"breadcrumb\":{\"@id\":\"https:\/\/old.junctionbot.io\/it\/integrazioni\/#breadcrumb\"},\"inLanguage\":\"it-IT\",\"potentialAction\":[{\"@type\":\"ReadAction\",\"target\":[\"https:\/\/old.junctionbot.io\/it\/integrazioni\/\"]}]},{\"@type\":\"BreadcrumbList\",\"@id\":\"https:\/\/old.junctionbot.io\/it\/integrazioni\/#breadcrumb\",\"itemListElement\":[{\"@type\":\"ListItem\",\"position\":1,\"name\":\"Home\",\"item\":\"https:\/\/junctionbot.io\/it\/\"},{\"@type\":\"ListItem\",\"position\":2,\"name\":\"Integrazioni\"}]},{\"@type\":\"WebSite\",\"@id\":\"https:\/\/junctionbot.io\/#website\",\"url\":\"https:\/\/junctionbot.io\/\",\"name\":\"Junction Bot\",\"description\":\"Auto Copy Forward Transform and Translate Telegram Channels Groups and Bots\",\"publisher\":{\"@id\":\"https:\/\/junctionbot.io\/#organization\"},\"potentialAction\":[{\"@type\":\"SearchAction\",\"target\":{\"@type\":\"EntryPoint\",\"urlTemplate\":\"https:\/\/junctionbot.io\/?s={search_term_string}\"},\"query-input\":{\"@type\":\"PropertyValueSpecification\",\"valueRequired\":true,\"valueName\":\"search_term_string\"}}],\"inLanguage\":\"it-IT\"},{\"@type\":\"Organization\",\"@id\":\"https:\/\/junctionbot.io\/#organization\",\"name\":\"Junction Bot\",\"url\":\"https:\/\/junctionbot.io\/\",\"logo\":{\"@type\":\"ImageObject\",\"inLanguage\":\"it-IT\",\"@id\":\"https:\/\/junctionbot.io\/#\/schema\/logo\/image\/\",\"url\":\"\/wp-content\/uploads\/2020\/06\/junc_logo-400.jpg\",\"contentUrl\":\"\/wp-content\/uploads\/2020\/06\/junc_logo-400.jpg\",\"width\":400,\"height\":400,\"caption\":\"Junction Bot\"},\"image\":{\"@id\":\"https:\/\/junctionbot.io\/#\/schema\/logo\/image\/\"}}]}<\/script>\n<!-- \/ Yoast SEO plugin. -->","yoast_head_json":{"title":"Junction Bot - Integrazioni","robots":{"index":"index","follow":"follow","max-snippet":"max-snippet:-1","max-image-preview":"max-image-preview:large","max-video-preview":"max-video-preview:-1"},"canonical":"https:\/\/old.junctionbot.io\/it\/integrazioni\/","og_locale":"it_IT","og_type":"article","og_title":"Junction Bot - Integrazioni","og_description":"Integrazioni Il bot pu\u00f2 utilizzare servizi esterni per arricchire le sue funzionalit\u00e0. La prima integrazione che lanciamo \u00e8 la possibilit\u00e0 di utilizzare OpenAI (ChatGPT e altri modelli) per elaborare i messaggi di Telegram. Integrazione con OpenAI &#8211; informazioni generali OpenAI API consente di descrivere in linguaggio semplice l&#8217;azione che si desidera eseguire con un testo [&hellip;]","og_url":"https:\/\/old.junctionbot.io\/it\/integrazioni\/","og_site_name":"Junction Bot","article_modified_time":"2023-12-05T10:31:38+00:00","twitter_card":"summary_large_image","twitter_misc":{"Tempo di lettura stimato":"5 minuti"},"schema":{"@context":"https:\/\/schema.org","@graph":[{"@type":"WebPage","@id":"https:\/\/old.junctionbot.io\/it\/integrazioni\/","url":"https:\/\/old.junctionbot.io\/it\/integrazioni\/","name":"Junction Bot - Integrazioni","isPartOf":{"@id":"https:\/\/junctionbot.io\/#website"},"datePublished":"2023-11-13T17:47:39+00:00","dateModified":"2023-12-05T10:31:38+00:00","breadcrumb":{"@id":"https:\/\/old.junctionbot.io\/it\/integrazioni\/#breadcrumb"},"inLanguage":"it-IT","potentialAction":[{"@type":"ReadAction","target":["https:\/\/old.junctionbot.io\/it\/integrazioni\/"]}]},{"@type":"BreadcrumbList","@id":"https:\/\/old.junctionbot.io\/it\/integrazioni\/#breadcrumb","itemListElement":[{"@type":"ListItem","position":1,"name":"Home","item":"https:\/\/junctionbot.io\/it\/"},{"@type":"ListItem","position":2,"name":"Integrazioni"}]},{"@type":"WebSite","@id":"https:\/\/junctionbot.io\/#website","url":"https:\/\/junctionbot.io\/","name":"Junction Bot","description":"Auto Copy Forward Transform and Translate Telegram Channels Groups and Bots","publisher":{"@id":"https:\/\/junctionbot.io\/#organization"},"potentialAction":[{"@type":"SearchAction","target":{"@type":"EntryPoint","urlTemplate":"https:\/\/junctionbot.io\/?s={search_term_string}"},"query-input":{"@type":"PropertyValueSpecification","valueRequired":true,"valueName":"search_term_string"}}],"inLanguage":"it-IT"},{"@type":"Organization","@id":"https:\/\/junctionbot.io\/#organization","name":"Junction Bot","url":"https:\/\/junctionbot.io\/","logo":{"@type":"ImageObject","inLanguage":"it-IT","@id":"https:\/\/junctionbot.io\/#\/schema\/logo\/image\/","url":"\/wp-content\/uploads\/2020\/06\/junc_logo-400.jpg","contentUrl":"\/wp-content\/uploads\/2020\/06\/junc_logo-400.jpg","width":400,"height":400,"caption":"Junction Bot"},"image":{"@id":"https:\/\/junctionbot.io\/#\/schema\/logo\/image\/"}}]}},"_links":{"self":[{"href":"https:\/\/old.junctionbot.io\/it\/wp-json\/wp\/v2\/pages\/4141","targetHints":{"allow":["GET"]}}],"collection":[{"href":"https:\/\/old.junctionbot.io\/it\/wp-json\/wp\/v2\/pages"}],"about":[{"href":"https:\/\/old.junctionbot.io\/it\/wp-json\/wp\/v2\/types\/page"}],"author":[{"embeddable":true,"href":"https:\/\/old.junctionbot.io\/it\/wp-json\/wp\/v2\/users\/2"}],"replies":[{"embeddable":true,"href":"https:\/\/old.junctionbot.io\/it\/wp-json\/wp\/v2\/comments?post=4141"}],"version-history":[{"count":1,"href":"https:\/\/old.junctionbot.io\/it\/wp-json\/wp\/v2\/pages\/4141\/revisions"}],"predecessor-version":[{"id":4154,"href":"https:\/\/old.junctionbot.io\/it\/wp-json\/wp\/v2\/pages\/4141\/revisions\/4154"}],"wp:attachment":[{"href":"https:\/\/old.junctionbot.io\/it\/wp-json\/wp\/v2\/media?parent=4141"}],"curies":[{"name":"wp","href":"https:\/\/api.w.org\/{rel}","templated":true}]}}