{"id":4179,"date":"2020-04-17T11:29:29","date_gmt":"2020-04-17T09:29:29","guid":{"rendered":"https:\/\/junctionbot.io\/getting-started\/\/abbonamenti\/"},"modified":"2023-12-05T12:31:37","modified_gmt":"2023-12-05T10:31:37","slug":"abbonamenti","status":"publish","type":"page","link":"https:\/\/old.junctionbot.io\/it\/abbonamenti\/","title":{"rendered":"Abbonamenti"},"content":{"rendered":"\n<h2 class=\"wp-block-heading\"><span class=\"ez-toc-section\" id=\"Abbonamenti\"><\/span>Abbonamenti<span class=\"ez-toc-section-end\"><\/span><\/h2>\n\n<p>Utilizzando Junction bot \u00e8 possibile abbonarsi per leggere canali e gruppi &#8211; questo \u00e8 ci\u00f2 che chiamiamo <strong>abbonamento. <\/strong>\u00c8 possibile leggere diverse fonti come un unico feed. Non significa per\u00f2 &#8220;uno&#8221; alla lettera! Potete creare tutti i feed che volete. Ad esempio, per raggruppare diverse fonti in base all&#8217;argomento (feed con i vostri blogger preferiti, feed con notizie di crittografia, feed con gatti carini, ecc.)<\/p>\n\n<p>Per conoscere le limitazioni e i prezzi, consultate <a href=\"\/it\/scegliere-il-tipo-di-conto-giusto\/\">qui<\/a>.<\/p>\n\n<h3 class=\"wp-block-heading\"><span class=\"ez-toc-section\" id=\"Leggere_i_messaggi_in_un_unico_feed\"><\/span>Leggere i messaggi in un unico feed<span class=\"ez-toc-section-end\"><\/span><\/h3>\n\n<p>Per prima cosa, fate amicizia con il bot (trovate @junction_bot tramite la ricerca su Telegram o fate clic <a href=\"https:\/\/t.me\/junction_bot\">qui<\/a>).<\/p>\n\n<ol class=\"wp-block-list\">\n<li>Inviate al bot @nome_canale o un link di invito del canale che volete aggiungere.<\/li>\n\n\n\n<li>Se non siete sicuri del nome del canale, usate la modalit\u00e0 inline: inserite il mio nome nella chat &#8211; @junction_bot, poi uno spazio e poi tutto ci\u00f2 che state cercando (ad esempio, <code>@junction_bot bitcoin<\/code>). Vi mostrer\u00f2 tutti i canali che conosco che contengono questa parola nei nomi, nei titoli o nelle descrizioni.<\/li>\n<\/ol>\n\n<p>Non \u00e8 necessario <strong>essere membri di questo canale<\/strong>!<\/p>\n\n<p>Scoprite cosa potete fare con il vostro abbonamento <a href=\"\/it\/impostazioni-e-caratteristiche\/\">qui<\/a>.<\/p>\n\n<h3 class=\"wp-block-heading\"><span class=\"ez-toc-section\" id=\"Leggere_i_messaggi_in_diversi_feed\"><\/span>Leggere i messaggi in diversi feed<span class=\"ez-toc-section-end\"><\/span><\/h3>\n\n<p>A volte \u00e8 pi\u00f9 comodo raggruppare i messaggi in arrivo in diversi feed. \u00c8 possibile personalizzare in modo flessibile i feed utilizzando, ad esempio, <a href=\"\/filtering\/\">regole di filtraggio<\/a> e impostando titoli e immagini diversi.<\/p>\n\n<p>Per creare pi\u00f9 feed:<br\/><strong>1.<\/strong> Creare una chat e invitare @junction_bot come amministratore. Non dovrebbero essere presenti altri utenti o bot, tranne voi! Chiamiamo questa chat una chat <strong>di servizio<\/strong> (una chat che ha come membri solo voi e il bot).<\/p>\n\n<p>Non funziona? Alcuni client Telegram non consentono di creare una chat vuota con il bot. Utilizzare la seguente soluzione:<br\/>a) creare una chat e aggiungervi qualsiasi persona<br\/>b) rimuovere questa persona<br\/>c) aggiungere @junction_bot ai membri<br\/>Mantenere esattamente questo ordine!<\/p>\n\n<p><strong>2.<\/strong> Ora \u00e8 possibile gestire le sottoscrizioni (vedere l&#8217;elenco dei comandi <a href=\"#Commands\">qui<\/a>) e il feed stesso. \u00c8 possibile modificare il nome della chat e l&#8217;immagine del feed, applicare <a href=\"\/filtering\/\">filtri<\/a> e cos\u00ec via!<\/p>\n\n<p>Per vedere tutte le chat di servizio utilizzate il comando \/subs (ex \/list).  <\/p>\n\n<p>Le sottoscrizioni lette in una chat di servizio devono essere gestite in quella chat (non nella chat principale con @junction_bot). Il numero di abbonamenti attivi \u00e8 pari alla somma degli abbonamenti nella chat principale con il bot con tutti gli abbonamenti attivi delle chat di servizio.<\/p>\n\n<p>PS: In questi feed non \u00e8 possibile utilizzare i messaggi inoltrati per iscriversi ai canali. Utilizzare il comando \/join@junction_bot @nome_canale<\/p>\n\n<h3 class=\"wp-block-heading\"><span class=\"ez-toc-section\" id=\"Sfogliare_i_canali\"><\/span>Sfogliare i canali<span class=\"ez-toc-section-end\"><\/span><\/h3>\n\n<p><strong>Trovare nuovi canali <\/strong>&#8211; Junction bot dispone di una funzione per trovare canali simili a quelli dell&#8217;abbonamento attuale. Utilizzate il comando <span class=\"cool-title\">\/find<\/span> per ottenerlo.<\/p>\n\n<p><strong>Cerca i canali per parola<\/strong> &#8211; usa la modalit\u00e0 inline: nella chat con Junction bot inserisci il suo nome (@junction_bot), poi lo spazio e infine tutto ci\u00f2 che stai cercando.  <\/p>\n\n<pre class=\"wp-block-preformatted\">Esempio: <code>@junction_bot bitcoin<\/code> - vi mostrer\u00e0 un elenco di canali che hanno la parola \"bitcoin\" nel loro nome, titolo o descrizione.<\/pre>\n\n<h3 class=\"wp-block-heading\"><span class=\"ez-toc-section\" id=\"Limiti\"><\/span>Limiti<span class=\"ez-toc-section-end\"><\/span><\/h3>\n\n<p>Si avvia Junction bot con una demo con un limite di 100 iscrizioni. Un account gratuito ha un limite di 7 abbonamenti. Per saperne di pi\u00f9 sui diversi tipi di conti, leggete <a href=\"\/it\/scegliere-il-tipo-di-conto-giusto\/\">qui<\/a>.<\/p>\n\n<pre class=\"wp-block-preformatted\"><mark style=\"background-color:rgba(0, 0, 0, 0)\" class=\"has-inline-color has-very-dark-gray-color\"><h3><span class=\"ez-toc-section\" id=\"Comandi\"><\/span>Comandi<span class=\"ez-toc-section-end\"><\/span><\/h3><\/mark><span class=\"cool-title\">\/join<\/span> - iscriversi a un canale.\nFormato:  <code>\/join <a data-type=\"URL\" data-id=\"\/settings-and-features\/#Referencing_a_source_channel\" href=\"\/it\/impostazioni-e-caratteristiche\/#Referencing_a_source_channel\">channel_reference<\/a><\/code>\nEx.  <code>\/join @cool_channel<\/code> \nO  <code>\/join https:\/\/t.me\/joinchat\/BzNPNEIpr5UluNgf7ahmdw<\/code>\n\n<span class=\"cool-title\">\/leave<\/span> - cancella l'iscrizione a un canale.\nFormato:  <code>\/leave <a data-type=\"URL\" data-id=\"\/settings-and-features\/#Referencing_a_source_channel\" href=\"\/it\/impostazioni-e-caratteristiche\/#Referencing_a_source_channel\">channel_reference<\/a><\/code>\nEx.  <code>\/leave <code>@cool_channel<\/code><\/code> \nO  <code>\/leave <code>https:\/\/t.me\/joinchat\/BzNPNEIpr5UluNgf7ahmdw<\/code><\/code>\n\n<span class=\"cool-title\">\/leaveall<\/span> - lascia tutti i canali.\n\n<span class=\"cool-title\">\/disable<\/span> - interrompe la ricezione di messaggi da un canale.\nFormato:  <code>\/disable <a data-type=\"URL\" data-id=\"\/settings-and-features\/#Referencing_a_source_channel\" href=\"\/it\/impostazioni-e-caratteristiche\/#Referencing_a_source_channel\">channel_reference<\/a><\/code>\nEx.  <code>\/disable https:\/\/t.me\/cool_channel<\/code>\n\n<span class=\"cool-title\">\/abilita<\/span> - inizia a ricevere messaggi da un canale.\nFormato:  <code>\/enable <a data-type=\"URL\" data-id=\"\/settings-and-features\/#Referencing_a_source_channel\" href=\"\/it\/impostazioni-e-caratteristiche\/#Referencing_a_source_channel\">channel_reference<\/a><\/code>\nEx.  <code>\/enable https:\/\/t.me\/cool_channel<\/code>\n\n<span class=\"cool-title\">\/enableall<\/span> - inizia a ricevere messaggi da tutti i canali a cui si \u00e8 iscritti.\n\n<span class=\"cool-title\">\/disableall<\/span> - interrompe la ricezione di messaggi da tutti i canali a cui si \u00e8 iscritti.\n\n<span class=\"cool-title\">\/subs<\/span> (o il pulsante di menu corrispondente) - mostra gli abbonamenti correnti. Le sottoscrizioni sono contrassegnate da \"+\" o \"-\", il che significa che sono attive o disattivate di conseguenza.\n\n<span class=\"cool-title\">\/find<\/span> - trova canali simili a quelli dell'abbonamento attuale.<\/pre>\n\n<p>???????? Per ulteriori informazioni sulle caratteristiche del bot, consultare <a href=\"\/filtering\/\">il sito<\/a>.<\/p>\n\n<h3 class=\"wp-block-heading\"><span class=\"ez-toc-section\" id=\"Riduzione_dei_ritardi\"><\/span>Riduzione dei ritardi<span class=\"ez-toc-section-end\"><\/span><\/h3>\n\n<p>Per i canali pubblici su un account Standard, la consegna dei messaggi pu\u00f2 richiedere fino a 1 ora. La consegna da parte dei canali privati avviene di solito istantaneamente, ma raramente, una volta ogni tanto, pu\u00f2 saltare fino a 10-20 minuti.<\/p>\n\n<p>Se il canale sorgente \u00e8 completamente nuovo per il sistema e il carico \u00e8 elevato, il bot pu\u00f2 impiegare un po&#8217; di tempo per iniziare a ricevere i messaggi da esso. Vi preghiamo di farci sapere se ci vuole pi\u00f9 di un giorno.<\/p>\n\n<p>Stiamo fornendo un servizio per accelerare la consegna da un canale pubblico, quindi ci vorranno alcuni secondi. Questo servizio costa 1,20 euro al mese per canale. \u00c8 possibile attivare\/disattivare la velocizzazione quando si vuole con il comando <code>\/express<\/code>.<\/p>\n\n<p>Un altro modo per rendere immediata la consegna \u00e8 quello di utilizzare la <a href=\"\/it\/connessione-diretta\/\">connessione diretta<\/a>. Tutti i messaggi provenienti dalla connessione diretta arrivano istantaneamente.<\/p>\n\n<p>Se siete interessati a uno di questi servizi, consultate <a href=\"\/it\/pagamento\/#Buying_an_Extra_Package\">qui<\/a> le modalit\u00e0 di acquisto.<\/p>\n\n<h3 class=\"wp-block-heading\"><span class=\"ez-toc-section\" id=\"Stato_%E2%80%9CIn_attesa%E2%80%9D\"><\/span>Stato &#8220;In attesa&#8221;<span class=\"ez-toc-section-end\"><\/span><\/h3>\n\n<p>Se il canale sorgente \u00e8 completamente nuovo per il sistema e il carico \u00e8 elevato, il bot pu\u00f2 impiegare un po&#8217; di tempo per iniziare a ricevere i messaggi da esso.<\/p>\n\n<p>Se usando il comando <span class=\"cool-title\">\/list<\/span> vedete i canali contrassegnati da PENDING, significa che questi canali sono in attesa di essere collegati al bot. Attendere 10-30 minuti e i messaggi inizieranno ad arrivare.<\/p>\n\n<p>Vi preghiamo di farci sapere se ci vuole pi\u00f9 di un giorno.<\/p>\n\n<h3 class=\"wp-block-heading\"><span class=\"ez-toc-section\" id=\"Rimozione_di_tutti_gli_abbonamenti\"><\/span>Rimozione di tutti gli abbonamenti<span class=\"ez-toc-section-end\"><\/span><\/h3>\n\n<p>Tutte le sottoscrizioni alla chat corrente possono essere cancellate con il comando<br\/><code>\/leaveall<\/code><\/p>\n\n<p>A volte \u00e8 necessario eliminare le iscrizioni a una chat di servizio che non \u00e8 pi\u00f9 disponibile. Utilizzare quindi <code>\/leaveall<\/code> con il numero di chat come argomento. Ad esempio:<br\/><code>\/leaveall 123456789<\/code><\/p>\n\n<h3 class=\"wp-block-heading\"><span class=\"ez-toc-section\" id=\"Se_avete_bisogno_di_piu_di_100_abbonamenti\"><\/span>Se avete bisogno di pi\u00f9 di 100 abbonamenti<span class=\"ez-toc-section-end\"><\/span><\/h3>\n\n<p>Per ottenere pi\u00f9 di 100 abbonamenti \u00e8 necessario creare una chat non di servizio con il bot. Sar\u00e0 considerato un conto separato e, di conseguenza, avr\u00e0 limiti indipendenti. Se acquistate un account standard in questa chat, potete creare altri 100 abbonamenti.  <\/p>\n\n<p>Per creare una chat non di servizio, \u00e8 sufficiente aggiungere qualcun altro alla chat oltre a voi e a <a data-type=\"URL\" data-id=\"https:\/\/t.me\/junction_bot\" href=\"https:\/\/t.me\/junction_bot\">@junction_bot<\/a>: un altro utente o un bot. Successivamente, \u00e8 possibile verificare che la chat sia diventata una chat non di servizio con il comando <code>\/account<\/code>. Quando si nota che la chat \u00e8 diventata una chat non di servizio, \u00e8 possibile rimuovere i partecipanti non necessari.<\/p>\n","protected":false},"excerpt":{"rendered":"<p>Abbonamenti Utilizzando Junction bot \u00e8 possibile abbonarsi per leggere canali e gruppi &#8211; questo \u00e8 ci\u00f2 che chiamiamo abbonamento. \u00c8 possibile leggere diverse fonti come un unico feed. Non significa per\u00f2 &#8220;uno&#8221; alla lettera! Potete creare tutti i feed che volete. Ad esempio, per raggruppare diverse fonti in base all&#8217;argomento (feed con i vostri blogger [&hellip;]<\/p>\n","protected":false},"author":1,"featured_media":0,"parent":0,"menu_order":0,"comment_status":"closed","ping_status":"closed","template":"","meta":{"nf_dc_page":"","_monsterinsights_skip_tracking":false,"_monsterinsights_sitenote_active":false,"_monsterinsights_sitenote_note":"","_monsterinsights_sitenote_category":0,"ocean_post_layout":"","ocean_both_sidebars_style":"","ocean_both_sidebars_content_width":0,"ocean_both_sidebars_sidebars_width":0,"ocean_sidebar":"0","ocean_second_sidebar":"0","ocean_disable_margins":"enable","ocean_add_body_class":"","ocean_shortcode_before_top_bar":"","ocean_shortcode_after_top_bar":"","ocean_shortcode_before_header":"","ocean_shortcode_after_header":"","ocean_has_shortcode":"","ocean_shortcode_after_title":"","ocean_shortcode_before_footer_widgets":"","ocean_shortcode_after_footer_widgets":"","ocean_shortcode_before_footer_bottom":"","ocean_shortcode_after_footer_bottom":"","ocean_display_top_bar":"default","ocean_display_header":"default","ocean_header_style":"","ocean_center_header_left_menu":"0","ocean_custom_header_template":"0","ocean_custom_logo":0,"ocean_custom_retina_logo":0,"ocean_custom_logo_max_width":0,"ocean_custom_logo_tablet_max_width":0,"ocean_custom_logo_mobile_max_width":0,"ocean_custom_logo_max_height":0,"ocean_custom_logo_tablet_max_height":0,"ocean_custom_logo_mobile_max_height":0,"ocean_header_custom_menu":"0","ocean_menu_typo_font_family":"0","ocean_menu_typo_font_subset":"","ocean_menu_typo_font_size":0,"ocean_menu_typo_font_size_tablet":0,"ocean_menu_typo_font_size_mobile":0,"ocean_menu_typo_font_size_unit":"px","ocean_menu_typo_font_weight":"","ocean_menu_typo_font_weight_tablet":"","ocean_menu_typo_font_weight_mobile":"","ocean_menu_typo_transform":"","ocean_menu_typo_transform_tablet":"","ocean_menu_typo_transform_mobile":"","ocean_menu_typo_line_height":0,"ocean_menu_typo_line_height_tablet":0,"ocean_menu_typo_line_height_mobile":0,"ocean_menu_typo_line_height_unit":"","ocean_menu_typo_spacing":0,"ocean_menu_typo_spacing_tablet":0,"ocean_menu_typo_spacing_mobile":0,"ocean_menu_typo_spacing_unit":"","ocean_menu_link_color":"","ocean_menu_link_color_hover":"","ocean_menu_link_color_active":"","ocean_menu_link_background":"","ocean_menu_link_hover_background":"","ocean_menu_link_active_background":"","ocean_menu_social_links_bg":"","ocean_menu_social_hover_links_bg":"","ocean_menu_social_links_color":"","ocean_menu_social_hover_links_color":"","ocean_disable_title":"default","ocean_disable_heading":"default","ocean_post_title":"","ocean_post_subheading":"","ocean_post_title_style":"","ocean_post_title_background_color":"","ocean_post_title_background":0,"ocean_post_title_bg_image_position":"","ocean_post_title_bg_image_attachment":"","ocean_post_title_bg_image_repeat":"","ocean_post_title_bg_image_size":"","ocean_post_title_height":0,"ocean_post_title_bg_overlay":0.5,"ocean_post_title_bg_overlay_color":"","ocean_disable_breadcrumbs":"default","ocean_breadcrumbs_color":"","ocean_breadcrumbs_separator_color":"","ocean_breadcrumbs_links_color":"","ocean_breadcrumbs_links_hover_color":"","ocean_display_footer_widgets":"default","ocean_display_footer_bottom":"default","ocean_custom_footer_template":"0","footnotes":""},"class_list":["post-4179","page","type-page","status-publish","hentry","entry"],"yoast_head":"<!-- This site is optimized with the Yoast SEO plugin v26.9 - https:\/\/yoast.com\/product\/yoast-seo-wordpress\/ -->\n<title>Junction Bot - Abbonamenti<\/title>\n<meta name=\"description\" content=\"Leggete i vostri canali e gruppi Telegram preferiti in un unico feed (o create diversi feed personalizzati).\" \/>\n<meta name=\"robots\" content=\"index, follow, max-snippet:-1, max-image-preview:large, max-video-preview:-1\" \/>\n<link rel=\"canonical\" href=\"https:\/\/old.junctionbot.io\/it\/abbonamenti\/\" \/>\n<meta property=\"og:locale\" content=\"it_IT\" \/>\n<meta property=\"og:type\" content=\"article\" \/>\n<meta property=\"og:title\" content=\"Junction Bot - Abbonamenti\" \/>\n<meta property=\"og:description\" content=\"Leggete i vostri canali e gruppi Telegram preferiti in un unico feed (o create diversi feed personalizzati).\" \/>\n<meta property=\"og:url\" content=\"https:\/\/old.junctionbot.io\/it\/abbonamenti\/\" \/>\n<meta property=\"og:site_name\" content=\"Junction Bot\" \/>\n<meta property=\"article:modified_time\" content=\"2023-12-05T10:31:37+00:00\" \/>\n<meta name=\"twitter:card\" content=\"summary_large_image\" \/>\n<meta name=\"twitter:label1\" content=\"Tempo di lettura stimato\" \/>\n\t<meta name=\"twitter:data1\" content=\"5 minuti\" \/>\n<script type=\"application\/ld+json\" class=\"yoast-schema-graph\">{\"@context\":\"https:\/\/schema.org\",\"@graph\":[{\"@type\":\"WebPage\",\"@id\":\"https:\/\/old.junctionbot.io\/it\/abbonamenti\/\",\"url\":\"https:\/\/old.junctionbot.io\/it\/abbonamenti\/\",\"name\":\"Junction Bot - Abbonamenti\",\"isPartOf\":{\"@id\":\"https:\/\/junctionbot.io\/#website\"},\"datePublished\":\"2020-04-17T09:29:29+00:00\",\"dateModified\":\"2023-12-05T10:31:37+00:00\",\"description\":\"Leggete i vostri canali e gruppi Telegram preferiti in un unico feed (o create diversi feed personalizzati).\",\"breadcrumb\":{\"@id\":\"https:\/\/old.junctionbot.io\/it\/abbonamenti\/#breadcrumb\"},\"inLanguage\":\"it-IT\",\"potentialAction\":[{\"@type\":\"ReadAction\",\"target\":[\"https:\/\/old.junctionbot.io\/it\/abbonamenti\/\"]}]},{\"@type\":\"BreadcrumbList\",\"@id\":\"https:\/\/old.junctionbot.io\/it\/abbonamenti\/#breadcrumb\",\"itemListElement\":[{\"@type\":\"ListItem\",\"position\":1,\"name\":\"Home\",\"item\":\"https:\/\/junctionbot.io\/it\/\"},{\"@type\":\"ListItem\",\"position\":2,\"name\":\"Abbonamenti\"}]},{\"@type\":\"WebSite\",\"@id\":\"https:\/\/junctionbot.io\/#website\",\"url\":\"https:\/\/junctionbot.io\/\",\"name\":\"Junction Bot\",\"description\":\"Auto Copy Forward Transform and Translate Telegram Channels Groups and Bots\",\"publisher\":{\"@id\":\"https:\/\/junctionbot.io\/#organization\"},\"potentialAction\":[{\"@type\":\"SearchAction\",\"target\":{\"@type\":\"EntryPoint\",\"urlTemplate\":\"https:\/\/junctionbot.io\/?s={search_term_string}\"},\"query-input\":{\"@type\":\"PropertyValueSpecification\",\"valueRequired\":true,\"valueName\":\"search_term_string\"}}],\"inLanguage\":\"it-IT\"},{\"@type\":\"Organization\",\"@id\":\"https:\/\/junctionbot.io\/#organization\",\"name\":\"Junction Bot\",\"url\":\"https:\/\/junctionbot.io\/\",\"logo\":{\"@type\":\"ImageObject\",\"inLanguage\":\"it-IT\",\"@id\":\"https:\/\/junctionbot.io\/#\/schema\/logo\/image\/\",\"url\":\"\/wp-content\/uploads\/2020\/06\/junc_logo-400.jpg\",\"contentUrl\":\"\/wp-content\/uploads\/2020\/06\/junc_logo-400.jpg\",\"width\":400,\"height\":400,\"caption\":\"Junction Bot\"},\"image\":{\"@id\":\"https:\/\/junctionbot.io\/#\/schema\/logo\/image\/\"}}]}<\/script>\n<!-- \/ Yoast SEO plugin. -->","yoast_head_json":{"title":"Junction Bot - Abbonamenti","description":"Leggete i vostri canali e gruppi Telegram preferiti in un unico feed (o create diversi feed personalizzati).","robots":{"index":"index","follow":"follow","max-snippet":"max-snippet:-1","max-image-preview":"max-image-preview:large","max-video-preview":"max-video-preview:-1"},"canonical":"https:\/\/old.junctionbot.io\/it\/abbonamenti\/","og_locale":"it_IT","og_type":"article","og_title":"Junction Bot - Abbonamenti","og_description":"Leggete i vostri canali e gruppi Telegram preferiti in un unico feed (o create diversi feed personalizzati).","og_url":"https:\/\/old.junctionbot.io\/it\/abbonamenti\/","og_site_name":"Junction Bot","article_modified_time":"2023-12-05T10:31:37+00:00","twitter_card":"summary_large_image","twitter_misc":{"Tempo di lettura stimato":"5 minuti"},"schema":{"@context":"https:\/\/schema.org","@graph":[{"@type":"WebPage","@id":"https:\/\/old.junctionbot.io\/it\/abbonamenti\/","url":"https:\/\/old.junctionbot.io\/it\/abbonamenti\/","name":"Junction Bot - Abbonamenti","isPartOf":{"@id":"https:\/\/junctionbot.io\/#website"},"datePublished":"2020-04-17T09:29:29+00:00","dateModified":"2023-12-05T10:31:37+00:00","description":"Leggete i vostri canali e gruppi Telegram preferiti in un unico feed (o create diversi feed personalizzati).","breadcrumb":{"@id":"https:\/\/old.junctionbot.io\/it\/abbonamenti\/#breadcrumb"},"inLanguage":"it-IT","potentialAction":[{"@type":"ReadAction","target":["https:\/\/old.junctionbot.io\/it\/abbonamenti\/"]}]},{"@type":"BreadcrumbList","@id":"https:\/\/old.junctionbot.io\/it\/abbonamenti\/#breadcrumb","itemListElement":[{"@type":"ListItem","position":1,"name":"Home","item":"https:\/\/junctionbot.io\/it\/"},{"@type":"ListItem","position":2,"name":"Abbonamenti"}]},{"@type":"WebSite","@id":"https:\/\/junctionbot.io\/#website","url":"https:\/\/junctionbot.io\/","name":"Junction Bot","description":"Auto Copy Forward Transform and Translate Telegram Channels Groups and Bots","publisher":{"@id":"https:\/\/junctionbot.io\/#organization"},"potentialAction":[{"@type":"SearchAction","target":{"@type":"EntryPoint","urlTemplate":"https:\/\/junctionbot.io\/?s={search_term_string}"},"query-input":{"@type":"PropertyValueSpecification","valueRequired":true,"valueName":"search_term_string"}}],"inLanguage":"it-IT"},{"@type":"Organization","@id":"https:\/\/junctionbot.io\/#organization","name":"Junction Bot","url":"https:\/\/junctionbot.io\/","logo":{"@type":"ImageObject","inLanguage":"it-IT","@id":"https:\/\/junctionbot.io\/#\/schema\/logo\/image\/","url":"\/wp-content\/uploads\/2020\/06\/junc_logo-400.jpg","contentUrl":"\/wp-content\/uploads\/2020\/06\/junc_logo-400.jpg","width":400,"height":400,"caption":"Junction Bot"},"image":{"@id":"https:\/\/junctionbot.io\/#\/schema\/logo\/image\/"}}]}},"_links":{"self":[{"href":"https:\/\/old.junctionbot.io\/it\/wp-json\/wp\/v2\/pages\/4179","targetHints":{"allow":["GET"]}}],"collection":[{"href":"https:\/\/old.junctionbot.io\/it\/wp-json\/wp\/v2\/pages"}],"about":[{"href":"https:\/\/old.junctionbot.io\/it\/wp-json\/wp\/v2\/types\/page"}],"author":[{"embeddable":true,"href":"https:\/\/old.junctionbot.io\/it\/wp-json\/wp\/v2\/users\/1"}],"replies":[{"embeddable":true,"href":"https:\/\/old.junctionbot.io\/it\/wp-json\/wp\/v2\/comments?post=4179"}],"version-history":[{"count":1,"href":"https:\/\/old.junctionbot.io\/it\/wp-json\/wp\/v2\/pages\/4179\/revisions"}],"predecessor-version":[{"id":4205,"href":"https:\/\/old.junctionbot.io\/it\/wp-json\/wp\/v2\/pages\/4179\/revisions\/4205"}],"wp:attachment":[{"href":"https:\/\/old.junctionbot.io\/it\/wp-json\/wp\/v2\/media?parent=4179"}],"curies":[{"name":"wp","href":"https:\/\/api.w.org\/{rel}","templated":true}]}}