{"id":4470,"date":"2020-04-17T12:48:48","date_gmt":"2020-04-17T10:48:48","guid":{"rendered":"https:\/\/junctionbot.io\/getting-started\/\/parceria\/"},"modified":"2024-01-01T15:34:33","modified_gmt":"2024-01-01T13:34:33","slug":"parceria","status":"publish","type":"page","link":"https:\/\/old.junctionbot.io\/pt-br\/parceria\/","title":{"rendered":"Parceria"},"content":{"rendered":"\n<h2 class=\"wp-block-heading\"><span class=\"ez-toc-section\" id=\"Parceria\"><\/span>Parceria<span class=\"ez-toc-section-end\"><\/span><\/h2>\n\n<h3 class=\"wp-block-heading\"><span class=\"ez-toc-section\" id=\"Sistema_de_referencia\"><\/span>Sistema de refer\u00eancia<span class=\"ez-toc-section-end\"><\/span><\/h3>\n\n<p>Se voc\u00ea mencionar o bot onde os usu\u00e1rios em potencial o ver\u00e3o, use o link de refer\u00eancia.  <\/p>\n\n<p>Voc\u00ea receber\u00e1 +1 semana de uma conta Standard (se tiver uma conta Standard) ou +1 semana de demonstra\u00e7\u00e3o para cada novo usu\u00e1rio que acessar o Junction Bot por meio desse link. Se o usu\u00e1rio convidado comprar uma conta Standard, voc\u00ea receber\u00e1 +30 dias de uma conta Standard (se tiver uma conta Standard) ou +30 dias da demonstra\u00e7\u00e3o. Dessa forma, alguns usu\u00e1rios t\u00eam desfrutado de toda a funcionalidade do @junction_bot gratuitamente h\u00e1 anos.  <\/p>\n\n<p>Se o usu\u00e1rio convidado comprar uma conex\u00e3o direta, voc\u00ea receber\u00e1 \u20ac6 em sua conta pro. Ao mesmo tempo, o usu\u00e1rio receber\u00e1 um desconto de 50% no primeiro m\u00eas, de modo que poder\u00e1 pagar apenas \u20ac6 para ativ\u00e1-lo.<\/p>\n\n<p>Voc\u00ea pode obter seu link de indica\u00e7\u00e3o pessoal com o comando<code> \/referral<\/code>.<\/p>\n\n<h3 class=\"wp-block-heading\"><span class=\"ez-toc-section\" id=\"Propaganda\"><\/span>Propaganda<span class=\"ez-toc-section-end\"><\/span><\/h3>\n\n<p>Entre em contato conosco <a href=\"https:\/\/t.me\/astuteficus\">diretamente<\/a> sobre a publicidade.<\/p>\n\n<h3 class=\"wp-block-heading\"><span class=\"ez-toc-section\" id=\"Empregos\"><\/span>Empregos<span class=\"ez-toc-section-end\"><\/span><\/h3>\n\n<p>Estamos procurando um <strong>gerente de aquisi\u00e7\u00f5es<\/strong> para encontrar clientes para servi\u00e7os profissionais. Oferecemos uma generosa fatia de bolo!<\/p>\n\n<h3 class=\"wp-block-heading\"><span class=\"ez-toc-section\" id=\"Intercambio\"><\/span>Interc\u00e2mbio<span class=\"ez-toc-section-end\"><\/span><\/h3>\n\n<p>Se voc\u00ea tiver um canal com mais de 10 mil usu\u00e1rios, poderemos trocar as promo\u00e7\u00f5es. Voc\u00ea fala de n\u00f3s para seus leitores e n\u00f3s falamos de voc\u00ea para nossos leitores.<\/p>\n","protected":false},"excerpt":{"rendered":"<p>Parceria Sistema de refer\u00eancia Se voc\u00ea mencionar o bot onde os usu\u00e1rios em potencial o ver\u00e3o, use o link de refer\u00eancia. Voc\u00ea receber\u00e1 +1 semana de uma conta Standard (se tiver uma conta Standard) ou +1 semana de demonstra\u00e7\u00e3o para cada novo usu\u00e1rio que acessar o Junction Bot por meio desse link. Se o usu\u00e1rio [&hellip;]<\/p>\n","protected":false},"author":1,"featured_media":0,"parent":0,"menu_order":0,"comment_status":"closed","ping_status":"closed","template":"","meta":{"nf_dc_page":"","_monsterinsights_skip_tracking":false,"_monsterinsights_sitenote_active":false,"_monsterinsights_sitenote_note":"","_monsterinsights_sitenote_category":0,"ocean_post_layout":"","ocean_both_sidebars_style":"","ocean_both_sidebars_content_width":0,"ocean_both_sidebars_sidebars_width":0,"ocean_sidebar":"0","ocean_second_sidebar":"0","ocean_disable_margins":"enable","ocean_add_body_class":"","ocean_shortcode_before_top_bar":"","ocean_shortcode_after_top_bar":"","ocean_shortcode_before_header":"","ocean_shortcode_after_header":"","ocean_has_shortcode":"","ocean_shortcode_after_title":"","ocean_shortcode_before_footer_widgets":"","ocean_shortcode_after_footer_widgets":"","ocean_shortcode_before_footer_bottom":"","ocean_shortcode_after_footer_bottom":"","ocean_display_top_bar":"default","ocean_display_header":"default","ocean_header_style":"","ocean_center_header_left_menu":"0","ocean_custom_header_template":"0","ocean_custom_logo":0,"ocean_custom_retina_logo":0,"ocean_custom_logo_max_width":0,"ocean_custom_logo_tablet_max_width":0,"ocean_custom_logo_mobile_max_width":0,"ocean_custom_logo_max_height":0,"ocean_custom_logo_tablet_max_height":0,"ocean_custom_logo_mobile_max_height":0,"ocean_header_custom_menu":"0","ocean_menu_typo_font_family":"0","ocean_menu_typo_font_subset":"","ocean_menu_typo_font_size":0,"ocean_menu_typo_font_size_tablet":0,"ocean_menu_typo_font_size_mobile":0,"ocean_menu_typo_font_size_unit":"px","ocean_menu_typo_font_weight":"","ocean_menu_typo_font_weight_tablet":"","ocean_menu_typo_font_weight_mobile":"","ocean_menu_typo_transform":"","ocean_menu_typo_transform_tablet":"","ocean_menu_typo_transform_mobile":"","ocean_menu_typo_line_height":0,"ocean_menu_typo_line_height_tablet":0,"ocean_menu_typo_line_height_mobile":0,"ocean_menu_typo_line_height_unit":"","ocean_menu_typo_spacing":0,"ocean_menu_typo_spacing_tablet":0,"ocean_menu_typo_spacing_mobile":0,"ocean_menu_typo_spacing_unit":"","ocean_menu_link_color":"","ocean_menu_link_color_hover":"","ocean_menu_link_color_active":"","ocean_menu_link_background":"","ocean_menu_link_hover_background":"","ocean_menu_link_active_background":"","ocean_menu_social_links_bg":"","ocean_menu_social_hover_links_bg":"","ocean_menu_social_links_color":"","ocean_menu_social_hover_links_color":"","ocean_disable_title":"default","ocean_disable_heading":"default","ocean_post_title":"","ocean_post_subheading":"","ocean_post_title_style":"","ocean_post_title_background_color":"","ocean_post_title_background":0,"ocean_post_title_bg_image_position":"","ocean_post_title_bg_image_attachment":"","ocean_post_title_bg_image_repeat":"","ocean_post_title_bg_image_size":"","ocean_post_title_height":0,"ocean_post_title_bg_overlay":0.5,"ocean_post_title_bg_overlay_color":"","ocean_disable_breadcrumbs":"default","ocean_breadcrumbs_color":"","ocean_breadcrumbs_separator_color":"","ocean_breadcrumbs_links_color":"","ocean_breadcrumbs_links_hover_color":"","ocean_display_footer_widgets":"default","ocean_display_footer_bottom":"default","ocean_custom_footer_template":"0","footnotes":""},"class_list":["post-4470","page","type-page","status-publish","hentry","entry"],"yoast_head":"<!-- This site is optimized with the Yoast SEO plugin v26.9 - https:\/\/yoast.com\/product\/yoast-seo-wordpress\/ -->\n<title>Junction Bot - Parceria<\/title>\n<meta name=\"robots\" content=\"index, follow, max-snippet:-1, max-image-preview:large, max-video-preview:-1\" \/>\n<link rel=\"canonical\" href=\"https:\/\/old.junctionbot.io\/pt-br\/parceria\/\" \/>\n<meta property=\"og:locale\" content=\"pt_BR\" \/>\n<meta property=\"og:type\" content=\"article\" \/>\n<meta property=\"og:title\" content=\"Junction Bot - Parceria\" \/>\n<meta property=\"og:description\" content=\"Parceria Sistema de refer\u00eancia Se voc\u00ea mencionar o bot onde os usu\u00e1rios em potencial o ver\u00e3o, use o link de refer\u00eancia. Voc\u00ea receber\u00e1 +1 semana de uma conta Standard (se tiver uma conta Standard) ou +1 semana de demonstra\u00e7\u00e3o para cada novo usu\u00e1rio que acessar o Junction Bot por meio desse link. Se o usu\u00e1rio [&hellip;]\" \/>\n<meta property=\"og:url\" content=\"https:\/\/old.junctionbot.io\/pt-br\/parceria\/\" \/>\n<meta property=\"og:site_name\" content=\"Junction Bot\" \/>\n<meta property=\"article:modified_time\" content=\"2024-01-01T13:34:33+00:00\" \/>\n<meta name=\"twitter:card\" content=\"summary_large_image\" \/>\n<meta name=\"twitter:label1\" content=\"Est. tempo de leitura\" \/>\n\t<meta name=\"twitter:data1\" content=\"1 minuto\" \/>\n<script type=\"application\/ld+json\" class=\"yoast-schema-graph\">{\"@context\":\"https:\/\/schema.org\",\"@graph\":[{\"@type\":\"WebPage\",\"@id\":\"https:\/\/old.junctionbot.io\/pt-br\/parceria\/\",\"url\":\"https:\/\/old.junctionbot.io\/pt-br\/parceria\/\",\"name\":\"Junction Bot - Parceria\",\"isPartOf\":{\"@id\":\"https:\/\/junctionbot.io\/#website\"},\"datePublished\":\"2020-04-17T10:48:48+00:00\",\"dateModified\":\"2024-01-01T13:34:33+00:00\",\"breadcrumb\":{\"@id\":\"https:\/\/old.junctionbot.io\/pt-br\/parceria\/#breadcrumb\"},\"inLanguage\":\"pt-BR\",\"potentialAction\":[{\"@type\":\"ReadAction\",\"target\":[\"https:\/\/old.junctionbot.io\/pt-br\/parceria\/\"]}]},{\"@type\":\"BreadcrumbList\",\"@id\":\"https:\/\/old.junctionbot.io\/pt-br\/parceria\/#breadcrumb\",\"itemListElement\":[{\"@type\":\"ListItem\",\"position\":1,\"name\":\"Home\",\"item\":\"https:\/\/junctionbot.io\/pt-br\/\"},{\"@type\":\"ListItem\",\"position\":2,\"name\":\"Parceria\"}]},{\"@type\":\"WebSite\",\"@id\":\"https:\/\/junctionbot.io\/#website\",\"url\":\"https:\/\/junctionbot.io\/\",\"name\":\"Junction Bot\",\"description\":\"Auto Copy Forward Transform and Translate Telegram Channels Groups and Bots\",\"publisher\":{\"@id\":\"https:\/\/junctionbot.io\/#organization\"},\"potentialAction\":[{\"@type\":\"SearchAction\",\"target\":{\"@type\":\"EntryPoint\",\"urlTemplate\":\"https:\/\/junctionbot.io\/?s={search_term_string}\"},\"query-input\":{\"@type\":\"PropertyValueSpecification\",\"valueRequired\":true,\"valueName\":\"search_term_string\"}}],\"inLanguage\":\"pt-BR\"},{\"@type\":\"Organization\",\"@id\":\"https:\/\/junctionbot.io\/#organization\",\"name\":\"Junction Bot\",\"url\":\"https:\/\/junctionbot.io\/\",\"logo\":{\"@type\":\"ImageObject\",\"inLanguage\":\"pt-BR\",\"@id\":\"https:\/\/junctionbot.io\/#\/schema\/logo\/image\/\",\"url\":\"\/wp-content\/uploads\/2020\/06\/junc_logo-400.jpg\",\"contentUrl\":\"\/wp-content\/uploads\/2020\/06\/junc_logo-400.jpg\",\"width\":400,\"height\":400,\"caption\":\"Junction Bot\"},\"image\":{\"@id\":\"https:\/\/junctionbot.io\/#\/schema\/logo\/image\/\"}}]}<\/script>\n<!-- \/ Yoast SEO plugin. -->","yoast_head_json":{"title":"Junction Bot - Parceria","robots":{"index":"index","follow":"follow","max-snippet":"max-snippet:-1","max-image-preview":"max-image-preview:large","max-video-preview":"max-video-preview:-1"},"canonical":"https:\/\/old.junctionbot.io\/pt-br\/parceria\/","og_locale":"pt_BR","og_type":"article","og_title":"Junction Bot - Parceria","og_description":"Parceria Sistema de refer\u00eancia Se voc\u00ea mencionar o bot onde os usu\u00e1rios em potencial o ver\u00e3o, use o link de refer\u00eancia. Voc\u00ea receber\u00e1 +1 semana de uma conta Standard (se tiver uma conta Standard) ou +1 semana de demonstra\u00e7\u00e3o para cada novo usu\u00e1rio que acessar o Junction Bot por meio desse link. Se o usu\u00e1rio [&hellip;]","og_url":"https:\/\/old.junctionbot.io\/pt-br\/parceria\/","og_site_name":"Junction Bot","article_modified_time":"2024-01-01T13:34:33+00:00","twitter_card":"summary_large_image","twitter_misc":{"Est. tempo de leitura":"1 minuto"},"schema":{"@context":"https:\/\/schema.org","@graph":[{"@type":"WebPage","@id":"https:\/\/old.junctionbot.io\/pt-br\/parceria\/","url":"https:\/\/old.junctionbot.io\/pt-br\/parceria\/","name":"Junction Bot - Parceria","isPartOf":{"@id":"https:\/\/junctionbot.io\/#website"},"datePublished":"2020-04-17T10:48:48+00:00","dateModified":"2024-01-01T13:34:33+00:00","breadcrumb":{"@id":"https:\/\/old.junctionbot.io\/pt-br\/parceria\/#breadcrumb"},"inLanguage":"pt-BR","potentialAction":[{"@type":"ReadAction","target":["https:\/\/old.junctionbot.io\/pt-br\/parceria\/"]}]},{"@type":"BreadcrumbList","@id":"https:\/\/old.junctionbot.io\/pt-br\/parceria\/#breadcrumb","itemListElement":[{"@type":"ListItem","position":1,"name":"Home","item":"https:\/\/junctionbot.io\/pt-br\/"},{"@type":"ListItem","position":2,"name":"Parceria"}]},{"@type":"WebSite","@id":"https:\/\/junctionbot.io\/#website","url":"https:\/\/junctionbot.io\/","name":"Junction Bot","description":"Auto Copy Forward Transform and Translate Telegram Channels Groups and Bots","publisher":{"@id":"https:\/\/junctionbot.io\/#organization"},"potentialAction":[{"@type":"SearchAction","target":{"@type":"EntryPoint","urlTemplate":"https:\/\/junctionbot.io\/?s={search_term_string}"},"query-input":{"@type":"PropertyValueSpecification","valueRequired":true,"valueName":"search_term_string"}}],"inLanguage":"pt-BR"},{"@type":"Organization","@id":"https:\/\/junctionbot.io\/#organization","name":"Junction Bot","url":"https:\/\/junctionbot.io\/","logo":{"@type":"ImageObject","inLanguage":"pt-BR","@id":"https:\/\/junctionbot.io\/#\/schema\/logo\/image\/","url":"\/wp-content\/uploads\/2020\/06\/junc_logo-400.jpg","contentUrl":"\/wp-content\/uploads\/2020\/06\/junc_logo-400.jpg","width":400,"height":400,"caption":"Junction Bot"},"image":{"@id":"https:\/\/junctionbot.io\/#\/schema\/logo\/image\/"}}]}},"_links":{"self":[{"href":"https:\/\/old.junctionbot.io\/pt-br\/wp-json\/wp\/v2\/pages\/4470","targetHints":{"allow":["GET"]}}],"collection":[{"href":"https:\/\/old.junctionbot.io\/pt-br\/wp-json\/wp\/v2\/pages"}],"about":[{"href":"https:\/\/old.junctionbot.io\/pt-br\/wp-json\/wp\/v2\/types\/page"}],"author":[{"embeddable":true,"href":"https:\/\/old.junctionbot.io\/pt-br\/wp-json\/wp\/v2\/users\/1"}],"replies":[{"embeddable":true,"href":"https:\/\/old.junctionbot.io\/pt-br\/wp-json\/wp\/v2\/comments?post=4470"}],"version-history":[{"count":1,"href":"https:\/\/old.junctionbot.io\/pt-br\/wp-json\/wp\/v2\/pages\/4470\/revisions"}],"predecessor-version":[{"id":4471,"href":"https:\/\/old.junctionbot.io\/pt-br\/wp-json\/wp\/v2\/pages\/4470\/revisions\/4471"}],"wp:attachment":[{"href":"https:\/\/old.junctionbot.io\/pt-br\/wp-json\/wp\/v2\/media?parent=4470"}],"curies":[{"name":"wp","href":"https:\/\/api.w.org\/{rel}","templated":true}]}}