{"id":4472,"date":"2023-11-13T19:47:39","date_gmt":"2023-11-13T17:47:39","guid":{"rendered":"https:\/\/junctionbot.io\/getting-started\/\/integracoes\/"},"modified":"2024-01-01T15:34:46","modified_gmt":"2024-01-01T13:34:46","slug":"integracoes","status":"publish","type":"page","link":"https:\/\/old.junctionbot.io\/pt-br\/integracoes\/","title":{"rendered":"Integra\u00e7\u00f5es"},"content":{"rendered":"\n<h2 class=\"wp-block-heading\" id=\"&#x43F;&#x43B;&#x430;&#x442;&#x435;&#x436;&#x438;\"><span class=\"ez-toc-section\" id=\"Integracoes\"><\/span>Integra\u00e7\u00f5es<span class=\"ez-toc-section-end\"><\/span><\/h2>\n\n<p>O bot pode usar servi\u00e7os externos para enriquecer sua funcionalidade. A primeira integra\u00e7\u00e3o que lan\u00e7amos \u00e9 a capacidade de usar o OpenAI (ChatGPT e outros modelos) para processar mensagens do Telegram.<\/p>\n\n<h3 class=\"wp-block-heading\" id=\"&#x43F;&#x43E;&#x434;&#x434;&#x435;&#x440;&#x436;&#x438;&#x432;&#x430;&#x435;&#x43C;&#x44B;&#x435;-&#x43F;&#x43B;&#x430;&#x442;&#x435;&#x436;&#x43D;&#x44B;&#x435;-&#x441;&#x438;&#x441;&#x442;&#x435;&#x43C;&#x44B;\"><span class=\"ez-toc-section\" id=\"Integracao_com_o_OpenAI_%E2%80%93_informacoes_gerais\"><\/span>Integra\u00e7\u00e3o com o OpenAI &#8211; informa\u00e7\u00f5es gerais<span class=\"ez-toc-section-end\"><\/span><\/h3>\n\n<p>A API OpenAI permite que voc\u00ea descreva em linguagem simples a a\u00e7\u00e3o que deseja executar com um texto ou imagem de uma mensagem do Telegram proveniente de qualquer fonte do Telegram. Em seguida, o bot envia para a IA a mensagem e suas instru\u00e7\u00f5es e publica o resultado do processamento em um destino. Os casos de uso populares incluem tradu\u00e7\u00e3o para outro idioma, an\u00e1lise e resumo de textos longos, filtragem inteligente, altera\u00e7\u00e3o de n\u00fameros no texto com base em crit\u00e9rios especificados, tradu\u00e7\u00e3o de imagens em texto, an\u00e1lise de imagens e muito mais.<\/p>\n\n<p>Voc\u00ea pode ativar a integra\u00e7\u00e3o da API OpenAI em <strong>Menu \u2192 Configura\u00e7\u00f5es de encaminhamento \u2192 Escolher origem e destino \u2192 Integra\u00e7\u00f5es<\/strong>.<\/p>\n\n<p>Como a API da OpenAI \u00e9 um produto pago, oferecemos dois cen\u00e1rios de pagamento: a partir de seu saldo no bot ou pagamento por conta pr\u00f3pria. A recomenda\u00e7\u00e3o geral \u00e9 a seguinte: se voc\u00ea planeja apenas fazer experi\u00eancias com IA, \u00e9 mais f\u00e1cil pagar com o seu saldo de pro-balance. Se voc\u00ea planeja usar o OpenAI regularmente para processar grandes quantidades de dados, pode economizar algum dinheiro criando sua pr\u00f3pria conta do OpenAI.<\/p>\n\n<h4 class=\"wp-block-heading\">Pagamento a partir de seu saldo favor\u00e1vel<\/h4>\n\n<p>Esse modo de pagamento \u00e9 o mais simples. Ele \u00e9 usado por padr\u00e3o e n\u00e3o exige nenhuma a\u00e7\u00e3o adicional de sua parte. Basta ativar a integra\u00e7\u00e3o da API OpenAI nas configura\u00e7\u00f5es de encaminhamento e definir os par\u00e2metros necess\u00e1rios. Depois de cada uso bem-sucedido da API, juntamente com o resultado, recebemos o custo da chamada em tokens da API da OpenAI e o deduzimos de seu saldo de acordo com as taxas abaixo.<\/p>\n\t\n<div class=\"wp-block-inline-spoilers-block\"><div class=\"spoiler-wrap\"><div class=\"spoiler-head collapsed\" title=\"Expandir\">Pre\u00e7o dos tokens para diferentes modelos<\/div><div class=\"spoiler-body\" style=\"display:none\"><strong>gpt-4-1106-preview<\/strong> &#8211; 0,02 euros por 1.000 tokens de entrada, 0,06 euros por 1.000 tokens de sa\u00edda<br><strong>gpt-4<\/strong> &#8211; 0,06 euros por 1.000 tokens de entrada, 0,12 euros por 1.000 tokens de sa\u00edda<br><strong>gpt-3.5-turbo<\/strong> &#8211; 0,002 EUR por 1.000 tokens de entrada, 0,004 EUR por 1.000 tokens de sa\u00edda<br><br><strong>Valor m\u00ednimo do d\u00e9bito &#8211; 0,01 EUR<\/strong>.<br>Por exemplo, a tradu\u00e7\u00e3o de uma postagem de 1.000 caracteres (ou seja, cerca de 500 tokens de entrada e 500 tokens de sa\u00edda) com o modelo <strong>gpt-4-1106-preview<\/strong> custar\u00e1 de 0,03 a 0,05 euros. Usar um modelo <strong>gpt-3.5-turbo<\/strong> para a mesma tarefa custar\u00e1 0,01 EUR.<\/div><noscript><div class=\"spoiler-body\"><strong>gpt-4-1106-preview<\/strong> &#8211; 0,02 euros por 1.000 tokens de entrada, 0,06 euros por 1.000 tokens de sa\u00edda<br><strong>gpt-4<\/strong> &#8211; 0,06 euros por 1.000 tokens de entrada, 0,12 euros por 1.000 tokens de sa\u00edda<br><strong>gpt-3.5-turbo<\/strong> &#8211; 0,002 EUR por 1.000 tokens de entrada, 0,004 EUR por 1.000 tokens de sa\u00edda<br><br><strong>Valor m\u00ednimo do d\u00e9bito &#8211; 0,01 EUR<\/strong>.<br>Por exemplo, a tradu\u00e7\u00e3o de uma postagem de 1.000 caracteres (ou seja, cerca de 500 tokens de entrada e 500 tokens de sa\u00edda) com o modelo <strong>gpt-4-1106-preview<\/strong> custar\u00e1 de 0,03 a 0,05 euros. Usar um modelo <strong>gpt-3.5-turbo<\/strong> para a mesma tarefa custar\u00e1 0,01 EUR.<\/div><\/noscript><\/div><\/div>\n\n<p><\/p>\n\n<h4 class=\"wp-block-heading\">Pagando com sua pr\u00f3pria conta OpenAI<\/h4>\n\n<p>Voc\u00ea mesmo pode se registrar na plataforma OpenAI, adquirir uma assinatura paga e <a href=\"https:\/\/platform.openai.com\/account\/api-keys\">criar sua chave de API<\/a>. Em seguida, voc\u00ea precisa inserir essa chave em <strong>\n  <strong>Menu \u2192 Prefer\u00eancias \u2192 OpenAI.<\/strong>\n<\/strong> Se voc\u00ea tiver uma chave de API em suas prefer\u00eancias, o bot usar\u00e1 sua conta OpenAI e nenhuma taxa extra ser\u00e1 cobrada de seu saldo no pr\u00f3prio bot.<\/p>\n\n<p>Importante: Para que sua chave funcione, voc\u00ea deve ter pelo menos um m\u00e9todo de pagamento conectado \u00e0 sua conta OpenAI. Al\u00e9m disso, observe que uma conta OpenAI e uma conta ChatGPT n\u00e3o s\u00e3o a mesma coisa.<\/p>\n\n<p>Vantagens: \u00e9 mais barato do que pagar com pro-balance; al\u00e9m disso, voc\u00ea tem acesso \u00e0s estat\u00edsticas de uso.  <br\/>Desvantagens: voc\u00ea precisa ter certeza de que sua conta OpenAI est\u00e1 paga e tem cr\u00e9ditos suficientes.<\/p>\n\n<h3 class=\"wp-block-heading\" id=\"&#x43F;&#x43E;&#x43A;&#x443;&#x43F;&#x43A;&#x430;-&#x441;&#x442;&#x430;&#x43D;&#x434;&#x430;&#x440;&#x442;&#x43D;&#x43E;&#x433;&#x43E;-&#x430;&#x43A;&#x43A;&#x430;&#x443;&#x43D;&#x442;&#x430;\"><span class=\"ez-toc-section\" id=\"Bate-papo_da_OpenAI\"><\/span>Bate-papo da OpenAI<span class=\"ez-toc-section-end\"><\/span><\/h3>\n\n<p>Voc\u00ea pode ativar o processamento de mensagens por meio do servi\u00e7o <a href=\"https:\/\/platform.openai.com\/docs\/guides\/text-generation\/chat-completions-api\">OpenAI Chat<\/a> em <strong>Menu \u2192 Configura\u00e7\u00f5es de encaminhamento \u2192 Escolher origem e destino \u2192 Integra\u00e7\u00f5es<\/strong>. As seguintes configura\u00e7\u00f5es est\u00e3o dispon\u00edveis.<\/p>\n\n<h4 class=\"wp-block-heading\">Modelo de prompt<\/h4>\n\n<p>Um prompt \u00e9 o texto que cont\u00e9m as instru\u00e7\u00f5es para a IA. Como o prompt provavelmente consistir\u00e1 em suas instru\u00e7\u00f5es e no texto da mensagem a ser processada, um modelo oferece uma maneira conveniente de combin\u00e1-los. Como um modelo, voc\u00ea pode escrever qualquer texto que descreva sua tarefa e colocar uma tag especial <code>${body}<\/code> dentro dele. Em seguida, no local do texto em que essa tag for especificada, o bot adicionar\u00e1 o texto da mensagem a ser processada. No caso mais simples, basta descrever sua tarefa e adicionar <code>${body}<\/code> no final. Veja os exemplos abaixo sobre como us\u00e1-lo.<\/p>\n\n<h4 class=\"wp-block-heading\">Modelo<\/h4>\n\n<p>Os modelos diferem em termos de custo, intelig\u00eancia e alguns outros recursos. Para a maioria das aplica\u00e7\u00f5es, o modelo mais barato gpt-3-turbo ser\u00e1 suficiente. Voc\u00ea pode ler mais sobre os diferentes modelos <a href=\"https:\/\/platform.openai.com\/docs\/guides\/text-generation\/text-generation-models\">aqui<\/a>.<\/p>\n\n<h4 class=\"wp-block-heading\">Criatividade<\/h4>\n\n<p>Esse par\u00e2metro tamb\u00e9m \u00e9 chamado de &#8220;temperatura&#8221;. Quanto mais alta a temperatura, mais art\u00edstica ser\u00e1 a resposta. Quanto mais baixa a temperatura, mais &#8220;cient\u00edfica&#8221; ser\u00e1 a resposta, mais precisa, mais factual. Na maioria dos casos, voc\u00ea pode deixar esse par\u00e2metro igual a 1.<\/p>\n\n<h3 class=\"wp-block-heading\"><span class=\"ez-toc-section\" id=\"Exemplos\"><\/span>Exemplos<span class=\"ez-toc-section-end\"><\/span><\/h3>\n\n<h4 class=\"wp-block-heading\">Tradu\u00e7\u00e3o<\/h4>\n\n<p>Voc\u00ea pode criar espelhos autom\u00e1ticos de seu canal em v\u00e1rios idiomas ao mesmo tempo. Para fazer isso, configure a c\u00f3pia do canal original para os canais nos idiomas correspondentes e defina as instru\u00e7\u00f5es apropriadas para a IA nas configura\u00e7\u00f5es de integra\u00e7\u00e3o.<\/p>\n\n<p><strong>Modelo de prompt:<\/strong><br\/><code>Translate the following text into a German language:<br\/>${body}<\/code><\/p>\n\n<p>Voc\u00ea pode manter <strong>Model <\/strong>e <strong>Creativity <\/strong>em seus padr\u00f5es.<\/p>\n\n<figure class=\"wp-block-image size-large is-resized\"><img loading=\"lazy\" decoding=\"async\" width=\"655\" height=\"1024\" loading=\"lazy\" src=\"\/wp-content\/uploads\/2023\/11\/image-2-655x1024.png\" alt=\"\" class=\"wp-image-3528\" style=\"width:242px;height:auto\" srcset=\"https:\/\/old.junctionbot.io\/wp-content\/uploads\/2023\/11\/image-2-655x1024.png 655w, https:\/\/old.junctionbot.io\/wp-content\/uploads\/2023\/11\/image-2-192x300.png 192w, https:\/\/old.junctionbot.io\/wp-content\/uploads\/2023\/11\/image-2-768x1201.png 768w, https:\/\/old.junctionbot.io\/wp-content\/uploads\/2023\/11\/image-2.png 934w\" sizes=\"auto, (max-width: 655px) 100vw, 655px\" \/><\/figure>\n\n<h4 class=\"wp-block-heading\">Filtragem<\/h4>\n\n<p>Voc\u00ea pode usar a IA como um filtro inteligente. Ele analisar\u00e1 o texto de acordo com seus crit\u00e9rios e dar\u00e1 sinal verde para public\u00e1-lo. Como <a href=\"\/filtering\/\">os filtros usuais<\/a> s\u00e3o aplicados antes do processamento pela IA, primeiro voc\u00ea precisa criar um redirecionamento para um canal intermedi\u00e1rio com os seguintes par\u00e2metros:<\/p>\n\n<p><strong>Modelo de prompt:<\/strong><br\/><code>If the following text mentions a probability of a success of a deal equal or greater than 90%, reply to me with this text unchanged. If it does not occur, reply to me with the message \"<code>copying not required<\/code>\".<br\/>${body}<\/code>.<\/p>\n\n<p>Voc\u00ea pode manter <strong>Model <\/strong>e <strong>Creativity <\/strong>em seus padr\u00f5es.<\/p>\n\n<p>Em seguida, configure um redirecionamento do canal intermedi\u00e1rio para o final, definindo os filtros usuais para n\u00e3o permitir a passagem de mensagens com o texto &#8220;<code>copying not required<\/code>&#8220;.<\/p>\n","protected":false},"excerpt":{"rendered":"<p>Integra\u00e7\u00f5es O bot pode usar servi\u00e7os externos para enriquecer sua funcionalidade. A primeira integra\u00e7\u00e3o que lan\u00e7amos \u00e9 a capacidade de usar o OpenAI (ChatGPT e outros modelos) para processar mensagens do Telegram. Integra\u00e7\u00e3o com o OpenAI &#8211; informa\u00e7\u00f5es gerais A API OpenAI permite que voc\u00ea descreva em linguagem simples a a\u00e7\u00e3o que deseja executar com [&hellip;]<\/p>\n","protected":false},"author":2,"featured_media":0,"parent":0,"menu_order":0,"comment_status":"closed","ping_status":"closed","template":"","meta":{"nf_dc_page":"","_monsterinsights_skip_tracking":false,"_monsterinsights_sitenote_active":false,"_monsterinsights_sitenote_note":"","_monsterinsights_sitenote_category":0,"ocean_post_layout":"","ocean_both_sidebars_style":"","ocean_both_sidebars_content_width":0,"ocean_both_sidebars_sidebars_width":0,"ocean_sidebar":"0","ocean_second_sidebar":"0","ocean_disable_margins":"enable","ocean_add_body_class":"","ocean_shortcode_before_top_bar":"","ocean_shortcode_after_top_bar":"","ocean_shortcode_before_header":"","ocean_shortcode_after_header":"","ocean_has_shortcode":"","ocean_shortcode_after_title":"","ocean_shortcode_before_footer_widgets":"","ocean_shortcode_after_footer_widgets":"","ocean_shortcode_before_footer_bottom":"","ocean_shortcode_after_footer_bottom":"","ocean_display_top_bar":"default","ocean_display_header":"default","ocean_header_style":"","ocean_center_header_left_menu":"0","ocean_custom_header_template":"0","ocean_custom_logo":0,"ocean_custom_retina_logo":0,"ocean_custom_logo_max_width":0,"ocean_custom_logo_tablet_max_width":0,"ocean_custom_logo_mobile_max_width":0,"ocean_custom_logo_max_height":0,"ocean_custom_logo_tablet_max_height":0,"ocean_custom_logo_mobile_max_height":0,"ocean_header_custom_menu":"0","ocean_menu_typo_font_family":"0","ocean_menu_typo_font_subset":"","ocean_menu_typo_font_size":0,"ocean_menu_typo_font_size_tablet":0,"ocean_menu_typo_font_size_mobile":0,"ocean_menu_typo_font_size_unit":"px","ocean_menu_typo_font_weight":"","ocean_menu_typo_font_weight_tablet":"","ocean_menu_typo_font_weight_mobile":"","ocean_menu_typo_transform":"","ocean_menu_typo_transform_tablet":"","ocean_menu_typo_transform_mobile":"","ocean_menu_typo_line_height":0,"ocean_menu_typo_line_height_tablet":0,"ocean_menu_typo_line_height_mobile":0,"ocean_menu_typo_line_height_unit":"","ocean_menu_typo_spacing":0,"ocean_menu_typo_spacing_tablet":0,"ocean_menu_typo_spacing_mobile":0,"ocean_menu_typo_spacing_unit":"","ocean_menu_link_color":"","ocean_menu_link_color_hover":"","ocean_menu_link_color_active":"","ocean_menu_link_background":"","ocean_menu_link_hover_background":"","ocean_menu_link_active_background":"","ocean_menu_social_links_bg":"","ocean_menu_social_hover_links_bg":"","ocean_menu_social_links_color":"","ocean_menu_social_hover_links_color":"","ocean_disable_title":"default","ocean_disable_heading":"default","ocean_post_title":"","ocean_post_subheading":"","ocean_post_title_style":"","ocean_post_title_background_color":"","ocean_post_title_background":0,"ocean_post_title_bg_image_position":"","ocean_post_title_bg_image_attachment":"","ocean_post_title_bg_image_repeat":"","ocean_post_title_bg_image_size":"","ocean_post_title_height":0,"ocean_post_title_bg_overlay":0.5,"ocean_post_title_bg_overlay_color":"","ocean_disable_breadcrumbs":"default","ocean_breadcrumbs_color":"","ocean_breadcrumbs_separator_color":"","ocean_breadcrumbs_links_color":"","ocean_breadcrumbs_links_hover_color":"","ocean_display_footer_widgets":"default","ocean_display_footer_bottom":"default","ocean_custom_footer_template":"0","footnotes":""},"class_list":["post-4472","page","type-page","status-publish","hentry","entry"],"yoast_head":"<!-- This site is optimized with the Yoast SEO plugin v26.9 - https:\/\/yoast.com\/product\/yoast-seo-wordpress\/ -->\n<title>Junction Bot - Integra\u00e7\u00f5es<\/title>\n<meta name=\"robots\" content=\"index, follow, max-snippet:-1, max-image-preview:large, max-video-preview:-1\" \/>\n<link rel=\"canonical\" href=\"https:\/\/old.junctionbot.io\/pt-br\/integracoes\/\" \/>\n<meta property=\"og:locale\" content=\"pt_BR\" \/>\n<meta property=\"og:type\" content=\"article\" \/>\n<meta property=\"og:title\" content=\"Junction Bot - Integra\u00e7\u00f5es\" \/>\n<meta property=\"og:description\" content=\"Integra\u00e7\u00f5es O bot pode usar servi\u00e7os externos para enriquecer sua funcionalidade. A primeira integra\u00e7\u00e3o que lan\u00e7amos \u00e9 a capacidade de usar o OpenAI (ChatGPT e outros modelos) para processar mensagens do Telegram. Integra\u00e7\u00e3o com o OpenAI &#8211; informa\u00e7\u00f5es gerais A API OpenAI permite que voc\u00ea descreva em linguagem simples a a\u00e7\u00e3o que deseja executar com [&hellip;]\" \/>\n<meta property=\"og:url\" content=\"https:\/\/old.junctionbot.io\/pt-br\/integracoes\/\" \/>\n<meta property=\"og:site_name\" content=\"Junction Bot\" \/>\n<meta property=\"article:modified_time\" content=\"2024-01-01T13:34:46+00:00\" \/>\n<meta name=\"twitter:card\" content=\"summary_large_image\" \/>\n<meta name=\"twitter:label1\" content=\"Est. tempo de leitura\" \/>\n\t<meta name=\"twitter:data1\" content=\"5 minutos\" \/>\n<script type=\"application\/ld+json\" class=\"yoast-schema-graph\">{\"@context\":\"https:\/\/schema.org\",\"@graph\":[{\"@type\":\"WebPage\",\"@id\":\"https:\/\/old.junctionbot.io\/pt-br\/integracoes\/\",\"url\":\"https:\/\/old.junctionbot.io\/pt-br\/integracoes\/\",\"name\":\"Junction Bot - Integra\u00e7\u00f5es\",\"isPartOf\":{\"@id\":\"https:\/\/junctionbot.io\/#website\"},\"datePublished\":\"2023-11-13T17:47:39+00:00\",\"dateModified\":\"2024-01-01T13:34:46+00:00\",\"breadcrumb\":{\"@id\":\"https:\/\/old.junctionbot.io\/pt-br\/integracoes\/#breadcrumb\"},\"inLanguage\":\"pt-BR\",\"potentialAction\":[{\"@type\":\"ReadAction\",\"target\":[\"https:\/\/old.junctionbot.io\/pt-br\/integracoes\/\"]}]},{\"@type\":\"BreadcrumbList\",\"@id\":\"https:\/\/old.junctionbot.io\/pt-br\/integracoes\/#breadcrumb\",\"itemListElement\":[{\"@type\":\"ListItem\",\"position\":1,\"name\":\"Home\",\"item\":\"https:\/\/junctionbot.io\/pt-br\/\"},{\"@type\":\"ListItem\",\"position\":2,\"name\":\"Integra\u00e7\u00f5es\"}]},{\"@type\":\"WebSite\",\"@id\":\"https:\/\/junctionbot.io\/#website\",\"url\":\"https:\/\/junctionbot.io\/\",\"name\":\"Junction Bot\",\"description\":\"Auto Copy Forward Transform and Translate Telegram Channels Groups and Bots\",\"publisher\":{\"@id\":\"https:\/\/junctionbot.io\/#organization\"},\"potentialAction\":[{\"@type\":\"SearchAction\",\"target\":{\"@type\":\"EntryPoint\",\"urlTemplate\":\"https:\/\/junctionbot.io\/?s={search_term_string}\"},\"query-input\":{\"@type\":\"PropertyValueSpecification\",\"valueRequired\":true,\"valueName\":\"search_term_string\"}}],\"inLanguage\":\"pt-BR\"},{\"@type\":\"Organization\",\"@id\":\"https:\/\/junctionbot.io\/#organization\",\"name\":\"Junction Bot\",\"url\":\"https:\/\/junctionbot.io\/\",\"logo\":{\"@type\":\"ImageObject\",\"inLanguage\":\"pt-BR\",\"@id\":\"https:\/\/junctionbot.io\/#\/schema\/logo\/image\/\",\"url\":\"\/wp-content\/uploads\/2020\/06\/junc_logo-400.jpg\",\"contentUrl\":\"\/wp-content\/uploads\/2020\/06\/junc_logo-400.jpg\",\"width\":400,\"height\":400,\"caption\":\"Junction Bot\"},\"image\":{\"@id\":\"https:\/\/junctionbot.io\/#\/schema\/logo\/image\/\"}}]}<\/script>\n<!-- \/ Yoast SEO plugin. -->","yoast_head_json":{"title":"Junction Bot - Integra\u00e7\u00f5es","robots":{"index":"index","follow":"follow","max-snippet":"max-snippet:-1","max-image-preview":"max-image-preview:large","max-video-preview":"max-video-preview:-1"},"canonical":"https:\/\/old.junctionbot.io\/pt-br\/integracoes\/","og_locale":"pt_BR","og_type":"article","og_title":"Junction Bot - Integra\u00e7\u00f5es","og_description":"Integra\u00e7\u00f5es O bot pode usar servi\u00e7os externos para enriquecer sua funcionalidade. A primeira integra\u00e7\u00e3o que lan\u00e7amos \u00e9 a capacidade de usar o OpenAI (ChatGPT e outros modelos) para processar mensagens do Telegram. Integra\u00e7\u00e3o com o OpenAI &#8211; informa\u00e7\u00f5es gerais A API OpenAI permite que voc\u00ea descreva em linguagem simples a a\u00e7\u00e3o que deseja executar com [&hellip;]","og_url":"https:\/\/old.junctionbot.io\/pt-br\/integracoes\/","og_site_name":"Junction Bot","article_modified_time":"2024-01-01T13:34:46+00:00","twitter_card":"summary_large_image","twitter_misc":{"Est. tempo de leitura":"5 minutos"},"schema":{"@context":"https:\/\/schema.org","@graph":[{"@type":"WebPage","@id":"https:\/\/old.junctionbot.io\/pt-br\/integracoes\/","url":"https:\/\/old.junctionbot.io\/pt-br\/integracoes\/","name":"Junction Bot - Integra\u00e7\u00f5es","isPartOf":{"@id":"https:\/\/junctionbot.io\/#website"},"datePublished":"2023-11-13T17:47:39+00:00","dateModified":"2024-01-01T13:34:46+00:00","breadcrumb":{"@id":"https:\/\/old.junctionbot.io\/pt-br\/integracoes\/#breadcrumb"},"inLanguage":"pt-BR","potentialAction":[{"@type":"ReadAction","target":["https:\/\/old.junctionbot.io\/pt-br\/integracoes\/"]}]},{"@type":"BreadcrumbList","@id":"https:\/\/old.junctionbot.io\/pt-br\/integracoes\/#breadcrumb","itemListElement":[{"@type":"ListItem","position":1,"name":"Home","item":"https:\/\/junctionbot.io\/pt-br\/"},{"@type":"ListItem","position":2,"name":"Integra\u00e7\u00f5es"}]},{"@type":"WebSite","@id":"https:\/\/junctionbot.io\/#website","url":"https:\/\/junctionbot.io\/","name":"Junction Bot","description":"Auto Copy Forward Transform and Translate Telegram Channels Groups and Bots","publisher":{"@id":"https:\/\/junctionbot.io\/#organization"},"potentialAction":[{"@type":"SearchAction","target":{"@type":"EntryPoint","urlTemplate":"https:\/\/junctionbot.io\/?s={search_term_string}"},"query-input":{"@type":"PropertyValueSpecification","valueRequired":true,"valueName":"search_term_string"}}],"inLanguage":"pt-BR"},{"@type":"Organization","@id":"https:\/\/junctionbot.io\/#organization","name":"Junction Bot","url":"https:\/\/junctionbot.io\/","logo":{"@type":"ImageObject","inLanguage":"pt-BR","@id":"https:\/\/junctionbot.io\/#\/schema\/logo\/image\/","url":"\/wp-content\/uploads\/2020\/06\/junc_logo-400.jpg","contentUrl":"\/wp-content\/uploads\/2020\/06\/junc_logo-400.jpg","width":400,"height":400,"caption":"Junction Bot"},"image":{"@id":"https:\/\/junctionbot.io\/#\/schema\/logo\/image\/"}}]}},"_links":{"self":[{"href":"https:\/\/old.junctionbot.io\/pt-br\/wp-json\/wp\/v2\/pages\/4472","targetHints":{"allow":["GET"]}}],"collection":[{"href":"https:\/\/old.junctionbot.io\/pt-br\/wp-json\/wp\/v2\/pages"}],"about":[{"href":"https:\/\/old.junctionbot.io\/pt-br\/wp-json\/wp\/v2\/types\/page"}],"author":[{"embeddable":true,"href":"https:\/\/old.junctionbot.io\/pt-br\/wp-json\/wp\/v2\/users\/2"}],"replies":[{"embeddable":true,"href":"https:\/\/old.junctionbot.io\/pt-br\/wp-json\/wp\/v2\/comments?post=4472"}],"version-history":[{"count":1,"href":"https:\/\/old.junctionbot.io\/pt-br\/wp-json\/wp\/v2\/pages\/4472\/revisions"}],"predecessor-version":[{"id":4476,"href":"https:\/\/old.junctionbot.io\/pt-br\/wp-json\/wp\/v2\/pages\/4472\/revisions\/4476"}],"wp:attachment":[{"href":"https:\/\/old.junctionbot.io\/pt-br\/wp-json\/wp\/v2\/media?parent=4472"}],"curies":[{"name":"wp","href":"https:\/\/api.w.org\/{rel}","templated":true}]}}