{"id":4475,"date":"2020-07-04T19:43:18","date_gmt":"2020-07-04T17:43:18","guid":{"rendered":"https:\/\/junctionbot.io\/getting-started\/\/configuracoes-e-recursos\/"},"modified":"2024-01-01T15:34:48","modified_gmt":"2024-01-01T13:34:48","slug":"configuracoes-e-recursos","status":"publish","type":"page","link":"https:\/\/old.junctionbot.io\/pt-br\/configuracoes-e-recursos\/","title":{"rendered":"Configura\u00e7\u00f5es e recursos"},"content":{"rendered":"\n<h2 class=\"wp-block-heading\"><span class=\"ez-toc-section\" id=\"Configuracoes_e_recursos\"><\/span>Configura\u00e7\u00f5es e recursos<span class=\"ez-toc-section-end\"><\/span><\/h2>\n\n<p>Aqui est\u00e1 uma lista das configura\u00e7\u00f5es suportadas pelo Junction Bot:<\/p>\n\n<p>1. <a href=\"\/filtering\/\">Filtragem<\/a><\/p>\n\n<ul class=\"wp-block-list\"><li>por palavra<\/li><li>por regex<\/li><li>recebendo apenas a N-\u00e9sima mensagem<\/li><li>filtragem de duplicatas<\/li><\/ul>\n\n<p>2. <a href=\"\/replace\/\">Modifica\u00e7\u00e3o e substitui\u00e7\u00e3o<\/a><\/p>\n\n<ul class=\"wp-block-list\"><li>alterar o t\u00edtulo da mensagem<\/li><li>alterar o link para a mensagem original<\/li><li>alterar o corpo da mensagem com o <em>Before <\/em>&amp; <em>After<\/em><\/li><li>alterar o corpo da mensagem com <em>Replace<\/em><\/li><\/ul>\n\n<p>3. <a href=\"\/styling\/\">Altera\u00e7\u00f5es de conte\u00fado<\/a><\/p>\n\n<ul class=\"wp-block-list\"><li>alterar a apar\u00eancia das legendas<\/li><li>alterar a apar\u00eancia do nome do autor<\/li><li>encurtar mensagens longas<\/li><\/ul>\n\n<p>4. <a href=\"\/buttons\/\">Bot\u00f5es<\/a><\/p>\n\n<ul class=\"wp-block-list\"><li>adicionar bot\u00f5es de feedback<\/li><li>copiar bot\u00f5es originais<\/li><li>Adicione seus bot\u00f5es personalizados<\/li><\/ul>\n\n<p>5. <a href=\"\/miscellaneous\/\">Outros<\/a><\/p>\n\n<ul class=\"wp-block-list\"><li>encaminhar mensagens editadas<\/li><li>definir um atraso<\/li><li>mensagens de pinos<\/li><li>pesquisas de opini\u00e3o<\/li><li>alterar o idioma do bot<\/li><\/ul>\n\n<h3 class=\"wp-block-heading\"><span class=\"ez-toc-section\" id=\"Aplicacao_de_configuracoes_a_um_ou_a_todos_os_canais\"><\/span>Aplica\u00e7\u00e3o de configura\u00e7\u00f5es a um ou a todos os canais<span class=\"ez-toc-section-end\"><\/span><\/h3>\n\n<p>Observe que todas as configura\u00e7\u00f5es que come\u00e7am com o comando \/setting podem ser aplicadas a todos os seus canais ou a um canal espec\u00edfico.<\/p>\n\n<pre class=\"wp-block-preformatted\"><span class=\"cool-title\">\/setting<\/span> - aplica as altera\u00e7\u00f5es a <strong>todos os<\/strong> canais.\n<span class=\"cool-title\">\/settingchannel<\/span> - aplica as altera\u00e7\u00f5es a apenas <strong>uma<\/strong> fonte.\n\nFormato:  \n<code>\/setting setting_name value<\/code>\n<code>\/settingchannel <a href=\"\/pt-br\/configuracoes-e-recursos\/#Referencing_a_source_channel\" data-type=\"URL\" data-id=\"\/settings-and-features\/#Referencing_a_source_channel\">source_channel_reference<\/a><\/code> <code>setting_name value<\/code><\/pre>\n\n<h3 class=\"wp-block-heading\"><span class=\"ez-toc-section\" id=\"Referencia_a_um_canal_de_origem\"><\/span>Refer\u00eancia a um canal de origem<span class=\"ez-toc-section-end\"><\/span><\/h3>\n\n<p>Em muitos comandos, voc\u00ea precisa usar uma refer\u00eancia a uma fonte (que pode ser: um canal, um grupo, um bate-papo ou um bot) como argumento. Em exemplos, ele geralmente se parece com <code>source_channel_reference <\/code>ou apenas <code>channel_reference<\/code>. Como refer\u00eancia, voc\u00ea pode usar:<\/p>\n\n<ol class=\"wp-block-list\"><li>Para <strong>conex\u00e3o direta<\/strong>: use o <a href=\"\/direct-connection\/#Virtual_number\" data-type=\"URL\" data-id=\"\/direct-connection\/#Virtual_number\">n\u00famero virtual<\/a> de um canal, chat ou bot.<\/li><li>Nome de um canal\/grupo (come\u00e7a com @) &#8211; para canais e grupos <strong>p\u00fablicos <\/strong>.<\/li><li>Link para um canal\/grupo (como https:\/\/t.me\/mychannel) &#8211; para canais e grupos <strong>p\u00fablicos <\/strong>.<\/li><li>Link de convite para um canal\/grupo &#8211; para canais e grupos <strong>privados <\/strong>.<\/li><\/ol>\n\n<pre id=\"block-b5fea7b1-6b2b-424d-a88c-d6bbb6eb9506\" class=\"wp-block-preformatted\"><strong>Exemplos:<\/strong>\n<code>\/settingchannel @mychannel header none<\/code>\n<code>\/settingchannel https:\/\/t.me\/mychannel header none<\/code>\n<code>\/settingchannel https:\/\/t.me\/joinchat\/AAAAAffffSSSShhhh header none<\/code>\n\nPara usu\u00e1rios de <strong>conex\u00e3o direta<\/strong>:\n<code>\/settingchannel &amp;31612345678#78787878 header none<\/code><\/pre>\n\n<p>Se voc\u00ea tiver <strong>v\u00e1rias regras de encaminhamento da mesma origem para destinos diferentes<\/strong>, poder\u00e1 definir configura\u00e7\u00f5es, filtros e substitui\u00e7\u00f5es diferentes para destinos diferentes. Veja mais detalhes <a href=\"\/forwarding\/#Forwarding_from_one_source_to_several_destinations\" data-type=\"URL\" data-id=\"\/forwarding\/#Forwarding_from_one_source_to_several_destinations\">aqui<\/a>.<\/p>\n\n<h3 class=\"wp-block-heading\"><span class=\"ez-toc-section\" id=\"Verificacao_das_configuracoes_atuais\"><\/span>Verifica\u00e7\u00e3o das configura\u00e7\u00f5es atuais  <span class=\"ez-toc-section-end\"><\/span><\/h3>\n\n<p>Para ver quais configura\u00e7\u00f5es est\u00e3o definidas no momento no canal de origem, use o comando <code>\/settingchannel<\/code>.<\/p>\n\n<pre id=\"block-b98508ca-a0ea-40d4-972b-6bb8627d9ead\" class=\"wp-block-preformatted\"><code>\/settingchannel <a href=\"#Referencing_a_source_channel\" data-type=\"internal\" data-id=\"#Referencing_a_source_channel\">source_channel_reference<\/a><\/code> <code>setting_name<\/code><\/pre>\n\n<p>onde <strong>\n  <code>setting_name<\/code>\n<\/strong> &#8211; deve ser um dos tipos de configura\u00e7\u00e3o poss\u00edveis.<\/p>\n\n<p>Voc\u00ea pode ver todos os tipos de configura\u00e7\u00e3o poss\u00edveis com o comando  <\/p>\n\n<pre id=\"block-e9aacddb-38ac-4fff-94f5-654b8ad9cf48\" class=\"wp-block-code\"><code>\/settingchannel <a href=\"\/settings-and-features\/#Referencing_a_source_channel\" data-type=\"URL\" data-id=\"\/settings-and-features\/#Referencing_a_source_channel\">source_channel_reference<\/a><\/code><\/pre>\n\n<h3 class=\"wp-block-heading\"><span class=\"ez-toc-section\" id=\"Uso_de_canais_intermediarios\"><\/span>Uso de canais intermedi\u00e1rios<span class=\"ez-toc-section-end\"><\/span><\/h3>\n\n<p>Se voc\u00ea precisar aplicar algumas regras realmente complexas, talvez seja necess\u00e1rio criar um canal intermedi\u00e1rio para organizar tudo.<\/p>\n\n<p>Por exemplo, voc\u00ea deseja que todas as mensagens sejam encaminhadas de A para B. Mas para as mensagens que incluem um determinado texto, voc\u00ea deseja aplicar uma configura\u00e7\u00e3o <code>after<\/code>.<\/p>\n\n<p>\u00c9 bastante complicado. A \u00fanica maneira de fazer isso \u00e9 criar um canal intermedi\u00e1rio, vamos cham\u00e1-lo de C. Em seguida, voc\u00ea configura os seguintes encaminhamentos:<br\/>A -&gt; B para todas as mensagens sem um determinado texto.<br\/>A -&gt; C para todas as mensagens com um determinado texto.<br\/>C -&gt; B para todas as mensagens.<\/p>\n\n<p>Em seguida, voc\u00ea adiciona uma configura\u00e7\u00e3o <code>after <\/code>a um forward C -&gt; B.<\/p>\n","protected":false},"excerpt":{"rendered":"<p>Configura\u00e7\u00f5es e recursos Aqui est\u00e1 uma lista das configura\u00e7\u00f5es suportadas pelo Junction Bot: 1. Filtragem por palavra por regex recebendo apenas a N-\u00e9sima mensagem filtragem de duplicatas 2. Modifica\u00e7\u00e3o e substitui\u00e7\u00e3o alterar o t\u00edtulo da mensagem alterar o link para a mensagem original alterar o corpo da mensagem com o Before &amp; After alterar o [&hellip;]<\/p>\n","protected":false},"author":1,"featured_media":0,"parent":0,"menu_order":0,"comment_status":"closed","ping_status":"closed","template":"","meta":{"nf_dc_page":"","_monsterinsights_skip_tracking":false,"_monsterinsights_sitenote_active":false,"_monsterinsights_sitenote_note":"","_monsterinsights_sitenote_category":0,"ocean_post_layout":"","ocean_both_sidebars_style":"","ocean_both_sidebars_content_width":0,"ocean_both_sidebars_sidebars_width":0,"ocean_sidebar":"0","ocean_second_sidebar":"0","ocean_disable_margins":"enable","ocean_add_body_class":"","ocean_shortcode_before_top_bar":"","ocean_shortcode_after_top_bar":"","ocean_shortcode_before_header":"","ocean_shortcode_after_header":"","ocean_has_shortcode":"","ocean_shortcode_after_title":"","ocean_shortcode_before_footer_widgets":"","ocean_shortcode_after_footer_widgets":"","ocean_shortcode_before_footer_bottom":"","ocean_shortcode_after_footer_bottom":"","ocean_display_top_bar":"default","ocean_display_header":"default","ocean_header_style":"","ocean_center_header_left_menu":"0","ocean_custom_header_template":"0","ocean_custom_logo":0,"ocean_custom_retina_logo":0,"ocean_custom_logo_max_width":0,"ocean_custom_logo_tablet_max_width":0,"ocean_custom_logo_mobile_max_width":0,"ocean_custom_logo_max_height":0,"ocean_custom_logo_tablet_max_height":0,"ocean_custom_logo_mobile_max_height":0,"ocean_header_custom_menu":"0","ocean_menu_typo_font_family":"0","ocean_menu_typo_font_subset":"","ocean_menu_typo_font_size":0,"ocean_menu_typo_font_size_tablet":0,"ocean_menu_typo_font_size_mobile":0,"ocean_menu_typo_font_size_unit":"px","ocean_menu_typo_font_weight":"","ocean_menu_typo_font_weight_tablet":"","ocean_menu_typo_font_weight_mobile":"","ocean_menu_typo_transform":"","ocean_menu_typo_transform_tablet":"","ocean_menu_typo_transform_mobile":"","ocean_menu_typo_line_height":0,"ocean_menu_typo_line_height_tablet":0,"ocean_menu_typo_line_height_mobile":0,"ocean_menu_typo_line_height_unit":"","ocean_menu_typo_spacing":0,"ocean_menu_typo_spacing_tablet":0,"ocean_menu_typo_spacing_mobile":0,"ocean_menu_typo_spacing_unit":"","ocean_menu_link_color":"","ocean_menu_link_color_hover":"","ocean_menu_link_color_active":"","ocean_menu_link_background":"","ocean_menu_link_hover_background":"","ocean_menu_link_active_background":"","ocean_menu_social_links_bg":"","ocean_menu_social_hover_links_bg":"","ocean_menu_social_links_color":"","ocean_menu_social_hover_links_color":"","ocean_disable_title":"default","ocean_disable_heading":"default","ocean_post_title":"","ocean_post_subheading":"","ocean_post_title_style":"","ocean_post_title_background_color":"","ocean_post_title_background":0,"ocean_post_title_bg_image_position":"","ocean_post_title_bg_image_attachment":"","ocean_post_title_bg_image_repeat":"","ocean_post_title_bg_image_size":"","ocean_post_title_height":0,"ocean_post_title_bg_overlay":0.5,"ocean_post_title_bg_overlay_color":"","ocean_disable_breadcrumbs":"default","ocean_breadcrumbs_color":"","ocean_breadcrumbs_separator_color":"","ocean_breadcrumbs_links_color":"","ocean_breadcrumbs_links_hover_color":"","ocean_display_footer_widgets":"default","ocean_display_footer_bottom":"default","ocean_custom_footer_template":"0","footnotes":""},"class_list":["post-4475","page","type-page","status-publish","hentry","entry"],"yoast_head":"<!-- This site is optimized with the Yoast SEO plugin v26.9 - https:\/\/yoast.com\/product\/yoast-seo-wordpress\/ -->\n<title>Junction Bot - Configura\u00e7\u00f5es e recursos<\/title>\n<meta name=\"robots\" content=\"index, follow, max-snippet:-1, max-image-preview:large, max-video-preview:-1\" \/>\n<link rel=\"canonical\" href=\"https:\/\/old.junctionbot.io\/pt-br\/configuracoes-e-recursos\/\" \/>\n<meta property=\"og:locale\" content=\"pt_BR\" \/>\n<meta property=\"og:type\" content=\"article\" \/>\n<meta property=\"og:title\" content=\"Junction Bot - Configura\u00e7\u00f5es e recursos\" \/>\n<meta property=\"og:description\" content=\"Configura\u00e7\u00f5es e recursos Aqui est\u00e1 uma lista das configura\u00e7\u00f5es suportadas pelo Junction Bot: 1. Filtragem por palavra por regex recebendo apenas a N-\u00e9sima mensagem filtragem de duplicatas 2. Modifica\u00e7\u00e3o e substitui\u00e7\u00e3o alterar o t\u00edtulo da mensagem alterar o link para a mensagem original alterar o corpo da mensagem com o Before &amp; After alterar o [&hellip;]\" \/>\n<meta property=\"og:url\" content=\"https:\/\/old.junctionbot.io\/pt-br\/configuracoes-e-recursos\/\" \/>\n<meta property=\"og:site_name\" content=\"Junction Bot\" \/>\n<meta property=\"article:modified_time\" content=\"2024-01-01T13:34:48+00:00\" \/>\n<meta name=\"twitter:card\" content=\"summary_large_image\" \/>\n<meta name=\"twitter:label1\" content=\"Est. tempo de leitura\" \/>\n\t<meta name=\"twitter:data1\" content=\"3 minutos\" \/>\n<script type=\"application\/ld+json\" class=\"yoast-schema-graph\">{\"@context\":\"https:\/\/schema.org\",\"@graph\":[{\"@type\":\"WebPage\",\"@id\":\"https:\/\/old.junctionbot.io\/pt-br\/configuracoes-e-recursos\/\",\"url\":\"https:\/\/old.junctionbot.io\/pt-br\/configuracoes-e-recursos\/\",\"name\":\"Junction Bot - Configura\u00e7\u00f5es e recursos\",\"isPartOf\":{\"@id\":\"https:\/\/junctionbot.io\/#website\"},\"datePublished\":\"2020-07-04T17:43:18+00:00\",\"dateModified\":\"2024-01-01T13:34:48+00:00\",\"breadcrumb\":{\"@id\":\"https:\/\/old.junctionbot.io\/pt-br\/configuracoes-e-recursos\/#breadcrumb\"},\"inLanguage\":\"pt-BR\",\"potentialAction\":[{\"@type\":\"ReadAction\",\"target\":[\"https:\/\/old.junctionbot.io\/pt-br\/configuracoes-e-recursos\/\"]}]},{\"@type\":\"BreadcrumbList\",\"@id\":\"https:\/\/old.junctionbot.io\/pt-br\/configuracoes-e-recursos\/#breadcrumb\",\"itemListElement\":[{\"@type\":\"ListItem\",\"position\":1,\"name\":\"Home\",\"item\":\"https:\/\/junctionbot.io\/pt-br\/\"},{\"@type\":\"ListItem\",\"position\":2,\"name\":\"Configura\u00e7\u00f5es e recursos\"}]},{\"@type\":\"WebSite\",\"@id\":\"https:\/\/junctionbot.io\/#website\",\"url\":\"https:\/\/junctionbot.io\/\",\"name\":\"Junction Bot\",\"description\":\"Auto Copy Forward Transform and Translate Telegram Channels Groups and Bots\",\"publisher\":{\"@id\":\"https:\/\/junctionbot.io\/#organization\"},\"potentialAction\":[{\"@type\":\"SearchAction\",\"target\":{\"@type\":\"EntryPoint\",\"urlTemplate\":\"https:\/\/junctionbot.io\/?s={search_term_string}\"},\"query-input\":{\"@type\":\"PropertyValueSpecification\",\"valueRequired\":true,\"valueName\":\"search_term_string\"}}],\"inLanguage\":\"pt-BR\"},{\"@type\":\"Organization\",\"@id\":\"https:\/\/junctionbot.io\/#organization\",\"name\":\"Junction Bot\",\"url\":\"https:\/\/junctionbot.io\/\",\"logo\":{\"@type\":\"ImageObject\",\"inLanguage\":\"pt-BR\",\"@id\":\"https:\/\/junctionbot.io\/#\/schema\/logo\/image\/\",\"url\":\"\/wp-content\/uploads\/2020\/06\/junc_logo-400.jpg\",\"contentUrl\":\"\/wp-content\/uploads\/2020\/06\/junc_logo-400.jpg\",\"width\":400,\"height\":400,\"caption\":\"Junction Bot\"},\"image\":{\"@id\":\"https:\/\/junctionbot.io\/#\/schema\/logo\/image\/\"}}]}<\/script>\n<!-- \/ Yoast SEO plugin. -->","yoast_head_json":{"title":"Junction Bot - Configura\u00e7\u00f5es e recursos","robots":{"index":"index","follow":"follow","max-snippet":"max-snippet:-1","max-image-preview":"max-image-preview:large","max-video-preview":"max-video-preview:-1"},"canonical":"https:\/\/old.junctionbot.io\/pt-br\/configuracoes-e-recursos\/","og_locale":"pt_BR","og_type":"article","og_title":"Junction Bot - Configura\u00e7\u00f5es e recursos","og_description":"Configura\u00e7\u00f5es e recursos Aqui est\u00e1 uma lista das configura\u00e7\u00f5es suportadas pelo Junction Bot: 1. Filtragem por palavra por regex recebendo apenas a N-\u00e9sima mensagem filtragem de duplicatas 2. Modifica\u00e7\u00e3o e substitui\u00e7\u00e3o alterar o t\u00edtulo da mensagem alterar o link para a mensagem original alterar o corpo da mensagem com o Before &amp; After alterar o [&hellip;]","og_url":"https:\/\/old.junctionbot.io\/pt-br\/configuracoes-e-recursos\/","og_site_name":"Junction Bot","article_modified_time":"2024-01-01T13:34:48+00:00","twitter_card":"summary_large_image","twitter_misc":{"Est. tempo de leitura":"3 minutos"},"schema":{"@context":"https:\/\/schema.org","@graph":[{"@type":"WebPage","@id":"https:\/\/old.junctionbot.io\/pt-br\/configuracoes-e-recursos\/","url":"https:\/\/old.junctionbot.io\/pt-br\/configuracoes-e-recursos\/","name":"Junction Bot - Configura\u00e7\u00f5es e recursos","isPartOf":{"@id":"https:\/\/junctionbot.io\/#website"},"datePublished":"2020-07-04T17:43:18+00:00","dateModified":"2024-01-01T13:34:48+00:00","breadcrumb":{"@id":"https:\/\/old.junctionbot.io\/pt-br\/configuracoes-e-recursos\/#breadcrumb"},"inLanguage":"pt-BR","potentialAction":[{"@type":"ReadAction","target":["https:\/\/old.junctionbot.io\/pt-br\/configuracoes-e-recursos\/"]}]},{"@type":"BreadcrumbList","@id":"https:\/\/old.junctionbot.io\/pt-br\/configuracoes-e-recursos\/#breadcrumb","itemListElement":[{"@type":"ListItem","position":1,"name":"Home","item":"https:\/\/junctionbot.io\/pt-br\/"},{"@type":"ListItem","position":2,"name":"Configura\u00e7\u00f5es e recursos"}]},{"@type":"WebSite","@id":"https:\/\/junctionbot.io\/#website","url":"https:\/\/junctionbot.io\/","name":"Junction Bot","description":"Auto Copy Forward Transform and Translate Telegram Channels Groups and Bots","publisher":{"@id":"https:\/\/junctionbot.io\/#organization"},"potentialAction":[{"@type":"SearchAction","target":{"@type":"EntryPoint","urlTemplate":"https:\/\/junctionbot.io\/?s={search_term_string}"},"query-input":{"@type":"PropertyValueSpecification","valueRequired":true,"valueName":"search_term_string"}}],"inLanguage":"pt-BR"},{"@type":"Organization","@id":"https:\/\/junctionbot.io\/#organization","name":"Junction Bot","url":"https:\/\/junctionbot.io\/","logo":{"@type":"ImageObject","inLanguage":"pt-BR","@id":"https:\/\/junctionbot.io\/#\/schema\/logo\/image\/","url":"\/wp-content\/uploads\/2020\/06\/junc_logo-400.jpg","contentUrl":"\/wp-content\/uploads\/2020\/06\/junc_logo-400.jpg","width":400,"height":400,"caption":"Junction Bot"},"image":{"@id":"https:\/\/junctionbot.io\/#\/schema\/logo\/image\/"}}]}},"_links":{"self":[{"href":"https:\/\/old.junctionbot.io\/pt-br\/wp-json\/wp\/v2\/pages\/4475","targetHints":{"allow":["GET"]}}],"collection":[{"href":"https:\/\/old.junctionbot.io\/pt-br\/wp-json\/wp\/v2\/pages"}],"about":[{"href":"https:\/\/old.junctionbot.io\/pt-br\/wp-json\/wp\/v2\/types\/page"}],"author":[{"embeddable":true,"href":"https:\/\/old.junctionbot.io\/pt-br\/wp-json\/wp\/v2\/users\/1"}],"replies":[{"embeddable":true,"href":"https:\/\/old.junctionbot.io\/pt-br\/wp-json\/wp\/v2\/comments?post=4475"}],"version-history":[{"count":1,"href":"https:\/\/old.junctionbot.io\/pt-br\/wp-json\/wp\/v2\/pages\/4475\/revisions"}],"predecessor-version":[{"id":4478,"href":"https:\/\/old.junctionbot.io\/pt-br\/wp-json\/wp\/v2\/pages\/4475\/revisions\/4478"}],"wp:attachment":[{"href":"https:\/\/old.junctionbot.io\/pt-br\/wp-json\/wp\/v2\/media?parent=4475"}],"curies":[{"name":"wp","href":"https:\/\/api.w.org\/{rel}","templated":true}]}}