{"id":4481,"date":"2023-06-25T14:41:53","date_gmt":"2023-06-25T12:41:53","guid":{"rendered":"https:\/\/junctionbot.io\/getting-started\/\/modo-de-revisao\/"},"modified":"2024-01-01T15:34:47","modified_gmt":"2024-01-01T13:34:47","slug":"modo-de-revisao","status":"publish","type":"page","link":"https:\/\/old.junctionbot.io\/pt-br\/modo-de-revisao\/","title":{"rendered":"Modo de revis\u00e3o"},"content":{"rendered":"\n<h2 class=\"wp-block-heading\"><span class=\"ez-toc-section\" id=\"Modo_de_revisao\"><\/span>Modo de revis\u00e3o<span class=\"ez-toc-section-end\"><\/span><\/h2>\n\n<p>O @Junction_Bot tem um recurso que permite que voc\u00ea edite manualmente as postagens da origem antes de public\u00e1-las no destino. Ele tamb\u00e9m permite que voc\u00ea aprove ou ignore manualmente as postagens para publica\u00e7\u00e3o. Chamamos isso de <strong>modo de revis\u00e3o<\/strong>. Como isso funciona?<\/p>\n\n<ol class=\"wp-block-list\">\n<li><a href=\"\/forwarding\/#Creating_a_new_forward\">Crie uma nova regra de encaminhamento com o comando \/new<\/a>. Observe que o modo de revis\u00e3o funciona apenas com uma conex\u00e3o direta.<\/li>\n\n\n\n<li>Aplique a configura\u00e7\u00e3o <code>review on<\/code> \u00e0 origem em <strong>Menu \u2192 Forwarding settings \u2192 Choose source and destination \u2192 Review mode<\/strong>. Al\u00e9m disso, para fazer isso, voc\u00ea pode usar o comando  <br\/><code>\/settingchannel <a href=\"\/pt-br\/configuracoes-e-recursos\/#Referencing_a_source_channel\"><\/a><a href=\"\/pt-br\/configuracoes-e-recursos\/#Referencing_a_source_channel\">source_channel_reference<\/a> review on<\/code><\/li>\n\n\n\n<li>Agora, para cada nova publica\u00e7\u00e3o na fonte <strong>, sua conta conectada<\/strong> enviar\u00e1 automaticamente uma c\u00f3pia dessa publica\u00e7\u00e3o para o bot especial @Junction_Review_Bot. Em cada postagem, haver\u00e1 informa\u00e7\u00f5es sobre a origem e o destino e os bot\u00f5es &#8220;Publicar&#8221; e &#8220;Ignorar&#8221;.<\/li>\n\n\n\n<li>Como o post \u00e9 publicado em nome de sua conta, voc\u00ea pode edit\u00e1-lo diretamente no bate-papo com @Junction_Review_Bot.<\/li>\n\n\n\n<li>Se voc\u00ea quiser publicar a postagem resultante no destino, clique no bot\u00e3o &#8220;Publish&#8221; (Publicar).<\/li>\n<\/ol>\n\n<p>Para desativar o modo de revis\u00e3o, use Menu ou o comando<br\/><code>\/settingchannel <a href=\"\/pt-br\/configuracoes-e-recursos\/#Referencing_a_source_channel\"><\/a><code><a href=\"\/settings-and-features-ru\/#%D0%A1%D1%81%D1%8B%D0%BB%D0%BA%D0%B0_%D0%BD%D0%B0_%D0%B8%D1%81%D1%82%D0%BE%D1%87%D0%BD%D0%B8%D0%BA\"><\/a><a href=\"\/pt-br\/configuracoes-e-recursos\/#Referencing_a_source_channel\">source_channel_reference<\/a><\/code> review off<\/code><\/p>\n\n<p>Tamb\u00e9m \u00e9 poss\u00edvel enviar postagens para um grupo para aprova\u00e7\u00e3o. Para isso, use a configura\u00e7\u00e3o <strong>Menu \u2192 Forwarding settings \u2192 Choose source and destination \u2192 Group review<\/strong>.  <\/p>\n\n<ul class=\"wp-block-list\">\n<li>Observe que @Junction_Review_Bot e sua conta conectada devem ser administradores nesse grupo.<\/li>\n\n\n\n<li>O n\u00famero do grupo deve ser especificado no formato TgID. Ou seja, deve ser um n\u00famero negativo, \u00e0s vezes come\u00e7ando com -100. Em termos simples, se o n\u00famero do seu grupo for 4019780662, o TgID ser\u00e1 -4019780662 ou -1004019780662.<\/li>\n\n\n\n<li>Se as condi\u00e7\u00f5es acima n\u00e3o forem atendidas, voc\u00ea receber\u00e1 um erro NO_ACCESS.<\/li>\n<\/ul>\n\n<p>Alguns pontos importantes sobre esse modo:<\/p>\n\n<ul class=\"wp-block-list\">\n<li>Voc\u00ea ainda pode usar quaisquer substitui\u00e7\u00f5es e filtros em suas regras de encaminhamento. Elas ser\u00e3o aplicadas antes que a mensagem seja postada para revis\u00e3o.<\/li>\n\n\n\n<li>Voc\u00ea pode usar o bot\u00e3o &#8220;Publicar&#8221; quantas vezes quiser. A cada vez, o sistema publicar\u00e1 a vers\u00e3o atual da postagem no destino.<\/li>\n\n\n\n<li>Ao ativar um modo de revis\u00e3o, voc\u00ea ativa automaticamente <a href=\"\/direct-connection\/#Forwarding_messages_on_behalf_of_your_account\">a entrega em nome da sua conta<\/a> (<code>delivery copy_client<\/code>). Isso significa que a conta conectada deve ter direitos de publica\u00e7\u00e3o no destino. Al\u00e9m disso, isso significa que os bot\u00f5es da postagem original n\u00e3o ser\u00e3o transferidos.<\/li>\n\n\n\n<li>A edi\u00e7\u00e3o n\u00e3o \u00e9 transferida automaticamente da origem para o destino.<\/li>\n<\/ul>\n","protected":false},"excerpt":{"rendered":"<p>Modo de revis\u00e3o O @Junction_Bot tem um recurso que permite que voc\u00ea edite manualmente as postagens da origem antes de public\u00e1-las no destino. Ele tamb\u00e9m permite que voc\u00ea aprove ou ignore manualmente as postagens para publica\u00e7\u00e3o. Chamamos isso de modo de revis\u00e3o. Como isso funciona? Para desativar o modo de revis\u00e3o, use Menu ou o [&hellip;]<\/p>\n","protected":false},"author":2,"featured_media":0,"parent":0,"menu_order":0,"comment_status":"closed","ping_status":"closed","template":"","meta":{"nf_dc_page":"","_monsterinsights_skip_tracking":false,"_monsterinsights_sitenote_active":false,"_monsterinsights_sitenote_note":"","_monsterinsights_sitenote_category":0,"ocean_post_layout":"left-sidebar","ocean_both_sidebars_style":"","ocean_both_sidebars_content_width":0,"ocean_both_sidebars_sidebars_width":0,"ocean_sidebar":"0","ocean_second_sidebar":"0","ocean_disable_margins":"enable","ocean_add_body_class":"","ocean_shortcode_before_top_bar":"","ocean_shortcode_after_top_bar":"","ocean_shortcode_before_header":"","ocean_shortcode_after_header":"","ocean_has_shortcode":"","ocean_shortcode_after_title":"","ocean_shortcode_before_footer_widgets":"","ocean_shortcode_after_footer_widgets":"","ocean_shortcode_before_footer_bottom":"","ocean_shortcode_after_footer_bottom":"","ocean_display_top_bar":"default","ocean_display_header":"default","ocean_header_style":"","ocean_center_header_left_menu":"0","ocean_custom_header_template":"0","ocean_custom_logo":0,"ocean_custom_retina_logo":0,"ocean_custom_logo_max_width":0,"ocean_custom_logo_tablet_max_width":0,"ocean_custom_logo_mobile_max_width":0,"ocean_custom_logo_max_height":0,"ocean_custom_logo_tablet_max_height":0,"ocean_custom_logo_mobile_max_height":0,"ocean_header_custom_menu":"0","ocean_menu_typo_font_family":"0","ocean_menu_typo_font_subset":"","ocean_menu_typo_font_size":0,"ocean_menu_typo_font_size_tablet":0,"ocean_menu_typo_font_size_mobile":0,"ocean_menu_typo_font_size_unit":"px","ocean_menu_typo_font_weight":"","ocean_menu_typo_font_weight_tablet":"","ocean_menu_typo_font_weight_mobile":"","ocean_menu_typo_transform":"","ocean_menu_typo_transform_tablet":"","ocean_menu_typo_transform_mobile":"","ocean_menu_typo_line_height":0,"ocean_menu_typo_line_height_tablet":0,"ocean_menu_typo_line_height_mobile":0,"ocean_menu_typo_line_height_unit":"","ocean_menu_typo_spacing":0,"ocean_menu_typo_spacing_tablet":0,"ocean_menu_typo_spacing_mobile":0,"ocean_menu_typo_spacing_unit":"","ocean_menu_link_color":"","ocean_menu_link_color_hover":"","ocean_menu_link_color_active":"","ocean_menu_link_background":"","ocean_menu_link_hover_background":"","ocean_menu_link_active_background":"","ocean_menu_social_links_bg":"","ocean_menu_social_hover_links_bg":"","ocean_menu_social_links_color":"","ocean_menu_social_hover_links_color":"","ocean_disable_title":"default","ocean_disable_heading":"default","ocean_post_title":"","ocean_post_subheading":"","ocean_post_title_style":"","ocean_post_title_background_color":"","ocean_post_title_background":0,"ocean_post_title_bg_image_position":"","ocean_post_title_bg_image_attachment":"","ocean_post_title_bg_image_repeat":"","ocean_post_title_bg_image_size":"","ocean_post_title_height":0,"ocean_post_title_bg_overlay":0.5,"ocean_post_title_bg_overlay_color":"","ocean_disable_breadcrumbs":"default","ocean_breadcrumbs_color":"","ocean_breadcrumbs_separator_color":"","ocean_breadcrumbs_links_color":"","ocean_breadcrumbs_links_hover_color":"","ocean_display_footer_widgets":"default","ocean_display_footer_bottom":"default","ocean_custom_footer_template":"0","footnotes":""},"class_list":["post-4481","page","type-page","status-publish","hentry","entry"],"yoast_head":"<!-- This site is optimized with the Yoast SEO plugin v26.9 - https:\/\/yoast.com\/product\/yoast-seo-wordpress\/ -->\n<title>Junction Bot - Modo de revis\u00e3o<\/title>\n<meta name=\"robots\" content=\"index, follow, max-snippet:-1, max-image-preview:large, max-video-preview:-1\" \/>\n<link rel=\"canonical\" href=\"https:\/\/old.junctionbot.io\/pt-br\/modo-de-revisao\/\" \/>\n<meta property=\"og:locale\" content=\"pt_BR\" \/>\n<meta property=\"og:type\" content=\"article\" \/>\n<meta property=\"og:title\" content=\"Junction Bot - Modo de revis\u00e3o\" \/>\n<meta property=\"og:description\" content=\"Modo de revis\u00e3o O @Junction_Bot tem um recurso que permite que voc\u00ea edite manualmente as postagens da origem antes de public\u00e1-las no destino. Ele tamb\u00e9m permite que voc\u00ea aprove ou ignore manualmente as postagens para publica\u00e7\u00e3o. Chamamos isso de modo de revis\u00e3o. Como isso funciona? Para desativar o modo de revis\u00e3o, use Menu ou o [&hellip;]\" \/>\n<meta property=\"og:url\" content=\"https:\/\/old.junctionbot.io\/pt-br\/modo-de-revisao\/\" \/>\n<meta property=\"og:site_name\" content=\"Junction Bot\" \/>\n<meta property=\"article:modified_time\" content=\"2024-01-01T13:34:47+00:00\" \/>\n<meta name=\"twitter:card\" content=\"summary_large_image\" \/>\n<meta name=\"twitter:label1\" content=\"Est. tempo de leitura\" \/>\n\t<meta name=\"twitter:data1\" content=\"2 minutos\" \/>\n<script type=\"application\/ld+json\" class=\"yoast-schema-graph\">{\"@context\":\"https:\/\/schema.org\",\"@graph\":[{\"@type\":\"WebPage\",\"@id\":\"https:\/\/old.junctionbot.io\/pt-br\/modo-de-revisao\/\",\"url\":\"https:\/\/old.junctionbot.io\/pt-br\/modo-de-revisao\/\",\"name\":\"Junction Bot - Modo de revis\u00e3o\",\"isPartOf\":{\"@id\":\"https:\/\/junctionbot.io\/#website\"},\"datePublished\":\"2023-06-25T12:41:53+00:00\",\"dateModified\":\"2024-01-01T13:34:47+00:00\",\"breadcrumb\":{\"@id\":\"https:\/\/old.junctionbot.io\/pt-br\/modo-de-revisao\/#breadcrumb\"},\"inLanguage\":\"pt-BR\",\"potentialAction\":[{\"@type\":\"ReadAction\",\"target\":[\"https:\/\/old.junctionbot.io\/pt-br\/modo-de-revisao\/\"]}]},{\"@type\":\"BreadcrumbList\",\"@id\":\"https:\/\/old.junctionbot.io\/pt-br\/modo-de-revisao\/#breadcrumb\",\"itemListElement\":[{\"@type\":\"ListItem\",\"position\":1,\"name\":\"Home\",\"item\":\"https:\/\/junctionbot.io\/pt-br\/\"},{\"@type\":\"ListItem\",\"position\":2,\"name\":\"Modo de revis\u00e3o\"}]},{\"@type\":\"WebSite\",\"@id\":\"https:\/\/junctionbot.io\/#website\",\"url\":\"https:\/\/junctionbot.io\/\",\"name\":\"Junction Bot\",\"description\":\"Auto Copy Forward Transform and Translate Telegram Channels Groups and Bots\",\"publisher\":{\"@id\":\"https:\/\/junctionbot.io\/#organization\"},\"potentialAction\":[{\"@type\":\"SearchAction\",\"target\":{\"@type\":\"EntryPoint\",\"urlTemplate\":\"https:\/\/junctionbot.io\/?s={search_term_string}\"},\"query-input\":{\"@type\":\"PropertyValueSpecification\",\"valueRequired\":true,\"valueName\":\"search_term_string\"}}],\"inLanguage\":\"pt-BR\"},{\"@type\":\"Organization\",\"@id\":\"https:\/\/junctionbot.io\/#organization\",\"name\":\"Junction Bot\",\"url\":\"https:\/\/junctionbot.io\/\",\"logo\":{\"@type\":\"ImageObject\",\"inLanguage\":\"pt-BR\",\"@id\":\"https:\/\/junctionbot.io\/#\/schema\/logo\/image\/\",\"url\":\"\/wp-content\/uploads\/2020\/06\/junc_logo-400.jpg\",\"contentUrl\":\"\/wp-content\/uploads\/2020\/06\/junc_logo-400.jpg\",\"width\":400,\"height\":400,\"caption\":\"Junction Bot\"},\"image\":{\"@id\":\"https:\/\/junctionbot.io\/#\/schema\/logo\/image\/\"}}]}<\/script>\n<!-- \/ Yoast SEO plugin. -->","yoast_head_json":{"title":"Junction Bot - Modo de revis\u00e3o","robots":{"index":"index","follow":"follow","max-snippet":"max-snippet:-1","max-image-preview":"max-image-preview:large","max-video-preview":"max-video-preview:-1"},"canonical":"https:\/\/old.junctionbot.io\/pt-br\/modo-de-revisao\/","og_locale":"pt_BR","og_type":"article","og_title":"Junction Bot - Modo de revis\u00e3o","og_description":"Modo de revis\u00e3o O @Junction_Bot tem um recurso que permite que voc\u00ea edite manualmente as postagens da origem antes de public\u00e1-las no destino. Ele tamb\u00e9m permite que voc\u00ea aprove ou ignore manualmente as postagens para publica\u00e7\u00e3o. Chamamos isso de modo de revis\u00e3o. Como isso funciona? Para desativar o modo de revis\u00e3o, use Menu ou o [&hellip;]","og_url":"https:\/\/old.junctionbot.io\/pt-br\/modo-de-revisao\/","og_site_name":"Junction Bot","article_modified_time":"2024-01-01T13:34:47+00:00","twitter_card":"summary_large_image","twitter_misc":{"Est. tempo de leitura":"2 minutos"},"schema":{"@context":"https:\/\/schema.org","@graph":[{"@type":"WebPage","@id":"https:\/\/old.junctionbot.io\/pt-br\/modo-de-revisao\/","url":"https:\/\/old.junctionbot.io\/pt-br\/modo-de-revisao\/","name":"Junction Bot - Modo de revis\u00e3o","isPartOf":{"@id":"https:\/\/junctionbot.io\/#website"},"datePublished":"2023-06-25T12:41:53+00:00","dateModified":"2024-01-01T13:34:47+00:00","breadcrumb":{"@id":"https:\/\/old.junctionbot.io\/pt-br\/modo-de-revisao\/#breadcrumb"},"inLanguage":"pt-BR","potentialAction":[{"@type":"ReadAction","target":["https:\/\/old.junctionbot.io\/pt-br\/modo-de-revisao\/"]}]},{"@type":"BreadcrumbList","@id":"https:\/\/old.junctionbot.io\/pt-br\/modo-de-revisao\/#breadcrumb","itemListElement":[{"@type":"ListItem","position":1,"name":"Home","item":"https:\/\/junctionbot.io\/pt-br\/"},{"@type":"ListItem","position":2,"name":"Modo de revis\u00e3o"}]},{"@type":"WebSite","@id":"https:\/\/junctionbot.io\/#website","url":"https:\/\/junctionbot.io\/","name":"Junction Bot","description":"Auto Copy Forward Transform and Translate Telegram Channels Groups and Bots","publisher":{"@id":"https:\/\/junctionbot.io\/#organization"},"potentialAction":[{"@type":"SearchAction","target":{"@type":"EntryPoint","urlTemplate":"https:\/\/junctionbot.io\/?s={search_term_string}"},"query-input":{"@type":"PropertyValueSpecification","valueRequired":true,"valueName":"search_term_string"}}],"inLanguage":"pt-BR"},{"@type":"Organization","@id":"https:\/\/junctionbot.io\/#organization","name":"Junction Bot","url":"https:\/\/junctionbot.io\/","logo":{"@type":"ImageObject","inLanguage":"pt-BR","@id":"https:\/\/junctionbot.io\/#\/schema\/logo\/image\/","url":"\/wp-content\/uploads\/2020\/06\/junc_logo-400.jpg","contentUrl":"\/wp-content\/uploads\/2020\/06\/junc_logo-400.jpg","width":400,"height":400,"caption":"Junction Bot"},"image":{"@id":"https:\/\/junctionbot.io\/#\/schema\/logo\/image\/"}}]}},"_links":{"self":[{"href":"https:\/\/old.junctionbot.io\/pt-br\/wp-json\/wp\/v2\/pages\/4481","targetHints":{"allow":["GET"]}}],"collection":[{"href":"https:\/\/old.junctionbot.io\/pt-br\/wp-json\/wp\/v2\/pages"}],"about":[{"href":"https:\/\/old.junctionbot.io\/pt-br\/wp-json\/wp\/v2\/types\/page"}],"author":[{"embeddable":true,"href":"https:\/\/old.junctionbot.io\/pt-br\/wp-json\/wp\/v2\/users\/2"}],"replies":[{"embeddable":true,"href":"https:\/\/old.junctionbot.io\/pt-br\/wp-json\/wp\/v2\/comments?post=4481"}],"version-history":[{"count":1,"href":"https:\/\/old.junctionbot.io\/pt-br\/wp-json\/wp\/v2\/pages\/4481\/revisions"}],"predecessor-version":[{"id":4484,"href":"https:\/\/old.junctionbot.io\/pt-br\/wp-json\/wp\/v2\/pages\/4481\/revisions\/4484"}],"wp:attachment":[{"href":"https:\/\/old.junctionbot.io\/pt-br\/wp-json\/wp\/v2\/media?parent=4481"}],"curies":[{"name":"wp","href":"https:\/\/api.w.org\/{rel}","templated":true}]}}