{"id":4482,"date":"2020-04-16T16:31:49","date_gmt":"2020-04-16T14:31:49","guid":{"rendered":"https:\/\/junctionbot.io\/getting-started\/\/pagamento\/"},"modified":"2024-01-01T15:34:47","modified_gmt":"2024-01-01T13:34:47","slug":"pagamento","status":"publish","type":"page","link":"https:\/\/old.junctionbot.io\/pt-br\/pagamento\/","title":{"rendered":"Pagamento"},"content":{"rendered":"\n<h2 class=\"wp-block-heading\" id=\"payment\"><span class=\"ez-toc-section\" id=\"Pagamento\"><\/span>Pagamento<span class=\"ez-toc-section-end\"><\/span><\/h2>\n\n<h3 class=\"wp-block-heading\" id=\"what-do-you-pay-for\"><span class=\"ez-toc-section\" id=\"Pelo_que_voce_paga\"><\/span>Pelo que voc\u00ea paga?<span class=\"ez-toc-section-end\"><\/span><\/h3>\n\n<p>A funcionalidade b\u00e1sica do bot \u00e9 gratuita. Temos tamb\u00e9m 2 planos pagos (conta Standard e Direct Connection) e pacotes extras. Veja <a href=\"\/pt-br\/escolha-do-tipo-certo-de-conta\/\">aqui<\/a> a compara\u00e7\u00e3o e os pre\u00e7os.<\/p>\n\n<h3 class=\"wp-block-heading\" id=\"payment-methods\"><span class=\"ez-toc-section\" id=\"Metodos_de_pagamento\"><\/span>M\u00e9todos de pagamento<span class=\"ez-toc-section-end\"><\/span><\/h3>\n\n<p>Aceitamos:<\/p>\n\n<ul class=\"wp-block-list\">\n<li>Cart\u00f5es banc\u00e1rios<\/li>\n\n\n\n<li>PayPal<\/li>\n\n\n\n<li>QIWI<\/li>\n\n\n\n<li>YooMoney<\/li>\n\n\n\n<li>GPay<\/li>\n\n\n\n<li>USDT (TRC20)<\/li>\n<\/ul>\n\n<h3 class=\"wp-block-heading\" id=\"buying-a-standard-account\"><span class=\"ez-toc-section\" id=\"Compra_de_uma_conta_Standard\"><\/span>Compra de uma conta Standard<span class=\"ez-toc-section-end\"><\/span><\/h3>\n\n<p>Para comprar uma conta <a href=\"\/pt-br\/escolha-do-tipo-certo-de-conta\/\">Standard<\/a>, use o comando <span class=\"cool-title\">\/powerup<\/span>. O bot enviar\u00e1 a voc\u00ea links de pagamento. Quanto mais longa for sua assinatura, maior ser\u00e1 o desconto.  <\/p>\n\n<p>Voc\u00ea pode ativar pagamentos autom\u00e1ticos. O bot debitar\u00e1 automaticamente o dinheiro de seu cart\u00e3o 3 dias antes do vencimento do pagamento atual.<\/p>\n\n<p>Voc\u00ea sempre pode verificar o status da sua conta, a data do pr\u00f3ximo pagamento e gerenciar o pagamento autom\u00e1tico com o comando <code>\/account<\/code>.<\/p>\n\n<h3 class=\"wp-block-heading\"><span class=\"ez-toc-section\" id=\"Pagamento_de_uma_conta_Standard_com_criptomoeda\"><\/span>Pagamento de uma conta Standard com criptomoeda<span class=\"ez-toc-section-end\"><\/span><\/h3>\n\n<p>Para comprar uma conta Standard usando criptomoeda, primeiro voc\u00ea precisa reabastecer seu pro-balance no bot (comando <code>\/poweruppro<\/code>) e depois ativar a conta Standard com o comando <code>\/account <\/code>e o bot\u00e3o correspondente. O pre\u00e7o da conta padr\u00e3o ser\u00e1 deduzido do saldo favor\u00e1vel.<\/p>\n\n<h3 class=\"wp-block-heading\" id=\"buying-a-direct-connection\"><span class=\"ez-toc-section\" id=\"Compra_de_uma_conexao_direta\"><\/span>Compra de uma conex\u00e3o direta<span class=\"ez-toc-section-end\"><\/span><\/h3>\n\n<p>Para comprar uma conta de conex\u00e3o direta, use o comando <span class=\"cool-title\">\/poweruppro<\/span>. N\u00e3o confunda com o comando <code>\/powerup<\/code>!<\/p>\n\n<p><a href=\"\/pt-br\/pagamento\/#How_to_connect\">Instru\u00e7\u00f5es sobre como pagar<\/a>.<\/p>\n\n<p>Voc\u00ea sempre pode verificar o status da sua conta, a data do pr\u00f3ximo pagamento e gerenciar seu pagamento autom\u00e1tico com o comando <span class=\"cool-title\">\/account<\/span>.<\/p>\n\n<h3 class=\"wp-block-heading\" id=\"buying-an-extra-package\"><span class=\"ez-toc-section\" id=\"Compra_de_um_pacote_extra\"><\/span>Compra de um pacote extra<span class=\"ez-toc-section-end\"><\/span><\/h3>\n\n<h4 class=\"wp-block-heading\" id=\"1-use-the-poweruppro-command\"><strong>1. Use o comando \/poweruppro<\/strong><\/h4>\n\n<p>Ao pagar com <code>\/poweruppro<\/code>, voc\u00ea coloca seu dinheiro no chamado saldo profissional. Quando o pacote for ativado, o valor correspondente ser\u00e1 retirado desse saldo.<\/p>\n\n<p>N\u00e3o o confunda com o comando <code>\/powerup<\/code>.<\/p>\n\n<pre class=\"wp-block-preformatted\"><span class=\"cool-title\">\/poweruppro<\/span> - comprar um servi\u00e7o (recarregar a carteira)\nFormato:  <code>\/poweruppro top up amount (in euro)<\/code>\nExemplo: <code>\/poweruppro 12<\/code> - pague \u20ac 12\n         <code>\/poweruppro 1.6<\/code>  - pagar \u20ac1,60<\/pre>\n\n<p><a href=\"\/pt-br\/pagamento\/#Extra_packages\">A lista e os pre\u00e7os de todos os Pacotes Extras<\/a>.<\/p>\n\n<h4 class=\"wp-block-heading\" id=\"2-follow-the-link-to-the-payment-page-on-our-website\">2. Siga o link para a p\u00e1gina de pagamento em nosso site<\/h4>\n\n<p>Escolha uma das op\u00e7\u00f5es:<\/p>\n\n<ul class=\"wp-block-list\">\n<li>fazer um<strong> pagamento \u00fanico<\/strong>.<\/li>\n\n\n\n<li>definir um <strong>pagamento peri\u00f3dico<\/strong>. Posteriormente, esse pagamento ser\u00e1 repetido 3 dias antes do vencimento do pagamento atual. Voc\u00ea sempre pode desativar o pagamento autom\u00e1tico nas configura\u00e7\u00f5es de sua \/conta.<\/li>\n<\/ul>\n\n<h4 class=\"wp-block-heading\" id=\"3-activate-it-with-the-command-account\">3. Ative-o com o comando \/account<\/h4>\n\n<p>Use o comando \/account e, em seguida, um bot\u00e3o correspondente para ativar seu pacote extra.<\/p>\n\n<p>Al\u00e9m disso, com o comando \/account, voc\u00ea sempre pode verificar o status da sua conta, a data do pr\u00f3ximo pagamento e gerenciar seu pagamento autom\u00e1tico.<\/p>\n\n<h3 class=\"wp-block-heading\"><span class=\"ez-toc-section\" id=\"Sistema_de_bonus\"><\/span>Sistema de b\u00f4nus<span class=\"ez-toc-section-end\"><\/span><\/h3>\n\n<p>Se voc\u00ea aumentar o seu saldo profissional em um determinado valor, receber\u00e1 um b\u00f4nus:<br\/>Se voc\u00ea pagar \u20ac32, receber\u00e1 um b\u00f4nus de \u20ac4, ou seja, receber\u00e1 \u20ac36 na sua conta.<br\/>Se voc\u00ea pagar 98 euros, receber\u00e1 um b\u00f4nus de 46 euros, ou seja, receber\u00e1 144 euros na sua conta.<\/p>\n\n<p>Pode-se dizer que voc\u00ea obt\u00e9m o seguinte sistema de descontos: se pagar por 3 meses de uma vez, o custo ser\u00e1 de \u20ac 32; se pagar por 1 ano, o custo ser\u00e1 de \u20ac 98. Por exemplo, para comprar uma conex\u00e3o direta por 12 meses, basta fazer uma recarga com <code>\/poweruppro 98<\/code>. Sua conta ser\u00e1 creditada com \u20ac144 (= 12 meses x \u20ac12).<\/p>\n\n<p>A conex\u00e3o direta sempre custa \u20ac 12. Os descontos se aplicam apenas aos b\u00f4nus durante a recarga.<\/p>\n\n<h3 class=\"wp-block-heading\" id=\"automatic-payments\"><span class=\"ez-toc-section\" id=\"Pagamentos_automaticos\"><\/span>Pagamentos autom\u00e1ticos<span class=\"ez-toc-section-end\"><\/span><\/h3>\n\n<p>Voc\u00ea pode ativar pagamentos autom\u00e1ticos. O bot debitar\u00e1 automaticamente o dinheiro de seu cart\u00e3o 3 dias antes do vencimento do pagamento atual.<\/p>\n\n<p>Os pagamentos autom\u00e1ticos est\u00e3o dispon\u00edveis apenas para cart\u00f5es banc\u00e1rios.<\/p>\n","protected":false},"excerpt":{"rendered":"<p>Pagamento Pelo que voc\u00ea paga? A funcionalidade b\u00e1sica do bot \u00e9 gratuita. Temos tamb\u00e9m 2 planos pagos (conta Standard e Direct Connection) e pacotes extras. Veja aqui a compara\u00e7\u00e3o e os pre\u00e7os. M\u00e9todos de pagamento Aceitamos: Compra de uma conta Standard Para comprar uma conta Standard, use o comando \/powerup. O bot enviar\u00e1 a voc\u00ea [&hellip;]<\/p>\n","protected":false},"author":1,"featured_media":0,"parent":0,"menu_order":0,"comment_status":"closed","ping_status":"closed","template":"","meta":{"nf_dc_page":"","_monsterinsights_skip_tracking":false,"_monsterinsights_sitenote_active":false,"_monsterinsights_sitenote_note":"","_monsterinsights_sitenote_category":0,"ocean_post_layout":"","ocean_both_sidebars_style":"","ocean_both_sidebars_content_width":0,"ocean_both_sidebars_sidebars_width":0,"ocean_sidebar":"0","ocean_second_sidebar":"0","ocean_disable_margins":"enable","ocean_add_body_class":"","ocean_shortcode_before_top_bar":"","ocean_shortcode_after_top_bar":"","ocean_shortcode_before_header":"","ocean_shortcode_after_header":"","ocean_has_shortcode":"","ocean_shortcode_after_title":"","ocean_shortcode_before_footer_widgets":"","ocean_shortcode_after_footer_widgets":"","ocean_shortcode_before_footer_bottom":"","ocean_shortcode_after_footer_bottom":"","ocean_display_top_bar":"default","ocean_display_header":"default","ocean_header_style":"","ocean_center_header_left_menu":"0","ocean_custom_header_template":"0","ocean_custom_logo":0,"ocean_custom_retina_logo":0,"ocean_custom_logo_max_width":0,"ocean_custom_logo_tablet_max_width":0,"ocean_custom_logo_mobile_max_width":0,"ocean_custom_logo_max_height":0,"ocean_custom_logo_tablet_max_height":0,"ocean_custom_logo_mobile_max_height":0,"ocean_header_custom_menu":"0","ocean_menu_typo_font_family":"0","ocean_menu_typo_font_subset":"","ocean_menu_typo_font_size":0,"ocean_menu_typo_font_size_tablet":0,"ocean_menu_typo_font_size_mobile":0,"ocean_menu_typo_font_size_unit":"px","ocean_menu_typo_font_weight":"","ocean_menu_typo_font_weight_tablet":"","ocean_menu_typo_font_weight_mobile":"","ocean_menu_typo_transform":"","ocean_menu_typo_transform_tablet":"","ocean_menu_typo_transform_mobile":"","ocean_menu_typo_line_height":0,"ocean_menu_typo_line_height_tablet":0,"ocean_menu_typo_line_height_mobile":0,"ocean_menu_typo_line_height_unit":"","ocean_menu_typo_spacing":0,"ocean_menu_typo_spacing_tablet":0,"ocean_menu_typo_spacing_mobile":0,"ocean_menu_typo_spacing_unit":"","ocean_menu_link_color":"","ocean_menu_link_color_hover":"","ocean_menu_link_color_active":"","ocean_menu_link_background":"","ocean_menu_link_hover_background":"","ocean_menu_link_active_background":"","ocean_menu_social_links_bg":"","ocean_menu_social_hover_links_bg":"","ocean_menu_social_links_color":"","ocean_menu_social_hover_links_color":"","ocean_disable_title":"default","ocean_disable_heading":"default","ocean_post_title":"","ocean_post_subheading":"","ocean_post_title_style":"","ocean_post_title_background_color":"","ocean_post_title_background":0,"ocean_post_title_bg_image_position":"","ocean_post_title_bg_image_attachment":"","ocean_post_title_bg_image_repeat":"","ocean_post_title_bg_image_size":"","ocean_post_title_height":0,"ocean_post_title_bg_overlay":0.5,"ocean_post_title_bg_overlay_color":"","ocean_disable_breadcrumbs":"default","ocean_breadcrumbs_color":"","ocean_breadcrumbs_separator_color":"","ocean_breadcrumbs_links_color":"","ocean_breadcrumbs_links_hover_color":"","ocean_display_footer_widgets":"default","ocean_display_footer_bottom":"default","ocean_custom_footer_template":"0","footnotes":""},"class_list":["post-4482","page","type-page","status-publish","hentry","entry"],"yoast_head":"<!-- This site is optimized with the Yoast SEO plugin v26.9 - https:\/\/yoast.com\/product\/yoast-seo-wordpress\/ -->\n<title>Junction Bot - Pagamento<\/title>\n<meta name=\"robots\" content=\"index, follow, max-snippet:-1, max-image-preview:large, max-video-preview:-1\" \/>\n<link rel=\"canonical\" href=\"https:\/\/old.junctionbot.io\/pt-br\/pagamento\/\" \/>\n<meta property=\"og:locale\" content=\"pt_BR\" \/>\n<meta property=\"og:type\" content=\"article\" \/>\n<meta property=\"og:title\" content=\"Junction Bot - Pagamento\" \/>\n<meta property=\"og:description\" content=\"Pagamento Pelo que voc\u00ea paga? A funcionalidade b\u00e1sica do bot \u00e9 gratuita. Temos tamb\u00e9m 2 planos pagos (conta Standard e Direct Connection) e pacotes extras. Veja aqui a compara\u00e7\u00e3o e os pre\u00e7os. M\u00e9todos de pagamento Aceitamos: Compra de uma conta Standard Para comprar uma conta Standard, use o comando \/powerup. O bot enviar\u00e1 a voc\u00ea [&hellip;]\" \/>\n<meta property=\"og:url\" content=\"https:\/\/old.junctionbot.io\/pt-br\/pagamento\/\" \/>\n<meta property=\"og:site_name\" content=\"Junction Bot\" \/>\n<meta property=\"article:modified_time\" content=\"2024-01-01T13:34:47+00:00\" \/>\n<meta name=\"twitter:card\" content=\"summary_large_image\" \/>\n<meta name=\"twitter:label1\" content=\"Est. tempo de leitura\" \/>\n\t<meta name=\"twitter:data1\" content=\"3 minutos\" \/>\n<script type=\"application\/ld+json\" class=\"yoast-schema-graph\">{\"@context\":\"https:\/\/schema.org\",\"@graph\":[{\"@type\":\"WebPage\",\"@id\":\"https:\/\/old.junctionbot.io\/pt-br\/pagamento\/\",\"url\":\"https:\/\/old.junctionbot.io\/pt-br\/pagamento\/\",\"name\":\"Junction Bot - Pagamento\",\"isPartOf\":{\"@id\":\"https:\/\/junctionbot.io\/#website\"},\"datePublished\":\"2020-04-16T14:31:49+00:00\",\"dateModified\":\"2024-01-01T13:34:47+00:00\",\"breadcrumb\":{\"@id\":\"https:\/\/old.junctionbot.io\/pt-br\/pagamento\/#breadcrumb\"},\"inLanguage\":\"pt-BR\",\"potentialAction\":[{\"@type\":\"ReadAction\",\"target\":[\"https:\/\/old.junctionbot.io\/pt-br\/pagamento\/\"]}]},{\"@type\":\"BreadcrumbList\",\"@id\":\"https:\/\/old.junctionbot.io\/pt-br\/pagamento\/#breadcrumb\",\"itemListElement\":[{\"@type\":\"ListItem\",\"position\":1,\"name\":\"Home\",\"item\":\"https:\/\/junctionbot.io\/pt-br\/\"},{\"@type\":\"ListItem\",\"position\":2,\"name\":\"Pagamento\"}]},{\"@type\":\"WebSite\",\"@id\":\"https:\/\/junctionbot.io\/#website\",\"url\":\"https:\/\/junctionbot.io\/\",\"name\":\"Junction Bot\",\"description\":\"Auto Copy Forward Transform and Translate Telegram Channels Groups and Bots\",\"publisher\":{\"@id\":\"https:\/\/junctionbot.io\/#organization\"},\"potentialAction\":[{\"@type\":\"SearchAction\",\"target\":{\"@type\":\"EntryPoint\",\"urlTemplate\":\"https:\/\/junctionbot.io\/?s={search_term_string}\"},\"query-input\":{\"@type\":\"PropertyValueSpecification\",\"valueRequired\":true,\"valueName\":\"search_term_string\"}}],\"inLanguage\":\"pt-BR\"},{\"@type\":\"Organization\",\"@id\":\"https:\/\/junctionbot.io\/#organization\",\"name\":\"Junction Bot\",\"url\":\"https:\/\/junctionbot.io\/\",\"logo\":{\"@type\":\"ImageObject\",\"inLanguage\":\"pt-BR\",\"@id\":\"https:\/\/junctionbot.io\/#\/schema\/logo\/image\/\",\"url\":\"\/wp-content\/uploads\/2020\/06\/junc_logo-400.jpg\",\"contentUrl\":\"\/wp-content\/uploads\/2020\/06\/junc_logo-400.jpg\",\"width\":400,\"height\":400,\"caption\":\"Junction Bot\"},\"image\":{\"@id\":\"https:\/\/junctionbot.io\/#\/schema\/logo\/image\/\"}}]}<\/script>\n<!-- \/ Yoast SEO plugin. -->","yoast_head_json":{"title":"Junction Bot - Pagamento","robots":{"index":"index","follow":"follow","max-snippet":"max-snippet:-1","max-image-preview":"max-image-preview:large","max-video-preview":"max-video-preview:-1"},"canonical":"https:\/\/old.junctionbot.io\/pt-br\/pagamento\/","og_locale":"pt_BR","og_type":"article","og_title":"Junction Bot - Pagamento","og_description":"Pagamento Pelo que voc\u00ea paga? A funcionalidade b\u00e1sica do bot \u00e9 gratuita. Temos tamb\u00e9m 2 planos pagos (conta Standard e Direct Connection) e pacotes extras. Veja aqui a compara\u00e7\u00e3o e os pre\u00e7os. M\u00e9todos de pagamento Aceitamos: Compra de uma conta Standard Para comprar uma conta Standard, use o comando \/powerup. O bot enviar\u00e1 a voc\u00ea [&hellip;]","og_url":"https:\/\/old.junctionbot.io\/pt-br\/pagamento\/","og_site_name":"Junction Bot","article_modified_time":"2024-01-01T13:34:47+00:00","twitter_card":"summary_large_image","twitter_misc":{"Est. tempo de leitura":"3 minutos"},"schema":{"@context":"https:\/\/schema.org","@graph":[{"@type":"WebPage","@id":"https:\/\/old.junctionbot.io\/pt-br\/pagamento\/","url":"https:\/\/old.junctionbot.io\/pt-br\/pagamento\/","name":"Junction Bot - Pagamento","isPartOf":{"@id":"https:\/\/junctionbot.io\/#website"},"datePublished":"2020-04-16T14:31:49+00:00","dateModified":"2024-01-01T13:34:47+00:00","breadcrumb":{"@id":"https:\/\/old.junctionbot.io\/pt-br\/pagamento\/#breadcrumb"},"inLanguage":"pt-BR","potentialAction":[{"@type":"ReadAction","target":["https:\/\/old.junctionbot.io\/pt-br\/pagamento\/"]}]},{"@type":"BreadcrumbList","@id":"https:\/\/old.junctionbot.io\/pt-br\/pagamento\/#breadcrumb","itemListElement":[{"@type":"ListItem","position":1,"name":"Home","item":"https:\/\/junctionbot.io\/pt-br\/"},{"@type":"ListItem","position":2,"name":"Pagamento"}]},{"@type":"WebSite","@id":"https:\/\/junctionbot.io\/#website","url":"https:\/\/junctionbot.io\/","name":"Junction Bot","description":"Auto Copy Forward Transform and Translate Telegram Channels Groups and Bots","publisher":{"@id":"https:\/\/junctionbot.io\/#organization"},"potentialAction":[{"@type":"SearchAction","target":{"@type":"EntryPoint","urlTemplate":"https:\/\/junctionbot.io\/?s={search_term_string}"},"query-input":{"@type":"PropertyValueSpecification","valueRequired":true,"valueName":"search_term_string"}}],"inLanguage":"pt-BR"},{"@type":"Organization","@id":"https:\/\/junctionbot.io\/#organization","name":"Junction Bot","url":"https:\/\/junctionbot.io\/","logo":{"@type":"ImageObject","inLanguage":"pt-BR","@id":"https:\/\/junctionbot.io\/#\/schema\/logo\/image\/","url":"\/wp-content\/uploads\/2020\/06\/junc_logo-400.jpg","contentUrl":"\/wp-content\/uploads\/2020\/06\/junc_logo-400.jpg","width":400,"height":400,"caption":"Junction Bot"},"image":{"@id":"https:\/\/junctionbot.io\/#\/schema\/logo\/image\/"}}]}},"_links":{"self":[{"href":"https:\/\/old.junctionbot.io\/pt-br\/wp-json\/wp\/v2\/pages\/4482","targetHints":{"allow":["GET"]}}],"collection":[{"href":"https:\/\/old.junctionbot.io\/pt-br\/wp-json\/wp\/v2\/pages"}],"about":[{"href":"https:\/\/old.junctionbot.io\/pt-br\/wp-json\/wp\/v2\/types\/page"}],"author":[{"embeddable":true,"href":"https:\/\/old.junctionbot.io\/pt-br\/wp-json\/wp\/v2\/users\/1"}],"replies":[{"embeddable":true,"href":"https:\/\/old.junctionbot.io\/pt-br\/wp-json\/wp\/v2\/comments?post=4482"}],"version-history":[{"count":1,"href":"https:\/\/old.junctionbot.io\/pt-br\/wp-json\/wp\/v2\/pages\/4482\/revisions"}],"predecessor-version":[{"id":4487,"href":"https:\/\/old.junctionbot.io\/pt-br\/wp-json\/wp\/v2\/pages\/4482\/revisions\/4487"}],"wp:attachment":[{"href":"https:\/\/old.junctionbot.io\/pt-br\/wp-json\/wp\/v2\/media?parent=4482"}],"curies":[{"name":"wp","href":"https:\/\/api.w.org\/{rel}","templated":true}]}}