{"id":4485,"date":"2020-05-01T15:29:24","date_gmt":"2020-05-01T13:29:24","guid":{"rendered":"https:\/\/junctionbot.io\/getting-started\/\/botoes\/"},"modified":"2024-01-01T15:34:48","modified_gmt":"2024-01-01T13:34:48","slug":"botoes","status":"publish","type":"page","link":"https:\/\/old.junctionbot.io\/pt-br\/botoes\/","title":{"rendered":"Bot\u00f5es"},"content":{"rendered":"\n<h2 class=\"wp-block-heading\"><span class=\"ez-toc-section\" id=\"Botoes\"><\/span>Bot\u00f5es<span class=\"ez-toc-section-end\"><\/span><\/h2>\n\n<p>Voc\u00ea pode personalizar facilmente os bot\u00f5es das mensagens resultantes.<\/p>\n\n<h3 class=\"wp-block-heading\"><span class=\"ez-toc-section\" id=\"Botoes_de_feedback\"><\/span>Bot\u00f5es de feedback<span class=\"ez-toc-section-end\"><\/span><\/h3>\n\n<pre class=\"wp-block-preformatted\">Onde est\u00e1  \n<strong>Menu \u2192 Configura\u00e7\u00f5es de encaminhamento \u2192 Escolher origem e destino \u2192 Bot\u00f5es de feedback<\/strong><\/pre>\n\n<p>Adicione bot\u00f5es de feedback a uma mensagem, por exemplo, <strong>como<\/strong>.<\/p>\n\n<details class=\"wp-block-mamaduka-toggles wp-block-toggles\"><summary>\u23f5Commands<\/summary><div class=\"wp-block-toggles__content\">\n<pre class=\"wp-block-preformatted\"><span class=\"cool-title\">\/setting like<\/span> + uma das seguintes op\u00e7\u00f5es:\n\n<span class=\"cool-title\">none<\/span> - sem bot\u00f5es\nEx.  <code>\/setting like none<\/code>\n\n<span class=\"cool-title\">1<\/span> - bot\u00e3o ????\nEx.  <code>\/setting like 1<\/code>\n\n<span class=\"cool-title\">2<\/span> - dois bot\u00f5es: ???? e ????\nEx.  <code>\/setting like 2<\/code>\n\nSe voc\u00ea adicionar qualquer outra string, cada palavra dessa string ser\u00e1 um bot\u00e3o, ou seja, uma string \"???? ????\" \u00e9 igual \u00e0 op\u00e7\u00e3o 2 anterior\nEx.  <code>\/setting like ???? ????<\/code>\nEx.  <code>\/setting like yes no maybe<\/code>  - adicionar\u00e1 3 bot\u00f5es 'yes', 'no', 'maybe'<\/pre>\n\n\n\n<p>Voc\u00ea pode ajustar essa configura\u00e7\u00e3o no menu, mas tamb\u00e9m pode usar os comandos. Se estiver usando os comandos, para aplicar essa configura\u00e7\u00e3o a apenas um canal, substitua o comando <code>\/setting<\/code> por <code>\/settingchannel <a href=\"\/pt-br\/configuracoes-e-recursos\/#Referencing_a_source_channel\">source_channel_reference<\/a><\/code> <a href=\"\/pt-br\/configuracoes-e-recursos\/#Applying_settings_to_one_or_all_channels\">(leia mais<\/a>).<\/p>\n<\/div><\/details>\n\n<h3 class=\"wp-block-heading\"><span class=\"ez-toc-section\" id=\"Botoes_de_copia\"><\/span>Bot\u00f5es de c\u00f3pia<span class=\"ez-toc-section-end\"><\/span><\/h3>\n\n<pre class=\"wp-block-preformatted\">Onde est\u00e1  \n<strong>Menu \u2192 Configura\u00e7\u00f5es de encaminhamento \u2192 Escolher origem e destino \u2192 Bot\u00f5es originais<\/strong><\/pre>\n\n<p>Com essa configura\u00e7\u00e3o, voc\u00ea pode escolher quais bot\u00f5es da mensagem original deseja manter. Lembre-se de que, devido \u00e0 maneira como o Telegram funciona, somente os bot\u00f5es de URL funcionar\u00e3o de fato se forem clicados.<\/p>\n\n<details class=\"wp-block-mamaduka-toggles wp-block-toggles\"><summary>\u23f5Commands<\/summary><div class=\"wp-block-toggles__content\">\n<pre class=\"wp-block-preformatted\">\/<span class=\"cool-title\">Bot\u00f5es de configura\u00e7\u00e3o<\/span> + uma das seguintes op\u00e7\u00f5es:\n\n<span class=\"cool-title\">none<\/span> - n\u00e3o copia nenhum bot\u00e3o\nEx.  <code>\/setting buttons none<\/code>\n\n<span class=\"cool-title\">url<\/span> - Somente bot\u00f5es de URL\nEx.  <code>\/setting buttons url<\/code>\n\n<span class=\"cool-title\">especial<\/span> - somente bot\u00f5es que n\u00e3o sejam de URL\nEx.  <code>\/setting buttons special<\/code>\n\n<span class=\"cool-title\">all<\/span> - copiar todos os bot\u00f5es\nEx.  <code>\/setting buttons all<\/code><\/pre>\n\n\n\n<p>Voc\u00ea pode ajustar essa configura\u00e7\u00e3o no menu, mas tamb\u00e9m pode usar os comandos. Se estiver usando os comandos, para aplicar essa configura\u00e7\u00e3o a apenas um canal, substitua o comando <code>\/setting<\/code> por <code>\/settingchannel <a href=\"\/pt-br\/configuracoes-e-recursos\/#Referencing_a_source_channel\">source_channel_reference<\/a><\/code> <a href=\"\/pt-br\/configuracoes-e-recursos\/#Applying_settings_to_one_or_all_channels\">(leia mais<\/a>).<\/p>\n<\/div><\/details>\n\n<h3 class=\"wp-block-heading\"><span class=\"ez-toc-section\" id=\"Adicione_seus_botoes_personalizados\"><\/span>Adicione seus bot\u00f5es personalizados<span class=\"ez-toc-section-end\"><\/span><\/h3>\n\n<pre class=\"wp-block-preformatted\">Onde est\u00e1  \n<strong>Menu \u2192 Configura\u00e7\u00f5es de encaminhamento \u2192 Escolher origem e destino \u2192 Bot\u00f5es personalizados<\/strong><\/pre>\n\n<p>Voc\u00ea pode adicionar bot\u00f5es de URL personalizados \u00e0s mensagens que encaminhar.<\/p>\n\n<details class=\"wp-block-mamaduka-toggles wp-block-toggles\"><summary>\u23f5Commands<\/summary><div class=\"wp-block-toggles__content\">\n<pre class=\"wp-block-preformatted\"><span class=\"cool-title\">\/setting mybuttons<\/span> + uma das seguintes op\u00e7\u00f5es:\n\n<span class=\"cool-title\">none<\/span> - n\u00e3o adicione seus bot\u00f5es personalizados\nEx.  <code>\/setting mybuttons none<\/code>\n\n<span class=\"cool-title\">[button1] [button2]<\/span>  - para definir uma lista de seus bot\u00f5es\nFormato:  \n<code>\/setting mybuttons\nURL text-of-the-button<\/code>\nExemplo:\n<code>\/setting mybuttons\nhttps:\/\/junction.space About us\nhttps:\/\/tgchannels.org All channels<\/code><\/pre>\n\n\n\n<p>Voc\u00ea pode ajustar essa configura\u00e7\u00e3o no menu, mas tamb\u00e9m pode usar os comandos. Se estiver usando os comandos, para aplicar essa configura\u00e7\u00e3o a apenas um canal, substitua o comando <code>\/setting<\/code> por <code>\/settingchannel <a href=\"\/pt-br\/configuracoes-e-recursos\/#Referencing_a_source_channel\">source_channel_reference<\/a><\/code> <a href=\"\/pt-br\/configuracoes-e-recursos\/#Applying_settings_to_one_or_all_channels\">(leia mais<\/a>).<\/p>\n<\/div><\/details>\n\n<h3 class=\"wp-block-heading\"><span class=\"ez-toc-section\" id=\"Copiar_botoes_de_alerta\"><\/span>Copiar bot\u00f5es de alerta<span class=\"ez-toc-section-end\"><\/span><\/h3>\n\n<pre class=\"wp-block-preformatted\">Onde est\u00e1  \n<strong>Menu \u2192 Forwarding settings \u2192 Choose source and destination \u2192 Clique no bot\u00e3o<\/strong><\/pre>\n\n<p>Com essa configura\u00e7\u00e3o, voc\u00ea pode ativar a c\u00f3pia dos bot\u00f5es que exibem alertas quando s\u00e3o clicados. A simples duplica\u00e7\u00e3o do post n\u00e3o transmite a rea\u00e7\u00e3o do Telegram a esse tipo de bot\u00e3o. Para esse caso, nosso bot implementa um mecanismo de c\u00f3pia mais profundo.<\/p>\n\n<details class=\"wp-block-mamaduka-toggles wp-block-toggles\"><summary>\u23f5Commands<\/summary><div class=\"wp-block-toggles__content\">\n<pre class=\"wp-block-preformatted\"><span class=\"cool-title\">\/settingchannel <a href=\"\/pt-br\/configuracoes-e-recursos\/#Referencing_a_source_channel\">source_channel_reference<\/a> clique em<\/span> + uma das seguintes op\u00e7\u00f5es:\n\n<span class=\"cool-title\">none<\/span> - n\u00e3o copia bot\u00f5es de alerta\nExemplo:  <code>\/settingchannel <code><a href=\"\/pt-br\/configuracoes-e-recursos\/#Referencing_a_source_channel\">source_channel_reference<\/a><\/code> click none<\/code>\n\n<span class=\"cool-title\">.*<\/span> - copia todos os bot\u00f5es de alerta\nExemplo:  <code>\/settingchannel <code><a href=\"\/pt-br\/configuracoes-e-recursos\/#Referencing_a_source_channel\">source_channel_reference<\/a><\/code> click .*<\/code>\n\n<span class=\"cool-title\">qualquer express\u00e3o regular<\/span> - copiar bot\u00f5es de alerta, com um texto que corresponda a essa express\u00e3o\nExemplo:  <code>\/settingchannel <code><a href=\"\/pt-br\/configuracoes-e-recursos\/#Referencing_a_source_channel\">source_channel_reference<\/a><\/code> click Show<\/code><\/pre>\n\n\n\n<p>Voc\u00ea pode ajustar essa configura\u00e7\u00e3o no menu, mas tamb\u00e9m pode usar os comandos. Se estiver usando os comandos, para aplicar essa configura\u00e7\u00e3o a apenas um canal, substitua o comando <code>\/setting<\/code> por <code>\/settingchannel <a href=\"\/pt-br\/configuracoes-e-recursos\/#Referencing_a_source_channel\">source_channel_reference<\/a><\/code> <a href=\"\/pt-br\/configuracoes-e-recursos\/#Applying_settings_to_one_or_all_channels\">(leia mais<\/a>).<\/p>\n<\/div><\/details>\n\n<p>Observe que essa configura\u00e7\u00e3o funciona apenas para <a href=\"\/direct-connection\/\" data-type=\"URL\" data-id=\"\/direct-connection\/\">conex\u00e3o direta<\/a>, canais privados e <a href=\"\/pt-br\/escolha-do-tipo-certo-de-conta\/#Extra_packages\">expressos<\/a> e grupos. Al\u00e9m disso, essa configura\u00e7\u00e3o n\u00e3o funcionar\u00e1 se voc\u00ea estiver <a href=\"\/direct-connection\/#Forwarding_messages_on_behalf_of_your_account\">encaminhando mensagens em nome da sua conta<\/a>.<\/p>\n\n<p>Assim que uma mensagem com um bot\u00e3o aparecer na fonte, o bot clicar\u00e1 imediatamente nesse bot\u00e3o para ler a notifica\u00e7\u00e3o. \u00c9 claro que uma pessoa n\u00e3o pressionar\u00e1 o bot\u00e3o instantaneamente. Para tornar o comportamento do bot mais pr\u00f3ximo do humano, voc\u00ea pode definir um atraso aleat\u00f3rio antes de clicar. \u00c9 prov\u00e1vel que voc\u00ea n\u00e3o queira deixar a borda inferior muito pequena para que ela n\u00e3o pare\u00e7a artificial. Mas voc\u00ea tamb\u00e9m n\u00e3o quer torn\u00e1-lo muito grande, porque as mensagens chegar\u00e3o ao destino com esse mesmo atraso.<\/p>\n\n<p>Portanto, para definir o atraso, adicione mais um par\u00e2metro: o intervalo em segundos. Por exemplo, se voc\u00ea estiver usando os comandos:<\/p>\n\n<p><code>\/settingchannel source_reference click. * 15-300<\/code><\/p>\n\n<p>Copiar\u00e1 todos os bot\u00f5es de alerta clicando neles com um atraso aleat\u00f3rio de 15 a 300 segundos.<br\/>Essa configura\u00e7\u00e3o s\u00f3 funciona em uma <a href=\"\/direct-connection\/\">conex\u00e3o direta<\/a>.<\/p>\n\n<p>Al\u00e9m disso, \u00e9 poss\u00edvel colocar o texto do alerta no corpo da mensagem e n\u00e3o copiar o bot\u00e3o em si. Para isso, adicione mais um argumento <code>body<\/code>:<\/p>\n\n<p> <code>\/settingchannel source_reference click. * 15-300<\/code> <code>body<\/code><\/p>\n","protected":false},"excerpt":{"rendered":"<p>Bot\u00f5es Voc\u00ea pode personalizar facilmente os bot\u00f5es das mensagens resultantes. Bot\u00f5es de feedback Onde est\u00e1 Menu \u2192 Configura\u00e7\u00f5es de encaminhamento \u2192 Escolher origem e destino \u2192 Bot\u00f5es de feedback Adicione bot\u00f5es de feedback a uma mensagem, por exemplo, como. Bot\u00f5es de c\u00f3pia Onde est\u00e1 Menu \u2192 Configura\u00e7\u00f5es de encaminhamento \u2192 Escolher origem e destino \u2192 [&hellip;]<\/p>\n","protected":false},"author":1,"featured_media":0,"parent":0,"menu_order":0,"comment_status":"closed","ping_status":"closed","template":"","meta":{"nf_dc_page":"","_monsterinsights_skip_tracking":false,"_monsterinsights_sitenote_active":false,"_monsterinsights_sitenote_note":"","_monsterinsights_sitenote_category":0,"ocean_post_layout":"","ocean_both_sidebars_style":"","ocean_both_sidebars_content_width":0,"ocean_both_sidebars_sidebars_width":0,"ocean_sidebar":"0","ocean_second_sidebar":"0","ocean_disable_margins":"enable","ocean_add_body_class":"","ocean_shortcode_before_top_bar":"","ocean_shortcode_after_top_bar":"","ocean_shortcode_before_header":"","ocean_shortcode_after_header":"","ocean_has_shortcode":"","ocean_shortcode_after_title":"","ocean_shortcode_before_footer_widgets":"","ocean_shortcode_after_footer_widgets":"","ocean_shortcode_before_footer_bottom":"","ocean_shortcode_after_footer_bottom":"","ocean_display_top_bar":"default","ocean_display_header":"default","ocean_header_style":"","ocean_center_header_left_menu":"0","ocean_custom_header_template":"0","ocean_custom_logo":0,"ocean_custom_retina_logo":0,"ocean_custom_logo_max_width":0,"ocean_custom_logo_tablet_max_width":0,"ocean_custom_logo_mobile_max_width":0,"ocean_custom_logo_max_height":0,"ocean_custom_logo_tablet_max_height":0,"ocean_custom_logo_mobile_max_height":0,"ocean_header_custom_menu":"0","ocean_menu_typo_font_family":"0","ocean_menu_typo_font_subset":"","ocean_menu_typo_font_size":0,"ocean_menu_typo_font_size_tablet":0,"ocean_menu_typo_font_size_mobile":0,"ocean_menu_typo_font_size_unit":"px","ocean_menu_typo_font_weight":"","ocean_menu_typo_font_weight_tablet":"","ocean_menu_typo_font_weight_mobile":"","ocean_menu_typo_transform":"","ocean_menu_typo_transform_tablet":"","ocean_menu_typo_transform_mobile":"","ocean_menu_typo_line_height":0,"ocean_menu_typo_line_height_tablet":0,"ocean_menu_typo_line_height_mobile":0,"ocean_menu_typo_line_height_unit":"","ocean_menu_typo_spacing":0,"ocean_menu_typo_spacing_tablet":0,"ocean_menu_typo_spacing_mobile":0,"ocean_menu_typo_spacing_unit":"","ocean_menu_link_color":"","ocean_menu_link_color_hover":"","ocean_menu_link_color_active":"","ocean_menu_link_background":"","ocean_menu_link_hover_background":"","ocean_menu_link_active_background":"","ocean_menu_social_links_bg":"","ocean_menu_social_hover_links_bg":"","ocean_menu_social_links_color":"","ocean_menu_social_hover_links_color":"","ocean_disable_title":"default","ocean_disable_heading":"default","ocean_post_title":"","ocean_post_subheading":"","ocean_post_title_style":"","ocean_post_title_background_color":"","ocean_post_title_background":0,"ocean_post_title_bg_image_position":"","ocean_post_title_bg_image_attachment":"","ocean_post_title_bg_image_repeat":"","ocean_post_title_bg_image_size":"","ocean_post_title_height":0,"ocean_post_title_bg_overlay":0.5,"ocean_post_title_bg_overlay_color":"","ocean_disable_breadcrumbs":"default","ocean_breadcrumbs_color":"","ocean_breadcrumbs_separator_color":"","ocean_breadcrumbs_links_color":"","ocean_breadcrumbs_links_hover_color":"","ocean_display_footer_widgets":"default","ocean_display_footer_bottom":"default","ocean_custom_footer_template":"0","footnotes":""},"class_list":["post-4485","page","type-page","status-publish","hentry","entry"],"yoast_head":"<!-- This site is optimized with the Yoast SEO plugin v26.9 - https:\/\/yoast.com\/product\/yoast-seo-wordpress\/ -->\n<title>Junction Bot - Bot\u00f5es<\/title>\n<meta name=\"robots\" content=\"index, follow, max-snippet:-1, max-image-preview:large, max-video-preview:-1\" \/>\n<link rel=\"canonical\" href=\"https:\/\/old.junctionbot.io\/pt-br\/botoes\/\" \/>\n<meta property=\"og:locale\" content=\"pt_BR\" \/>\n<meta property=\"og:type\" content=\"article\" \/>\n<meta property=\"og:title\" content=\"Junction Bot - Bot\u00f5es\" \/>\n<meta property=\"og:description\" content=\"Bot\u00f5es Voc\u00ea pode personalizar facilmente os bot\u00f5es das mensagens resultantes. Bot\u00f5es de feedback Onde est\u00e1 Menu \u2192 Configura\u00e7\u00f5es de encaminhamento \u2192 Escolher origem e destino \u2192 Bot\u00f5es de feedback Adicione bot\u00f5es de feedback a uma mensagem, por exemplo, como. Bot\u00f5es de c\u00f3pia Onde est\u00e1 Menu \u2192 Configura\u00e7\u00f5es de encaminhamento \u2192 Escolher origem e destino \u2192 [&hellip;]\" \/>\n<meta property=\"og:url\" content=\"https:\/\/old.junctionbot.io\/pt-br\/botoes\/\" \/>\n<meta property=\"og:site_name\" content=\"Junction Bot\" \/>\n<meta property=\"article:modified_time\" content=\"2024-01-01T13:34:48+00:00\" \/>\n<meta name=\"twitter:card\" content=\"summary_large_image\" \/>\n<meta name=\"twitter:label1\" content=\"Est. tempo de leitura\" \/>\n\t<meta name=\"twitter:data1\" content=\"3 minutos\" \/>\n<script type=\"application\/ld+json\" class=\"yoast-schema-graph\">{\"@context\":\"https:\/\/schema.org\",\"@graph\":[{\"@type\":\"WebPage\",\"@id\":\"https:\/\/old.junctionbot.io\/pt-br\/botoes\/\",\"url\":\"https:\/\/old.junctionbot.io\/pt-br\/botoes\/\",\"name\":\"Junction Bot - Bot\u00f5es\",\"isPartOf\":{\"@id\":\"https:\/\/junctionbot.io\/#website\"},\"datePublished\":\"2020-05-01T13:29:24+00:00\",\"dateModified\":\"2024-01-01T13:34:48+00:00\",\"breadcrumb\":{\"@id\":\"https:\/\/old.junctionbot.io\/pt-br\/botoes\/#breadcrumb\"},\"inLanguage\":\"pt-BR\",\"potentialAction\":[{\"@type\":\"ReadAction\",\"target\":[\"https:\/\/old.junctionbot.io\/pt-br\/botoes\/\"]}]},{\"@type\":\"BreadcrumbList\",\"@id\":\"https:\/\/old.junctionbot.io\/pt-br\/botoes\/#breadcrumb\",\"itemListElement\":[{\"@type\":\"ListItem\",\"position\":1,\"name\":\"Home\",\"item\":\"https:\/\/junctionbot.io\/pt-br\/\"},{\"@type\":\"ListItem\",\"position\":2,\"name\":\"Bot\u00f5es\"}]},{\"@type\":\"WebSite\",\"@id\":\"https:\/\/junctionbot.io\/#website\",\"url\":\"https:\/\/junctionbot.io\/\",\"name\":\"Junction Bot\",\"description\":\"Auto Copy Forward Transform and Translate Telegram Channels Groups and Bots\",\"publisher\":{\"@id\":\"https:\/\/junctionbot.io\/#organization\"},\"potentialAction\":[{\"@type\":\"SearchAction\",\"target\":{\"@type\":\"EntryPoint\",\"urlTemplate\":\"https:\/\/junctionbot.io\/?s={search_term_string}\"},\"query-input\":{\"@type\":\"PropertyValueSpecification\",\"valueRequired\":true,\"valueName\":\"search_term_string\"}}],\"inLanguage\":\"pt-BR\"},{\"@type\":\"Organization\",\"@id\":\"https:\/\/junctionbot.io\/#organization\",\"name\":\"Junction Bot\",\"url\":\"https:\/\/junctionbot.io\/\",\"logo\":{\"@type\":\"ImageObject\",\"inLanguage\":\"pt-BR\",\"@id\":\"https:\/\/junctionbot.io\/#\/schema\/logo\/image\/\",\"url\":\"\/wp-content\/uploads\/2020\/06\/junc_logo-400.jpg\",\"contentUrl\":\"\/wp-content\/uploads\/2020\/06\/junc_logo-400.jpg\",\"width\":400,\"height\":400,\"caption\":\"Junction Bot\"},\"image\":{\"@id\":\"https:\/\/junctionbot.io\/#\/schema\/logo\/image\/\"}}]}<\/script>\n<!-- \/ Yoast SEO plugin. -->","yoast_head_json":{"title":"Junction Bot - Bot\u00f5es","robots":{"index":"index","follow":"follow","max-snippet":"max-snippet:-1","max-image-preview":"max-image-preview:large","max-video-preview":"max-video-preview:-1"},"canonical":"https:\/\/old.junctionbot.io\/pt-br\/botoes\/","og_locale":"pt_BR","og_type":"article","og_title":"Junction Bot - Bot\u00f5es","og_description":"Bot\u00f5es Voc\u00ea pode personalizar facilmente os bot\u00f5es das mensagens resultantes. Bot\u00f5es de feedback Onde est\u00e1 Menu \u2192 Configura\u00e7\u00f5es de encaminhamento \u2192 Escolher origem e destino \u2192 Bot\u00f5es de feedback Adicione bot\u00f5es de feedback a uma mensagem, por exemplo, como. Bot\u00f5es de c\u00f3pia Onde est\u00e1 Menu \u2192 Configura\u00e7\u00f5es de encaminhamento \u2192 Escolher origem e destino \u2192 [&hellip;]","og_url":"https:\/\/old.junctionbot.io\/pt-br\/botoes\/","og_site_name":"Junction Bot","article_modified_time":"2024-01-01T13:34:48+00:00","twitter_card":"summary_large_image","twitter_misc":{"Est. tempo de leitura":"3 minutos"},"schema":{"@context":"https:\/\/schema.org","@graph":[{"@type":"WebPage","@id":"https:\/\/old.junctionbot.io\/pt-br\/botoes\/","url":"https:\/\/old.junctionbot.io\/pt-br\/botoes\/","name":"Junction Bot - Bot\u00f5es","isPartOf":{"@id":"https:\/\/junctionbot.io\/#website"},"datePublished":"2020-05-01T13:29:24+00:00","dateModified":"2024-01-01T13:34:48+00:00","breadcrumb":{"@id":"https:\/\/old.junctionbot.io\/pt-br\/botoes\/#breadcrumb"},"inLanguage":"pt-BR","potentialAction":[{"@type":"ReadAction","target":["https:\/\/old.junctionbot.io\/pt-br\/botoes\/"]}]},{"@type":"BreadcrumbList","@id":"https:\/\/old.junctionbot.io\/pt-br\/botoes\/#breadcrumb","itemListElement":[{"@type":"ListItem","position":1,"name":"Home","item":"https:\/\/junctionbot.io\/pt-br\/"},{"@type":"ListItem","position":2,"name":"Bot\u00f5es"}]},{"@type":"WebSite","@id":"https:\/\/junctionbot.io\/#website","url":"https:\/\/junctionbot.io\/","name":"Junction Bot","description":"Auto Copy Forward Transform and Translate Telegram Channels Groups and Bots","publisher":{"@id":"https:\/\/junctionbot.io\/#organization"},"potentialAction":[{"@type":"SearchAction","target":{"@type":"EntryPoint","urlTemplate":"https:\/\/junctionbot.io\/?s={search_term_string}"},"query-input":{"@type":"PropertyValueSpecification","valueRequired":true,"valueName":"search_term_string"}}],"inLanguage":"pt-BR"},{"@type":"Organization","@id":"https:\/\/junctionbot.io\/#organization","name":"Junction Bot","url":"https:\/\/junctionbot.io\/","logo":{"@type":"ImageObject","inLanguage":"pt-BR","@id":"https:\/\/junctionbot.io\/#\/schema\/logo\/image\/","url":"\/wp-content\/uploads\/2020\/06\/junc_logo-400.jpg","contentUrl":"\/wp-content\/uploads\/2020\/06\/junc_logo-400.jpg","width":400,"height":400,"caption":"Junction Bot"},"image":{"@id":"https:\/\/junctionbot.io\/#\/schema\/logo\/image\/"}}]}},"_links":{"self":[{"href":"https:\/\/old.junctionbot.io\/pt-br\/wp-json\/wp\/v2\/pages\/4485","targetHints":{"allow":["GET"]}}],"collection":[{"href":"https:\/\/old.junctionbot.io\/pt-br\/wp-json\/wp\/v2\/pages"}],"about":[{"href":"https:\/\/old.junctionbot.io\/pt-br\/wp-json\/wp\/v2\/types\/page"}],"author":[{"embeddable":true,"href":"https:\/\/old.junctionbot.io\/pt-br\/wp-json\/wp\/v2\/users\/1"}],"replies":[{"embeddable":true,"href":"https:\/\/old.junctionbot.io\/pt-br\/wp-json\/wp\/v2\/comments?post=4485"}],"version-history":[{"count":1,"href":"https:\/\/old.junctionbot.io\/pt-br\/wp-json\/wp\/v2\/pages\/4485\/revisions"}],"predecessor-version":[{"id":4488,"href":"https:\/\/old.junctionbot.io\/pt-br\/wp-json\/wp\/v2\/pages\/4485\/revisions\/4488"}],"wp:attachment":[{"href":"https:\/\/old.junctionbot.io\/pt-br\/wp-json\/wp\/v2\/media?parent=4485"}],"curies":[{"name":"wp","href":"https:\/\/api.w.org\/{rel}","templated":true}]}}