{"id":4489,"date":"2020-04-16T16:26:13","date_gmt":"2020-04-16T14:26:13","guid":{"rendered":"https:\/\/junctionbot.io\/getting-started\/\/primeiros-passos\/"},"modified":"2024-01-01T15:34:47","modified_gmt":"2024-01-01T13:34:47","slug":"primeiros-passos","status":"publish","type":"page","link":"https:\/\/old.junctionbot.io\/pt-br\/primeiros-passos\/","title":{"rendered":"Primeiros passos"},"content":{"rendered":"\n<h2 class=\"wp-block-heading\"><span class=\"ez-toc-section\" id=\"Primeiros_passos\"><\/span>Primeiros passos<span class=\"ez-toc-section-end\"><\/span><\/h2>\n\n<p>O <a href=\"https:\/\/t.me\/junction_bot\">Junction bot<\/a> \u00e9 um bot para ler os canais do Telegram em um \u00fanico feed. Al\u00e9m disso, ele tem v\u00e1rios recursos para quem encaminha mensagens de fontes como canais, grupos ou bots para outras fontes.<\/p>\n\n<h3 class=\"wp-block-heading\"><span class=\"ez-toc-section\" id=\"Em_resumo_o_que_esse_bot_do_Telegram_pode_fazer\"><\/span>Em resumo: o que esse bot do Telegram pode fazer?  <span class=\"ez-toc-section-end\"><\/span><\/h3>\n\n<p>Os seguintes recursos est\u00e3o dispon\u00edveis:<\/p>\n\n<p>1. <span class=\"cool-title\">\n  <a href=\"\/subscriptions\/\">Assinatura<\/a>\n<\/span> &#8211; Leia novas mensagens de v\u00e1rios canais em um \u00fanico feed em um bate-papo privado ou p\u00fablico com o JunctionBot.<\/p>\n\n<p>2. <span class=\"cool-title\">\n  <a href=\"\/forwarding\/\">Encaminhamento<\/a>\n<\/span> &#8211; c\u00f3pia de novas mensagens de canais, grupos, usu\u00e1rios e bots para o seu canal ou grupo.<\/p>\n\n<p>3. <span class=\"cool-title\">\n  <a href=\"\/filtering\/\">Filtragem<\/a>\n<\/span> &#8211; crie regras para descrever quais mensagens devem ser copiadas ou ignoradas. Incluindo a filtragem de cada n-\u00e9sima mensagem e duplicatas.<\/p>\n\n<p>4. <span class=\"cool-title\">\n  <a href=\"\/replace\/\">Modifica\u00e7\u00e3o e substitui\u00e7\u00e3o<\/a>\n<\/span> &#8211; criar regras para substituir um texto no corpo da mensagem por outro, alterar a apar\u00eancia de links e cabe\u00e7alhos.<\/p>\n\n<p>5. Flex\u00edvel <span class=\"cool-title\">\n  <a href=\"\/pt-br\/configuracoes-e-recursos\/\">Configura\u00e7\u00f5es<\/a>\n<\/span>. Incluindo <a href=\"\/pt-br\/conteudo\/\">estilo<\/a>, adi\u00e7\u00e3o de <a href=\"\/pt-br\/botoes\/\">bot\u00f5es<\/a> e <a href=\"\/miscellaneous\/\">muito mais<\/a>.  <\/p>\n\n<p class=\"has-text-align-left\">???????? Pr\u00f3ximo: <a href=\"\/pt-br\/escolha-do-tipo-certo-de-conta\/\">Escolhendo o tipo certo de conta<\/a>.<\/p>\n","protected":false},"excerpt":{"rendered":"<p>Primeiros passos O Junction bot \u00e9 um bot para ler os canais do Telegram em um \u00fanico feed. Al\u00e9m disso, ele tem v\u00e1rios recursos para quem encaminha mensagens de fontes como canais, grupos ou bots para outras fontes. Em resumo: o que esse bot do Telegram pode fazer? Os seguintes recursos est\u00e3o dispon\u00edveis: 1. Assinatura [&hellip;]<\/p>\n","protected":false},"author":1,"featured_media":0,"parent":0,"menu_order":0,"comment_status":"closed","ping_status":"closed","template":"","meta":{"nf_dc_page":"","_monsterinsights_skip_tracking":false,"_monsterinsights_sitenote_active":false,"_monsterinsights_sitenote_note":"","_monsterinsights_sitenote_category":0,"ocean_post_layout":"","ocean_both_sidebars_style":"","ocean_both_sidebars_content_width":0,"ocean_both_sidebars_sidebars_width":0,"ocean_sidebar":"0","ocean_second_sidebar":"0","ocean_disable_margins":"enable","ocean_add_body_class":"","ocean_shortcode_before_top_bar":"","ocean_shortcode_after_top_bar":"","ocean_shortcode_before_header":"","ocean_shortcode_after_header":"","ocean_has_shortcode":"","ocean_shortcode_after_title":"","ocean_shortcode_before_footer_widgets":"","ocean_shortcode_after_footer_widgets":"","ocean_shortcode_before_footer_bottom":"","ocean_shortcode_after_footer_bottom":"","ocean_display_top_bar":"default","ocean_display_header":"default","ocean_header_style":"","ocean_center_header_left_menu":"0","ocean_custom_header_template":"0","ocean_custom_logo":0,"ocean_custom_retina_logo":0,"ocean_custom_logo_max_width":0,"ocean_custom_logo_tablet_max_width":0,"ocean_custom_logo_mobile_max_width":0,"ocean_custom_logo_max_height":0,"ocean_custom_logo_tablet_max_height":0,"ocean_custom_logo_mobile_max_height":0,"ocean_header_custom_menu":"0","ocean_menu_typo_font_family":"0","ocean_menu_typo_font_subset":"","ocean_menu_typo_font_size":0,"ocean_menu_typo_font_size_tablet":0,"ocean_menu_typo_font_size_mobile":0,"ocean_menu_typo_font_size_unit":"px","ocean_menu_typo_font_weight":"","ocean_menu_typo_font_weight_tablet":"","ocean_menu_typo_font_weight_mobile":"","ocean_menu_typo_transform":"","ocean_menu_typo_transform_tablet":"","ocean_menu_typo_transform_mobile":"","ocean_menu_typo_line_height":0,"ocean_menu_typo_line_height_tablet":0,"ocean_menu_typo_line_height_mobile":0,"ocean_menu_typo_line_height_unit":"","ocean_menu_typo_spacing":0,"ocean_menu_typo_spacing_tablet":0,"ocean_menu_typo_spacing_mobile":0,"ocean_menu_typo_spacing_unit":"","ocean_menu_link_color":"","ocean_menu_link_color_hover":"","ocean_menu_link_color_active":"","ocean_menu_link_background":"","ocean_menu_link_hover_background":"","ocean_menu_link_active_background":"","ocean_menu_social_links_bg":"","ocean_menu_social_hover_links_bg":"","ocean_menu_social_links_color":"","ocean_menu_social_hover_links_color":"","ocean_disable_title":"default","ocean_disable_heading":"default","ocean_post_title":"","ocean_post_subheading":"","ocean_post_title_style":"","ocean_post_title_background_color":"","ocean_post_title_background":0,"ocean_post_title_bg_image_position":"","ocean_post_title_bg_image_attachment":"","ocean_post_title_bg_image_repeat":"","ocean_post_title_bg_image_size":"","ocean_post_title_height":0,"ocean_post_title_bg_overlay":0.5,"ocean_post_title_bg_overlay_color":"","ocean_disable_breadcrumbs":"default","ocean_breadcrumbs_color":"","ocean_breadcrumbs_separator_color":"","ocean_breadcrumbs_links_color":"","ocean_breadcrumbs_links_hover_color":"","ocean_display_footer_widgets":"default","ocean_display_footer_bottom":"default","ocean_custom_footer_template":"0","footnotes":""},"class_list":["post-4489","page","type-page","status-publish","hentry","entry"],"yoast_head":"<!-- This site is optimized with the Yoast SEO plugin v26.9 - https:\/\/yoast.com\/product\/yoast-seo-wordpress\/ -->\n<title>Junction Bot - Primeiros passos<\/title>\n<meta name=\"robots\" content=\"index, follow, max-snippet:-1, max-image-preview:large, max-video-preview:-1\" \/>\n<link rel=\"canonical\" href=\"https:\/\/old.junctionbot.io\/pt-br\/primeiros-passos\/\" \/>\n<meta property=\"og:locale\" content=\"pt_BR\" \/>\n<meta property=\"og:type\" content=\"article\" \/>\n<meta property=\"og:title\" content=\"Junction Bot - Primeiros passos\" \/>\n<meta property=\"og:description\" content=\"Primeiros passos O Junction bot \u00e9 um bot para ler os canais do Telegram em um \u00fanico feed. Al\u00e9m disso, ele tem v\u00e1rios recursos para quem encaminha mensagens de fontes como canais, grupos ou bots para outras fontes. Em resumo: o que esse bot do Telegram pode fazer? Os seguintes recursos est\u00e3o dispon\u00edveis: 1. Assinatura [&hellip;]\" \/>\n<meta property=\"og:url\" content=\"https:\/\/old.junctionbot.io\/pt-br\/primeiros-passos\/\" \/>\n<meta property=\"og:site_name\" content=\"Junction Bot\" \/>\n<meta property=\"article:modified_time\" content=\"2024-01-01T13:34:47+00:00\" \/>\n<meta name=\"twitter:card\" content=\"summary_large_image\" \/>\n<meta name=\"twitter:label1\" content=\"Est. tempo de leitura\" \/>\n\t<meta name=\"twitter:data1\" content=\"1 minuto\" \/>\n<script type=\"application\/ld+json\" class=\"yoast-schema-graph\">{\"@context\":\"https:\/\/schema.org\",\"@graph\":[{\"@type\":\"WebPage\",\"@id\":\"https:\/\/old.junctionbot.io\/pt-br\/primeiros-passos\/\",\"url\":\"https:\/\/old.junctionbot.io\/pt-br\/primeiros-passos\/\",\"name\":\"Junction Bot - Primeiros passos\",\"isPartOf\":{\"@id\":\"https:\/\/junctionbot.io\/#website\"},\"datePublished\":\"2020-04-16T14:26:13+00:00\",\"dateModified\":\"2024-01-01T13:34:47+00:00\",\"breadcrumb\":{\"@id\":\"https:\/\/old.junctionbot.io\/pt-br\/primeiros-passos\/#breadcrumb\"},\"inLanguage\":\"pt-BR\",\"potentialAction\":[{\"@type\":\"ReadAction\",\"target\":[\"https:\/\/old.junctionbot.io\/pt-br\/primeiros-passos\/\"]}]},{\"@type\":\"BreadcrumbList\",\"@id\":\"https:\/\/old.junctionbot.io\/pt-br\/primeiros-passos\/#breadcrumb\",\"itemListElement\":[{\"@type\":\"ListItem\",\"position\":1,\"name\":\"Home\",\"item\":\"https:\/\/junctionbot.io\/pt-br\/\"},{\"@type\":\"ListItem\",\"position\":2,\"name\":\"Primeiros passos\"}]},{\"@type\":\"WebSite\",\"@id\":\"https:\/\/junctionbot.io\/#website\",\"url\":\"https:\/\/junctionbot.io\/\",\"name\":\"Junction Bot\",\"description\":\"Auto Copy Forward Transform and Translate Telegram Channels Groups and Bots\",\"publisher\":{\"@id\":\"https:\/\/junctionbot.io\/#organization\"},\"potentialAction\":[{\"@type\":\"SearchAction\",\"target\":{\"@type\":\"EntryPoint\",\"urlTemplate\":\"https:\/\/junctionbot.io\/?s={search_term_string}\"},\"query-input\":{\"@type\":\"PropertyValueSpecification\",\"valueRequired\":true,\"valueName\":\"search_term_string\"}}],\"inLanguage\":\"pt-BR\"},{\"@type\":\"Organization\",\"@id\":\"https:\/\/junctionbot.io\/#organization\",\"name\":\"Junction Bot\",\"url\":\"https:\/\/junctionbot.io\/\",\"logo\":{\"@type\":\"ImageObject\",\"inLanguage\":\"pt-BR\",\"@id\":\"https:\/\/junctionbot.io\/#\/schema\/logo\/image\/\",\"url\":\"\/wp-content\/uploads\/2020\/06\/junc_logo-400.jpg\",\"contentUrl\":\"\/wp-content\/uploads\/2020\/06\/junc_logo-400.jpg\",\"width\":400,\"height\":400,\"caption\":\"Junction Bot\"},\"image\":{\"@id\":\"https:\/\/junctionbot.io\/#\/schema\/logo\/image\/\"}}]}<\/script>\n<!-- \/ Yoast SEO plugin. -->","yoast_head_json":{"title":"Junction Bot - Primeiros passos","robots":{"index":"index","follow":"follow","max-snippet":"max-snippet:-1","max-image-preview":"max-image-preview:large","max-video-preview":"max-video-preview:-1"},"canonical":"https:\/\/old.junctionbot.io\/pt-br\/primeiros-passos\/","og_locale":"pt_BR","og_type":"article","og_title":"Junction Bot - Primeiros passos","og_description":"Primeiros passos O Junction bot \u00e9 um bot para ler os canais do Telegram em um \u00fanico feed. Al\u00e9m disso, ele tem v\u00e1rios recursos para quem encaminha mensagens de fontes como canais, grupos ou bots para outras fontes. Em resumo: o que esse bot do Telegram pode fazer? Os seguintes recursos est\u00e3o dispon\u00edveis: 1. Assinatura [&hellip;]","og_url":"https:\/\/old.junctionbot.io\/pt-br\/primeiros-passos\/","og_site_name":"Junction Bot","article_modified_time":"2024-01-01T13:34:47+00:00","twitter_card":"summary_large_image","twitter_misc":{"Est. tempo de leitura":"1 minuto"},"schema":{"@context":"https:\/\/schema.org","@graph":[{"@type":"WebPage","@id":"https:\/\/old.junctionbot.io\/pt-br\/primeiros-passos\/","url":"https:\/\/old.junctionbot.io\/pt-br\/primeiros-passos\/","name":"Junction Bot - Primeiros passos","isPartOf":{"@id":"https:\/\/junctionbot.io\/#website"},"datePublished":"2020-04-16T14:26:13+00:00","dateModified":"2024-01-01T13:34:47+00:00","breadcrumb":{"@id":"https:\/\/old.junctionbot.io\/pt-br\/primeiros-passos\/#breadcrumb"},"inLanguage":"pt-BR","potentialAction":[{"@type":"ReadAction","target":["https:\/\/old.junctionbot.io\/pt-br\/primeiros-passos\/"]}]},{"@type":"BreadcrumbList","@id":"https:\/\/old.junctionbot.io\/pt-br\/primeiros-passos\/#breadcrumb","itemListElement":[{"@type":"ListItem","position":1,"name":"Home","item":"https:\/\/junctionbot.io\/pt-br\/"},{"@type":"ListItem","position":2,"name":"Primeiros passos"}]},{"@type":"WebSite","@id":"https:\/\/junctionbot.io\/#website","url":"https:\/\/junctionbot.io\/","name":"Junction Bot","description":"Auto Copy Forward Transform and Translate Telegram Channels Groups and Bots","publisher":{"@id":"https:\/\/junctionbot.io\/#organization"},"potentialAction":[{"@type":"SearchAction","target":{"@type":"EntryPoint","urlTemplate":"https:\/\/junctionbot.io\/?s={search_term_string}"},"query-input":{"@type":"PropertyValueSpecification","valueRequired":true,"valueName":"search_term_string"}}],"inLanguage":"pt-BR"},{"@type":"Organization","@id":"https:\/\/junctionbot.io\/#organization","name":"Junction Bot","url":"https:\/\/junctionbot.io\/","logo":{"@type":"ImageObject","inLanguage":"pt-BR","@id":"https:\/\/junctionbot.io\/#\/schema\/logo\/image\/","url":"\/wp-content\/uploads\/2020\/06\/junc_logo-400.jpg","contentUrl":"\/wp-content\/uploads\/2020\/06\/junc_logo-400.jpg","width":400,"height":400,"caption":"Junction Bot"},"image":{"@id":"https:\/\/junctionbot.io\/#\/schema\/logo\/image\/"}}]}},"_links":{"self":[{"href":"https:\/\/old.junctionbot.io\/pt-br\/wp-json\/wp\/v2\/pages\/4489","targetHints":{"allow":["GET"]}}],"collection":[{"href":"https:\/\/old.junctionbot.io\/pt-br\/wp-json\/wp\/v2\/pages"}],"about":[{"href":"https:\/\/old.junctionbot.io\/pt-br\/wp-json\/wp\/v2\/types\/page"}],"author":[{"embeddable":true,"href":"https:\/\/old.junctionbot.io\/pt-br\/wp-json\/wp\/v2\/users\/1"}],"replies":[{"embeddable":true,"href":"https:\/\/old.junctionbot.io\/pt-br\/wp-json\/wp\/v2\/comments?post=4489"}],"version-history":[{"count":1,"href":"https:\/\/old.junctionbot.io\/pt-br\/wp-json\/wp\/v2\/pages\/4489\/revisions"}],"predecessor-version":[{"id":4494,"href":"https:\/\/old.junctionbot.io\/pt-br\/wp-json\/wp\/v2\/pages\/4489\/revisions\/4494"}],"wp:attachment":[{"href":"https:\/\/old.junctionbot.io\/pt-br\/wp-json\/wp\/v2\/media?parent=4489"}],"curies":[{"name":"wp","href":"https:\/\/api.w.org\/{rel}","templated":true}]}}