{"id":4491,"date":"2020-04-21T20:50:24","date_gmt":"2020-04-21T18:50:24","guid":{"rendered":"https:\/\/junctionbot.io\/getting-started\/\/conteudo\/"},"modified":"2024-01-01T15:34:48","modified_gmt":"2024-01-01T13:34:48","slug":"conteudo","status":"publish","type":"page","link":"https:\/\/old.junctionbot.io\/pt-br\/conteudo\/","title":{"rendered":"Conte\u00fado"},"content":{"rendered":"\n<h2 class=\"wp-block-heading\"><span class=\"ez-toc-section\" id=\"Conteudo\"><\/span>Conte\u00fado<span class=\"ez-toc-section-end\"><\/span><\/h2>\n\n<p>Com essas configura\u00e7\u00f5es, voc\u00ea pode alterar a apar\u00eancia das <strong>legendas de m\u00eddia<\/strong>, <strong>os nomes dos autores<\/strong> e <strong>definir a dura\u00e7\u00e3o das mensagens<\/strong>.<\/p>\n\n<h3 class=\"wp-block-heading\"><span class=\"ez-toc-section\" id=\"Legendas\"><\/span>Legendas<span class=\"ez-toc-section-end\"><\/span><\/h3>\n\n<pre class=\"wp-block-preformatted\">Onde est\u00e1\n<strong>Menu \u2192 Configura\u00e7\u00f5es de encaminhamento \u2192 Escolher origem e destino \u2192 Legenda<\/strong><\/pre>\n\n<p>Voc\u00ea pode escolher a maneira como deseja receber\/encaminhar uma m\u00eddia (imagem, v\u00eddeo etc.) e sua legenda.<\/p>\n\n<details class=\"wp-block-mamaduka-toggles wp-block-toggles\"><summary>\u23f5Commands<\/summary><div class=\"wp-block-toggles__content\">\n<pre class=\"wp-block-preformatted\"><span class=\"cool-title\">\/setting caption<\/span> + uma das seguintes op\u00e7\u00f5es:\n\n<span class=\"cool-title\">separate<\/span> - uma imagem e sua legenda vir\u00e3o como duas mensagens separadas\nEx.  <code>\/setting caption separate<\/code>\n\n<span class=\"cool-title\">caption_name<\/span> - a imagem e a legenda vir\u00e3o como uma mensagem com o nome do canal e o link para o canal original (observe que o corpo da legenda ser\u00e1 truncado caso o tamanho seja excedido).\nEx.  <code>\/setting caption caption_name<\/code>\n\n<span class=\"cool-title\">text_only<\/span> - nenhuma m\u00eddia ser\u00e1 enviada, apenas sua legenda.\nEx.  <code>\/setting caption text_only<\/code><\/pre>\n\n\n\n<p>Voc\u00ea pode ajustar essa configura\u00e7\u00e3o no menu, mas tamb\u00e9m pode usar os comandos. Se estiver usando os comandos, para aplicar essa configura\u00e7\u00e3o a apenas um canal, substitua o comando <code>\/setting<\/code> por <code>\/settingchannel <a href=\"\/pt-br\/configuracoes-e-recursos\/#Referencing_a_source_channel\">source_channel_reference<\/a><\/code> <a href=\"\/pt-br\/configuracoes-e-recursos\/#Applying_settings_to_one_or_all_channels\">(leia mais<\/a>).<\/p>\n<\/div><\/details>\n\n<h3 class=\"wp-block-heading\"><span class=\"ez-toc-section\" id=\"Autor\"><\/span>Autor<span class=\"ez-toc-section-end\"><\/span><\/h3>\n\n<pre class=\"wp-block-preformatted\">Onde est\u00e1\n<strong>Menu \u2192 Forwarding settings \u2192 Choose source and destination \u2192 Author<\/strong><\/pre>\n\n<p>Essa configura\u00e7\u00e3o se aplica somente a mensagens que j\u00e1 cont\u00eam o nome do autor. Voc\u00ea pode escolher como o nome do autor de uma mensagem ser\u00e1 exibido.<\/p>\n\n<p>Se quiser receber apenas mensagens de um determinado usu\u00e1rio, ative essa configura\u00e7\u00e3o e defina um filtro para o nome do usu\u00e1rio com o comando \/filter.<\/p>\n\n<p>Observe que o bot n\u00e3o pode encontrar magicamente as informa\u00e7\u00f5es sobre o autor se elas n\u00e3o estiverem presentes na mensagem. Portanto, se voc\u00ea n\u00e3o vir essas informa\u00e7\u00f5es na mensagem em seu cliente Telegram, essa configura\u00e7\u00e3o n\u00e3o ter\u00e1 nenhum efeito.<\/p>\n\n<details class=\"wp-block-mamaduka-toggles wp-block-toggles\"><summary>\u23f5Commands<\/summary><div class=\"wp-block-toggles__content\">\n<pre class=\"wp-block-preformatted\"><span class=\"cool-title\">\/setting author<\/span> + uma das seguintes op\u00e7\u00f5es:\n\n<span class=\"cool-title\">none<\/span> - sem nome\nEx.  <code>\/setting author none<\/code>\n\n<span class=\"cool-title\">nome<\/span> - adicionar apenas o nome\nEx.  <code>\/setting author name<\/code>\n\n<span class=\"cool-title\">nome de usu\u00e1rio<\/span> - adicione apenas @nome de usu\u00e1rio\nEx.  <code>\/setting author username<\/code>\n\n<span class=\"cool-title\">completo<\/span> - adicione nome e @nomedeusu\u00e1rio\nEx.  <code>\/setting author full<\/code><\/pre>\n\n\n\n<p>Voc\u00ea pode ajustar essa configura\u00e7\u00e3o no menu, mas tamb\u00e9m pode usar os comandos. Se estiver usando os comandos, para aplicar essa configura\u00e7\u00e3o a apenas um canal, substitua o comando <code>\/setting<\/code> por <code>\/settingchannel <a href=\"\/pt-br\/configuracoes-e-recursos\/#Referencing_a_source_channel\">source_channel_reference<\/a><\/code> <a href=\"\/pt-br\/configuracoes-e-recursos\/#Applying_settings_to_one_or_all_channels\">(leia mais<\/a>).<\/p>\n<\/div><\/details>\n\n<h3 class=\"wp-block-heading\"><span class=\"ez-toc-section\" id=\"Reduzir_mensagens_longas\"><\/span>Reduzir mensagens longas<span class=\"ez-toc-section-end\"><\/span><\/h3>\n\n<pre class=\"wp-block-preformatted\">Onde est\u00e1\n<strong>Menu \u2192 Forwarding settings \u2192 Choose source and destination \u2192 Brief<\/strong><\/pre>\n\n<p>Mensagens longas ser\u00e3o encurtadas at\u00e9 um determinado tamanho. Os valores recomendados s\u00e3o entre 150 (postagens do tipo twitter) e 1000 (v\u00e1rios par\u00e1grafos). Para desativar esse recurso, defina esse valor como 0.<\/p>\n\n<details class=\"wp-block-mamaduka-toggles wp-block-toggles\"><summary>\u23f5Commands<\/summary><div class=\"wp-block-toggles__content\">\n<pre class=\"wp-block-preformatted\"><span class=\"cool-title\">\/configura\u00e7\u00e3o de resumo<\/span> + n\u00famero de s\u00edmbolos\n\n<span class=\"cool-title\">0<\/span> - desativado\nEx.  <code>\/setting brief 0<\/code>\n\n<span class=\"cool-title\">[number]<\/span>  de caracteres para mostrar\nEx.  <code>\/setting brief 140<\/code>\nEx.  <code>\/setting brief 1000<\/code><\/pre>\n\n\n\n<p>Voc\u00ea pode ajustar essa configura\u00e7\u00e3o no menu, mas tamb\u00e9m pode usar os comandos. Se estiver usando os comandos, para aplicar essa configura\u00e7\u00e3o a apenas um canal, substitua o comando <code>\/setting<\/code> por <code>\/settingchannel <a href=\"\/pt-br\/configuracoes-e-recursos\/#Referencing_a_source_channel\">source_channel_reference<\/a><\/code> <a href=\"\/pt-br\/configuracoes-e-recursos\/#Applying_settings_to_one_or_all_channels\">(leia mais<\/a>).<\/p>\n<\/div><\/details>\n\n<h3 class=\"wp-block-heading\"><span class=\"ez-toc-section\" id=\"Historias\"><\/span>Hist\u00f3rias<span class=\"ez-toc-section-end\"><\/span><\/h3>\n\n<pre class=\"wp-block-preformatted\">Onde est\u00e1\n<strong>Menu \u2192 Forwarding settings \u2192 Choose source and destination \u2192 Stories<\/strong><\/pre>\n\n<p>Voc\u00ea pode escolher a forma como deseja receber as Hist\u00f3rias.<\/p>\n\n<p>Atualmente, as hist\u00f3rias s\u00e3o compat\u00edveis apenas com as conex\u00f5es diretas.<\/p>\n\n<details class=\"wp-block-mamaduka-toggles wp-block-toggles\"><summary>\u23f5Commands<\/summary><div class=\"wp-block-toggles__content\">\n<pre class=\"wp-block-preformatted\"><span class=\"cool-title\">\/setting story<\/span> + uma das seguintes op\u00e7\u00f5es:\n\n<span class=\"cool-title\">mensagem<\/span> - as hist\u00f3rias vir\u00e3o como mensagens\nEx.  <code>\/setting story message<\/code>\n\n<span class=\"cool-title\">ignore<\/span> - as hist\u00f3rias ser\u00e3o ignoradas\nEx.  <code>\/setting story text_only<\/code><\/pre>\n\n\n\n<p>Voc\u00ea pode ajustar essa configura\u00e7\u00e3o no menu, mas tamb\u00e9m pode usar os comandos. Se estiver usando os comandos, para aplicar essa configura\u00e7\u00e3o a apenas um canal, substitua o comando <code>\/setting<\/code> por <code>\/settingchannel <a href=\"\/pt-br\/configuracoes-e-recursos\/#Referencing_a_source_channel\">source_channel_reference<\/a><\/code> <a href=\"\/pt-br\/configuracoes-e-recursos\/#Applying_settings_to_one_or_all_channels\">(leia mais<\/a>).<\/p>\n<\/div><\/details>\n","protected":false},"excerpt":{"rendered":"<p>Conte\u00fado Com essas configura\u00e7\u00f5es, voc\u00ea pode alterar a apar\u00eancia das legendas de m\u00eddia, os nomes dos autores e definir a dura\u00e7\u00e3o das mensagens. Legendas Onde est\u00e1 Menu \u2192 Configura\u00e7\u00f5es de encaminhamento \u2192 Escolher origem e destino \u2192 Legenda Voc\u00ea pode escolher a maneira como deseja receber\/encaminhar uma m\u00eddia (imagem, v\u00eddeo etc.) e sua legenda. Autor [&hellip;]<\/p>\n","protected":false},"author":1,"featured_media":0,"parent":0,"menu_order":0,"comment_status":"closed","ping_status":"closed","template":"","meta":{"nf_dc_page":"","_monsterinsights_skip_tracking":false,"_monsterinsights_sitenote_active":false,"_monsterinsights_sitenote_note":"","_monsterinsights_sitenote_category":0,"ocean_post_layout":"","ocean_both_sidebars_style":"","ocean_both_sidebars_content_width":0,"ocean_both_sidebars_sidebars_width":0,"ocean_sidebar":"0","ocean_second_sidebar":"0","ocean_disable_margins":"enable","ocean_add_body_class":"","ocean_shortcode_before_top_bar":"","ocean_shortcode_after_top_bar":"","ocean_shortcode_before_header":"","ocean_shortcode_after_header":"","ocean_has_shortcode":"","ocean_shortcode_after_title":"","ocean_shortcode_before_footer_widgets":"","ocean_shortcode_after_footer_widgets":"","ocean_shortcode_before_footer_bottom":"","ocean_shortcode_after_footer_bottom":"","ocean_display_top_bar":"default","ocean_display_header":"default","ocean_header_style":"","ocean_center_header_left_menu":"0","ocean_custom_header_template":"0","ocean_custom_logo":0,"ocean_custom_retina_logo":0,"ocean_custom_logo_max_width":0,"ocean_custom_logo_tablet_max_width":0,"ocean_custom_logo_mobile_max_width":0,"ocean_custom_logo_max_height":0,"ocean_custom_logo_tablet_max_height":0,"ocean_custom_logo_mobile_max_height":0,"ocean_header_custom_menu":"0","ocean_menu_typo_font_family":"0","ocean_menu_typo_font_subset":"","ocean_menu_typo_font_size":0,"ocean_menu_typo_font_size_tablet":0,"ocean_menu_typo_font_size_mobile":0,"ocean_menu_typo_font_size_unit":"px","ocean_menu_typo_font_weight":"","ocean_menu_typo_font_weight_tablet":"","ocean_menu_typo_font_weight_mobile":"","ocean_menu_typo_transform":"","ocean_menu_typo_transform_tablet":"","ocean_menu_typo_transform_mobile":"","ocean_menu_typo_line_height":0,"ocean_menu_typo_line_height_tablet":0,"ocean_menu_typo_line_height_mobile":0,"ocean_menu_typo_line_height_unit":"","ocean_menu_typo_spacing":0,"ocean_menu_typo_spacing_tablet":0,"ocean_menu_typo_spacing_mobile":0,"ocean_menu_typo_spacing_unit":"","ocean_menu_link_color":"","ocean_menu_link_color_hover":"","ocean_menu_link_color_active":"","ocean_menu_link_background":"","ocean_menu_link_hover_background":"","ocean_menu_link_active_background":"","ocean_menu_social_links_bg":"","ocean_menu_social_hover_links_bg":"","ocean_menu_social_links_color":"","ocean_menu_social_hover_links_color":"","ocean_disable_title":"default","ocean_disable_heading":"default","ocean_post_title":"","ocean_post_subheading":"","ocean_post_title_style":"","ocean_post_title_background_color":"","ocean_post_title_background":0,"ocean_post_title_bg_image_position":"","ocean_post_title_bg_image_attachment":"","ocean_post_title_bg_image_repeat":"","ocean_post_title_bg_image_size":"","ocean_post_title_height":0,"ocean_post_title_bg_overlay":0.5,"ocean_post_title_bg_overlay_color":"","ocean_disable_breadcrumbs":"default","ocean_breadcrumbs_color":"","ocean_breadcrumbs_separator_color":"","ocean_breadcrumbs_links_color":"","ocean_breadcrumbs_links_hover_color":"","ocean_display_footer_widgets":"default","ocean_display_footer_bottom":"default","ocean_custom_footer_template":"0","footnotes":""},"class_list":["post-4491","page","type-page","status-publish","hentry","entry"],"yoast_head":"<!-- This site is optimized with the Yoast SEO plugin v26.9 - https:\/\/yoast.com\/product\/yoast-seo-wordpress\/ -->\n<title>Junction Bot - Conte\u00fado<\/title>\n<meta name=\"robots\" content=\"index, follow, max-snippet:-1, max-image-preview:large, max-video-preview:-1\" \/>\n<link rel=\"canonical\" href=\"https:\/\/old.junctionbot.io\/pt-br\/conteudo\/\" \/>\n<meta property=\"og:locale\" content=\"pt_BR\" \/>\n<meta property=\"og:type\" content=\"article\" \/>\n<meta property=\"og:title\" content=\"Junction Bot - Conte\u00fado\" \/>\n<meta property=\"og:description\" content=\"Conte\u00fado Com essas configura\u00e7\u00f5es, voc\u00ea pode alterar a apar\u00eancia das legendas de m\u00eddia, os nomes dos autores e definir a dura\u00e7\u00e3o das mensagens. Legendas Onde est\u00e1 Menu \u2192 Configura\u00e7\u00f5es de encaminhamento \u2192 Escolher origem e destino \u2192 Legenda Voc\u00ea pode escolher a maneira como deseja receber\/encaminhar uma m\u00eddia (imagem, v\u00eddeo etc.) e sua legenda. Autor [&hellip;]\" \/>\n<meta property=\"og:url\" content=\"https:\/\/old.junctionbot.io\/pt-br\/conteudo\/\" \/>\n<meta property=\"og:site_name\" content=\"Junction Bot\" \/>\n<meta property=\"article:modified_time\" content=\"2024-01-01T13:34:48+00:00\" \/>\n<meta name=\"twitter:card\" content=\"summary_large_image\" \/>\n<meta name=\"twitter:label1\" content=\"Est. tempo de leitura\" \/>\n\t<meta name=\"twitter:data1\" content=\"2 minutos\" \/>\n<script type=\"application\/ld+json\" class=\"yoast-schema-graph\">{\"@context\":\"https:\/\/schema.org\",\"@graph\":[{\"@type\":\"WebPage\",\"@id\":\"https:\/\/old.junctionbot.io\/pt-br\/conteudo\/\",\"url\":\"https:\/\/old.junctionbot.io\/pt-br\/conteudo\/\",\"name\":\"Junction Bot - Conte\u00fado\",\"isPartOf\":{\"@id\":\"https:\/\/junctionbot.io\/#website\"},\"datePublished\":\"2020-04-21T18:50:24+00:00\",\"dateModified\":\"2024-01-01T13:34:48+00:00\",\"breadcrumb\":{\"@id\":\"https:\/\/old.junctionbot.io\/pt-br\/conteudo\/#breadcrumb\"},\"inLanguage\":\"pt-BR\",\"potentialAction\":[{\"@type\":\"ReadAction\",\"target\":[\"https:\/\/old.junctionbot.io\/pt-br\/conteudo\/\"]}]},{\"@type\":\"BreadcrumbList\",\"@id\":\"https:\/\/old.junctionbot.io\/pt-br\/conteudo\/#breadcrumb\",\"itemListElement\":[{\"@type\":\"ListItem\",\"position\":1,\"name\":\"Home\",\"item\":\"https:\/\/junctionbot.io\/pt-br\/\"},{\"@type\":\"ListItem\",\"position\":2,\"name\":\"Conte\u00fado\"}]},{\"@type\":\"WebSite\",\"@id\":\"https:\/\/junctionbot.io\/#website\",\"url\":\"https:\/\/junctionbot.io\/\",\"name\":\"Junction Bot\",\"description\":\"Auto Copy Forward Transform and Translate Telegram Channels Groups and Bots\",\"publisher\":{\"@id\":\"https:\/\/junctionbot.io\/#organization\"},\"potentialAction\":[{\"@type\":\"SearchAction\",\"target\":{\"@type\":\"EntryPoint\",\"urlTemplate\":\"https:\/\/junctionbot.io\/?s={search_term_string}\"},\"query-input\":{\"@type\":\"PropertyValueSpecification\",\"valueRequired\":true,\"valueName\":\"search_term_string\"}}],\"inLanguage\":\"pt-BR\"},{\"@type\":\"Organization\",\"@id\":\"https:\/\/junctionbot.io\/#organization\",\"name\":\"Junction Bot\",\"url\":\"https:\/\/junctionbot.io\/\",\"logo\":{\"@type\":\"ImageObject\",\"inLanguage\":\"pt-BR\",\"@id\":\"https:\/\/junctionbot.io\/#\/schema\/logo\/image\/\",\"url\":\"\/wp-content\/uploads\/2020\/06\/junc_logo-400.jpg\",\"contentUrl\":\"\/wp-content\/uploads\/2020\/06\/junc_logo-400.jpg\",\"width\":400,\"height\":400,\"caption\":\"Junction Bot\"},\"image\":{\"@id\":\"https:\/\/junctionbot.io\/#\/schema\/logo\/image\/\"}}]}<\/script>\n<!-- \/ Yoast SEO plugin. -->","yoast_head_json":{"title":"Junction Bot - Conte\u00fado","robots":{"index":"index","follow":"follow","max-snippet":"max-snippet:-1","max-image-preview":"max-image-preview:large","max-video-preview":"max-video-preview:-1"},"canonical":"https:\/\/old.junctionbot.io\/pt-br\/conteudo\/","og_locale":"pt_BR","og_type":"article","og_title":"Junction Bot - Conte\u00fado","og_description":"Conte\u00fado Com essas configura\u00e7\u00f5es, voc\u00ea pode alterar a apar\u00eancia das legendas de m\u00eddia, os nomes dos autores e definir a dura\u00e7\u00e3o das mensagens. Legendas Onde est\u00e1 Menu \u2192 Configura\u00e7\u00f5es de encaminhamento \u2192 Escolher origem e destino \u2192 Legenda Voc\u00ea pode escolher a maneira como deseja receber\/encaminhar uma m\u00eddia (imagem, v\u00eddeo etc.) e sua legenda. Autor [&hellip;]","og_url":"https:\/\/old.junctionbot.io\/pt-br\/conteudo\/","og_site_name":"Junction Bot","article_modified_time":"2024-01-01T13:34:48+00:00","twitter_card":"summary_large_image","twitter_misc":{"Est. tempo de leitura":"2 minutos"},"schema":{"@context":"https:\/\/schema.org","@graph":[{"@type":"WebPage","@id":"https:\/\/old.junctionbot.io\/pt-br\/conteudo\/","url":"https:\/\/old.junctionbot.io\/pt-br\/conteudo\/","name":"Junction Bot - Conte\u00fado","isPartOf":{"@id":"https:\/\/junctionbot.io\/#website"},"datePublished":"2020-04-21T18:50:24+00:00","dateModified":"2024-01-01T13:34:48+00:00","breadcrumb":{"@id":"https:\/\/old.junctionbot.io\/pt-br\/conteudo\/#breadcrumb"},"inLanguage":"pt-BR","potentialAction":[{"@type":"ReadAction","target":["https:\/\/old.junctionbot.io\/pt-br\/conteudo\/"]}]},{"@type":"BreadcrumbList","@id":"https:\/\/old.junctionbot.io\/pt-br\/conteudo\/#breadcrumb","itemListElement":[{"@type":"ListItem","position":1,"name":"Home","item":"https:\/\/junctionbot.io\/pt-br\/"},{"@type":"ListItem","position":2,"name":"Conte\u00fado"}]},{"@type":"WebSite","@id":"https:\/\/junctionbot.io\/#website","url":"https:\/\/junctionbot.io\/","name":"Junction Bot","description":"Auto Copy Forward Transform and Translate Telegram Channels Groups and Bots","publisher":{"@id":"https:\/\/junctionbot.io\/#organization"},"potentialAction":[{"@type":"SearchAction","target":{"@type":"EntryPoint","urlTemplate":"https:\/\/junctionbot.io\/?s={search_term_string}"},"query-input":{"@type":"PropertyValueSpecification","valueRequired":true,"valueName":"search_term_string"}}],"inLanguage":"pt-BR"},{"@type":"Organization","@id":"https:\/\/junctionbot.io\/#organization","name":"Junction Bot","url":"https:\/\/junctionbot.io\/","logo":{"@type":"ImageObject","inLanguage":"pt-BR","@id":"https:\/\/junctionbot.io\/#\/schema\/logo\/image\/","url":"\/wp-content\/uploads\/2020\/06\/junc_logo-400.jpg","contentUrl":"\/wp-content\/uploads\/2020\/06\/junc_logo-400.jpg","width":400,"height":400,"caption":"Junction Bot"},"image":{"@id":"https:\/\/junctionbot.io\/#\/schema\/logo\/image\/"}}]}},"_links":{"self":[{"href":"https:\/\/old.junctionbot.io\/pt-br\/wp-json\/wp\/v2\/pages\/4491","targetHints":{"allow":["GET"]}}],"collection":[{"href":"https:\/\/old.junctionbot.io\/pt-br\/wp-json\/wp\/v2\/pages"}],"about":[{"href":"https:\/\/old.junctionbot.io\/pt-br\/wp-json\/wp\/v2\/types\/page"}],"author":[{"embeddable":true,"href":"https:\/\/old.junctionbot.io\/pt-br\/wp-json\/wp\/v2\/users\/1"}],"replies":[{"embeddable":true,"href":"https:\/\/old.junctionbot.io\/pt-br\/wp-json\/wp\/v2\/comments?post=4491"}],"version-history":[{"count":1,"href":"https:\/\/old.junctionbot.io\/pt-br\/wp-json\/wp\/v2\/pages\/4491\/revisions"}],"predecessor-version":[{"id":4493,"href":"https:\/\/old.junctionbot.io\/pt-br\/wp-json\/wp\/v2\/pages\/4491\/revisions\/4493"}],"wp:attachment":[{"href":"https:\/\/old.junctionbot.io\/pt-br\/wp-json\/wp\/v2\/media?parent=4491"}],"curies":[{"name":"wp","href":"https:\/\/api.w.org\/{rel}","templated":true}]}}