{"id":4492,"date":"2022-08-13T14:29:03","date_gmt":"2022-08-13T12:29:03","guid":{"rendered":"https:\/\/junctionbot.io\/getting-started\/\/como-contornar-a-restricao-de-encaminhamento-do-telegram\/"},"modified":"2024-01-01T15:34:47","modified_gmt":"2024-01-01T13:34:47","slug":"como-contornar-a-restricao-de-encaminhamento-do-telegram","status":"publish","type":"page","link":"https:\/\/old.junctionbot.io\/pt-br\/como-contornar-a-restricao-de-encaminhamento-do-telegram\/","title":{"rendered":"Como contornar a restri\u00e7\u00e3o de encaminhamento do Telegram"},"content":{"rendered":"\n<h2 class=\"wp-block-heading\"><span class=\"ez-toc-section\" id=\"Copia_de_canais_do_Telegram_com_restricoes\"><\/span>C\u00f3pia de canais do Telegram com restri\u00e7\u00f5es  <span class=\"ez-toc-section-end\"><\/span><\/h2>\n\n<p>Use o Junction Bot para ignorar a mensagem do Telegram &#8220;n\u00e3o \u00e9 permitido copiar e encaminhar neste canal&#8221;. Para isso, voc\u00ea pode usar os mesmos comandos de um canal normal.<\/p>\n\n<h3 class=\"wp-block-heading\"><span class=\"ez-toc-section\" id=\"Copiar_canal_do_Telegram\"><\/span>Copiar canal do Telegram<span class=\"ez-toc-section-end\"><\/span><\/h3>\n\n<p>Usando o Junction Bot, voc\u00ea pode copiar mensagens existentes de um canal do Telegram, ignorando a restri\u00e7\u00e3o de encaminhamento do Telegram. Para isso, voc\u00ea pode usar <a href=\"\/forwarding\/#Copying_of_the_old_Telegram_messages\">o comando \/history<\/a>.<\/p>\n\n<h3 class=\"wp-block-heading\"><span class=\"ez-toc-section\" id=\"Copiar_automaticamente_novas_mensagens_do_Telegram\"><\/span>Copiar automaticamente novas mensagens do Telegram  <span class=\"ez-toc-section-end\"><\/span><\/h3>\n\n<p>Para criar uma regra de encaminhamento para copiar automaticamente novas mensagens de um chat ou canal protegido do Telegram, use <a href=\"\/forwarding\/#Creating_a_new_forward\">o comando \/new<\/a>. O processo \u00e9 o mesmo que o de um canal comum.  <\/p>\n\n<h3 class=\"wp-block-heading\"><span class=\"ez-toc-section\" id=\"Nuances_do_trabalho_com_canais_protegidos_do_Telegram\"><\/span>Nuances do trabalho com canais protegidos do Telegram<span class=\"ez-toc-section-end\"><\/span><\/h3>\n\n<p>Se a fonte tiver prote\u00e7\u00e3o contra c\u00f3pia, o bot ter\u00e1 que processar completamente o arquivo de m\u00eddia protegido. \u00c9 por isso que as mensagens de m\u00eddia &#8220;pesadas&#8221; levam mais tempo para serem entregues.<\/p>\n","protected":false},"excerpt":{"rendered":"<p>C\u00f3pia de canais do Telegram com restri\u00e7\u00f5es Use o Junction Bot para ignorar a mensagem do Telegram &#8220;n\u00e3o \u00e9 permitido copiar e encaminhar neste canal&#8221;. Para isso, voc\u00ea pode usar os mesmos comandos de um canal normal. Copiar canal do Telegram Usando o Junction Bot, voc\u00ea pode copiar mensagens existentes de um canal do Telegram, [&hellip;]<\/p>\n","protected":false},"author":2,"featured_media":0,"parent":0,"menu_order":0,"comment_status":"closed","ping_status":"closed","template":"","meta":{"nf_dc_page":"","_monsterinsights_skip_tracking":false,"_monsterinsights_sitenote_active":false,"_monsterinsights_sitenote_note":"","_monsterinsights_sitenote_category":0,"ocean_post_layout":"","ocean_both_sidebars_style":"","ocean_both_sidebars_content_width":0,"ocean_both_sidebars_sidebars_width":0,"ocean_sidebar":"0","ocean_second_sidebar":"0","ocean_disable_margins":"enable","ocean_add_body_class":"","ocean_shortcode_before_top_bar":"","ocean_shortcode_after_top_bar":"","ocean_shortcode_before_header":"","ocean_shortcode_after_header":"","ocean_has_shortcode":"","ocean_shortcode_after_title":"","ocean_shortcode_before_footer_widgets":"","ocean_shortcode_after_footer_widgets":"","ocean_shortcode_before_footer_bottom":"","ocean_shortcode_after_footer_bottom":"","ocean_display_top_bar":"default","ocean_display_header":"default","ocean_header_style":"","ocean_center_header_left_menu":"0","ocean_custom_header_template":"0","ocean_custom_logo":0,"ocean_custom_retina_logo":0,"ocean_custom_logo_max_width":0,"ocean_custom_logo_tablet_max_width":0,"ocean_custom_logo_mobile_max_width":0,"ocean_custom_logo_max_height":0,"ocean_custom_logo_tablet_max_height":0,"ocean_custom_logo_mobile_max_height":0,"ocean_header_custom_menu":"0","ocean_menu_typo_font_family":"0","ocean_menu_typo_font_subset":"","ocean_menu_typo_font_size":0,"ocean_menu_typo_font_size_tablet":0,"ocean_menu_typo_font_size_mobile":0,"ocean_menu_typo_font_size_unit":"px","ocean_menu_typo_font_weight":"","ocean_menu_typo_font_weight_tablet":"","ocean_menu_typo_font_weight_mobile":"","ocean_menu_typo_transform":"","ocean_menu_typo_transform_tablet":"","ocean_menu_typo_transform_mobile":"","ocean_menu_typo_line_height":0,"ocean_menu_typo_line_height_tablet":0,"ocean_menu_typo_line_height_mobile":0,"ocean_menu_typo_line_height_unit":"","ocean_menu_typo_spacing":0,"ocean_menu_typo_spacing_tablet":0,"ocean_menu_typo_spacing_mobile":0,"ocean_menu_typo_spacing_unit":"","ocean_menu_link_color":"","ocean_menu_link_color_hover":"","ocean_menu_link_color_active":"","ocean_menu_link_background":"","ocean_menu_link_hover_background":"","ocean_menu_link_active_background":"","ocean_menu_social_links_bg":"","ocean_menu_social_hover_links_bg":"","ocean_menu_social_links_color":"","ocean_menu_social_hover_links_color":"","ocean_disable_title":"default","ocean_disable_heading":"default","ocean_post_title":"","ocean_post_subheading":"","ocean_post_title_style":"","ocean_post_title_background_color":"","ocean_post_title_background":0,"ocean_post_title_bg_image_position":"","ocean_post_title_bg_image_attachment":"","ocean_post_title_bg_image_repeat":"","ocean_post_title_bg_image_size":"","ocean_post_title_height":0,"ocean_post_title_bg_overlay":0.5,"ocean_post_title_bg_overlay_color":"","ocean_disable_breadcrumbs":"default","ocean_breadcrumbs_color":"","ocean_breadcrumbs_separator_color":"","ocean_breadcrumbs_links_color":"","ocean_breadcrumbs_links_hover_color":"","ocean_display_footer_widgets":"default","ocean_display_footer_bottom":"default","ocean_custom_footer_template":"0","footnotes":""},"class_list":["post-4492","page","type-page","status-publish","hentry","entry"],"yoast_head":"<!-- This site is optimized with the Yoast SEO plugin v26.9 - https:\/\/yoast.com\/product\/yoast-seo-wordpress\/ -->\n<title>Junction Bot - Como contornar a restri\u00e7\u00e3o de encaminhamento do Telegram<\/title>\n<meta name=\"description\" content=\"Use o Junction Bot para copiar ou encaminhar automaticamente mensagens do Telegram de diferentes fontes para o seu canal ou grupo do Telegram.\" \/>\n<meta name=\"robots\" content=\"index, follow, max-snippet:-1, max-image-preview:large, max-video-preview:-1\" \/>\n<link rel=\"canonical\" href=\"https:\/\/old.junctionbot.io\/pt-br\/como-contornar-a-restricao-de-encaminhamento-do-telegram\/\" \/>\n<meta property=\"og:locale\" content=\"pt_BR\" \/>\n<meta property=\"og:type\" content=\"article\" \/>\n<meta property=\"og:title\" content=\"Junction Bot - Como contornar a restri\u00e7\u00e3o de encaminhamento do Telegram\" \/>\n<meta property=\"og:description\" content=\"Use o Junction Bot para copiar ou encaminhar automaticamente mensagens do Telegram de diferentes fontes para o seu canal ou grupo do Telegram.\" \/>\n<meta property=\"og:url\" content=\"https:\/\/old.junctionbot.io\/pt-br\/como-contornar-a-restricao-de-encaminhamento-do-telegram\/\" \/>\n<meta property=\"og:site_name\" content=\"Junction Bot\" \/>\n<meta property=\"article:modified_time\" content=\"2024-01-01T13:34:47+00:00\" \/>\n<meta name=\"twitter:card\" content=\"summary_large_image\" \/>\n<meta name=\"twitter:label1\" content=\"Est. tempo de leitura\" \/>\n\t<meta name=\"twitter:data1\" content=\"1 minuto\" \/>\n<script type=\"application\/ld+json\" class=\"yoast-schema-graph\">{\"@context\":\"https:\/\/schema.org\",\"@graph\":[{\"@type\":\"WebPage\",\"@id\":\"https:\/\/old.junctionbot.io\/pt-br\/como-contornar-a-restricao-de-encaminhamento-do-telegram\/\",\"url\":\"https:\/\/old.junctionbot.io\/pt-br\/como-contornar-a-restricao-de-encaminhamento-do-telegram\/\",\"name\":\"Junction Bot - Como contornar a restri\u00e7\u00e3o de encaminhamento do Telegram\",\"isPartOf\":{\"@id\":\"https:\/\/junctionbot.io\/#website\"},\"datePublished\":\"2022-08-13T12:29:03+00:00\",\"dateModified\":\"2024-01-01T13:34:47+00:00\",\"description\":\"Use o Junction Bot para copiar ou encaminhar automaticamente mensagens do Telegram de diferentes fontes para o seu canal ou grupo do Telegram.\",\"breadcrumb\":{\"@id\":\"https:\/\/old.junctionbot.io\/pt-br\/como-contornar-a-restricao-de-encaminhamento-do-telegram\/#breadcrumb\"},\"inLanguage\":\"pt-BR\",\"potentialAction\":[{\"@type\":\"ReadAction\",\"target\":[\"https:\/\/old.junctionbot.io\/pt-br\/como-contornar-a-restricao-de-encaminhamento-do-telegram\/\"]}]},{\"@type\":\"BreadcrumbList\",\"@id\":\"https:\/\/old.junctionbot.io\/pt-br\/como-contornar-a-restricao-de-encaminhamento-do-telegram\/#breadcrumb\",\"itemListElement\":[{\"@type\":\"ListItem\",\"position\":1,\"name\":\"Home\",\"item\":\"https:\/\/junctionbot.io\/pt-br\/\"},{\"@type\":\"ListItem\",\"position\":2,\"name\":\"Como contornar a restri\u00e7\u00e3o de encaminhamento do Telegram\"}]},{\"@type\":\"WebSite\",\"@id\":\"https:\/\/junctionbot.io\/#website\",\"url\":\"https:\/\/junctionbot.io\/\",\"name\":\"Junction Bot\",\"description\":\"Auto Copy Forward Transform and Translate Telegram Channels Groups and Bots\",\"publisher\":{\"@id\":\"https:\/\/junctionbot.io\/#organization\"},\"potentialAction\":[{\"@type\":\"SearchAction\",\"target\":{\"@type\":\"EntryPoint\",\"urlTemplate\":\"https:\/\/junctionbot.io\/?s={search_term_string}\"},\"query-input\":{\"@type\":\"PropertyValueSpecification\",\"valueRequired\":true,\"valueName\":\"search_term_string\"}}],\"inLanguage\":\"pt-BR\"},{\"@type\":\"Organization\",\"@id\":\"https:\/\/junctionbot.io\/#organization\",\"name\":\"Junction Bot\",\"url\":\"https:\/\/junctionbot.io\/\",\"logo\":{\"@type\":\"ImageObject\",\"inLanguage\":\"pt-BR\",\"@id\":\"https:\/\/junctionbot.io\/#\/schema\/logo\/image\/\",\"url\":\"\/wp-content\/uploads\/2020\/06\/junc_logo-400.jpg\",\"contentUrl\":\"\/wp-content\/uploads\/2020\/06\/junc_logo-400.jpg\",\"width\":400,\"height\":400,\"caption\":\"Junction Bot\"},\"image\":{\"@id\":\"https:\/\/junctionbot.io\/#\/schema\/logo\/image\/\"}}]}<\/script>\n<!-- \/ Yoast SEO plugin. -->","yoast_head_json":{"title":"Junction Bot - Como contornar a restri\u00e7\u00e3o de encaminhamento do Telegram","description":"Use o Junction Bot para copiar ou encaminhar automaticamente mensagens do Telegram de diferentes fontes para o seu canal ou grupo do Telegram.","robots":{"index":"index","follow":"follow","max-snippet":"max-snippet:-1","max-image-preview":"max-image-preview:large","max-video-preview":"max-video-preview:-1"},"canonical":"https:\/\/old.junctionbot.io\/pt-br\/como-contornar-a-restricao-de-encaminhamento-do-telegram\/","og_locale":"pt_BR","og_type":"article","og_title":"Junction Bot - Como contornar a restri\u00e7\u00e3o de encaminhamento do Telegram","og_description":"Use o Junction Bot para copiar ou encaminhar automaticamente mensagens do Telegram de diferentes fontes para o seu canal ou grupo do Telegram.","og_url":"https:\/\/old.junctionbot.io\/pt-br\/como-contornar-a-restricao-de-encaminhamento-do-telegram\/","og_site_name":"Junction Bot","article_modified_time":"2024-01-01T13:34:47+00:00","twitter_card":"summary_large_image","twitter_misc":{"Est. tempo de leitura":"1 minuto"},"schema":{"@context":"https:\/\/schema.org","@graph":[{"@type":"WebPage","@id":"https:\/\/old.junctionbot.io\/pt-br\/como-contornar-a-restricao-de-encaminhamento-do-telegram\/","url":"https:\/\/old.junctionbot.io\/pt-br\/como-contornar-a-restricao-de-encaminhamento-do-telegram\/","name":"Junction Bot - Como contornar a restri\u00e7\u00e3o de encaminhamento do Telegram","isPartOf":{"@id":"https:\/\/junctionbot.io\/#website"},"datePublished":"2022-08-13T12:29:03+00:00","dateModified":"2024-01-01T13:34:47+00:00","description":"Use o Junction Bot para copiar ou encaminhar automaticamente mensagens do Telegram de diferentes fontes para o seu canal ou grupo do Telegram.","breadcrumb":{"@id":"https:\/\/old.junctionbot.io\/pt-br\/como-contornar-a-restricao-de-encaminhamento-do-telegram\/#breadcrumb"},"inLanguage":"pt-BR","potentialAction":[{"@type":"ReadAction","target":["https:\/\/old.junctionbot.io\/pt-br\/como-contornar-a-restricao-de-encaminhamento-do-telegram\/"]}]},{"@type":"BreadcrumbList","@id":"https:\/\/old.junctionbot.io\/pt-br\/como-contornar-a-restricao-de-encaminhamento-do-telegram\/#breadcrumb","itemListElement":[{"@type":"ListItem","position":1,"name":"Home","item":"https:\/\/junctionbot.io\/pt-br\/"},{"@type":"ListItem","position":2,"name":"Como contornar a restri\u00e7\u00e3o de encaminhamento do Telegram"}]},{"@type":"WebSite","@id":"https:\/\/junctionbot.io\/#website","url":"https:\/\/junctionbot.io\/","name":"Junction Bot","description":"Auto Copy Forward Transform and Translate Telegram Channels Groups and Bots","publisher":{"@id":"https:\/\/junctionbot.io\/#organization"},"potentialAction":[{"@type":"SearchAction","target":{"@type":"EntryPoint","urlTemplate":"https:\/\/junctionbot.io\/?s={search_term_string}"},"query-input":{"@type":"PropertyValueSpecification","valueRequired":true,"valueName":"search_term_string"}}],"inLanguage":"pt-BR"},{"@type":"Organization","@id":"https:\/\/junctionbot.io\/#organization","name":"Junction Bot","url":"https:\/\/junctionbot.io\/","logo":{"@type":"ImageObject","inLanguage":"pt-BR","@id":"https:\/\/junctionbot.io\/#\/schema\/logo\/image\/","url":"\/wp-content\/uploads\/2020\/06\/junc_logo-400.jpg","contentUrl":"\/wp-content\/uploads\/2020\/06\/junc_logo-400.jpg","width":400,"height":400,"caption":"Junction Bot"},"image":{"@id":"https:\/\/junctionbot.io\/#\/schema\/logo\/image\/"}}]}},"_links":{"self":[{"href":"https:\/\/old.junctionbot.io\/pt-br\/wp-json\/wp\/v2\/pages\/4492","targetHints":{"allow":["GET"]}}],"collection":[{"href":"https:\/\/old.junctionbot.io\/pt-br\/wp-json\/wp\/v2\/pages"}],"about":[{"href":"https:\/\/old.junctionbot.io\/pt-br\/wp-json\/wp\/v2\/types\/page"}],"author":[{"embeddable":true,"href":"https:\/\/old.junctionbot.io\/pt-br\/wp-json\/wp\/v2\/users\/2"}],"replies":[{"embeddable":true,"href":"https:\/\/old.junctionbot.io\/pt-br\/wp-json\/wp\/v2\/comments?post=4492"}],"version-history":[{"count":1,"href":"https:\/\/old.junctionbot.io\/pt-br\/wp-json\/wp\/v2\/pages\/4492\/revisions"}],"predecessor-version":[{"id":4495,"href":"https:\/\/old.junctionbot.io\/pt-br\/wp-json\/wp\/v2\/pages\/4492\/revisions\/4495"}],"wp:attachment":[{"href":"https:\/\/old.junctionbot.io\/pt-br\/wp-json\/wp\/v2\/media?parent=4492"}],"curies":[{"name":"wp","href":"https:\/\/api.w.org\/{rel}","templated":true}]}}