{"id":4497,"date":"2020-04-17T11:29:29","date_gmt":"2020-04-17T09:29:29","guid":{"rendered":"https:\/\/junctionbot.io\/getting-started\/\/assinaturas\/"},"modified":"2024-01-01T15:34:48","modified_gmt":"2024-01-01T13:34:48","slug":"assinaturas","status":"publish","type":"page","link":"https:\/\/old.junctionbot.io\/pt-br\/assinaturas\/","title":{"rendered":"Assinaturas"},"content":{"rendered":"\n<h2 class=\"wp-block-heading\"><span class=\"ez-toc-section\" id=\"Assinaturas\"><\/span>Assinaturas<span class=\"ez-toc-section-end\"><\/span><\/h2>\n\n<p>Usando o Junction Bot, voc\u00ea pode se inscrever para ler canais e grupos &#8211; isso \u00e9 o que chamamos de <strong>assinatura. <\/strong>Voc\u00ea pode ler v\u00e1rias fontes como um \u00fanico feed. Mas n\u00e3o significa &#8220;um&#8221; literalmente! Voc\u00ea pode criar quantos feeds quiser. Por exemplo, para agrupar fontes diferentes por t\u00f3pico (feed com seus blogueiros favoritos, feed com not\u00edcias sobre criptografia, feed com gatos fofos etc.).<\/p>\n\n<p>Para ver as limita\u00e7\u00f5es e os pre\u00e7os, consulte <a href=\"\/pt-br\/escolha-do-tipo-certo-de-conta\/\">aqui<\/a>.<\/p>\n\n<h3 class=\"wp-block-heading\"><span class=\"ez-toc-section\" id=\"Ler_mensagens_em_um_unico_feed\"><\/span>Ler mensagens em um \u00fanico feed<span class=\"ez-toc-section-end\"><\/span><\/h3>\n\n<p>Primeiro, fa\u00e7a amizade com o bot (encontre @junction_bot por meio da busca do Telegram ou clique <a href=\"https:\/\/t.me\/junction_bot\">aqui<\/a>).<\/p>\n\n<ol class=\"wp-block-list\">\n<li>Envie @channel_name ou um link de convite do canal que voc\u00ea deseja adicionar para o bot.<\/li>\n\n\n\n<li>Se n\u00e3o tiver certeza do nome do canal, use o modo inline: digite meu nome no chat &#8211; @junction_bot, depois espa\u00e7o e, em seguida, o que estiver procurando (por exemplo, <code>@junction_bot bitcoin<\/code>). Mostrarei a voc\u00ea todos os canais que conhe\u00e7o que cont\u00eam essa palavra em nomes, t\u00edtulos ou descri\u00e7\u00f5es.<\/li>\n<\/ol>\n\n<p><strong>Voc\u00ea n\u00e3o precisa ser um membro deste canal<\/strong>!<\/p>\n\n<p>Veja o que voc\u00ea pode fazer com sua assinatura <a href=\"\/pt-br\/configuracoes-e-recursos\/\">aqui<\/a>.<\/p>\n\n<h3 class=\"wp-block-heading\"><span class=\"ez-toc-section\" id=\"Ler_mensagens_em_varios_feeds\"><\/span>Ler mensagens em v\u00e1rios feeds<span class=\"ez-toc-section-end\"><\/span><\/h3>\n\n<p>\u00c0s vezes, \u00e9 mais conveniente agrupar as mensagens recebidas em v\u00e1rios feeds. Voc\u00ea pode personalizar seus feeds de forma flex\u00edvel usando, por exemplo, <a href=\"\/filtering\/\">regras de filtragem<\/a> e pode definir t\u00edtulos e imagens diferentes para eles.<\/p>\n\n<p>Para criar v\u00e1rios feeds:<br\/><strong>1.<\/strong> Crie um bate-papo e convide @junction_bot para ele como administrador. Nenhum outro usu\u00e1rio ou bots deve estar l\u00e1, exceto voc\u00ea! Chamamos esse chat de <strong>chat de servi\u00e7o<\/strong> (um chat que tem apenas voc\u00ea e o bot como membros).<\/p>\n\n<p>N\u00e3o est\u00e1 funcionando? Alguns clientes do Telegram n\u00e3o permitem que voc\u00ea crie um bate-papo vazio com o bot. Use a seguinte solu\u00e7\u00e3o alternativa:<br\/>a) criar um bate-papo e adicionar qualquer pessoa a ele<br\/>b) remover essa pessoa<br\/>c) adicionar @junction_bot aos membros<br\/>Mantenha exatamente essa ordem!<\/p>\n\n<p><strong>2.<\/strong> Agora voc\u00ea pode gerenciar suas assinaturas (consulte a lista de comandos <a href=\"#Commands\">aqui<\/a>) e o pr\u00f3prio feed. Voc\u00ea pode alterar o nome e a imagem do bate-papo do feed, aplicar <a href=\"\/filtering\/\">filtros<\/a>, etc.!<\/p>\n\n<p>Para ver todos os seus bate-papos de servi\u00e7o, use o comando \/subs (antigo \/list).  <\/p>\n\n<p>As assinaturas que voc\u00ea l\u00ea em um chat de servi\u00e7o devem ser gerenciadas nesse chat (e n\u00e3o no chat principal com o @junction_bot). O n\u00famero de suas assinaturas ativas \u00e9 igual \u00e0 soma das assinaturas no chat principal com o bot com todas as assinaturas ativas dos chats de servi\u00e7o.<\/p>\n\n<p>PS: Nesses feeds, voc\u00ea n\u00e3o pode usar mensagens encaminhadas para se inscrever em canais. Use o comando \/join@junction_bot @channel_name<\/p>\n\n<h3 class=\"wp-block-heading\"><span class=\"ez-toc-section\" id=\"Navegar_pelos_canais\"><\/span>Navegar pelos canais<span class=\"ez-toc-section-end\"><\/span><\/h3>\n\n<p><strong>Encontre novos canais <\/strong>&#8211; O Junction bot tem um recurso para encontrar canais semelhantes aos da sua assinatura atual. Use o comando <span class=\"cool-title\">\/find<\/span> para isso.<\/p>\n\n<p><strong>Pesquisar canais por palavra<\/strong> &#8211; use o modo inline: no bate-papo com o bot Junction, digite o nome dele (@junction_bot), depois espa\u00e7o e, em seguida, o que estiver procurando.  <\/p>\n\n<pre class=\"wp-block-preformatted\">Exemplo: <code>@junction_bot bitcoin<\/code> - mostrar\u00e1 uma lista de canais que t\u00eam a palavra \"bitcoin\" em seu nome, t\u00edtulo ou descri\u00e7\u00e3o.<\/pre>\n\n<h3 class=\"wp-block-heading\"><span class=\"ez-toc-section\" id=\"Limites\"><\/span>Limites<span class=\"ez-toc-section-end\"><\/span><\/h3>\n\n<p>Voc\u00ea inicia o Junction bot com uma demonstra\u00e7\u00e3o com o limite de 100 assinaturas. Uma conta gratuita tem um limite de 7 assinaturas. Voc\u00ea pode ler mais sobre os diferentes tipos de contas <a href=\"\/pt-br\/escolha-do-tipo-certo-de-conta\/\">aqui<\/a>.<\/p>\n\n<pre class=\"wp-block-preformatted\"><mark style=\"background-color:rgba(0, 0, 0, 0)\" class=\"has-inline-color has-very-dark-gray-color\"><h3><span class=\"ez-toc-section\" id=\"Comandos\"><\/span>Comandos<span class=\"ez-toc-section-end\"><\/span><\/h3><\/mark><span class=\"cool-title\">\/join<\/span> - inscreva-se em um canal.\nFormato:  <code>\/join <a data-type=\"URL\" data-id=\"\/settings-and-features\/#Referencing_a_source_channel\" href=\"\/pt-br\/configuracoes-e-recursos\/#Referencing_a_source_channel\">channel_reference<\/a><\/code>\nEx.  <code>\/join @cool_channel<\/code> \nOU  <code>\/join https:\/\/t.me\/joinchat\/BzNPNEIpr5UluNgf7ahmdw<\/code>\n\n<span class=\"cool-title\">\/leave<\/span> - cancelar a assinatura de um canal.\nFormato:  <code>\/leave <a data-type=\"URL\" data-id=\"\/settings-and-features\/#Referencing_a_source_channel\" href=\"\/pt-br\/configuracoes-e-recursos\/#Referencing_a_source_channel\">channel_reference<\/a><\/code>\nEx.  <code>\/leave <code>@cool_channel<\/code><\/code> \nOU  <code>\/leave <code>https:\/\/t.me\/joinchat\/BzNPNEIpr5UluNgf7ahmdw<\/code><\/code>\n\n<span class=\"cool-title\">\/leaveall<\/span> - sai de todos os canais.\n\n<span class=\"cool-title\">\/disable<\/span> - interrompe o recebimento de mensagens de um canal.\nFormato:  <code>\/disable <a data-type=\"URL\" data-id=\"\/settings-and-features\/#Referencing_a_source_channel\" href=\"\/pt-br\/configuracoes-e-recursos\/#Referencing_a_source_channel\">channel_reference<\/a><\/code>\nEx.  <code>\/disable https:\/\/t.me\/cool_channel<\/code>\n\n<span class=\"cool-title\">\/enable<\/span> - come\u00e7a a receber mensagens de um canal.\nFormato:  <code>\/enable <a data-type=\"URL\" data-id=\"\/settings-and-features\/#Referencing_a_source_channel\" href=\"\/pt-br\/configuracoes-e-recursos\/#Referencing_a_source_channel\">channel_reference<\/a><\/code>\nEx.  <code>\/enable https:\/\/t.me\/cool_channel<\/code>\n\n<span class=\"cool-title\">\/enableall<\/span> - come\u00e7a a receber mensagens de todos os canais nos quais voc\u00ea est\u00e1 inscrito.\n\n<span class=\"cool-title\">\/disableall<\/span> - interrompe o recebimento de mensagens de todos os canais nos quais voc\u00ea est\u00e1 inscrito.\n\n<span class=\"cool-title\">\/subs<\/span> (ou o bot\u00e3o de menu correspondente) - mostra as assinaturas atuais. As assinaturas s\u00e3o marcadas com \"+\" ou \"-\", o que significa que est\u00e3o ativas ou desativadas correspondentemente.\n\n<span class=\"cool-title\">\/find<\/span> - localiza canais semelhantes aos de sua assinatura atual.<\/pre>\n\n<p>???????? Voc\u00ea pode ler mais sobre os recursos do bot <a href=\"\/filtering\/\">aqui<\/a>.<\/p>\n\n<h3 class=\"wp-block-heading\"><span class=\"ez-toc-section\" id=\"Reducao_de_atrasos\"><\/span>Redu\u00e7\u00e3o de atrasos<span class=\"ez-toc-section-end\"><\/span><\/h3>\n\n<p>Para canais p\u00fablicos em uma conta Standard, a entrega de mensagens pode levar at\u00e9 1 hora. A entrega de canais privados geralmente ocorre instantaneamente, mas raramente, de vez em quando, pode saltar para 10 a 20 minutos.<\/p>\n\n<p>Se o seu canal de origem for completamente novo no sistema e tivermos uma carga alta, pode demorar um pouco para o bot come\u00e7ar a receber mensagens dele. Informe-nos se demorar mais de um dia.<\/p>\n\n<p>Estamos fornecendo um servi\u00e7o para acelerar a entrega de um canal p\u00fablico, portanto, levar\u00e1 v\u00e1rios segundos. Esse servi\u00e7o custa \u20ac 1,20 por canal, por m\u00eas. Voc\u00ea pode ativar\/desativar a acelera\u00e7\u00e3o sempre que quiser com o comando <code>\/express<\/code>.<\/p>\n\n<p>Outra maneira de tornar a entrega instant\u00e2nea \u00e9 usar a <a href=\"\/direct-connection\/\">conex\u00e3o direta<\/a>. Todas as mensagens da conex\u00e3o direta s\u00e3o enviadas instantaneamente.<\/p>\n\n<p>Se voc\u00ea estiver interessado em um desses servi\u00e7os, consulte <a href=\"\/pt-br\/pagamento\/#Buying_an_Extra_Package\">aqui<\/a> mais informa\u00e7\u00f5es sobre como adquiri-los.<\/p>\n\n<h3 class=\"wp-block-heading\"><span class=\"ez-toc-section\" id=\"Status_%E2%80%9CPendente%E2%80%9D\"><\/span>Status &#8220;Pendente&#8221;<span class=\"ez-toc-section-end\"><\/span><\/h3>\n\n<p>Se o seu canal de origem for completamente novo no sistema e tivermos uma carga alta, pode demorar um pouco para o bot come\u00e7ar a receber mensagens dele.<\/p>\n\n<p>Se, ao usar o comando <span class=\"cool-title\">\/list<\/span>, voc\u00ea vir canais marcados com PENDING, isso significa que esses canais est\u00e3o esperando para serem conectados ao bot. Aguarde de 10 a 30 minutos e as mensagens come\u00e7ar\u00e3o a chegar.<\/p>\n\n<p>Informe-nos se demorar mais de um dia.<\/p>\n\n<h3 class=\"wp-block-heading\"><span class=\"ez-toc-section\" id=\"Remocao_de_todas_as_assinaturas\"><\/span>Remo\u00e7\u00e3o de todas as assinaturas<span class=\"ez-toc-section-end\"><\/span><\/h3>\n\n<p>Todas as assinaturas do bate-papo atual podem ser exclu\u00eddas com o comando<br\/><code>\/leaveall<\/code><\/p>\n\n<p>\u00c0s vezes, \u00e9 necess\u00e1rio excluir as assinaturas de um servi\u00e7o de bate-papo que n\u00e3o est\u00e1 mais dispon\u00edvel. Em seguida, use <code>\/leaveall<\/code> com o n\u00famero do chat como argumento. Por exemplo:<br\/><code>\/leaveall 123456789<\/code><\/p>\n\n<h3 class=\"wp-block-heading\"><span class=\"ez-toc-section\" id=\"Se_voce_precisar_de_mais_de_100_assinaturas\"><\/span>Se voc\u00ea precisar de mais de 100 assinaturas<span class=\"ez-toc-section-end\"><\/span><\/h3>\n\n<p>Para obter mais de 100 assinaturas, voc\u00ea precisa criar um chat sem servi\u00e7o com o bot. Ela ser\u00e1 considerada uma conta separada e, portanto, ter\u00e1 limites independentes. Se voc\u00ea adquirir uma conta padr\u00e3o nesse chat, poder\u00e1 criar mais 100 assinaturas nela.  <\/p>\n\n<p>Para criar um chat sem servi\u00e7o, basta adicionar outra pessoa ao chat al\u00e9m de voc\u00ea e do <a data-type=\"URL\" data-id=\"https:\/\/t.me\/junction_bot\" href=\"https:\/\/t.me\/junction_bot\">@junction_bot<\/a>: outro usu\u00e1rio ou um bot. Depois disso, voc\u00ea pode verificar se o chat se tornou um chat sem servi\u00e7o com o comando <code>\/account<\/code>. Quando voc\u00ea perceber que o chat se tornou um chat sem servi\u00e7o, poder\u00e1 remover os participantes desnecess\u00e1rios.<\/p>\n","protected":false},"excerpt":{"rendered":"<p>Assinaturas Usando o Junction Bot, voc\u00ea pode se inscrever para ler canais e grupos &#8211; isso \u00e9 o que chamamos de assinatura. Voc\u00ea pode ler v\u00e1rias fontes como um \u00fanico feed. Mas n\u00e3o significa &#8220;um&#8221; literalmente! Voc\u00ea pode criar quantos feeds quiser. Por exemplo, para agrupar fontes diferentes por t\u00f3pico (feed com seus blogueiros favoritos, [&hellip;]<\/p>\n","protected":false},"author":1,"featured_media":0,"parent":0,"menu_order":0,"comment_status":"closed","ping_status":"closed","template":"","meta":{"nf_dc_page":"","_monsterinsights_skip_tracking":false,"_monsterinsights_sitenote_active":false,"_monsterinsights_sitenote_note":"","_monsterinsights_sitenote_category":0,"ocean_post_layout":"","ocean_both_sidebars_style":"","ocean_both_sidebars_content_width":0,"ocean_both_sidebars_sidebars_width":0,"ocean_sidebar":"0","ocean_second_sidebar":"0","ocean_disable_margins":"enable","ocean_add_body_class":"","ocean_shortcode_before_top_bar":"","ocean_shortcode_after_top_bar":"","ocean_shortcode_before_header":"","ocean_shortcode_after_header":"","ocean_has_shortcode":"","ocean_shortcode_after_title":"","ocean_shortcode_before_footer_widgets":"","ocean_shortcode_after_footer_widgets":"","ocean_shortcode_before_footer_bottom":"","ocean_shortcode_after_footer_bottom":"","ocean_display_top_bar":"default","ocean_display_header":"default","ocean_header_style":"","ocean_center_header_left_menu":"0","ocean_custom_header_template":"0","ocean_custom_logo":0,"ocean_custom_retina_logo":0,"ocean_custom_logo_max_width":0,"ocean_custom_logo_tablet_max_width":0,"ocean_custom_logo_mobile_max_width":0,"ocean_custom_logo_max_height":0,"ocean_custom_logo_tablet_max_height":0,"ocean_custom_logo_mobile_max_height":0,"ocean_header_custom_menu":"0","ocean_menu_typo_font_family":"0","ocean_menu_typo_font_subset":"","ocean_menu_typo_font_size":0,"ocean_menu_typo_font_size_tablet":0,"ocean_menu_typo_font_size_mobile":0,"ocean_menu_typo_font_size_unit":"px","ocean_menu_typo_font_weight":"","ocean_menu_typo_font_weight_tablet":"","ocean_menu_typo_font_weight_mobile":"","ocean_menu_typo_transform":"","ocean_menu_typo_transform_tablet":"","ocean_menu_typo_transform_mobile":"","ocean_menu_typo_line_height":0,"ocean_menu_typo_line_height_tablet":0,"ocean_menu_typo_line_height_mobile":0,"ocean_menu_typo_line_height_unit":"","ocean_menu_typo_spacing":0,"ocean_menu_typo_spacing_tablet":0,"ocean_menu_typo_spacing_mobile":0,"ocean_menu_typo_spacing_unit":"","ocean_menu_link_color":"","ocean_menu_link_color_hover":"","ocean_menu_link_color_active":"","ocean_menu_link_background":"","ocean_menu_link_hover_background":"","ocean_menu_link_active_background":"","ocean_menu_social_links_bg":"","ocean_menu_social_hover_links_bg":"","ocean_menu_social_links_color":"","ocean_menu_social_hover_links_color":"","ocean_disable_title":"default","ocean_disable_heading":"default","ocean_post_title":"","ocean_post_subheading":"","ocean_post_title_style":"","ocean_post_title_background_color":"","ocean_post_title_background":0,"ocean_post_title_bg_image_position":"","ocean_post_title_bg_image_attachment":"","ocean_post_title_bg_image_repeat":"","ocean_post_title_bg_image_size":"","ocean_post_title_height":0,"ocean_post_title_bg_overlay":0.5,"ocean_post_title_bg_overlay_color":"","ocean_disable_breadcrumbs":"default","ocean_breadcrumbs_color":"","ocean_breadcrumbs_separator_color":"","ocean_breadcrumbs_links_color":"","ocean_breadcrumbs_links_hover_color":"","ocean_display_footer_widgets":"default","ocean_display_footer_bottom":"default","ocean_custom_footer_template":"0","footnotes":""},"class_list":["post-4497","page","type-page","status-publish","hentry","entry"],"yoast_head":"<!-- This site is optimized with the Yoast SEO plugin v26.9 - https:\/\/yoast.com\/product\/yoast-seo-wordpress\/ -->\n<title>Junction Bot - Assinaturas<\/title>\n<meta name=\"description\" content=\"Leia seus canais e grupos favoritos do Telegram em um \u00fanico feed (ou crie v\u00e1rios feeds personalizados).\" \/>\n<meta name=\"robots\" content=\"index, follow, max-snippet:-1, max-image-preview:large, max-video-preview:-1\" \/>\n<link rel=\"canonical\" href=\"https:\/\/old.junctionbot.io\/pt-br\/assinaturas\/\" \/>\n<meta property=\"og:locale\" content=\"pt_BR\" \/>\n<meta property=\"og:type\" content=\"article\" \/>\n<meta property=\"og:title\" content=\"Junction Bot - Assinaturas\" \/>\n<meta property=\"og:description\" content=\"Leia seus canais e grupos favoritos do Telegram em um \u00fanico feed (ou crie v\u00e1rios feeds personalizados).\" \/>\n<meta property=\"og:url\" content=\"https:\/\/old.junctionbot.io\/pt-br\/assinaturas\/\" \/>\n<meta property=\"og:site_name\" content=\"Junction Bot\" \/>\n<meta property=\"article:modified_time\" content=\"2024-01-01T13:34:48+00:00\" \/>\n<meta name=\"twitter:card\" content=\"summary_large_image\" \/>\n<meta name=\"twitter:label1\" content=\"Est. tempo de leitura\" \/>\n\t<meta name=\"twitter:data1\" content=\"6 minutos\" \/>\n<script type=\"application\/ld+json\" class=\"yoast-schema-graph\">{\"@context\":\"https:\/\/schema.org\",\"@graph\":[{\"@type\":\"WebPage\",\"@id\":\"https:\/\/old.junctionbot.io\/pt-br\/assinaturas\/\",\"url\":\"https:\/\/old.junctionbot.io\/pt-br\/assinaturas\/\",\"name\":\"Junction Bot - Assinaturas\",\"isPartOf\":{\"@id\":\"https:\/\/junctionbot.io\/#website\"},\"datePublished\":\"2020-04-17T09:29:29+00:00\",\"dateModified\":\"2024-01-01T13:34:48+00:00\",\"description\":\"Leia seus canais e grupos favoritos do Telegram em um \u00fanico feed (ou crie v\u00e1rios feeds personalizados).\",\"breadcrumb\":{\"@id\":\"https:\/\/old.junctionbot.io\/pt-br\/assinaturas\/#breadcrumb\"},\"inLanguage\":\"pt-BR\",\"potentialAction\":[{\"@type\":\"ReadAction\",\"target\":[\"https:\/\/old.junctionbot.io\/pt-br\/assinaturas\/\"]}]},{\"@type\":\"BreadcrumbList\",\"@id\":\"https:\/\/old.junctionbot.io\/pt-br\/assinaturas\/#breadcrumb\",\"itemListElement\":[{\"@type\":\"ListItem\",\"position\":1,\"name\":\"Home\",\"item\":\"https:\/\/junctionbot.io\/pt-br\/\"},{\"@type\":\"ListItem\",\"position\":2,\"name\":\"Assinaturas\"}]},{\"@type\":\"WebSite\",\"@id\":\"https:\/\/junctionbot.io\/#website\",\"url\":\"https:\/\/junctionbot.io\/\",\"name\":\"Junction Bot\",\"description\":\"Auto Copy Forward Transform and Translate Telegram Channels Groups and Bots\",\"publisher\":{\"@id\":\"https:\/\/junctionbot.io\/#organization\"},\"potentialAction\":[{\"@type\":\"SearchAction\",\"target\":{\"@type\":\"EntryPoint\",\"urlTemplate\":\"https:\/\/junctionbot.io\/?s={search_term_string}\"},\"query-input\":{\"@type\":\"PropertyValueSpecification\",\"valueRequired\":true,\"valueName\":\"search_term_string\"}}],\"inLanguage\":\"pt-BR\"},{\"@type\":\"Organization\",\"@id\":\"https:\/\/junctionbot.io\/#organization\",\"name\":\"Junction Bot\",\"url\":\"https:\/\/junctionbot.io\/\",\"logo\":{\"@type\":\"ImageObject\",\"inLanguage\":\"pt-BR\",\"@id\":\"https:\/\/junctionbot.io\/#\/schema\/logo\/image\/\",\"url\":\"\/wp-content\/uploads\/2020\/06\/junc_logo-400.jpg\",\"contentUrl\":\"\/wp-content\/uploads\/2020\/06\/junc_logo-400.jpg\",\"width\":400,\"height\":400,\"caption\":\"Junction Bot\"},\"image\":{\"@id\":\"https:\/\/junctionbot.io\/#\/schema\/logo\/image\/\"}}]}<\/script>\n<!-- \/ Yoast SEO plugin. -->","yoast_head_json":{"title":"Junction Bot - Assinaturas","description":"Leia seus canais e grupos favoritos do Telegram em um \u00fanico feed (ou crie v\u00e1rios feeds personalizados).","robots":{"index":"index","follow":"follow","max-snippet":"max-snippet:-1","max-image-preview":"max-image-preview:large","max-video-preview":"max-video-preview:-1"},"canonical":"https:\/\/old.junctionbot.io\/pt-br\/assinaturas\/","og_locale":"pt_BR","og_type":"article","og_title":"Junction Bot - Assinaturas","og_description":"Leia seus canais e grupos favoritos do Telegram em um \u00fanico feed (ou crie v\u00e1rios feeds personalizados).","og_url":"https:\/\/old.junctionbot.io\/pt-br\/assinaturas\/","og_site_name":"Junction Bot","article_modified_time":"2024-01-01T13:34:48+00:00","twitter_card":"summary_large_image","twitter_misc":{"Est. tempo de leitura":"6 minutos"},"schema":{"@context":"https:\/\/schema.org","@graph":[{"@type":"WebPage","@id":"https:\/\/old.junctionbot.io\/pt-br\/assinaturas\/","url":"https:\/\/old.junctionbot.io\/pt-br\/assinaturas\/","name":"Junction Bot - Assinaturas","isPartOf":{"@id":"https:\/\/junctionbot.io\/#website"},"datePublished":"2020-04-17T09:29:29+00:00","dateModified":"2024-01-01T13:34:48+00:00","description":"Leia seus canais e grupos favoritos do Telegram em um \u00fanico feed (ou crie v\u00e1rios feeds personalizados).","breadcrumb":{"@id":"https:\/\/old.junctionbot.io\/pt-br\/assinaturas\/#breadcrumb"},"inLanguage":"pt-BR","potentialAction":[{"@type":"ReadAction","target":["https:\/\/old.junctionbot.io\/pt-br\/assinaturas\/"]}]},{"@type":"BreadcrumbList","@id":"https:\/\/old.junctionbot.io\/pt-br\/assinaturas\/#breadcrumb","itemListElement":[{"@type":"ListItem","position":1,"name":"Home","item":"https:\/\/junctionbot.io\/pt-br\/"},{"@type":"ListItem","position":2,"name":"Assinaturas"}]},{"@type":"WebSite","@id":"https:\/\/junctionbot.io\/#website","url":"https:\/\/junctionbot.io\/","name":"Junction Bot","description":"Auto Copy Forward Transform and Translate Telegram Channels Groups and Bots","publisher":{"@id":"https:\/\/junctionbot.io\/#organization"},"potentialAction":[{"@type":"SearchAction","target":{"@type":"EntryPoint","urlTemplate":"https:\/\/junctionbot.io\/?s={search_term_string}"},"query-input":{"@type":"PropertyValueSpecification","valueRequired":true,"valueName":"search_term_string"}}],"inLanguage":"pt-BR"},{"@type":"Organization","@id":"https:\/\/junctionbot.io\/#organization","name":"Junction Bot","url":"https:\/\/junctionbot.io\/","logo":{"@type":"ImageObject","inLanguage":"pt-BR","@id":"https:\/\/junctionbot.io\/#\/schema\/logo\/image\/","url":"\/wp-content\/uploads\/2020\/06\/junc_logo-400.jpg","contentUrl":"\/wp-content\/uploads\/2020\/06\/junc_logo-400.jpg","width":400,"height":400,"caption":"Junction Bot"},"image":{"@id":"https:\/\/junctionbot.io\/#\/schema\/logo\/image\/"}}]}},"_links":{"self":[{"href":"https:\/\/old.junctionbot.io\/pt-br\/wp-json\/wp\/v2\/pages\/4497","targetHints":{"allow":["GET"]}}],"collection":[{"href":"https:\/\/old.junctionbot.io\/pt-br\/wp-json\/wp\/v2\/pages"}],"about":[{"href":"https:\/\/old.junctionbot.io\/pt-br\/wp-json\/wp\/v2\/types\/page"}],"author":[{"embeddable":true,"href":"https:\/\/old.junctionbot.io\/pt-br\/wp-json\/wp\/v2\/users\/1"}],"replies":[{"embeddable":true,"href":"https:\/\/old.junctionbot.io\/pt-br\/wp-json\/wp\/v2\/comments?post=4497"}],"version-history":[{"count":1,"href":"https:\/\/old.junctionbot.io\/pt-br\/wp-json\/wp\/v2\/pages\/4497\/revisions"}],"predecessor-version":[{"id":4499,"href":"https:\/\/old.junctionbot.io\/pt-br\/wp-json\/wp\/v2\/pages\/4497\/revisions\/4499"}],"wp:attachment":[{"href":"https:\/\/old.junctionbot.io\/pt-br\/wp-json\/wp\/v2\/media?parent=4497"}],"curies":[{"name":"wp","href":"https:\/\/api.w.org\/{rel}","templated":true}]}}