{"id":3971,"date":"2022-08-14T11:12:00","date_gmt":"2022-08-14T09:12:00","guid":{"rendered":"https:\/\/docs.junction.space\/telegram-kanalini-ilet\/"},"modified":"2023-12-01T11:15:15","modified_gmt":"2023-12-01T09:15:15","slug":"telegram-kanalini-ilet","status":"publish","type":"page","link":"https:\/\/old.junctionbot.io\/tr\/telegram-kanalini-ilet\/","title":{"rendered":"Telegram kanal\u0131n\u0131 ilet"},"content":{"rendered":"\n<h2 class=\"wp-block-heading\"><span class=\"ez-toc-section\" id=\"Telegram_kanalini_ilet\"><\/span>Telegram kanal\u0131n\u0131 ilet<span class=\"ez-toc-section-end\"><\/span><\/h2>\n\n<p>Telegram kanallar\u0131n\u0131 iletmek i\u00e7in <a href=\"http:\/\/https\/\/t.me\/junction_bot\">Junction Bot<\/a> &#8216;u kullan\u0131n. Telegram kanallar\u0131n\u0131 kopyalamak ve iletmek aras\u0131ndaki fark nedir? Kopyalama, mevcut mesaj\u0131n bir klonu olan yeni bir mesaj olu\u015fturur. \u0130letme, Telegram&#8217;\u0131n iletme mekanizmas\u0131n\u0131 kullanarak mevcut bir mesaj\u0131 iletir. \u0130leri k\u0131s\u0131tlamal\u0131 kanallarda sadece kopyalama m\u00fcmk\u00fcnd\u00fcr.<\/p>\n\n<h3 class=\"wp-block-heading\"><span class=\"ez-toc-section\" id=\"Telegramda_yeni_bir_otomatik_yonlendirme_nasil_olusturulur\"><\/span>Telegram&#8217;da yeni bir otomatik y\u00f6nlendirme nas\u0131l olu\u015fturulur?<span class=\"ez-toc-section-end\"><\/span><\/h3>\n\n<p>Yeni Telegram mesajlar\u0131n\u0131 otomatik olarak kopyalamak \u00fczere bir y\u00f6nlendirme kural\u0131 olu\u015fturmak i\u00e7in <a href=\"\/forwarding\/#Creating_a_new_forward\"> <code>\/new<\/code> komutunu<\/a> kullan\u0131n. Yeni kural olu\u015fturulduktan sonra, <a href=\"\/miscellaneous\/#Delivery_mode\">kural\u0131n teslim modunu <code>forward_client<\/code><\/a> olarak <a href=\"\/miscellaneous\/#Delivery_mode\">de\u011fi\u015ftirmek i\u00e7in<code>\/settingchannel<\/code> <\/a> komutunu kullan\u0131n.<\/p>\n\n<h3 class=\"wp-block-heading\"><span class=\"ez-toc-section\" id=\"Telegramda_mevcut_mesajlar_nasil_iletilir_mesaj_gecmisi\"><\/span>Telegram&#8217;da mevcut mesajlar nas\u0131l iletilir (mesaj ge\u00e7mi\u015fi)?<span class=\"ez-toc-section-end\"><\/span><\/h3>\n\n<p><a href=\"https:\/\/t.me\/junction_bot\">Junction Bot<\/a> &#8216;u kullanarak mevcut mesajlar\u0131 bir Telegram kanal\u0131ndan veya grubundan kopyalayabilirsiniz. Bot varsay\u0131lan olarak mesajlar\u0131 kopyalad\u0131\u011f\u0131 ancak iletmedi\u011fi i\u00e7in, \u00f6ncelikle <a href=\"\/forwarding\/#Creating_a_new_forward\"> <code>\/new<\/code> komutunu<\/a> kullanarak bir y\u00f6nlendirme kural\u0131 olu\u015fturman\u0131z gerekir. Yeni kural olu\u015fturulduktan sonra, <a href=\"\/miscellaneous\/#Delivery_mode\">kural\u0131n teslim modunu <code>forward_client<\/code><\/a> olarak <a href=\"\/miscellaneous\/#Delivery_mode\">de\u011fi\u015ftirmek i\u00e7in<code>\/settingchannel<\/code> <\/a> komutunu kullan\u0131n. Bundan sonra<code><a href=\"\/forwarding\/#Copying_of_the_old_Telegram_messages\">\/history<\/a><\/code><a href=\"\/forwarding\/#Copying_of_the_old_Telegram_messages\">komutunu <\/a> kullan\u0131n. Daha \u00f6nce olu\u015fturdu\u011funuz bir y\u00f6nlendirme kural\u0131ndaki ayarlar\u0131 kullanarak mevcut mesajlar\u0131 iletecektir.<\/p>\n\n<h3 class=\"wp-block-heading\"><span class=\"ez-toc-section\" id=\"Ozel_Telegram_kanalini_ilet\"><\/span>\u00d6zel Telegram kanal\u0131n\u0131 ilet<span class=\"ez-toc-section-end\"><\/span><\/h3>\n\n<p><a href=\"https:\/\/t.me\/junction_bot\">Junction Bot<\/a>, \u00f6zel ve genel Telegram kanallar\u0131n\u0131, ki\u015fisel sohbetleri ve di\u011fer botlarla sohbetleri iletebilir. \u00d6zel Telegram kanallar\u0131yla ilgili iki senaryo vard\u0131r: \u00e7al\u0131\u015fan bir davet ba\u011flant\u0131n\u0131z\u0131n oldu\u011fu kanallar ve davet ba\u011flant\u0131n\u0131z\u0131n olmad\u0131\u011f\u0131 ancak bu kanal\u0131n bir \u00fcyesi oldu\u011funuz kanallar.<\/p>\n\n<p>Standart hesap kullan\u0131yorsan\u0131z, \u00f6zel telegram kanallar\u0131n\u0131n yaln\u0131zca davet ba\u011flant\u0131s\u0131 etkin olana kadar \u00e7al\u0131\u015faca\u011f\u0131n\u0131 l\u00fctfen unutmay\u0131n.<\/p>\n\n<p>Davet ba\u011flant\u0131s\u0131 olmayan \u00f6zel kanallardan iletim yapman\u0131z gerekiyorsa veya di\u011fer botlardan mesaj almak istiyorsan\u0131z, <a href=\"\/direct-connection\/\">do\u011frudan<\/a> ba\u011flant\u0131y\u0131 kullanman\u0131z gerekir.<\/p>\n","protected":false},"excerpt":{"rendered":"<p>Telegram kanal\u0131n\u0131 ilet Telegram kanallar\u0131n\u0131 iletmek i\u00e7in Junction Bot &#8216;u kullan\u0131n. Telegram kanallar\u0131n\u0131 kopyalamak ve iletmek aras\u0131ndaki fark nedir? Kopyalama, mevcut mesaj\u0131n bir klonu olan yeni bir mesaj olu\u015fturur. \u0130letme, Telegram&#8217;\u0131n iletme mekanizmas\u0131n\u0131 kullanarak mevcut bir mesaj\u0131 iletir. \u0130leri k\u0131s\u0131tlamal\u0131 kanallarda sadece kopyalama m\u00fcmk\u00fcnd\u00fcr. Telegram&#8217;da yeni bir otomatik y\u00f6nlendirme nas\u0131l olu\u015fturulur? Yeni Telegram mesajlar\u0131n\u0131 otomatik [&hellip;]<\/p>\n","protected":false},"author":2,"featured_media":0,"parent":0,"menu_order":0,"comment_status":"closed","ping_status":"closed","template":"","meta":{"nf_dc_page":"","_monsterinsights_skip_tracking":false,"_monsterinsights_sitenote_active":false,"_monsterinsights_sitenote_note":"","_monsterinsights_sitenote_category":0,"ocean_post_layout":"","ocean_both_sidebars_style":"","ocean_both_sidebars_content_width":0,"ocean_both_sidebars_sidebars_width":0,"ocean_sidebar":"0","ocean_second_sidebar":"0","ocean_disable_margins":"enable","ocean_add_body_class":"","ocean_shortcode_before_top_bar":"","ocean_shortcode_after_top_bar":"","ocean_shortcode_before_header":"","ocean_shortcode_after_header":"","ocean_has_shortcode":"","ocean_shortcode_after_title":"","ocean_shortcode_before_footer_widgets":"","ocean_shortcode_after_footer_widgets":"","ocean_shortcode_before_footer_bottom":"","ocean_shortcode_after_footer_bottom":"","ocean_display_top_bar":"default","ocean_display_header":"default","ocean_header_style":"","ocean_center_header_left_menu":"0","ocean_custom_header_template":"0","ocean_custom_logo":0,"ocean_custom_retina_logo":0,"ocean_custom_logo_max_width":0,"ocean_custom_logo_tablet_max_width":0,"ocean_custom_logo_mobile_max_width":0,"ocean_custom_logo_max_height":0,"ocean_custom_logo_tablet_max_height":0,"ocean_custom_logo_mobile_max_height":0,"ocean_header_custom_menu":"0","ocean_menu_typo_font_family":"0","ocean_menu_typo_font_subset":"","ocean_menu_typo_font_size":0,"ocean_menu_typo_font_size_tablet":0,"ocean_menu_typo_font_size_mobile":0,"ocean_menu_typo_font_size_unit":"px","ocean_menu_typo_font_weight":"","ocean_menu_typo_font_weight_tablet":"","ocean_menu_typo_font_weight_mobile":"","ocean_menu_typo_transform":"","ocean_menu_typo_transform_tablet":"","ocean_menu_typo_transform_mobile":"","ocean_menu_typo_line_height":0,"ocean_menu_typo_line_height_tablet":0,"ocean_menu_typo_line_height_mobile":0,"ocean_menu_typo_line_height_unit":"","ocean_menu_typo_spacing":0,"ocean_menu_typo_spacing_tablet":0,"ocean_menu_typo_spacing_mobile":0,"ocean_menu_typo_spacing_unit":"","ocean_menu_link_color":"","ocean_menu_link_color_hover":"","ocean_menu_link_color_active":"","ocean_menu_link_background":"","ocean_menu_link_hover_background":"","ocean_menu_link_active_background":"","ocean_menu_social_links_bg":"","ocean_menu_social_hover_links_bg":"","ocean_menu_social_links_color":"","ocean_menu_social_hover_links_color":"","ocean_disable_title":"default","ocean_disable_heading":"default","ocean_post_title":"","ocean_post_subheading":"","ocean_post_title_style":"","ocean_post_title_background_color":"","ocean_post_title_background":0,"ocean_post_title_bg_image_position":"","ocean_post_title_bg_image_attachment":"","ocean_post_title_bg_image_repeat":"","ocean_post_title_bg_image_size":"","ocean_post_title_height":0,"ocean_post_title_bg_overlay":0.5,"ocean_post_title_bg_overlay_color":"","ocean_disable_breadcrumbs":"default","ocean_breadcrumbs_color":"","ocean_breadcrumbs_separator_color":"","ocean_breadcrumbs_links_color":"","ocean_breadcrumbs_links_hover_color":"","ocean_display_footer_widgets":"default","ocean_display_footer_bottom":"default","ocean_custom_footer_template":"0","footnotes":""},"class_list":["post-3971","page","type-page","status-publish","hentry","entry"],"yoast_head":"<!-- This site is optimized with the Yoast SEO plugin v26.9 - https:\/\/yoast.com\/product\/yoast-seo-wordpress\/ -->\n<title>Junction Bot - Telegram kanal\u0131n\u0131 ilet<\/title>\n<meta name=\"description\" content=\"Farkl\u0131 kaynaklardan gelen Telegram mesajlar\u0131n\u0131 otomatik olarak Telegram kanal\u0131n\u0131za veya grubunuza kopyalamak veya iletmek i\u00e7in Junction Bot&#039;u kullan\u0131n.\" \/>\n<meta name=\"robots\" content=\"index, follow, max-snippet:-1, max-image-preview:large, max-video-preview:-1\" \/>\n<link rel=\"canonical\" href=\"https:\/\/old.junctionbot.io\/tr\/telegram-kanalini-ilet\/\" \/>\n<meta property=\"og:locale\" content=\"tr_TR\" \/>\n<meta property=\"og:type\" content=\"article\" \/>\n<meta property=\"og:title\" content=\"Junction Bot - Telegram kanal\u0131n\u0131 ilet\" \/>\n<meta property=\"og:description\" content=\"Farkl\u0131 kaynaklardan gelen Telegram mesajlar\u0131n\u0131 otomatik olarak Telegram kanal\u0131n\u0131za veya grubunuza kopyalamak veya iletmek i\u00e7in Junction Bot&#039;u kullan\u0131n.\" \/>\n<meta property=\"og:url\" content=\"https:\/\/old.junctionbot.io\/tr\/telegram-kanalini-ilet\/\" \/>\n<meta property=\"og:site_name\" content=\"Junction Bot\" \/>\n<meta property=\"article:modified_time\" content=\"2023-12-01T09:15:15+00:00\" \/>\n<meta name=\"twitter:card\" content=\"summary_large_image\" \/>\n<meta name=\"twitter:label1\" content=\"Tahmini okuma s\u00fcresi\" \/>\n\t<meta name=\"twitter:data1\" content=\"2 dakika\" \/>\n<script type=\"application\/ld+json\" class=\"yoast-schema-graph\">{\"@context\":\"https:\/\/schema.org\",\"@graph\":[{\"@type\":\"WebPage\",\"@id\":\"https:\/\/old.junctionbot.io\/tr\/telegram-kanalini-ilet\/\",\"url\":\"https:\/\/old.junctionbot.io\/tr\/telegram-kanalini-ilet\/\",\"name\":\"Junction Bot - Telegram kanal\u0131n\u0131 ilet\",\"isPartOf\":{\"@id\":\"https:\/\/junctionbot.io\/#website\"},\"datePublished\":\"2022-08-14T09:12:00+00:00\",\"dateModified\":\"2023-12-01T09:15:15+00:00\",\"description\":\"Farkl\u0131 kaynaklardan gelen Telegram mesajlar\u0131n\u0131 otomatik olarak Telegram kanal\u0131n\u0131za veya grubunuza kopyalamak veya iletmek i\u00e7in Junction Bot'u kullan\u0131n.\",\"breadcrumb\":{\"@id\":\"https:\/\/old.junctionbot.io\/tr\/telegram-kanalini-ilet\/#breadcrumb\"},\"inLanguage\":\"tr\",\"potentialAction\":[{\"@type\":\"ReadAction\",\"target\":[\"https:\/\/old.junctionbot.io\/tr\/telegram-kanalini-ilet\/\"]}]},{\"@type\":\"BreadcrumbList\",\"@id\":\"https:\/\/old.junctionbot.io\/tr\/telegram-kanalini-ilet\/#breadcrumb\",\"itemListElement\":[{\"@type\":\"ListItem\",\"position\":1,\"name\":\"Home\",\"item\":\"https:\/\/junctionbot.io\/tr\/\"},{\"@type\":\"ListItem\",\"position\":2,\"name\":\"Telegram kanal\u0131n\u0131 ilet\"}]},{\"@type\":\"WebSite\",\"@id\":\"https:\/\/junctionbot.io\/#website\",\"url\":\"https:\/\/junctionbot.io\/\",\"name\":\"Junction Bot\",\"description\":\"Otomatik Kopyala \u0130leri D\u00f6n\u00fc\u015ft\u00fcr ve Telegram Kanal Gruplar\u0131n\u0131 ve Botlar\u0131n\u0131 \u00c7evir\",\"publisher\":{\"@id\":\"https:\/\/junctionbot.io\/#organization\"},\"potentialAction\":[{\"@type\":\"SearchAction\",\"target\":{\"@type\":\"EntryPoint\",\"urlTemplate\":\"https:\/\/junctionbot.io\/?s={search_term_string}\"},\"query-input\":{\"@type\":\"PropertyValueSpecification\",\"valueRequired\":true,\"valueName\":\"search_term_string\"}}],\"inLanguage\":\"tr\"},{\"@type\":\"Organization\",\"@id\":\"https:\/\/junctionbot.io\/#organization\",\"name\":\"Junction Bot\",\"url\":\"https:\/\/junctionbot.io\/\",\"logo\":{\"@type\":\"ImageObject\",\"inLanguage\":\"tr\",\"@id\":\"https:\/\/junctionbot.io\/#\/schema\/logo\/image\/\",\"url\":\"\/wp-content\/uploads\/2020\/06\/junc_logo-400.jpg\",\"contentUrl\":\"\/wp-content\/uploads\/2020\/06\/junc_logo-400.jpg\",\"width\":400,\"height\":400,\"caption\":\"Junction Bot\"},\"image\":{\"@id\":\"https:\/\/junctionbot.io\/#\/schema\/logo\/image\/\"}}]}<\/script>\n<!-- \/ Yoast SEO plugin. -->","yoast_head_json":{"title":"Junction Bot - Telegram kanal\u0131n\u0131 ilet","description":"Farkl\u0131 kaynaklardan gelen Telegram mesajlar\u0131n\u0131 otomatik olarak Telegram kanal\u0131n\u0131za veya grubunuza kopyalamak veya iletmek i\u00e7in Junction Bot'u kullan\u0131n.","robots":{"index":"index","follow":"follow","max-snippet":"max-snippet:-1","max-image-preview":"max-image-preview:large","max-video-preview":"max-video-preview:-1"},"canonical":"https:\/\/old.junctionbot.io\/tr\/telegram-kanalini-ilet\/","og_locale":"tr_TR","og_type":"article","og_title":"Junction Bot - Telegram kanal\u0131n\u0131 ilet","og_description":"Farkl\u0131 kaynaklardan gelen Telegram mesajlar\u0131n\u0131 otomatik olarak Telegram kanal\u0131n\u0131za veya grubunuza kopyalamak veya iletmek i\u00e7in Junction Bot'u kullan\u0131n.","og_url":"https:\/\/old.junctionbot.io\/tr\/telegram-kanalini-ilet\/","og_site_name":"Junction Bot","article_modified_time":"2023-12-01T09:15:15+00:00","twitter_card":"summary_large_image","twitter_misc":{"Tahmini okuma s\u00fcresi":"2 dakika"},"schema":{"@context":"https:\/\/schema.org","@graph":[{"@type":"WebPage","@id":"https:\/\/old.junctionbot.io\/tr\/telegram-kanalini-ilet\/","url":"https:\/\/old.junctionbot.io\/tr\/telegram-kanalini-ilet\/","name":"Junction Bot - Telegram kanal\u0131n\u0131 ilet","isPartOf":{"@id":"https:\/\/junctionbot.io\/#website"},"datePublished":"2022-08-14T09:12:00+00:00","dateModified":"2023-12-01T09:15:15+00:00","description":"Farkl\u0131 kaynaklardan gelen Telegram mesajlar\u0131n\u0131 otomatik olarak Telegram kanal\u0131n\u0131za veya grubunuza kopyalamak veya iletmek i\u00e7in Junction Bot'u kullan\u0131n.","breadcrumb":{"@id":"https:\/\/old.junctionbot.io\/tr\/telegram-kanalini-ilet\/#breadcrumb"},"inLanguage":"tr","potentialAction":[{"@type":"ReadAction","target":["https:\/\/old.junctionbot.io\/tr\/telegram-kanalini-ilet\/"]}]},{"@type":"BreadcrumbList","@id":"https:\/\/old.junctionbot.io\/tr\/telegram-kanalini-ilet\/#breadcrumb","itemListElement":[{"@type":"ListItem","position":1,"name":"Home","item":"https:\/\/junctionbot.io\/tr\/"},{"@type":"ListItem","position":2,"name":"Telegram kanal\u0131n\u0131 ilet"}]},{"@type":"WebSite","@id":"https:\/\/junctionbot.io\/#website","url":"https:\/\/junctionbot.io\/","name":"Junction Bot","description":"Otomatik Kopyala \u0130leri D\u00f6n\u00fc\u015ft\u00fcr ve Telegram Kanal Gruplar\u0131n\u0131 ve Botlar\u0131n\u0131 \u00c7evir","publisher":{"@id":"https:\/\/junctionbot.io\/#organization"},"potentialAction":[{"@type":"SearchAction","target":{"@type":"EntryPoint","urlTemplate":"https:\/\/junctionbot.io\/?s={search_term_string}"},"query-input":{"@type":"PropertyValueSpecification","valueRequired":true,"valueName":"search_term_string"}}],"inLanguage":"tr"},{"@type":"Organization","@id":"https:\/\/junctionbot.io\/#organization","name":"Junction Bot","url":"https:\/\/junctionbot.io\/","logo":{"@type":"ImageObject","inLanguage":"tr","@id":"https:\/\/junctionbot.io\/#\/schema\/logo\/image\/","url":"\/wp-content\/uploads\/2020\/06\/junc_logo-400.jpg","contentUrl":"\/wp-content\/uploads\/2020\/06\/junc_logo-400.jpg","width":400,"height":400,"caption":"Junction Bot"},"image":{"@id":"https:\/\/junctionbot.io\/#\/schema\/logo\/image\/"}}]}},"_links":{"self":[{"href":"https:\/\/old.junctionbot.io\/tr\/wp-json\/wp\/v2\/pages\/3971","targetHints":{"allow":["GET"]}}],"collection":[{"href":"https:\/\/old.junctionbot.io\/tr\/wp-json\/wp\/v2\/pages"}],"about":[{"href":"https:\/\/old.junctionbot.io\/tr\/wp-json\/wp\/v2\/types\/page"}],"author":[{"embeddable":true,"href":"https:\/\/old.junctionbot.io\/tr\/wp-json\/wp\/v2\/users\/2"}],"replies":[{"embeddable":true,"href":"https:\/\/old.junctionbot.io\/tr\/wp-json\/wp\/v2\/comments?post=3971"}],"version-history":[{"count":1,"href":"https:\/\/old.junctionbot.io\/tr\/wp-json\/wp\/v2\/pages\/3971\/revisions"}],"predecessor-version":[{"id":3979,"href":"https:\/\/old.junctionbot.io\/tr\/wp-json\/wp\/v2\/pages\/3971\/revisions\/3979"}],"wp:attachment":[{"href":"https:\/\/old.junctionbot.io\/tr\/wp-json\/wp\/v2\/media?parent=3971"}],"curies":[{"name":"wp","href":"https:\/\/api.w.org\/{rel}","templated":true}]}}