{"id":3972,"date":"2020-04-21T20:50:24","date_gmt":"2020-04-21T18:50:24","guid":{"rendered":"https:\/\/docs.junction.space\/icerik\/"},"modified":"2023-12-01T11:15:15","modified_gmt":"2023-12-01T09:15:15","slug":"icerik","status":"publish","type":"page","link":"https:\/\/old.junctionbot.io\/tr\/icerik\/","title":{"rendered":"\u0130\u00e7erik"},"content":{"rendered":"\n<h2 class=\"wp-block-heading\"><span class=\"ez-toc-section\" id=\"Icerik\"><\/span>\u0130\u00e7erik<span class=\"ez-toc-section-end\"><\/span><\/h2>\n\n<p>Bu ayarlarla <strong>medya ba\u015fl\u0131klar\u0131n\u0131n<\/strong> g\u00f6r\u00fcn\u00fcm\u00fcn\u00fc, <strong>yazar adlar\u0131n\u0131<\/strong> de\u011fi\u015ftirebilir ve <strong>mesajlar\u0131n uzunlu\u011funu ayarlayabilirsiniz<\/strong>.<\/p>\n\n<h3 class=\"wp-block-heading\"><span class=\"ez-toc-section\" id=\"Basliklar\"><\/span>Ba\u015fl\u0131klar<span class=\"ez-toc-section-end\"><\/span><\/h3>\n\n<pre class=\"wp-block-preformatted\">Nerede o?\n<strong>Men\u00fc \u2192 Y\u00f6nlendirme ayarlar\u0131 \u2192 Kaynak ve hedef se\u00e7 \u2192 Altyaz\u0131<\/strong><\/pre>\n\n<p>Bir medyay\u0131 (resim, video vb.) ve ba\u015fl\u0131\u011f\u0131n\u0131 almak \/ iletmek istedi\u011finiz yolu se\u00e7ebilirsiniz.<\/p>\n\n<details class=\"wp-block-mamaduka-toggles wp-block-toggles\"><summary>\u23f5Commands<\/summary><div class=\"wp-block-toggles__content\">\n<pre class=\"wp-block-preformatted\"><span class=\"cool-title\">\/setting caption<\/span> + a\u015fa\u011f\u0131daki se\u00e7eneklerden biri:\n\n<span class=\"cool-title\">ayr\u0131<\/span> - bir resim ve resim yaz\u0131s\u0131 iki ayr\u0131 mesaj olarak gelecektir\nEx.  <code>\/setting caption separate<\/code>\n\n<span class=\"cool-title\">caption_name<\/span> - resim ve altyaz\u0131, kanal\u0131n ad\u0131 ve orijinal kanala ba\u011flant\u0131 i\u00e7eren 1 mesaj olarak gelecektir (l\u00fctfen uzunlu\u011fun a\u015f\u0131lmas\u0131 durumunda altyaz\u0131n\u0131n g\u00f6vdesinin kesilece\u011fini unutmay\u0131n).\nEx.  <code>\/setting caption caption_name<\/code>\n\n<span class=\"cool-title\">text_only<\/span> - hi\u00e7bir medya g\u00f6nderilmeyecek, sadece ba\u015fl\u0131\u011f\u0131 g\u00f6nderilecektir.\nEx.  <code>\/setting caption text_only<\/code><\/pre>\n\n\n\n<p>Bu ayar\u0131 men\u00fcden yapabilece\u011finiz gibi komutlar\u0131 da kullanabilirsiniz. Komutlar\u0131 kullan\u0131yorsan\u0131z, bu ayar\u0131 yaln\u0131zca bir kanala uygulamak i\u00e7in <code>\/setting<\/code> komutunu <code>\/settingchannel <a href=\"\/tr\/ayarlar-ve-ozellikler\/#Referencing_a_source_channel\">source_channel_reference<\/a><\/code> ile de\u011fi\u015ftirin<a href=\"\/tr\/ayarlar-ve-ozellikler\/#Applying_settings_to_one_or_all_channels\">(devam\u0131n\u0131 okuyun<\/a>).<\/p>\n<\/div><\/details>\n\n<h3 class=\"wp-block-heading\"><span class=\"ez-toc-section\" id=\"Yazar\"><\/span>Yazar<span class=\"ez-toc-section-end\"><\/span><\/h3>\n\n<pre class=\"wp-block-preformatted\">Nerede o?\n<strong>Men\u00fc \u2192 Y\u00f6nlendirme ayarlar\u0131 \u2192 Kaynak ve hedef se\u00e7 \u2192 Yazar<\/strong><\/pre>\n\n<p>Bu ayar yaln\u0131zca yazar\u0131n ad\u0131n\u0131 zaten i\u00e7eren mesajlar i\u00e7in ge\u00e7erlidir. Bir mesaj\u0131n yazar\u0131n\u0131n ad\u0131n\u0131n nas\u0131l g\u00f6r\u00fcnt\u00fclenece\u011fini se\u00e7ebilirsiniz.<\/p>\n\n<p>Yaln\u0131zca belirli bir kullan\u0131c\u0131dan mesaj almak istiyorsan\u0131z, bu ayar\u0131 etkinle\u015ftirin ve \/filter komutuyla kullan\u0131c\u0131n\u0131n ad\u0131 i\u00e7in bir filtre olu\u015fturun.<\/p>\n\n<p>L\u00fctfen botun, mesajda mevcut de\u011filse yazar hakk\u0131ndaki bilgileri sihirli bir \u015fekilde bulamayaca\u011f\u0131na dikkat edin. Dolay\u0131s\u0131yla, Telegram istemcinizdeki mesajda bu bilgiyi g\u00f6rmezseniz, bu ayar\u0131n herhangi bir etkisi olmayacakt\u0131r.<\/p>\n\n<details class=\"wp-block-mamaduka-toggles wp-block-toggles\"><summary>\u23f5Commands<\/summary><div class=\"wp-block-toggles__content\">\n<pre class=\"wp-block-preformatted\"><span class=\"cool-title\">\/setting author<\/span> + a\u015fa\u011f\u0131daki se\u00e7eneklerden biri:\n\n<span class=\"cool-title\">yok<\/span> - isim yok\nEx.  <code>\/setting author none<\/code>\n\n<span class=\"cool-title\">ad<\/span> - yaln\u0131zca ad ekleyin\nEx.  <code>\/setting author name<\/code>\n\n<span class=\"cool-title\">kullan\u0131c\u0131<\/span> ad\u0131 - yaln\u0131zca @kullan\u0131c\u0131ad\u0131 ekleyin\nEx.  <code>\/setting author username<\/code>\n\n<span class=\"cool-title\">tam<\/span> - ad ve @kullan\u0131c\u0131ad\u0131 ekleyin\nEx.  <code>\/setting author full<\/code><\/pre>\n\n\n\n<p>Bu ayar\u0131 men\u00fcden yapabilece\u011finiz gibi komutlar\u0131 da kullanabilirsiniz. Komutlar\u0131 kullan\u0131yorsan\u0131z, bu ayar\u0131 yaln\u0131zca bir kanala uygulamak i\u00e7in <code>\/setting<\/code> komutunu <code>\/settingchannel <a href=\"\/tr\/ayarlar-ve-ozellikler\/#Referencing_a_source_channel\">source_channel_reference<\/a><\/code> ile de\u011fi\u015ftirin<a href=\"\/tr\/ayarlar-ve-ozellikler\/#Applying_settings_to_one_or_all_channels\">(devam\u0131n\u0131 okuyun<\/a>).<\/p>\n<\/div><\/details>\n\n<h3 class=\"wp-block-heading\"><span class=\"ez-toc-section\" id=\"Uzun_mesajlari_kisaltin\"><\/span>Uzun mesajlar\u0131 k\u0131salt\u0131n<span class=\"ez-toc-section-end\"><\/span><\/h3>\n\n<pre class=\"wp-block-preformatted\">Nerede o?\n<strong>Men\u00fc \u2192 Y\u00f6nlendirme ayarlar\u0131 \u2192 Kaynak ve hedef se\u00e7 \u2192 K\u0131sa<\/strong><\/pre>\n\n<p>Uzun mesajlar belirli bir uzunlukta k\u0131salt\u0131lacakt\u0131r. \u00d6nerilen de\u011ferler 150 (twitter benzeri g\u00f6nderiler) ile 1000 (birka\u00e7 paragraf) aras\u0131ndad\u0131r. Bu \u00f6zelli\u011fi devre d\u0131\u015f\u0131 b\u0131rakmak i\u00e7in bu de\u011feri 0 olarak ayarlay\u0131n.<\/p>\n\n<details class=\"wp-block-mamaduka-toggles wp-block-toggles\"><summary>\u23f5Commands<\/summary><div class=\"wp-block-toggles__content\">\n<pre class=\"wp-block-preformatted\"><span class=\"cool-title\">\/ayar<\/span> \u00f6zeti + sembol say\u0131s\u0131\n\n<span class=\"cool-title\">0<\/span> - devre d\u0131\u015f\u0131\nEx.  <code>\/setting brief 0<\/code>\n\n<span class=\"cool-title\">[number]<\/span>  g\u00f6sterilecek karakter say\u0131s\u0131\nEx.  <code>\/setting brief 140<\/code>\nEx.  <code>\/setting brief 1000<\/code><\/pre>\n\n\n\n<p>Bu ayar\u0131 men\u00fcden yapabilece\u011finiz gibi komutlar\u0131 da kullanabilirsiniz. Komutlar\u0131 kullan\u0131yorsan\u0131z, bu ayar\u0131 yaln\u0131zca bir kanala uygulamak i\u00e7in <code>\/setting<\/code> komutunu <code>\/settingchannel <a href=\"\/tr\/ayarlar-ve-ozellikler\/#Referencing_a_source_channel\">source_channel_reference<\/a><\/code> ile de\u011fi\u015ftirin<a href=\"\/tr\/ayarlar-ve-ozellikler\/#Applying_settings_to_one_or_all_channels\">(devam\u0131n\u0131 okuyun<\/a>).<\/p>\n<\/div><\/details>\n\n<h3 class=\"wp-block-heading\"><span class=\"ez-toc-section\" id=\"Hikayeler\"><\/span>Hikayeler<span class=\"ez-toc-section-end\"><\/span><\/h3>\n\n<pre class=\"wp-block-preformatted\">Nerede o?\n<strong>Men\u00fc \u2192 Y\u00f6nlendirme ayarlar\u0131 \u2192 Kaynak ve hedef se\u00e7 \u2192 Hikayeler<\/strong><\/pre>\n\n<p>Hikayeleri almak istedi\u011finiz yolu se\u00e7ebilirsiniz.<\/p>\n\n<p>\u015eu anda Hikayeler yaln\u0131zca Do\u011frudan Ba\u011flant\u0131larda desteklenmektedir.<\/p>\n\n<details class=\"wp-block-mamaduka-toggles wp-block-toggles\"><summary>\u23f5Commands<\/summary><div class=\"wp-block-toggles__content\">\n<pre class=\"wp-block-preformatted\"><span class=\"cool-title\">\/setting story<\/span> + a\u015fa\u011f\u0131daki se\u00e7eneklerden biri:\n\n<span class=\"cool-title\">mesaj<\/span> - hikayeler mesaj olarak gelecek\nEx.  <code>\/setting story message<\/code>\n\n<span class=\"cool-title\">ignore<\/span> - hikayeler g\u00f6z ard\u0131 edilecek\nEx.  <code>\/setting story text_only<\/code><\/pre>\n\n\n\n<p>Bu ayar\u0131 men\u00fcden yapabilece\u011finiz gibi komutlar\u0131 da kullanabilirsiniz. Komutlar\u0131 kullan\u0131yorsan\u0131z, bu ayar\u0131 yaln\u0131zca bir kanala uygulamak i\u00e7in <code>\/setting<\/code> komutunu <code>\/settingchannel <a href=\"\/tr\/ayarlar-ve-ozellikler\/#Referencing_a_source_channel\">source_channel_reference<\/a><\/code> ile de\u011fi\u015ftirin<a href=\"\/tr\/ayarlar-ve-ozellikler\/#Applying_settings_to_one_or_all_channels\">(devam\u0131n\u0131 okuyun<\/a>).<\/p>\n<\/div><\/details>\n","protected":false},"excerpt":{"rendered":"<p>\u0130\u00e7erik Bu ayarlarla medya ba\u015fl\u0131klar\u0131n\u0131n g\u00f6r\u00fcn\u00fcm\u00fcn\u00fc, yazar adlar\u0131n\u0131 de\u011fi\u015ftirebilir ve mesajlar\u0131n uzunlu\u011funu ayarlayabilirsiniz. Ba\u015fl\u0131klar Nerede o? Men\u00fc \u2192 Y\u00f6nlendirme ayarlar\u0131 \u2192 Kaynak ve hedef se\u00e7 \u2192 Altyaz\u0131 Bir medyay\u0131 (resim, video vb.) ve ba\u015fl\u0131\u011f\u0131n\u0131 almak \/ iletmek istedi\u011finiz yolu se\u00e7ebilirsiniz. Yazar Nerede o? Men\u00fc \u2192 Y\u00f6nlendirme ayarlar\u0131 \u2192 Kaynak ve hedef se\u00e7 \u2192 Yazar Bu [&hellip;]<\/p>\n","protected":false},"author":1,"featured_media":0,"parent":0,"menu_order":0,"comment_status":"closed","ping_status":"closed","template":"","meta":{"nf_dc_page":"","_monsterinsights_skip_tracking":false,"_monsterinsights_sitenote_active":false,"_monsterinsights_sitenote_note":"","_monsterinsights_sitenote_category":0,"ocean_post_layout":"","ocean_both_sidebars_style":"","ocean_both_sidebars_content_width":0,"ocean_both_sidebars_sidebars_width":0,"ocean_sidebar":"0","ocean_second_sidebar":"0","ocean_disable_margins":"enable","ocean_add_body_class":"","ocean_shortcode_before_top_bar":"","ocean_shortcode_after_top_bar":"","ocean_shortcode_before_header":"","ocean_shortcode_after_header":"","ocean_has_shortcode":"","ocean_shortcode_after_title":"","ocean_shortcode_before_footer_widgets":"","ocean_shortcode_after_footer_widgets":"","ocean_shortcode_before_footer_bottom":"","ocean_shortcode_after_footer_bottom":"","ocean_display_top_bar":"default","ocean_display_header":"default","ocean_header_style":"","ocean_center_header_left_menu":"0","ocean_custom_header_template":"0","ocean_custom_logo":0,"ocean_custom_retina_logo":0,"ocean_custom_logo_max_width":0,"ocean_custom_logo_tablet_max_width":0,"ocean_custom_logo_mobile_max_width":0,"ocean_custom_logo_max_height":0,"ocean_custom_logo_tablet_max_height":0,"ocean_custom_logo_mobile_max_height":0,"ocean_header_custom_menu":"0","ocean_menu_typo_font_family":"0","ocean_menu_typo_font_subset":"","ocean_menu_typo_font_size":0,"ocean_menu_typo_font_size_tablet":0,"ocean_menu_typo_font_size_mobile":0,"ocean_menu_typo_font_size_unit":"px","ocean_menu_typo_font_weight":"","ocean_menu_typo_font_weight_tablet":"","ocean_menu_typo_font_weight_mobile":"","ocean_menu_typo_transform":"","ocean_menu_typo_transform_tablet":"","ocean_menu_typo_transform_mobile":"","ocean_menu_typo_line_height":0,"ocean_menu_typo_line_height_tablet":0,"ocean_menu_typo_line_height_mobile":0,"ocean_menu_typo_line_height_unit":"","ocean_menu_typo_spacing":0,"ocean_menu_typo_spacing_tablet":0,"ocean_menu_typo_spacing_mobile":0,"ocean_menu_typo_spacing_unit":"","ocean_menu_link_color":"","ocean_menu_link_color_hover":"","ocean_menu_link_color_active":"","ocean_menu_link_background":"","ocean_menu_link_hover_background":"","ocean_menu_link_active_background":"","ocean_menu_social_links_bg":"","ocean_menu_social_hover_links_bg":"","ocean_menu_social_links_color":"","ocean_menu_social_hover_links_color":"","ocean_disable_title":"default","ocean_disable_heading":"default","ocean_post_title":"","ocean_post_subheading":"","ocean_post_title_style":"","ocean_post_title_background_color":"","ocean_post_title_background":0,"ocean_post_title_bg_image_position":"","ocean_post_title_bg_image_attachment":"","ocean_post_title_bg_image_repeat":"","ocean_post_title_bg_image_size":"","ocean_post_title_height":0,"ocean_post_title_bg_overlay":0.5,"ocean_post_title_bg_overlay_color":"","ocean_disable_breadcrumbs":"default","ocean_breadcrumbs_color":"","ocean_breadcrumbs_separator_color":"","ocean_breadcrumbs_links_color":"","ocean_breadcrumbs_links_hover_color":"","ocean_display_footer_widgets":"default","ocean_display_footer_bottom":"default","ocean_custom_footer_template":"0","footnotes":""},"class_list":["post-3972","page","type-page","status-publish","hentry","entry"],"yoast_head":"<!-- This site is optimized with the Yoast SEO plugin v26.9 - https:\/\/yoast.com\/product\/yoast-seo-wordpress\/ -->\n<title>Junction Bot - \u0130\u00e7erik<\/title>\n<meta name=\"robots\" content=\"index, follow, max-snippet:-1, max-image-preview:large, max-video-preview:-1\" \/>\n<link rel=\"canonical\" href=\"https:\/\/old.junctionbot.io\/tr\/icerik\/\" \/>\n<meta property=\"og:locale\" content=\"tr_TR\" \/>\n<meta property=\"og:type\" content=\"article\" \/>\n<meta property=\"og:title\" content=\"Junction Bot - \u0130\u00e7erik\" \/>\n<meta property=\"og:description\" content=\"\u0130\u00e7erik Bu ayarlarla medya ba\u015fl\u0131klar\u0131n\u0131n g\u00f6r\u00fcn\u00fcm\u00fcn\u00fc, yazar adlar\u0131n\u0131 de\u011fi\u015ftirebilir ve mesajlar\u0131n uzunlu\u011funu ayarlayabilirsiniz. Ba\u015fl\u0131klar Nerede o? Men\u00fc \u2192 Y\u00f6nlendirme ayarlar\u0131 \u2192 Kaynak ve hedef se\u00e7 \u2192 Altyaz\u0131 Bir medyay\u0131 (resim, video vb.) ve ba\u015fl\u0131\u011f\u0131n\u0131 almak \/ iletmek istedi\u011finiz yolu se\u00e7ebilirsiniz. Yazar Nerede o? Men\u00fc \u2192 Y\u00f6nlendirme ayarlar\u0131 \u2192 Kaynak ve hedef se\u00e7 \u2192 Yazar Bu [&hellip;]\" \/>\n<meta property=\"og:url\" content=\"https:\/\/old.junctionbot.io\/tr\/icerik\/\" \/>\n<meta property=\"og:site_name\" content=\"Junction Bot\" \/>\n<meta property=\"article:modified_time\" content=\"2023-12-01T09:15:15+00:00\" \/>\n<meta name=\"twitter:card\" content=\"summary_large_image\" \/>\n<meta name=\"twitter:label1\" content=\"Tahmini okuma s\u00fcresi\" \/>\n\t<meta name=\"twitter:data1\" content=\"2 dakika\" \/>\n<script type=\"application\/ld+json\" class=\"yoast-schema-graph\">{\"@context\":\"https:\/\/schema.org\",\"@graph\":[{\"@type\":\"WebPage\",\"@id\":\"https:\/\/old.junctionbot.io\/tr\/icerik\/\",\"url\":\"https:\/\/old.junctionbot.io\/tr\/icerik\/\",\"name\":\"Junction Bot - \u0130\u00e7erik\",\"isPartOf\":{\"@id\":\"https:\/\/junctionbot.io\/#website\"},\"datePublished\":\"2020-04-21T18:50:24+00:00\",\"dateModified\":\"2023-12-01T09:15:15+00:00\",\"breadcrumb\":{\"@id\":\"https:\/\/old.junctionbot.io\/tr\/icerik\/#breadcrumb\"},\"inLanguage\":\"tr\",\"potentialAction\":[{\"@type\":\"ReadAction\",\"target\":[\"https:\/\/old.junctionbot.io\/tr\/icerik\/\"]}]},{\"@type\":\"BreadcrumbList\",\"@id\":\"https:\/\/old.junctionbot.io\/tr\/icerik\/#breadcrumb\",\"itemListElement\":[{\"@type\":\"ListItem\",\"position\":1,\"name\":\"Home\",\"item\":\"https:\/\/junctionbot.io\/tr\/\"},{\"@type\":\"ListItem\",\"position\":2,\"name\":\"\u0130\u00e7erik\"}]},{\"@type\":\"WebSite\",\"@id\":\"https:\/\/junctionbot.io\/#website\",\"url\":\"https:\/\/junctionbot.io\/\",\"name\":\"Junction Bot\",\"description\":\"Otomatik Kopyala \u0130leri D\u00f6n\u00fc\u015ft\u00fcr ve Telegram Kanal Gruplar\u0131n\u0131 ve Botlar\u0131n\u0131 \u00c7evir\",\"publisher\":{\"@id\":\"https:\/\/junctionbot.io\/#organization\"},\"potentialAction\":[{\"@type\":\"SearchAction\",\"target\":{\"@type\":\"EntryPoint\",\"urlTemplate\":\"https:\/\/junctionbot.io\/?s={search_term_string}\"},\"query-input\":{\"@type\":\"PropertyValueSpecification\",\"valueRequired\":true,\"valueName\":\"search_term_string\"}}],\"inLanguage\":\"tr\"},{\"@type\":\"Organization\",\"@id\":\"https:\/\/junctionbot.io\/#organization\",\"name\":\"Junction Bot\",\"url\":\"https:\/\/junctionbot.io\/\",\"logo\":{\"@type\":\"ImageObject\",\"inLanguage\":\"tr\",\"@id\":\"https:\/\/junctionbot.io\/#\/schema\/logo\/image\/\",\"url\":\"\/wp-content\/uploads\/2020\/06\/junc_logo-400.jpg\",\"contentUrl\":\"\/wp-content\/uploads\/2020\/06\/junc_logo-400.jpg\",\"width\":400,\"height\":400,\"caption\":\"Junction Bot\"},\"image\":{\"@id\":\"https:\/\/junctionbot.io\/#\/schema\/logo\/image\/\"}}]}<\/script>\n<!-- \/ Yoast SEO plugin. -->","yoast_head_json":{"title":"Junction Bot - \u0130\u00e7erik","robots":{"index":"index","follow":"follow","max-snippet":"max-snippet:-1","max-image-preview":"max-image-preview:large","max-video-preview":"max-video-preview:-1"},"canonical":"https:\/\/old.junctionbot.io\/tr\/icerik\/","og_locale":"tr_TR","og_type":"article","og_title":"Junction Bot - \u0130\u00e7erik","og_description":"\u0130\u00e7erik Bu ayarlarla medya ba\u015fl\u0131klar\u0131n\u0131n g\u00f6r\u00fcn\u00fcm\u00fcn\u00fc, yazar adlar\u0131n\u0131 de\u011fi\u015ftirebilir ve mesajlar\u0131n uzunlu\u011funu ayarlayabilirsiniz. Ba\u015fl\u0131klar Nerede o? Men\u00fc \u2192 Y\u00f6nlendirme ayarlar\u0131 \u2192 Kaynak ve hedef se\u00e7 \u2192 Altyaz\u0131 Bir medyay\u0131 (resim, video vb.) ve ba\u015fl\u0131\u011f\u0131n\u0131 almak \/ iletmek istedi\u011finiz yolu se\u00e7ebilirsiniz. Yazar Nerede o? Men\u00fc \u2192 Y\u00f6nlendirme ayarlar\u0131 \u2192 Kaynak ve hedef se\u00e7 \u2192 Yazar Bu [&hellip;]","og_url":"https:\/\/old.junctionbot.io\/tr\/icerik\/","og_site_name":"Junction Bot","article_modified_time":"2023-12-01T09:15:15+00:00","twitter_card":"summary_large_image","twitter_misc":{"Tahmini okuma s\u00fcresi":"2 dakika"},"schema":{"@context":"https:\/\/schema.org","@graph":[{"@type":"WebPage","@id":"https:\/\/old.junctionbot.io\/tr\/icerik\/","url":"https:\/\/old.junctionbot.io\/tr\/icerik\/","name":"Junction Bot - \u0130\u00e7erik","isPartOf":{"@id":"https:\/\/junctionbot.io\/#website"},"datePublished":"2020-04-21T18:50:24+00:00","dateModified":"2023-12-01T09:15:15+00:00","breadcrumb":{"@id":"https:\/\/old.junctionbot.io\/tr\/icerik\/#breadcrumb"},"inLanguage":"tr","potentialAction":[{"@type":"ReadAction","target":["https:\/\/old.junctionbot.io\/tr\/icerik\/"]}]},{"@type":"BreadcrumbList","@id":"https:\/\/old.junctionbot.io\/tr\/icerik\/#breadcrumb","itemListElement":[{"@type":"ListItem","position":1,"name":"Home","item":"https:\/\/junctionbot.io\/tr\/"},{"@type":"ListItem","position":2,"name":"\u0130\u00e7erik"}]},{"@type":"WebSite","@id":"https:\/\/junctionbot.io\/#website","url":"https:\/\/junctionbot.io\/","name":"Junction Bot","description":"Otomatik Kopyala \u0130leri D\u00f6n\u00fc\u015ft\u00fcr ve Telegram Kanal Gruplar\u0131n\u0131 ve Botlar\u0131n\u0131 \u00c7evir","publisher":{"@id":"https:\/\/junctionbot.io\/#organization"},"potentialAction":[{"@type":"SearchAction","target":{"@type":"EntryPoint","urlTemplate":"https:\/\/junctionbot.io\/?s={search_term_string}"},"query-input":{"@type":"PropertyValueSpecification","valueRequired":true,"valueName":"search_term_string"}}],"inLanguage":"tr"},{"@type":"Organization","@id":"https:\/\/junctionbot.io\/#organization","name":"Junction Bot","url":"https:\/\/junctionbot.io\/","logo":{"@type":"ImageObject","inLanguage":"tr","@id":"https:\/\/junctionbot.io\/#\/schema\/logo\/image\/","url":"\/wp-content\/uploads\/2020\/06\/junc_logo-400.jpg","contentUrl":"\/wp-content\/uploads\/2020\/06\/junc_logo-400.jpg","width":400,"height":400,"caption":"Junction Bot"},"image":{"@id":"https:\/\/junctionbot.io\/#\/schema\/logo\/image\/"}}]}},"_links":{"self":[{"href":"https:\/\/old.junctionbot.io\/tr\/wp-json\/wp\/v2\/pages\/3972","targetHints":{"allow":["GET"]}}],"collection":[{"href":"https:\/\/old.junctionbot.io\/tr\/wp-json\/wp\/v2\/pages"}],"about":[{"href":"https:\/\/old.junctionbot.io\/tr\/wp-json\/wp\/v2\/types\/page"}],"author":[{"embeddable":true,"href":"https:\/\/old.junctionbot.io\/tr\/wp-json\/wp\/v2\/users\/1"}],"replies":[{"embeddable":true,"href":"https:\/\/old.junctionbot.io\/tr\/wp-json\/wp\/v2\/comments?post=3972"}],"version-history":[{"count":1,"href":"https:\/\/old.junctionbot.io\/tr\/wp-json\/wp\/v2\/pages\/3972\/revisions"}],"predecessor-version":[{"id":3978,"href":"https:\/\/old.junctionbot.io\/tr\/wp-json\/wp\/v2\/pages\/3972\/revisions\/3978"}],"wp:attachment":[{"href":"https:\/\/old.junctionbot.io\/tr\/wp-json\/wp\/v2\/media?parent=3972"}],"curies":[{"name":"wp","href":"https:\/\/api.w.org\/{rel}","templated":true}]}}