{"id":3973,"date":"2020-04-16T16:26:13","date_gmt":"2020-04-16T14:26:13","guid":{"rendered":"https:\/\/docs.junction.space\/baslarken\/"},"modified":"2023-12-01T11:15:18","modified_gmt":"2023-12-01T09:15:18","slug":"baslarken","status":"publish","type":"page","link":"https:\/\/old.junctionbot.io\/tr\/baslarken\/","title":{"rendered":"Ba\u015flarken"},"content":{"rendered":"\n<h2 class=\"wp-block-heading\"><span class=\"ez-toc-section\" id=\"Baslarken\"><\/span>Ba\u015flarken<span class=\"ez-toc-section-end\"><\/span><\/h2>\n\n<p><a href=\"https:\/\/t.me\/junction_bot\">Junction bot<\/a>, Telegram kanallar\u0131n\u0131 tek bir ak\u0131\u015fta okumak i\u00e7in bir bottur. Ayr\u0131ca, kanallar, gruplar veya botlar gibi kaynaklardan gelen mesajlar\u0131 di\u011fer kaynaklara iletenler i\u00e7in birden fazla \u00f6zelli\u011fe sahiptir.<\/p>\n\n<h3 class=\"wp-block-heading\"><span class=\"ez-toc-section\" id=\"Bir_bakista_Bu_Telegram_botu_ne_yapabilir\"><\/span>Bir bak\u0131\u015fta: Bu Telegram botu ne yapabilir?  <span class=\"ez-toc-section-end\"><\/span><\/h3>\n\n<p>A\u015fa\u011f\u0131daki \u00f6zellikler mevcuttur:<\/p>\n\n<p>1. <span class=\"cool-title\">\n  <a href=\"\/subscriptions\/\">Abonelik<\/a>\n<\/span> &#8211; JunctionBot ile \u00f6zel veya genel bir sohbette birka\u00e7 kanaldan gelen yeni mesajlar\u0131 tek bir ak\u0131\u015fta okuyun.<\/p>\n\n<p>2. <span class=\"cool-title\">\n  <a href=\"\/forwarding\/\">Y\u00f6nlendirme<\/a>\n<\/span> &#8211; Kanallardan, gruplardan, kullan\u0131c\u0131lardan ve botlardan gelen yeni mesajlar\u0131n kanal\u0131n\u0131za veya grubunuza kopyalanmas\u0131.<\/p>\n\n<p>3. <span class=\"cool-title\">\n  <a href=\"\/filtering\/\">Filtreleme<\/a>\n<\/span> &#8211; Hangi mesajlar\u0131n kopyalanmas\u0131 veya yok say\u0131lmas\u0131 gerekti\u011fini tan\u0131mlamak i\u00e7in kurallar olu\u015fturun. Her n&#8217;inci mesaj\u0131n ve kopyalar\u0131n filtrelenmesi dahil.<\/p>\n\n<p>4. <span class=\"cool-title\">\n  <a href=\"\/replace\/\">Modifikasyon ve De\u011fi\u015ftirme<\/a>\n<\/span> &#8211; Mesaj g\u00f6vdesindeki bir metni ba\u015fka bir metinle de\u011fi\u015ftirmek i\u00e7in kurallar olu\u015fturabilir, ba\u011flant\u0131lar\u0131n ve ba\u015fl\u0131klar\u0131n g\u00f6r\u00fcn\u00fcm\u00fcn\u00fc de\u011fi\u015ftirebilirsiniz.<\/p>\n\n<p>5. Esnek <span class=\"cool-title\">\n  <a href=\"\/settings-and-features\/\">ayarlar<\/a>\n<\/span>. <a href=\"\/tr\/icerik\/\">Stil olu\u015fturma<\/a>, <a href=\"\/buttons\/\">d\u00fc\u011fme<\/a> ekleme ve <a href=\"\/miscellaneous\/\">daha fazlas\u0131<\/a> dahil.  <\/p>\n\n<p class=\"has-text-align-left\">???????? Sonraki: <a href=\"\/choosing-the-right-account-type\/\">Do\u011fru hesap t\u00fcr\u00fcn\u00fc se\u00e7me<\/a>.<\/p>\n","protected":false},"excerpt":{"rendered":"<p>Ba\u015flarken Junction bot, Telegram kanallar\u0131n\u0131 tek bir ak\u0131\u015fta okumak i\u00e7in bir bottur. Ayr\u0131ca, kanallar, gruplar veya botlar gibi kaynaklardan gelen mesajlar\u0131 di\u011fer kaynaklara iletenler i\u00e7in birden fazla \u00f6zelli\u011fe sahiptir. Bir bak\u0131\u015fta: Bu Telegram botu ne yapabilir? A\u015fa\u011f\u0131daki \u00f6zellikler mevcuttur: 1. Abonelik &#8211; JunctionBot ile \u00f6zel veya genel bir sohbette birka\u00e7 kanaldan gelen yeni mesajlar\u0131 tek [&hellip;]<\/p>\n","protected":false},"author":1,"featured_media":0,"parent":0,"menu_order":0,"comment_status":"closed","ping_status":"closed","template":"","meta":{"nf_dc_page":"","_monsterinsights_skip_tracking":false,"_monsterinsights_sitenote_active":false,"_monsterinsights_sitenote_note":"","_monsterinsights_sitenote_category":0,"ocean_post_layout":"","ocean_both_sidebars_style":"","ocean_both_sidebars_content_width":0,"ocean_both_sidebars_sidebars_width":0,"ocean_sidebar":"0","ocean_second_sidebar":"0","ocean_disable_margins":"enable","ocean_add_body_class":"","ocean_shortcode_before_top_bar":"","ocean_shortcode_after_top_bar":"","ocean_shortcode_before_header":"","ocean_shortcode_after_header":"","ocean_has_shortcode":"","ocean_shortcode_after_title":"","ocean_shortcode_before_footer_widgets":"","ocean_shortcode_after_footer_widgets":"","ocean_shortcode_before_footer_bottom":"","ocean_shortcode_after_footer_bottom":"","ocean_display_top_bar":"default","ocean_display_header":"default","ocean_header_style":"","ocean_center_header_left_menu":"0","ocean_custom_header_template":"0","ocean_custom_logo":0,"ocean_custom_retina_logo":0,"ocean_custom_logo_max_width":0,"ocean_custom_logo_tablet_max_width":0,"ocean_custom_logo_mobile_max_width":0,"ocean_custom_logo_max_height":0,"ocean_custom_logo_tablet_max_height":0,"ocean_custom_logo_mobile_max_height":0,"ocean_header_custom_menu":"0","ocean_menu_typo_font_family":"0","ocean_menu_typo_font_subset":"","ocean_menu_typo_font_size":0,"ocean_menu_typo_font_size_tablet":0,"ocean_menu_typo_font_size_mobile":0,"ocean_menu_typo_font_size_unit":"px","ocean_menu_typo_font_weight":"","ocean_menu_typo_font_weight_tablet":"","ocean_menu_typo_font_weight_mobile":"","ocean_menu_typo_transform":"","ocean_menu_typo_transform_tablet":"","ocean_menu_typo_transform_mobile":"","ocean_menu_typo_line_height":0,"ocean_menu_typo_line_height_tablet":0,"ocean_menu_typo_line_height_mobile":0,"ocean_menu_typo_line_height_unit":"","ocean_menu_typo_spacing":0,"ocean_menu_typo_spacing_tablet":0,"ocean_menu_typo_spacing_mobile":0,"ocean_menu_typo_spacing_unit":"","ocean_menu_link_color":"","ocean_menu_link_color_hover":"","ocean_menu_link_color_active":"","ocean_menu_link_background":"","ocean_menu_link_hover_background":"","ocean_menu_link_active_background":"","ocean_menu_social_links_bg":"","ocean_menu_social_hover_links_bg":"","ocean_menu_social_links_color":"","ocean_menu_social_hover_links_color":"","ocean_disable_title":"default","ocean_disable_heading":"default","ocean_post_title":"","ocean_post_subheading":"","ocean_post_title_style":"","ocean_post_title_background_color":"","ocean_post_title_background":0,"ocean_post_title_bg_image_position":"","ocean_post_title_bg_image_attachment":"","ocean_post_title_bg_image_repeat":"","ocean_post_title_bg_image_size":"","ocean_post_title_height":0,"ocean_post_title_bg_overlay":0.5,"ocean_post_title_bg_overlay_color":"","ocean_disable_breadcrumbs":"default","ocean_breadcrumbs_color":"","ocean_breadcrumbs_separator_color":"","ocean_breadcrumbs_links_color":"","ocean_breadcrumbs_links_hover_color":"","ocean_display_footer_widgets":"default","ocean_display_footer_bottom":"default","ocean_custom_footer_template":"0","footnotes":""},"class_list":["post-3973","page","type-page","status-publish","hentry","entry"],"yoast_head":"<!-- This site is optimized with the Yoast SEO plugin v26.9 - https:\/\/yoast.com\/product\/yoast-seo-wordpress\/ -->\n<title>Junction Bot - Ba\u015flarken<\/title>\n<meta name=\"robots\" content=\"index, follow, max-snippet:-1, max-image-preview:large, max-video-preview:-1\" \/>\n<link rel=\"canonical\" href=\"https:\/\/old.junctionbot.io\/tr\/baslarken\/\" \/>\n<meta property=\"og:locale\" content=\"tr_TR\" \/>\n<meta property=\"og:type\" content=\"article\" \/>\n<meta property=\"og:title\" content=\"Junction Bot - Ba\u015flarken\" \/>\n<meta property=\"og:description\" content=\"Ba\u015flarken Junction bot, Telegram kanallar\u0131n\u0131 tek bir ak\u0131\u015fta okumak i\u00e7in bir bottur. Ayr\u0131ca, kanallar, gruplar veya botlar gibi kaynaklardan gelen mesajlar\u0131 di\u011fer kaynaklara iletenler i\u00e7in birden fazla \u00f6zelli\u011fe sahiptir. Bir bak\u0131\u015fta: Bu Telegram botu ne yapabilir? A\u015fa\u011f\u0131daki \u00f6zellikler mevcuttur: 1. Abonelik &#8211; JunctionBot ile \u00f6zel veya genel bir sohbette birka\u00e7 kanaldan gelen yeni mesajlar\u0131 tek [&hellip;]\" \/>\n<meta property=\"og:url\" content=\"https:\/\/old.junctionbot.io\/tr\/baslarken\/\" \/>\n<meta property=\"og:site_name\" content=\"Junction Bot\" \/>\n<meta property=\"article:modified_time\" content=\"2023-12-01T09:15:18+00:00\" \/>\n<meta name=\"twitter:card\" content=\"summary_large_image\" \/>\n<meta name=\"twitter:label1\" content=\"Tahmini okuma s\u00fcresi\" \/>\n\t<meta name=\"twitter:data1\" content=\"1 dakika\" \/>\n<script type=\"application\/ld+json\" class=\"yoast-schema-graph\">{\"@context\":\"https:\/\/schema.org\",\"@graph\":[{\"@type\":\"WebPage\",\"@id\":\"https:\/\/old.junctionbot.io\/tr\/baslarken\/\",\"url\":\"https:\/\/old.junctionbot.io\/tr\/baslarken\/\",\"name\":\"Junction Bot - Ba\u015flarken\",\"isPartOf\":{\"@id\":\"https:\/\/junctionbot.io\/#website\"},\"datePublished\":\"2020-04-16T14:26:13+00:00\",\"dateModified\":\"2023-12-01T09:15:18+00:00\",\"breadcrumb\":{\"@id\":\"https:\/\/old.junctionbot.io\/tr\/baslarken\/#breadcrumb\"},\"inLanguage\":\"tr\",\"potentialAction\":[{\"@type\":\"ReadAction\",\"target\":[\"https:\/\/old.junctionbot.io\/tr\/baslarken\/\"]}]},{\"@type\":\"BreadcrumbList\",\"@id\":\"https:\/\/old.junctionbot.io\/tr\/baslarken\/#breadcrumb\",\"itemListElement\":[{\"@type\":\"ListItem\",\"position\":1,\"name\":\"Home\",\"item\":\"https:\/\/junctionbot.io\/tr\/\"},{\"@type\":\"ListItem\",\"position\":2,\"name\":\"Ba\u015flarken\"}]},{\"@type\":\"WebSite\",\"@id\":\"https:\/\/junctionbot.io\/#website\",\"url\":\"https:\/\/junctionbot.io\/\",\"name\":\"Junction Bot\",\"description\":\"Otomatik Kopyala \u0130leri D\u00f6n\u00fc\u015ft\u00fcr ve Telegram Kanal Gruplar\u0131n\u0131 ve Botlar\u0131n\u0131 \u00c7evir\",\"publisher\":{\"@id\":\"https:\/\/junctionbot.io\/#organization\"},\"potentialAction\":[{\"@type\":\"SearchAction\",\"target\":{\"@type\":\"EntryPoint\",\"urlTemplate\":\"https:\/\/junctionbot.io\/?s={search_term_string}\"},\"query-input\":{\"@type\":\"PropertyValueSpecification\",\"valueRequired\":true,\"valueName\":\"search_term_string\"}}],\"inLanguage\":\"tr\"},{\"@type\":\"Organization\",\"@id\":\"https:\/\/junctionbot.io\/#organization\",\"name\":\"Junction Bot\",\"url\":\"https:\/\/junctionbot.io\/\",\"logo\":{\"@type\":\"ImageObject\",\"inLanguage\":\"tr\",\"@id\":\"https:\/\/junctionbot.io\/#\/schema\/logo\/image\/\",\"url\":\"\/wp-content\/uploads\/2020\/06\/junc_logo-400.jpg\",\"contentUrl\":\"\/wp-content\/uploads\/2020\/06\/junc_logo-400.jpg\",\"width\":400,\"height\":400,\"caption\":\"Junction Bot\"},\"image\":{\"@id\":\"https:\/\/junctionbot.io\/#\/schema\/logo\/image\/\"}}]}<\/script>\n<!-- \/ Yoast SEO plugin. -->","yoast_head_json":{"title":"Junction Bot - Ba\u015flarken","robots":{"index":"index","follow":"follow","max-snippet":"max-snippet:-1","max-image-preview":"max-image-preview:large","max-video-preview":"max-video-preview:-1"},"canonical":"https:\/\/old.junctionbot.io\/tr\/baslarken\/","og_locale":"tr_TR","og_type":"article","og_title":"Junction Bot - Ba\u015flarken","og_description":"Ba\u015flarken Junction bot, Telegram kanallar\u0131n\u0131 tek bir ak\u0131\u015fta okumak i\u00e7in bir bottur. Ayr\u0131ca, kanallar, gruplar veya botlar gibi kaynaklardan gelen mesajlar\u0131 di\u011fer kaynaklara iletenler i\u00e7in birden fazla \u00f6zelli\u011fe sahiptir. Bir bak\u0131\u015fta: Bu Telegram botu ne yapabilir? A\u015fa\u011f\u0131daki \u00f6zellikler mevcuttur: 1. Abonelik &#8211; JunctionBot ile \u00f6zel veya genel bir sohbette birka\u00e7 kanaldan gelen yeni mesajlar\u0131 tek [&hellip;]","og_url":"https:\/\/old.junctionbot.io\/tr\/baslarken\/","og_site_name":"Junction Bot","article_modified_time":"2023-12-01T09:15:18+00:00","twitter_card":"summary_large_image","twitter_misc":{"Tahmini okuma s\u00fcresi":"1 dakika"},"schema":{"@context":"https:\/\/schema.org","@graph":[{"@type":"WebPage","@id":"https:\/\/old.junctionbot.io\/tr\/baslarken\/","url":"https:\/\/old.junctionbot.io\/tr\/baslarken\/","name":"Junction Bot - Ba\u015flarken","isPartOf":{"@id":"https:\/\/junctionbot.io\/#website"},"datePublished":"2020-04-16T14:26:13+00:00","dateModified":"2023-12-01T09:15:18+00:00","breadcrumb":{"@id":"https:\/\/old.junctionbot.io\/tr\/baslarken\/#breadcrumb"},"inLanguage":"tr","potentialAction":[{"@type":"ReadAction","target":["https:\/\/old.junctionbot.io\/tr\/baslarken\/"]}]},{"@type":"BreadcrumbList","@id":"https:\/\/old.junctionbot.io\/tr\/baslarken\/#breadcrumb","itemListElement":[{"@type":"ListItem","position":1,"name":"Home","item":"https:\/\/junctionbot.io\/tr\/"},{"@type":"ListItem","position":2,"name":"Ba\u015flarken"}]},{"@type":"WebSite","@id":"https:\/\/junctionbot.io\/#website","url":"https:\/\/junctionbot.io\/","name":"Junction Bot","description":"Otomatik Kopyala \u0130leri D\u00f6n\u00fc\u015ft\u00fcr ve Telegram Kanal Gruplar\u0131n\u0131 ve Botlar\u0131n\u0131 \u00c7evir","publisher":{"@id":"https:\/\/junctionbot.io\/#organization"},"potentialAction":[{"@type":"SearchAction","target":{"@type":"EntryPoint","urlTemplate":"https:\/\/junctionbot.io\/?s={search_term_string}"},"query-input":{"@type":"PropertyValueSpecification","valueRequired":true,"valueName":"search_term_string"}}],"inLanguage":"tr"},{"@type":"Organization","@id":"https:\/\/junctionbot.io\/#organization","name":"Junction Bot","url":"https:\/\/junctionbot.io\/","logo":{"@type":"ImageObject","inLanguage":"tr","@id":"https:\/\/junctionbot.io\/#\/schema\/logo\/image\/","url":"\/wp-content\/uploads\/2020\/06\/junc_logo-400.jpg","contentUrl":"\/wp-content\/uploads\/2020\/06\/junc_logo-400.jpg","width":400,"height":400,"caption":"Junction Bot"},"image":{"@id":"https:\/\/junctionbot.io\/#\/schema\/logo\/image\/"}}]}},"_links":{"self":[{"href":"https:\/\/old.junctionbot.io\/tr\/wp-json\/wp\/v2\/pages\/3973","targetHints":{"allow":["GET"]}}],"collection":[{"href":"https:\/\/old.junctionbot.io\/tr\/wp-json\/wp\/v2\/pages"}],"about":[{"href":"https:\/\/old.junctionbot.io\/tr\/wp-json\/wp\/v2\/types\/page"}],"author":[{"embeddable":true,"href":"https:\/\/old.junctionbot.io\/tr\/wp-json\/wp\/v2\/users\/1"}],"replies":[{"embeddable":true,"href":"https:\/\/old.junctionbot.io\/tr\/wp-json\/wp\/v2\/comments?post=3973"}],"version-history":[{"count":1,"href":"https:\/\/old.junctionbot.io\/tr\/wp-json\/wp\/v2\/pages\/3973\/revisions"}],"predecessor-version":[{"id":3980,"href":"https:\/\/old.junctionbot.io\/tr\/wp-json\/wp\/v2\/pages\/3973\/revisions\/3980"}],"wp:attachment":[{"href":"https:\/\/old.junctionbot.io\/tr\/wp-json\/wp\/v2\/media?parent=3973"}],"curies":[{"name":"wp","href":"https:\/\/api.w.org\/{rel}","templated":true}]}}