{"id":3985,"date":"2023-11-13T19:47:39","date_gmt":"2023-11-13T17:47:39","guid":{"rendered":"https:\/\/docs.junction.space\/entegrasyonlar\/"},"modified":"2023-12-01T11:15:14","modified_gmt":"2023-12-01T09:15:14","slug":"entegrasyonlar","status":"publish","type":"page","link":"https:\/\/old.junctionbot.io\/tr\/entegrasyonlar\/","title":{"rendered":"Entegrasyonlar"},"content":{"rendered":"\n<h2 class=\"wp-block-heading\" id=\"&#x43F;&#x43B;&#x430;&#x442;&#x435;&#x436;&#x438;\"><span class=\"ez-toc-section\" id=\"Entegrasyonlar\"><\/span>Entegrasyonlar<span class=\"ez-toc-section-end\"><\/span><\/h2>\n\n<p>Bot, i\u015flevselli\u011fini zenginle\u015ftirmek i\u00e7in harici hizmetleri kullanabilir. Ba\u015flatt\u0131\u011f\u0131m\u0131z ilk entegrasyon, Telegram mesajlar\u0131n\u0131 i\u015flemek i\u00e7in OpenAI (ChatGPT ve di\u011fer modeller) kullanma yetene\u011fidir.<\/p>\n\n<h3 class=\"wp-block-heading\" id=\"&#x43F;&#x43E;&#x434;&#x434;&#x435;&#x440;&#x436;&#x438;&#x432;&#x430;&#x435;&#x43C;&#x44B;&#x435;-&#x43F;&#x43B;&#x430;&#x442;&#x435;&#x436;&#x43D;&#x44B;&#x435;-&#x441;&#x438;&#x441;&#x442;&#x435;&#x43C;&#x44B;\"><span class=\"ez-toc-section\" id=\"OpenAI_ile_entegrasyon_%E2%80%93_genel_bilgiler\"><\/span>OpenAI ile entegrasyon &#8211; genel bilgiler<span class=\"ez-toc-section-end\"><\/span><\/h3>\n\n<p>OpenAI API, herhangi bir Telegram kayna\u011f\u0131ndan gelen bir Telegram mesaj\u0131ndan bir metin veya g\u00f6r\u00fcnt\u00fc ile ger\u00e7ekle\u015ftirmek istedi\u011finiz eylemi d\u00fcz bir dille tan\u0131mlaman\u0131za olanak tan\u0131r. Ard\u0131ndan, bot yapay zekaya mesaj\u0131 ve talimatlar\u0131n\u0131z\u0131 g\u00f6nderir ve i\u015flemin sonucunu bir hedefe yay\u0131nlar. Pop\u00fcler kullan\u0131m alanlar\u0131 aras\u0131nda ba\u015fka bir dile \u00e7eviri, uzun metinleri analiz etme ve \u00f6zetleme, ak\u0131ll\u0131 filtreleme, belirli kriterlere g\u00f6re metindeki say\u0131lar\u0131 de\u011fi\u015ftirme, g\u00f6r\u00fcnt\u00fcleri metne \u00e7evirme, g\u00f6r\u00fcnt\u00fcleri analiz etme ve daha fazlas\u0131 yer al\u0131r.<\/p>\n\n<p>OpenAI API entegrasyonunu <strong>Men\u00fc \u2192 Y\u00f6nlendirme ayarlar\u0131 \u2192 Kaynak ve hedef se\u00e7 \u2192 Entegrasyonlar<\/strong> b\u00f6l\u00fcm\u00fcnden etkinle\u015ftirebilirsiniz.<\/p>\n\n<p>OpenAI API \u00fccretli bir \u00fcr\u00fcn oldu\u011fundan, iki \u00f6deme senaryosu sunuyoruz: botta pro-balans\u0131n\u0131zdan veya kendi kendine \u00f6deme. Genel tavsiye \u015fudur: AI ile sadece deneme yapmay\u0131 planl\u0131yorsan\u0131z, pro-balans\u0131n\u0131zdan \u00f6deme yapmak daha kolayd\u0131r. B\u00fcy\u00fck miktarda veriyi i\u015flemek i\u00e7in d\u00fczenli olarak OpenAI kullanmay\u0131 planl\u0131yorsan\u0131z, kendi OpenAI hesab\u0131n\u0131z\u0131 olu\u015fturarak biraz tasarruf edebilirsiniz.<\/p>\n\n<h4 class=\"wp-block-heading\">Pro-balans\u0131n\u0131zdan \u00f6deme yapma<\/h4>\n\n<p>Bu \u00f6deme modu en basit olan\u0131d\u0131r. Varsay\u0131lan olarak kullan\u0131l\u0131r ve sizin herhangi bir ek i\u015flem yapman\u0131z\u0131 gerektirmez. Y\u00f6nlendirme ayarlar\u0131nda OpenAI API entegrasyonunu etkinle\u015ftirmeniz ve gerekli parametreleri ayarlaman\u0131z yeterlidir. API&#8217;nin her ba\u015far\u0131l\u0131 kullan\u0131m\u0131ndan sonra, sonu\u00e7la birlikte OpenAI API belirte\u00e7lerindeki \u00e7a\u011fr\u0131 maliyetini al\u0131r\u0131z ve a\u015fa\u011f\u0131daki oranlara g\u00f6re pro-balans\u0131n\u0131zdan d\u00fc\u015feriz.<\/p>\n\t\n<div class=\"wp-block-inline-spoilers-block\"><div class=\"spoiler-wrap\"><div class=\"spoiler-head collapsed\" title=\"Geni\u015flet\">Farkl\u0131 modeller i\u00e7in jeton fiyatlar\u0131<\/div><div class=\"spoiler-body\" style=\"display:none\"><strong>gpt-4-1106-preview<\/strong> &#8211; 1000 giri\u015f jetonu ba\u015f\u0131na 0,02 EUR, 1000 \u00e7\u0131k\u0131\u015f jetonu ba\u015f\u0131na 0,06 EUR<br><strong>gpt-4<\/strong> &#8211; 1000 girdi jetonu ba\u015f\u0131na 0,06 EUR, 1000 \u00e7\u0131kt\u0131 jetonu ba\u015f\u0131na 0,12 EUR<br><strong>gpt-3.5-turbo<\/strong> &#8211; 1000 giri\u015f jetonu ba\u015f\u0131na 0,002 EUR, 1000 \u00e7\u0131k\u0131\u015f jetonu ba\u015f\u0131na 0,004 EUR<br><br><strong>Minimum bor\u00e7 tutar\u0131 &#8211; 0,01 EUR<\/strong>.<br>\u00d6rne\u011fin, <strong>gpt-4-1106-preview<\/strong> modeliyle 1000 karakterlik bir g\u00f6nderiyi (yakla\u015f\u0131k 500 girdi ve 500 \u00e7\u0131kt\u0131 belirteci) \u00e7evirmek 0,03-0,05 EUR&#8217;ya mal olacakt\u0131r. Ayn\u0131 g\u00f6rev i\u00e7in <strong>gpt-3.5-turbo<\/strong> modelini kullanmak 0,01 EUR&#8217;ya mal olacakt\u0131r.<\/div><noscript><div class=\"spoiler-body\"><strong>gpt-4-1106-preview<\/strong> &#8211; 1000 giri\u015f jetonu ba\u015f\u0131na 0,02 EUR, 1000 \u00e7\u0131k\u0131\u015f jetonu ba\u015f\u0131na 0,06 EUR<br><strong>gpt-4<\/strong> &#8211; 1000 girdi jetonu ba\u015f\u0131na 0,06 EUR, 1000 \u00e7\u0131kt\u0131 jetonu ba\u015f\u0131na 0,12 EUR<br><strong>gpt-3.5-turbo<\/strong> &#8211; 1000 giri\u015f jetonu ba\u015f\u0131na 0,002 EUR, 1000 \u00e7\u0131k\u0131\u015f jetonu ba\u015f\u0131na 0,004 EUR<br><br><strong>Minimum bor\u00e7 tutar\u0131 &#8211; 0,01 EUR<\/strong>.<br>\u00d6rne\u011fin, <strong>gpt-4-1106-preview<\/strong> modeliyle 1000 karakterlik bir g\u00f6nderiyi (yakla\u015f\u0131k 500 girdi ve 500 \u00e7\u0131kt\u0131 belirteci) \u00e7evirmek 0,03-0,05 EUR&#8217;ya mal olacakt\u0131r. Ayn\u0131 g\u00f6rev i\u00e7in <strong>gpt-3.5-turbo<\/strong> modelini kullanmak 0,01 EUR&#8217;ya mal olacakt\u0131r.<\/div><\/noscript><\/div><\/div>\n\n<p><\/p>\n\n<h4 class=\"wp-block-heading\">Kendi OpenAI hesab\u0131n\u0131zdan \u00f6deme yapma<\/h4>\n\n<p>OpenAI platformuna kendiniz kaydolabilir, \u00fccretli bir abonelik sat\u0131n alabilir ve <a href=\"https:\/\/platform.openai.com\/account\/api-keys\">API anahtar\u0131n\u0131z\u0131 olu\u015fturabilirsiniz<\/a>. Ard\u0131ndan, bu anahtar\u0131 \u015furaya girmeniz gerekir <strong>\n  <strong>Men\u00fc \u2192 Tercihler \u2192 OpenAI.<\/strong>\n<\/strong> Tercihlerinizde bir API anahtar\u0131n\u0131z varsa, bot OpenAI hesab\u0131n\u0131z\u0131 kullanacak ve botun kendisindeki bakiyenizden ekstra \u00fccret al\u0131nmayacakt\u0131r.<\/p>\n\n<p>\u00d6nemli: Anahtar\u0131n\u0131z\u0131n \u00e7al\u0131\u015fmas\u0131 i\u00e7in OpenAI hesab\u0131n\u0131za ba\u011fl\u0131 en az bir \u00f6deme y\u00f6nteminiz olmal\u0131d\u0131r. Ayr\u0131ca, bir OpenAI hesab\u0131 ile bir ChatGPT hesab\u0131n\u0131n ayn\u0131 \u015fey olmad\u0131\u011f\u0131n\u0131 unutmay\u0131n.<\/p>\n\n<p>Avantajlar\u0131: Pro-balance ile \u00f6deme yapmaktan daha ucuzdur; ayr\u0131ca kullan\u0131m istatistiklerine eri\u015febilirsiniz.  <br\/>Dezavantajlar\u0131: OpenAI hesab\u0131n\u0131z\u0131n \u00f6dendi\u011finden ve yeterli krediye sahip oldu\u011fundan emin olman\u0131z gerekir.<\/p>\n\n<h3 class=\"wp-block-heading\" id=\"&#x43F;&#x43E;&#x43A;&#x443;&#x43F;&#x43A;&#x430;-&#x441;&#x442;&#x430;&#x43D;&#x434;&#x430;&#x440;&#x442;&#x43D;&#x43E;&#x433;&#x43E;-&#x430;&#x43A;&#x43A;&#x430;&#x443;&#x43D;&#x442;&#x430;\"><span class=\"ez-toc-section\" id=\"OpenAI_Sohbet\"><\/span>OpenAI Sohbet<span class=\"ez-toc-section-end\"><\/span><\/h3>\n\n<p><a href=\"https:\/\/platform.openai.com\/docs\/guides\/text-generation\/chat-completions-api\">OpenAI Sohbet<\/a> hizmeti arac\u0131l\u0131\u011f\u0131yla mesaj i\u015flemeyi <strong>Men\u00fc \u2192 Y\u00f6nlendirme ayarlar\u0131 \u2192 Kaynak ve hedef se\u00e7 \u2192 Entegrasyonlar<\/strong> b\u00f6l\u00fcm\u00fcnden etkinle\u015ftirebilirsiniz. A\u015fa\u011f\u0131daki ayarlar mevcuttur.<\/p>\n\n<h4 class=\"wp-block-heading\">\u0130stem \u015fablonu<\/h4>\n\n<p>Bilgi istemi, YZ i\u00e7in talimatlar\u0131 i\u00e7eren metindir. Bilgi isteminiz b\u00fcy\u00fck olas\u0131l\u0131kla hem talimatlar\u0131n\u0131zdan hem de i\u015flenecek mesaj\u0131n metninden olu\u015faca\u011f\u0131ndan, bir \u015fablon bunlar\u0131 birle\u015ftirmek i\u00e7in uygun bir yol sa\u011flar. \u015eablon olarak g\u00f6revinizi a\u00e7\u0131klayan herhangi bir metin yazabilir ve i\u00e7ine <code>${body}<\/code> \u00f6zel etiketini koyabilirsiniz. Ard\u0131ndan, metinde bu etiketin belirtildi\u011fi yere, bot i\u015flenecek mesaj\u0131n metnini ekleyecektir. En basit durumda, sadece g\u00f6revinizi tan\u0131mlay\u0131n ve sonuna <code>${body}<\/code> ekleyin. Nas\u0131l kullan\u0131laca\u011f\u0131na dair a\u015fa\u011f\u0131daki \u00f6rneklere bak\u0131n.<\/p>\n\n<h4 class=\"wp-block-heading\">Model<\/h4>\n\n<p>Modeller maliyet, ak\u0131ll\u0131l\u0131k ve di\u011fer baz\u0131 \u00f6zellikler bak\u0131m\u0131ndan farkl\u0131l\u0131k g\u00f6sterir. \u00c7o\u011fu uygulama i\u00e7in en ucuz model olan gpt-3-turbo i\u015finizi g\u00f6recektir. Farkl\u0131 modeller hakk\u0131nda daha fazla bilgiyi <a href=\"https:\/\/platform.openai.com\/docs\/guides\/text-generation\/text-generation-models\">buradan<\/a> okuyabilirsiniz.<\/p>\n\n<h4 class=\"wp-block-heading\">Yarat\u0131c\u0131l\u0131k<\/h4>\n\n<p>Bu parametre &#8220;s\u0131cakl\u0131k&#8221; olarak da adland\u0131r\u0131l\u0131r. S\u0131cakl\u0131k ne kadar y\u00fcksek olursa, cevap da o kadar artistik olacakt\u0131r. S\u0131cakl\u0131k ne kadar d\u00fc\u015f\u00fck olursa, cevap o kadar &#8220;bilimsel&#8221;, daha do\u011fru ve daha ger\u00e7ek\u00e7i olacakt\u0131r. \u00c7o\u011fu durumda bu parametreyi 1&#8217;e e\u015fit b\u0131rakabilirsiniz.<\/p>\n\n<h3 class=\"wp-block-heading\"><span class=\"ez-toc-section\" id=\"Ornekler\"><\/span>\u00d6rnekler<span class=\"ez-toc-section-end\"><\/span><\/h3>\n\n<h4 class=\"wp-block-heading\">\u00c7eviri<\/h4>\n\n<p>Kanal\u0131n\u0131z\u0131n ayn\u0131 anda birka\u00e7 dilde otomatik yans\u0131malar\u0131n\u0131 olu\u015fturabilirsiniz. Bunu yapmak i\u00e7in, orijinal kanaldan ilgili dillerdeki kanallara kopyalamay\u0131 ayarlay\u0131n ve entegrasyon ayarlar\u0131nda AI i\u00e7in uygun talimatlar\u0131 ayarlay\u0131n.<\/p>\n\n<p><strong>\u0130stem \u015fablonu:<\/strong><br\/><code>Translate the following text into a German language:<br\/>${body}<\/code><\/p>\n\n<p><strong>Model <\/strong>ve <strong>Yarat\u0131c\u0131l\u0131\u011f\u0131 <\/strong>varsay\u0131lan ayarlar\u0131nda tutabilirsiniz.<\/p>\n\n<figure class=\"wp-block-image size-large is-resized\"><img loading=\"lazy\" decoding=\"async\" width=\"655\" height=\"1024\" loading=\"lazy\" src=\"\/wp-content\/uploads\/2023\/11\/image-2-655x1024.png\" alt=\"\" class=\"wp-image-3528\" style=\"width:242px;height:auto\" srcset=\"https:\/\/old.junctionbot.io\/wp-content\/uploads\/2023\/11\/image-2-655x1024.png 655w, https:\/\/old.junctionbot.io\/wp-content\/uploads\/2023\/11\/image-2-192x300.png 192w, https:\/\/old.junctionbot.io\/wp-content\/uploads\/2023\/11\/image-2-768x1201.png 768w, https:\/\/old.junctionbot.io\/wp-content\/uploads\/2023\/11\/image-2.png 934w\" sizes=\"auto, (max-width: 655px) 100vw, 655px\" \/><\/figure>\n\n<h4 class=\"wp-block-heading\">Filtreleme<\/h4>\n\n<p>Yapay zekay\u0131 ak\u0131ll\u0131 bir filtre olarak kullanabilirsiniz. Metni kriterlerinize g\u00f6re analiz edecek ve yay\u0131nlamak i\u00e7in ye\u015fil \u0131\u015f\u0131k yakacakt\u0131r. AI arac\u0131l\u0131\u011f\u0131yla i\u015flemeden \u00f6nce <a href=\"\/filtering\/\">ola\u011fan filtreler<\/a> uyguland\u0131\u011f\u0131ndan, \u00f6ncelikle a\u015fa\u011f\u0131daki parametrelerle bir ara kanala y\u00f6nlendirme olu\u015fturman\u0131z gerekir:<\/p>\n\n<p><strong>\u0130stem \u015fablonu:<\/strong><br\/><code>If the following text mentions a probability of a success of a deal equal or greater than 90%, reply to me with this text unchanged. If it does not occur, reply to me with the message \"<code>copying not required<\/code>\".<br\/>${body}<\/code>.<\/p>\n\n<p><strong>Model <\/strong>ve <strong>Yarat\u0131c\u0131l\u0131\u011f\u0131 <\/strong>varsay\u0131lan ayarlar\u0131nda tutabilirsiniz.<\/p>\n\n<p>Ard\u0131ndan, &#8220;<code>copying not required<\/code>&#8221; metni i\u00e7eren iletilerin ge\u00e7mesine izin vermemek i\u00e7in ola\u011fan filtreleri ayarlayarak ara kanaldan son kanala bir yeniden y\u00f6nlendirme yap\u0131land\u0131r\u0131n.<\/p>\n","protected":false},"excerpt":{"rendered":"<p>Entegrasyonlar Bot, i\u015flevselli\u011fini zenginle\u015ftirmek i\u00e7in harici hizmetleri kullanabilir. Ba\u015flatt\u0131\u011f\u0131m\u0131z ilk entegrasyon, Telegram mesajlar\u0131n\u0131 i\u015flemek i\u00e7in OpenAI (ChatGPT ve di\u011fer modeller) kullanma yetene\u011fidir. OpenAI ile entegrasyon &#8211; genel bilgiler OpenAI API, herhangi bir Telegram kayna\u011f\u0131ndan gelen bir Telegram mesaj\u0131ndan bir metin veya g\u00f6r\u00fcnt\u00fc ile ger\u00e7ekle\u015ftirmek istedi\u011finiz eylemi d\u00fcz bir dille tan\u0131mlaman\u0131za olanak tan\u0131r. Ard\u0131ndan, bot yapay [&hellip;]<\/p>\n","protected":false},"author":2,"featured_media":0,"parent":0,"menu_order":0,"comment_status":"closed","ping_status":"closed","template":"","meta":{"nf_dc_page":"","_monsterinsights_skip_tracking":false,"_monsterinsights_sitenote_active":false,"_monsterinsights_sitenote_note":"","_monsterinsights_sitenote_category":0,"ocean_post_layout":"","ocean_both_sidebars_style":"","ocean_both_sidebars_content_width":0,"ocean_both_sidebars_sidebars_width":0,"ocean_sidebar":"0","ocean_second_sidebar":"0","ocean_disable_margins":"enable","ocean_add_body_class":"","ocean_shortcode_before_top_bar":"","ocean_shortcode_after_top_bar":"","ocean_shortcode_before_header":"","ocean_shortcode_after_header":"","ocean_has_shortcode":"","ocean_shortcode_after_title":"","ocean_shortcode_before_footer_widgets":"","ocean_shortcode_after_footer_widgets":"","ocean_shortcode_before_footer_bottom":"","ocean_shortcode_after_footer_bottom":"","ocean_display_top_bar":"default","ocean_display_header":"default","ocean_header_style":"","ocean_center_header_left_menu":"0","ocean_custom_header_template":"0","ocean_custom_logo":0,"ocean_custom_retina_logo":0,"ocean_custom_logo_max_width":0,"ocean_custom_logo_tablet_max_width":0,"ocean_custom_logo_mobile_max_width":0,"ocean_custom_logo_max_height":0,"ocean_custom_logo_tablet_max_height":0,"ocean_custom_logo_mobile_max_height":0,"ocean_header_custom_menu":"0","ocean_menu_typo_font_family":"0","ocean_menu_typo_font_subset":"","ocean_menu_typo_font_size":0,"ocean_menu_typo_font_size_tablet":0,"ocean_menu_typo_font_size_mobile":0,"ocean_menu_typo_font_size_unit":"px","ocean_menu_typo_font_weight":"","ocean_menu_typo_font_weight_tablet":"","ocean_menu_typo_font_weight_mobile":"","ocean_menu_typo_transform":"","ocean_menu_typo_transform_tablet":"","ocean_menu_typo_transform_mobile":"","ocean_menu_typo_line_height":0,"ocean_menu_typo_line_height_tablet":0,"ocean_menu_typo_line_height_mobile":0,"ocean_menu_typo_line_height_unit":"","ocean_menu_typo_spacing":0,"ocean_menu_typo_spacing_tablet":0,"ocean_menu_typo_spacing_mobile":0,"ocean_menu_typo_spacing_unit":"","ocean_menu_link_color":"","ocean_menu_link_color_hover":"","ocean_menu_link_color_active":"","ocean_menu_link_background":"","ocean_menu_link_hover_background":"","ocean_menu_link_active_background":"","ocean_menu_social_links_bg":"","ocean_menu_social_hover_links_bg":"","ocean_menu_social_links_color":"","ocean_menu_social_hover_links_color":"","ocean_disable_title":"default","ocean_disable_heading":"default","ocean_post_title":"","ocean_post_subheading":"","ocean_post_title_style":"","ocean_post_title_background_color":"","ocean_post_title_background":0,"ocean_post_title_bg_image_position":"","ocean_post_title_bg_image_attachment":"","ocean_post_title_bg_image_repeat":"","ocean_post_title_bg_image_size":"","ocean_post_title_height":0,"ocean_post_title_bg_overlay":0.5,"ocean_post_title_bg_overlay_color":"","ocean_disable_breadcrumbs":"default","ocean_breadcrumbs_color":"","ocean_breadcrumbs_separator_color":"","ocean_breadcrumbs_links_color":"","ocean_breadcrumbs_links_hover_color":"","ocean_display_footer_widgets":"default","ocean_display_footer_bottom":"default","ocean_custom_footer_template":"0","footnotes":""},"class_list":["post-3985","page","type-page","status-publish","hentry","entry"],"yoast_head":"<!-- This site is optimized with the Yoast SEO plugin v26.9 - https:\/\/yoast.com\/product\/yoast-seo-wordpress\/ -->\n<title>Junction Bot - Entegrasyonlar<\/title>\n<meta name=\"robots\" content=\"index, follow, max-snippet:-1, max-image-preview:large, max-video-preview:-1\" \/>\n<link rel=\"canonical\" href=\"https:\/\/old.junctionbot.io\/tr\/entegrasyonlar\/\" \/>\n<meta property=\"og:locale\" content=\"tr_TR\" \/>\n<meta property=\"og:type\" content=\"article\" \/>\n<meta property=\"og:title\" content=\"Junction Bot - Entegrasyonlar\" \/>\n<meta property=\"og:description\" content=\"Entegrasyonlar Bot, i\u015flevselli\u011fini zenginle\u015ftirmek i\u00e7in harici hizmetleri kullanabilir. Ba\u015flatt\u0131\u011f\u0131m\u0131z ilk entegrasyon, Telegram mesajlar\u0131n\u0131 i\u015flemek i\u00e7in OpenAI (ChatGPT ve di\u011fer modeller) kullanma yetene\u011fidir. OpenAI ile entegrasyon &#8211; genel bilgiler OpenAI API, herhangi bir Telegram kayna\u011f\u0131ndan gelen bir Telegram mesaj\u0131ndan bir metin veya g\u00f6r\u00fcnt\u00fc ile ger\u00e7ekle\u015ftirmek istedi\u011finiz eylemi d\u00fcz bir dille tan\u0131mlaman\u0131za olanak tan\u0131r. Ard\u0131ndan, bot yapay [&hellip;]\" \/>\n<meta property=\"og:url\" content=\"https:\/\/old.junctionbot.io\/tr\/entegrasyonlar\/\" \/>\n<meta property=\"og:site_name\" content=\"Junction Bot\" \/>\n<meta property=\"article:modified_time\" content=\"2023-12-01T09:15:14+00:00\" \/>\n<meta name=\"twitter:card\" content=\"summary_large_image\" \/>\n<meta name=\"twitter:label1\" content=\"Tahmini okuma s\u00fcresi\" \/>\n\t<meta name=\"twitter:data1\" content=\"5 dakika\" \/>\n<script type=\"application\/ld+json\" class=\"yoast-schema-graph\">{\"@context\":\"https:\/\/schema.org\",\"@graph\":[{\"@type\":\"WebPage\",\"@id\":\"https:\/\/old.junctionbot.io\/tr\/entegrasyonlar\/\",\"url\":\"https:\/\/old.junctionbot.io\/tr\/entegrasyonlar\/\",\"name\":\"Junction Bot - Entegrasyonlar\",\"isPartOf\":{\"@id\":\"https:\/\/junctionbot.io\/#website\"},\"datePublished\":\"2023-11-13T17:47:39+00:00\",\"dateModified\":\"2023-12-01T09:15:14+00:00\",\"breadcrumb\":{\"@id\":\"https:\/\/old.junctionbot.io\/tr\/entegrasyonlar\/#breadcrumb\"},\"inLanguage\":\"tr\",\"potentialAction\":[{\"@type\":\"ReadAction\",\"target\":[\"https:\/\/old.junctionbot.io\/tr\/entegrasyonlar\/\"]}]},{\"@type\":\"BreadcrumbList\",\"@id\":\"https:\/\/old.junctionbot.io\/tr\/entegrasyonlar\/#breadcrumb\",\"itemListElement\":[{\"@type\":\"ListItem\",\"position\":1,\"name\":\"Home\",\"item\":\"https:\/\/junctionbot.io\/tr\/\"},{\"@type\":\"ListItem\",\"position\":2,\"name\":\"Entegrasyonlar\"}]},{\"@type\":\"WebSite\",\"@id\":\"https:\/\/junctionbot.io\/#website\",\"url\":\"https:\/\/junctionbot.io\/\",\"name\":\"Junction Bot\",\"description\":\"Otomatik Kopyala \u0130leri D\u00f6n\u00fc\u015ft\u00fcr ve Telegram Kanal Gruplar\u0131n\u0131 ve Botlar\u0131n\u0131 \u00c7evir\",\"publisher\":{\"@id\":\"https:\/\/junctionbot.io\/#organization\"},\"potentialAction\":[{\"@type\":\"SearchAction\",\"target\":{\"@type\":\"EntryPoint\",\"urlTemplate\":\"https:\/\/junctionbot.io\/?s={search_term_string}\"},\"query-input\":{\"@type\":\"PropertyValueSpecification\",\"valueRequired\":true,\"valueName\":\"search_term_string\"}}],\"inLanguage\":\"tr\"},{\"@type\":\"Organization\",\"@id\":\"https:\/\/junctionbot.io\/#organization\",\"name\":\"Junction Bot\",\"url\":\"https:\/\/junctionbot.io\/\",\"logo\":{\"@type\":\"ImageObject\",\"inLanguage\":\"tr\",\"@id\":\"https:\/\/junctionbot.io\/#\/schema\/logo\/image\/\",\"url\":\"\/wp-content\/uploads\/2020\/06\/junc_logo-400.jpg\",\"contentUrl\":\"\/wp-content\/uploads\/2020\/06\/junc_logo-400.jpg\",\"width\":400,\"height\":400,\"caption\":\"Junction Bot\"},\"image\":{\"@id\":\"https:\/\/junctionbot.io\/#\/schema\/logo\/image\/\"}}]}<\/script>\n<!-- \/ Yoast SEO plugin. -->","yoast_head_json":{"title":"Junction Bot - Entegrasyonlar","robots":{"index":"index","follow":"follow","max-snippet":"max-snippet:-1","max-image-preview":"max-image-preview:large","max-video-preview":"max-video-preview:-1"},"canonical":"https:\/\/old.junctionbot.io\/tr\/entegrasyonlar\/","og_locale":"tr_TR","og_type":"article","og_title":"Junction Bot - Entegrasyonlar","og_description":"Entegrasyonlar Bot, i\u015flevselli\u011fini zenginle\u015ftirmek i\u00e7in harici hizmetleri kullanabilir. Ba\u015flatt\u0131\u011f\u0131m\u0131z ilk entegrasyon, Telegram mesajlar\u0131n\u0131 i\u015flemek i\u00e7in OpenAI (ChatGPT ve di\u011fer modeller) kullanma yetene\u011fidir. OpenAI ile entegrasyon &#8211; genel bilgiler OpenAI API, herhangi bir Telegram kayna\u011f\u0131ndan gelen bir Telegram mesaj\u0131ndan bir metin veya g\u00f6r\u00fcnt\u00fc ile ger\u00e7ekle\u015ftirmek istedi\u011finiz eylemi d\u00fcz bir dille tan\u0131mlaman\u0131za olanak tan\u0131r. Ard\u0131ndan, bot yapay [&hellip;]","og_url":"https:\/\/old.junctionbot.io\/tr\/entegrasyonlar\/","og_site_name":"Junction Bot","article_modified_time":"2023-12-01T09:15:14+00:00","twitter_card":"summary_large_image","twitter_misc":{"Tahmini okuma s\u00fcresi":"5 dakika"},"schema":{"@context":"https:\/\/schema.org","@graph":[{"@type":"WebPage","@id":"https:\/\/old.junctionbot.io\/tr\/entegrasyonlar\/","url":"https:\/\/old.junctionbot.io\/tr\/entegrasyonlar\/","name":"Junction Bot - Entegrasyonlar","isPartOf":{"@id":"https:\/\/junctionbot.io\/#website"},"datePublished":"2023-11-13T17:47:39+00:00","dateModified":"2023-12-01T09:15:14+00:00","breadcrumb":{"@id":"https:\/\/old.junctionbot.io\/tr\/entegrasyonlar\/#breadcrumb"},"inLanguage":"tr","potentialAction":[{"@type":"ReadAction","target":["https:\/\/old.junctionbot.io\/tr\/entegrasyonlar\/"]}]},{"@type":"BreadcrumbList","@id":"https:\/\/old.junctionbot.io\/tr\/entegrasyonlar\/#breadcrumb","itemListElement":[{"@type":"ListItem","position":1,"name":"Home","item":"https:\/\/junctionbot.io\/tr\/"},{"@type":"ListItem","position":2,"name":"Entegrasyonlar"}]},{"@type":"WebSite","@id":"https:\/\/junctionbot.io\/#website","url":"https:\/\/junctionbot.io\/","name":"Junction Bot","description":"Otomatik Kopyala \u0130leri D\u00f6n\u00fc\u015ft\u00fcr ve Telegram Kanal Gruplar\u0131n\u0131 ve Botlar\u0131n\u0131 \u00c7evir","publisher":{"@id":"https:\/\/junctionbot.io\/#organization"},"potentialAction":[{"@type":"SearchAction","target":{"@type":"EntryPoint","urlTemplate":"https:\/\/junctionbot.io\/?s={search_term_string}"},"query-input":{"@type":"PropertyValueSpecification","valueRequired":true,"valueName":"search_term_string"}}],"inLanguage":"tr"},{"@type":"Organization","@id":"https:\/\/junctionbot.io\/#organization","name":"Junction Bot","url":"https:\/\/junctionbot.io\/","logo":{"@type":"ImageObject","inLanguage":"tr","@id":"https:\/\/junctionbot.io\/#\/schema\/logo\/image\/","url":"\/wp-content\/uploads\/2020\/06\/junc_logo-400.jpg","contentUrl":"\/wp-content\/uploads\/2020\/06\/junc_logo-400.jpg","width":400,"height":400,"caption":"Junction Bot"},"image":{"@id":"https:\/\/junctionbot.io\/#\/schema\/logo\/image\/"}}]}},"_links":{"self":[{"href":"https:\/\/old.junctionbot.io\/tr\/wp-json\/wp\/v2\/pages\/3985","targetHints":{"allow":["GET"]}}],"collection":[{"href":"https:\/\/old.junctionbot.io\/tr\/wp-json\/wp\/v2\/pages"}],"about":[{"href":"https:\/\/old.junctionbot.io\/tr\/wp-json\/wp\/v2\/types\/page"}],"author":[{"embeddable":true,"href":"https:\/\/old.junctionbot.io\/tr\/wp-json\/wp\/v2\/users\/2"}],"replies":[{"embeddable":true,"href":"https:\/\/old.junctionbot.io\/tr\/wp-json\/wp\/v2\/comments?post=3985"}],"version-history":[{"count":1,"href":"https:\/\/old.junctionbot.io\/tr\/wp-json\/wp\/v2\/pages\/3985\/revisions"}],"predecessor-version":[{"id":3996,"href":"https:\/\/old.junctionbot.io\/tr\/wp-json\/wp\/v2\/pages\/3985\/revisions\/3996"}],"wp:attachment":[{"href":"https:\/\/old.junctionbot.io\/tr\/wp-json\/wp\/v2\/media?parent=3985"}],"curies":[{"name":"wp","href":"https:\/\/api.w.org\/{rel}","templated":true}]}}