{"id":3997,"date":"2020-04-17T12:48:48","date_gmt":"2020-04-17T10:48:48","guid":{"rendered":"https:\/\/docs.junction.space\/ortaklik\/"},"modified":"2023-12-01T11:15:15","modified_gmt":"2023-12-01T09:15:15","slug":"ortaklik","status":"publish","type":"page","link":"https:\/\/old.junctionbot.io\/tr\/ortaklik\/","title":{"rendered":"Ortakl\u0131k"},"content":{"rendered":"\n<h2 class=\"wp-block-heading\"><span class=\"ez-toc-section\" id=\"Ortaklik\"><\/span>Ortakl\u0131k<span class=\"ez-toc-section-end\"><\/span><\/h2>\n\n<h3 class=\"wp-block-heading\"><span class=\"ez-toc-section\" id=\"Yonlendirme_sistemi\"><\/span>Y\u00f6nlendirme sistemi<span class=\"ez-toc-section-end\"><\/span><\/h3>\n\n<p>Bottan potansiyel kullan\u0131c\u0131lar\u0131n g\u00f6rece\u011fi bir yerde bahsediyorsan\u0131z, y\u00f6nlendirme ba\u011flant\u0131s\u0131n\u0131 kullan\u0131n.  <\/p>\n\n<p>Bu ba\u011flant\u0131 ile Junction Bot&#8217;a gelen her yeni kullan\u0131c\u0131 i\u00e7in +1 haftal\u0131k Standart hesap (Standart hesab\u0131n\u0131z varsa) veya +1 haftal\u0131k demo alacaks\u0131n\u0131z. Davet edilen kullan\u0131c\u0131 bir Standart hesap sat\u0131n al\u0131rsa, +30 g\u00fcnl\u00fck bir Standart hesap (Standart hesab\u0131n\u0131z varsa) veya +30 g\u00fcnl\u00fck demo al\u0131rs\u0131n\u0131z. Bu \u015fekilde, baz\u0131 kullan\u0131c\u0131lar @junction_bot&#8217;un tam i\u015flevselli\u011finden y\u0131llard\u0131r \u00fccretsiz olarak yararlanmaktad\u0131r.  <\/p>\n\n<p>Davet edilen kullan\u0131c\u0131 bir Do\u011frudan Ba\u011flant\u0131 sat\u0131n al\u0131rsa, profesyonel hesab\u0131n\u0131za 6 \u20ac alacaks\u0131n\u0131z. Ayn\u0131 zamanda, kullan\u0131c\u0131 ilk ay i\u00e7in %50 indirim alacakt\u0131r, b\u00f6ylece etkinle\u015ftirmek i\u00e7in sadece 6 \u20ac \u00f6deyebilir.<\/p>\n\n<p>Ki\u015fisel y\u00f6nlendirme ba\u011flant\u0131n\u0131z\u0131<code> \/referral<\/code> komutu ile alabilirsiniz.<\/p>\n\n<h3 class=\"wp-block-heading\"><span class=\"ez-toc-section\" id=\"Reklam\"><\/span>Reklam<span class=\"ez-toc-section-end\"><\/span><\/h3>\n\n<p>L\u00fctfen reklam konusunda <a href=\"https:\/\/t.me\/astuteficus\">do\u011frudan<\/a> bizimle ileti\u015fime ge\u00e7in.<\/p>\n\n<h3 class=\"wp-block-heading\"><span class=\"ez-toc-section\" id=\"Meslekler\"><\/span>Meslekler<span class=\"ez-toc-section-end\"><\/span><\/h3>\n\n<p>Profesyonel hizmetlere m\u00fc\u015fteri bulmak i\u00e7in bir <strong>sat\u0131n alma y\u00f6neticisi<\/strong> ar\u0131yoruz. C\u00f6mert bir dilim pasta ikram ediyoruz!<\/p>\n\n<h3 class=\"wp-block-heading\"><span class=\"ez-toc-section\" id=\"Kavsak\"><\/span>Kav\u015fak<span class=\"ez-toc-section-end\"><\/span><\/h3>\n\n<p>E\u011fer 10 binden fazla kullan\u0131c\u0131s\u0131 olan bir kanal\u0131n\u0131z varsa, promosyonlar\u0131 de\u011fi\u015ftirebiliriz. Siz okuyucular\u0131n\u0131za bizden bahsedin, biz de okuyucular\u0131m\u0131za sizden bahsedelim.<\/p>\n","protected":false},"excerpt":{"rendered":"<p>Ortakl\u0131k Y\u00f6nlendirme sistemi Bottan potansiyel kullan\u0131c\u0131lar\u0131n g\u00f6rece\u011fi bir yerde bahsediyorsan\u0131z, y\u00f6nlendirme ba\u011flant\u0131s\u0131n\u0131 kullan\u0131n. Bu ba\u011flant\u0131 ile Junction Bot&#8217;a gelen her yeni kullan\u0131c\u0131 i\u00e7in +1 haftal\u0131k Standart hesap (Standart hesab\u0131n\u0131z varsa) veya +1 haftal\u0131k demo alacaks\u0131n\u0131z. Davet edilen kullan\u0131c\u0131 bir Standart hesap sat\u0131n al\u0131rsa, +30 g\u00fcnl\u00fck bir Standart hesap (Standart hesab\u0131n\u0131z varsa) veya +30 g\u00fcnl\u00fck demo [&hellip;]<\/p>\n","protected":false},"author":1,"featured_media":0,"parent":0,"menu_order":0,"comment_status":"closed","ping_status":"closed","template":"","meta":{"nf_dc_page":"","_monsterinsights_skip_tracking":false,"_monsterinsights_sitenote_active":false,"_monsterinsights_sitenote_note":"","_monsterinsights_sitenote_category":0,"ocean_post_layout":"","ocean_both_sidebars_style":"","ocean_both_sidebars_content_width":0,"ocean_both_sidebars_sidebars_width":0,"ocean_sidebar":"0","ocean_second_sidebar":"0","ocean_disable_margins":"enable","ocean_add_body_class":"","ocean_shortcode_before_top_bar":"","ocean_shortcode_after_top_bar":"","ocean_shortcode_before_header":"","ocean_shortcode_after_header":"","ocean_has_shortcode":"","ocean_shortcode_after_title":"","ocean_shortcode_before_footer_widgets":"","ocean_shortcode_after_footer_widgets":"","ocean_shortcode_before_footer_bottom":"","ocean_shortcode_after_footer_bottom":"","ocean_display_top_bar":"default","ocean_display_header":"default","ocean_header_style":"","ocean_center_header_left_menu":"0","ocean_custom_header_template":"0","ocean_custom_logo":0,"ocean_custom_retina_logo":0,"ocean_custom_logo_max_width":0,"ocean_custom_logo_tablet_max_width":0,"ocean_custom_logo_mobile_max_width":0,"ocean_custom_logo_max_height":0,"ocean_custom_logo_tablet_max_height":0,"ocean_custom_logo_mobile_max_height":0,"ocean_header_custom_menu":"0","ocean_menu_typo_font_family":"0","ocean_menu_typo_font_subset":"","ocean_menu_typo_font_size":0,"ocean_menu_typo_font_size_tablet":0,"ocean_menu_typo_font_size_mobile":0,"ocean_menu_typo_font_size_unit":"px","ocean_menu_typo_font_weight":"","ocean_menu_typo_font_weight_tablet":"","ocean_menu_typo_font_weight_mobile":"","ocean_menu_typo_transform":"","ocean_menu_typo_transform_tablet":"","ocean_menu_typo_transform_mobile":"","ocean_menu_typo_line_height":0,"ocean_menu_typo_line_height_tablet":0,"ocean_menu_typo_line_height_mobile":0,"ocean_menu_typo_line_height_unit":"","ocean_menu_typo_spacing":0,"ocean_menu_typo_spacing_tablet":0,"ocean_menu_typo_spacing_mobile":0,"ocean_menu_typo_spacing_unit":"","ocean_menu_link_color":"","ocean_menu_link_color_hover":"","ocean_menu_link_color_active":"","ocean_menu_link_background":"","ocean_menu_link_hover_background":"","ocean_menu_link_active_background":"","ocean_menu_social_links_bg":"","ocean_menu_social_hover_links_bg":"","ocean_menu_social_links_color":"","ocean_menu_social_hover_links_color":"","ocean_disable_title":"default","ocean_disable_heading":"default","ocean_post_title":"","ocean_post_subheading":"","ocean_post_title_style":"","ocean_post_title_background_color":"","ocean_post_title_background":0,"ocean_post_title_bg_image_position":"","ocean_post_title_bg_image_attachment":"","ocean_post_title_bg_image_repeat":"","ocean_post_title_bg_image_size":"","ocean_post_title_height":0,"ocean_post_title_bg_overlay":0.5,"ocean_post_title_bg_overlay_color":"","ocean_disable_breadcrumbs":"default","ocean_breadcrumbs_color":"","ocean_breadcrumbs_separator_color":"","ocean_breadcrumbs_links_color":"","ocean_breadcrumbs_links_hover_color":"","ocean_display_footer_widgets":"default","ocean_display_footer_bottom":"default","ocean_custom_footer_template":"0","footnotes":""},"class_list":["post-3997","page","type-page","status-publish","hentry","entry"],"yoast_head":"<!-- This site is optimized with the Yoast SEO plugin v26.9 - https:\/\/yoast.com\/product\/yoast-seo-wordpress\/ -->\n<title>Junction Bot - Ortakl\u0131k<\/title>\n<meta name=\"robots\" content=\"index, follow, max-snippet:-1, max-image-preview:large, max-video-preview:-1\" \/>\n<link rel=\"canonical\" href=\"https:\/\/old.junctionbot.io\/tr\/ortaklik\/\" \/>\n<meta property=\"og:locale\" content=\"tr_TR\" \/>\n<meta property=\"og:type\" content=\"article\" \/>\n<meta property=\"og:title\" content=\"Junction Bot - Ortakl\u0131k\" \/>\n<meta property=\"og:description\" content=\"Ortakl\u0131k Y\u00f6nlendirme sistemi Bottan potansiyel kullan\u0131c\u0131lar\u0131n g\u00f6rece\u011fi bir yerde bahsediyorsan\u0131z, y\u00f6nlendirme ba\u011flant\u0131s\u0131n\u0131 kullan\u0131n. Bu ba\u011flant\u0131 ile Junction Bot&#8217;a gelen her yeni kullan\u0131c\u0131 i\u00e7in +1 haftal\u0131k Standart hesap (Standart hesab\u0131n\u0131z varsa) veya +1 haftal\u0131k demo alacaks\u0131n\u0131z. Davet edilen kullan\u0131c\u0131 bir Standart hesap sat\u0131n al\u0131rsa, +30 g\u00fcnl\u00fck bir Standart hesap (Standart hesab\u0131n\u0131z varsa) veya +30 g\u00fcnl\u00fck demo [&hellip;]\" \/>\n<meta property=\"og:url\" content=\"https:\/\/old.junctionbot.io\/tr\/ortaklik\/\" \/>\n<meta property=\"og:site_name\" content=\"Junction Bot\" \/>\n<meta property=\"article:modified_time\" content=\"2023-12-01T09:15:15+00:00\" \/>\n<meta name=\"twitter:card\" content=\"summary_large_image\" \/>\n<meta name=\"twitter:label1\" content=\"Tahmini okuma s\u00fcresi\" \/>\n\t<meta name=\"twitter:data1\" content=\"1 dakika\" \/>\n<script type=\"application\/ld+json\" class=\"yoast-schema-graph\">{\"@context\":\"https:\/\/schema.org\",\"@graph\":[{\"@type\":\"WebPage\",\"@id\":\"https:\/\/old.junctionbot.io\/tr\/ortaklik\/\",\"url\":\"https:\/\/old.junctionbot.io\/tr\/ortaklik\/\",\"name\":\"Junction Bot - Ortakl\u0131k\",\"isPartOf\":{\"@id\":\"https:\/\/junctionbot.io\/#website\"},\"datePublished\":\"2020-04-17T10:48:48+00:00\",\"dateModified\":\"2023-12-01T09:15:15+00:00\",\"breadcrumb\":{\"@id\":\"https:\/\/old.junctionbot.io\/tr\/ortaklik\/#breadcrumb\"},\"inLanguage\":\"tr\",\"potentialAction\":[{\"@type\":\"ReadAction\",\"target\":[\"https:\/\/old.junctionbot.io\/tr\/ortaklik\/\"]}]},{\"@type\":\"BreadcrumbList\",\"@id\":\"https:\/\/old.junctionbot.io\/tr\/ortaklik\/#breadcrumb\",\"itemListElement\":[{\"@type\":\"ListItem\",\"position\":1,\"name\":\"Home\",\"item\":\"https:\/\/junctionbot.io\/tr\/\"},{\"@type\":\"ListItem\",\"position\":2,\"name\":\"Ortakl\u0131k\"}]},{\"@type\":\"WebSite\",\"@id\":\"https:\/\/junctionbot.io\/#website\",\"url\":\"https:\/\/junctionbot.io\/\",\"name\":\"Junction Bot\",\"description\":\"Otomatik Kopyala \u0130leri D\u00f6n\u00fc\u015ft\u00fcr ve Telegram Kanal Gruplar\u0131n\u0131 ve Botlar\u0131n\u0131 \u00c7evir\",\"publisher\":{\"@id\":\"https:\/\/junctionbot.io\/#organization\"},\"potentialAction\":[{\"@type\":\"SearchAction\",\"target\":{\"@type\":\"EntryPoint\",\"urlTemplate\":\"https:\/\/junctionbot.io\/?s={search_term_string}\"},\"query-input\":{\"@type\":\"PropertyValueSpecification\",\"valueRequired\":true,\"valueName\":\"search_term_string\"}}],\"inLanguage\":\"tr\"},{\"@type\":\"Organization\",\"@id\":\"https:\/\/junctionbot.io\/#organization\",\"name\":\"Junction Bot\",\"url\":\"https:\/\/junctionbot.io\/\",\"logo\":{\"@type\":\"ImageObject\",\"inLanguage\":\"tr\",\"@id\":\"https:\/\/junctionbot.io\/#\/schema\/logo\/image\/\",\"url\":\"\/wp-content\/uploads\/2020\/06\/junc_logo-400.jpg\",\"contentUrl\":\"\/wp-content\/uploads\/2020\/06\/junc_logo-400.jpg\",\"width\":400,\"height\":400,\"caption\":\"Junction Bot\"},\"image\":{\"@id\":\"https:\/\/junctionbot.io\/#\/schema\/logo\/image\/\"}}]}<\/script>\n<!-- \/ Yoast SEO plugin. -->","yoast_head_json":{"title":"Junction Bot - Ortakl\u0131k","robots":{"index":"index","follow":"follow","max-snippet":"max-snippet:-1","max-image-preview":"max-image-preview:large","max-video-preview":"max-video-preview:-1"},"canonical":"https:\/\/old.junctionbot.io\/tr\/ortaklik\/","og_locale":"tr_TR","og_type":"article","og_title":"Junction Bot - Ortakl\u0131k","og_description":"Ortakl\u0131k Y\u00f6nlendirme sistemi Bottan potansiyel kullan\u0131c\u0131lar\u0131n g\u00f6rece\u011fi bir yerde bahsediyorsan\u0131z, y\u00f6nlendirme ba\u011flant\u0131s\u0131n\u0131 kullan\u0131n. Bu ba\u011flant\u0131 ile Junction Bot&#8217;a gelen her yeni kullan\u0131c\u0131 i\u00e7in +1 haftal\u0131k Standart hesap (Standart hesab\u0131n\u0131z varsa) veya +1 haftal\u0131k demo alacaks\u0131n\u0131z. Davet edilen kullan\u0131c\u0131 bir Standart hesap sat\u0131n al\u0131rsa, +30 g\u00fcnl\u00fck bir Standart hesap (Standart hesab\u0131n\u0131z varsa) veya +30 g\u00fcnl\u00fck demo [&hellip;]","og_url":"https:\/\/old.junctionbot.io\/tr\/ortaklik\/","og_site_name":"Junction Bot","article_modified_time":"2023-12-01T09:15:15+00:00","twitter_card":"summary_large_image","twitter_misc":{"Tahmini okuma s\u00fcresi":"1 dakika"},"schema":{"@context":"https:\/\/schema.org","@graph":[{"@type":"WebPage","@id":"https:\/\/old.junctionbot.io\/tr\/ortaklik\/","url":"https:\/\/old.junctionbot.io\/tr\/ortaklik\/","name":"Junction Bot - Ortakl\u0131k","isPartOf":{"@id":"https:\/\/junctionbot.io\/#website"},"datePublished":"2020-04-17T10:48:48+00:00","dateModified":"2023-12-01T09:15:15+00:00","breadcrumb":{"@id":"https:\/\/old.junctionbot.io\/tr\/ortaklik\/#breadcrumb"},"inLanguage":"tr","potentialAction":[{"@type":"ReadAction","target":["https:\/\/old.junctionbot.io\/tr\/ortaklik\/"]}]},{"@type":"BreadcrumbList","@id":"https:\/\/old.junctionbot.io\/tr\/ortaklik\/#breadcrumb","itemListElement":[{"@type":"ListItem","position":1,"name":"Home","item":"https:\/\/junctionbot.io\/tr\/"},{"@type":"ListItem","position":2,"name":"Ortakl\u0131k"}]},{"@type":"WebSite","@id":"https:\/\/junctionbot.io\/#website","url":"https:\/\/junctionbot.io\/","name":"Junction Bot","description":"Otomatik Kopyala \u0130leri D\u00f6n\u00fc\u015ft\u00fcr ve Telegram Kanal Gruplar\u0131n\u0131 ve Botlar\u0131n\u0131 \u00c7evir","publisher":{"@id":"https:\/\/junctionbot.io\/#organization"},"potentialAction":[{"@type":"SearchAction","target":{"@type":"EntryPoint","urlTemplate":"https:\/\/junctionbot.io\/?s={search_term_string}"},"query-input":{"@type":"PropertyValueSpecification","valueRequired":true,"valueName":"search_term_string"}}],"inLanguage":"tr"},{"@type":"Organization","@id":"https:\/\/junctionbot.io\/#organization","name":"Junction Bot","url":"https:\/\/junctionbot.io\/","logo":{"@type":"ImageObject","inLanguage":"tr","@id":"https:\/\/junctionbot.io\/#\/schema\/logo\/image\/","url":"\/wp-content\/uploads\/2020\/06\/junc_logo-400.jpg","contentUrl":"\/wp-content\/uploads\/2020\/06\/junc_logo-400.jpg","width":400,"height":400,"caption":"Junction Bot"},"image":{"@id":"https:\/\/junctionbot.io\/#\/schema\/logo\/image\/"}}]}},"_links":{"self":[{"href":"https:\/\/old.junctionbot.io\/tr\/wp-json\/wp\/v2\/pages\/3997","targetHints":{"allow":["GET"]}}],"collection":[{"href":"https:\/\/old.junctionbot.io\/tr\/wp-json\/wp\/v2\/pages"}],"about":[{"href":"https:\/\/old.junctionbot.io\/tr\/wp-json\/wp\/v2\/types\/page"}],"author":[{"embeddable":true,"href":"https:\/\/old.junctionbot.io\/tr\/wp-json\/wp\/v2\/users\/1"}],"replies":[{"embeddable":true,"href":"https:\/\/old.junctionbot.io\/tr\/wp-json\/wp\/v2\/comments?post=3997"}],"version-history":[{"count":1,"href":"https:\/\/old.junctionbot.io\/tr\/wp-json\/wp\/v2\/pages\/3997\/revisions"}],"predecessor-version":[{"id":4003,"href":"https:\/\/old.junctionbot.io\/tr\/wp-json\/wp\/v2\/pages\/3997\/revisions\/4003"}],"wp:attachment":[{"href":"https:\/\/old.junctionbot.io\/tr\/wp-json\/wp\/v2\/media?parent=3997"}],"curies":[{"name":"wp","href":"https:\/\/api.w.org\/{rel}","templated":true}]}}