{"id":3998,"date":"2022-08-13T14:29:03","date_gmt":"2022-08-13T12:29:03","guid":{"rendered":"https:\/\/docs.junction.space\/telegram-ileri-kisitlamasi-nasil-atlanir\/"},"modified":"2023-12-01T11:15:15","modified_gmt":"2023-12-01T09:15:15","slug":"telegram-ileri-kisitlamasi-nasil-atlanir","status":"publish","type":"page","link":"https:\/\/old.junctionbot.io\/tr\/telegram-ileri-kisitlamasi-nasil-atlanir\/","title":{"rendered":"Telegram ileri k\u0131s\u0131tlamas\u0131 nas\u0131l atlan\u0131r"},"content":{"rendered":"\n<h2 class=\"wp-block-heading\"><span class=\"ez-toc-section\" id=\"Telegram_kanallarindan_kisitlamalarla_kopyalama\"><\/span>Telegram kanallar\u0131ndan k\u0131s\u0131tlamalarla kopyalama  <span class=\"ez-toc-section-end\"><\/span><\/h2>\n\n<p>&#8220;Bu kanalda kopyalama ve iletmeye izin verilmez&#8221; Telegram mesaj\u0131n\u0131 atlamak i\u00e7in Junction Bot&#8217;u kullan\u0131n. Bunun i\u00e7in normal bir kanal i\u00e7in kulland\u0131\u011f\u0131n\u0131z komutlar\u0131 kullanabilirsiniz.<\/p>\n\n<h3 class=\"wp-block-heading\"><span class=\"ez-toc-section\" id=\"Telegram_kanalini_kopyala\"><\/span>Telegram kanal\u0131n\u0131 kopyala<span class=\"ez-toc-section-end\"><\/span><\/h3>\n\n<p>Junction Bot&#8217;u kullanarak, Telegram iletme k\u0131s\u0131tlamas\u0131n\u0131 atlayarak bir Telegram kanal\u0131ndaki mevcut mesajlar\u0131 kopyalayabilirsiniz. Bunun i\u00e7in <a href=\"\/forwarding\/#Copying_of_the_old_Telegram_messages\">\/history komutunu<\/a> kullanabilirsiniz.<\/p>\n\n<h3 class=\"wp-block-heading\"><span class=\"ez-toc-section\" id=\"Yeni_Telegram_mesajlarini_otomatik_olarak_kopyala\"><\/span>Yeni Telegram mesajlar\u0131n\u0131 otomatik olarak kopyala  <span class=\"ez-toc-section-end\"><\/span><\/h3>\n\n<p>Korumal\u0131 bir Telegram sohbetinden veya kanal\u0131ndan yeni mesajlar\u0131 otomatik olarak kopyalamak i\u00e7in bir y\u00f6nlendirme kural\u0131 olu\u015fturmak i\u00e7in <a href=\"\/forwarding\/#Creating_a_new_forward\">\/new komutunu<\/a> kullan\u0131n. S\u00fcre\u00e7, ortak bir kanal i\u00e7in olanla ayn\u0131d\u0131r.  <\/p>\n\n<h3 class=\"wp-block-heading\"><span class=\"ez-toc-section\" id=\"Korumali_Telegram_kanallariyla_calismanin_nuanslari\"><\/span>Korumal\u0131 Telegram kanallar\u0131yla \u00e7al\u0131\u015fman\u0131n n\u00fcanslar\u0131<span class=\"ez-toc-section-end\"><\/span><\/h3>\n\n<p>Kaynakta kopya korumas\u0131 varsa, botun korumal\u0131 medya dosyas\u0131n\u0131 tamamen i\u015flemesi gerekir. Bu y\u00fczden &#8220;a\u011f\u0131r&#8221; medya mesajlar\u0131n\u0131n iletilmesi daha fazla zaman al\u0131r.<\/p>\n","protected":false},"excerpt":{"rendered":"<p>Telegram kanallar\u0131ndan k\u0131s\u0131tlamalarla kopyalama &#8220;Bu kanalda kopyalama ve iletmeye izin verilmez&#8221; Telegram mesaj\u0131n\u0131 atlamak i\u00e7in Junction Bot&#8217;u kullan\u0131n. Bunun i\u00e7in normal bir kanal i\u00e7in kulland\u0131\u011f\u0131n\u0131z komutlar\u0131 kullanabilirsiniz. Telegram kanal\u0131n\u0131 kopyala Junction Bot&#8217;u kullanarak, Telegram iletme k\u0131s\u0131tlamas\u0131n\u0131 atlayarak bir Telegram kanal\u0131ndaki mevcut mesajlar\u0131 kopyalayabilirsiniz. Bunun i\u00e7in \/history komutunu kullanabilirsiniz. Yeni Telegram mesajlar\u0131n\u0131 otomatik olarak kopyala Korumal\u0131 [&hellip;]<\/p>\n","protected":false},"author":2,"featured_media":0,"parent":0,"menu_order":0,"comment_status":"closed","ping_status":"closed","template":"","meta":{"nf_dc_page":"","_monsterinsights_skip_tracking":false,"_monsterinsights_sitenote_active":false,"_monsterinsights_sitenote_note":"","_monsterinsights_sitenote_category":0,"ocean_post_layout":"","ocean_both_sidebars_style":"","ocean_both_sidebars_content_width":0,"ocean_both_sidebars_sidebars_width":0,"ocean_sidebar":"0","ocean_second_sidebar":"0","ocean_disable_margins":"enable","ocean_add_body_class":"","ocean_shortcode_before_top_bar":"","ocean_shortcode_after_top_bar":"","ocean_shortcode_before_header":"","ocean_shortcode_after_header":"","ocean_has_shortcode":"","ocean_shortcode_after_title":"","ocean_shortcode_before_footer_widgets":"","ocean_shortcode_after_footer_widgets":"","ocean_shortcode_before_footer_bottom":"","ocean_shortcode_after_footer_bottom":"","ocean_display_top_bar":"default","ocean_display_header":"default","ocean_header_style":"","ocean_center_header_left_menu":"0","ocean_custom_header_template":"0","ocean_custom_logo":0,"ocean_custom_retina_logo":0,"ocean_custom_logo_max_width":0,"ocean_custom_logo_tablet_max_width":0,"ocean_custom_logo_mobile_max_width":0,"ocean_custom_logo_max_height":0,"ocean_custom_logo_tablet_max_height":0,"ocean_custom_logo_mobile_max_height":0,"ocean_header_custom_menu":"0","ocean_menu_typo_font_family":"0","ocean_menu_typo_font_subset":"","ocean_menu_typo_font_size":0,"ocean_menu_typo_font_size_tablet":0,"ocean_menu_typo_font_size_mobile":0,"ocean_menu_typo_font_size_unit":"px","ocean_menu_typo_font_weight":"","ocean_menu_typo_font_weight_tablet":"","ocean_menu_typo_font_weight_mobile":"","ocean_menu_typo_transform":"","ocean_menu_typo_transform_tablet":"","ocean_menu_typo_transform_mobile":"","ocean_menu_typo_line_height":0,"ocean_menu_typo_line_height_tablet":0,"ocean_menu_typo_line_height_mobile":0,"ocean_menu_typo_line_height_unit":"","ocean_menu_typo_spacing":0,"ocean_menu_typo_spacing_tablet":0,"ocean_menu_typo_spacing_mobile":0,"ocean_menu_typo_spacing_unit":"","ocean_menu_link_color":"","ocean_menu_link_color_hover":"","ocean_menu_link_color_active":"","ocean_menu_link_background":"","ocean_menu_link_hover_background":"","ocean_menu_link_active_background":"","ocean_menu_social_links_bg":"","ocean_menu_social_hover_links_bg":"","ocean_menu_social_links_color":"","ocean_menu_social_hover_links_color":"","ocean_disable_title":"default","ocean_disable_heading":"default","ocean_post_title":"","ocean_post_subheading":"","ocean_post_title_style":"","ocean_post_title_background_color":"","ocean_post_title_background":0,"ocean_post_title_bg_image_position":"","ocean_post_title_bg_image_attachment":"","ocean_post_title_bg_image_repeat":"","ocean_post_title_bg_image_size":"","ocean_post_title_height":0,"ocean_post_title_bg_overlay":0.5,"ocean_post_title_bg_overlay_color":"","ocean_disable_breadcrumbs":"default","ocean_breadcrumbs_color":"","ocean_breadcrumbs_separator_color":"","ocean_breadcrumbs_links_color":"","ocean_breadcrumbs_links_hover_color":"","ocean_display_footer_widgets":"default","ocean_display_footer_bottom":"default","ocean_custom_footer_template":"0","footnotes":""},"class_list":["post-3998","page","type-page","status-publish","hentry","entry"],"yoast_head":"<!-- This site is optimized with the Yoast SEO plugin v26.9 - https:\/\/yoast.com\/product\/yoast-seo-wordpress\/ -->\n<title>Junction Bot - Telegram ileri k\u0131s\u0131tlamas\u0131 nas\u0131l atlan\u0131r<\/title>\n<meta name=\"description\" content=\"Farkl\u0131 kaynaklardan gelen Telegram mesajlar\u0131n\u0131 otomatik olarak Telegram kanal\u0131n\u0131za veya grubunuza kopyalamak veya iletmek i\u00e7in Junction Bot&#039;u kullan\u0131n.\" \/>\n<meta name=\"robots\" content=\"index, follow, max-snippet:-1, max-image-preview:large, max-video-preview:-1\" \/>\n<link rel=\"canonical\" href=\"https:\/\/old.junctionbot.io\/tr\/telegram-ileri-kisitlamasi-nasil-atlanir\/\" \/>\n<meta property=\"og:locale\" content=\"tr_TR\" \/>\n<meta property=\"og:type\" content=\"article\" \/>\n<meta property=\"og:title\" content=\"Junction Bot - Telegram ileri k\u0131s\u0131tlamas\u0131 nas\u0131l atlan\u0131r\" \/>\n<meta property=\"og:description\" content=\"Farkl\u0131 kaynaklardan gelen Telegram mesajlar\u0131n\u0131 otomatik olarak Telegram kanal\u0131n\u0131za veya grubunuza kopyalamak veya iletmek i\u00e7in Junction Bot&#039;u kullan\u0131n.\" \/>\n<meta property=\"og:url\" content=\"https:\/\/old.junctionbot.io\/tr\/telegram-ileri-kisitlamasi-nasil-atlanir\/\" \/>\n<meta property=\"og:site_name\" content=\"Junction Bot\" \/>\n<meta property=\"article:modified_time\" content=\"2023-12-01T09:15:15+00:00\" \/>\n<meta name=\"twitter:card\" content=\"summary_large_image\" \/>\n<meta name=\"twitter:label1\" content=\"Tahmini okuma s\u00fcresi\" \/>\n\t<meta name=\"twitter:data1\" content=\"1 dakika\" \/>\n<script type=\"application\/ld+json\" class=\"yoast-schema-graph\">{\"@context\":\"https:\/\/schema.org\",\"@graph\":[{\"@type\":\"WebPage\",\"@id\":\"https:\/\/old.junctionbot.io\/tr\/telegram-ileri-kisitlamasi-nasil-atlanir\/\",\"url\":\"https:\/\/old.junctionbot.io\/tr\/telegram-ileri-kisitlamasi-nasil-atlanir\/\",\"name\":\"Junction Bot - Telegram ileri k\u0131s\u0131tlamas\u0131 nas\u0131l atlan\u0131r\",\"isPartOf\":{\"@id\":\"https:\/\/junctionbot.io\/#website\"},\"datePublished\":\"2022-08-13T12:29:03+00:00\",\"dateModified\":\"2023-12-01T09:15:15+00:00\",\"description\":\"Farkl\u0131 kaynaklardan gelen Telegram mesajlar\u0131n\u0131 otomatik olarak Telegram kanal\u0131n\u0131za veya grubunuza kopyalamak veya iletmek i\u00e7in Junction Bot'u kullan\u0131n.\",\"breadcrumb\":{\"@id\":\"https:\/\/old.junctionbot.io\/tr\/telegram-ileri-kisitlamasi-nasil-atlanir\/#breadcrumb\"},\"inLanguage\":\"tr\",\"potentialAction\":[{\"@type\":\"ReadAction\",\"target\":[\"https:\/\/old.junctionbot.io\/tr\/telegram-ileri-kisitlamasi-nasil-atlanir\/\"]}]},{\"@type\":\"BreadcrumbList\",\"@id\":\"https:\/\/old.junctionbot.io\/tr\/telegram-ileri-kisitlamasi-nasil-atlanir\/#breadcrumb\",\"itemListElement\":[{\"@type\":\"ListItem\",\"position\":1,\"name\":\"Home\",\"item\":\"https:\/\/junctionbot.io\/tr\/\"},{\"@type\":\"ListItem\",\"position\":2,\"name\":\"Telegram ileri k\u0131s\u0131tlamas\u0131 nas\u0131l atlan\u0131r\"}]},{\"@type\":\"WebSite\",\"@id\":\"https:\/\/junctionbot.io\/#website\",\"url\":\"https:\/\/junctionbot.io\/\",\"name\":\"Junction Bot\",\"description\":\"Otomatik Kopyala \u0130leri D\u00f6n\u00fc\u015ft\u00fcr ve Telegram Kanal Gruplar\u0131n\u0131 ve Botlar\u0131n\u0131 \u00c7evir\",\"publisher\":{\"@id\":\"https:\/\/junctionbot.io\/#organization\"},\"potentialAction\":[{\"@type\":\"SearchAction\",\"target\":{\"@type\":\"EntryPoint\",\"urlTemplate\":\"https:\/\/junctionbot.io\/?s={search_term_string}\"},\"query-input\":{\"@type\":\"PropertyValueSpecification\",\"valueRequired\":true,\"valueName\":\"search_term_string\"}}],\"inLanguage\":\"tr\"},{\"@type\":\"Organization\",\"@id\":\"https:\/\/junctionbot.io\/#organization\",\"name\":\"Junction Bot\",\"url\":\"https:\/\/junctionbot.io\/\",\"logo\":{\"@type\":\"ImageObject\",\"inLanguage\":\"tr\",\"@id\":\"https:\/\/junctionbot.io\/#\/schema\/logo\/image\/\",\"url\":\"\/wp-content\/uploads\/2020\/06\/junc_logo-400.jpg\",\"contentUrl\":\"\/wp-content\/uploads\/2020\/06\/junc_logo-400.jpg\",\"width\":400,\"height\":400,\"caption\":\"Junction Bot\"},\"image\":{\"@id\":\"https:\/\/junctionbot.io\/#\/schema\/logo\/image\/\"}}]}<\/script>\n<!-- \/ Yoast SEO plugin. -->","yoast_head_json":{"title":"Junction Bot - Telegram ileri k\u0131s\u0131tlamas\u0131 nas\u0131l atlan\u0131r","description":"Farkl\u0131 kaynaklardan gelen Telegram mesajlar\u0131n\u0131 otomatik olarak Telegram kanal\u0131n\u0131za veya grubunuza kopyalamak veya iletmek i\u00e7in Junction Bot'u kullan\u0131n.","robots":{"index":"index","follow":"follow","max-snippet":"max-snippet:-1","max-image-preview":"max-image-preview:large","max-video-preview":"max-video-preview:-1"},"canonical":"https:\/\/old.junctionbot.io\/tr\/telegram-ileri-kisitlamasi-nasil-atlanir\/","og_locale":"tr_TR","og_type":"article","og_title":"Junction Bot - Telegram ileri k\u0131s\u0131tlamas\u0131 nas\u0131l atlan\u0131r","og_description":"Farkl\u0131 kaynaklardan gelen Telegram mesajlar\u0131n\u0131 otomatik olarak Telegram kanal\u0131n\u0131za veya grubunuza kopyalamak veya iletmek i\u00e7in Junction Bot'u kullan\u0131n.","og_url":"https:\/\/old.junctionbot.io\/tr\/telegram-ileri-kisitlamasi-nasil-atlanir\/","og_site_name":"Junction Bot","article_modified_time":"2023-12-01T09:15:15+00:00","twitter_card":"summary_large_image","twitter_misc":{"Tahmini okuma s\u00fcresi":"1 dakika"},"schema":{"@context":"https:\/\/schema.org","@graph":[{"@type":"WebPage","@id":"https:\/\/old.junctionbot.io\/tr\/telegram-ileri-kisitlamasi-nasil-atlanir\/","url":"https:\/\/old.junctionbot.io\/tr\/telegram-ileri-kisitlamasi-nasil-atlanir\/","name":"Junction Bot - Telegram ileri k\u0131s\u0131tlamas\u0131 nas\u0131l atlan\u0131r","isPartOf":{"@id":"https:\/\/junctionbot.io\/#website"},"datePublished":"2022-08-13T12:29:03+00:00","dateModified":"2023-12-01T09:15:15+00:00","description":"Farkl\u0131 kaynaklardan gelen Telegram mesajlar\u0131n\u0131 otomatik olarak Telegram kanal\u0131n\u0131za veya grubunuza kopyalamak veya iletmek i\u00e7in Junction Bot'u kullan\u0131n.","breadcrumb":{"@id":"https:\/\/old.junctionbot.io\/tr\/telegram-ileri-kisitlamasi-nasil-atlanir\/#breadcrumb"},"inLanguage":"tr","potentialAction":[{"@type":"ReadAction","target":["https:\/\/old.junctionbot.io\/tr\/telegram-ileri-kisitlamasi-nasil-atlanir\/"]}]},{"@type":"BreadcrumbList","@id":"https:\/\/old.junctionbot.io\/tr\/telegram-ileri-kisitlamasi-nasil-atlanir\/#breadcrumb","itemListElement":[{"@type":"ListItem","position":1,"name":"Home","item":"https:\/\/junctionbot.io\/tr\/"},{"@type":"ListItem","position":2,"name":"Telegram ileri k\u0131s\u0131tlamas\u0131 nas\u0131l atlan\u0131r"}]},{"@type":"WebSite","@id":"https:\/\/junctionbot.io\/#website","url":"https:\/\/junctionbot.io\/","name":"Junction Bot","description":"Otomatik Kopyala \u0130leri D\u00f6n\u00fc\u015ft\u00fcr ve Telegram Kanal Gruplar\u0131n\u0131 ve Botlar\u0131n\u0131 \u00c7evir","publisher":{"@id":"https:\/\/junctionbot.io\/#organization"},"potentialAction":[{"@type":"SearchAction","target":{"@type":"EntryPoint","urlTemplate":"https:\/\/junctionbot.io\/?s={search_term_string}"},"query-input":{"@type":"PropertyValueSpecification","valueRequired":true,"valueName":"search_term_string"}}],"inLanguage":"tr"},{"@type":"Organization","@id":"https:\/\/junctionbot.io\/#organization","name":"Junction Bot","url":"https:\/\/junctionbot.io\/","logo":{"@type":"ImageObject","inLanguage":"tr","@id":"https:\/\/junctionbot.io\/#\/schema\/logo\/image\/","url":"\/wp-content\/uploads\/2020\/06\/junc_logo-400.jpg","contentUrl":"\/wp-content\/uploads\/2020\/06\/junc_logo-400.jpg","width":400,"height":400,"caption":"Junction Bot"},"image":{"@id":"https:\/\/junctionbot.io\/#\/schema\/logo\/image\/"}}]}},"_links":{"self":[{"href":"https:\/\/old.junctionbot.io\/tr\/wp-json\/wp\/v2\/pages\/3998","targetHints":{"allow":["GET"]}}],"collection":[{"href":"https:\/\/old.junctionbot.io\/tr\/wp-json\/wp\/v2\/pages"}],"about":[{"href":"https:\/\/old.junctionbot.io\/tr\/wp-json\/wp\/v2\/types\/page"}],"author":[{"embeddable":true,"href":"https:\/\/old.junctionbot.io\/tr\/wp-json\/wp\/v2\/users\/2"}],"replies":[{"embeddable":true,"href":"https:\/\/old.junctionbot.io\/tr\/wp-json\/wp\/v2\/comments?post=3998"}],"version-history":[{"count":1,"href":"https:\/\/old.junctionbot.io\/tr\/wp-json\/wp\/v2\/pages\/3998\/revisions"}],"predecessor-version":[{"id":4002,"href":"https:\/\/old.junctionbot.io\/tr\/wp-json\/wp\/v2\/pages\/3998\/revisions\/4002"}],"wp:attachment":[{"href":"https:\/\/old.junctionbot.io\/tr\/wp-json\/wp\/v2\/media?parent=3998"}],"curies":[{"name":"wp","href":"https:\/\/api.w.org\/{rel}","templated":true}]}}