{"id":4009,"date":"2023-06-25T14:41:53","date_gmt":"2023-06-25T12:41:53","guid":{"rendered":"https:\/\/docs.junction.space\/inceleme-modu\/"},"modified":"2023-12-01T11:15:14","modified_gmt":"2023-12-01T09:15:14","slug":"inceleme-modu","status":"publish","type":"page","link":"https:\/\/old.junctionbot.io\/tr\/inceleme-modu\/","title":{"rendered":"\u0130nceleme modu"},"content":{"rendered":"\n<h2 class=\"wp-block-heading\"><span class=\"ez-toc-section\" id=\"Inceleme_modu\"><\/span>\u0130nceleme modu<span class=\"ez-toc-section-end\"><\/span><\/h2>\n\n<p>Junction_Bot, g\u00f6nderileri hedefte yay\u0131nlamadan \u00f6nce kaynaktan manuel olarak d\u00fczenlemenize olanak tan\u0131yan bir \u00f6zelli\u011fe sahiptir. Ayr\u0131ca, yay\u0131nlanacak g\u00f6nderileri manuel olarak onaylaman\u0131za veya atlaman\u0131za da olanak tan\u0131r. Biz buna <strong>inceleme modu<\/strong> diyoruz. Bu nas\u0131l \u00e7al\u0131\u015f\u0131yor?<\/p>\n\n<ol class=\"wp-block-list\">\n<li><a href=\"\/forwarding\/#Creating_a_new_forward\">Yeni komutu ile yeni bir y\u00f6nlendirme kural\u0131 olu\u015fturun<\/a>. \u0130nceleme modunun yaln\u0131zca do\u011frudan ba\u011flant\u0131yla \u00e7al\u0131\u015ft\u0131\u011f\u0131n\u0131 unutmay\u0131n.<\/li>\n\n\n\n<li><code>review on<\/code> ayar\u0131n\u0131 <strong>Men\u00fc \u2192 Y\u00f6nlendirme ayarlar\u0131 \u2192 Kaynak ve hedef se\u00e7 \u2192 G\u00f6zden ge\u00e7irme modu<\/strong> alt\u0131ndaki kayna\u011fa uygulay\u0131n. Ayr\u0131ca, bunu yapmak i\u00e7in bir komut kullanabilirsiniz  <br\/><code>\/settingchannel <a href=\"\/settings-and-features\/#Referencing_a_source_channel\"><\/a><a href=\"\/settings-and-features\/#Referencing_a_source_channel\">source_channel_reference<\/a> review on<\/code><\/li>\n\n\n\n<li>Art\u0131k kaynaktaki her yeni g\u00f6nderi i\u00e7in <strong>ba\u011fl\u0131 hesab\u0131n\u0131z<\/strong> otomatik olarak bu g\u00f6nderinin bir kopyas\u0131n\u0131 \u00f6zel bot @Junction_Review_Bot&#8217;a g\u00f6nderecektir. Her g\u00f6nderinin alt\u0131nda kaynak ve hedef hakk\u0131nda bilgiler ve &#8220;Yay\u0131nla&#8221; ve &#8220;Atla&#8221; d\u00fc\u011fmeleri olacakt\u0131r.<\/li>\n\n\n\n<li>G\u00f6nderi hesab\u0131n\u0131z ad\u0131na yay\u0131nland\u0131\u011f\u0131ndan, g\u00f6nderiyi do\u011frudan @Junction_Review_Bot ile sohbet ederek d\u00fczenleyebilirsiniz.<\/li>\n\n\n\n<li>Ortaya \u00e7\u0131kan g\u00f6nderiyi hedefte yay\u0131nlamak istiyorsan\u0131z, &#8220;Yay\u0131nla&#8221; d\u00fc\u011fmesine t\u0131klay\u0131n.<\/li>\n<\/ol>\n\n<p>\u0130nceleme modunu devre d\u0131\u015f\u0131 b\u0131rakmak i\u00e7in Men\u00fc&#8217;y\u00fc veya \u015fu komutu kullan\u0131n<br\/><code>\/settingchannel <a href=\"\/settings-and-features\/#Referencing_a_source_channel\"><\/a><code><a href=\"\/settings-and-features-ru\/#%D0%A1%D1%81%D1%8B%D0%BB%D0%BA%D0%B0_%D0%BD%D0%B0_%D0%B8%D1%81%D1%82%D0%BE%D1%87%D0%BD%D0%B8%D0%BA\"><\/a><a href=\"\/settings-and-features\/#Referencing_a_source_channel\">source_channel_reference<\/a><\/code> review off<\/code><\/p>\n\n<p>Bu modla ilgili birka\u00e7 \u00f6nemli nokta:<\/p>\n\n<ul class=\"wp-block-list\">\n<li>Y\u00f6nlendirme kurallar\u0131n\u0131zda herhangi bir de\u011fi\u015ftirme ve filtre kullanmaya devam edebilirsiniz. Bunlar, mesaj incelenmek \u00fczere g\u00f6nderilmeden \u00f6nce uygulanacakt\u0131r.<\/li>\n\n\n\n<li>&#8220;Yay\u0131nla&#8221; d\u00fc\u011fmesini istedi\u011finiz kadar kullanabilirsiniz. Sistem her seferinde g\u00f6nderinin g\u00fcncel versiyonunu desti&#8217;de yay\u0131nlayacakt\u0131r.<\/li>\n\n\n\n<li>Bir inceleme modunu etkinle\u015ftirdi\u011finizde, <a href=\"\/direct-connection\/#Forwarding_messages_on_behalf_of_your_account\">hesab\u0131n\u0131z ad\u0131na teslimat\u0131<\/a> otomatik olarak etkinle\u015ftirmi\u015f olursunuz (<code>delivery copy_client<\/code>). Bu, ba\u011fl\u0131 hesab\u0131n hedefte yay\u0131nlama haklar\u0131na sahip olmas\u0131 gerekti\u011fi anlam\u0131na gelir. Ayr\u0131ca, orijinal g\u00f6nderideki d\u00fc\u011fmelerin aktar\u0131lmayaca\u011f\u0131 anlam\u0131na gelir.<\/li>\n\n\n\n<li>D\u00fczenleme kaynaktan hedefe otomatik olarak aktar\u0131lmaz.<\/li>\n<\/ul>\n","protected":false},"excerpt":{"rendered":"<p>\u0130nceleme modu Junction_Bot, g\u00f6nderileri hedefte yay\u0131nlamadan \u00f6nce kaynaktan manuel olarak d\u00fczenlemenize olanak tan\u0131yan bir \u00f6zelli\u011fe sahiptir. Ayr\u0131ca, yay\u0131nlanacak g\u00f6nderileri manuel olarak onaylaman\u0131za veya atlaman\u0131za da olanak tan\u0131r. Biz buna inceleme modu diyoruz. Bu nas\u0131l \u00e7al\u0131\u015f\u0131yor? \u0130nceleme modunu devre d\u0131\u015f\u0131 b\u0131rakmak i\u00e7in Men\u00fc&#8217;y\u00fc veya \u015fu komutu kullan\u0131n\/settingchannel source_channel_reference review off Bu modla ilgili birka\u00e7 \u00f6nemli nokta:<\/p>\n","protected":false},"author":2,"featured_media":0,"parent":0,"menu_order":0,"comment_status":"closed","ping_status":"closed","template":"","meta":{"nf_dc_page":"","_monsterinsights_skip_tracking":false,"_monsterinsights_sitenote_active":false,"_monsterinsights_sitenote_note":"","_monsterinsights_sitenote_category":0,"ocean_post_layout":"left-sidebar","ocean_both_sidebars_style":"","ocean_both_sidebars_content_width":0,"ocean_both_sidebars_sidebars_width":0,"ocean_sidebar":"0","ocean_second_sidebar":"0","ocean_disable_margins":"enable","ocean_add_body_class":"","ocean_shortcode_before_top_bar":"","ocean_shortcode_after_top_bar":"","ocean_shortcode_before_header":"","ocean_shortcode_after_header":"","ocean_has_shortcode":"","ocean_shortcode_after_title":"","ocean_shortcode_before_footer_widgets":"","ocean_shortcode_after_footer_widgets":"","ocean_shortcode_before_footer_bottom":"","ocean_shortcode_after_footer_bottom":"","ocean_display_top_bar":"default","ocean_display_header":"default","ocean_header_style":"","ocean_center_header_left_menu":"0","ocean_custom_header_template":"0","ocean_custom_logo":0,"ocean_custom_retina_logo":0,"ocean_custom_logo_max_width":0,"ocean_custom_logo_tablet_max_width":0,"ocean_custom_logo_mobile_max_width":0,"ocean_custom_logo_max_height":0,"ocean_custom_logo_tablet_max_height":0,"ocean_custom_logo_mobile_max_height":0,"ocean_header_custom_menu":"0","ocean_menu_typo_font_family":"0","ocean_menu_typo_font_subset":"","ocean_menu_typo_font_size":0,"ocean_menu_typo_font_size_tablet":0,"ocean_menu_typo_font_size_mobile":0,"ocean_menu_typo_font_size_unit":"px","ocean_menu_typo_font_weight":"","ocean_menu_typo_font_weight_tablet":"","ocean_menu_typo_font_weight_mobile":"","ocean_menu_typo_transform":"","ocean_menu_typo_transform_tablet":"","ocean_menu_typo_transform_mobile":"","ocean_menu_typo_line_height":0,"ocean_menu_typo_line_height_tablet":0,"ocean_menu_typo_line_height_mobile":0,"ocean_menu_typo_line_height_unit":"","ocean_menu_typo_spacing":0,"ocean_menu_typo_spacing_tablet":0,"ocean_menu_typo_spacing_mobile":0,"ocean_menu_typo_spacing_unit":"","ocean_menu_link_color":"","ocean_menu_link_color_hover":"","ocean_menu_link_color_active":"","ocean_menu_link_background":"","ocean_menu_link_hover_background":"","ocean_menu_link_active_background":"","ocean_menu_social_links_bg":"","ocean_menu_social_hover_links_bg":"","ocean_menu_social_links_color":"","ocean_menu_social_hover_links_color":"","ocean_disable_title":"default","ocean_disable_heading":"default","ocean_post_title":"","ocean_post_subheading":"","ocean_post_title_style":"","ocean_post_title_background_color":"","ocean_post_title_background":0,"ocean_post_title_bg_image_position":"","ocean_post_title_bg_image_attachment":"","ocean_post_title_bg_image_repeat":"","ocean_post_title_bg_image_size":"","ocean_post_title_height":0,"ocean_post_title_bg_overlay":0.5,"ocean_post_title_bg_overlay_color":"","ocean_disable_breadcrumbs":"default","ocean_breadcrumbs_color":"","ocean_breadcrumbs_separator_color":"","ocean_breadcrumbs_links_color":"","ocean_breadcrumbs_links_hover_color":"","ocean_display_footer_widgets":"default","ocean_display_footer_bottom":"default","ocean_custom_footer_template":"0","footnotes":""},"class_list":["post-4009","page","type-page","status-publish","hentry","entry"],"yoast_head":"<!-- This site is optimized with the Yoast SEO plugin v26.9 - https:\/\/yoast.com\/product\/yoast-seo-wordpress\/ -->\n<title>Junction Bot - \u0130nceleme modu<\/title>\n<meta name=\"robots\" content=\"index, follow, max-snippet:-1, max-image-preview:large, max-video-preview:-1\" \/>\n<link rel=\"canonical\" href=\"https:\/\/old.junctionbot.io\/tr\/inceleme-modu\/\" \/>\n<meta property=\"og:locale\" content=\"tr_TR\" \/>\n<meta property=\"og:type\" content=\"article\" \/>\n<meta property=\"og:title\" content=\"Junction Bot - \u0130nceleme modu\" \/>\n<meta property=\"og:description\" content=\"\u0130nceleme modu Junction_Bot, g\u00f6nderileri hedefte yay\u0131nlamadan \u00f6nce kaynaktan manuel olarak d\u00fczenlemenize olanak tan\u0131yan bir \u00f6zelli\u011fe sahiptir. Ayr\u0131ca, yay\u0131nlanacak g\u00f6nderileri manuel olarak onaylaman\u0131za veya atlaman\u0131za da olanak tan\u0131r. Biz buna inceleme modu diyoruz. Bu nas\u0131l \u00e7al\u0131\u015f\u0131yor? \u0130nceleme modunu devre d\u0131\u015f\u0131 b\u0131rakmak i\u00e7in Men\u00fc&#8217;y\u00fc veya \u015fu komutu kullan\u0131n\/settingchannel source_channel_reference review off Bu modla ilgili birka\u00e7 \u00f6nemli nokta:\" \/>\n<meta property=\"og:url\" content=\"https:\/\/old.junctionbot.io\/tr\/inceleme-modu\/\" \/>\n<meta property=\"og:site_name\" content=\"Junction Bot\" \/>\n<meta property=\"article:modified_time\" content=\"2023-12-01T09:15:14+00:00\" \/>\n<meta name=\"twitter:card\" content=\"summary_large_image\" \/>\n<meta name=\"twitter:label1\" content=\"Tahmini okuma s\u00fcresi\" \/>\n\t<meta name=\"twitter:data1\" content=\"2 dakika\" \/>\n<script type=\"application\/ld+json\" class=\"yoast-schema-graph\">{\"@context\":\"https:\/\/schema.org\",\"@graph\":[{\"@type\":\"WebPage\",\"@id\":\"https:\/\/old.junctionbot.io\/tr\/inceleme-modu\/\",\"url\":\"https:\/\/old.junctionbot.io\/tr\/inceleme-modu\/\",\"name\":\"Junction Bot - \u0130nceleme modu\",\"isPartOf\":{\"@id\":\"https:\/\/junctionbot.io\/#website\"},\"datePublished\":\"2023-06-25T12:41:53+00:00\",\"dateModified\":\"2023-12-01T09:15:14+00:00\",\"breadcrumb\":{\"@id\":\"https:\/\/old.junctionbot.io\/tr\/inceleme-modu\/#breadcrumb\"},\"inLanguage\":\"tr\",\"potentialAction\":[{\"@type\":\"ReadAction\",\"target\":[\"https:\/\/old.junctionbot.io\/tr\/inceleme-modu\/\"]}]},{\"@type\":\"BreadcrumbList\",\"@id\":\"https:\/\/old.junctionbot.io\/tr\/inceleme-modu\/#breadcrumb\",\"itemListElement\":[{\"@type\":\"ListItem\",\"position\":1,\"name\":\"Home\",\"item\":\"https:\/\/junctionbot.io\/tr\/\"},{\"@type\":\"ListItem\",\"position\":2,\"name\":\"\u0130nceleme modu\"}]},{\"@type\":\"WebSite\",\"@id\":\"https:\/\/junctionbot.io\/#website\",\"url\":\"https:\/\/junctionbot.io\/\",\"name\":\"Junction Bot\",\"description\":\"Otomatik Kopyala \u0130leri D\u00f6n\u00fc\u015ft\u00fcr ve Telegram Kanal Gruplar\u0131n\u0131 ve Botlar\u0131n\u0131 \u00c7evir\",\"publisher\":{\"@id\":\"https:\/\/junctionbot.io\/#organization\"},\"potentialAction\":[{\"@type\":\"SearchAction\",\"target\":{\"@type\":\"EntryPoint\",\"urlTemplate\":\"https:\/\/junctionbot.io\/?s={search_term_string}\"},\"query-input\":{\"@type\":\"PropertyValueSpecification\",\"valueRequired\":true,\"valueName\":\"search_term_string\"}}],\"inLanguage\":\"tr\"},{\"@type\":\"Organization\",\"@id\":\"https:\/\/junctionbot.io\/#organization\",\"name\":\"Junction Bot\",\"url\":\"https:\/\/junctionbot.io\/\",\"logo\":{\"@type\":\"ImageObject\",\"inLanguage\":\"tr\",\"@id\":\"https:\/\/junctionbot.io\/#\/schema\/logo\/image\/\",\"url\":\"\/wp-content\/uploads\/2020\/06\/junc_logo-400.jpg\",\"contentUrl\":\"\/wp-content\/uploads\/2020\/06\/junc_logo-400.jpg\",\"width\":400,\"height\":400,\"caption\":\"Junction Bot\"},\"image\":{\"@id\":\"https:\/\/junctionbot.io\/#\/schema\/logo\/image\/\"}}]}<\/script>\n<!-- \/ Yoast SEO plugin. -->","yoast_head_json":{"title":"Junction Bot - \u0130nceleme modu","robots":{"index":"index","follow":"follow","max-snippet":"max-snippet:-1","max-image-preview":"max-image-preview:large","max-video-preview":"max-video-preview:-1"},"canonical":"https:\/\/old.junctionbot.io\/tr\/inceleme-modu\/","og_locale":"tr_TR","og_type":"article","og_title":"Junction Bot - \u0130nceleme modu","og_description":"\u0130nceleme modu Junction_Bot, g\u00f6nderileri hedefte yay\u0131nlamadan \u00f6nce kaynaktan manuel olarak d\u00fczenlemenize olanak tan\u0131yan bir \u00f6zelli\u011fe sahiptir. Ayr\u0131ca, yay\u0131nlanacak g\u00f6nderileri manuel olarak onaylaman\u0131za veya atlaman\u0131za da olanak tan\u0131r. Biz buna inceleme modu diyoruz. Bu nas\u0131l \u00e7al\u0131\u015f\u0131yor? \u0130nceleme modunu devre d\u0131\u015f\u0131 b\u0131rakmak i\u00e7in Men\u00fc&#8217;y\u00fc veya \u015fu komutu kullan\u0131n\/settingchannel source_channel_reference review off Bu modla ilgili birka\u00e7 \u00f6nemli nokta:","og_url":"https:\/\/old.junctionbot.io\/tr\/inceleme-modu\/","og_site_name":"Junction Bot","article_modified_time":"2023-12-01T09:15:14+00:00","twitter_card":"summary_large_image","twitter_misc":{"Tahmini okuma s\u00fcresi":"2 dakika"},"schema":{"@context":"https:\/\/schema.org","@graph":[{"@type":"WebPage","@id":"https:\/\/old.junctionbot.io\/tr\/inceleme-modu\/","url":"https:\/\/old.junctionbot.io\/tr\/inceleme-modu\/","name":"Junction Bot - \u0130nceleme modu","isPartOf":{"@id":"https:\/\/junctionbot.io\/#website"},"datePublished":"2023-06-25T12:41:53+00:00","dateModified":"2023-12-01T09:15:14+00:00","breadcrumb":{"@id":"https:\/\/old.junctionbot.io\/tr\/inceleme-modu\/#breadcrumb"},"inLanguage":"tr","potentialAction":[{"@type":"ReadAction","target":["https:\/\/old.junctionbot.io\/tr\/inceleme-modu\/"]}]},{"@type":"BreadcrumbList","@id":"https:\/\/old.junctionbot.io\/tr\/inceleme-modu\/#breadcrumb","itemListElement":[{"@type":"ListItem","position":1,"name":"Home","item":"https:\/\/junctionbot.io\/tr\/"},{"@type":"ListItem","position":2,"name":"\u0130nceleme modu"}]},{"@type":"WebSite","@id":"https:\/\/junctionbot.io\/#website","url":"https:\/\/junctionbot.io\/","name":"Junction Bot","description":"Otomatik Kopyala \u0130leri D\u00f6n\u00fc\u015ft\u00fcr ve Telegram Kanal Gruplar\u0131n\u0131 ve Botlar\u0131n\u0131 \u00c7evir","publisher":{"@id":"https:\/\/junctionbot.io\/#organization"},"potentialAction":[{"@type":"SearchAction","target":{"@type":"EntryPoint","urlTemplate":"https:\/\/junctionbot.io\/?s={search_term_string}"},"query-input":{"@type":"PropertyValueSpecification","valueRequired":true,"valueName":"search_term_string"}}],"inLanguage":"tr"},{"@type":"Organization","@id":"https:\/\/junctionbot.io\/#organization","name":"Junction Bot","url":"https:\/\/junctionbot.io\/","logo":{"@type":"ImageObject","inLanguage":"tr","@id":"https:\/\/junctionbot.io\/#\/schema\/logo\/image\/","url":"\/wp-content\/uploads\/2020\/06\/junc_logo-400.jpg","contentUrl":"\/wp-content\/uploads\/2020\/06\/junc_logo-400.jpg","width":400,"height":400,"caption":"Junction Bot"},"image":{"@id":"https:\/\/junctionbot.io\/#\/schema\/logo\/image\/"}}]}},"_links":{"self":[{"href":"https:\/\/old.junctionbot.io\/tr\/wp-json\/wp\/v2\/pages\/4009","targetHints":{"allow":["GET"]}}],"collection":[{"href":"https:\/\/old.junctionbot.io\/tr\/wp-json\/wp\/v2\/pages"}],"about":[{"href":"https:\/\/old.junctionbot.io\/tr\/wp-json\/wp\/v2\/types\/page"}],"author":[{"embeddable":true,"href":"https:\/\/old.junctionbot.io\/tr\/wp-json\/wp\/v2\/users\/2"}],"replies":[{"embeddable":true,"href":"https:\/\/old.junctionbot.io\/tr\/wp-json\/wp\/v2\/comments?post=4009"}],"version-history":[{"count":1,"href":"https:\/\/old.junctionbot.io\/tr\/wp-json\/wp\/v2\/pages\/4009\/revisions"}],"predecessor-version":[{"id":4014,"href":"https:\/\/old.junctionbot.io\/tr\/wp-json\/wp\/v2\/pages\/4009\/revisions\/4014"}],"wp:attachment":[{"href":"https:\/\/old.junctionbot.io\/tr\/wp-json\/wp\/v2\/media?parent=4009"}],"curies":[{"name":"wp","href":"https:\/\/api.w.org\/{rel}","templated":true}]}}