{"id":4012,"date":"2020-05-01T15:29:24","date_gmt":"2020-05-01T13:29:24","guid":{"rendered":"https:\/\/docs.junction.space\/dugmeler\/"},"modified":"2023-12-01T11:15:15","modified_gmt":"2023-12-01T09:15:15","slug":"dugmeler","status":"publish","type":"page","link":"https:\/\/old.junctionbot.io\/tr\/dugmeler\/","title":{"rendered":"D\u00fc\u011fmeler"},"content":{"rendered":"\n<h2 class=\"wp-block-heading\"><span class=\"ez-toc-section\" id=\"Dugmeler\"><\/span>D\u00fc\u011fmeler<span class=\"ez-toc-section-end\"><\/span><\/h2>\n\n<p>Ortaya \u00e7\u0131kan mesajlar\u0131n d\u00fc\u011fmelerini kolayca \u00f6zelle\u015ftirebilirsiniz.<\/p>\n\n<h3 class=\"wp-block-heading\"><span class=\"ez-toc-section\" id=\"Geri_bildirim_dugmeleri\"><\/span>Geri bildirim d\u00fc\u011fmeleri<span class=\"ez-toc-section-end\"><\/span><\/h3>\n\n<pre class=\"wp-block-preformatted\">Nerede o?  \n<strong>Men\u00fc \u2192 Y\u00f6nlendirme ayarlar\u0131 \u2192 Kaynak ve hedef se\u00e7 \u2192 Geri bildirim d\u00fc\u011fmeleri<\/strong><\/pre>\n\n<p>Bir mesaja geri bildirim d\u00fc\u011fmeleri ekleyin, \u00f6rne\u011fin a\u015fa\u011f\u0131daki <strong>gibi<\/strong>.<\/p>\n\n<details class=\"wp-block-mamaduka-toggles wp-block-toggles\"><summary>\u23f5Commands<\/summary><div class=\"wp-block-toggles__content\">\n<pre class=\"wp-block-preformatted\"><span class=\"cool-title\">\/setting gibi<\/span> + a\u015fa\u011f\u0131daki se\u00e7eneklerden biri:\n\n<span class=\"cool-title\">yok<\/span> - d\u00fc\u011fme yok\nEx.  <code>\/setting like none<\/code>\n\n<span class=\"cool-title\">1<\/span> - d\u00fc\u011fme ????\nEx.  <code>\/setting like 1<\/code>\n\n<span class=\"cool-title\">2<\/span> - iki d\u00fc\u011fme: ???? ve ????\nEx.  <code>\/setting like 2<\/code>\n\nBa\u015fka bir dize eklerseniz - bu dizenin her kelimesi bir d\u00fc\u011fme olacakt\u0131r, yani \"???? ????\" dizesi \u00f6nceki se\u00e7enek 2 ile ayn\u0131d\u0131r\nEx.  <code>\/setting like ???? ????<\/code>\nEx.  <code>\/setting like yes no maybe<\/code>  - 'evet', 'hay\u0131r', 'belki' olmak \u00fczere 3 d\u00fc\u011fme ekleyecektir<\/pre>\n\n\n\n<p>Bu ayar\u0131 men\u00fcden yapabilece\u011finiz gibi komutlar\u0131 da kullanabilirsiniz. Komutlar\u0131 kullan\u0131yorsan\u0131z, bu ayar\u0131 yaln\u0131zca bir kanala uygulamak i\u00e7in <code>\/setting<\/code> komutunu <code>\/settingchannel <a href=\"\/tr\/ayarlar-ve-ozellikler\/#Referencing_a_source_channel\">source_channel_reference<\/a><\/code> ile de\u011fi\u015ftirin<a href=\"\/tr\/ayarlar-ve-ozellikler\/#Applying_settings_to_one_or_all_channels\">(devam\u0131n\u0131 okuyun<\/a>).<\/p>\n<\/div><\/details>\n\n<h3 class=\"wp-block-heading\"><span class=\"ez-toc-section\" id=\"Kopyalama_dugmeleri\"><\/span>Kopyalama d\u00fc\u011fmeleri<span class=\"ez-toc-section-end\"><\/span><\/h3>\n\n<pre class=\"wp-block-preformatted\">Nerede o?  \n<strong>Men\u00fc \u2192 Y\u00f6nlendirme ayarlar\u0131 \u2192 Kaynak ve hedef se\u00e7 \u2192 Orijinal d\u00fc\u011fmeleri<\/strong><\/pre>\n\n<p>Bu ayarla, orijinal mesajdan hangi d\u00fc\u011fmeleri saklamak istedi\u011finizi se\u00e7ebilirsiniz. Telegram&#8217;\u0131n \u00e7al\u0131\u015fma \u015fekli nedeniyle, yaln\u0131zca URL d\u00fc\u011fmelerinin t\u0131kland\u0131\u011f\u0131nda ger\u00e7ekten \u00e7al\u0131\u015faca\u011f\u0131n\u0131 unutmay\u0131n.<\/p>\n\n<details class=\"wp-block-mamaduka-toggles wp-block-toggles\"><summary>\u23f5Commands<\/summary><div class=\"wp-block-toggles__content\">\n<pre class=\"wp-block-preformatted\"><span class=\"cool-title\">\/ayar d\u00fc\u011fmeleri<\/span> + a\u015fa\u011f\u0131daki se\u00e7eneklerden biri:\n\n<span class=\"cool-title\">yok<\/span> - <span class=\"cool-title\">hi\u00e7bir<\/span> d\u00fc\u011fmeyi kopyalamay\u0131n\nEx.  <code>\/setting buttons none<\/code>\n\n<span class=\"cool-title\">url<\/span> - Yaln\u0131zca URL d\u00fc\u011fmeleri\nEx.  <code>\/setting buttons url<\/code>\n\n<span class=\"cool-title\">\u00f6zel<\/span> - yaln\u0131zca URL olmayan d\u00fc\u011fmeler\nEx.  <code>\/setting buttons special<\/code>\n\n<span class=\"cool-title\">t\u00fcm<\/span> - t\u00fcm d\u00fc\u011fmeleri kopyala\nEx.  <code>\/setting buttons all<\/code><\/pre>\n\n\n\n<p>Bu ayar\u0131 men\u00fcden yapabilece\u011finiz gibi komutlar\u0131 da kullanabilirsiniz. Komutlar\u0131 kullan\u0131yorsan\u0131z, bu ayar\u0131 yaln\u0131zca bir kanala uygulamak i\u00e7in <code>\/setting<\/code> komutunu <code>\/settingchannel <a href=\"\/tr\/ayarlar-ve-ozellikler\/#Referencing_a_source_channel\">source_channel_reference<\/a><\/code> ile de\u011fi\u015ftirin<a href=\"\/tr\/ayarlar-ve-ozellikler\/#Applying_settings_to_one_or_all_channels\">(devam\u0131n\u0131 okuyun<\/a>).<\/p>\n<\/div><\/details>\n\n<h3 class=\"wp-block-heading\"><span class=\"ez-toc-section\" id=\"Ozel_dugmelerinizi_ekleyin\"><\/span>\u00d6zel d\u00fc\u011fmelerinizi ekleyin<span class=\"ez-toc-section-end\"><\/span><\/h3>\n\n<pre class=\"wp-block-preformatted\">Nerede o?  \n<strong>Men\u00fc \u2192 Y\u00f6nlendirme ayarlar\u0131 \u2192 Kaynak ve hedef se\u00e7 \u2192 \u00d6zel d\u00fc\u011fmeler<\/strong><\/pre>\n\n<p>\u0130letti\u011finiz mesajlara \u00f6zel URL d\u00fc\u011fmeleri ekleyebilirsiniz.<\/p>\n\n<details class=\"wp-block-mamaduka-toggles wp-block-toggles\"><summary>\u23f5Commands<\/summary><div class=\"wp-block-toggles__content\">\n<pre class=\"wp-block-preformatted\"><span class=\"cool-title\">\/setting mybuttons<\/span> + a\u015fa\u011f\u0131daki se\u00e7eneklerden biri:\n\n<span class=\"cool-title\">yok<\/span> - \u00f6zel d\u00fc\u011fmelerinizi eklemeyin\nEx.  <code>\/setting mybuttons none<\/code>\n\n<span class=\"cool-title\">[button1] [button2]<\/span>  - d\u00fc\u011fmelerinizin bir listesini ayarlamak i\u00e7in\nFormat:  \n<code>\/setting mybuttons\nURL text-of-the-button<\/code>\n\u00d6rnek:\n<code>\/setting mybuttons\nhttps:\/\/junction.space About us\nhttps:\/\/tgchannels.org All channels<\/code><\/pre>\n\n\n\n<p>Bu ayar\u0131 men\u00fcden yapabilece\u011finiz gibi komutlar\u0131 da kullanabilirsiniz. Komutlar\u0131 kullan\u0131yorsan\u0131z, bu ayar\u0131 yaln\u0131zca bir kanala uygulamak i\u00e7in <code>\/setting<\/code> komutunu <code>\/settingchannel <a href=\"\/tr\/ayarlar-ve-ozellikler\/#Referencing_a_source_channel\">source_channel_reference<\/a><\/code> ile de\u011fi\u015ftirin<a href=\"\/tr\/ayarlar-ve-ozellikler\/#Applying_settings_to_one_or_all_channels\">(devam\u0131n\u0131 okuyun<\/a>).<\/p>\n<\/div><\/details>\n\n<h3 class=\"wp-block-heading\"><span class=\"ez-toc-section\" id=\"Uyari_dugmelerini_kopyala\"><\/span>Uyar\u0131 d\u00fc\u011fmelerini kopyala<span class=\"ez-toc-section-end\"><\/span><\/h3>\n\n<pre class=\"wp-block-preformatted\">Nerede o?  \n<strong>Men\u00fc \u2192 Y\u00f6nlendirme ayarlar\u0131 \u2192 Kaynak ve hedef se\u00e7in \u2192 d\u00fc\u011fmesine t\u0131klay\u0131n<\/strong><\/pre>\n\n<p>Bu ayarla, t\u0131kland\u0131klar\u0131nda uyar\u0131 g\u00f6steren d\u00fc\u011fmelerin kopyalanmas\u0131n\u0131 etkinle\u015ftirebilirsiniz. G\u00f6nderinin basit bir \u015fekilde \u00e7o\u011falt\u0131lmas\u0131, Telegram&#8217;\u0131n bu t\u00fcr bir d\u00fc\u011fmeye tepkisini iletmez. Bu durum i\u00e7in botumuz daha derin bir kopyalama mekanizmas\u0131 uygulamaktad\u0131r.<\/p>\n\n<details class=\"wp-block-mamaduka-toggles wp-block-toggles\"><summary>\u23f5Commands<\/summary><div class=\"wp-block-toggles__content\">\n<pre class=\"wp-block-preformatted\"><span class=\"cool-title\">\/settingchannel <a href=\"\/settings-and-features\/#Referencing_a_source_channel\">source_channel_reference<\/a> click<\/span> + a\u015fa\u011f\u0131daki se\u00e7eneklerden biri:\n\n<span class=\"cool-title\">yok<\/span> - uyar\u0131 d\u00fc\u011fmelerini kopyalamay\u0131n\n\u00d6rnek:  <code>\/settingchannel <code><a href=\"\/settings-and-features\/#Referencing_a_source_channel\">source_channel_reference<\/a><\/code> click none<\/code>\n\n<span class=\"cool-title\">.*<\/span> - t\u00fcm uyar\u0131 d\u00fc\u011fmelerini kopyala\n\u00d6rnek:  <code>\/settingchannel <code><a href=\"\/settings-and-features\/#Referencing_a_source_channel\">source_channel_reference<\/a><\/code> click .*<\/code>\n\n<span class=\"cool-title\">herhangi bir d\u00fczenli ifade<\/span> - bu ifadeyle e\u015fle\u015fen bir metne sahip uyar\u0131 d\u00fc\u011fmelerini kopyala\n\u00d6rnek:  <code>\/settingchannel <code><a href=\"\/settings-and-features\/#Referencing_a_source_channel\">source_channel_reference<\/a><\/code> click Show<\/code><\/pre>\n\n\n\n<p>Bu ayar\u0131 men\u00fcden yapabilece\u011finiz gibi komutlar\u0131 da kullanabilirsiniz. Komutlar\u0131 kullan\u0131yorsan\u0131z, bu ayar\u0131 yaln\u0131zca bir kanala uygulamak i\u00e7in <code>\/setting<\/code> komutunu <code>\/settingchannel <a href=\"\/tr\/ayarlar-ve-ozellikler\/#Referencing_a_source_channel\">source_channel_reference<\/a><\/code> ile de\u011fi\u015ftirin<a href=\"\/tr\/ayarlar-ve-ozellikler\/#Applying_settings_to_one_or_all_channels\">(devam\u0131n\u0131 okuyun<\/a>).<\/p>\n<\/div><\/details>\n\n<p>Bu ayar\u0131n yaln\u0131zca <a href=\"\/direct-connection\/\" data-type=\"URL\" data-id=\"\/direct-connection\/\">Do\u011frudan Ba\u011flant\u0131<\/a>, \u00f6zel ve <a href=\"\/tr\/dogru-hesap-turunu-secme\/#Extra_packages\">ekspres<\/a> kanallar ve gruplar i\u00e7in \u00e7al\u0131\u015ft\u0131\u011f\u0131n\u0131 l\u00fctfen unutmay\u0131n. Ayr\u0131ca, <a href=\"\/direct-connection\/#Forwarding_messages_on_behalf_of_your_account\">hesab\u0131n\u0131z ad\u0131na mesaj iletiyorsan\u0131z<\/a> bu ayar \u00e7al\u0131\u015fmayacakt\u0131r.<\/p>\n\n<p>Kaynakta d\u00fc\u011fmeli bir mesaj g\u00f6r\u00fcn\u00fcr g\u00f6r\u00fcnmez, bot bildirimi okumak i\u00e7in hemen bu d\u00fc\u011fmeye t\u0131klayacakt\u0131r. Bir ki\u015finin d\u00fc\u011fmeye an\u0131nda basmayaca\u011f\u0131 a\u00e7\u0131kt\u0131r. Botun davran\u0131\u015f\u0131n\u0131 insana daha yak\u0131n hale getirmek i\u00e7in, t\u0131klamadan \u00f6nce rastgele bir gecikme ayarlayabilirsiniz. Do\u011fal g\u00f6r\u00fcnmemesi i\u00e7in muhtemelen alt kenarl\u0131\u011f\u0131 \u00e7ok k\u00fc\u00e7\u00fck yapmak istemezsiniz. Ancak bunu \u00e7ok b\u00fcy\u00fck yapmak da istemezsiniz, \u00e7\u00fcnk\u00fc mesajlar hedefe bu gecikmeyle ula\u015facakt\u0131r.<\/p>\n\n<p>Bu nedenle, gecikmeyi ayarlamak i\u00e7in bir parametre daha ekleyin &#8211; saniye cinsinden aral\u0131k. \u00d6rne\u011fin, \u015fu komutlar\u0131 kullan\u0131yorsan\u0131z:<\/p>\n\n<p><code>\/settingchannel source_reference click. * 15-300<\/code><\/p>\n\n<p>Herhangi bir uyar\u0131 d\u00fc\u011fmesini 15 ila 300 saniye aras\u0131nda rastgele bir gecikmeyle t\u0131klayarak kopyalar.<br\/>Bu ayar yaln\u0131zca <a href=\"\/direct-connection\/\">Do\u011frudan Ba\u011flant\u0131da<\/a> \u00e7al\u0131\u015f\u0131r.<\/p>\n\n<p>Ayr\u0131ca, uyar\u0131 metnini mesaj\u0131n g\u00f6vdesine yerle\u015ftirmek ve d\u00fc\u011fmenin kendisini kopyalamamak da m\u00fcmk\u00fcnd\u00fcr. Bunun i\u00e7in bir arg\u00fcman daha ekleyin <code>body<\/code>:<\/p>\n\n<p> <code>\/settingchannel source_reference click. * 15-300<\/code> <code>body<\/code><\/p>\n","protected":false},"excerpt":{"rendered":"<p>D\u00fc\u011fmeler Ortaya \u00e7\u0131kan mesajlar\u0131n d\u00fc\u011fmelerini kolayca \u00f6zelle\u015ftirebilirsiniz. Geri bildirim d\u00fc\u011fmeleri Nerede o? Men\u00fc \u2192 Y\u00f6nlendirme ayarlar\u0131 \u2192 Kaynak ve hedef se\u00e7 \u2192 Geri bildirim d\u00fc\u011fmeleri Bir mesaja geri bildirim d\u00fc\u011fmeleri ekleyin, \u00f6rne\u011fin a\u015fa\u011f\u0131daki gibi. Kopyalama d\u00fc\u011fmeleri Nerede o? Men\u00fc \u2192 Y\u00f6nlendirme ayarlar\u0131 \u2192 Kaynak ve hedef se\u00e7 \u2192 Orijinal d\u00fc\u011fmeleri Bu ayarla, orijinal mesajdan hangi [&hellip;]<\/p>\n","protected":false},"author":1,"featured_media":0,"parent":0,"menu_order":0,"comment_status":"closed","ping_status":"closed","template":"","meta":{"nf_dc_page":"","_monsterinsights_skip_tracking":false,"_monsterinsights_sitenote_active":false,"_monsterinsights_sitenote_note":"","_monsterinsights_sitenote_category":0,"ocean_post_layout":"","ocean_both_sidebars_style":"","ocean_both_sidebars_content_width":0,"ocean_both_sidebars_sidebars_width":0,"ocean_sidebar":"0","ocean_second_sidebar":"0","ocean_disable_margins":"enable","ocean_add_body_class":"","ocean_shortcode_before_top_bar":"","ocean_shortcode_after_top_bar":"","ocean_shortcode_before_header":"","ocean_shortcode_after_header":"","ocean_has_shortcode":"","ocean_shortcode_after_title":"","ocean_shortcode_before_footer_widgets":"","ocean_shortcode_after_footer_widgets":"","ocean_shortcode_before_footer_bottom":"","ocean_shortcode_after_footer_bottom":"","ocean_display_top_bar":"default","ocean_display_header":"default","ocean_header_style":"","ocean_center_header_left_menu":"0","ocean_custom_header_template":"0","ocean_custom_logo":0,"ocean_custom_retina_logo":0,"ocean_custom_logo_max_width":0,"ocean_custom_logo_tablet_max_width":0,"ocean_custom_logo_mobile_max_width":0,"ocean_custom_logo_max_height":0,"ocean_custom_logo_tablet_max_height":0,"ocean_custom_logo_mobile_max_height":0,"ocean_header_custom_menu":"0","ocean_menu_typo_font_family":"0","ocean_menu_typo_font_subset":"","ocean_menu_typo_font_size":0,"ocean_menu_typo_font_size_tablet":0,"ocean_menu_typo_font_size_mobile":0,"ocean_menu_typo_font_size_unit":"px","ocean_menu_typo_font_weight":"","ocean_menu_typo_font_weight_tablet":"","ocean_menu_typo_font_weight_mobile":"","ocean_menu_typo_transform":"","ocean_menu_typo_transform_tablet":"","ocean_menu_typo_transform_mobile":"","ocean_menu_typo_line_height":0,"ocean_menu_typo_line_height_tablet":0,"ocean_menu_typo_line_height_mobile":0,"ocean_menu_typo_line_height_unit":"","ocean_menu_typo_spacing":0,"ocean_menu_typo_spacing_tablet":0,"ocean_menu_typo_spacing_mobile":0,"ocean_menu_typo_spacing_unit":"","ocean_menu_link_color":"","ocean_menu_link_color_hover":"","ocean_menu_link_color_active":"","ocean_menu_link_background":"","ocean_menu_link_hover_background":"","ocean_menu_link_active_background":"","ocean_menu_social_links_bg":"","ocean_menu_social_hover_links_bg":"","ocean_menu_social_links_color":"","ocean_menu_social_hover_links_color":"","ocean_disable_title":"default","ocean_disable_heading":"default","ocean_post_title":"","ocean_post_subheading":"","ocean_post_title_style":"","ocean_post_title_background_color":"","ocean_post_title_background":0,"ocean_post_title_bg_image_position":"","ocean_post_title_bg_image_attachment":"","ocean_post_title_bg_image_repeat":"","ocean_post_title_bg_image_size":"","ocean_post_title_height":0,"ocean_post_title_bg_overlay":0.5,"ocean_post_title_bg_overlay_color":"","ocean_disable_breadcrumbs":"default","ocean_breadcrumbs_color":"","ocean_breadcrumbs_separator_color":"","ocean_breadcrumbs_links_color":"","ocean_breadcrumbs_links_hover_color":"","ocean_display_footer_widgets":"default","ocean_display_footer_bottom":"default","ocean_custom_footer_template":"0","footnotes":""},"class_list":["post-4012","page","type-page","status-publish","hentry","entry"],"yoast_head":"<!-- This site is optimized with the Yoast SEO plugin v26.9 - https:\/\/yoast.com\/product\/yoast-seo-wordpress\/ -->\n<title>Junction Bot - D\u00fc\u011fmeler<\/title>\n<meta name=\"robots\" content=\"index, follow, max-snippet:-1, max-image-preview:large, max-video-preview:-1\" \/>\n<link rel=\"canonical\" href=\"https:\/\/old.junctionbot.io\/tr\/dugmeler\/\" \/>\n<meta property=\"og:locale\" content=\"tr_TR\" \/>\n<meta property=\"og:type\" content=\"article\" \/>\n<meta property=\"og:title\" content=\"Junction Bot - D\u00fc\u011fmeler\" \/>\n<meta property=\"og:description\" content=\"D\u00fc\u011fmeler Ortaya \u00e7\u0131kan mesajlar\u0131n d\u00fc\u011fmelerini kolayca \u00f6zelle\u015ftirebilirsiniz. Geri bildirim d\u00fc\u011fmeleri Nerede o? Men\u00fc \u2192 Y\u00f6nlendirme ayarlar\u0131 \u2192 Kaynak ve hedef se\u00e7 \u2192 Geri bildirim d\u00fc\u011fmeleri Bir mesaja geri bildirim d\u00fc\u011fmeleri ekleyin, \u00f6rne\u011fin a\u015fa\u011f\u0131daki gibi. Kopyalama d\u00fc\u011fmeleri Nerede o? Men\u00fc \u2192 Y\u00f6nlendirme ayarlar\u0131 \u2192 Kaynak ve hedef se\u00e7 \u2192 Orijinal d\u00fc\u011fmeleri Bu ayarla, orijinal mesajdan hangi [&hellip;]\" \/>\n<meta property=\"og:url\" content=\"https:\/\/old.junctionbot.io\/tr\/dugmeler\/\" \/>\n<meta property=\"og:site_name\" content=\"Junction Bot\" \/>\n<meta property=\"article:modified_time\" content=\"2023-12-01T09:15:15+00:00\" \/>\n<meta name=\"twitter:card\" content=\"summary_large_image\" \/>\n<meta name=\"twitter:label1\" content=\"Tahmini okuma s\u00fcresi\" \/>\n\t<meta name=\"twitter:data1\" content=\"3 dakika\" \/>\n<script type=\"application\/ld+json\" class=\"yoast-schema-graph\">{\"@context\":\"https:\/\/schema.org\",\"@graph\":[{\"@type\":\"WebPage\",\"@id\":\"https:\/\/old.junctionbot.io\/tr\/dugmeler\/\",\"url\":\"https:\/\/old.junctionbot.io\/tr\/dugmeler\/\",\"name\":\"Junction Bot - D\u00fc\u011fmeler\",\"isPartOf\":{\"@id\":\"https:\/\/junctionbot.io\/#website\"},\"datePublished\":\"2020-05-01T13:29:24+00:00\",\"dateModified\":\"2023-12-01T09:15:15+00:00\",\"breadcrumb\":{\"@id\":\"https:\/\/old.junctionbot.io\/tr\/dugmeler\/#breadcrumb\"},\"inLanguage\":\"tr\",\"potentialAction\":[{\"@type\":\"ReadAction\",\"target\":[\"https:\/\/old.junctionbot.io\/tr\/dugmeler\/\"]}]},{\"@type\":\"BreadcrumbList\",\"@id\":\"https:\/\/old.junctionbot.io\/tr\/dugmeler\/#breadcrumb\",\"itemListElement\":[{\"@type\":\"ListItem\",\"position\":1,\"name\":\"Home\",\"item\":\"https:\/\/junctionbot.io\/tr\/\"},{\"@type\":\"ListItem\",\"position\":2,\"name\":\"D\u00fc\u011fmeler\"}]},{\"@type\":\"WebSite\",\"@id\":\"https:\/\/junctionbot.io\/#website\",\"url\":\"https:\/\/junctionbot.io\/\",\"name\":\"Junction Bot\",\"description\":\"Otomatik Kopyala \u0130leri D\u00f6n\u00fc\u015ft\u00fcr ve Telegram Kanal Gruplar\u0131n\u0131 ve Botlar\u0131n\u0131 \u00c7evir\",\"publisher\":{\"@id\":\"https:\/\/junctionbot.io\/#organization\"},\"potentialAction\":[{\"@type\":\"SearchAction\",\"target\":{\"@type\":\"EntryPoint\",\"urlTemplate\":\"https:\/\/junctionbot.io\/?s={search_term_string}\"},\"query-input\":{\"@type\":\"PropertyValueSpecification\",\"valueRequired\":true,\"valueName\":\"search_term_string\"}}],\"inLanguage\":\"tr\"},{\"@type\":\"Organization\",\"@id\":\"https:\/\/junctionbot.io\/#organization\",\"name\":\"Junction Bot\",\"url\":\"https:\/\/junctionbot.io\/\",\"logo\":{\"@type\":\"ImageObject\",\"inLanguage\":\"tr\",\"@id\":\"https:\/\/junctionbot.io\/#\/schema\/logo\/image\/\",\"url\":\"\/wp-content\/uploads\/2020\/06\/junc_logo-400.jpg\",\"contentUrl\":\"\/wp-content\/uploads\/2020\/06\/junc_logo-400.jpg\",\"width\":400,\"height\":400,\"caption\":\"Junction Bot\"},\"image\":{\"@id\":\"https:\/\/junctionbot.io\/#\/schema\/logo\/image\/\"}}]}<\/script>\n<!-- \/ Yoast SEO plugin. -->","yoast_head_json":{"title":"Junction Bot - D\u00fc\u011fmeler","robots":{"index":"index","follow":"follow","max-snippet":"max-snippet:-1","max-image-preview":"max-image-preview:large","max-video-preview":"max-video-preview:-1"},"canonical":"https:\/\/old.junctionbot.io\/tr\/dugmeler\/","og_locale":"tr_TR","og_type":"article","og_title":"Junction Bot - D\u00fc\u011fmeler","og_description":"D\u00fc\u011fmeler Ortaya \u00e7\u0131kan mesajlar\u0131n d\u00fc\u011fmelerini kolayca \u00f6zelle\u015ftirebilirsiniz. Geri bildirim d\u00fc\u011fmeleri Nerede o? Men\u00fc \u2192 Y\u00f6nlendirme ayarlar\u0131 \u2192 Kaynak ve hedef se\u00e7 \u2192 Geri bildirim d\u00fc\u011fmeleri Bir mesaja geri bildirim d\u00fc\u011fmeleri ekleyin, \u00f6rne\u011fin a\u015fa\u011f\u0131daki gibi. Kopyalama d\u00fc\u011fmeleri Nerede o? Men\u00fc \u2192 Y\u00f6nlendirme ayarlar\u0131 \u2192 Kaynak ve hedef se\u00e7 \u2192 Orijinal d\u00fc\u011fmeleri Bu ayarla, orijinal mesajdan hangi [&hellip;]","og_url":"https:\/\/old.junctionbot.io\/tr\/dugmeler\/","og_site_name":"Junction Bot","article_modified_time":"2023-12-01T09:15:15+00:00","twitter_card":"summary_large_image","twitter_misc":{"Tahmini okuma s\u00fcresi":"3 dakika"},"schema":{"@context":"https:\/\/schema.org","@graph":[{"@type":"WebPage","@id":"https:\/\/old.junctionbot.io\/tr\/dugmeler\/","url":"https:\/\/old.junctionbot.io\/tr\/dugmeler\/","name":"Junction Bot - D\u00fc\u011fmeler","isPartOf":{"@id":"https:\/\/junctionbot.io\/#website"},"datePublished":"2020-05-01T13:29:24+00:00","dateModified":"2023-12-01T09:15:15+00:00","breadcrumb":{"@id":"https:\/\/old.junctionbot.io\/tr\/dugmeler\/#breadcrumb"},"inLanguage":"tr","potentialAction":[{"@type":"ReadAction","target":["https:\/\/old.junctionbot.io\/tr\/dugmeler\/"]}]},{"@type":"BreadcrumbList","@id":"https:\/\/old.junctionbot.io\/tr\/dugmeler\/#breadcrumb","itemListElement":[{"@type":"ListItem","position":1,"name":"Home","item":"https:\/\/junctionbot.io\/tr\/"},{"@type":"ListItem","position":2,"name":"D\u00fc\u011fmeler"}]},{"@type":"WebSite","@id":"https:\/\/junctionbot.io\/#website","url":"https:\/\/junctionbot.io\/","name":"Junction Bot","description":"Otomatik Kopyala \u0130leri D\u00f6n\u00fc\u015ft\u00fcr ve Telegram Kanal Gruplar\u0131n\u0131 ve Botlar\u0131n\u0131 \u00c7evir","publisher":{"@id":"https:\/\/junctionbot.io\/#organization"},"potentialAction":[{"@type":"SearchAction","target":{"@type":"EntryPoint","urlTemplate":"https:\/\/junctionbot.io\/?s={search_term_string}"},"query-input":{"@type":"PropertyValueSpecification","valueRequired":true,"valueName":"search_term_string"}}],"inLanguage":"tr"},{"@type":"Organization","@id":"https:\/\/junctionbot.io\/#organization","name":"Junction Bot","url":"https:\/\/junctionbot.io\/","logo":{"@type":"ImageObject","inLanguage":"tr","@id":"https:\/\/junctionbot.io\/#\/schema\/logo\/image\/","url":"\/wp-content\/uploads\/2020\/06\/junc_logo-400.jpg","contentUrl":"\/wp-content\/uploads\/2020\/06\/junc_logo-400.jpg","width":400,"height":400,"caption":"Junction Bot"},"image":{"@id":"https:\/\/junctionbot.io\/#\/schema\/logo\/image\/"}}]}},"_links":{"self":[{"href":"https:\/\/old.junctionbot.io\/tr\/wp-json\/wp\/v2\/pages\/4012","targetHints":{"allow":["GET"]}}],"collection":[{"href":"https:\/\/old.junctionbot.io\/tr\/wp-json\/wp\/v2\/pages"}],"about":[{"href":"https:\/\/old.junctionbot.io\/tr\/wp-json\/wp\/v2\/types\/page"}],"author":[{"embeddable":true,"href":"https:\/\/old.junctionbot.io\/tr\/wp-json\/wp\/v2\/users\/1"}],"replies":[{"embeddable":true,"href":"https:\/\/old.junctionbot.io\/tr\/wp-json\/wp\/v2\/comments?post=4012"}],"version-history":[{"count":1,"href":"https:\/\/old.junctionbot.io\/tr\/wp-json\/wp\/v2\/pages\/4012\/revisions"}],"predecessor-version":[{"id":4018,"href":"https:\/\/old.junctionbot.io\/tr\/wp-json\/wp\/v2\/pages\/4012\/revisions\/4018"}],"wp:attachment":[{"href":"https:\/\/old.junctionbot.io\/tr\/wp-json\/wp\/v2\/media?parent=4012"}],"curies":[{"name":"wp","href":"https:\/\/api.w.org\/{rel}","templated":true}]}}