{"id":4020,"date":"2020-04-17T11:29:29","date_gmt":"2020-04-17T09:29:29","guid":{"rendered":"https:\/\/docs.junction.space\/abonelikler\/"},"modified":"2023-12-01T11:15:16","modified_gmt":"2023-12-01T09:15:16","slug":"abonelikler","status":"publish","type":"page","link":"https:\/\/old.junctionbot.io\/tr\/abonelikler\/","title":{"rendered":"Abonelikler"},"content":{"rendered":"\n<h2 class=\"wp-block-heading\"><span class=\"ez-toc-section\" id=\"Abonelikler\"><\/span>Abonelikler<span class=\"ez-toc-section-end\"><\/span><\/h2>\n\n<p>Junction bot&#8217;u kullanarak kanallar\u0131 ve gruplar\u0131 okumak i\u00e7in abone olabilirsiniz &#8211; buna <strong>abonelik <\/strong>diyoruz. Birka\u00e7 kayna\u011f\u0131 tek bir besleme olarak okuyabilirsiniz. Yine de kelimenin tam anlam\u0131yla &#8220;bir&#8221; demek de\u011fildir! \u0130stedi\u011finiz kadar besleme olu\u015fturabilirsiniz. \u00d6rne\u011fin, farkl\u0131 kaynaklar\u0131 konuya g\u00f6re grupland\u0131rmak i\u00e7in (en sevdi\u011finiz blog yazarlar\u0131n\u0131 i\u00e7eren feed, kripto haberlerini i\u00e7eren feed, sevimli kedileri i\u00e7eren feed vb.)<\/p>\n\n<p>S\u0131n\u0131rlamalar ve fiyatlar i\u00e7in l\u00fctfen <a href=\"\/tr\/dogru-hesap-turunu-secme\/\">buray\u0131<\/a> kontrol edin.<\/p>\n\n<h3 class=\"wp-block-heading\"><span class=\"ez-toc-section\" id=\"Mesajlari_tek_bir_akista_okuyun\"><\/span>Mesajlar\u0131 tek bir ak\u0131\u015fta okuyun<span class=\"ez-toc-section-end\"><\/span><\/h3>\n\n<p>\u0130lk olarak, botla arkada\u015f olun (Telegram aramas\u0131yla @junction_bot&#8217;u bulun veya <a href=\"https:\/\/t.me\/junction_bot\">buraya<\/a> t\u0131klay\u0131n).<\/p>\n\n<ol class=\"wp-block-list\">\n<li>Eklemek istedi\u011finiz kanal\u0131n @kanal_ad\u0131 veya davet ba\u011flant\u0131s\u0131n\u0131 bota g\u00f6nderin.<\/li>\n\n\n\n<li>Kanal\u0131n ad\u0131ndan emin de\u011filseniz, sat\u0131r i\u00e7i modunu kullan\u0131n: sohbette ad\u0131m\u0131 girin &#8211; @junction_bot, sonra bo\u015fluk ve ard\u0131ndan arad\u0131\u011f\u0131n\u0131z herhangi bir \u015fey (\u00f6rne\u011fin, <code>@junction_bot bitcoin<\/code>). Size isimlerinde, ba\u015fl\u0131klar\u0131nda veya a\u00e7\u0131klamalar\u0131nda bu kelimeyi i\u00e7eren bildi\u011fim t\u00fcm kanallar\u0131 g\u00f6sterece\u011fim.<\/li>\n<\/ol>\n\n<p><strong>Bu kanala \u00fcye olmak zorunda de\u011fil<\/strong>siniz!<\/p>\n\n<p>Aboneli\u011finizle neler yapabilece\u011finizi <a href=\"\/tr\/ayarlar-ve-ozellikler\/\">buradan<\/a> g\u00f6rebilirsiniz.<\/p>\n\n<h3 class=\"wp-block-heading\"><span class=\"ez-toc-section\" id=\"Cesitli_beslemelerdeki_mesajlari_okuyun\"><\/span>\u00c7e\u015fitli beslemelerdeki mesajlar\u0131 okuyun<span class=\"ez-toc-section-end\"><\/span><\/h3>\n\n<p>Bazen gelen mesajlar\u0131 birka\u00e7 beslemede gruplamak daha uygun olur. \u00d6rne\u011fin <a href=\"\/filtering\/\">filtreleme kurallar\u0131n\u0131<\/a> kullanarak beslemelerinizi esnek bir \u015fekilde \u00f6zelle\u015ftirebilir ve bunlara farkl\u0131 ba\u015fl\u0131klar ve resimler ayarlayabilirsiniz.<\/p>\n\n<p>Birka\u00e7 besleme olu\u015fturmak i\u00e7in:<br\/><strong>1.<\/strong> Bir sohbet olu\u015fturun ve @junction_bot&#8217;u y\u00f6netici olarak davet edin. Sizden ba\u015fka hi\u00e7bir kullan\u0131c\u0131 veya bot orada olmamal\u0131d\u0131r! Bu sohbete <strong>hizmet<\/strong> sohbeti diyoruz (sadece sizin ve botun \u00fcye oldu\u011fu bir sohbet).<\/p>\n\n<p>\u0130\u015fe yaram\u0131yor mu? Baz\u0131 Telegram istemcileri bot ile bo\u015f bir sohbet olu\u015fturman\u0131za izin vermez. L\u00fctfen a\u015fa\u011f\u0131daki ge\u00e7ici \u00e7\u00f6z\u00fcm\u00fc kullan\u0131n:<br\/>a) bir sohbet olu\u015fturun ve herhangi bir ki\u015fiyi ekleyin<br\/>b) bu ki\u015fiyi uzakla\u015ft\u0131r\u0131n<br\/>c) @junction_bot&#8217;u \u00fcyelere ekleyin<br\/>Tam olarak bu s\u0131ray\u0131 koruyun!<\/p>\n\n<p><strong>2.<\/strong> Art\u0131k aboneliklerinizi ( <a href=\"#Commands\">buradaki<\/a> komut listesine bak\u0131n) ve beslemenin kendisini y\u00f6netebilirsiniz. Ak\u0131\u015f\u0131n sohbet ad\u0131n\u0131 ve resmini de\u011fi\u015ftirebilir, <a href=\"\/filtering\/\">filtreler<\/a> uygulayabilir vb.<\/p>\n\n<p>T\u00fcm servis sohbetlerinizi g\u00f6rmek i\u00e7in \/subs (eski \/list) komutunu kullan\u0131n.  <\/p>\n\n<p>Bir hizmet sohbetinde okudu\u011funuz abonelikler bu sohbette y\u00f6netilmelidir (@junction_bot ile ana sohbet de\u011fil). Aktif aboneliklerinizin say\u0131s\u0131, hizmet sohbetlerinden gelen t\u00fcm aktif aboneliklerle bot ile ana sohbetteki aboneliklerin toplam\u0131na e\u015fittir.<\/p>\n\n<p>Not: Bu beslemelerde kanallara abone olmak i\u00e7in iletilen mesajlar\u0131 kullanamazs\u0131n\u0131z. L\u00fctfen \/join@junction_bot @channel_name komutunu kullan\u0131n<\/p>\n\n<h3 class=\"wp-block-heading\"><span class=\"ez-toc-section\" id=\"Kanallara_goz_atin\"><\/span>Kanallara g\u00f6z at\u0131n<span class=\"ez-toc-section-end\"><\/span><\/h3>\n\n<p><strong>Yeni kanallar <\/strong> bulun &#8211; Junction bot, mevcut aboneli\u011finizdekilere benzer kanallar\u0131 bulma \u00f6zelli\u011fine sahiptir. Bunun i\u00e7in <span class=\"cool-title\">\/find<\/span> komutunu kullan\u0131n.<\/p>\n\n<p><strong>Kanallar\u0131 kelimeye g\u00f6re aray\u0131n<\/strong> &#8211; sat\u0131r i\u00e7i modu kullan\u0131n: Junction bot ile sohbette ad\u0131n\u0131 (@junction_bot), ard\u0131ndan bo\u015fluk ve ard\u0131ndan arad\u0131\u011f\u0131n\u0131z herhangi bir \u015feyi girin.  <\/p>\n\n<pre class=\"wp-block-preformatted\">\u00d6rnek: <code>@junction_bot bitcoin<\/code> - size ad\u0131nda, ba\u015fl\u0131\u011f\u0131nda veya a\u00e7\u0131klamas\u0131nda 'bitcoin' kelimesi ge\u00e7en kanallar\u0131n bir listesini g\u00f6sterecektir.<\/pre>\n\n<h3 class=\"wp-block-heading\"><span class=\"ez-toc-section\" id=\"Sinirlar\"><\/span>S\u0131n\u0131rlar<span class=\"ez-toc-section-end\"><\/span><\/h3>\n\n<p>Junction bot&#8217;u 100 abonelik s\u0131n\u0131r\u0131 olan bir demo ile ba\u015flat\u0131rs\u0131n\u0131z. \u00dccretsiz bir hesab\u0131n 7 abonelik s\u0131n\u0131r\u0131 vard\u0131r. Farkl\u0131 hesap t\u00fcrleri hakk\u0131nda daha fazla bilgiyi <a href=\"\/tr\/dogru-hesap-turunu-secme\/\">buradan<\/a> okuyabilirsiniz.<\/p>\n\n<pre class=\"wp-block-preformatted\"><mark style=\"background-color:rgba(0, 0, 0, 0)\" class=\"has-inline-color has-very-dark-gray-color\"><h3><span class=\"ez-toc-section\" id=\"Komutlar\"><\/span>Komutlar<span class=\"ez-toc-section-end\"><\/span><\/h3><\/mark><span class=\"cool-title\">\/join<\/span> - bir kanala abone olun.\nFormat:  <code>\/join <a data-type=\"URL\" data-id=\"\/settings-and-features\/#Referencing_a_source_channel\" href=\"\/tr\/ayarlar-ve-ozellikler\/#Referencing_a_source_channel\">channel_reference<\/a><\/code>\nEx.  <code>\/join @cool_channel<\/code> \nVEYA  <code>\/join https:\/\/t.me\/joinchat\/BzNPNEIpr5UluNgf7ahmdw<\/code>\n\n<span class=\"cool-title\">\/leave<\/span> - bir kanal\u0131n aboneli\u011finden \u00e7\u0131k\u0131n.\nFormat:  <code>\/leave <a data-type=\"URL\" data-id=\"\/settings-and-features\/#Referencing_a_source_channel\" href=\"\/tr\/ayarlar-ve-ozellikler\/#Referencing_a_source_channel\">channel_reference<\/a><\/code>\nEx.  <code>\/leave <code>@cool_channel<\/code><\/code> \nVEYA  <code>\/leave <code>https:\/\/t.me\/joinchat\/BzNPNEIpr5UluNgf7ahmdw<\/code><\/code>\n\n<span class=\"cool-title\">\/leaveall<\/span> - t\u00fcm kanallar\u0131 terk edin.\n\n<span class=\"cool-title\">\/disable<\/span> - bir kanaldan mesaj almay\u0131 durdurur.\nFormat:  <code>\/disable <a data-type=\"URL\" data-id=\"\/settings-and-features\/#Referencing_a_source_channel\" href=\"\/tr\/ayarlar-ve-ozellikler\/#Referencing_a_source_channel\">channel_reference<\/a><\/code>\nEx.  <code>\/disable https:\/\/t.me\/cool_channel<\/code>\n\n<span class=\"cool-title\">\/enable<\/span> - bir kanaldan mesaj almaya ba\u015flay\u0131n.\nFormat:  <code>\/enable <a data-type=\"URL\" data-id=\"\/settings-and-features\/#Referencing_a_source_channel\" href=\"\/tr\/ayarlar-ve-ozellikler\/#Referencing_a_source_channel\">channel_reference<\/a><\/code>\nEx.  <code>\/enable https:\/\/t.me\/cool_channel<\/code>\n\n<span class=\"cool-title\">\/enableall<\/span> - abone oldu\u011funuz t\u00fcm kanallardan mesaj almaya ba\u015flay\u0131n.\n\n<span class=\"cool-title\">\/disableall<\/span> - abone oldu\u011funuz t\u00fcm kanallardan mesaj almay\u0131 durdurur.\n\n<span class=\"cool-title\">\/subs<\/span> (veya ilgili men\u00fc d\u00fc\u011fmesi) - mevcut abonelikleri g\u00f6sterir. Abonelikler \"+\" veya \"-\" ile i\u015faretlenir, bu da kar\u015f\u0131l\u0131k olarak aktif veya devre d\u0131\u015f\u0131 anlam\u0131na gelir.\n\n<span class=\"cool-title\">\/find<\/span> - mevcut aboneli\u011finizdekilere benzer kanallar\u0131 bulun.<\/pre>\n\n<p>???????? Botun \u00f6zellikleri hakk\u0131nda daha fazla bilgiyi <a href=\"\/filtering\/\">buradan<\/a> okuyabilirsiniz.<\/p>\n\n<h3 class=\"wp-block-heading\"><span class=\"ez-toc-section\" id=\"Gecikmelerin_azaltilmasi\"><\/span>Gecikmelerin azalt\u0131lmas\u0131<span class=\"ez-toc-section-end\"><\/span><\/h3>\n\n<p>Standart bir hesaptaki genel kanallar i\u00e7in mesaj teslimi 1 saate kadar s\u00fcrebilir. \u00d6zel kanallardan teslimat genellikle an\u0131nda ger\u00e7ekle\u015fir, ancak nadiren, arada bir, 10-20 dakikaya kadar s\u0131\u00e7rayabilir.<\/p>\n\n<p>Kaynak kanal\u0131n\u0131z sistem i\u00e7in tamamen yeniyse ve y\u00fcksek bir y\u00fck\u00fcm\u00fcz varsa, botun ondan mesaj almaya ba\u015flamas\u0131 biraz zaman alabilir. Bir g\u00fcnden fazla s\u00fcrerse l\u00fctfen bize bildirin.<\/p>\n\n<p>Genel bir kanaldan teslimat\u0131 h\u0131zland\u0131rmak i\u00e7in bir hizmet sa\u011fl\u0131yoruz, bu nedenle birka\u00e7 saniye s\u00fcrecektir. Bu hizmetin \u00fccreti kanal ba\u015f\u0131na ayl\u0131k 1,20 \u20ac&#8217;dur. \u0130stedi\u011finiz zaman <code>\/express<\/code> komutu ile h\u0131zland\u0131rmay\u0131 etkinle\u015ftirebilir\/devre d\u0131\u015f\u0131 b\u0131rakabilirsiniz.<\/p>\n\n<p>Teslimat\u0131 an\u0131nda yapman\u0131n bir ba\u015fka yolu da <a href=\"\/direct-connection\/\">Do\u011frudan Ba\u011flant\u0131y\u0131<\/a> kullanmakt\u0131r. Do\u011frudan ba\u011flant\u0131dan gelen t\u00fcm mesajlar an\u0131nda gelir.<\/p>\n\n<p>Bu hizmetlerden biriyle ilgileniyorsan\u0131z, nas\u0131l sat\u0131n alaca\u011f\u0131n\u0131z hakk\u0131nda daha fazla bilgi i\u00e7in l\u00fctfen <a href=\"\/tr\/odeme\/#Buying_an_Extra_Package\">buraya<\/a> bak\u0131n.<\/p>\n\n<h3 class=\"wp-block-heading\"><span class=\"ez-toc-section\" id=\"Durum_%E2%80%9CBeklemede%E2%80%9D\"><\/span>Durum &#8220;Beklemede&#8221;<span class=\"ez-toc-section-end\"><\/span><\/h3>\n\n<p>Kaynak kanal\u0131n\u0131z sistem i\u00e7in tamamen yeniyse ve y\u00fcksek bir y\u00fck\u00fcm\u00fcz varsa, botun ondan mesaj almaya ba\u015flamas\u0131 biraz zaman alabilir.<\/p>\n\n<p>E\u011fer <span class=\"cool-title\">\/list<\/span> komutunu kullanarak PENDING ile i\u015faretlenmi\u015f kanallar g\u00f6r\u00fcrseniz, bu kanallar\u0131n bota ba\u011flanmay\u0131 bekledi\u011fi anlam\u0131na gelir. L\u00fctfen 10-30 dakika bekledikten sonra mesajlar gelmeye ba\u015flayacakt\u0131r.<\/p>\n\n<p>Bir g\u00fcnden fazla s\u00fcrerse l\u00fctfen bize bildirin.<\/p>\n\n<h3 class=\"wp-block-heading\"><span class=\"ez-toc-section\" id=\"Tum_abonelikleri_kaldirma\"><\/span>T\u00fcm abonelikleri kald\u0131rma<span class=\"ez-toc-section-end\"><\/span><\/h3>\n\n<p>Ge\u00e7erli sohbete olan t\u00fcm abonelikler \u015fu komutla silinebilir<br\/><code>\/leaveall<\/code><\/p>\n\n<p>Bazen art\u0131k kullan\u0131lamayan bir hizmet sohbetinin aboneliklerini silmek gerekir. Ard\u0131ndan <code>\/leaveall<\/code> adresini sohbet numaras\u0131yla birlikte arg\u00fcman olarak kullan\u0131n. \u00d6rne\u011fin:<br\/><code>\/leaveall 123456789<\/code><\/p>\n\n<h3 class=\"wp-block-heading\"><span class=\"ez-toc-section\" id=\"100den_fazla_abonelige_ihtiyaciniz_varsa\"><\/span>100&#8217;den fazla aboneli\u011fe ihtiyac\u0131n\u0131z varsa<span class=\"ez-toc-section-end\"><\/span><\/h3>\n\n<p>100&#8217;den fazla abonelik almak i\u00e7in bot ile hizmet d\u0131\u015f\u0131 bir sohbet olu\u015fturman\u0131z gerekir. Ayr\u0131 bir hesap olarak de\u011ferlendirilecek ve buna g\u00f6re ba\u011f\u0131ms\u0131z limitlere sahip olacakt\u0131r. Bu sohbette standart bir hesap sat\u0131n al\u0131rsan\u0131z, i\u00e7inde 100 abonelik daha olu\u015fturabilirsiniz.  <\/p>\n\n<p>Hizmet d\u0131\u015f\u0131 bir sohbet olu\u015fturmak i\u00e7in, sohbete kendiniz ve <a data-type=\"URL\" data-id=\"https:\/\/t.me\/junction_bot\" href=\"https:\/\/t.me\/junction_bot\">@junction_bot<\/a> d\u0131\u015f\u0131nda ba\u015fka birini eklemeniz yeterlidir: ba\u015fka bir kullan\u0131c\u0131 veya bir bot. Bundan sonra, <code>\/account<\/code> komutuyla sohbetin hizmet d\u0131\u015f\u0131 bir sohbet haline gelip gelmedi\u011fini kontrol edebilirsiniz. Sohbetin hizmet d\u0131\u015f\u0131 bir sohbet haline geldi\u011fini g\u00f6rd\u00fc\u011f\u00fcn\u00fczde, gereksiz kat\u0131l\u0131mc\u0131lar\u0131 sohbetten kald\u0131rabilirsiniz.<\/p>\n","protected":false},"excerpt":{"rendered":"<p>Abonelikler Junction bot&#8217;u kullanarak kanallar\u0131 ve gruplar\u0131 okumak i\u00e7in abone olabilirsiniz &#8211; buna abonelik diyoruz. Birka\u00e7 kayna\u011f\u0131 tek bir besleme olarak okuyabilirsiniz. Yine de kelimenin tam anlam\u0131yla &#8220;bir&#8221; demek de\u011fildir! \u0130stedi\u011finiz kadar besleme olu\u015fturabilirsiniz. \u00d6rne\u011fin, farkl\u0131 kaynaklar\u0131 konuya g\u00f6re grupland\u0131rmak i\u00e7in (en sevdi\u011finiz blog yazarlar\u0131n\u0131 i\u00e7eren feed, kripto haberlerini i\u00e7eren feed, sevimli kedileri i\u00e7eren feed [&hellip;]<\/p>\n","protected":false},"author":1,"featured_media":0,"parent":0,"menu_order":0,"comment_status":"closed","ping_status":"closed","template":"","meta":{"nf_dc_page":"","_monsterinsights_skip_tracking":false,"_monsterinsights_sitenote_active":false,"_monsterinsights_sitenote_note":"","_monsterinsights_sitenote_category":0,"ocean_post_layout":"","ocean_both_sidebars_style":"","ocean_both_sidebars_content_width":0,"ocean_both_sidebars_sidebars_width":0,"ocean_sidebar":"0","ocean_second_sidebar":"0","ocean_disable_margins":"enable","ocean_add_body_class":"","ocean_shortcode_before_top_bar":"","ocean_shortcode_after_top_bar":"","ocean_shortcode_before_header":"","ocean_shortcode_after_header":"","ocean_has_shortcode":"","ocean_shortcode_after_title":"","ocean_shortcode_before_footer_widgets":"","ocean_shortcode_after_footer_widgets":"","ocean_shortcode_before_footer_bottom":"","ocean_shortcode_after_footer_bottom":"","ocean_display_top_bar":"default","ocean_display_header":"default","ocean_header_style":"","ocean_center_header_left_menu":"0","ocean_custom_header_template":"0","ocean_custom_logo":0,"ocean_custom_retina_logo":0,"ocean_custom_logo_max_width":0,"ocean_custom_logo_tablet_max_width":0,"ocean_custom_logo_mobile_max_width":0,"ocean_custom_logo_max_height":0,"ocean_custom_logo_tablet_max_height":0,"ocean_custom_logo_mobile_max_height":0,"ocean_header_custom_menu":"0","ocean_menu_typo_font_family":"0","ocean_menu_typo_font_subset":"","ocean_menu_typo_font_size":0,"ocean_menu_typo_font_size_tablet":0,"ocean_menu_typo_font_size_mobile":0,"ocean_menu_typo_font_size_unit":"px","ocean_menu_typo_font_weight":"","ocean_menu_typo_font_weight_tablet":"","ocean_menu_typo_font_weight_mobile":"","ocean_menu_typo_transform":"","ocean_menu_typo_transform_tablet":"","ocean_menu_typo_transform_mobile":"","ocean_menu_typo_line_height":0,"ocean_menu_typo_line_height_tablet":0,"ocean_menu_typo_line_height_mobile":0,"ocean_menu_typo_line_height_unit":"","ocean_menu_typo_spacing":0,"ocean_menu_typo_spacing_tablet":0,"ocean_menu_typo_spacing_mobile":0,"ocean_menu_typo_spacing_unit":"","ocean_menu_link_color":"","ocean_menu_link_color_hover":"","ocean_menu_link_color_active":"","ocean_menu_link_background":"","ocean_menu_link_hover_background":"","ocean_menu_link_active_background":"","ocean_menu_social_links_bg":"","ocean_menu_social_hover_links_bg":"","ocean_menu_social_links_color":"","ocean_menu_social_hover_links_color":"","ocean_disable_title":"default","ocean_disable_heading":"default","ocean_post_title":"","ocean_post_subheading":"","ocean_post_title_style":"","ocean_post_title_background_color":"","ocean_post_title_background":0,"ocean_post_title_bg_image_position":"","ocean_post_title_bg_image_attachment":"","ocean_post_title_bg_image_repeat":"","ocean_post_title_bg_image_size":"","ocean_post_title_height":0,"ocean_post_title_bg_overlay":0.5,"ocean_post_title_bg_overlay_color":"","ocean_disable_breadcrumbs":"default","ocean_breadcrumbs_color":"","ocean_breadcrumbs_separator_color":"","ocean_breadcrumbs_links_color":"","ocean_breadcrumbs_links_hover_color":"","ocean_display_footer_widgets":"default","ocean_display_footer_bottom":"default","ocean_custom_footer_template":"0","footnotes":""},"class_list":["post-4020","page","type-page","status-publish","hentry","entry"],"yoast_head":"<!-- This site is optimized with the Yoast SEO plugin v26.9 - https:\/\/yoast.com\/product\/yoast-seo-wordpress\/ -->\n<title>Junction Bot - Abonelikler<\/title>\n<meta name=\"description\" content=\"Favori Telegram kanallar\u0131n\u0131z\u0131 ve gruplar\u0131n\u0131z\u0131 tek bir ak\u0131\u015fta okuyun (veya birka\u00e7 \u00f6zel ak\u0131\u015f olu\u015fturun).\" \/>\n<meta name=\"robots\" content=\"index, follow, max-snippet:-1, max-image-preview:large, max-video-preview:-1\" \/>\n<link rel=\"canonical\" href=\"https:\/\/old.junctionbot.io\/tr\/abonelikler\/\" \/>\n<meta property=\"og:locale\" content=\"tr_TR\" \/>\n<meta property=\"og:type\" content=\"article\" \/>\n<meta property=\"og:title\" content=\"Junction Bot - Abonelikler\" \/>\n<meta property=\"og:description\" content=\"Favori Telegram kanallar\u0131n\u0131z\u0131 ve gruplar\u0131n\u0131z\u0131 tek bir ak\u0131\u015fta okuyun (veya birka\u00e7 \u00f6zel ak\u0131\u015f olu\u015fturun).\" \/>\n<meta property=\"og:url\" content=\"https:\/\/old.junctionbot.io\/tr\/abonelikler\/\" \/>\n<meta property=\"og:site_name\" content=\"Junction Bot\" \/>\n<meta property=\"article:modified_time\" content=\"2023-12-01T09:15:16+00:00\" \/>\n<meta name=\"twitter:card\" content=\"summary_large_image\" \/>\n<meta name=\"twitter:label1\" content=\"Tahmini okuma s\u00fcresi\" \/>\n\t<meta name=\"twitter:data1\" content=\"6 dakika\" \/>\n<script type=\"application\/ld+json\" class=\"yoast-schema-graph\">{\"@context\":\"https:\/\/schema.org\",\"@graph\":[{\"@type\":\"WebPage\",\"@id\":\"https:\/\/old.junctionbot.io\/tr\/abonelikler\/\",\"url\":\"https:\/\/old.junctionbot.io\/tr\/abonelikler\/\",\"name\":\"Junction Bot - Abonelikler\",\"isPartOf\":{\"@id\":\"https:\/\/junctionbot.io\/#website\"},\"datePublished\":\"2020-04-17T09:29:29+00:00\",\"dateModified\":\"2023-12-01T09:15:16+00:00\",\"description\":\"Favori Telegram kanallar\u0131n\u0131z\u0131 ve gruplar\u0131n\u0131z\u0131 tek bir ak\u0131\u015fta okuyun (veya birka\u00e7 \u00f6zel ak\u0131\u015f olu\u015fturun).\",\"breadcrumb\":{\"@id\":\"https:\/\/old.junctionbot.io\/tr\/abonelikler\/#breadcrumb\"},\"inLanguage\":\"tr\",\"potentialAction\":[{\"@type\":\"ReadAction\",\"target\":[\"https:\/\/old.junctionbot.io\/tr\/abonelikler\/\"]}]},{\"@type\":\"BreadcrumbList\",\"@id\":\"https:\/\/old.junctionbot.io\/tr\/abonelikler\/#breadcrumb\",\"itemListElement\":[{\"@type\":\"ListItem\",\"position\":1,\"name\":\"Home\",\"item\":\"https:\/\/junctionbot.io\/tr\/\"},{\"@type\":\"ListItem\",\"position\":2,\"name\":\"Abonelikler\"}]},{\"@type\":\"WebSite\",\"@id\":\"https:\/\/junctionbot.io\/#website\",\"url\":\"https:\/\/junctionbot.io\/\",\"name\":\"Junction Bot\",\"description\":\"Otomatik Kopyala \u0130leri D\u00f6n\u00fc\u015ft\u00fcr ve Telegram Kanal Gruplar\u0131n\u0131 ve Botlar\u0131n\u0131 \u00c7evir\",\"publisher\":{\"@id\":\"https:\/\/junctionbot.io\/#organization\"},\"potentialAction\":[{\"@type\":\"SearchAction\",\"target\":{\"@type\":\"EntryPoint\",\"urlTemplate\":\"https:\/\/junctionbot.io\/?s={search_term_string}\"},\"query-input\":{\"@type\":\"PropertyValueSpecification\",\"valueRequired\":true,\"valueName\":\"search_term_string\"}}],\"inLanguage\":\"tr\"},{\"@type\":\"Organization\",\"@id\":\"https:\/\/junctionbot.io\/#organization\",\"name\":\"Junction Bot\",\"url\":\"https:\/\/junctionbot.io\/\",\"logo\":{\"@type\":\"ImageObject\",\"inLanguage\":\"tr\",\"@id\":\"https:\/\/junctionbot.io\/#\/schema\/logo\/image\/\",\"url\":\"\/wp-content\/uploads\/2020\/06\/junc_logo-400.jpg\",\"contentUrl\":\"\/wp-content\/uploads\/2020\/06\/junc_logo-400.jpg\",\"width\":400,\"height\":400,\"caption\":\"Junction Bot\"},\"image\":{\"@id\":\"https:\/\/junctionbot.io\/#\/schema\/logo\/image\/\"}}]}<\/script>\n<!-- \/ Yoast SEO plugin. -->","yoast_head_json":{"title":"Junction Bot - Abonelikler","description":"Favori Telegram kanallar\u0131n\u0131z\u0131 ve gruplar\u0131n\u0131z\u0131 tek bir ak\u0131\u015fta okuyun (veya birka\u00e7 \u00f6zel ak\u0131\u015f olu\u015fturun).","robots":{"index":"index","follow":"follow","max-snippet":"max-snippet:-1","max-image-preview":"max-image-preview:large","max-video-preview":"max-video-preview:-1"},"canonical":"https:\/\/old.junctionbot.io\/tr\/abonelikler\/","og_locale":"tr_TR","og_type":"article","og_title":"Junction Bot - Abonelikler","og_description":"Favori Telegram kanallar\u0131n\u0131z\u0131 ve gruplar\u0131n\u0131z\u0131 tek bir ak\u0131\u015fta okuyun (veya birka\u00e7 \u00f6zel ak\u0131\u015f olu\u015fturun).","og_url":"https:\/\/old.junctionbot.io\/tr\/abonelikler\/","og_site_name":"Junction Bot","article_modified_time":"2023-12-01T09:15:16+00:00","twitter_card":"summary_large_image","twitter_misc":{"Tahmini okuma s\u00fcresi":"6 dakika"},"schema":{"@context":"https:\/\/schema.org","@graph":[{"@type":"WebPage","@id":"https:\/\/old.junctionbot.io\/tr\/abonelikler\/","url":"https:\/\/old.junctionbot.io\/tr\/abonelikler\/","name":"Junction Bot - Abonelikler","isPartOf":{"@id":"https:\/\/junctionbot.io\/#website"},"datePublished":"2020-04-17T09:29:29+00:00","dateModified":"2023-12-01T09:15:16+00:00","description":"Favori Telegram kanallar\u0131n\u0131z\u0131 ve gruplar\u0131n\u0131z\u0131 tek bir ak\u0131\u015fta okuyun (veya birka\u00e7 \u00f6zel ak\u0131\u015f olu\u015fturun).","breadcrumb":{"@id":"https:\/\/old.junctionbot.io\/tr\/abonelikler\/#breadcrumb"},"inLanguage":"tr","potentialAction":[{"@type":"ReadAction","target":["https:\/\/old.junctionbot.io\/tr\/abonelikler\/"]}]},{"@type":"BreadcrumbList","@id":"https:\/\/old.junctionbot.io\/tr\/abonelikler\/#breadcrumb","itemListElement":[{"@type":"ListItem","position":1,"name":"Home","item":"https:\/\/junctionbot.io\/tr\/"},{"@type":"ListItem","position":2,"name":"Abonelikler"}]},{"@type":"WebSite","@id":"https:\/\/junctionbot.io\/#website","url":"https:\/\/junctionbot.io\/","name":"Junction Bot","description":"Otomatik Kopyala \u0130leri D\u00f6n\u00fc\u015ft\u00fcr ve Telegram Kanal Gruplar\u0131n\u0131 ve Botlar\u0131n\u0131 \u00c7evir","publisher":{"@id":"https:\/\/junctionbot.io\/#organization"},"potentialAction":[{"@type":"SearchAction","target":{"@type":"EntryPoint","urlTemplate":"https:\/\/junctionbot.io\/?s={search_term_string}"},"query-input":{"@type":"PropertyValueSpecification","valueRequired":true,"valueName":"search_term_string"}}],"inLanguage":"tr"},{"@type":"Organization","@id":"https:\/\/junctionbot.io\/#organization","name":"Junction Bot","url":"https:\/\/junctionbot.io\/","logo":{"@type":"ImageObject","inLanguage":"tr","@id":"https:\/\/junctionbot.io\/#\/schema\/logo\/image\/","url":"\/wp-content\/uploads\/2020\/06\/junc_logo-400.jpg","contentUrl":"\/wp-content\/uploads\/2020\/06\/junc_logo-400.jpg","width":400,"height":400,"caption":"Junction Bot"},"image":{"@id":"https:\/\/junctionbot.io\/#\/schema\/logo\/image\/"}}]}},"_links":{"self":[{"href":"https:\/\/old.junctionbot.io\/tr\/wp-json\/wp\/v2\/pages\/4020","targetHints":{"allow":["GET"]}}],"collection":[{"href":"https:\/\/old.junctionbot.io\/tr\/wp-json\/wp\/v2\/pages"}],"about":[{"href":"https:\/\/old.junctionbot.io\/tr\/wp-json\/wp\/v2\/types\/page"}],"author":[{"embeddable":true,"href":"https:\/\/old.junctionbot.io\/tr\/wp-json\/wp\/v2\/users\/1"}],"replies":[{"embeddable":true,"href":"https:\/\/old.junctionbot.io\/tr\/wp-json\/wp\/v2\/comments?post=4020"}],"version-history":[{"count":1,"href":"https:\/\/old.junctionbot.io\/tr\/wp-json\/wp\/v2\/pages\/4020\/revisions"}],"predecessor-version":[{"id":4027,"href":"https:\/\/old.junctionbot.io\/tr\/wp-json\/wp\/v2\/pages\/4020\/revisions\/4027"}],"wp:attachment":[{"href":"https:\/\/old.junctionbot.io\/tr\/wp-json\/wp\/v2\/media?parent=4020"}],"curies":[{"name":"wp","href":"https:\/\/api.w.org\/{rel}","templated":true}]}}