{"id":4022,"date":"2020-04-16T16:31:49","date_gmt":"2020-04-16T14:31:49","guid":{"rendered":"https:\/\/docs.junction.space\/odeme\/"},"modified":"2023-12-01T11:15:18","modified_gmt":"2023-12-01T09:15:18","slug":"odeme","status":"publish","type":"page","link":"https:\/\/old.junctionbot.io\/tr\/odeme\/","title":{"rendered":"\u00d6deme"},"content":{"rendered":"\n<h2 class=\"wp-block-heading\" id=\"payment\"><span class=\"ez-toc-section\" id=\"Odeme\"><\/span>\u00d6deme<span class=\"ez-toc-section-end\"><\/span><\/h2>\n\n<h3 class=\"wp-block-heading\" id=\"what-do-you-pay-for\"><span class=\"ez-toc-section\" id=\"Ne_icin_odeme_yapiyorsunuz\"><\/span>Ne i\u00e7in \u00f6deme yap\u0131yorsunuz?<span class=\"ez-toc-section-end\"><\/span><\/h3>\n\n<p>Botun temel i\u015flevleri \u00fccretsizdir. Ayr\u0131ca 2 \u00fccretli plan\u0131m\u0131z (Standart hesap ve Do\u011frudan Ba\u011flant\u0131) ve Ekstra Paketlerimiz var. L\u00fctfen kar\u015f\u0131la\u015ft\u0131rma ve fiyatlar\u0131na <a href=\"\/tr\/dogru-hesap-turunu-secme\/\">buradan<\/a> bak\u0131n\u0131z.<\/p>\n\n<h3 class=\"wp-block-heading\" id=\"payment-methods\"><span class=\"ez-toc-section\" id=\"Odeme_yontemleri\"><\/span>\u00d6deme y\u00f6ntemleri<span class=\"ez-toc-section-end\"><\/span><\/h3>\n\n<p>Kabul ediyoruz:<\/p>\n\n<ul class=\"wp-block-list\">\n<li>Banka Kartlar\u0131<\/li>\n\n\n\n<li>PayPal<\/li>\n\n\n\n<li>QIWI<\/li>\n\n\n\n<li>YooMoney<\/li>\n\n\n\n<li>GPay<\/li>\n\n\n\n<li>USDT (TRC20)<\/li>\n<\/ul>\n\n<h3 class=\"wp-block-heading\" id=\"buying-a-standard-account\"><span class=\"ez-toc-section\" id=\"Standart_hesap_satin_alma\"><\/span>Standart hesap sat\u0131n alma<span class=\"ez-toc-section-end\"><\/span><\/h3>\n\n<p><a href=\"\/tr\/dogru-hesap-turunu-secme\/\">Standart<\/a> hesap sat\u0131n almak i\u00e7in <span class=\"cool-title\">\/powerup<\/span> komutunu kullan\u0131n. Bot size \u00f6deme ba\u011flant\u0131lar\u0131 g\u00f6nderecektir. Aboneli\u011finiz ne kadar uzun olursa indiriminiz de o kadar b\u00fcy\u00fck olur.  <\/p>\n\n<p>Otomatik \u00f6demeleri etkinle\u015ftirebilirsiniz. Bot, mevcut \u00f6demenin sona ermesinden 3 g\u00fcn \u00f6nce kart\u0131n\u0131zdan otomatik olarak para \u00e7ekecektir.<\/p>\n\n<p>Hesab\u0131n\u0131z\u0131n durumunu, bir sonraki \u00f6demenin tarihini her zaman kontrol edebilir ve otomatik \u00f6demenizi <code>\/account<\/code> komutuyla y\u00f6netebilirsiniz.<\/p>\n\n<h3 class=\"wp-block-heading\"><span class=\"ez-toc-section\" id=\"Kripto_para_ile_Standart_hesap_icin_odeme_yapma\"><\/span>Kripto para ile Standart hesap i\u00e7in \u00f6deme yapma<span class=\"ez-toc-section-end\"><\/span><\/h3>\n\n<p>Kripto para kullanarak bir Standart hesap sat\u0131n almak i\u00e7in, \u00f6nce botta pro-balans\u0131n\u0131z\u0131 doldurman\u0131z ( <code>\/poweruppro<\/code> komutu) ve ard\u0131ndan <code>\/account <\/code>komutu ve ilgili d\u00fc\u011fme ile standart hesab\u0131 etkinle\u015ftirmeniz gerekir. Standart hesab\u0131n fiyat\u0131 pro-bakiyeden d\u00fc\u015f\u00fclecektir.<\/p>\n\n<h3 class=\"wp-block-heading\" id=\"buying-a-direct-connection\"><span class=\"ez-toc-section\" id=\"Dogrudan_Baglanti_Satin_Alma\"><\/span>Do\u011frudan Ba\u011flant\u0131 Sat\u0131n Alma<span class=\"ez-toc-section-end\"><\/span><\/h3>\n\n<p>Do\u011frudan Ba\u011flant\u0131 hesab\u0131 sat\u0131n almak i\u00e7in <span class=\"cool-title\">\/poweruppro<\/span> komutunu kullan\u0131n. Bunu <code>\/powerup<\/code> komutu ile kar\u0131\u015ft\u0131rmay\u0131n!<\/p>\n\n<p><a href=\"\/direct-connection\/#How_to_connect\">Nas\u0131l \u00f6deme yap\u0131laca\u011f\u0131na dair talimat<\/a>.<\/p>\n\n<p>Hesab\u0131n\u0131z\u0131n durumunu, bir sonraki \u00f6deme tarihini her zaman kontrol edebilir ve <span class=\"cool-title\">\/account<\/span> komutuyla otomatik \u00f6demenizi y\u00f6netebilirsiniz.<\/p>\n\n<h3 class=\"wp-block-heading\" id=\"buying-an-extra-package\"><span class=\"ez-toc-section\" id=\"Ekstra_Paket_Satin_Alma\"><\/span>Ekstra Paket Sat\u0131n Alma<span class=\"ez-toc-section-end\"><\/span><\/h3>\n\n<h4 class=\"wp-block-heading\" id=\"1-use-the-poweruppro-command\"><strong>1. poweruppro komutunu kullan\u0131n<\/strong><\/h4>\n\n<p><code>\/poweruppro<\/code> ile \u00f6deme yaparak paran\u0131z\u0131 s\u00f6zde profesyonel bakiyenize yat\u0131r\u0131rs\u0131n\u0131z. Paket etkinle\u015ftirildi\u011finde, ilgili tutar bu bakiyeden al\u0131nacakt\u0131r.<\/p>\n\n<p>L\u00fctfen bunu <code>\/powerup<\/code> komutu ile kar\u0131\u015ft\u0131rmay\u0131n.<\/p>\n\n<pre class=\"wp-block-preformatted\"><span class=\"cool-title\">\/poweruppro<\/span> - bir hizmet sat\u0131n al\u0131n (c\u00fczdan\u0131 doldurun)\nFormat:  <code>\/poweruppro top up amount (in euro)<\/code>\n\u00d6rnek: <code>\/poweruppro 12<\/code> - 12 \u20ac \u00f6deyin\n         <code>\/poweruppro 1.6<\/code>  - 1,60 \u20ac \u00f6deyin<\/pre>\n\n<p><a href=\"\/tr\/dogru-hesap-turunu-secme\/#Extra_packages\">T\u00fcm Ekstra Paketlerin listesi ve fiyatlar\u0131<\/a>.<\/p>\n\n<h4 class=\"wp-block-heading\" id=\"2-follow-the-link-to-the-payment-page-on-our-website\">2. Web sitemizdeki \u00d6deme sayfas\u0131na giden ba\u011flant\u0131y\u0131 takip edin<\/h4>\n\n<p>Se\u00e7eneklerden birini se\u00e7in:<\/p>\n\n<ul class=\"wp-block-list\">\n<li><strong> tek sefer<\/strong>lik bir<strong> \u00f6deme<\/strong> yap\u0131n.<\/li>\n\n\n\n<li><strong>periyodik<\/strong> bir <strong>\u00f6deme<\/strong> belirleyin. Daha sonra bu \u00f6deme, mevcut \u00f6demenin sona ermesinden 3 g\u00fcn \u00f6nce tekrarlanacakt\u0131r. Otomatik \u00f6demeyi \/hesap ayarlar\u0131n\u0131zdan her zaman kapatabilirsiniz.<\/li>\n<\/ul>\n\n<h4 class=\"wp-block-heading\" id=\"3-activate-it-with-the-command-account\">3. Komutu ile etkinle\u015ftirin \/account<\/h4>\n\n<p>Ek paketinizi etkinle\u015ftirmek i\u00e7in \/account komutunu ve ard\u0131ndan ilgili d\u00fc\u011fmeyi kullan\u0131n.<\/p>\n\n<p>Ayr\u0131ca, \/account komutu ile hesab\u0131n\u0131z\u0131n durumunu, bir sonraki \u00f6demenin tarihini her zaman kontrol edebilir ve otomatik \u00f6demenizi y\u00f6netebilirsiniz.<\/p>\n\n<h3 class=\"wp-block-heading\"><span class=\"ez-toc-section\" id=\"Bonus_sistemi\"><\/span>Bonus sistemi<span class=\"ez-toc-section-end\"><\/span><\/h3>\n\n<p>Pro bakiyenize belirli bir miktar y\u00fcklerseniz, bir bonus al\u0131rs\u0131n\u0131z:<br\/>E\u011fer 32 \u20ac \u00f6derseniz, 4 \u20ac bonus al\u0131rs\u0131n\u0131z, b\u00f6ylece hesab\u0131n\u0131za 36 \u20ac ge\u00e7er.<br\/>E\u011fer 98 \u20ac \u00f6derseniz, 46 \u20ac bonus al\u0131rs\u0131n\u0131z, b\u00f6ylece hesab\u0131n\u0131za 144 \u20ac ge\u00e7er.<\/p>\n\n<p>\u015eu indirim sistemine sahip oldu\u011funuz s\u00f6ylenebilir: 3 ayl\u0131k \u00f6demeyi bir kerede yaparsan\u0131z, maliyet 32 \u20ac olacakt\u0131r; 1 y\u0131ll\u0131k \u00f6deme yaparsan\u0131z, maliyet 98 \u20ac olacakt\u0131r. \u00d6rne\u011fin 12 ay boyunca do\u011frudan ba\u011flant\u0131 sat\u0131n almak i\u00e7in <code>\/poweruppro 98<\/code> adresinden y\u00fckleme yapman\u0131z yeterlidir. Hesab\u0131n\u0131za 144 \u20ac (= 12 ay x 12 \u20ac) yat\u0131r\u0131lacakt\u0131r.<\/p>\n\n<p>Do\u011frudan ba\u011flant\u0131 her zaman 12 \u20ac tutar\u0131ndad\u0131r. \u0130ndirimler yaln\u0131zca y\u00fckleme s\u0131ras\u0131nda bonuslar arac\u0131l\u0131\u011f\u0131yla uygulan\u0131r.<\/p>\n\n<h3 class=\"wp-block-heading\" id=\"automatic-payments\"><span class=\"ez-toc-section\" id=\"Otomatik_odemeler\"><\/span>Otomatik \u00f6demeler<span class=\"ez-toc-section-end\"><\/span><\/h3>\n\n<p>Otomatik \u00f6demeleri etkinle\u015ftirebilirsiniz. Bot, mevcut \u00f6demenin sona ermesinden 3 g\u00fcn \u00f6nce kart\u0131n\u0131zdan otomatik olarak para \u00e7ekecektir.<\/p>\n\n<p>Otomatik \u00f6demeler yaln\u0131zca banka kartlar\u0131 i\u00e7in ge\u00e7erlidir.<\/p>\n","protected":false},"excerpt":{"rendered":"<p>\u00d6deme Ne i\u00e7in \u00f6deme yap\u0131yorsunuz? Botun temel i\u015flevleri \u00fccretsizdir. Ayr\u0131ca 2 \u00fccretli plan\u0131m\u0131z (Standart hesap ve Do\u011frudan Ba\u011flant\u0131) ve Ekstra Paketlerimiz var. L\u00fctfen kar\u015f\u0131la\u015ft\u0131rma ve fiyatlar\u0131na buradan bak\u0131n\u0131z. \u00d6deme y\u00f6ntemleri Kabul ediyoruz: Standart hesap sat\u0131n alma Standart hesap sat\u0131n almak i\u00e7in \/powerup komutunu kullan\u0131n. Bot size \u00f6deme ba\u011flant\u0131lar\u0131 g\u00f6nderecektir. Aboneli\u011finiz ne kadar uzun olursa indiriminiz [&hellip;]<\/p>\n","protected":false},"author":1,"featured_media":0,"parent":0,"menu_order":0,"comment_status":"closed","ping_status":"closed","template":"","meta":{"nf_dc_page":"","_monsterinsights_skip_tracking":false,"_monsterinsights_sitenote_active":false,"_monsterinsights_sitenote_note":"","_monsterinsights_sitenote_category":0,"ocean_post_layout":"","ocean_both_sidebars_style":"","ocean_both_sidebars_content_width":0,"ocean_both_sidebars_sidebars_width":0,"ocean_sidebar":"0","ocean_second_sidebar":"0","ocean_disable_margins":"enable","ocean_add_body_class":"","ocean_shortcode_before_top_bar":"","ocean_shortcode_after_top_bar":"","ocean_shortcode_before_header":"","ocean_shortcode_after_header":"","ocean_has_shortcode":"","ocean_shortcode_after_title":"","ocean_shortcode_before_footer_widgets":"","ocean_shortcode_after_footer_widgets":"","ocean_shortcode_before_footer_bottom":"","ocean_shortcode_after_footer_bottom":"","ocean_display_top_bar":"default","ocean_display_header":"default","ocean_header_style":"","ocean_center_header_left_menu":"0","ocean_custom_header_template":"0","ocean_custom_logo":0,"ocean_custom_retina_logo":0,"ocean_custom_logo_max_width":0,"ocean_custom_logo_tablet_max_width":0,"ocean_custom_logo_mobile_max_width":0,"ocean_custom_logo_max_height":0,"ocean_custom_logo_tablet_max_height":0,"ocean_custom_logo_mobile_max_height":0,"ocean_header_custom_menu":"0","ocean_menu_typo_font_family":"0","ocean_menu_typo_font_subset":"","ocean_menu_typo_font_size":0,"ocean_menu_typo_font_size_tablet":0,"ocean_menu_typo_font_size_mobile":0,"ocean_menu_typo_font_size_unit":"px","ocean_menu_typo_font_weight":"","ocean_menu_typo_font_weight_tablet":"","ocean_menu_typo_font_weight_mobile":"","ocean_menu_typo_transform":"","ocean_menu_typo_transform_tablet":"","ocean_menu_typo_transform_mobile":"","ocean_menu_typo_line_height":0,"ocean_menu_typo_line_height_tablet":0,"ocean_menu_typo_line_height_mobile":0,"ocean_menu_typo_line_height_unit":"","ocean_menu_typo_spacing":0,"ocean_menu_typo_spacing_tablet":0,"ocean_menu_typo_spacing_mobile":0,"ocean_menu_typo_spacing_unit":"","ocean_menu_link_color":"","ocean_menu_link_color_hover":"","ocean_menu_link_color_active":"","ocean_menu_link_background":"","ocean_menu_link_hover_background":"","ocean_menu_link_active_background":"","ocean_menu_social_links_bg":"","ocean_menu_social_hover_links_bg":"","ocean_menu_social_links_color":"","ocean_menu_social_hover_links_color":"","ocean_disable_title":"default","ocean_disable_heading":"default","ocean_post_title":"","ocean_post_subheading":"","ocean_post_title_style":"","ocean_post_title_background_color":"","ocean_post_title_background":0,"ocean_post_title_bg_image_position":"","ocean_post_title_bg_image_attachment":"","ocean_post_title_bg_image_repeat":"","ocean_post_title_bg_image_size":"","ocean_post_title_height":0,"ocean_post_title_bg_overlay":0.5,"ocean_post_title_bg_overlay_color":"","ocean_disable_breadcrumbs":"default","ocean_breadcrumbs_color":"","ocean_breadcrumbs_separator_color":"","ocean_breadcrumbs_links_color":"","ocean_breadcrumbs_links_hover_color":"","ocean_display_footer_widgets":"default","ocean_display_footer_bottom":"default","ocean_custom_footer_template":"0","footnotes":""},"class_list":["post-4022","page","type-page","status-publish","hentry","entry"],"yoast_head":"<!-- This site is optimized with the Yoast SEO plugin v26.9 - https:\/\/yoast.com\/product\/yoast-seo-wordpress\/ -->\n<title>Junction Bot - \u00d6deme<\/title>\n<meta name=\"robots\" content=\"index, follow, max-snippet:-1, max-image-preview:large, max-video-preview:-1\" \/>\n<link rel=\"canonical\" href=\"https:\/\/old.junctionbot.io\/tr\/odeme\/\" \/>\n<meta property=\"og:locale\" content=\"tr_TR\" \/>\n<meta property=\"og:type\" content=\"article\" \/>\n<meta property=\"og:title\" content=\"Junction Bot - \u00d6deme\" \/>\n<meta property=\"og:description\" content=\"\u00d6deme Ne i\u00e7in \u00f6deme yap\u0131yorsunuz? Botun temel i\u015flevleri \u00fccretsizdir. Ayr\u0131ca 2 \u00fccretli plan\u0131m\u0131z (Standart hesap ve Do\u011frudan Ba\u011flant\u0131) ve Ekstra Paketlerimiz var. L\u00fctfen kar\u015f\u0131la\u015ft\u0131rma ve fiyatlar\u0131na buradan bak\u0131n\u0131z. \u00d6deme y\u00f6ntemleri Kabul ediyoruz: Standart hesap sat\u0131n alma Standart hesap sat\u0131n almak i\u00e7in \/powerup komutunu kullan\u0131n. Bot size \u00f6deme ba\u011flant\u0131lar\u0131 g\u00f6nderecektir. Aboneli\u011finiz ne kadar uzun olursa indiriminiz [&hellip;]\" \/>\n<meta property=\"og:url\" content=\"https:\/\/old.junctionbot.io\/tr\/odeme\/\" \/>\n<meta property=\"og:site_name\" content=\"Junction Bot\" \/>\n<meta property=\"article:modified_time\" content=\"2023-12-01T09:15:18+00:00\" \/>\n<meta name=\"twitter:card\" content=\"summary_large_image\" \/>\n<meta name=\"twitter:label1\" content=\"Tahmini okuma s\u00fcresi\" \/>\n\t<meta name=\"twitter:data1\" content=\"3 dakika\" \/>\n<script type=\"application\/ld+json\" class=\"yoast-schema-graph\">{\"@context\":\"https:\/\/schema.org\",\"@graph\":[{\"@type\":\"WebPage\",\"@id\":\"https:\/\/old.junctionbot.io\/tr\/odeme\/\",\"url\":\"https:\/\/old.junctionbot.io\/tr\/odeme\/\",\"name\":\"Junction Bot - \u00d6deme\",\"isPartOf\":{\"@id\":\"https:\/\/junctionbot.io\/#website\"},\"datePublished\":\"2020-04-16T14:31:49+00:00\",\"dateModified\":\"2023-12-01T09:15:18+00:00\",\"breadcrumb\":{\"@id\":\"https:\/\/old.junctionbot.io\/tr\/odeme\/#breadcrumb\"},\"inLanguage\":\"tr\",\"potentialAction\":[{\"@type\":\"ReadAction\",\"target\":[\"https:\/\/old.junctionbot.io\/tr\/odeme\/\"]}]},{\"@type\":\"BreadcrumbList\",\"@id\":\"https:\/\/old.junctionbot.io\/tr\/odeme\/#breadcrumb\",\"itemListElement\":[{\"@type\":\"ListItem\",\"position\":1,\"name\":\"Home\",\"item\":\"https:\/\/junctionbot.io\/tr\/\"},{\"@type\":\"ListItem\",\"position\":2,\"name\":\"\u00d6deme\"}]},{\"@type\":\"WebSite\",\"@id\":\"https:\/\/junctionbot.io\/#website\",\"url\":\"https:\/\/junctionbot.io\/\",\"name\":\"Junction Bot\",\"description\":\"Otomatik Kopyala \u0130leri D\u00f6n\u00fc\u015ft\u00fcr ve Telegram Kanal Gruplar\u0131n\u0131 ve Botlar\u0131n\u0131 \u00c7evir\",\"publisher\":{\"@id\":\"https:\/\/junctionbot.io\/#organization\"},\"potentialAction\":[{\"@type\":\"SearchAction\",\"target\":{\"@type\":\"EntryPoint\",\"urlTemplate\":\"https:\/\/junctionbot.io\/?s={search_term_string}\"},\"query-input\":{\"@type\":\"PropertyValueSpecification\",\"valueRequired\":true,\"valueName\":\"search_term_string\"}}],\"inLanguage\":\"tr\"},{\"@type\":\"Organization\",\"@id\":\"https:\/\/junctionbot.io\/#organization\",\"name\":\"Junction Bot\",\"url\":\"https:\/\/junctionbot.io\/\",\"logo\":{\"@type\":\"ImageObject\",\"inLanguage\":\"tr\",\"@id\":\"https:\/\/junctionbot.io\/#\/schema\/logo\/image\/\",\"url\":\"\/wp-content\/uploads\/2020\/06\/junc_logo-400.jpg\",\"contentUrl\":\"\/wp-content\/uploads\/2020\/06\/junc_logo-400.jpg\",\"width\":400,\"height\":400,\"caption\":\"Junction Bot\"},\"image\":{\"@id\":\"https:\/\/junctionbot.io\/#\/schema\/logo\/image\/\"}}]}<\/script>\n<!-- \/ Yoast SEO plugin. -->","yoast_head_json":{"title":"Junction Bot - \u00d6deme","robots":{"index":"index","follow":"follow","max-snippet":"max-snippet:-1","max-image-preview":"max-image-preview:large","max-video-preview":"max-video-preview:-1"},"canonical":"https:\/\/old.junctionbot.io\/tr\/odeme\/","og_locale":"tr_TR","og_type":"article","og_title":"Junction Bot - \u00d6deme","og_description":"\u00d6deme Ne i\u00e7in \u00f6deme yap\u0131yorsunuz? Botun temel i\u015flevleri \u00fccretsizdir. Ayr\u0131ca 2 \u00fccretli plan\u0131m\u0131z (Standart hesap ve Do\u011frudan Ba\u011flant\u0131) ve Ekstra Paketlerimiz var. L\u00fctfen kar\u015f\u0131la\u015ft\u0131rma ve fiyatlar\u0131na buradan bak\u0131n\u0131z. \u00d6deme y\u00f6ntemleri Kabul ediyoruz: Standart hesap sat\u0131n alma Standart hesap sat\u0131n almak i\u00e7in \/powerup komutunu kullan\u0131n. Bot size \u00f6deme ba\u011flant\u0131lar\u0131 g\u00f6nderecektir. Aboneli\u011finiz ne kadar uzun olursa indiriminiz [&hellip;]","og_url":"https:\/\/old.junctionbot.io\/tr\/odeme\/","og_site_name":"Junction Bot","article_modified_time":"2023-12-01T09:15:18+00:00","twitter_card":"summary_large_image","twitter_misc":{"Tahmini okuma s\u00fcresi":"3 dakika"},"schema":{"@context":"https:\/\/schema.org","@graph":[{"@type":"WebPage","@id":"https:\/\/old.junctionbot.io\/tr\/odeme\/","url":"https:\/\/old.junctionbot.io\/tr\/odeme\/","name":"Junction Bot - \u00d6deme","isPartOf":{"@id":"https:\/\/junctionbot.io\/#website"},"datePublished":"2020-04-16T14:31:49+00:00","dateModified":"2023-12-01T09:15:18+00:00","breadcrumb":{"@id":"https:\/\/old.junctionbot.io\/tr\/odeme\/#breadcrumb"},"inLanguage":"tr","potentialAction":[{"@type":"ReadAction","target":["https:\/\/old.junctionbot.io\/tr\/odeme\/"]}]},{"@type":"BreadcrumbList","@id":"https:\/\/old.junctionbot.io\/tr\/odeme\/#breadcrumb","itemListElement":[{"@type":"ListItem","position":1,"name":"Home","item":"https:\/\/junctionbot.io\/tr\/"},{"@type":"ListItem","position":2,"name":"\u00d6deme"}]},{"@type":"WebSite","@id":"https:\/\/junctionbot.io\/#website","url":"https:\/\/junctionbot.io\/","name":"Junction Bot","description":"Otomatik Kopyala \u0130leri D\u00f6n\u00fc\u015ft\u00fcr ve Telegram Kanal Gruplar\u0131n\u0131 ve Botlar\u0131n\u0131 \u00c7evir","publisher":{"@id":"https:\/\/junctionbot.io\/#organization"},"potentialAction":[{"@type":"SearchAction","target":{"@type":"EntryPoint","urlTemplate":"https:\/\/junctionbot.io\/?s={search_term_string}"},"query-input":{"@type":"PropertyValueSpecification","valueRequired":true,"valueName":"search_term_string"}}],"inLanguage":"tr"},{"@type":"Organization","@id":"https:\/\/junctionbot.io\/#organization","name":"Junction Bot","url":"https:\/\/junctionbot.io\/","logo":{"@type":"ImageObject","inLanguage":"tr","@id":"https:\/\/junctionbot.io\/#\/schema\/logo\/image\/","url":"\/wp-content\/uploads\/2020\/06\/junc_logo-400.jpg","contentUrl":"\/wp-content\/uploads\/2020\/06\/junc_logo-400.jpg","width":400,"height":400,"caption":"Junction Bot"},"image":{"@id":"https:\/\/junctionbot.io\/#\/schema\/logo\/image\/"}}]}},"_links":{"self":[{"href":"https:\/\/old.junctionbot.io\/tr\/wp-json\/wp\/v2\/pages\/4022","targetHints":{"allow":["GET"]}}],"collection":[{"href":"https:\/\/old.junctionbot.io\/tr\/wp-json\/wp\/v2\/pages"}],"about":[{"href":"https:\/\/old.junctionbot.io\/tr\/wp-json\/wp\/v2\/types\/page"}],"author":[{"embeddable":true,"href":"https:\/\/old.junctionbot.io\/tr\/wp-json\/wp\/v2\/users\/1"}],"replies":[{"embeddable":true,"href":"https:\/\/old.junctionbot.io\/tr\/wp-json\/wp\/v2\/comments?post=4022"}],"version-history":[{"count":1,"href":"https:\/\/old.junctionbot.io\/tr\/wp-json\/wp\/v2\/pages\/4022\/revisions"}],"predecessor-version":[{"id":4028,"href":"https:\/\/old.junctionbot.io\/tr\/wp-json\/wp\/v2\/pages\/4022\/revisions\/4028"}],"wp:attachment":[{"href":"https:\/\/old.junctionbot.io\/tr\/wp-json\/wp\/v2\/media?parent=4022"}],"curies":[{"name":"wp","href":"https:\/\/api.w.org\/{rel}","templated":true}]}}